{"id":16707,"date":"2026-03-16T22:30:35","date_gmt":"2026-03-16T22:30:35","guid":{"rendered":"https:\/\/www.vazy.market\/?post_type=product&#038;p=16707"},"modified":"2026-03-25T09:36:03","modified_gmt":"2026-03-25T09:36:03","slug":"itel-a58-lite-4g-6-3-32go2go-5mpqvga-fhd5mp-fhd-dual-nano-sim-4000mah","status":"publish","type":"product","link":"https:\/\/www.vazy.market\/index.php\/product\/itel-a58-lite-4g-6-3-32go2go-5mpqvga-fhd5mp-fhd-dual-nano-sim-4000mah\/","title":{"rendered":"\ud83d\udcf1 ITEL A58 LITE 4G &#8211; 6.3&Prime; &#8211; 32Go|2Go &#8211; 5MP+QVGA FHD|5MP FHD &#8211; Dual Nano SIM &#8211; 4000mAh"},"content":{"rendered":"<div class=\"flex h-svh w-screen flex-col\">\n<div class=\"relative z-0 flex min-h-0 w-full flex-1\">\n<div class=\"relative flex min-h-0 w-full flex-1\">\n<div class=\"@container\/main relative flex min-w-0 flex-1 flex-col -translate-y-[calc(env(safe-area-inset-bottom,0px)\/2)] pt-[calc(env(safe-area-inset-bottom,0px)\/2)]\">\n<div class=\"@w-sm\/main:[scrollbar-gutter:stable_both-edges] touch:[scrollbar-width:none] relative flex min-h-0 min-w-0 flex-1 flex-col [scrollbar-gutter:stable] not-print:overflow-x-clip not-print:overflow-y-auto scroll-pt-(--header-height) [--sticky-padding-top:var(--header-height)] has-data-[fixed-header=less-than-xl]:@w-xl\/main:scroll-pt-0 has-data-[fixed-header=less-than-xl]:@w-xl\/main:[--sticky-padding-top:0px] has-data-[fixed-header=less-than-xxl]:@w-2xl\/main:scroll-pt-0 has-data-[fixed-header=less-than-xxl]:@w-2xl\/main:[--sticky-padding-top:0px]\" data-scroll-root=\"\"><main id=\"main\" class=\"min-h-0 flex-1\"><\/p>\n<div id=\"thread\" class=\"group\/thread flex flex-col min-h-full\">\n<div class=\"composer-parent flex flex-1 flex-col focus-visible:outline-0\" role=\"presentation\">\n<div class=\"relative basis-auto flex-col -mb-(--composer-overlap-px) [--composer-overlap-px:28px] grow flex\">\n<div class=\"flex flex-col text-sm pb-25\">\n<article class=\"text-token-text-primary w-full focus:outline-none [--shadow-height:45px] has-data-writing-block:pointer-events-none has-data-writing-block:-mt-(--shadow-height) has-data-writing-block:pt-(--shadow-height) [&amp;:has([data-writing-block])&gt;*]:pointer-events-auto scroll-mt-[calc(var(--header-height)+min(200px,max(70px,20svh)))]\" dir=\"auto\" tabindex=\"-1\" data-turn-id=\"ca726673-a26a-4160-a192-a148d73b4c40\" data-testid=\"conversation-turn-230\" data-scroll-anchor=\"true\" data-turn=\"assistant\">\n<div class=\"text-base my-auto mx-auto pb-10 [--thread-content-margin:var(--thread-content-margin-xs,calc(var(--spacing)*4))] @w-sm\/main:[--thread-content-margin:var(--thread-content-margin-sm,calc(var(--spacing)*6))] @w-lg\/main:[--thread-content-margin:var(--thread-content-margin-lg,calc(var(--spacing)*16))] px-(--thread-content-margin)\">\n<div class=\"[--thread-content-max-width:40rem] @w-lg\/main:[--thread-content-max-width:48rem] mx-auto max-w-(--thread-content-max-width) flex-1 group\/turn-messages focus-visible:outline-hidden relative flex w-full min-w-0 flex-col agent-turn\" tabindex=\"-1\">\n<div class=\"flex max-w-full flex-col gap-4 grow\">\n<div class=\"min-h-8 text-message relative flex w-full flex-col items-end gap-2 text-start break-words whitespace-normal [.text-message+&amp;]:mt-1\" dir=\"auto\" data-message-author-role=\"assistant\" data-message-id=\"85a4da9c-ba28-4874-8a1f-edda32ebf29e\" data-message-model-slug=\"gpt-5-3\">\n<div class=\"flex w-full flex-col gap-1 empty:hidden\">\n<div class=\"markdown prose dark:prose-invert w-full wrap-break-word light markdown-new-styling\">\n<p data-start=\"95\" data-end=\"474\">D\u00e9couvrez le <strong data-start=\"108\" data-end=\"125\">Itel A58 Lite<\/strong>, un smartphone \u00e9conomique con\u00e7u pour offrir <strong data-start=\"170\" data-end=\"273\">un grand \u00e9cran confortable, une autonomie correcte et les fonctionnalit\u00e9s essentielles du quotidien<\/strong>. Son <strong data-start=\"279\" data-end=\"337\">\u00e9cran IPS LCD de 6.3 pouces HD+ avec encoche Waterdrop<\/strong> permet de profiter confortablement des vid\u00e9os, de la navigation internet et des r\u00e9seaux sociaux.<\/p>\n<p data-start=\"476\" data-end=\"707\">Propuls\u00e9 par un <strong data-start=\"492\" data-end=\"539\">processeur Quad-Core 1.3 GHz et 2 Go de RAM<\/strong>, ce smartphone assure une utilisation stable pour les t\u00e2ches quotidiennes comme les appels, WhatsApp, Facebook ou YouTube Lite.<\/p>\n<p data-start=\"709\" data-end=\"992\">Il dispose de <strong data-start=\"723\" data-end=\"767\">32 Go de stockage extensible via microSD<\/strong>, permettant de conserver facilement photos, vid\u00e9os et applications. Sa <strong data-start=\"839\" data-end=\"863\">batterie de 4000 mAh<\/strong> offre une autonomie suffisante pour tenir toute la journ\u00e9e avec une utilisation mod\u00e9r\u00e9e.<\/p>\n<hr data-start=\"994\" data-end=\"997\" \/>\n<h1 data-section-id=\"gug16d\" data-start=\"999\" data-end=\"1015\">\u2b50 Points forts<\/h1>\n<p data-start=\"1017\" data-end=\"1348\">\u2714 \ud83d\udcf1 <strong data-start=\"1022\" data-end=\"1058\">\u00c9cran IPS LCD 6.3&Prime; HD+ Waterdrop<\/strong><br data-start=\"1058\" data-end=\"1061\" \/>\u2714 \ud83d\udcf8 <strong data-start=\"1066\" data-end=\"1113\">Double cam\u00e9ra arri\u00e8re avec effet profondeur<\/strong><br data-start=\"1113\" data-end=\"1116\" \/>\u2714 \u26a1 <strong data-start=\"1120\" data-end=\"1152\">Processeur Quad-Core 1.3 GHz<\/strong><br data-start=\"1152\" data-end=\"1155\" \/>\u2714 \ud83d\udd0b <strong data-start=\"1160\" data-end=\"1194\">Batterie 4000 mAh longue dur\u00e9e<\/strong><br data-start=\"1194\" data-end=\"1197\" \/>\u2714 \ud83d\udcf6 <strong data-start=\"1202\" data-end=\"1245\">Compatible r\u00e9seau 4G \/ 3G selon version<\/strong><br data-start=\"1245\" data-end=\"1248\" \/>\u2714 \ud83d\udd10 <strong data-start=\"1253\" data-end=\"1299\">Capteur d\u2019empreinte digitale + Face Unlock<\/strong><br data-start=\"1299\" data-end=\"1302\" \/>\u2714 \ud83d\udcbe <strong data-start=\"1307\" data-end=\"1348\">Stockage extensible via carte microSD<\/strong><\/p>\n<hr data-start=\"1350\" data-end=\"1353\" \/>\n<h1 data-section-id=\"ys7y0m\" data-start=\"1355\" data-end=\"1366\">\ud83d\udcf8 Cam\u00e9ra<\/h1>\n<ul data-start=\"1368\" data-end=\"1541\">\n<li data-section-id=\"1yx4xma\" data-start=\"1368\" data-end=\"1403\">\n<p data-start=\"1370\" data-end=\"1403\">\ud83d\udcf7 <strong data-start=\"1373\" data-end=\"1401\">Cam\u00e9ra principale : 5 MP<\/strong><\/p>\n<\/li>\n<li data-section-id=\"ui524n\" data-start=\"1404\" data-end=\"1440\">\n<p data-start=\"1406\" data-end=\"1440\">\ud83d\udce1 <strong data-start=\"1409\" data-end=\"1438\">Capteur profondeur : QVGA<\/strong><\/p>\n<\/li>\n<li data-section-id=\"1fsuj2j\" data-start=\"1441\" data-end=\"1474\">\n<p data-start=\"1443\" data-end=\"1474\">\ud83e\udd33 <strong data-start=\"1446\" data-end=\"1472\">Cam\u00e9ra frontale : 5 MP<\/strong><\/p>\n<\/li>\n<li data-section-id=\"1n8225p\" data-start=\"1475\" data-end=\"1541\">\n<p data-start=\"1477\" data-end=\"1541\">\ud83c\udfa5 <strong data-start=\"1480\" data-end=\"1501\">Vid\u00e9o : HD \/ 720p<\/strong><\/p>\n<\/li>\n<\/ul>\n<hr data-start=\"1543\" data-end=\"1546\" \/>\n<h1 data-section-id=\"1gx1fos\" data-start=\"1548\" data-end=\"1568\">\ud83d\udcca Fiche Technique<\/h1>\n<div class=\"TyagGW_tableContainer\">\n<div class=\"group TyagGW_tableWrapper flex flex-col-reverse w-fit\" tabindex=\"-1\">\n<table class=\"w-fit min-w-(--thread-content-width)\" data-start=\"1570\" data-end=\"2092\">\n<thead data-start=\"1570\" data-end=\"1599\">\n<tr data-start=\"1570\" data-end=\"1599\">\n<th class=\"\" data-start=\"1570\" data-end=\"1588\" data-col-size=\"sm\">Caract\u00e9ristique<\/th>\n<th class=\"\" data-start=\"1588\" data-end=\"1599\" data-col-size=\"sm\">D\u00e9tails<\/th>\n<\/tr>\n<\/thead>\n<tbody data-start=\"1610\" data-end=\"2092\">\n<tr data-start=\"1610\" data-end=\"1627\">\n<td data-start=\"1610\" data-end=\"1619\" data-col-size=\"sm\">Marque<\/td>\n<td data-start=\"1619\" data-end=\"1627\" data-col-size=\"sm\">Itel<\/td>\n<\/tr>\n<tr data-start=\"1628\" data-end=\"1653\">\n<td data-start=\"1628\" data-end=\"1637\" data-col-size=\"sm\">Mod\u00e8le<\/td>\n<td data-start=\"1637\" data-end=\"1653\" data-col-size=\"sm\"><strong data-start=\"1639\" data-end=\"1651\">A58 Lite<\/strong><\/td>\n<\/tr>\n<tr data-start=\"1654\" data-end=\"1690\">\n<td data-start=\"1654\" data-end=\"1663\" data-col-size=\"sm\">R\u00e9seau<\/td>\n<td data-start=\"1663\" data-end=\"1690\" data-col-size=\"sm\">4G \/ 3G (selon version)<\/td>\n<\/tr>\n<tr data-start=\"1691\" data-end=\"1725\">\n<td data-start=\"1691\" data-end=\"1699\" data-col-size=\"sm\">\u00c9cran<\/td>\n<td data-start=\"1699\" data-end=\"1725\" data-col-size=\"sm\"><strong data-start=\"1701\" data-end=\"1723\">6.3 pouces IPS LCD<\/strong><\/td>\n<\/tr>\n<tr data-start=\"1726\" data-end=\"1759\">\n<td data-start=\"1726\" data-end=\"1739\" data-col-size=\"sm\">R\u00e9solution<\/td>\n<td data-start=\"1739\" data-end=\"1759\" data-col-size=\"sm\">720 \u00d7 1600 (HD+)<\/td>\n<\/tr>\n<tr data-start=\"1760\" data-end=\"1798\">\n<td data-start=\"1760\" data-end=\"1773\" data-col-size=\"sm\">Processeur<\/td>\n<td data-start=\"1773\" data-end=\"1798\" data-col-size=\"sm\"><strong data-start=\"1775\" data-end=\"1796\">Quad-Core 1.3 GHz<\/strong><\/td>\n<\/tr>\n<tr data-start=\"1799\" data-end=\"1817\">\n<td data-start=\"1799\" data-end=\"1805\" data-col-size=\"sm\">RAM<\/td>\n<td data-start=\"1805\" data-end=\"1817\" data-col-size=\"sm\"><strong data-start=\"1807\" data-end=\"1815\">2 Go<\/strong><\/td>\n<\/tr>\n<tr data-start=\"1818\" data-end=\"1863\">\n<td data-start=\"1818\" data-end=\"1829\" data-col-size=\"sm\">Stockage<\/td>\n<td data-start=\"1829\" data-end=\"1863\" data-col-size=\"sm\"><strong data-start=\"1831\" data-end=\"1861\">32 Go (extensible microSD)<\/strong><\/td>\n<\/tr>\n<tr data-start=\"1864\" data-end=\"1904\">\n<td data-start=\"1864\" data-end=\"1881\" data-col-size=\"sm\">Cam\u00e9ra arri\u00e8re<\/td>\n<td data-start=\"1881\" data-end=\"1904\" data-col-size=\"sm\"><strong data-start=\"1883\" data-end=\"1902\">5MP + QVGA (HD)<\/strong><\/td>\n<\/tr>\n<tr data-start=\"1905\" data-end=\"1934\">\n<td data-start=\"1905\" data-end=\"1923\" data-col-size=\"sm\">Cam\u00e9ra frontale<\/td>\n<td data-start=\"1923\" data-end=\"1934\" data-col-size=\"sm\"><strong data-start=\"1925\" data-end=\"1932\">5MP<\/strong><\/td>\n<\/tr>\n<tr data-start=\"1935\" data-end=\"1962\">\n<td data-start=\"1935\" data-end=\"1946\" data-col-size=\"sm\">Batterie<\/td>\n<td data-start=\"1946\" data-end=\"1962\" data-col-size=\"sm\"><strong data-start=\"1948\" data-end=\"1960\">4000 mAh<\/strong><\/td>\n<\/tr>\n<tr data-start=\"1963\" data-end=\"1990\">\n<td data-start=\"1963\" data-end=\"1969\" data-col-size=\"sm\">SIM<\/td>\n<td data-start=\"1969\" data-end=\"1990\" data-col-size=\"sm\"><strong data-start=\"1971\" data-end=\"1988\">Dual Nano SIM<\/strong><\/td>\n<\/tr>\n<tr data-start=\"1991\" data-end=\"2040\">\n<td data-start=\"1991\" data-end=\"2001\" data-col-size=\"sm\">Syst\u00e8me<\/td>\n<td data-start=\"2001\" data-end=\"2040\" data-col-size=\"sm\"><strong data-start=\"2003\" data-end=\"2038\">Android 11 Go Edition \/ itel OS<\/strong><\/td>\n<\/tr>\n<tr data-start=\"2041\" data-end=\"2092\">\n<td data-start=\"2041\" data-end=\"2052\" data-col-size=\"sm\">S\u00e9curit\u00e9<\/td>\n<td data-start=\"2052\" data-end=\"2092\" data-col-size=\"sm\"><strong data-start=\"2054\" data-end=\"2090\">Empreinte digitale + Face Unlock<\/strong><\/td>\n<\/tr>\n<\/tbody>\n<\/table>\n<\/div>\n<\/div>\n<hr data-start=\"2094\" data-end=\"2097\" \/>\n<h1 data-section-id=\"6f7tr2\" data-start=\"2099\" data-end=\"2120\">\ud83d\udce6 Contenu du colis<\/h1>\n<ul data-start=\"2122\" data-end=\"2229\">\n<li data-section-id=\"17aoa76\" data-start=\"2122\" data-end=\"2147\">\n<p data-start=\"2124\" data-end=\"2147\">1 \u00d7 <strong data-start=\"2128\" data-end=\"2145\">Itel A58 Lite<\/strong><\/p>\n<\/li>\n<li data-section-id=\"gzkpdf\" data-start=\"2148\" data-end=\"2164\">\n<p data-start=\"2150\" data-end=\"2164\">1 \u00d7 Chargeur<\/p>\n<\/li>\n<li data-section-id=\"ym4feo\" data-start=\"2165\" data-end=\"2182\">\n<p data-start=\"2167\" data-end=\"2182\">1 \u00d7 C\u00e2ble USB<\/p>\n<\/li>\n<li data-section-id=\"12haphu\" data-start=\"2183\" data-end=\"2200\">\n<p data-start=\"2185\" data-end=\"2200\">1 \u00d7 Outil SIM<\/p>\n<\/li>\n<li data-section-id=\"euolri\" data-start=\"2201\" data-end=\"2229\">\n<p data-start=\"2203\" data-end=\"2229\">1 \u00d7 Manuel d\u2019utilisation<\/p>\n<\/li>\n<\/ul>\n<hr data-start=\"2231\" data-end=\"2234\" \/>\n<p data-start=\"2236\" data-end=\"2385\">\ud83d\udcf1 <strong data-start=\"2239\" data-end=\"2385\">Le Itel A58 Lite est un smartphone simple et fiable, id\u00e9al pour les appels, WhatsApp, r\u00e9seaux sociaux et un usage quotidien \u00e0 prix accessible.<\/strong><\/p>\n<\/div>\n<\/div>\n<\/div>\n<\/div>\n<\/div>\n<\/div>\n<\/article>\n<\/div>\n<\/div>\n<\/div>\n<\/div>\n<p><\/main><\/div>\n<\/div>\n<\/div>\n<\/div>\n<\/div>\n","protected":false},"excerpt":{"rendered":"<p>D\u00e9couvrez le Itel A58 Lite, un smartphone \u00e9conomique con\u00e7u pour offrir un grand \u00e9cran confortable, une autonomie correcte et les fonctionnalit\u00e9s essentielles du quotidien. Son \u00e9cran IPS LCD de 6.3 pouces HD+ avec encoche Waterdrop permet de profiter confortablement des vid\u00e9os, de la navigation internet et des r\u00e9seaux sociaux. Propuls\u00e9 par un processeur Quad-Core 1.3&hellip;<\/p>\n","protected":false},"featured_media":16710,"comment_status":"open","ping_status":"closed","template":"","meta":[],"product_cat":[86],"product_tag":[],"class_list":{"0":"post-16707","1":"product","2":"type-product","3":"status-publish","4":"has-post-thumbnail","6":"product_brand-itel","7":"product_cat-itel","9":"first","10":"instock","11":"sale","12":"shipping-taxable","13":"purchasable","14":"product-type-simple","15":"col-xs-6 col-sm-4","16":"col-md-3 col-lg-3","17":"un-4-cols"},"_links":{"self":[{"href":"https:\/\/www.vazy.market\/index.php\/wp-json\/wp\/v2\/product\/16707","targetHints":{"allow":["GET"]}}],"collection":[{"href":"https:\/\/www.vazy.market\/index.php\/wp-json\/wp\/v2\/product"}],"about":[{"href":"https:\/\/www.vazy.market\/index.php\/wp-json\/wp\/v2\/types\/product"}],"replies":[{"embeddable":true,"href":"https:\/\/www.vazy.market\/index.php\/wp-json\/wp\/v2\/comments?post=16707"}],"wp:featuredmedia":[{"embeddable":true,"href":"https:\/\/www.vazy.market\/index.php\/wp-json\/wp\/v2\/media\/16710"}],"wp:attachment":[{"href":"https:\/\/www.vazy.market\/index.php\/wp-json\/wp\/v2\/media?parent=16707"}],"wp:term":[{"taxonomy":"product_cat","embeddable":true,"href":"https:\/\/www.vazy.market\/index.php\/wp-json\/wp\/v2\/product_cat?post=16707"},{"taxonomy":"product_tag","embeddable":true,"href":"https:\/\/www.vazy.market\/index.php\/wp-json\/wp\/v2\/product_tag?post=16707"}],"curies":[{"name":"wp","href":"https:\/\/api.w.org\/{rel}","templated":true}]}}