{"id":16692,"date":"2026-03-16T22:11:28","date_gmt":"2026-03-16T22:11:28","guid":{"rendered":"https:\/\/www.vazy.market\/?post_type=product&#038;p=16692"},"modified":"2026-03-25T09:36:35","modified_gmt":"2026-03-25T09:36:35","slug":"itel-p40-4g-6-6-64go4go-3go-ram-virtuelle-13mp-ai-fhd5mp-fhd-dual-nano-sim-6000mah","status":"publish","type":"product","link":"https:\/\/www.vazy.market\/index.php\/product\/itel-p40-4g-6-6-64go4go-3go-ram-virtuelle-13mp-ai-fhd5mp-fhd-dual-nano-sim-6000mah\/","title":{"rendered":"\ud83d\udcf1 ITEL P40 4G &#8211; 6.6&Prime; &#8211; 64Go|4Go (+3Go RAM virtuelle) &#8211; 13MP AI FHD|5MP FHD &#8211; Dual Nano SIM &#8211; 6000mAh"},"content":{"rendered":"<div class=\"flex h-svh w-screen flex-col\">\n<div class=\"relative z-0 flex min-h-0 w-full flex-1\">\n<div class=\"relative flex min-h-0 w-full flex-1\">\n<div class=\"@container\/main relative flex min-w-0 flex-1 flex-col -translate-y-[calc(env(safe-area-inset-bottom,0px)\/2)] pt-[calc(env(safe-area-inset-bottom,0px)\/2)]\">\n<div class=\"@w-sm\/main:[scrollbar-gutter:stable_both-edges] touch:[scrollbar-width:none] relative flex min-h-0 min-w-0 flex-1 flex-col [scrollbar-gutter:stable] not-print:overflow-x-clip not-print:overflow-y-auto scroll-pt-(--header-height) [--sticky-padding-top:var(--header-height)] has-data-[fixed-header=less-than-xl]:@w-xl\/main:scroll-pt-0 has-data-[fixed-header=less-than-xl]:@w-xl\/main:[--sticky-padding-top:0px] has-data-[fixed-header=less-than-xxl]:@w-2xl\/main:scroll-pt-0 has-data-[fixed-header=less-than-xxl]:@w-2xl\/main:[--sticky-padding-top:0px]\" data-scroll-root=\"\"><main id=\"main\" class=\"min-h-0 flex-1\"><\/p>\n<div id=\"thread\" class=\"group\/thread flex flex-col min-h-full\">\n<div class=\"composer-parent flex flex-1 flex-col focus-visible:outline-0\" role=\"presentation\">\n<div class=\"relative basis-auto flex-col -mb-(--composer-overlap-px) [--composer-overlap-px:28px] grow flex\">\n<div class=\"flex flex-col text-sm pb-25\">\n<article class=\"text-token-text-primary w-full focus:outline-none [--shadow-height:45px] has-data-writing-block:pointer-events-none has-data-writing-block:-mt-(--shadow-height) has-data-writing-block:pt-(--shadow-height) [&amp;:has([data-writing-block])&gt;*]:pointer-events-auto scroll-mt-[calc(var(--header-height)+min(200px,max(70px,20svh)))]\" dir=\"auto\" tabindex=\"-1\" data-turn-id=\"request-69add934-1d50-8332-91d7-d97a2ee2331f-21\" data-testid=\"conversation-turn-224\" data-scroll-anchor=\"true\" data-turn=\"assistant\">\n<div class=\"text-base my-auto mx-auto pb-10 [--thread-content-margin:var(--thread-content-margin-xs,calc(var(--spacing)*4))] @w-sm\/main:[--thread-content-margin:var(--thread-content-margin-sm,calc(var(--spacing)*6))] @w-lg\/main:[--thread-content-margin:var(--thread-content-margin-lg,calc(var(--spacing)*16))] px-(--thread-content-margin)\">\n<div class=\"[--thread-content-max-width:40rem] @w-lg\/main:[--thread-content-max-width:48rem] mx-auto max-w-(--thread-content-max-width) flex-1 group\/turn-messages focus-visible:outline-hidden relative flex w-full min-w-0 flex-col agent-turn\" tabindex=\"-1\">\n<div class=\"flex max-w-full flex-col gap-4 grow\">\n<div class=\"min-h-8 text-message relative flex w-full flex-col items-end gap-2 text-start break-words whitespace-normal [.text-message+&amp;]:mt-1\" dir=\"auto\" data-message-author-role=\"assistant\" data-message-id=\"bc755f46-e8d2-4485-9147-d5a139c60382\" data-message-model-slug=\"gpt-5-3\">\n<div class=\"flex w-full flex-col gap-1 empty:hidden\">\n<div class=\"streaming-animation markdown prose dark:prose-invert w-full wrap-break-word light markdown-new-styling\">\n<p data-start=\"110\" data-end=\"468\">D\u00e9couvrez le <strong data-start=\"123\" data-end=\"135\">Itel P40<\/strong>, un smartphone con\u00e7u pour offrir <strong data-start=\"169\" data-end=\"254\">une autonomie exceptionnelle, un grand \u00e9cran immersif et des performances fiables<\/strong> pour un usage quotidien. Son <strong data-start=\"284\" data-end=\"342\">\u00e9cran IPS LCD de 6.6 pouces HD+ avec encoche Waterdrop<\/strong> offre un affichage confortable pour les vid\u00e9os, les r\u00e9seaux sociaux et la navigation.<\/p>\n<p data-start=\"470\" data-end=\"771\">Propuls\u00e9 par un <strong data-start=\"486\" data-end=\"525\">processeur Octa-Core Unisoc SC9863A<\/strong>, il assure une utilisation stable pour les applications du quotidien. Il dispose de <strong data-start=\"610\" data-end=\"692\">64 Go de stockage et 4 Go de RAM extensible jusqu\u2019\u00e0 7 Go avec la RAM virtuelle<\/strong>, permettant un multit\u00e2che plus fluide.<\/p>\n<p data-start=\"773\" data-end=\"1090\">Le <strong data-start=\"776\" data-end=\"843\">capteur photo principal de 13 MP avec intelligence artificielle<\/strong> capture des images correctes pour le quotidien, tandis que la <strong data-start=\"906\" data-end=\"961\">batterie massive de 6000 mAh avec charge rapide 18W<\/strong> garantit une autonomie exceptionnelle pouvant durer plusieurs jours selon l\u2019utilisation.<\/p>\n<hr data-start=\"1092\" data-end=\"1095\" \/>\n<h1 data-section-id=\"gug16d\" data-start=\"1097\" data-end=\"1113\">\u2b50 Points forts<\/h1>\n<p data-start=\"1115\" data-end=\"1426\">\u2714 \ud83d\udcf1 <strong data-start=\"1120\" data-end=\"1161\">Grand \u00e9cran IPS LCD 6.6&Prime; HD+ immersif<\/strong><br data-start=\"1161\" data-end=\"1164\" \/>\u2714 \ud83d\udcf8 <strong data-start=\"1169\" data-end=\"1204\">Cam\u00e9ra principale 13 MP avec IA<\/strong><br data-start=\"1204\" data-end=\"1207\" \/>\u2714 \u26a1 <strong data-start=\"1211\" data-end=\"1250\">Processeur Octa-Core Unisoc SC9863A<\/strong><br data-start=\"1250\" data-end=\"1253\" \/>\u2714 \ud83d\udd0b <strong data-start=\"1258\" data-end=\"1298\">Batterie ultra longue dur\u00e9e 6000 mAh<\/strong><br data-start=\"1298\" data-end=\"1301\" \/>\u2714 \u26a1 <strong data-start=\"1305\" data-end=\"1326\">Charge rapide 18W<\/strong><br data-start=\"1326\" data-end=\"1329\" \/>\u2714 \ud83d\udcf6 <strong data-start=\"1334\" data-end=\"1362\">Compatible r\u00e9seau 4G LTE<\/strong><br data-start=\"1362\" data-end=\"1365\" \/>\u2714 \ud83d\udd10 <strong data-start=\"1370\" data-end=\"1426\">Capteur d\u2019empreinte digitale + d\u00e9verrouillage facial<\/strong><\/p>\n<hr data-start=\"1428\" data-end=\"1431\" \/>\n<h1 data-section-id=\"ys7y0m\" data-start=\"1433\" data-end=\"1444\">\ud83d\udcf8 Cam\u00e9ra<\/h1>\n<ul data-start=\"1446\" data-end=\"1638\">\n<li data-section-id=\"1sysdkc\" data-start=\"1446\" data-end=\"1487\">\n<p data-start=\"1448\" data-end=\"1487\">\ud83d\udcf7 <strong data-start=\"1451\" data-end=\"1485\">Cam\u00e9ra principale : 13 MP (AI)<\/strong><\/p>\n<\/li>\n<li data-section-id=\"mjnep2\" data-start=\"1488\" data-end=\"1533\">\n<p data-start=\"1490\" data-end=\"1533\">\ud83d\udce1 <strong data-start=\"1493\" data-end=\"1531\">Capteur secondaire : VGA \/ AI Lens<\/strong><\/p>\n<\/li>\n<li data-section-id=\"1fsuj2j\" data-start=\"1534\" data-end=\"1567\">\n<p data-start=\"1536\" data-end=\"1567\">\ud83e\udd33 <strong data-start=\"1539\" data-end=\"1565\">Cam\u00e9ra frontale : 5 MP<\/strong><\/p>\n<\/li>\n<li data-section-id=\"1x3f48d\" data-start=\"1568\" data-end=\"1638\">\n<p data-start=\"1570\" data-end=\"1638\">\ud83c\udfa5 <strong data-start=\"1573\" data-end=\"1598\">Vid\u00e9o : Full HD 1080p<\/strong><\/p>\n<\/li>\n<\/ul>\n<hr data-start=\"1640\" data-end=\"1643\" \/>\n<h1 data-section-id=\"1gx1fos\" data-start=\"1645\" data-end=\"1665\">\ud83d\udcca Fiche Technique<\/h1>\n<div class=\"TyagGW_tableContainer\">\n<div class=\"group TyagGW_tableWrapper flex flex-col-reverse w-fit\" tabindex=\"-1\">\n<table class=\"w-fit min-w-(--thread-content-width)\" data-start=\"1667\" data-end=\"2232\">\n<thead data-start=\"1667\" data-end=\"1696\">\n<tr data-start=\"1667\" data-end=\"1696\">\n<th class=\"\" data-start=\"1667\" data-end=\"1685\" data-col-size=\"sm\">Caract\u00e9ristique<\/th>\n<th class=\"\" data-start=\"1685\" data-end=\"1696\" data-col-size=\"sm\">D\u00e9tails<\/th>\n<\/tr>\n<\/thead>\n<tbody data-start=\"1707\" data-end=\"2232\">\n<tr data-start=\"1707\" data-end=\"1724\">\n<td data-start=\"1707\" data-end=\"1716\" data-col-size=\"sm\">Marque<\/td>\n<td data-start=\"1716\" data-end=\"1724\" data-col-size=\"sm\">Itel<\/td>\n<\/tr>\n<tr data-start=\"1725\" data-end=\"1745\">\n<td data-start=\"1725\" data-end=\"1734\" data-col-size=\"sm\">Mod\u00e8le<\/td>\n<td data-start=\"1734\" data-end=\"1745\" data-col-size=\"sm\"><strong data-start=\"1736\" data-end=\"1743\">P40<\/strong><\/td>\n<\/tr>\n<tr data-start=\"1746\" data-end=\"1765\">\n<td data-start=\"1746\" data-end=\"1755\" data-col-size=\"sm\">R\u00e9seau<\/td>\n<td data-start=\"1755\" data-end=\"1765\" data-col-size=\"sm\">4G LTE<\/td>\n<\/tr>\n<tr data-start=\"1766\" data-end=\"1800\">\n<td data-start=\"1766\" data-end=\"1774\" data-col-size=\"sm\">\u00c9cran<\/td>\n<td data-start=\"1774\" data-end=\"1800\" data-col-size=\"sm\"><strong data-start=\"1776\" data-end=\"1798\">6.6 pouces IPS LCD<\/strong><\/td>\n<\/tr>\n<tr data-start=\"1801\" data-end=\"1834\">\n<td data-start=\"1801\" data-end=\"1814\" data-col-size=\"sm\">R\u00e9solution<\/td>\n<td data-start=\"1814\" data-end=\"1834\" data-col-size=\"sm\">720 \u00d7 1612 (HD+)<\/td>\n<\/tr>\n<tr data-start=\"1835\" data-end=\"1880\">\n<td data-start=\"1835\" data-end=\"1848\" data-col-size=\"sm\">Processeur<\/td>\n<td data-start=\"1848\" data-end=\"1880\" data-col-size=\"sm\"><strong data-start=\"1850\" data-end=\"1878\">Unisoc SC9863A Octa-Core<\/strong><\/td>\n<\/tr>\n<tr data-start=\"1881\" data-end=\"1921\">\n<td data-start=\"1881\" data-end=\"1887\" data-col-size=\"sm\">RAM<\/td>\n<td data-start=\"1887\" data-end=\"1921\" data-col-size=\"sm\"><strong data-start=\"1889\" data-end=\"1919\">4 Go (+3 Go RAM virtuelle)<\/strong><\/td>\n<\/tr>\n<tr data-start=\"1922\" data-end=\"1967\">\n<td data-start=\"1922\" data-end=\"1933\" data-col-size=\"sm\">Stockage<\/td>\n<td data-start=\"1933\" data-end=\"1967\" data-col-size=\"sm\"><strong data-start=\"1935\" data-end=\"1965\">64 Go (extensible microSD)<\/strong><\/td>\n<\/tr>\n<tr data-start=\"1968\" data-end=\"2008\">\n<td data-start=\"1968\" data-end=\"1985\" data-col-size=\"sm\">Cam\u00e9ra arri\u00e8re<\/td>\n<td data-start=\"1985\" data-end=\"2008\" data-col-size=\"sm\"><strong data-start=\"1987\" data-end=\"2006\">13MP + AI (FHD)<\/strong><\/td>\n<\/tr>\n<tr data-start=\"2009\" data-end=\"2044\">\n<td data-start=\"2009\" data-end=\"2027\" data-col-size=\"sm\">Cam\u00e9ra frontale<\/td>\n<td data-start=\"2027\" data-end=\"2044\" data-col-size=\"sm\"><strong data-start=\"2029\" data-end=\"2042\">5MP (FHD)<\/strong><\/td>\n<\/tr>\n<tr data-start=\"2045\" data-end=\"2072\">\n<td data-start=\"2045\" data-end=\"2056\" data-col-size=\"sm\">Batterie<\/td>\n<td data-start=\"2056\" data-end=\"2072\" data-col-size=\"sm\"><strong data-start=\"2058\" data-end=\"2070\">6000 mAh<\/strong><\/td>\n<\/tr>\n<tr data-start=\"2073\" data-end=\"2100\">\n<td data-start=\"2073\" data-end=\"2089\" data-col-size=\"sm\">Charge rapide<\/td>\n<td data-start=\"2089\" data-end=\"2100\" data-col-size=\"sm\"><strong data-start=\"2091\" data-end=\"2098\">18W<\/strong><\/td>\n<\/tr>\n<tr data-start=\"2101\" data-end=\"2128\">\n<td data-start=\"2101\" data-end=\"2107\" data-col-size=\"sm\">SIM<\/td>\n<td data-start=\"2107\" data-end=\"2128\" data-col-size=\"sm\"><strong data-start=\"2109\" data-end=\"2126\">Dual Nano SIM<\/strong><\/td>\n<\/tr>\n<tr data-start=\"2129\" data-end=\"2180\">\n<td data-start=\"2129\" data-end=\"2139\" data-col-size=\"sm\">Syst\u00e8me<\/td>\n<td data-start=\"2139\" data-end=\"2180\" data-col-size=\"sm\"><strong data-start=\"2141\" data-end=\"2178\">Android 12 (Go Edition) \/ itel OS<\/strong><\/td>\n<\/tr>\n<tr data-start=\"2181\" data-end=\"2232\">\n<td data-start=\"2181\" data-end=\"2192\" data-col-size=\"sm\">S\u00e9curit\u00e9<\/td>\n<td data-start=\"2192\" data-end=\"2232\" data-col-size=\"sm\"><strong data-start=\"2194\" data-end=\"2230\">Empreinte digitale + Face Unlock<\/strong><\/td>\n<\/tr>\n<\/tbody>\n<\/table>\n<\/div>\n<\/div>\n<hr data-start=\"2234\" data-end=\"2237\" \/>\n<h1 data-section-id=\"6f7tr2\" data-start=\"2239\" data-end=\"2260\">\ud83d\udce6 Contenu du colis<\/h1>\n<ul data-start=\"2262\" data-end=\"2364\">\n<li data-section-id=\"p5syj2\" data-start=\"2262\" data-end=\"2282\">\n<p data-start=\"2264\" data-end=\"2282\">1 \u00d7 <strong data-start=\"2268\" data-end=\"2280\">Itel P40<\/strong><\/p>\n<\/li>\n<li data-section-id=\"gzkpdf\" data-start=\"2283\" data-end=\"2299\">\n<p data-start=\"2285\" data-end=\"2299\">1 \u00d7 Chargeur<\/p>\n<\/li>\n<li data-section-id=\"ym4feo\" data-start=\"2300\" data-end=\"2317\">\n<p data-start=\"2302\" data-end=\"2317\">1 \u00d7 C\u00e2ble USB<\/p>\n<\/li>\n<li data-section-id=\"12haphu\" data-start=\"2318\" data-end=\"2335\">\n<p data-start=\"2320\" data-end=\"2335\">1 \u00d7 Outil SIM<\/p>\n<\/li>\n<li data-section-id=\"euolri\" data-start=\"2336\" data-end=\"2364\">\n<p data-start=\"2338\" data-end=\"2364\">1 \u00d7 Manuel d\u2019utilisation<\/p>\n<\/li>\n<\/ul>\n<hr data-start=\"2366\" data-end=\"2369\" \/>\n<p data-start=\"2371\" data-end=\"2539\">\ud83d\udcf1 <strong data-start=\"2374\" data-end=\"2539\">Le Itel P40 est un smartphone id\u00e9al pour ceux qui recherchent une autonomie exceptionnelle, un grand \u00e9cran et les fonctionnalit\u00e9s essentielles \u00e0 prix accessible.<\/strong><\/p>\n<\/div>\n<\/div>\n<\/div>\n<\/div>\n<\/div>\n<\/div>\n<\/article>\n<\/div>\n<\/div>\n<\/div>\n<\/div>\n<p><\/main><\/div>\n<\/div>\n<\/div>\n<\/div>\n<\/div>\n","protected":false},"excerpt":{"rendered":"<p>D\u00e9couvrez le Itel P40, un smartphone con\u00e7u pour offrir une autonomie exceptionnelle, un grand \u00e9cran immersif et des performances fiables pour un usage quotidien. Son \u00e9cran IPS LCD de 6.6 pouces HD+ avec encoche Waterdrop offre un affichage confortable pour les vid\u00e9os, les r\u00e9seaux sociaux et la navigation. Propuls\u00e9 par un processeur Octa-Core Unisoc SC9863A,&hellip;<\/p>\n","protected":false},"featured_media":16696,"comment_status":"open","ping_status":"closed","template":"","meta":[],"product_cat":[86],"product_tag":[],"class_list":{"0":"post-16692","1":"product","2":"type-product","3":"status-publish","4":"has-post-thumbnail","6":"product_brand-itel","7":"product_cat-itel","9":"first","10":"instock","11":"sale","12":"shipping-taxable","13":"purchasable","14":"product-type-simple","15":"col-xs-6 col-sm-4","16":"col-md-3 col-lg-3","17":"un-4-cols"},"_links":{"self":[{"href":"https:\/\/www.vazy.market\/index.php\/wp-json\/wp\/v2\/product\/16692","targetHints":{"allow":["GET"]}}],"collection":[{"href":"https:\/\/www.vazy.market\/index.php\/wp-json\/wp\/v2\/product"}],"about":[{"href":"https:\/\/www.vazy.market\/index.php\/wp-json\/wp\/v2\/types\/product"}],"replies":[{"embeddable":true,"href":"https:\/\/www.vazy.market\/index.php\/wp-json\/wp\/v2\/comments?post=16692"}],"wp:featuredmedia":[{"embeddable":true,"href":"https:\/\/www.vazy.market\/index.php\/wp-json\/wp\/v2\/media\/16696"}],"wp:attachment":[{"href":"https:\/\/www.vazy.market\/index.php\/wp-json\/wp\/v2\/media?parent=16692"}],"wp:term":[{"taxonomy":"product_cat","embeddable":true,"href":"https:\/\/www.vazy.market\/index.php\/wp-json\/wp\/v2\/product_cat?post=16692"},{"taxonomy":"product_tag","embeddable":true,"href":"https:\/\/www.vazy.market\/index.php\/wp-json\/wp\/v2\/product_tag?post=16692"}],"curies":[{"name":"wp","href":"https:\/\/api.w.org\/{rel}","templated":true}]}}