{"id":16688,"date":"2026-03-16T22:04:30","date_gmt":"2026-03-16T22:04:30","guid":{"rendered":"https:\/\/www.vazy.market\/?post_type=product&#038;p=16688"},"modified":"2026-03-25T09:36:49","modified_gmt":"2026-03-25T09:36:49","slug":"tecno-camon-30-pro-5g-6-78-512go12go-12go-ram-virtuelle-50mp50mp2mp-4k50mp-4k-dual-nano-sim-5000mah","status":"publish","type":"product","link":"https:\/\/www.vazy.market\/index.php\/product\/tecno-camon-30-pro-5g-6-78-512go12go-12go-ram-virtuelle-50mp50mp2mp-4k50mp-4k-dual-nano-sim-5000mah\/","title":{"rendered":"\ud83d\udcf1 TECNO CAMON 30 PRO 5G &#8211; 6.78&Prime; &#8211; 512Go|12Go (+12Go RAM virtuelle) &#8211; 50MP+50MP+2MP 4K|50MP 4K &#8211; Dual Nano SIM &#8211; 5000mAh"},"content":{"rendered":"<div class=\"flex h-svh w-screen flex-col\">\n<div class=\"relative z-0 flex min-h-0 w-full flex-1\">\n<div class=\"relative flex min-h-0 w-full flex-1\">\n<div class=\"@container\/main relative flex min-w-0 flex-1 flex-col -translate-y-[calc(env(safe-area-inset-bottom,0px)\/2)] pt-[calc(env(safe-area-inset-bottom,0px)\/2)]\">\n<div class=\"@w-sm\/main:[scrollbar-gutter:stable_both-edges] touch:[scrollbar-width:none] relative flex min-h-0 min-w-0 flex-1 flex-col [scrollbar-gutter:stable] not-print:overflow-x-clip not-print:overflow-y-auto scroll-pt-(--header-height) [--sticky-padding-top:var(--header-height)] has-data-[fixed-header=less-than-xl]:@w-xl\/main:scroll-pt-0 has-data-[fixed-header=less-than-xl]:@w-xl\/main:[--sticky-padding-top:0px] has-data-[fixed-header=less-than-xxl]:@w-2xl\/main:scroll-pt-0 has-data-[fixed-header=less-than-xxl]:@w-2xl\/main:[--sticky-padding-top:0px]\" data-scroll-root=\"\"><main id=\"main\" class=\"min-h-0 flex-1\"><\/p>\n<div id=\"thread\" class=\"group\/thread flex flex-col min-h-full\">\n<div class=\"composer-parent flex flex-1 flex-col focus-visible:outline-0\" role=\"presentation\">\n<div class=\"relative basis-auto flex-col -mb-(--composer-overlap-px) [--composer-overlap-px:28px] grow flex\">\n<div class=\"flex flex-col text-sm pb-25\">\n<article class=\"text-token-text-primary w-full focus:outline-none [--shadow-height:45px] has-data-writing-block:pointer-events-none has-data-writing-block:-mt-(--shadow-height) has-data-writing-block:pt-(--shadow-height) [&amp;:has([data-writing-block])&gt;*]:pointer-events-auto scroll-mt-[calc(var(--header-height)+min(200px,max(70px,20svh)))]\" dir=\"auto\" tabindex=\"-1\" data-turn-id=\"request-69add934-1d50-8332-91d7-d97a2ee2331f-20\" data-testid=\"conversation-turn-222\" data-scroll-anchor=\"true\" data-turn=\"assistant\">\n<div class=\"text-base my-auto mx-auto pb-10 [--thread-content-margin:var(--thread-content-margin-xs,calc(var(--spacing)*4))] @w-sm\/main:[--thread-content-margin:var(--thread-content-margin-sm,calc(var(--spacing)*6))] @w-lg\/main:[--thread-content-margin:var(--thread-content-margin-lg,calc(var(--spacing)*16))] px-(--thread-content-margin)\">\n<div class=\"[--thread-content-max-width:40rem] @w-lg\/main:[--thread-content-max-width:48rem] mx-auto max-w-(--thread-content-max-width) flex-1 group\/turn-messages focus-visible:outline-hidden relative flex w-full min-w-0 flex-col agent-turn\" tabindex=\"-1\">\n<div class=\"flex max-w-full flex-col gap-4 grow\">\n<div class=\"min-h-8 text-message relative flex w-full flex-col items-end gap-2 text-start break-words whitespace-normal [.text-message+&amp;]:mt-1\" dir=\"auto\" data-message-author-role=\"assistant\" data-message-id=\"373eb05c-5ccd-4e1b-ad40-ec35e021308c\" data-message-model-slug=\"gpt-5-3\">\n<div class=\"flex w-full flex-col gap-1 empty:hidden\">\n<div class=\"streaming-animation markdown prose dark:prose-invert w-full wrap-break-word light markdown-new-styling\">\n<p data-start=\"129\" data-end=\"520\">D\u00e9couvrez le <strong data-start=\"142\" data-end=\"167\">Tecno Camon 30 Pro 5G<\/strong>, un smartphone haut de gamme con\u00e7u pour offrir <strong data-start=\"215\" data-end=\"301\">photographie professionnelle, performances puissantes et \u00e9cran AMOLED ultra fluide<\/strong>. Son <strong data-start=\"307\" data-end=\"384\">\u00e9cran AMOLED de 6.78 pouces Full HD+ avec taux de rafra\u00eechissement 144 Hz<\/strong> garantit une exp\u00e9rience visuelle extr\u00eamement fluide pour les vid\u00e9os, les jeux et la navigation.<\/p>\n<p data-start=\"522\" data-end=\"795\">Propuls\u00e9 par le <strong data-start=\"538\" data-end=\"588\">processeur MediaTek Dimensity 8200 Ultimate 5G<\/strong> avec <strong data-start=\"594\" data-end=\"650\">12 Go de RAM (extensible \u00e0 24 Go avec RAM virtuelle)<\/strong>, ce smartphone assure une puissance \u00e9lev\u00e9e pour le multit\u00e2che, le gaming et les applications exigeantes.<\/p>\n<p data-start=\"797\" data-end=\"1073\">Son <strong data-start=\"801\" data-end=\"893\">syst\u00e8me de triple cam\u00e9ra avec capteur principal 50 MP Sony IMX890 avec stabilisation OIS<\/strong> capture des photos tr\u00e8s d\u00e9taill\u00e9es, tandis que la <strong data-start=\"944\" data-end=\"982\">cam\u00e9ra frontale autofocus de 50 MP<\/strong> permet des selfies et vid\u00e9os d\u2019excellente qualit\u00e9.<\/p>\n<p data-start=\"1075\" data-end=\"1256\">La <strong data-start=\"1078\" data-end=\"1125\">batterie de 5000 mAh avec charge rapide 70W<\/strong> offre une excellente autonomie et une recharge tr\u00e8s rapide pour une utilisation intensive.<\/p>\n<hr data-start=\"1258\" data-end=\"1261\" \/>\n<h1 data-section-id=\"gug16d\" data-start=\"1263\" data-end=\"1279\">\u2b50 Points forts<\/h1>\n<p data-start=\"1281\" data-end=\"1660\">\u2714 \ud83d\udcf1 <strong data-start=\"1286\" data-end=\"1332\">\u00c9cran AMOLED 6.78&Prime; FHD+ 144Hz ultra fluide<\/strong><br data-start=\"1332\" data-end=\"1335\" \/>\u2714 \ud83d\udcf8 <strong data-start=\"1340\" data-end=\"1388\">Cam\u00e9ra principale 50 MP Sony IMX890 avec OIS<\/strong><br data-start=\"1388\" data-end=\"1391\" \/>\u2714 \ud83e\udd33 <strong data-start=\"1396\" data-end=\"1429\">Cam\u00e9ra selfie 50 MP autofocus<\/strong><br data-start=\"1429\" data-end=\"1432\" \/>\u2714 \u26a1 <strong data-start=\"1436\" data-end=\"1486\">Processeur MediaTek Dimensity 8200 Ultimate 5G<\/strong><br data-start=\"1486\" data-end=\"1489\" \/>\u2714 \ud83d\udd0b <strong data-start=\"1494\" data-end=\"1528\">Batterie longue dur\u00e9e 5000 mAh<\/strong><br data-start=\"1528\" data-end=\"1531\" \/>\u2714 \u26a1 <strong data-start=\"1535\" data-end=\"1562\">Charge ultra rapide 70W<\/strong><br data-start=\"1562\" data-end=\"1565\" \/>\u2714 \ud83d\udcf6 <strong data-start=\"1570\" data-end=\"1607\">Compatible r\u00e9seau 5G ultra rapide<\/strong><br data-start=\"1607\" data-end=\"1610\" \/>\u2714 \ud83d\udd10 <strong data-start=\"1615\" data-end=\"1660\">Capteur d\u2019empreinte digitale sous l\u2019\u00e9cran<\/strong><\/p>\n<hr data-start=\"1662\" data-end=\"1665\" \/>\n<h1 data-section-id=\"1bka4zl\" data-start=\"1667\" data-end=\"1686\">\ud83d\udcf8 Cam\u00e9ra avanc\u00e9e<\/h1>\n<ul data-start=\"1688\" data-end=\"1924\">\n<li data-section-id=\"15i93km\" data-start=\"1688\" data-end=\"1730\">\n<p data-start=\"1690\" data-end=\"1730\">\ud83d\udcf7 <strong data-start=\"1693\" data-end=\"1728\">Cam\u00e9ra principale : 50 MP (OIS)<\/strong><\/p>\n<\/li>\n<li data-section-id=\"8jj707\" data-start=\"1731\" data-end=\"1767\">\n<p data-start=\"1733\" data-end=\"1767\">\ud83c\udf0d <strong data-start=\"1736\" data-end=\"1765\">Ultra grand-angle : 50 MP<\/strong><\/p>\n<\/li>\n<li data-section-id=\"1nia8kp\" data-start=\"1768\" data-end=\"1804\">\n<p data-start=\"1770\" data-end=\"1804\">\ud83d\udce1 <strong data-start=\"1773\" data-end=\"1802\">Capteur profondeur : 2 MP<\/strong><\/p>\n<\/li>\n<li data-section-id=\"1a39ubc\" data-start=\"1805\" data-end=\"1849\">\n<p data-start=\"1807\" data-end=\"1849\">\ud83e\udd33 <strong data-start=\"1810\" data-end=\"1847\">Cam\u00e9ra frontale : 50 MP autofocus<\/strong><\/p>\n<\/li>\n<li data-section-id=\"1ix0vom\" data-start=\"1850\" data-end=\"1924\">\n<p data-start=\"1852\" data-end=\"1924\">\ud83c\udfa5 <strong data-start=\"1855\" data-end=\"1884\">Vid\u00e9o : 4K jusqu\u2019\u00e0 60 fps<\/strong><\/p>\n<\/li>\n<\/ul>\n<hr data-start=\"1926\" data-end=\"1929\" \/>\n<h1 data-section-id=\"1gx1fos\" data-start=\"1931\" data-end=\"1951\">\ud83d\udcca Fiche Technique<\/h1>\n<div class=\"TyagGW_tableContainer\">\n<div class=\"group TyagGW_tableWrapper flex flex-col-reverse w-fit\" tabindex=\"-1\">\n<table class=\"w-fit min-w-(--thread-content-width)\" data-start=\"1953\" data-end=\"2532\">\n<thead data-start=\"1953\" data-end=\"1982\">\n<tr data-start=\"1953\" data-end=\"1982\">\n<th class=\"\" data-start=\"1953\" data-end=\"1971\" data-col-size=\"sm\">Caract\u00e9ristique<\/th>\n<th class=\"\" data-start=\"1971\" data-end=\"1982\" data-col-size=\"sm\">D\u00e9tails<\/th>\n<\/tr>\n<\/thead>\n<tbody data-start=\"1993\" data-end=\"2532\">\n<tr data-start=\"1993\" data-end=\"2011\">\n<td data-start=\"1993\" data-end=\"2002\" data-col-size=\"sm\">Marque<\/td>\n<td data-start=\"2002\" data-end=\"2011\" data-col-size=\"sm\">Tecno<\/td>\n<\/tr>\n<tr data-start=\"2012\" data-end=\"2044\">\n<td data-start=\"2012\" data-end=\"2021\" data-col-size=\"sm\">Mod\u00e8le<\/td>\n<td data-start=\"2021\" data-end=\"2044\" data-col-size=\"sm\"><strong data-start=\"2023\" data-end=\"2042\">Camon 30 Pro 5G<\/strong><\/td>\n<\/tr>\n<tr data-start=\"2045\" data-end=\"2073\">\n<td data-start=\"2045\" data-end=\"2054\" data-col-size=\"sm\">R\u00e9seau<\/td>\n<td data-start=\"2054\" data-end=\"2073\" data-col-size=\"sm\"><strong data-start=\"2056\" data-end=\"2071\">5G \/ 4G LTE<\/strong><\/td>\n<\/tr>\n<tr data-start=\"2074\" data-end=\"2108\">\n<td data-start=\"2074\" data-end=\"2082\" data-col-size=\"sm\">\u00c9cran<\/td>\n<td data-start=\"2082\" data-end=\"2108\" data-col-size=\"sm\"><strong data-start=\"2084\" data-end=\"2106\">6.78 pouces AMOLED<\/strong><\/td>\n<\/tr>\n<tr data-start=\"2109\" data-end=\"2144\">\n<td data-start=\"2109\" data-end=\"2122\" data-col-size=\"sm\">R\u00e9solution<\/td>\n<td data-start=\"2122\" data-end=\"2144\" data-col-size=\"sm\">1080 \u00d7 2436 (FHD+)<\/td>\n<\/tr>\n<tr data-start=\"2145\" data-end=\"2186\">\n<td data-start=\"2145\" data-end=\"2172\" data-col-size=\"sm\">Taux de rafra\u00eechissement<\/td>\n<td data-start=\"2172\" data-end=\"2186\" data-col-size=\"sm\"><strong data-start=\"2174\" data-end=\"2184\">144 Hz<\/strong><\/td>\n<\/tr>\n<tr data-start=\"2187\" data-end=\"2240\">\n<td data-start=\"2187\" data-end=\"2200\" data-col-size=\"sm\">Processeur<\/td>\n<td data-start=\"2200\" data-end=\"2240\" data-col-size=\"sm\"><strong data-start=\"2202\" data-end=\"2238\">MediaTek Dimensity 8200 Ultimate<\/strong><\/td>\n<\/tr>\n<tr data-start=\"2241\" data-end=\"2283\">\n<td data-start=\"2241\" data-end=\"2247\" data-col-size=\"sm\">RAM<\/td>\n<td data-start=\"2247\" data-end=\"2283\" data-col-size=\"sm\"><strong data-start=\"2249\" data-end=\"2281\">12 Go (+12 Go RAM virtuelle)<\/strong><\/td>\n<\/tr>\n<tr data-start=\"2284\" data-end=\"2309\">\n<td data-start=\"2284\" data-end=\"2295\" data-col-size=\"sm\">Stockage<\/td>\n<td data-start=\"2295\" data-end=\"2309\" data-col-size=\"sm\"><strong data-start=\"2297\" data-end=\"2307\">512 Go<\/strong><\/td>\n<\/tr>\n<tr data-start=\"2310\" data-end=\"2357\">\n<td data-start=\"2310\" data-end=\"2327\" data-col-size=\"sm\">Cam\u00e9ra arri\u00e8re<\/td>\n<td data-start=\"2327\" data-end=\"2357\" data-col-size=\"sm\"><strong data-start=\"2329\" data-end=\"2355\">50MP + 50MP + 2MP (4K)<\/strong><\/td>\n<\/tr>\n<tr data-start=\"2358\" data-end=\"2396\">\n<td data-start=\"2358\" data-end=\"2376\" data-col-size=\"sm\">Cam\u00e9ra frontale<\/td>\n<td data-start=\"2376\" data-end=\"2396\" data-col-size=\"sm\"><strong data-start=\"2378\" data-end=\"2394\">50MP AF (4K)<\/strong><\/td>\n<\/tr>\n<tr data-start=\"2397\" data-end=\"2424\">\n<td data-start=\"2397\" data-end=\"2408\" data-col-size=\"sm\">Batterie<\/td>\n<td data-start=\"2408\" data-end=\"2424\" data-col-size=\"sm\"><strong data-start=\"2410\" data-end=\"2422\">5000 mAh<\/strong><\/td>\n<\/tr>\n<tr data-start=\"2425\" data-end=\"2465\">\n<td data-start=\"2425\" data-end=\"2441\" data-col-size=\"sm\">Charge rapide<\/td>\n<td data-start=\"2441\" data-end=\"2465\" data-col-size=\"sm\"><strong data-start=\"2443\" data-end=\"2463\">70W Ultra Charge<\/strong><\/td>\n<\/tr>\n<tr data-start=\"2466\" data-end=\"2493\">\n<td data-start=\"2466\" data-end=\"2472\" data-col-size=\"sm\">SIM<\/td>\n<td data-start=\"2472\" data-end=\"2493\" data-col-size=\"sm\"><strong data-start=\"2474\" data-end=\"2491\">Dual Nano SIM<\/strong><\/td>\n<\/tr>\n<tr data-start=\"2494\" data-end=\"2532\">\n<td data-start=\"2494\" data-end=\"2504\" data-col-size=\"sm\">Syst\u00e8me<\/td>\n<td data-start=\"2504\" data-end=\"2532\" data-col-size=\"sm\"><strong data-start=\"2506\" data-end=\"2530\">Android 14 \/ HiOS 14<\/strong><\/td>\n<\/tr>\n<\/tbody>\n<\/table>\n<\/div>\n<\/div>\n<hr data-start=\"2534\" data-end=\"2537\" \/>\n<h1 data-section-id=\"6f7tr2\" data-start=\"2539\" data-end=\"2560\">\ud83d\udce6 Contenu du colis<\/h1>\n<ul data-start=\"2562\" data-end=\"2714\">\n<li data-section-id=\"16if573\" data-start=\"2562\" data-end=\"2595\">\n<p data-start=\"2564\" data-end=\"2595\">1 \u00d7 <strong data-start=\"2568\" data-end=\"2593\">Tecno Camon 30 Pro 5G<\/strong><\/p>\n<\/li>\n<li data-section-id=\"1laildk\" data-start=\"2596\" data-end=\"2619\">\n<p data-start=\"2598\" data-end=\"2619\">1 \u00d7 Chargeur rapide<\/p>\n<\/li>\n<li data-section-id=\"1cuiaz2\" data-start=\"2620\" data-end=\"2639\">\n<p data-start=\"2622\" data-end=\"2639\">1 \u00d7 C\u00e2ble USB-C<\/p>\n<\/li>\n<li data-section-id=\"kvuwap\" data-start=\"2640\" data-end=\"2667\">\n<p data-start=\"2642\" data-end=\"2667\">1 \u00d7 Coque de protection<\/p>\n<\/li>\n<li data-section-id=\"12haphu\" data-start=\"2668\" data-end=\"2685\">\n<p data-start=\"2670\" data-end=\"2685\">1 \u00d7 Outil SIM<\/p>\n<\/li>\n<li data-section-id=\"euolri\" data-start=\"2686\" data-end=\"2714\">\n<p data-start=\"2688\" data-end=\"2714\">1 \u00d7 Manuel d\u2019utilisation<\/p>\n<\/li>\n<\/ul>\n<hr data-start=\"2716\" data-end=\"2719\" \/>\n<p data-start=\"2721\" data-end=\"2889\">\ud83d\udcf1 <strong data-start=\"2724\" data-end=\"2889\">Le Tecno Camon 30 Pro 5G combine \u00e9cran AMOLED 144 Hz, cam\u00e9ra 50 MP professionnelle et processeur puissant pour une exp\u00e9rience smartphone premium et ultra fluide.<\/strong><\/p>\n<\/div>\n<\/div>\n<\/div>\n<\/div>\n<\/div>\n<\/div>\n<\/article>\n<\/div>\n<\/div>\n<\/div>\n<\/div>\n<p><\/main><\/div>\n<\/div>\n<\/div>\n<\/div>\n<\/div>\n","protected":false},"excerpt":{"rendered":"<p>D\u00e9couvrez le Tecno Camon 30 Pro 5G, un smartphone haut de gamme con\u00e7u pour offrir photographie professionnelle, performances puissantes et \u00e9cran AMOLED ultra fluide. Son \u00e9cran AMOLED de 6.78 pouces Full HD+ avec taux de rafra\u00eechissement 144 Hz garantit une exp\u00e9rience visuelle extr\u00eamement fluide pour les vid\u00e9os, les jeux et la navigation. Propuls\u00e9 par le&hellip;<\/p>\n","protected":false},"featured_media":16691,"comment_status":"open","ping_status":"closed","template":"","meta":[],"product_cat":[85],"product_tag":[],"class_list":{"0":"post-16688","1":"product","2":"type-product","3":"status-publish","4":"has-post-thumbnail","6":"product_brand-tecno","7":"product_cat-tecno","9":"first","10":"instock","11":"sale","12":"shipping-taxable","13":"purchasable","14":"product-type-simple","15":"col-xs-6 col-sm-4","16":"col-md-3 col-lg-3","17":"un-4-cols"},"_links":{"self":[{"href":"https:\/\/www.vazy.market\/index.php\/wp-json\/wp\/v2\/product\/16688","targetHints":{"allow":["GET"]}}],"collection":[{"href":"https:\/\/www.vazy.market\/index.php\/wp-json\/wp\/v2\/product"}],"about":[{"href":"https:\/\/www.vazy.market\/index.php\/wp-json\/wp\/v2\/types\/product"}],"replies":[{"embeddable":true,"href":"https:\/\/www.vazy.market\/index.php\/wp-json\/wp\/v2\/comments?post=16688"}],"wp:featuredmedia":[{"embeddable":true,"href":"https:\/\/www.vazy.market\/index.php\/wp-json\/wp\/v2\/media\/16691"}],"wp:attachment":[{"href":"https:\/\/www.vazy.market\/index.php\/wp-json\/wp\/v2\/media?parent=16688"}],"wp:term":[{"taxonomy":"product_cat","embeddable":true,"href":"https:\/\/www.vazy.market\/index.php\/wp-json\/wp\/v2\/product_cat?post=16688"},{"taxonomy":"product_tag","embeddable":true,"href":"https:\/\/www.vazy.market\/index.php\/wp-json\/wp\/v2\/product_tag?post=16688"}],"curies":[{"name":"wp","href":"https:\/\/api.w.org\/{rel}","templated":true}]}}