{"id":16684,"date":"2026-03-16T21:57:36","date_gmt":"2026-03-16T21:57:36","guid":{"rendered":"https:\/\/www.vazy.market\/?post_type=product&#038;p=16684"},"modified":"2026-03-25T09:37:00","modified_gmt":"2026-03-25T09:37:00","slug":"tecno-camon-30-4g-6-78-256go8go-50mp2mp-2k50mp-fhd-dual-nano-sim-5000mah","status":"publish","type":"product","link":"https:\/\/www.vazy.market\/index.php\/product\/tecno-camon-30-4g-6-78-256go8go-50mp2mp-2k50mp-fhd-dual-nano-sim-5000mah\/","title":{"rendered":"\ud83d\udcf1 TECNO CAMON 30 4G &#8211; 6.78&Prime; &#8211; 256Go|8Go &#8211; 50MP+2MP 2K|50MP FHD &#8211; Dual Nano SIM &#8211; 5000mAh"},"content":{"rendered":"<div class=\"flex h-svh w-screen flex-col\">\n<div class=\"relative z-0 flex min-h-0 w-full flex-1\">\n<div class=\"relative flex min-h-0 w-full flex-1\">\n<div class=\"@container\/main relative flex min-w-0 flex-1 flex-col -translate-y-[calc(env(safe-area-inset-bottom,0px)\/2)] pt-[calc(env(safe-area-inset-bottom,0px)\/2)]\">\n<div class=\"@w-sm\/main:[scrollbar-gutter:stable_both-edges] touch:[scrollbar-width:none] relative flex min-h-0 min-w-0 flex-1 flex-col [scrollbar-gutter:stable] not-print:overflow-x-clip not-print:overflow-y-auto scroll-pt-(--header-height) [--sticky-padding-top:var(--header-height)] has-data-[fixed-header=less-than-xl]:@w-xl\/main:scroll-pt-0 has-data-[fixed-header=less-than-xl]:@w-xl\/main:[--sticky-padding-top:0px] has-data-[fixed-header=less-than-xxl]:@w-2xl\/main:scroll-pt-0 has-data-[fixed-header=less-than-xxl]:@w-2xl\/main:[--sticky-padding-top:0px]\" data-scroll-root=\"\"><main id=\"main\" class=\"min-h-0 flex-1\"><\/p>\n<div id=\"thread\" class=\"group\/thread flex flex-col min-h-full\">\n<div class=\"composer-parent flex flex-1 flex-col focus-visible:outline-0\" role=\"presentation\">\n<div class=\"relative basis-auto flex-col -mb-(--composer-overlap-px) [--composer-overlap-px:28px] grow flex\">\n<div class=\"flex flex-col text-sm pb-25\">\n<article class=\"text-token-text-primary w-full focus:outline-none [--shadow-height:45px] has-data-writing-block:pointer-events-none has-data-writing-block:-mt-(--shadow-height) has-data-writing-block:pt-(--shadow-height) [&amp;:has([data-writing-block])&gt;*]:pointer-events-auto scroll-mt-[calc(var(--header-height)+min(200px,max(70px,20svh)))]\" dir=\"auto\" tabindex=\"-1\" data-turn-id=\"request-69add934-1d50-8332-91d7-d97a2ee2331f-19\" data-testid=\"conversation-turn-220\" data-scroll-anchor=\"true\" data-turn=\"assistant\">\n<div class=\"text-base my-auto mx-auto pb-10 [--thread-content-margin:var(--thread-content-margin-xs,calc(var(--spacing)*4))] @w-sm\/main:[--thread-content-margin:var(--thread-content-margin-sm,calc(var(--spacing)*6))] @w-lg\/main:[--thread-content-margin:var(--thread-content-margin-lg,calc(var(--spacing)*16))] px-(--thread-content-margin)\">\n<div class=\"[--thread-content-max-width:40rem] @w-lg\/main:[--thread-content-max-width:48rem] mx-auto max-w-(--thread-content-max-width) flex-1 group\/turn-messages focus-visible:outline-hidden relative flex w-full min-w-0 flex-col agent-turn\" tabindex=\"-1\">\n<div class=\"flex max-w-full flex-col gap-4 grow\">\n<div class=\"min-h-8 text-message relative flex w-full flex-col items-end gap-2 text-start break-words whitespace-normal [.text-message+&amp;]:mt-1\" dir=\"auto\" data-message-author-role=\"assistant\" data-message-id=\"0ce10e6f-9732-475e-aef3-23247a6ee8b0\" data-message-model-slug=\"gpt-5-3\">\n<div class=\"flex w-full flex-col gap-1 empty:hidden\">\n<div class=\"streaming-animation markdown prose dark:prose-invert w-full wrap-break-word light markdown-new-styling\">\n<p data-start=\"98\" data-end=\"460\">D\u00e9couvrez le <strong data-start=\"111\" data-end=\"129\">Tecno Camon 30<\/strong>, un smartphone moderne con\u00e7u pour offrir <strong data-start=\"171\" data-end=\"240\">photographie avanc\u00e9e, \u00e9cran AMOLED fluide et performances solides<\/strong>. Son <strong data-start=\"246\" data-end=\"323\">\u00e9cran AMOLED de 6.78 pouces Full HD+ avec taux de rafra\u00eechissement 120 Hz<\/strong> offre une exp\u00e9rience visuelle immersive et tr\u00e8s fluide pour les vid\u00e9os, jeux et r\u00e9seaux sociaux.<\/p>\n<p data-start=\"462\" data-end=\"784\">Propuls\u00e9 par le <strong data-start=\"478\" data-end=\"535\">processeur MediaTek Helio G99 Ultimate et 8 Go de RAM<\/strong>, ce smartphone garantit une utilisation rapide et efficace pour le multit\u00e2che et les applications du quotidien. Son <strong data-start=\"652\" data-end=\"674\">stockage de 256 Go<\/strong> permet de conserver facilement photos, vid\u00e9os et fichiers volumineux.<\/p>\n<p data-start=\"786\" data-end=\"1067\">Son <strong data-start=\"790\" data-end=\"850\">appareil photo principal de 50 MP avec stabilisation OIS<\/strong> capture des images d\u00e9taill\u00e9es m\u00eame en faible luminosit\u00e9, tandis que la <strong data-start=\"922\" data-end=\"978\">cam\u00e9ra frontale autofocus de 50 MP avec double flash<\/strong> est id\u00e9ale pour les selfies et les appels vid\u00e9o.<\/p>\n<p data-start=\"1069\" data-end=\"1215\">La <strong data-start=\"1072\" data-end=\"1115\">batterie de 5000 mAh avec charge rapide<\/strong> offre une excellente autonomie pour tenir toute la journ\u00e9e.<\/p>\n<hr data-start=\"1217\" data-end=\"1220\" \/>\n<h1 data-section-id=\"gug16d\" data-start=\"1222\" data-end=\"1238\">\u2b50 Points forts<\/h1>\n<p data-start=\"1240\" data-end=\"1599\">\u2714 \ud83d\udcf1 <strong data-start=\"1245\" data-end=\"1291\">\u00c9cran AMOLED 6.78&Prime; FHD+ 120Hz ultra fluide<\/strong><br data-start=\"1291\" data-end=\"1294\" \/>\u2714 \ud83d\udcf8 <strong data-start=\"1299\" data-end=\"1349\">Cam\u00e9ra principale 50 MP avec stabilisation OIS<\/strong><br data-start=\"1349\" data-end=\"1352\" \/>\u2714 \ud83e\udd33 <strong data-start=\"1357\" data-end=\"1408\">Cam\u00e9ra selfie 50 MP autofocus avec double flash<\/strong><br data-start=\"1408\" data-end=\"1411\" \/>\u2714 \u26a1 <strong data-start=\"1415\" data-end=\"1468\">Processeur MediaTek Helio G99 Ultimate performant<\/strong><br data-start=\"1468\" data-end=\"1471\" \/>\u2714 \ud83d\udd0b <strong data-start=\"1476\" data-end=\"1510\">Batterie longue dur\u00e9e 5000 mAh<\/strong><br data-start=\"1510\" data-end=\"1513\" \/>\u2714 \u26a1 <strong data-start=\"1517\" data-end=\"1546\">Charge rapide jusqu\u2019\u00e0 45W<\/strong><br data-start=\"1546\" data-end=\"1549\" \/>\u2714 \ud83d\udd10 <strong data-start=\"1554\" data-end=\"1599\">Capteur d\u2019empreinte digitale sous l\u2019\u00e9cran<\/strong><\/p>\n<hr data-start=\"1601\" data-end=\"1604\" \/>\n<h1 data-section-id=\"ys7y0m\" data-start=\"1606\" data-end=\"1617\">\ud83d\udcf8 Cam\u00e9ra<\/h1>\n<ul data-start=\"1619\" data-end=\"1808\">\n<li data-section-id=\"15i93km\" data-start=\"1619\" data-end=\"1661\">\n<p data-start=\"1621\" data-end=\"1661\">\ud83d\udcf7 <strong data-start=\"1624\" data-end=\"1659\">Cam\u00e9ra principale : 50 MP (OIS)<\/strong><\/p>\n<\/li>\n<li data-section-id=\"1nia8kp\" data-start=\"1662\" data-end=\"1698\">\n<p data-start=\"1664\" data-end=\"1698\">\ud83d\udce1 <strong data-start=\"1667\" data-end=\"1696\">Capteur profondeur : 2 MP<\/strong><\/p>\n<\/li>\n<li data-section-id=\"11qd8cd\" data-start=\"1699\" data-end=\"1738\">\n<p data-start=\"1701\" data-end=\"1738\">\ud83e\udd33 <strong data-start=\"1704\" data-end=\"1736\">Cam\u00e9ra frontale : 50 MP (AF)<\/strong><\/p>\n<\/li>\n<li data-section-id=\"1hu405e\" data-start=\"1739\" data-end=\"1808\">\n<p data-start=\"1741\" data-end=\"1808\">\ud83c\udfa5 <strong data-start=\"1744\" data-end=\"1768\">Vid\u00e9o : 2K \/ Full HD<\/strong><\/p>\n<\/li>\n<\/ul>\n<hr data-start=\"1810\" data-end=\"1813\" \/>\n<h1 data-section-id=\"1gx1fos\" data-start=\"1815\" data-end=\"1835\">\ud83d\udcca Fiche Technique<\/h1>\n<div class=\"TyagGW_tableContainer\">\n<div class=\"group TyagGW_tableWrapper flex flex-col-reverse w-fit\" tabindex=\"-1\">\n<table class=\"w-fit min-w-(--thread-content-width)\" data-start=\"1837\" data-end=\"2366\">\n<thead data-start=\"1837\" data-end=\"1866\">\n<tr data-start=\"1837\" data-end=\"1866\">\n<th class=\"\" data-start=\"1837\" data-end=\"1855\" data-col-size=\"sm\">Caract\u00e9ristique<\/th>\n<th class=\"\" data-start=\"1855\" data-end=\"1866\" data-col-size=\"sm\">D\u00e9tails<\/th>\n<\/tr>\n<\/thead>\n<tbody data-start=\"1877\" data-end=\"2366\">\n<tr data-start=\"1877\" data-end=\"1895\">\n<td data-start=\"1877\" data-end=\"1886\" data-col-size=\"sm\">Marque<\/td>\n<td data-start=\"1886\" data-end=\"1895\" data-col-size=\"sm\">Tecno<\/td>\n<\/tr>\n<tr data-start=\"1896\" data-end=\"1921\">\n<td data-start=\"1896\" data-end=\"1905\" data-col-size=\"sm\">Mod\u00e8le<\/td>\n<td data-start=\"1905\" data-end=\"1921\" data-col-size=\"sm\"><strong data-start=\"1907\" data-end=\"1919\">Camon 30<\/strong><\/td>\n<\/tr>\n<tr data-start=\"1922\" data-end=\"1941\">\n<td data-start=\"1922\" data-end=\"1931\" data-col-size=\"sm\">R\u00e9seau<\/td>\n<td data-start=\"1931\" data-end=\"1941\" data-col-size=\"sm\">4G LTE<\/td>\n<\/tr>\n<tr data-start=\"1942\" data-end=\"1976\">\n<td data-start=\"1942\" data-end=\"1950\" data-col-size=\"sm\">\u00c9cran<\/td>\n<td data-start=\"1950\" data-end=\"1976\" data-col-size=\"sm\"><strong data-start=\"1952\" data-end=\"1974\">6.78 pouces AMOLED<\/strong><\/td>\n<\/tr>\n<tr data-start=\"1977\" data-end=\"2012\">\n<td data-start=\"1977\" data-end=\"1990\" data-col-size=\"sm\">R\u00e9solution<\/td>\n<td data-start=\"1990\" data-end=\"2012\" data-col-size=\"sm\">1080 \u00d7 2436 (FHD+)<\/td>\n<\/tr>\n<tr data-start=\"2013\" data-end=\"2054\">\n<td data-start=\"2013\" data-end=\"2040\" data-col-size=\"sm\">Taux de rafra\u00eechissement<\/td>\n<td data-start=\"2040\" data-end=\"2054\" data-col-size=\"sm\"><strong data-start=\"2042\" data-end=\"2052\">120 Hz<\/strong><\/td>\n<\/tr>\n<tr data-start=\"2055\" data-end=\"2103\">\n<td data-start=\"2055\" data-end=\"2068\" data-col-size=\"sm\">Processeur<\/td>\n<td data-start=\"2068\" data-end=\"2103\" data-col-size=\"sm\"><strong data-start=\"2070\" data-end=\"2101\">MediaTek Helio G99 Ultimate<\/strong><\/td>\n<\/tr>\n<tr data-start=\"2104\" data-end=\"2139\">\n<td data-start=\"2104\" data-end=\"2110\" data-col-size=\"sm\">RAM<\/td>\n<td data-start=\"2110\" data-end=\"2139\" data-col-size=\"sm\"><strong data-start=\"2112\" data-end=\"2137\">8 Go (+RAM virtuelle)<\/strong><\/td>\n<\/tr>\n<tr data-start=\"2140\" data-end=\"2165\">\n<td data-start=\"2140\" data-end=\"2151\" data-col-size=\"sm\">Stockage<\/td>\n<td data-start=\"2151\" data-end=\"2165\" data-col-size=\"sm\"><strong data-start=\"2153\" data-end=\"2163\">256 Go<\/strong><\/td>\n<\/tr>\n<tr data-start=\"2166\" data-end=\"2206\">\n<td data-start=\"2166\" data-end=\"2183\" data-col-size=\"sm\">Cam\u00e9ra arri\u00e8re<\/td>\n<td data-start=\"2183\" data-end=\"2206\" data-col-size=\"sm\"><strong data-start=\"2185\" data-end=\"2204\">50MP + 2MP (2K)<\/strong><\/td>\n<\/tr>\n<tr data-start=\"2207\" data-end=\"2243\">\n<td data-start=\"2207\" data-end=\"2225\" data-col-size=\"sm\">Cam\u00e9ra frontale<\/td>\n<td data-start=\"2225\" data-end=\"2243\" data-col-size=\"sm\"><strong data-start=\"2227\" data-end=\"2241\">50MP (FHD)<\/strong><\/td>\n<\/tr>\n<tr data-start=\"2244\" data-end=\"2271\">\n<td data-start=\"2244\" data-end=\"2255\" data-col-size=\"sm\">Batterie<\/td>\n<td data-start=\"2255\" data-end=\"2271\" data-col-size=\"sm\"><strong data-start=\"2257\" data-end=\"2269\">5000 mAh<\/strong><\/td>\n<\/tr>\n<tr data-start=\"2272\" data-end=\"2299\">\n<td data-start=\"2272\" data-end=\"2288\" data-col-size=\"sm\">Charge rapide<\/td>\n<td data-start=\"2288\" data-end=\"2299\" data-col-size=\"sm\"><strong data-start=\"2290\" data-end=\"2297\">45W<\/strong><\/td>\n<\/tr>\n<tr data-start=\"2300\" data-end=\"2327\">\n<td data-start=\"2300\" data-end=\"2306\" data-col-size=\"sm\">SIM<\/td>\n<td data-start=\"2306\" data-end=\"2327\" data-col-size=\"sm\"><strong data-start=\"2308\" data-end=\"2325\">Dual Nano SIM<\/strong><\/td>\n<\/tr>\n<tr data-start=\"2328\" data-end=\"2366\">\n<td data-start=\"2328\" data-end=\"2338\" data-col-size=\"sm\">Syst\u00e8me<\/td>\n<td data-start=\"2338\" data-end=\"2366\" data-col-size=\"sm\"><strong data-start=\"2340\" data-end=\"2364\">Android 14 \/ HiOS 14<\/strong><\/td>\n<\/tr>\n<\/tbody>\n<\/table>\n<\/div>\n<\/div>\n<hr data-start=\"2368\" data-end=\"2371\" \/>\n<h1 data-section-id=\"6f7tr2\" data-start=\"2373\" data-end=\"2394\">\ud83d\udce6 Contenu du colis<\/h1>\n<ul data-start=\"2396\" data-end=\"2541\">\n<li data-section-id=\"sro2uo\" data-start=\"2396\" data-end=\"2422\">\n<p data-start=\"2398\" data-end=\"2422\">1 \u00d7 <strong data-start=\"2402\" data-end=\"2420\">Tecno Camon 30<\/strong><\/p>\n<\/li>\n<li data-section-id=\"1laildk\" data-start=\"2423\" data-end=\"2446\">\n<p data-start=\"2425\" data-end=\"2446\">1 \u00d7 Chargeur rapide<\/p>\n<\/li>\n<li data-section-id=\"1cuiaz2\" data-start=\"2447\" data-end=\"2466\">\n<p data-start=\"2449\" data-end=\"2466\">1 \u00d7 C\u00e2ble USB-C<\/p>\n<\/li>\n<li data-section-id=\"kvuwap\" data-start=\"2467\" data-end=\"2494\">\n<p data-start=\"2469\" data-end=\"2494\">1 \u00d7 Coque de protection<\/p>\n<\/li>\n<li data-section-id=\"12haphu\" data-start=\"2495\" data-end=\"2512\">\n<p data-start=\"2497\" data-end=\"2512\">1 \u00d7 Outil SIM<\/p>\n<\/li>\n<li data-section-id=\"euolri\" data-start=\"2513\" data-end=\"2541\">\n<p data-start=\"2515\" data-end=\"2541\">1 \u00d7 Manuel d\u2019utilisation<\/p>\n<\/li>\n<\/ul>\n<hr data-start=\"2543\" data-end=\"2546\" \/>\n<p data-start=\"2548\" data-end=\"2697\">\ud83d\udcf1 <strong data-start=\"2551\" data-end=\"2697\">Le Tecno Camon 30 combine \u00e9cran AMOLED 120 Hz, cam\u00e9ra 50 MP avec OIS et grande batterie pour une exp\u00e9rience smartphone moderne et performante.<\/strong><\/p>\n<\/div>\n<\/div>\n<\/div>\n<\/div>\n<\/div>\n<\/div>\n<\/article>\n<\/div>\n<\/div>\n<\/div>\n<\/div>\n<p><\/main><\/div>\n<\/div>\n<\/div>\n<\/div>\n<\/div>\n","protected":false},"excerpt":{"rendered":"<p>D\u00e9couvrez le Tecno Camon 30, un smartphone moderne con\u00e7u pour offrir photographie avanc\u00e9e, \u00e9cran AMOLED fluide et performances solides. Son \u00e9cran AMOLED de 6.78 pouces Full HD+ avec taux de rafra\u00eechissement 120 Hz offre une exp\u00e9rience visuelle immersive et tr\u00e8s fluide pour les vid\u00e9os, jeux et r\u00e9seaux sociaux. Propuls\u00e9 par le processeur MediaTek Helio G99&hellip;<\/p>\n","protected":false},"featured_media":16687,"comment_status":"open","ping_status":"closed","template":"","meta":[],"product_cat":[85],"product_tag":[],"class_list":{"0":"post-16684","1":"product","2":"type-product","3":"status-publish","4":"has-post-thumbnail","6":"product_brand-tecno","7":"product_cat-tecno","9":"first","10":"instock","11":"sale","12":"shipping-taxable","13":"purchasable","14":"product-type-simple","15":"col-xs-6 col-sm-4","16":"col-md-3 col-lg-3","17":"un-4-cols"},"_links":{"self":[{"href":"https:\/\/www.vazy.market\/index.php\/wp-json\/wp\/v2\/product\/16684","targetHints":{"allow":["GET"]}}],"collection":[{"href":"https:\/\/www.vazy.market\/index.php\/wp-json\/wp\/v2\/product"}],"about":[{"href":"https:\/\/www.vazy.market\/index.php\/wp-json\/wp\/v2\/types\/product"}],"replies":[{"embeddable":true,"href":"https:\/\/www.vazy.market\/index.php\/wp-json\/wp\/v2\/comments?post=16684"}],"wp:featuredmedia":[{"embeddable":true,"href":"https:\/\/www.vazy.market\/index.php\/wp-json\/wp\/v2\/media\/16687"}],"wp:attachment":[{"href":"https:\/\/www.vazy.market\/index.php\/wp-json\/wp\/v2\/media?parent=16684"}],"wp:term":[{"taxonomy":"product_cat","embeddable":true,"href":"https:\/\/www.vazy.market\/index.php\/wp-json\/wp\/v2\/product_cat?post=16684"},{"taxonomy":"product_tag","embeddable":true,"href":"https:\/\/www.vazy.market\/index.php\/wp-json\/wp\/v2\/product_tag?post=16684"}],"curies":[{"name":"wp","href":"https:\/\/api.w.org\/{rel}","templated":true}]}}