{"id":16680,"date":"2026-03-16T21:49:41","date_gmt":"2026-03-16T21:49:41","guid":{"rendered":"https:\/\/www.vazy.market\/?post_type=product&#038;p=16680"},"modified":"2026-03-25T09:37:10","modified_gmt":"2026-03-25T09:37:10","slug":"tecno-camon-20-pro-4g-6-67-256go8go-64mp2mpai-fhd32mp-fhd-dual-nano-sim-5000mah","status":"publish","type":"product","link":"https:\/\/www.vazy.market\/index.php\/product\/tecno-camon-20-pro-4g-6-67-256go8go-64mp2mpai-fhd32mp-fhd-dual-nano-sim-5000mah\/","title":{"rendered":"\ud83d\udcf1 TECNO CAMON 20 PRO 4G &#8211; 6.67&Prime; &#8211; 256Go|8Go &#8211; 64MP+2MP+AI FHD|32MP FHD &#8211; Dual Nano SIM &#8211; 5000mAh"},"content":{"rendered":"<article class=\"text-token-text-primary w-full focus:outline-none [--shadow-height:45px] has-data-writing-block:pointer-events-none has-data-writing-block:-mt-(--shadow-height) has-data-writing-block:pt-(--shadow-height) [&amp;:has([data-writing-block])&gt;*]:pointer-events-auto scroll-mt-(--header-height)\" dir=\"auto\" tabindex=\"-1\" data-turn-id=\"933f3495-01c6-4a0c-8057-458ec462b1e1\" data-testid=\"conversation-turn-217\" data-scroll-anchor=\"false\" data-turn=\"user\"><\/article>\n<article class=\"text-token-text-primary w-full focus:outline-none [--shadow-height:45px] has-data-writing-block:pointer-events-none has-data-writing-block:-mt-(--shadow-height) has-data-writing-block:pt-(--shadow-height) [&amp;:has([data-writing-block])&gt;*]:pointer-events-auto scroll-mt-[calc(var(--header-height)+min(200px,max(70px,20svh)))]\" dir=\"auto\" tabindex=\"-1\" data-turn-id=\"request-69add934-1d50-8332-91d7-d97a2ee2331f-18\" data-testid=\"conversation-turn-218\" data-scroll-anchor=\"true\" data-turn=\"assistant\">\n<div class=\"text-base my-auto mx-auto pb-10 [--thread-content-margin:var(--thread-content-margin-xs,calc(var(--spacing)*4))] @w-sm\/main:[--thread-content-margin:var(--thread-content-margin-sm,calc(var(--spacing)*6))] @w-lg\/main:[--thread-content-margin:var(--thread-content-margin-lg,calc(var(--spacing)*16))] px-(--thread-content-margin)\">\n<div class=\"[--thread-content-max-width:40rem] @w-lg\/main:[--thread-content-max-width:48rem] mx-auto max-w-(--thread-content-max-width) flex-1 group\/turn-messages focus-visible:outline-hidden relative flex w-full min-w-0 flex-col agent-turn\" tabindex=\"-1\">\n<div class=\"flex max-w-full flex-col gap-4 grow\">\n<div class=\"min-h-8 text-message relative flex w-full flex-col items-end gap-2 text-start break-words whitespace-normal [.text-message+&amp;]:mt-1\" dir=\"auto\" data-message-author-role=\"assistant\" data-message-id=\"685d471a-f9c8-48a4-a055-fd6b8b768f6e\" data-message-model-slug=\"gpt-5-3\">\n<div class=\"flex w-full flex-col gap-1 empty:hidden\">\n<div class=\"streaming-animation markdown prose dark:prose-invert w-full wrap-break-word light markdown-new-styling\">\n<div class=\"flex h-svh w-screen flex-col\">\n<div class=\"relative z-0 flex min-h-0 w-full flex-1\">\n<div class=\"relative flex min-h-0 w-full flex-1\">\n<div class=\"@container\/main relative flex min-w-0 flex-1 flex-col -translate-y-[calc(env(safe-area-inset-bottom,0px)\/2)] pt-[calc(env(safe-area-inset-bottom,0px)\/2)]\">\n<div class=\"@w-sm\/main:[scrollbar-gutter:stable_both-edges] touch:[scrollbar-width:none] relative flex min-h-0 min-w-0 flex-1 flex-col [scrollbar-gutter:stable] not-print:overflow-x-clip not-print:overflow-y-auto scroll-pt-(--header-height) [--sticky-padding-top:var(--header-height)] has-data-[fixed-header=less-than-xl]:@w-xl\/main:scroll-pt-0 has-data-[fixed-header=less-than-xl]:@w-xl\/main:[--sticky-padding-top:0px] has-data-[fixed-header=less-than-xxl]:@w-2xl\/main:scroll-pt-0 has-data-[fixed-header=less-than-xxl]:@w-2xl\/main:[--sticky-padding-top:0px]\" data-scroll-root=\"\"><main id=\"main\" class=\"min-h-0 flex-1\"><\/p>\n<div id=\"thread\" class=\"group\/thread flex flex-col min-h-full\">\n<div class=\"composer-parent flex flex-1 flex-col focus-visible:outline-0\" role=\"presentation\">\n<div class=\"relative basis-auto flex-col -mb-(--composer-overlap-px) [--composer-overlap-px:28px] grow flex\">\n<div class=\"flex flex-col text-sm pb-25\">\n<article class=\"text-token-text-primary w-full focus:outline-none [--shadow-height:45px] has-data-writing-block:pointer-events-none has-data-writing-block:-mt-(--shadow-height) has-data-writing-block:pt-(--shadow-height) [&amp;:has([data-writing-block])&gt;*]:pointer-events-auto scroll-mt-[calc(var(--header-height)+min(200px,max(70px,20svh)))]\" dir=\"auto\" tabindex=\"-1\" data-turn-id=\"request-69add934-1d50-8332-91d7-d97a2ee2331f-18\" data-testid=\"conversation-turn-218\" data-scroll-anchor=\"true\" data-turn=\"assistant\">\n<div class=\"text-base my-auto mx-auto pb-10 [--thread-content-margin:var(--thread-content-margin-xs,calc(var(--spacing)*4))] @w-sm\/main:[--thread-content-margin:var(--thread-content-margin-sm,calc(var(--spacing)*6))] @w-lg\/main:[--thread-content-margin:var(--thread-content-margin-lg,calc(var(--spacing)*16))] px-(--thread-content-margin)\">\n<div class=\"[--thread-content-max-width:40rem] @w-lg\/main:[--thread-content-max-width:48rem] mx-auto max-w-(--thread-content-max-width) flex-1 group\/turn-messages focus-visible:outline-hidden relative flex w-full min-w-0 flex-col agent-turn\" tabindex=\"-1\">\n<div class=\"flex max-w-full flex-col gap-4 grow\">\n<div class=\"min-h-8 text-message relative flex w-full flex-col items-end gap-2 text-start break-words whitespace-normal [.text-message+&amp;]:mt-1\" dir=\"auto\" data-message-author-role=\"assistant\" data-message-id=\"685d471a-f9c8-48a4-a055-fd6b8b768f6e\" data-message-model-slug=\"gpt-5-3\">\n<div class=\"flex w-full flex-col gap-1 empty:hidden\">\n<div class=\"streaming-animation markdown prose dark:prose-invert w-full wrap-break-word light markdown-new-styling\">\n<p data-start=\"106\" data-end=\"493\">D\u00e9couvrez le <strong data-start=\"119\" data-end=\"141\">Tecno Camon 20 Pro<\/strong>, un smartphone con\u00e7u pour offrir <strong data-start=\"175\" data-end=\"244\">photographie avanc\u00e9e, \u00e9cran AMOLED fluide et performances solides<\/strong> pour les utilisateurs modernes. Son <strong data-start=\"281\" data-end=\"358\">\u00e9cran AMOLED de 6.67 pouces Full HD+ avec taux de rafra\u00eechissement 120 Hz<\/strong> garantit une exp\u00e9rience visuelle fluide et immersive pour les vid\u00e9os, jeux et r\u00e9seaux sociaux.<\/p>\n<p data-start=\"495\" data-end=\"803\">Propuls\u00e9 par le <strong data-start=\"511\" data-end=\"559\">processeur MediaTek Helio G99 et 8 Go de RAM<\/strong>, ce smartphone offre une utilisation rapide et fluide pour le multit\u00e2che et les applications du quotidien. Son <strong data-start=\"671\" data-end=\"693\">stockage de 256 Go<\/strong> permet de conserver facilement photos, vid\u00e9os et fichiers volumineux.<\/p>\n<p data-start=\"805\" data-end=\"1088\">Son <strong data-start=\"809\" data-end=\"881\">appareil photo principal de 64 MP avec capteur IA et flash Quad Ring<\/strong> capture des photos d\u00e9taill\u00e9es m\u00eame en faible luminosit\u00e9, tandis que la <strong data-start=\"953\" data-end=\"999\">cam\u00e9ra frontale de 32 MP avec double flash<\/strong> est id\u00e9ale pour les selfies et les appels vid\u00e9o.<\/p>\n<p data-start=\"1090\" data-end=\"1241\">La <strong data-start=\"1093\" data-end=\"1140\">batterie de 5000 mAh avec charge rapide 33W<\/strong> assure une excellente autonomie pour tenir toute la journ\u00e9e.<\/p>\n<hr data-start=\"1243\" data-end=\"1246\" \/>\n<h1 data-section-id=\"gug16d\" data-start=\"1248\" data-end=\"1264\">\u2b50 Points forts<\/h1>\n<p data-start=\"1266\" data-end=\"1604\">\u2714 \ud83d\udcf1 <strong data-start=\"1271\" data-end=\"1317\">\u00c9cran AMOLED 6.67&Prime; FHD+ 120Hz ultra fluide<\/strong><br data-start=\"1317\" data-end=\"1320\" \/>\u2714 \ud83d\udcf8 <strong data-start=\"1325\" data-end=\"1374\">Cam\u00e9ra principale 64 MP avec IA et Ring Flash<\/strong><br data-start=\"1374\" data-end=\"1377\" \/>\u2714 \ud83e\udd33 <strong data-start=\"1382\" data-end=\"1423\">Cam\u00e9ra selfie 32 MP avec double flash<\/strong><br data-start=\"1423\" data-end=\"1426\" \/>\u2714 \u26a1 <strong data-start=\"1430\" data-end=\"1474\">Processeur MediaTek Helio G99 performant<\/strong><br data-start=\"1474\" data-end=\"1477\" \/>\u2714 \ud83d\udd0b <strong data-start=\"1482\" data-end=\"1516\">Batterie longue dur\u00e9e 5000 mAh<\/strong><br data-start=\"1516\" data-end=\"1519\" \/>\u2714 \u26a1 <strong data-start=\"1523\" data-end=\"1551\">Charge rapide 33W Type-C<\/strong><br data-start=\"1551\" data-end=\"1554\" \/>\u2714 \ud83d\udd10 <strong data-start=\"1559\" data-end=\"1604\">Capteur d\u2019empreinte digitale sous l\u2019\u00e9cran<\/strong><\/p>\n<hr data-start=\"1606\" data-end=\"1609\" \/>\n<h1 data-section-id=\"ys7y0m\" data-start=\"1611\" data-end=\"1622\">\ud83d\udcf8 Cam\u00e9ra<\/h1>\n<ul data-start=\"1624\" data-end=\"1784\">\n<li data-section-id=\"14zj6ud\" data-start=\"1624\" data-end=\"1660\">\n<p data-start=\"1626\" data-end=\"1660\">\ud83d\udcf7 <strong data-start=\"1629\" data-end=\"1658\">Cam\u00e9ra principale : 64 MP<\/strong><\/p>\n<\/li>\n<li data-section-id=\"1i9oltx\" data-start=\"1661\" data-end=\"1697\">\n<p data-start=\"1663\" data-end=\"1697\">\ud83d\udd0d <strong data-start=\"1666\" data-end=\"1695\">Capteur profondeur : 2 MP<\/strong><\/p>\n<\/li>\n<li data-section-id=\"1knsjy0\" data-start=\"1698\" data-end=\"1719\">\n<p data-start=\"1700\" data-end=\"1719\">\ud83d\udce1 <strong data-start=\"1703\" data-end=\"1717\">Capteur IA<\/strong><\/p>\n<\/li>\n<li data-section-id=\"18ttxxb\" data-start=\"1720\" data-end=\"1754\">\n<p data-start=\"1722\" data-end=\"1754\">\ud83e\udd33 <strong data-start=\"1725\" data-end=\"1752\">Cam\u00e9ra frontale : 32 MP<\/strong><\/p>\n<\/li>\n<li data-section-id=\"9wfq1\" data-start=\"1755\" data-end=\"1784\">\n<p data-start=\"1757\" data-end=\"1784\">\ud83c\udfa5 <strong data-start=\"1760\" data-end=\"1784\">Vid\u00e9o : Full HD \/ 4K<\/strong><\/p>\n<\/li>\n<\/ul>\n<hr data-start=\"1786\" data-end=\"1789\" \/>\n<h1 data-section-id=\"1gx1fos\" data-start=\"1791\" data-end=\"1811\">\ud83d\udcca Fiche Technique<\/h1>\n<div class=\"TyagGW_tableContainer\">\n<div class=\"group TyagGW_tableWrapper flex flex-col-reverse w-fit\" tabindex=\"-1\">\n<table class=\"w-fit min-w-(--thread-content-width)\" data-start=\"1813\" data-end=\"2356\">\n<thead data-start=\"1813\" data-end=\"1842\">\n<tr data-start=\"1813\" data-end=\"1842\">\n<th class=\"\" data-start=\"1813\" data-end=\"1831\" data-col-size=\"sm\">Caract\u00e9ristique<\/th>\n<th class=\"\" data-start=\"1831\" data-end=\"1842\" data-col-size=\"sm\">D\u00e9tails<\/th>\n<\/tr>\n<\/thead>\n<tbody data-start=\"1853\" data-end=\"2356\">\n<tr data-start=\"1853\" data-end=\"1871\">\n<td data-start=\"1853\" data-end=\"1862\" data-col-size=\"sm\">Marque<\/td>\n<td data-start=\"1862\" data-end=\"1871\" data-col-size=\"sm\">Tecno<\/td>\n<\/tr>\n<tr data-start=\"1872\" data-end=\"1901\">\n<td data-start=\"1872\" data-end=\"1881\" data-col-size=\"sm\">Mod\u00e8le<\/td>\n<td data-start=\"1881\" data-end=\"1901\" data-col-size=\"sm\"><strong data-start=\"1883\" data-end=\"1899\">Camon 20 Pro<\/strong><\/td>\n<\/tr>\n<tr data-start=\"1902\" data-end=\"1921\">\n<td data-start=\"1902\" data-end=\"1911\" data-col-size=\"sm\">R\u00e9seau<\/td>\n<td data-start=\"1911\" data-end=\"1921\" data-col-size=\"sm\">4G LTE<\/td>\n<\/tr>\n<tr data-start=\"1922\" data-end=\"1956\">\n<td data-start=\"1922\" data-end=\"1930\" data-col-size=\"sm\">\u00c9cran<\/td>\n<td data-start=\"1930\" data-end=\"1956\" data-col-size=\"sm\"><strong data-start=\"1932\" data-end=\"1954\">6.67 pouces AMOLED<\/strong><\/td>\n<\/tr>\n<tr data-start=\"1957\" data-end=\"1992\">\n<td data-start=\"1957\" data-end=\"1970\" data-col-size=\"sm\">R\u00e9solution<\/td>\n<td data-start=\"1970\" data-end=\"1992\" data-col-size=\"sm\">2400 \u00d7 1080 (FHD+)<\/td>\n<\/tr>\n<tr data-start=\"1993\" data-end=\"2034\">\n<td data-start=\"1993\" data-end=\"2020\" data-col-size=\"sm\">Taux de rafra\u00eechissement<\/td>\n<td data-start=\"2020\" data-end=\"2034\" data-col-size=\"sm\"><strong data-start=\"2022\" data-end=\"2032\">120 Hz<\/strong><\/td>\n<\/tr>\n<tr data-start=\"2035\" data-end=\"2084\">\n<td data-start=\"2035\" data-end=\"2048\" data-col-size=\"sm\">Processeur<\/td>\n<td data-start=\"2048\" data-end=\"2084\" data-col-size=\"sm\"><strong data-start=\"2050\" data-end=\"2082\">MediaTek Helio G99 Octa-Core<\/strong><\/td>\n<\/tr>\n<tr data-start=\"2085\" data-end=\"2120\">\n<td data-start=\"2085\" data-end=\"2091\" data-col-size=\"sm\">RAM<\/td>\n<td data-start=\"2091\" data-end=\"2120\" data-col-size=\"sm\"><strong data-start=\"2093\" data-end=\"2118\">8 Go (+RAM virtuelle)<\/strong><\/td>\n<\/tr>\n<tr data-start=\"2121\" data-end=\"2146\">\n<td data-start=\"2121\" data-end=\"2132\" data-col-size=\"sm\">Stockage<\/td>\n<td data-start=\"2132\" data-end=\"2146\" data-col-size=\"sm\"><strong data-start=\"2134\" data-end=\"2144\">256 Go<\/strong><\/td>\n<\/tr>\n<tr data-start=\"2147\" data-end=\"2196\">\n<td data-start=\"2147\" data-end=\"2164\" data-col-size=\"sm\">Cam\u00e9ra arri\u00e8re<\/td>\n<td data-start=\"2164\" data-end=\"2196\" data-col-size=\"sm\"><strong data-start=\"2166\" data-end=\"2194\">64MP + 2MP + AI (FHD\/4K)<\/strong><\/td>\n<\/tr>\n<tr data-start=\"2197\" data-end=\"2233\">\n<td data-start=\"2197\" data-end=\"2215\" data-col-size=\"sm\">Cam\u00e9ra frontale<\/td>\n<td data-start=\"2215\" data-end=\"2233\" data-col-size=\"sm\"><strong data-start=\"2217\" data-end=\"2231\">32MP (FHD)<\/strong><\/td>\n<\/tr>\n<tr data-start=\"2234\" data-end=\"2261\">\n<td data-start=\"2234\" data-end=\"2245\" data-col-size=\"sm\">Batterie<\/td>\n<td data-start=\"2245\" data-end=\"2261\" data-col-size=\"sm\"><strong data-start=\"2247\" data-end=\"2259\">5000 mAh<\/strong><\/td>\n<\/tr>\n<tr data-start=\"2262\" data-end=\"2289\">\n<td data-start=\"2262\" data-end=\"2278\" data-col-size=\"sm\">Charge rapide<\/td>\n<td data-start=\"2278\" data-end=\"2289\" data-col-size=\"sm\"><strong data-start=\"2280\" data-end=\"2287\">33W<\/strong><\/td>\n<\/tr>\n<tr data-start=\"2290\" data-end=\"2317\">\n<td data-start=\"2290\" data-end=\"2296\" data-col-size=\"sm\">SIM<\/td>\n<td data-start=\"2296\" data-end=\"2317\" data-col-size=\"sm\"><strong data-start=\"2298\" data-end=\"2315\">Dual Nano SIM<\/strong><\/td>\n<\/tr>\n<tr data-start=\"2318\" data-end=\"2356\">\n<td data-start=\"2318\" data-end=\"2328\" data-col-size=\"sm\">Syst\u00e8me<\/td>\n<td data-start=\"2328\" data-end=\"2356\" data-col-size=\"sm\"><strong data-start=\"2330\" data-end=\"2354\">Android 13 \/ HiOS 13<\/strong><\/td>\n<\/tr>\n<\/tbody>\n<\/table>\n<\/div>\n<\/div>\n<hr data-start=\"2358\" data-end=\"2361\" \/>\n<h1 data-section-id=\"6f7tr2\" data-start=\"2363\" data-end=\"2384\">\ud83d\udce6 Contenu du colis<\/h1>\n<ul data-start=\"2386\" data-end=\"2535\">\n<li data-section-id=\"12jjfy4\" data-start=\"2386\" data-end=\"2416\">\n<p data-start=\"2388\" data-end=\"2416\">1 \u00d7 <strong data-start=\"2392\" data-end=\"2414\">Tecno Camon 20 Pro<\/strong><\/p>\n<\/li>\n<li data-section-id=\"1laildk\" data-start=\"2417\" data-end=\"2440\">\n<p data-start=\"2419\" data-end=\"2440\">1 \u00d7 Chargeur rapide<\/p>\n<\/li>\n<li data-section-id=\"1cuiaz2\" data-start=\"2441\" data-end=\"2460\">\n<p data-start=\"2443\" data-end=\"2460\">1 \u00d7 C\u00e2ble USB-C<\/p>\n<\/li>\n<li data-section-id=\"kvuwap\" data-start=\"2461\" data-end=\"2488\">\n<p data-start=\"2463\" data-end=\"2488\">1 \u00d7 Coque de protection<\/p>\n<\/li>\n<li data-section-id=\"12haphu\" data-start=\"2489\" data-end=\"2506\">\n<p data-start=\"2491\" data-end=\"2506\">1 \u00d7 Outil SIM<\/p>\n<\/li>\n<li data-section-id=\"euolri\" data-start=\"2507\" data-end=\"2535\">\n<p data-start=\"2509\" data-end=\"2535\">1 \u00d7 Manuel d\u2019utilisation<\/p>\n<\/li>\n<\/ul>\n<hr data-start=\"2537\" data-end=\"2540\" \/>\n<p data-start=\"2542\" data-end=\"2687\">\ud83d\udcf1 <strong data-start=\"2545\" data-end=\"2687\">Le Tecno Camon 20 Pro combine \u00e9cran AMOLED 120 Hz, cam\u00e9ra 64 MP et grande autonomie pour une exp\u00e9rience smartphone moderne et performante.<\/strong><\/p>\n<\/div>\n<\/div>\n<\/div>\n<\/div>\n<\/div>\n<\/div>\n<\/article>\n<\/div>\n<\/div>\n<\/div>\n<\/div>\n<p><\/main><\/div>\n<\/div>\n<\/div>\n<\/div>\n<\/div>\n<\/div>\n<\/div>\n<\/div>\n<\/div>\n<\/div>\n<\/div>\n<\/article>\n","protected":false},"excerpt":{"rendered":"<p>D\u00e9couvrez le Tecno Camon 20 Pro, un smartphone con\u00e7u pour offrir photographie avanc\u00e9e, \u00e9cran AMOLED fluide et performances solides pour les utilisateurs modernes. Son \u00e9cran AMOLED de 6.67 pouces Full HD+ avec taux de rafra\u00eechissement 120 Hz garantit une exp\u00e9rience visuelle fluide et immersive pour les vid\u00e9os, jeux et r\u00e9seaux sociaux. Propuls\u00e9 par le processeur&hellip;<\/p>\n","protected":false},"featured_media":16683,"comment_status":"open","ping_status":"closed","template":"","meta":[],"product_cat":[85],"product_tag":[],"class_list":{"0":"post-16680","1":"product","2":"type-product","3":"status-publish","4":"has-post-thumbnail","6":"product_brand-tecno","7":"product_cat-tecno","9":"first","10":"instock","11":"sale","12":"shipping-taxable","13":"purchasable","14":"product-type-simple","15":"col-xs-6 col-sm-4","16":"col-md-3 col-lg-3","17":"un-4-cols"},"_links":{"self":[{"href":"https:\/\/www.vazy.market\/index.php\/wp-json\/wp\/v2\/product\/16680","targetHints":{"allow":["GET"]}}],"collection":[{"href":"https:\/\/www.vazy.market\/index.php\/wp-json\/wp\/v2\/product"}],"about":[{"href":"https:\/\/www.vazy.market\/index.php\/wp-json\/wp\/v2\/types\/product"}],"replies":[{"embeddable":true,"href":"https:\/\/www.vazy.market\/index.php\/wp-json\/wp\/v2\/comments?post=16680"}],"wp:featuredmedia":[{"embeddable":true,"href":"https:\/\/www.vazy.market\/index.php\/wp-json\/wp\/v2\/media\/16683"}],"wp:attachment":[{"href":"https:\/\/www.vazy.market\/index.php\/wp-json\/wp\/v2\/media?parent=16680"}],"wp:term":[{"taxonomy":"product_cat","embeddable":true,"href":"https:\/\/www.vazy.market\/index.php\/wp-json\/wp\/v2\/product_cat?post=16680"},{"taxonomy":"product_tag","embeddable":true,"href":"https:\/\/www.vazy.market\/index.php\/wp-json\/wp\/v2\/product_tag?post=16680"}],"curies":[{"name":"wp","href":"https:\/\/api.w.org\/{rel}","templated":true}]}}