{"id":16671,"date":"2026-03-16T21:36:30","date_gmt":"2026-03-16T21:36:30","guid":{"rendered":"https:\/\/www.vazy.market\/?post_type=product&#038;p=16671"},"modified":"2026-03-25T09:37:33","modified_gmt":"2026-03-25T09:37:33","slug":"tecno-camon-19-pro-4g-6-8-256go8go-3go-ram-virtuelle-64mp50mp2mp-fhd32mp-fhd-dual-nano-sim-5000mah","status":"publish","type":"product","link":"https:\/\/www.vazy.market\/index.php\/product\/tecno-camon-19-pro-4g-6-8-256go8go-3go-ram-virtuelle-64mp50mp2mp-fhd32mp-fhd-dual-nano-sim-5000mah\/","title":{"rendered":"\ud83d\udcf1 TECNO CAMON 19 PRO 4G &#8211; 6.8&Prime; &#8211; 256Go|8Go (+3Go RAM virtuelle) &#8211; 64MP+50MP+2MP FHD|32MP FHD &#8211; Dual Nano SIM &#8211; 5000mAh"},"content":{"rendered":"<div class=\"flex h-svh w-screen flex-col\">\n<div class=\"relative z-0 flex min-h-0 w-full flex-1\">\n<div class=\"relative flex min-h-0 w-full flex-1\">\n<div class=\"@container\/main relative flex min-w-0 flex-1 flex-col -translate-y-[calc(env(safe-area-inset-bottom,0px)\/2)] pt-[calc(env(safe-area-inset-bottom,0px)\/2)]\">\n<div class=\"@w-sm\/main:[scrollbar-gutter:stable_both-edges] touch:[scrollbar-width:none] relative flex min-h-0 min-w-0 flex-1 flex-col [scrollbar-gutter:stable] not-print:overflow-x-clip not-print:overflow-y-auto scroll-pt-(--header-height) [--sticky-padding-top:var(--header-height)] has-data-[fixed-header=less-than-xl]:@w-xl\/main:scroll-pt-0 has-data-[fixed-header=less-than-xl]:@w-xl\/main:[--sticky-padding-top:0px] has-data-[fixed-header=less-than-xxl]:@w-2xl\/main:scroll-pt-0 has-data-[fixed-header=less-than-xxl]:@w-2xl\/main:[--sticky-padding-top:0px]\" data-scroll-root=\"\"><main id=\"main\" class=\"min-h-0 flex-1\"><\/p>\n<div id=\"thread\" class=\"group\/thread flex flex-col min-h-full\">\n<div class=\"composer-parent flex flex-1 flex-col focus-visible:outline-0\" role=\"presentation\">\n<div class=\"relative basis-auto flex-col -mb-(--composer-overlap-px) [--composer-overlap-px:28px] grow flex\">\n<div class=\"flex flex-col text-sm pb-25\">\n<article class=\"text-token-text-primary w-full focus:outline-none [--shadow-height:45px] has-data-writing-block:pointer-events-none has-data-writing-block:-mt-(--shadow-height) has-data-writing-block:pt-(--shadow-height) [&amp;:has([data-writing-block])&gt;*]:pointer-events-auto scroll-mt-[calc(var(--header-height)+min(200px,max(70px,20svh)))]\" dir=\"auto\" tabindex=\"-1\" data-turn-id=\"request-69add934-1d50-8332-91d7-d97a2ee2331f-16\" data-testid=\"conversation-turn-214\" data-scroll-anchor=\"true\" data-turn=\"assistant\">\n<div class=\"text-base my-auto mx-auto pb-10 [--thread-content-margin:var(--thread-content-margin-xs,calc(var(--spacing)*4))] @w-sm\/main:[--thread-content-margin:var(--thread-content-margin-sm,calc(var(--spacing)*6))] @w-lg\/main:[--thread-content-margin:var(--thread-content-margin-lg,calc(var(--spacing)*16))] px-(--thread-content-margin)\">\n<div class=\"[--thread-content-max-width:40rem] @w-lg\/main:[--thread-content-max-width:48rem] mx-auto max-w-(--thread-content-max-width) flex-1 group\/turn-messages focus-visible:outline-hidden relative flex w-full min-w-0 flex-col agent-turn\" tabindex=\"-1\">\n<div class=\"flex max-w-full flex-col gap-4 grow\">\n<div class=\"min-h-8 text-message relative flex w-full flex-col items-end gap-2 text-start break-words whitespace-normal [.text-message+&amp;]:mt-1\" dir=\"auto\" data-message-author-role=\"assistant\" data-message-id=\"62a24835-3595-43db-a3af-b692ca939281\" data-message-model-slug=\"gpt-5-3\">\n<div class=\"flex w-full flex-col gap-1 empty:hidden\">\n<div class=\"streaming-animation markdown prose dark:prose-invert w-full wrap-break-word light markdown-new-styling\">\n<p data-start=\"128\" data-end=\"504\">D\u00e9couvrez le <strong data-start=\"141\" data-end=\"163\">Tecno Camon 19 Pro<\/strong>, un smartphone performant de la s\u00e9rie Camon con\u00e7u pour offrir <strong data-start=\"226\" data-end=\"284\">photographie avanc\u00e9e, \u00e9cran fluide et grande autonomie<\/strong>. Son <strong data-start=\"290\" data-end=\"367\">\u00e9cran IPS LCD de 6.8 pouces Full HD+ avec taux de rafra\u00eechissement 120 Hz<\/strong> garantit une exp\u00e9rience visuelle immersive et fluide pour les vid\u00e9os, les jeux et la navigation.<\/p>\n<p data-start=\"506\" data-end=\"828\">Propuls\u00e9 par le <strong data-start=\"522\" data-end=\"570\">processeur MediaTek Helio G96 et 8 Go de RAM<\/strong>, ce smartphone assure de bonnes performances pour le multit\u00e2che et les applications du quotidien. Il dispose \u00e9galement d\u2019un <strong data-start=\"695\" data-end=\"725\">stockage interne de 256 Go<\/strong> permettant de conserver facilement photos, vid\u00e9os et fichiers.<\/p>\n<p data-start=\"830\" data-end=\"1099\">Son <strong data-start=\"834\" data-end=\"925\">syst\u00e8me de cam\u00e9ra triple avec capteur principal de 64 MP et stabilisation optique (OIS)<\/strong> permet de capturer des photos d\u00e9taill\u00e9es, tandis que la <strong data-start=\"982\" data-end=\"1010\">cam\u00e9ra frontale de 32 MP<\/strong> est id\u00e9ale pour les selfies et les appels vid\u00e9o.<\/p>\n<p data-start=\"1101\" data-end=\"1247\">La <strong data-start=\"1104\" data-end=\"1151\">batterie de 5000 mAh avec charge rapide 33W<\/strong> assure une autonomie confortable pour toute la journ\u00e9e.<\/p>\n<hr data-start=\"1249\" data-end=\"1252\" \/>\n<h1 data-section-id=\"gug16d\" data-start=\"1254\" data-end=\"1270\">\u2b50 Points forts<\/h1>\n<p data-start=\"1272\" data-end=\"1591\">\u2714 \ud83d\udcf1 <strong data-start=\"1277\" data-end=\"1316\">Grand \u00e9cran IPS LCD 6.8&Prime; FHD+ 120Hz<\/strong><br data-start=\"1316\" data-end=\"1319\" \/>\u2714 \ud83d\udcf8 <strong data-start=\"1324\" data-end=\"1374\">Cam\u00e9ra principale 64 MP avec stabilisation OIS<\/strong><br data-start=\"1374\" data-end=\"1377\" \/>\u2714 \ud83e\udd33 <strong data-start=\"1382\" data-end=\"1422\">Cam\u00e9ra selfie 32 MP haute r\u00e9solution<\/strong><br data-start=\"1422\" data-end=\"1425\" \/>\u2714 \u26a1 <strong data-start=\"1429\" data-end=\"1473\">Processeur MediaTek Helio G96 performant<\/strong><br data-start=\"1473\" data-end=\"1476\" \/>\u2714 \ud83d\udd0b <strong data-start=\"1481\" data-end=\"1515\">Batterie longue dur\u00e9e 5000 mAh<\/strong><br data-start=\"1515\" data-end=\"1518\" \/>\u2714 \u26a1 <strong data-start=\"1522\" data-end=\"1543\">Charge rapide 33W<\/strong><br data-start=\"1543\" data-end=\"1546\" \/>\u2714 \ud83d\udd10 <strong data-start=\"1551\" data-end=\"1591\">Capteur d\u2019empreinte digitale lat\u00e9ral<\/strong><\/p>\n<hr data-start=\"1593\" data-end=\"1596\" \/>\n<h1 data-section-id=\"ys7y0m\" data-start=\"1598\" data-end=\"1609\">\ud83d\udcf8 Cam\u00e9ra<\/h1>\n<ul data-start=\"1611\" data-end=\"1837\">\n<li data-section-id=\"1kql6xd\" data-start=\"1611\" data-end=\"1653\">\n<p data-start=\"1613\" data-end=\"1653\">\ud83d\udcf7 <strong data-start=\"1616\" data-end=\"1651\">Cam\u00e9ra principale : 64 MP (OIS)<\/strong><\/p>\n<\/li>\n<li data-section-id=\"w5xavj\" data-start=\"1654\" data-end=\"1694\">\n<p data-start=\"1656\" data-end=\"1694\">\ud83d\udd2d <strong data-start=\"1659\" data-end=\"1692\">T\u00e9l\u00e9objectif portrait : 50 MP<\/strong><\/p>\n<\/li>\n<li data-section-id=\"1nia8kp\" data-start=\"1695\" data-end=\"1731\">\n<p data-start=\"1697\" data-end=\"1731\">\ud83d\udce1 <strong data-start=\"1700\" data-end=\"1729\">Capteur profondeur : 2 MP<\/strong><\/p>\n<\/li>\n<li data-section-id=\"18ttxxb\" data-start=\"1732\" data-end=\"1766\">\n<p data-start=\"1734\" data-end=\"1766\">\ud83e\udd33 <strong data-start=\"1737\" data-end=\"1764\">Cam\u00e9ra frontale : 32 MP<\/strong><\/p>\n<\/li>\n<li data-section-id=\"12nvpxp\" data-start=\"1767\" data-end=\"1837\">\n<p data-start=\"1769\" data-end=\"1837\">\ud83c\udfa5 <strong data-start=\"1772\" data-end=\"1797\">Vid\u00e9o : Full HD 1080p<\/strong><\/p>\n<\/li>\n<\/ul>\n<hr data-start=\"1839\" data-end=\"1842\" \/>\n<h1 data-section-id=\"1gx1fos\" data-start=\"1844\" data-end=\"1864\">\ud83d\udcca Fiche Technique<\/h1>\n<div class=\"TyagGW_tableContainer\">\n<div class=\"group TyagGW_tableWrapper flex flex-col-reverse w-fit\" tabindex=\"-1\">\n<table class=\"w-fit min-w-(--thread-content-width)\" data-start=\"1866\" data-end=\"2414\">\n<thead data-start=\"1866\" data-end=\"1895\">\n<tr data-start=\"1866\" data-end=\"1895\">\n<th class=\"\" data-start=\"1866\" data-end=\"1884\" data-col-size=\"sm\">Caract\u00e9ristique<\/th>\n<th class=\"\" data-start=\"1884\" data-end=\"1895\" data-col-size=\"sm\">D\u00e9tails<\/th>\n<\/tr>\n<\/thead>\n<tbody data-start=\"1906\" data-end=\"2414\">\n<tr data-start=\"1906\" data-end=\"1924\">\n<td data-start=\"1906\" data-end=\"1915\" data-col-size=\"sm\">Marque<\/td>\n<td data-start=\"1915\" data-end=\"1924\" data-col-size=\"sm\">Tecno<\/td>\n<\/tr>\n<tr data-start=\"1925\" data-end=\"1954\">\n<td data-start=\"1925\" data-end=\"1934\" data-col-size=\"sm\">Mod\u00e8le<\/td>\n<td data-start=\"1934\" data-end=\"1954\" data-col-size=\"sm\"><strong data-start=\"1936\" data-end=\"1952\">Camon 19 Pro<\/strong><\/td>\n<\/tr>\n<tr data-start=\"1955\" data-end=\"1974\">\n<td data-start=\"1955\" data-end=\"1964\" data-col-size=\"sm\">R\u00e9seau<\/td>\n<td data-start=\"1964\" data-end=\"1974\" data-col-size=\"sm\">4G LTE<\/td>\n<\/tr>\n<tr data-start=\"1975\" data-end=\"2009\">\n<td data-start=\"1975\" data-end=\"1983\" data-col-size=\"sm\">\u00c9cran<\/td>\n<td data-start=\"1983\" data-end=\"2009\" data-col-size=\"sm\"><strong data-start=\"1985\" data-end=\"2007\">6.8 pouces IPS LCD<\/strong><\/td>\n<\/tr>\n<tr data-start=\"2010\" data-end=\"2045\">\n<td data-start=\"2010\" data-end=\"2023\" data-col-size=\"sm\">R\u00e9solution<\/td>\n<td data-start=\"2023\" data-end=\"2045\" data-col-size=\"sm\">1080 \u00d7 2460 (FHD+)<\/td>\n<\/tr>\n<tr data-start=\"2046\" data-end=\"2087\">\n<td data-start=\"2046\" data-end=\"2073\" data-col-size=\"sm\">Taux de rafra\u00eechissement<\/td>\n<td data-start=\"2073\" data-end=\"2087\" data-col-size=\"sm\"><strong data-start=\"2075\" data-end=\"2085\">120 Hz<\/strong><\/td>\n<\/tr>\n<tr data-start=\"2088\" data-end=\"2137\">\n<td data-start=\"2088\" data-end=\"2101\" data-col-size=\"sm\">Processeur<\/td>\n<td data-start=\"2101\" data-end=\"2137\" data-col-size=\"sm\"><strong data-start=\"2103\" data-end=\"2135\">MediaTek Helio G96 Octa-Core<\/strong><\/td>\n<\/tr>\n<tr data-start=\"2138\" data-end=\"2178\">\n<td data-start=\"2138\" data-end=\"2144\" data-col-size=\"sm\">RAM<\/td>\n<td data-start=\"2144\" data-end=\"2178\" data-col-size=\"sm\"><strong data-start=\"2146\" data-end=\"2176\">8 Go (+3 Go RAM virtuelle)<\/strong><\/td>\n<\/tr>\n<tr data-start=\"2179\" data-end=\"2204\">\n<td data-start=\"2179\" data-end=\"2190\" data-col-size=\"sm\">Stockage<\/td>\n<td data-start=\"2190\" data-end=\"2204\" data-col-size=\"sm\"><strong data-start=\"2192\" data-end=\"2202\">256 Go<\/strong><\/td>\n<\/tr>\n<tr data-start=\"2205\" data-end=\"2253\">\n<td data-start=\"2205\" data-end=\"2222\" data-col-size=\"sm\">Cam\u00e9ra arri\u00e8re<\/td>\n<td data-start=\"2222\" data-end=\"2253\" data-col-size=\"sm\"><strong data-start=\"2224\" data-end=\"2251\">64MP + 50MP + 2MP (FHD)<\/strong><\/td>\n<\/tr>\n<tr data-start=\"2254\" data-end=\"2290\">\n<td data-start=\"2254\" data-end=\"2272\" data-col-size=\"sm\">Cam\u00e9ra frontale<\/td>\n<td data-start=\"2272\" data-end=\"2290\" data-col-size=\"sm\"><strong data-start=\"2274\" data-end=\"2288\">32MP (FHD)<\/strong><\/td>\n<\/tr>\n<tr data-start=\"2291\" data-end=\"2318\">\n<td data-start=\"2291\" data-end=\"2302\" data-col-size=\"sm\">Batterie<\/td>\n<td data-start=\"2302\" data-end=\"2318\" data-col-size=\"sm\"><strong data-start=\"2304\" data-end=\"2316\">5000 mAh<\/strong><\/td>\n<\/tr>\n<tr data-start=\"2319\" data-end=\"2346\">\n<td data-start=\"2319\" data-end=\"2335\" data-col-size=\"sm\">Charge rapide<\/td>\n<td data-start=\"2335\" data-end=\"2346\" data-col-size=\"sm\"><strong data-start=\"2337\" data-end=\"2344\">33W<\/strong><\/td>\n<\/tr>\n<tr data-start=\"2347\" data-end=\"2374\">\n<td data-start=\"2347\" data-end=\"2353\" data-col-size=\"sm\">SIM<\/td>\n<td data-start=\"2353\" data-end=\"2374\" data-col-size=\"sm\"><strong data-start=\"2355\" data-end=\"2372\">Dual Nano SIM<\/strong><\/td>\n<\/tr>\n<tr data-start=\"2375\" data-end=\"2414\">\n<td data-start=\"2375\" data-end=\"2385\" data-col-size=\"sm\">Syst\u00e8me<\/td>\n<td data-start=\"2385\" data-end=\"2414\" data-col-size=\"sm\"><strong data-start=\"2387\" data-end=\"2412\">Android 12 \/ HiOS 8.6<\/strong><\/td>\n<\/tr>\n<\/tbody>\n<\/table>\n<\/div>\n<\/div>\n<hr data-start=\"2416\" data-end=\"2419\" \/>\n<h1 data-section-id=\"6f7tr2\" data-start=\"2421\" data-end=\"2442\">\ud83d\udce6 Contenu du colis<\/h1>\n<ul data-start=\"2444\" data-end=\"2593\">\n<li data-section-id=\"156fifq\" data-start=\"2444\" data-end=\"2474\">\n<p data-start=\"2446\" data-end=\"2474\">1 \u00d7 <strong data-start=\"2450\" data-end=\"2472\">Tecno Camon 19 Pro<\/strong><\/p>\n<\/li>\n<li data-section-id=\"1laildk\" data-start=\"2475\" data-end=\"2498\">\n<p data-start=\"2477\" data-end=\"2498\">1 \u00d7 Chargeur rapide<\/p>\n<\/li>\n<li data-section-id=\"1cuiaz2\" data-start=\"2499\" data-end=\"2518\">\n<p data-start=\"2501\" data-end=\"2518\">1 \u00d7 C\u00e2ble USB-C<\/p>\n<\/li>\n<li data-section-id=\"kvuwap\" data-start=\"2519\" data-end=\"2546\">\n<p data-start=\"2521\" data-end=\"2546\">1 \u00d7 Coque de protection<\/p>\n<\/li>\n<li data-section-id=\"12haphu\" data-start=\"2547\" data-end=\"2564\">\n<p data-start=\"2549\" data-end=\"2564\">1 \u00d7 Outil SIM<\/p>\n<\/li>\n<li data-section-id=\"euolri\" data-start=\"2565\" data-end=\"2593\">\n<p data-start=\"2567\" data-end=\"2593\">1 \u00d7 Manuel d\u2019utilisation<\/p>\n<\/li>\n<\/ul>\n<hr data-start=\"2595\" data-end=\"2598\" \/>\n<p data-start=\"2600\" data-end=\"2769\">\ud83d\udcf1 <strong data-start=\"2603\" data-end=\"2769\">Le Tecno Camon 19 Pro est un smartphone orient\u00e9 photographie avec \u00e9cran 120 Hz, cam\u00e9ra 64 MP et grande batterie, id\u00e9al pour les photos, vid\u00e9os et r\u00e9seaux sociaux.<\/strong><\/p>\n<\/div>\n<\/div>\n<\/div>\n<\/div>\n<\/div>\n<\/div>\n<\/article>\n<\/div>\n<\/div>\n<\/div>\n<\/div>\n<p><\/main><\/div>\n<\/div>\n<\/div>\n<\/div>\n<\/div>\n","protected":false},"excerpt":{"rendered":"<p>D\u00e9couvrez le Tecno Camon 19 Pro, un smartphone performant de la s\u00e9rie Camon con\u00e7u pour offrir photographie avanc\u00e9e, \u00e9cran fluide et grande autonomie. Son \u00e9cran IPS LCD de 6.8 pouces Full HD+ avec taux de rafra\u00eechissement 120 Hz garantit une exp\u00e9rience visuelle immersive et fluide pour les vid\u00e9os, les jeux et la navigation. Propuls\u00e9 par&hellip;<\/p>\n","protected":false},"featured_media":16673,"comment_status":"open","ping_status":"closed","template":"","meta":[],"product_cat":[85],"product_tag":[],"class_list":{"0":"post-16671","1":"product","2":"type-product","3":"status-publish","4":"has-post-thumbnail","6":"product_brand-tecno","7":"product_cat-tecno","9":"first","10":"instock","11":"sale","12":"shipping-taxable","13":"purchasable","14":"product-type-simple","15":"col-xs-6 col-sm-4","16":"col-md-3 col-lg-3","17":"un-4-cols"},"_links":{"self":[{"href":"https:\/\/www.vazy.market\/index.php\/wp-json\/wp\/v2\/product\/16671","targetHints":{"allow":["GET"]}}],"collection":[{"href":"https:\/\/www.vazy.market\/index.php\/wp-json\/wp\/v2\/product"}],"about":[{"href":"https:\/\/www.vazy.market\/index.php\/wp-json\/wp\/v2\/types\/product"}],"replies":[{"embeddable":true,"href":"https:\/\/www.vazy.market\/index.php\/wp-json\/wp\/v2\/comments?post=16671"}],"wp:featuredmedia":[{"embeddable":true,"href":"https:\/\/www.vazy.market\/index.php\/wp-json\/wp\/v2\/media\/16673"}],"wp:attachment":[{"href":"https:\/\/www.vazy.market\/index.php\/wp-json\/wp\/v2\/media?parent=16671"}],"wp:term":[{"taxonomy":"product_cat","embeddable":true,"href":"https:\/\/www.vazy.market\/index.php\/wp-json\/wp\/v2\/product_cat?post=16671"},{"taxonomy":"product_tag","embeddable":true,"href":"https:\/\/www.vazy.market\/index.php\/wp-json\/wp\/v2\/product_tag?post=16671"}],"curies":[{"name":"wp","href":"https:\/\/api.w.org\/{rel}","templated":true}]}}