{"id":16667,"date":"2026-03-16T21:28:08","date_gmt":"2026-03-16T21:28:08","guid":{"rendered":"https:\/\/www.vazy.market\/?post_type=product&#038;p=16667"},"modified":"2026-03-25T09:38:24","modified_gmt":"2026-03-25T09:38:24","slug":"tecno-camon-15-4g-6-6-64go4go-48mp2mp2mpai-fhd16mp-fhd-dual-nano-sim-5000mah","status":"publish","type":"product","link":"https:\/\/www.vazy.market\/index.php\/product\/tecno-camon-15-4g-6-6-64go4go-48mp2mp2mpai-fhd16mp-fhd-dual-nano-sim-5000mah\/","title":{"rendered":"\ud83d\udcf1 TECNO CAMON 15 4G &#8211; 6.6&Prime; &#8211; 64Go|4Go &#8211; 48MP+2MP+2MP+AI FHD|16MP FHD &#8211; Dual Nano SIM &#8211; 5000mAh"},"content":{"rendered":"<div class=\"flex h-svh w-screen flex-col\">\n<div class=\"relative z-0 flex min-h-0 w-full flex-1\">\n<div class=\"relative flex min-h-0 w-full flex-1\">\n<div class=\"@container\/main relative flex min-w-0 flex-1 flex-col -translate-y-[calc(env(safe-area-inset-bottom,0px)\/2)] pt-[calc(env(safe-area-inset-bottom,0px)\/2)]\">\n<div class=\"@w-sm\/main:[scrollbar-gutter:stable_both-edges] touch:[scrollbar-width:none] relative flex min-h-0 min-w-0 flex-1 flex-col [scrollbar-gutter:stable] not-print:overflow-x-clip not-print:overflow-y-auto scroll-pt-(--header-height) [--sticky-padding-top:var(--header-height)] has-data-[fixed-header=less-than-xl]:@w-xl\/main:scroll-pt-0 has-data-[fixed-header=less-than-xl]:@w-xl\/main:[--sticky-padding-top:0px] has-data-[fixed-header=less-than-xxl]:@w-2xl\/main:scroll-pt-0 has-data-[fixed-header=less-than-xxl]:@w-2xl\/main:[--sticky-padding-top:0px]\" data-scroll-root=\"\"><main id=\"main\" class=\"min-h-0 flex-1\"><\/p>\n<div id=\"thread\" class=\"group\/thread flex flex-col min-h-full\">\n<div class=\"composer-parent flex flex-1 flex-col focus-visible:outline-0\" role=\"presentation\">\n<div class=\"relative basis-auto flex-col -mb-(--composer-overlap-px) [--composer-overlap-px:28px] grow flex\">\n<div class=\"flex flex-col text-sm pb-25\">\n<article class=\"text-token-text-primary w-full focus:outline-none [--shadow-height:45px] has-data-writing-block:pointer-events-none has-data-writing-block:-mt-(--shadow-height) has-data-writing-block:pt-(--shadow-height) [&amp;:has([data-writing-block])&gt;*]:pointer-events-auto scroll-mt-[calc(var(--header-height)+min(200px,max(70px,20svh)))]\" dir=\"auto\" tabindex=\"-1\" data-turn-id=\"request-69add934-1d50-8332-91d7-d97a2ee2331f-15\" data-testid=\"conversation-turn-212\" data-scroll-anchor=\"true\" data-turn=\"assistant\">\n<div class=\"text-base my-auto mx-auto pb-10 [--thread-content-margin:var(--thread-content-margin-xs,calc(var(--spacing)*4))] @w-sm\/main:[--thread-content-margin:var(--thread-content-margin-sm,calc(var(--spacing)*6))] @w-lg\/main:[--thread-content-margin:var(--thread-content-margin-lg,calc(var(--spacing)*16))] px-(--thread-content-margin)\">\n<div class=\"[--thread-content-max-width:40rem] @w-lg\/main:[--thread-content-max-width:48rem] mx-auto max-w-(--thread-content-max-width) flex-1 group\/turn-messages focus-visible:outline-hidden relative flex w-full min-w-0 flex-col agent-turn\" tabindex=\"-1\">\n<div class=\"flex max-w-full flex-col gap-4 grow\">\n<div class=\"min-h-8 text-message relative flex w-full flex-col items-end gap-2 text-start break-words whitespace-normal [.text-message+&amp;]:mt-1\" dir=\"auto\" data-message-author-role=\"assistant\" data-message-id=\"d7dd3b73-e733-4ca8-95ea-031983ce0150\" data-message-model-slug=\"gpt-5-3\">\n<div class=\"flex w-full flex-col gap-1 empty:hidden\">\n<div class=\"streaming-animation markdown prose dark:prose-invert w-full wrap-break-word light markdown-new-styling\">\n<p data-start=\"104\" data-end=\"459\">D\u00e9couvrez le <strong data-start=\"117\" data-end=\"135\">Tecno Camon 15<\/strong>, un smartphone con\u00e7u pour offrir <strong data-start=\"169\" data-end=\"250\">un grand \u00e9cran immersif, une cam\u00e9ra performante et une autonomie longue dur\u00e9e<\/strong> pour une utilisation quotidienne. Son <strong data-start=\"289\" data-end=\"324\">\u00e9cran IPS LCD de 6.6 pouces HD+<\/strong> offre un affichage confortable pour les vid\u00e9os, les r\u00e9seaux sociaux et la navigation internet.<\/p>\n<p data-start=\"461\" data-end=\"774\">Propuls\u00e9 par le <strong data-start=\"477\" data-end=\"525\">processeur MediaTek Helio P22 et 4 Go de RAM<\/strong>, ce smartphone garantit une utilisation fluide pour les applications courantes et le multit\u00e2che. Son <strong data-start=\"627\" data-end=\"671\">stockage de 64 Go extensible via microSD<\/strong> permet de conserver facilement photos, vid\u00e9os et applications.<\/p>\n<p data-start=\"776\" data-end=\"1069\">Son <strong data-start=\"780\" data-end=\"866\">appareil photo principal de 48 MP avec intelligence artificielle et flash Quad-LED<\/strong> permet de capturer des photos d\u00e9taill\u00e9es m\u00eame en basse lumi\u00e8re, tandis que la <strong data-start=\"945\" data-end=\"984\">cam\u00e9ra frontale de 16 MP avec flash<\/strong> est id\u00e9ale pour les selfies et appels vid\u00e9o.<\/p>\n<p data-start=\"1071\" data-end=\"1256\">La <strong data-start=\"1074\" data-end=\"1098\">batterie de 5000 mAh<\/strong> offre une excellente autonomie pour tenir toute la journ\u00e9e avec les appels, les r\u00e9seaux sociaux et le divertissement.<\/p>\n<hr data-start=\"1258\" data-end=\"1261\" \/>\n<h1 data-section-id=\"gug16d\" data-start=\"1263\" data-end=\"1279\">\u2b50 Points forts<\/h1>\n<p data-start=\"1281\" data-end=\"1619\">\u2714 \ud83d\udcf1 <strong data-start=\"1286\" data-end=\"1327\">Grand \u00e9cran IPS LCD 6.6&Prime; HD+ immersif<\/strong><br data-start=\"1327\" data-end=\"1330\" \/>\u2714 \ud83d\udcf8 <strong data-start=\"1335\" data-end=\"1384\">Cam\u00e9ra principale 48 MP avec IA et Quad Flash<\/strong><br data-start=\"1384\" data-end=\"1387\" \/>\u2714 \ud83e\udd33 <strong data-start=\"1392\" data-end=\"1426\">Cam\u00e9ra selfie 16 MP avec flash<\/strong><br data-start=\"1426\" data-end=\"1429\" \/>\u2714 \u26a1 <strong data-start=\"1433\" data-end=\"1476\">Processeur MediaTek Helio P22 Octa-Core<\/strong><br data-start=\"1476\" data-end=\"1479\" \/>\u2714 \ud83d\udd0b <strong data-start=\"1484\" data-end=\"1518\">Batterie longue dur\u00e9e 5000 mAh<\/strong><br data-start=\"1518\" data-end=\"1521\" \/>\u2714 \ud83d\udcf6 <strong data-start=\"1526\" data-end=\"1554\">Compatible r\u00e9seau 4G LTE<\/strong><br data-start=\"1554\" data-end=\"1557\" \/>\u2714 \ud83d\udd10 <strong data-start=\"1562\" data-end=\"1619\">Reconnaissance faciale + capteur d\u2019empreinte digitale<\/strong><\/p>\n<hr data-start=\"1621\" data-end=\"1624\" \/>\n<h1 data-section-id=\"ys7y0m\" data-start=\"1626\" data-end=\"1637\">\ud83d\udcf8 Cam\u00e9ra<\/h1>\n<ul data-start=\"1639\" data-end=\"1872\">\n<li data-section-id=\"1dv0eln\" data-start=\"1639\" data-end=\"1675\">\n<p data-start=\"1641\" data-end=\"1675\">\ud83d\udcf7 <strong data-start=\"1644\" data-end=\"1673\">Cam\u00e9ra principale : 48 MP<\/strong><\/p>\n<\/li>\n<li data-section-id=\"1rs4r50\" data-start=\"1676\" data-end=\"1712\">\n<p data-start=\"1678\" data-end=\"1712\">\ud83c\udf0d <strong data-start=\"1681\" data-end=\"1710\">Capteur profondeur : 2 MP<\/strong><\/p>\n<\/li>\n<li data-section-id=\"10zo64b\" data-start=\"1713\" data-end=\"1744\">\n<p data-start=\"1715\" data-end=\"1744\">\ud83d\udd0d <strong data-start=\"1718\" data-end=\"1742\">Capteur macro : 2 MP<\/strong><\/p>\n<\/li>\n<li data-section-id=\"1knsjy0\" data-start=\"1745\" data-end=\"1766\">\n<p data-start=\"1747\" data-end=\"1766\">\ud83d\udce1 <strong data-start=\"1750\" data-end=\"1764\">Capteur IA<\/strong><\/p>\n<\/li>\n<li data-section-id=\"192t3ax\" data-start=\"1767\" data-end=\"1801\">\n<p data-start=\"1769\" data-end=\"1801\">\ud83e\udd33 <strong data-start=\"1772\" data-end=\"1799\">Cam\u00e9ra frontale : 16 MP<\/strong><\/p>\n<\/li>\n<li data-section-id=\"12nvpxp\" data-start=\"1802\" data-end=\"1872\">\n<p data-start=\"1804\" data-end=\"1872\">\ud83c\udfa5 <strong data-start=\"1807\" data-end=\"1832\">Vid\u00e9o : Full HD 1080p<\/strong><\/p>\n<\/li>\n<\/ul>\n<hr data-start=\"1874\" data-end=\"1877\" \/>\n<h1 data-section-id=\"1gx1fos\" data-start=\"1879\" data-end=\"1899\">\ud83d\udcca Fiche Technique<\/h1>\n<div class=\"TyagGW_tableContainer\">\n<div class=\"group TyagGW_tableWrapper flex flex-col-reverse w-fit\" tabindex=\"-1\">\n<table class=\"w-fit min-w-(--thread-content-width)\" data-start=\"1901\" data-end=\"2434\">\n<thead data-start=\"1901\" data-end=\"1930\">\n<tr data-start=\"1901\" data-end=\"1930\">\n<th class=\"\" data-start=\"1901\" data-end=\"1919\" data-col-size=\"sm\">Caract\u00e9ristique<\/th>\n<th class=\"\" data-start=\"1919\" data-end=\"1930\" data-col-size=\"md\">D\u00e9tails<\/th>\n<\/tr>\n<\/thead>\n<tbody data-start=\"1941\" data-end=\"2434\">\n<tr data-start=\"1941\" data-end=\"1959\">\n<td data-start=\"1941\" data-end=\"1950\" data-col-size=\"sm\">Marque<\/td>\n<td data-start=\"1950\" data-end=\"1959\" data-col-size=\"md\">Tecno<\/td>\n<\/tr>\n<tr data-start=\"1960\" data-end=\"1985\">\n<td data-start=\"1960\" data-end=\"1969\" data-col-size=\"sm\">Mod\u00e8le<\/td>\n<td data-start=\"1969\" data-end=\"1985\" data-col-size=\"md\"><strong data-start=\"1971\" data-end=\"1983\">Camon 15<\/strong><\/td>\n<\/tr>\n<tr data-start=\"1986\" data-end=\"2005\">\n<td data-start=\"1986\" data-end=\"1995\" data-col-size=\"sm\">R\u00e9seau<\/td>\n<td data-start=\"1995\" data-end=\"2005\" data-col-size=\"md\">4G LTE<\/td>\n<\/tr>\n<tr data-start=\"2006\" data-end=\"2040\">\n<td data-start=\"2006\" data-end=\"2014\" data-col-size=\"sm\">\u00c9cran<\/td>\n<td data-start=\"2014\" data-end=\"2040\" data-col-size=\"md\"><strong data-start=\"2016\" data-end=\"2038\">6.6 pouces IPS LCD<\/strong><\/td>\n<\/tr>\n<tr data-start=\"2041\" data-end=\"2074\">\n<td data-start=\"2041\" data-end=\"2054\" data-col-size=\"sm\">R\u00e9solution<\/td>\n<td data-start=\"2054\" data-end=\"2074\" data-col-size=\"md\">720 \u00d7 1600 (HD+)<\/td>\n<\/tr>\n<tr data-start=\"2075\" data-end=\"2124\">\n<td data-start=\"2075\" data-end=\"2088\" data-col-size=\"sm\">Processeur<\/td>\n<td data-start=\"2088\" data-end=\"2124\" data-col-size=\"md\"><strong data-start=\"2090\" data-end=\"2122\">MediaTek Helio P22 Octa-Core<\/strong><\/td>\n<\/tr>\n<tr data-start=\"2125\" data-end=\"2143\">\n<td data-start=\"2125\" data-end=\"2131\" data-col-size=\"sm\">RAM<\/td>\n<td data-start=\"2131\" data-end=\"2143\" data-col-size=\"md\"><strong data-start=\"2133\" data-end=\"2141\">4 Go<\/strong><\/td>\n<\/tr>\n<tr data-start=\"2144\" data-end=\"2189\">\n<td data-start=\"2144\" data-end=\"2155\" data-col-size=\"sm\">Stockage<\/td>\n<td data-start=\"2155\" data-end=\"2189\" data-col-size=\"md\"><strong data-start=\"2157\" data-end=\"2187\">64 Go (extensible microSD)<\/strong><\/td>\n<\/tr>\n<tr data-start=\"2190\" data-end=\"2242\">\n<td data-start=\"2190\" data-end=\"2207\" data-col-size=\"sm\">Cam\u00e9ra arri\u00e8re<\/td>\n<td data-start=\"2207\" data-end=\"2242\" data-col-size=\"md\"><strong data-start=\"2209\" data-end=\"2240\">48MP + 2MP + 2MP + AI (FHD)<\/strong><\/td>\n<\/tr>\n<tr data-start=\"2243\" data-end=\"2279\">\n<td data-start=\"2243\" data-end=\"2261\" data-col-size=\"sm\">Cam\u00e9ra frontale<\/td>\n<td data-start=\"2261\" data-end=\"2279\" data-col-size=\"md\"><strong data-start=\"2263\" data-end=\"2277\">16MP (FHD)<\/strong><\/td>\n<\/tr>\n<tr data-start=\"2280\" data-end=\"2307\">\n<td data-start=\"2280\" data-end=\"2291\" data-col-size=\"sm\">Batterie<\/td>\n<td data-start=\"2291\" data-end=\"2307\" data-col-size=\"md\"><strong data-start=\"2293\" data-end=\"2305\">5000 mAh<\/strong><\/td>\n<\/tr>\n<tr data-start=\"2308\" data-end=\"2335\">\n<td data-start=\"2308\" data-end=\"2314\" data-col-size=\"sm\">SIM<\/td>\n<td data-start=\"2314\" data-end=\"2335\" data-col-size=\"md\"><strong data-start=\"2316\" data-end=\"2333\">Dual Nano SIM<\/strong><\/td>\n<\/tr>\n<tr data-start=\"2336\" data-end=\"2371\">\n<td data-start=\"2336\" data-end=\"2346\" data-col-size=\"sm\">Syst\u00e8me<\/td>\n<td data-start=\"2346\" data-end=\"2371\" data-col-size=\"md\"><strong data-start=\"2348\" data-end=\"2369\">Android 10 \/ HiOS<\/strong><\/td>\n<\/tr>\n<tr data-start=\"2372\" data-end=\"2434\">\n<td data-start=\"2372\" data-end=\"2383\" data-col-size=\"sm\">S\u00e9curit\u00e9<\/td>\n<td data-start=\"2383\" data-end=\"2434\" data-col-size=\"md\"><strong data-start=\"2385\" data-end=\"2432\">Empreinte digitale + reconnaissance faciale<\/strong><\/td>\n<\/tr>\n<\/tbody>\n<\/table>\n<\/div>\n<\/div>\n<hr data-start=\"2436\" data-end=\"2439\" \/>\n<h1 data-section-id=\"6f7tr2\" data-start=\"2441\" data-end=\"2462\">\ud83d\udce6 Contenu du colis<\/h1>\n<ul data-start=\"2464\" data-end=\"2572\">\n<li data-section-id=\"u73513\" data-start=\"2464\" data-end=\"2490\">\n<p data-start=\"2466\" data-end=\"2490\">1 \u00d7 <strong data-start=\"2470\" data-end=\"2488\">Tecno Camon 15<\/strong><\/p>\n<\/li>\n<li data-section-id=\"gzkpdf\" data-start=\"2491\" data-end=\"2507\">\n<p data-start=\"2493\" data-end=\"2507\">1 \u00d7 Chargeur<\/p>\n<\/li>\n<li data-section-id=\"ym4feo\" data-start=\"2508\" data-end=\"2525\">\n<p data-start=\"2510\" data-end=\"2525\">1 \u00d7 C\u00e2ble USB<\/p>\n<\/li>\n<li data-section-id=\"12haphu\" data-start=\"2526\" data-end=\"2543\">\n<p data-start=\"2528\" data-end=\"2543\">1 \u00d7 Outil SIM<\/p>\n<\/li>\n<li data-section-id=\"euolri\" data-start=\"2544\" data-end=\"2572\">\n<p data-start=\"2546\" data-end=\"2572\">1 \u00d7 Manuel d\u2019utilisation<\/p>\n<\/li>\n<\/ul>\n<hr data-start=\"2574\" data-end=\"2577\" \/>\n<p data-start=\"2579\" data-end=\"2727\">\ud83d\udcf1 <strong data-start=\"2582\" data-end=\"2727\">Le Tecno Camon 15 est un smartphone \u00e9quilibr\u00e9 avec grand \u00e9cran, cam\u00e9ra 48 MP et batterie durable, id\u00e9al pour la photo et les r\u00e9seaux sociaux.<\/strong><\/p>\n<\/div>\n<\/div>\n<\/div>\n<\/div>\n<\/div>\n<\/div>\n<\/article>\n<\/div>\n<\/div>\n<\/div>\n<\/div>\n<p><\/main><\/div>\n<\/div>\n<\/div>\n<\/div>\n<\/div>\n","protected":false},"excerpt":{"rendered":"<p>D\u00e9couvrez le Tecno Camon 15, un smartphone con\u00e7u pour offrir un grand \u00e9cran immersif, une cam\u00e9ra performante et une autonomie longue dur\u00e9e pour une utilisation quotidienne. Son \u00e9cran IPS LCD de 6.6 pouces HD+ offre un affichage confortable pour les vid\u00e9os, les r\u00e9seaux sociaux et la navigation internet. Propuls\u00e9 par le processeur MediaTek Helio P22&hellip;<\/p>\n","protected":false},"featured_media":16670,"comment_status":"open","ping_status":"closed","template":"","meta":[],"product_cat":[85],"product_tag":[],"class_list":{"0":"post-16667","1":"product","2":"type-product","3":"status-publish","4":"has-post-thumbnail","6":"product_brand-tecno","7":"product_cat-tecno","9":"first","10":"instock","11":"sale","12":"shipping-taxable","13":"purchasable","14":"product-type-simple","15":"col-xs-6 col-sm-4","16":"col-md-3 col-lg-3","17":"un-4-cols"},"_links":{"self":[{"href":"https:\/\/www.vazy.market\/index.php\/wp-json\/wp\/v2\/product\/16667","targetHints":{"allow":["GET"]}}],"collection":[{"href":"https:\/\/www.vazy.market\/index.php\/wp-json\/wp\/v2\/product"}],"about":[{"href":"https:\/\/www.vazy.market\/index.php\/wp-json\/wp\/v2\/types\/product"}],"replies":[{"embeddable":true,"href":"https:\/\/www.vazy.market\/index.php\/wp-json\/wp\/v2\/comments?post=16667"}],"wp:featuredmedia":[{"embeddable":true,"href":"https:\/\/www.vazy.market\/index.php\/wp-json\/wp\/v2\/media\/16670"}],"wp:attachment":[{"href":"https:\/\/www.vazy.market\/index.php\/wp-json\/wp\/v2\/media?parent=16667"}],"wp:term":[{"taxonomy":"product_cat","embeddable":true,"href":"https:\/\/www.vazy.market\/index.php\/wp-json\/wp\/v2\/product_cat?post=16667"},{"taxonomy":"product_tag","embeddable":true,"href":"https:\/\/www.vazy.market\/index.php\/wp-json\/wp\/v2\/product_tag?post=16667"}],"curies":[{"name":"wp","href":"https:\/\/api.w.org\/{rel}","templated":true}]}}