{"id":16662,"date":"2026-03-16T21:22:00","date_gmt":"2026-03-16T21:22:00","guid":{"rendered":"https:\/\/www.vazy.market\/?post_type=product&#038;p=16662"},"modified":"2026-03-25T09:38:38","modified_gmt":"2026-03-25T09:38:38","slug":"tecno-pop-8-4g-6-6-64go2go-2go-ram-virtuelle-13mp-ai-fhd8mp-fhd-dual-nano-sim-5000mah","status":"publish","type":"product","link":"https:\/\/www.vazy.market\/index.php\/product\/tecno-pop-8-4g-6-6-64go2go-2go-ram-virtuelle-13mp-ai-fhd8mp-fhd-dual-nano-sim-5000mah\/","title":{"rendered":"\ud83d\udcf1 TECNO POP 8 4G &#8211; 6.6&Prime; &#8211; 64Go|2Go (+2Go RAM virtuelle) &#8211; 13MP AI FHD|8MP FHD &#8211; Dual Nano SIM &#8211; 5000mAh"},"content":{"rendered":"<article class=\"text-token-text-primary w-full focus:outline-none [--shadow-height:45px] has-data-writing-block:pointer-events-none has-data-writing-block:-mt-(--shadow-height) has-data-writing-block:pt-(--shadow-height) [&amp;:has([data-writing-block])&gt;*]:pointer-events-auto scroll-mt-(--header-height)\" dir=\"auto\" tabindex=\"-1\" data-turn-id=\"dfa1a982-0b57-4f26-aa47-66d29c30c49b\" data-testid=\"conversation-turn-209\" data-scroll-anchor=\"false\" data-turn=\"user\"><\/article>\n<article class=\"text-token-text-primary w-full focus:outline-none [--shadow-height:45px] has-data-writing-block:pointer-events-none has-data-writing-block:-mt-(--shadow-height) has-data-writing-block:pt-(--shadow-height) [&amp;:has([data-writing-block])&gt;*]:pointer-events-auto scroll-mt-[calc(var(--header-height)+min(200px,max(70px,20svh)))]\" dir=\"auto\" tabindex=\"-1\" data-turn-id=\"request-69add934-1d50-8332-91d7-d97a2ee2331f-14\" data-testid=\"conversation-turn-210\" data-scroll-anchor=\"true\" data-turn=\"assistant\">\n<div class=\"text-base my-auto mx-auto pb-10 [--thread-content-margin:var(--thread-content-margin-xs,calc(var(--spacing)*4))] @w-sm\/main:[--thread-content-margin:var(--thread-content-margin-sm,calc(var(--spacing)*6))] @w-lg\/main:[--thread-content-margin:var(--thread-content-margin-lg,calc(var(--spacing)*16))] px-(--thread-content-margin)\">\n<div class=\"[--thread-content-max-width:40rem] @w-lg\/main:[--thread-content-max-width:48rem] mx-auto max-w-(--thread-content-max-width) flex-1 group\/turn-messages focus-visible:outline-hidden relative flex w-full min-w-0 flex-col agent-turn\" tabindex=\"-1\">\n<div class=\"flex max-w-full flex-col gap-4 grow\">\n<div class=\"min-h-8 text-message relative flex w-full flex-col items-end gap-2 text-start break-words whitespace-normal [.text-message+&amp;]:mt-1\" dir=\"auto\" data-message-author-role=\"assistant\" data-message-id=\"6b57adb2-9ffe-45f0-b625-c9bbd2d1dfd3\" data-message-model-slug=\"gpt-5-3\">\n<div class=\"flex w-full flex-col gap-1 empty:hidden\">\n<div class=\"streaming-animation markdown prose dark:prose-invert w-full wrap-break-word light markdown-new-styling\">\n<div class=\"flex h-svh w-screen flex-col\">\n<div class=\"relative z-0 flex min-h-0 w-full flex-1\">\n<div class=\"relative flex min-h-0 w-full flex-1\">\n<div class=\"@container\/main relative flex min-w-0 flex-1 flex-col -translate-y-[calc(env(safe-area-inset-bottom,0px)\/2)] pt-[calc(env(safe-area-inset-bottom,0px)\/2)]\">\n<div class=\"@w-sm\/main:[scrollbar-gutter:stable_both-edges] touch:[scrollbar-width:none] relative flex min-h-0 min-w-0 flex-1 flex-col [scrollbar-gutter:stable] not-print:overflow-x-clip not-print:overflow-y-auto scroll-pt-(--header-height) [--sticky-padding-top:var(--header-height)] has-data-[fixed-header=less-than-xl]:@w-xl\/main:scroll-pt-0 has-data-[fixed-header=less-than-xl]:@w-xl\/main:[--sticky-padding-top:0px] has-data-[fixed-header=less-than-xxl]:@w-2xl\/main:scroll-pt-0 has-data-[fixed-header=less-than-xxl]:@w-2xl\/main:[--sticky-padding-top:0px]\" data-scroll-root=\"\"><main id=\"main\" class=\"min-h-0 flex-1\"><\/p>\n<div id=\"thread\" class=\"group\/thread flex flex-col min-h-full\">\n<div class=\"composer-parent flex flex-1 flex-col focus-visible:outline-0\" role=\"presentation\">\n<div class=\"relative basis-auto flex-col -mb-(--composer-overlap-px) [--composer-overlap-px:28px] grow flex\">\n<div class=\"flex flex-col text-sm pb-25\">\n<article class=\"text-token-text-primary w-full focus:outline-none [--shadow-height:45px] has-data-writing-block:pointer-events-none has-data-writing-block:-mt-(--shadow-height) has-data-writing-block:pt-(--shadow-height) [&amp;:has([data-writing-block])&gt;*]:pointer-events-auto scroll-mt-[calc(var(--header-height)+min(200px,max(70px,20svh)))]\" dir=\"auto\" tabindex=\"-1\" data-turn-id=\"request-69add934-1d50-8332-91d7-d97a2ee2331f-14\" data-testid=\"conversation-turn-210\" data-scroll-anchor=\"true\" data-turn=\"assistant\">\n<div class=\"text-base my-auto mx-auto pb-10 [--thread-content-margin:var(--thread-content-margin-xs,calc(var(--spacing)*4))] @w-sm\/main:[--thread-content-margin:var(--thread-content-margin-sm,calc(var(--spacing)*6))] @w-lg\/main:[--thread-content-margin:var(--thread-content-margin-lg,calc(var(--spacing)*16))] px-(--thread-content-margin)\">\n<div class=\"[--thread-content-max-width:40rem] @w-lg\/main:[--thread-content-max-width:48rem] mx-auto max-w-(--thread-content-max-width) flex-1 group\/turn-messages focus-visible:outline-hidden relative flex w-full min-w-0 flex-col agent-turn\" tabindex=\"-1\">\n<div class=\"flex max-w-full flex-col gap-4 grow\">\n<div class=\"min-h-8 text-message relative flex w-full flex-col items-end gap-2 text-start break-words whitespace-normal [.text-message+&amp;]:mt-1\" dir=\"auto\" data-message-author-role=\"assistant\" data-message-id=\"6b57adb2-9ffe-45f0-b625-c9bbd2d1dfd3\" data-message-model-slug=\"gpt-5-3\">\n<div class=\"flex w-full flex-col gap-1 empty:hidden\">\n<div class=\"streaming-animation markdown prose dark:prose-invert w-full wrap-break-word light markdown-new-styling\">\n<p data-start=\"113\" data-end=\"461\">D\u00e9couvrez le <strong data-start=\"126\" data-end=\"141\">Tecno Pop 8<\/strong>, un smartphone \u00e9conomique con\u00e7u pour offrir <strong data-start=\"186\" data-end=\"286\">un grand \u00e9cran confortable, une bonne autonomie et les fonctionnalit\u00e9s essentielles du quotidien<\/strong>. Son <strong data-start=\"292\" data-end=\"327\">\u00e9cran IPS LCD de 6.6 pouces HD+<\/strong> offre un affichage clair et agr\u00e9able pour les vid\u00e9os, r\u00e9seaux sociaux et navigation internet.<\/p>\n<p data-start=\"463\" data-end=\"713\">Propuls\u00e9 par le <strong data-start=\"479\" data-end=\"556\">processeur Unisoc T606 et 2 Go de RAM extensible (+2 Go de RAM virtuelle)<\/strong>, ce smartphone assure une utilisation fluide pour les applications essentielles comme WhatsApp, Facebook ou YouTube.<\/p>\n<p data-start=\"715\" data-end=\"991\">Son <strong data-start=\"719\" data-end=\"787\">appareil photo principal de 13 MP avec intelligence artificielle<\/strong> permet de capturer des photos correctes pour le quotidien, tandis que la <strong data-start=\"861\" data-end=\"906\">cam\u00e9ra frontale de 8 MP avec double flash<\/strong> est id\u00e9ale pour les selfies et appels vid\u00e9o.<\/p>\n<p data-start=\"993\" data-end=\"1151\">Gr\u00e2ce \u00e0 sa <strong data-start=\"1004\" data-end=\"1041\">batterie longue dur\u00e9e de 5000 mAh<\/strong>, le Tecno Pop 8 peut facilement tenir toute la journ\u00e9e sans recharge.<\/p>\n<hr data-start=\"1153\" data-end=\"1156\" \/>\n<h1 data-section-id=\"gug16d\" data-start=\"1158\" data-end=\"1174\">\u2b50 Points forts<\/h1>\n<p data-start=\"1176\" data-end=\"1482\">\u2714 \ud83d\udcf1 <strong data-start=\"1181\" data-end=\"1222\">Grand \u00e9cran IPS LCD 6.6&Prime; HD+ immersif<\/strong><br data-start=\"1222\" data-end=\"1225\" \/>\u2714 \ud83d\udcf8 <strong data-start=\"1230\" data-end=\"1265\">Cam\u00e9ra principale 13 MP avec IA<\/strong><br data-start=\"1265\" data-end=\"1268\" \/>\u2714 \ud83e\udd33 <strong data-start=\"1273\" data-end=\"1313\">Cam\u00e9ra selfie 8 MP avec double flash<\/strong><br data-start=\"1313\" data-end=\"1316\" \/>\u2714 \u26a1 <strong data-start=\"1320\" data-end=\"1356\">Processeur Octa-Core Unisoc T606<\/strong><br data-start=\"1356\" data-end=\"1359\" \/>\u2714 \ud83d\udd0b <strong data-start=\"1364\" data-end=\"1398\">Batterie longue dur\u00e9e 5000 mAh<\/strong><br data-start=\"1398\" data-end=\"1401\" \/>\u2714 \ud83d\udcf6 <strong data-start=\"1406\" data-end=\"1434\">Compatible r\u00e9seau 4G LTE<\/strong><br data-start=\"1434\" data-end=\"1437\" \/>\u2714 \ud83d\udd10 <strong data-start=\"1442\" data-end=\"1482\">Capteur d\u2019empreinte digitale lat\u00e9ral<\/strong><\/p>\n<hr data-start=\"1484\" data-end=\"1487\" \/>\n<h1 data-section-id=\"ys7y0m\" data-start=\"1489\" data-end=\"1500\">\ud83d\udcf8 Cam\u00e9ra<\/h1>\n<ul data-start=\"1502\" data-end=\"1699\">\n<li data-section-id=\"1sysdkc\" data-start=\"1502\" data-end=\"1543\">\n<p data-start=\"1504\" data-end=\"1543\">\ud83d\udcf7 <strong data-start=\"1507\" data-end=\"1541\">Cam\u00e9ra principale : 13 MP (AI)<\/strong><\/p>\n<\/li>\n<li data-section-id=\"1xwmdx5\" data-start=\"1544\" data-end=\"1583\">\n<p data-start=\"1546\" data-end=\"1583\">\ud83d\udce1 <strong data-start=\"1549\" data-end=\"1581\">Capteur secondaire : AI Lens<\/strong><\/p>\n<\/li>\n<li data-section-id=\"zc3o13\" data-start=\"1584\" data-end=\"1628\">\n<p data-start=\"1586\" data-end=\"1628\">\ud83e\udd33 <strong data-start=\"1589\" data-end=\"1626\">Cam\u00e9ra frontale : 8 MP avec flash<\/strong><\/p>\n<\/li>\n<li data-section-id=\"12nvpxp\" data-start=\"1629\" data-end=\"1699\">\n<p data-start=\"1631\" data-end=\"1699\">\ud83c\udfa5 <strong data-start=\"1634\" data-end=\"1659\">Vid\u00e9o : Full HD 1080p<\/strong><\/p>\n<\/li>\n<\/ul>\n<hr data-start=\"1701\" data-end=\"1704\" \/>\n<h1 data-section-id=\"1gx1fos\" data-start=\"1706\" data-end=\"1726\">\ud83d\udcca Fiche Technique<\/h1>\n<div class=\"TyagGW_tableContainer\">\n<div class=\"group TyagGW_tableWrapper flex flex-col-reverse w-fit\" tabindex=\"-1\">\n<table class=\"w-fit min-w-(--thread-content-width)\" data-start=\"1728\" data-end=\"2243\">\n<thead data-start=\"1728\" data-end=\"1757\">\n<tr data-start=\"1728\" data-end=\"1757\">\n<th class=\"\" data-start=\"1728\" data-end=\"1746\" data-col-size=\"sm\">Caract\u00e9ristique<\/th>\n<th class=\"\" data-start=\"1746\" data-end=\"1757\" data-col-size=\"sm\">D\u00e9tails<\/th>\n<\/tr>\n<\/thead>\n<tbody data-start=\"1768\" data-end=\"2243\">\n<tr data-start=\"1768\" data-end=\"1786\">\n<td data-start=\"1768\" data-end=\"1777\" data-col-size=\"sm\">Marque<\/td>\n<td data-start=\"1777\" data-end=\"1786\" data-col-size=\"sm\">Tecno<\/td>\n<\/tr>\n<tr data-start=\"1787\" data-end=\"1809\">\n<td data-start=\"1787\" data-end=\"1796\" data-col-size=\"sm\">Mod\u00e8le<\/td>\n<td data-start=\"1796\" data-end=\"1809\" data-col-size=\"sm\"><strong data-start=\"1798\" data-end=\"1807\">Pop 8<\/strong><\/td>\n<\/tr>\n<tr data-start=\"1810\" data-end=\"1829\">\n<td data-start=\"1810\" data-end=\"1819\" data-col-size=\"sm\">R\u00e9seau<\/td>\n<td data-start=\"1819\" data-end=\"1829\" data-col-size=\"sm\">4G LTE<\/td>\n<\/tr>\n<tr data-start=\"1830\" data-end=\"1864\">\n<td data-start=\"1830\" data-end=\"1838\" data-col-size=\"sm\">\u00c9cran<\/td>\n<td data-start=\"1838\" data-end=\"1864\" data-col-size=\"sm\"><strong data-start=\"1840\" data-end=\"1862\">6.6 pouces IPS LCD<\/strong><\/td>\n<\/tr>\n<tr data-start=\"1865\" data-end=\"1898\">\n<td data-start=\"1865\" data-end=\"1878\" data-col-size=\"sm\">R\u00e9solution<\/td>\n<td data-start=\"1878\" data-end=\"1898\" data-col-size=\"sm\">720 \u00d7 1612 (HD+)<\/td>\n<\/tr>\n<tr data-start=\"1899\" data-end=\"1941\">\n<td data-start=\"1899\" data-end=\"1912\" data-col-size=\"sm\">Processeur<\/td>\n<td data-start=\"1912\" data-end=\"1941\" data-col-size=\"sm\"><strong data-start=\"1914\" data-end=\"1939\">Unisoc T606 Octa-Core<\/strong><\/td>\n<\/tr>\n<tr data-start=\"1942\" data-end=\"1982\">\n<td data-start=\"1942\" data-end=\"1948\" data-col-size=\"sm\">RAM<\/td>\n<td data-start=\"1948\" data-end=\"1982\" data-col-size=\"sm\"><strong data-start=\"1950\" data-end=\"1980\">2 Go (+2 Go RAM virtuelle)<\/strong><\/td>\n<\/tr>\n<tr data-start=\"1983\" data-end=\"2028\">\n<td data-start=\"1983\" data-end=\"1994\" data-col-size=\"sm\">Stockage<\/td>\n<td data-start=\"1994\" data-end=\"2028\" data-col-size=\"sm\"><strong data-start=\"1996\" data-end=\"2026\">64 Go (extensible microSD)<\/strong><\/td>\n<\/tr>\n<tr data-start=\"2029\" data-end=\"2074\">\n<td data-start=\"2029\" data-end=\"2046\" data-col-size=\"sm\">Cam\u00e9ra arri\u00e8re<\/td>\n<td data-start=\"2046\" data-end=\"2074\" data-col-size=\"sm\"><strong data-start=\"2048\" data-end=\"2072\">13MP + AI Lens (FHD)<\/strong><\/td>\n<\/tr>\n<tr data-start=\"2075\" data-end=\"2110\">\n<td data-start=\"2075\" data-end=\"2093\" data-col-size=\"sm\">Cam\u00e9ra frontale<\/td>\n<td data-start=\"2093\" data-end=\"2110\" data-col-size=\"sm\"><strong data-start=\"2095\" data-end=\"2108\">8MP (FHD)<\/strong><\/td>\n<\/tr>\n<tr data-start=\"2111\" data-end=\"2138\">\n<td data-start=\"2111\" data-end=\"2122\" data-col-size=\"sm\">Batterie<\/td>\n<td data-start=\"2122\" data-end=\"2138\" data-col-size=\"sm\"><strong data-start=\"2124\" data-end=\"2136\">5000 mAh<\/strong><\/td>\n<\/tr>\n<tr data-start=\"2139\" data-end=\"2166\">\n<td data-start=\"2139\" data-end=\"2148\" data-col-size=\"sm\">Charge<\/td>\n<td data-start=\"2148\" data-end=\"2166\" data-col-size=\"sm\"><strong data-start=\"2150\" data-end=\"2164\">10W Type-C<\/strong><\/td>\n<\/tr>\n<tr data-start=\"2167\" data-end=\"2194\">\n<td data-start=\"2167\" data-end=\"2173\" data-col-size=\"sm\">SIM<\/td>\n<td data-start=\"2173\" data-end=\"2194\" data-col-size=\"sm\"><strong data-start=\"2175\" data-end=\"2192\">Dual Nano SIM<\/strong><\/td>\n<\/tr>\n<tr data-start=\"2195\" data-end=\"2243\">\n<td data-start=\"2195\" data-end=\"2205\" data-col-size=\"sm\">Syst\u00e8me<\/td>\n<td data-start=\"2205\" data-end=\"2243\" data-col-size=\"sm\"><strong data-start=\"2207\" data-end=\"2241\">Android 13 (Go Edition) \/ HiOS<\/strong><\/td>\n<\/tr>\n<\/tbody>\n<\/table>\n<\/div>\n<\/div>\n<hr data-start=\"2245\" data-end=\"2248\" \/>\n<h1 data-section-id=\"6f7tr2\" data-start=\"2250\" data-end=\"2271\">\ud83d\udce6 Contenu du colis<\/h1>\n<ul data-start=\"2273\" data-end=\"2378\">\n<li data-section-id=\"sayzl6\" data-start=\"2273\" data-end=\"2296\">\n<p data-start=\"2275\" data-end=\"2296\">1 \u00d7 <strong data-start=\"2279\" data-end=\"2294\">Tecno Pop 8<\/strong><\/p>\n<\/li>\n<li data-section-id=\"gzkpdf\" data-start=\"2297\" data-end=\"2313\">\n<p data-start=\"2299\" data-end=\"2313\">1 \u00d7 Chargeur<\/p>\n<\/li>\n<li data-section-id=\"ym4feo\" data-start=\"2314\" data-end=\"2331\">\n<p data-start=\"2316\" data-end=\"2331\">1 \u00d7 C\u00e2ble USB<\/p>\n<\/li>\n<li data-section-id=\"12haphu\" data-start=\"2332\" data-end=\"2349\">\n<p data-start=\"2334\" data-end=\"2349\">1 \u00d7 Outil SIM<\/p>\n<\/li>\n<li data-section-id=\"euolri\" data-start=\"2350\" data-end=\"2378\">\n<p data-start=\"2352\" data-end=\"2378\">1 \u00d7 Manuel d\u2019utilisation<\/p>\n<\/li>\n<\/ul>\n<hr data-start=\"2380\" data-end=\"2383\" \/>\n<p data-start=\"2385\" data-end=\"2527\">\ud83d\udcf1 <strong data-start=\"2388\" data-end=\"2527\">Le Tecno Pop 8 est un smartphone simple, fiable et \u00e9conomique, id\u00e9al pour les appels, les r\u00e9seaux sociaux et l\u2019utilisation quotidienne.<\/strong><\/p>\n<\/div>\n<\/div>\n<\/div>\n<\/div>\n<\/div>\n<\/div>\n<\/article>\n<\/div>\n<\/div>\n<\/div>\n<\/div>\n<p><\/main><\/div>\n<\/div>\n<\/div>\n<\/div>\n<\/div>\n<\/div>\n<\/div>\n<\/div>\n<\/div>\n<\/div>\n<\/div>\n<\/article>\n","protected":false},"excerpt":{"rendered":"<p>D\u00e9couvrez le Tecno Pop 8, un smartphone \u00e9conomique con\u00e7u pour offrir un grand \u00e9cran confortable, une bonne autonomie et les fonctionnalit\u00e9s essentielles du quotidien. Son \u00e9cran IPS LCD de 6.6 pouces HD+ offre un affichage clair et agr\u00e9able pour les vid\u00e9os, r\u00e9seaux sociaux et navigation internet. Propuls\u00e9 par le processeur Unisoc T606 et 2 Go&hellip;<\/p>\n","protected":false},"featured_media":16666,"comment_status":"open","ping_status":"closed","template":"","meta":[],"product_cat":[85],"product_tag":[],"class_list":{"0":"post-16662","1":"product","2":"type-product","3":"status-publish","4":"has-post-thumbnail","6":"product_brand-tecno","7":"product_cat-tecno","9":"first","10":"instock","11":"sale","12":"shipping-taxable","13":"purchasable","14":"product-type-simple","15":"col-xs-6 col-sm-4","16":"col-md-3 col-lg-3","17":"un-4-cols"},"_links":{"self":[{"href":"https:\/\/www.vazy.market\/index.php\/wp-json\/wp\/v2\/product\/16662","targetHints":{"allow":["GET"]}}],"collection":[{"href":"https:\/\/www.vazy.market\/index.php\/wp-json\/wp\/v2\/product"}],"about":[{"href":"https:\/\/www.vazy.market\/index.php\/wp-json\/wp\/v2\/types\/product"}],"replies":[{"embeddable":true,"href":"https:\/\/www.vazy.market\/index.php\/wp-json\/wp\/v2\/comments?post=16662"}],"wp:featuredmedia":[{"embeddable":true,"href":"https:\/\/www.vazy.market\/index.php\/wp-json\/wp\/v2\/media\/16666"}],"wp:attachment":[{"href":"https:\/\/www.vazy.market\/index.php\/wp-json\/wp\/v2\/media?parent=16662"}],"wp:term":[{"taxonomy":"product_cat","embeddable":true,"href":"https:\/\/www.vazy.market\/index.php\/wp-json\/wp\/v2\/product_cat?post=16662"},{"taxonomy":"product_tag","embeddable":true,"href":"https:\/\/www.vazy.market\/index.php\/wp-json\/wp\/v2\/product_tag?post=16662"}],"curies":[{"name":"wp","href":"https:\/\/api.w.org\/{rel}","templated":true}]}}