{"id":16652,"date":"2026-03-16T21:08:43","date_gmt":"2026-03-16T21:08:43","guid":{"rendered":"https:\/\/www.vazy.market\/?post_type=product&#038;p=16652"},"modified":"2026-03-25T09:39:08","modified_gmt":"2026-03-25T09:39:08","slug":"tecno-spark-30c-4g-6-67-128go4go-4go-ram-virtuelle-50mp-fhd8mp-fhd-dual-nano-sim-5000mah","status":"publish","type":"product","link":"https:\/\/www.vazy.market\/index.php\/product\/tecno-spark-30c-4g-6-67-128go4go-4go-ram-virtuelle-50mp-fhd8mp-fhd-dual-nano-sim-5000mah\/","title":{"rendered":"\ud83d\udcf1 TECNO SPARK 30C 4G &#8211; 6.67&Prime; &#8211; 128Go|4Go (+4Go RAM virtuelle) &#8211; 50MP FHD|8MP FHD &#8211; Dual Nano SIM &#8211; 5000mAh"},"content":{"rendered":"<div class=\"flex h-svh w-screen flex-col\">\n<div class=\"relative z-0 flex min-h-0 w-full flex-1\">\n<div class=\"relative flex min-h-0 w-full flex-1\">\n<div class=\"@container\/main relative flex min-w-0 flex-1 flex-col -translate-y-[calc(env(safe-area-inset-bottom,0px)\/2)] pt-[calc(env(safe-area-inset-bottom,0px)\/2)]\">\n<div class=\"@w-sm\/main:[scrollbar-gutter:stable_both-edges] touch:[scrollbar-width:none] relative flex min-h-0 min-w-0 flex-1 flex-col [scrollbar-gutter:stable] not-print:overflow-x-clip not-print:overflow-y-auto scroll-pt-(--header-height) [--sticky-padding-top:var(--header-height)] has-data-[fixed-header=less-than-xl]:@w-xl\/main:scroll-pt-0 has-data-[fixed-header=less-than-xl]:@w-xl\/main:[--sticky-padding-top:0px] has-data-[fixed-header=less-than-xxl]:@w-2xl\/main:scroll-pt-0 has-data-[fixed-header=less-than-xxl]:@w-2xl\/main:[--sticky-padding-top:0px]\" data-scroll-root=\"\"><main id=\"main\" class=\"min-h-0 flex-1\"><\/p>\n<div id=\"thread\" class=\"group\/thread flex flex-col min-h-full\">\n<div class=\"composer-parent flex flex-1 flex-col focus-visible:outline-0\" role=\"presentation\">\n<div class=\"relative basis-auto flex-col -mb-(--composer-overlap-px) [--composer-overlap-px:28px] grow flex\">\n<div class=\"flex flex-col text-sm pb-25\">\n<article class=\"text-token-text-primary w-full focus:outline-none [--shadow-height:45px] has-data-writing-block:pointer-events-none has-data-writing-block:-mt-(--shadow-height) has-data-writing-block:pt-(--shadow-height) [&amp;:has([data-writing-block])&gt;*]:pointer-events-auto scroll-mt-[calc(var(--header-height)+min(200px,max(70px,20svh)))]\" dir=\"auto\" tabindex=\"-1\" data-turn-id=\"request-69add934-1d50-8332-91d7-d97a2ee2331f-12\" data-testid=\"conversation-turn-206\" data-scroll-anchor=\"true\" data-turn=\"assistant\">\n<div class=\"text-base my-auto mx-auto pb-10 [--thread-content-margin:var(--thread-content-margin-xs,calc(var(--spacing)*4))] @w-sm\/main:[--thread-content-margin:var(--thread-content-margin-sm,calc(var(--spacing)*6))] @w-lg\/main:[--thread-content-margin:var(--thread-content-margin-lg,calc(var(--spacing)*16))] px-(--thread-content-margin)\">\n<div class=\"[--thread-content-max-width:40rem] @w-lg\/main:[--thread-content-max-width:48rem] mx-auto max-w-(--thread-content-max-width) flex-1 group\/turn-messages focus-visible:outline-hidden relative flex w-full min-w-0 flex-col agent-turn\" tabindex=\"-1\">\n<div class=\"flex max-w-full flex-col gap-4 grow\">\n<div class=\"min-h-8 text-message relative flex w-full flex-col items-end gap-2 text-start break-words whitespace-normal [.text-message+&amp;]:mt-1\" dir=\"auto\" data-message-author-role=\"assistant\" data-message-id=\"14a35000-55b3-4ce1-9cbd-00d684fcf983\" data-message-model-slug=\"gpt-5-3\">\n<div class=\"flex w-full flex-col gap-1 empty:hidden\">\n<div class=\"streaming-animation markdown prose dark:prose-invert w-full wrap-break-word light markdown-new-styling\">\n<p data-start=\"116\" data-end=\"527\">D\u00e9couvrez le <strong data-start=\"129\" data-end=\"148\">Tecno Spark 30C<\/strong>, un smartphone moderne con\u00e7u pour offrir <strong data-start=\"190\" data-end=\"288\">un grand \u00e9cran fluide, une bonne autonomie et des performances fiables pour un usage quotidien<\/strong>. Son <strong data-start=\"294\" data-end=\"363\">\u00e9cran IPS LCD de 6.67 pouces avec taux de rafra\u00eechissement 120 Hz<\/strong> garantit une navigation fluide et un affichage confortable pour regarder des vid\u00e9os, jouer ou utiliser les r\u00e9seaux sociaux.<\/p>\n<p data-start=\"529\" data-end=\"862\">Propuls\u00e9 par le <strong data-start=\"545\" data-end=\"626\">processeur MediaTek Helio G81 et 4 Go de RAM extensible (+4 Go RAM virtuelle)<\/strong>, il assure une utilisation fluide pour les applications du quotidien et le multit\u00e2che. Son <strong data-start=\"718\" data-end=\"763\">stockage de 128 Go extensible via microSD<\/strong> permet de conserver facilement photos, vid\u00e9os et fichiers.<\/p>\n<p data-start=\"864\" data-end=\"1109\">Gr\u00e2ce \u00e0 son <strong data-start=\"876\" data-end=\"913\">appareil photo principal de 50 MP<\/strong>, le Spark 30C capture des photos d\u00e9taill\u00e9es tandis que la <strong data-start=\"972\" data-end=\"1019\">batterie de 5000 mAh avec charge rapide 18W<\/strong> offre une autonomie solide pour toute la journ\u00e9e.<\/p>\n<hr data-start=\"1111\" data-end=\"1114\" \/>\n<h1 data-section-id=\"gug16d\" data-start=\"1116\" data-end=\"1132\">\u2b50 Points forts<\/h1>\n<p data-start=\"1134\" data-end=\"1444\">\u2714 \ud83d\udcf1 <strong data-start=\"1139\" data-end=\"1181\">Grand \u00e9cran IPS LCD 6.67&Prime; 120Hz fluide<\/strong><br data-start=\"1181\" data-end=\"1184\" \/>\u2714 \ud83d\udcf8 <strong data-start=\"1189\" data-end=\"1234\">Cam\u00e9ra principale 50 MP avec double flash<\/strong><br data-start=\"1234\" data-end=\"1237\" \/>\u2714 \u26a1 <strong data-start=\"1241\" data-end=\"1284\">Processeur MediaTek Helio G81 Octa-Core<\/strong><br data-start=\"1284\" data-end=\"1287\" \/>\u2714 \ud83d\udd0b <strong data-start=\"1292\" data-end=\"1326\">Batterie longue dur\u00e9e 5000 mAh<\/strong><br data-start=\"1326\" data-end=\"1329\" \/>\u2714 \u26a1 <strong data-start=\"1333\" data-end=\"1360\">Charge rapide 18W USB-C<\/strong><br data-start=\"1360\" data-end=\"1363\" \/>\u2714 \ud83d\udcf6 <strong data-start=\"1368\" data-end=\"1396\">Compatible r\u00e9seau 4G LTE<\/strong><br data-start=\"1396\" data-end=\"1399\" \/>\u2714 \ud83d\udd10 <strong data-start=\"1404\" data-end=\"1444\">Capteur d\u2019empreinte digitale lat\u00e9ral<\/strong><\/p>\n<hr data-start=\"1446\" data-end=\"1449\" \/>\n<h1 data-section-id=\"ys7y0m\" data-start=\"1451\" data-end=\"1462\">\ud83d\udcf8 Cam\u00e9ra<\/h1>\n<ul data-start=\"1464\" data-end=\"1638\">\n<li data-section-id=\"m42rc2\" data-start=\"1464\" data-end=\"1500\">\n<p data-start=\"1466\" data-end=\"1500\">\ud83d\udcf7 <strong data-start=\"1469\" data-end=\"1498\">Cam\u00e9ra principale : 50 MP<\/strong><\/p>\n<\/li>\n<li data-section-id=\"12i25on\" data-start=\"1501\" data-end=\"1533\">\n<p data-start=\"1503\" data-end=\"1533\">\ud83d\udce1 <strong data-start=\"1506\" data-end=\"1531\">Capteur IA auxiliaire<\/strong><\/p>\n<\/li>\n<li data-section-id=\"1x41ejq\" data-start=\"1534\" data-end=\"1567\">\n<p data-start=\"1536\" data-end=\"1567\">\ud83e\udd33 <strong data-start=\"1539\" data-end=\"1565\">Cam\u00e9ra frontale : 8 MP<\/strong><\/p>\n<\/li>\n<li data-section-id=\"1x3f48d\" data-start=\"1568\" data-end=\"1638\">\n<p data-start=\"1570\" data-end=\"1638\">\ud83c\udfa5 <strong data-start=\"1573\" data-end=\"1598\">Vid\u00e9o : Full HD 1080p<\/strong><\/p>\n<\/li>\n<\/ul>\n<hr data-start=\"1640\" data-end=\"1643\" \/>\n<h1 data-section-id=\"1gx1fos\" data-start=\"1645\" data-end=\"1665\">\ud83d\udcca Fiche Technique<\/h1>\n<div class=\"TyagGW_tableContainer\">\n<div class=\"group TyagGW_tableWrapper flex flex-col-reverse w-fit\" tabindex=\"-1\">\n<table class=\"w-fit min-w-(--thread-content-width)\" data-start=\"1667\" data-end=\"2256\">\n<thead data-start=\"1667\" data-end=\"1696\">\n<tr data-start=\"1667\" data-end=\"1696\">\n<th class=\"\" data-start=\"1667\" data-end=\"1685\" data-col-size=\"sm\">Caract\u00e9ristique<\/th>\n<th class=\"\" data-start=\"1685\" data-end=\"1696\" data-col-size=\"sm\">D\u00e9tails<\/th>\n<\/tr>\n<\/thead>\n<tbody data-start=\"1707\" data-end=\"2256\">\n<tr data-start=\"1707\" data-end=\"1725\">\n<td data-start=\"1707\" data-end=\"1716\" data-col-size=\"sm\">Marque<\/td>\n<td data-start=\"1716\" data-end=\"1725\" data-col-size=\"sm\">Tecno<\/td>\n<\/tr>\n<tr data-start=\"1726\" data-end=\"1752\">\n<td data-start=\"1726\" data-end=\"1735\" data-col-size=\"sm\">Mod\u00e8le<\/td>\n<td data-start=\"1735\" data-end=\"1752\" data-col-size=\"sm\"><strong data-start=\"1737\" data-end=\"1750\">Spark 30C<\/strong><\/td>\n<\/tr>\n<tr data-start=\"1753\" data-end=\"1772\">\n<td data-start=\"1753\" data-end=\"1762\" data-col-size=\"sm\">R\u00e9seau<\/td>\n<td data-start=\"1762\" data-end=\"1772\" data-col-size=\"sm\">4G LTE<\/td>\n<\/tr>\n<tr data-start=\"1773\" data-end=\"1808\">\n<td data-start=\"1773\" data-end=\"1781\" data-col-size=\"sm\">\u00c9cran<\/td>\n<td data-col-size=\"sm\" data-start=\"1781\" data-end=\"1808\"><strong data-start=\"1783\" data-end=\"1806\">6.67 pouces IPS LCD<\/strong><\/td>\n<\/tr>\n<tr data-start=\"1809\" data-end=\"1842\">\n<td data-start=\"1809\" data-end=\"1822\" data-col-size=\"sm\">R\u00e9solution<\/td>\n<td data-start=\"1822\" data-end=\"1842\" data-col-size=\"sm\">720 \u00d7 1600 (HD+)<\/td>\n<\/tr>\n<tr data-start=\"1843\" data-end=\"1884\">\n<td data-start=\"1843\" data-end=\"1870\" data-col-size=\"sm\">Taux de rafra\u00eechissement<\/td>\n<td data-start=\"1870\" data-end=\"1884\" data-col-size=\"sm\"><strong data-start=\"1872\" data-end=\"1882\">120 Hz<\/strong><\/td>\n<\/tr>\n<tr data-start=\"1885\" data-end=\"1924\">\n<td data-start=\"1885\" data-end=\"1898\" data-col-size=\"sm\">Processeur<\/td>\n<td data-start=\"1898\" data-end=\"1924\" data-col-size=\"sm\"><strong data-start=\"1900\" data-end=\"1922\">MediaTek Helio G81<\/strong><\/td>\n<\/tr>\n<tr data-start=\"1925\" data-end=\"1965\">\n<td data-start=\"1925\" data-end=\"1931\" data-col-size=\"sm\">RAM<\/td>\n<td data-start=\"1931\" data-end=\"1965\" data-col-size=\"sm\"><strong data-start=\"1933\" data-end=\"1963\">4 Go (+4 Go RAM virtuelle)<\/strong><\/td>\n<\/tr>\n<tr data-start=\"1966\" data-end=\"2012\">\n<td data-start=\"1966\" data-end=\"1977\" data-col-size=\"sm\">Stockage<\/td>\n<td data-start=\"1977\" data-end=\"2012\" data-col-size=\"sm\"><strong data-start=\"1979\" data-end=\"2010\">128 Go (extensible microSD)<\/strong><\/td>\n<\/tr>\n<tr data-start=\"2013\" data-end=\"2053\">\n<td data-start=\"2013\" data-end=\"2030\" data-col-size=\"sm\">Cam\u00e9ra arri\u00e8re<\/td>\n<td data-start=\"2030\" data-end=\"2053\" data-col-size=\"sm\"><strong data-start=\"2032\" data-end=\"2051\">50MP + IA (FHD)<\/strong><\/td>\n<\/tr>\n<tr data-start=\"2054\" data-end=\"2089\">\n<td data-start=\"2054\" data-end=\"2072\" data-col-size=\"sm\">Cam\u00e9ra frontale<\/td>\n<td data-start=\"2072\" data-end=\"2089\" data-col-size=\"sm\"><strong data-start=\"2074\" data-end=\"2087\">8MP (FHD)<\/strong><\/td>\n<\/tr>\n<tr data-start=\"2090\" data-end=\"2117\">\n<td data-start=\"2090\" data-end=\"2101\" data-col-size=\"sm\">Batterie<\/td>\n<td data-start=\"2101\" data-end=\"2117\" data-col-size=\"sm\"><strong data-start=\"2103\" data-end=\"2115\">5000 mAh<\/strong><\/td>\n<\/tr>\n<tr data-start=\"2118\" data-end=\"2145\">\n<td data-start=\"2118\" data-end=\"2134\" data-col-size=\"sm\">Charge rapide<\/td>\n<td data-start=\"2134\" data-end=\"2145\" data-col-size=\"sm\"><strong data-start=\"2136\" data-end=\"2143\">18W<\/strong><\/td>\n<\/tr>\n<tr data-start=\"2146\" data-end=\"2173\">\n<td data-start=\"2146\" data-end=\"2152\" data-col-size=\"sm\">SIM<\/td>\n<td data-start=\"2152\" data-end=\"2173\" data-col-size=\"sm\"><strong data-start=\"2154\" data-end=\"2171\">Dual Nano SIM<\/strong><\/td>\n<\/tr>\n<tr data-start=\"2174\" data-end=\"2209\">\n<td data-start=\"2174\" data-end=\"2184\" data-col-size=\"sm\">Syst\u00e8me<\/td>\n<td data-start=\"2184\" data-end=\"2209\" data-col-size=\"sm\"><strong data-start=\"2186\" data-end=\"2207\">Android 14 \/ HiOS<\/strong><\/td>\n<\/tr>\n<tr data-start=\"2210\" data-end=\"2256\">\n<td data-start=\"2210\" data-end=\"2221\" data-col-size=\"sm\">S\u00e9curit\u00e9<\/td>\n<td data-start=\"2221\" data-end=\"2256\" data-col-size=\"sm\"><strong data-start=\"2223\" data-end=\"2254\">Empreinte digitale lat\u00e9rale<\/strong><\/td>\n<\/tr>\n<\/tbody>\n<\/table>\n<\/div>\n<\/div>\n<hr data-start=\"2258\" data-end=\"2261\" \/>\n<h1 data-section-id=\"6f7tr2\" data-start=\"2263\" data-end=\"2284\">\ud83d\udce6 Contenu du colis<\/h1>\n<ul data-start=\"2286\" data-end=\"2425\">\n<li data-section-id=\"5dmi5i\" data-start=\"2286\" data-end=\"2313\">\n<p data-start=\"2288\" data-end=\"2313\">1 \u00d7 <strong data-start=\"2292\" data-end=\"2311\">Tecno Spark 30C<\/strong><\/p>\n<\/li>\n<li data-section-id=\"gzkpdf\" data-start=\"2314\" data-end=\"2330\">\n<p data-start=\"2316\" data-end=\"2330\">1 \u00d7 Chargeur<\/p>\n<\/li>\n<li data-section-id=\"1cuiaz2\" data-start=\"2331\" data-end=\"2350\">\n<p data-start=\"2333\" data-end=\"2350\">1 \u00d7 C\u00e2ble USB-C<\/p>\n<\/li>\n<li data-section-id=\"kvuwap\" data-start=\"2351\" data-end=\"2378\">\n<p data-start=\"2353\" data-end=\"2378\">1 \u00d7 Coque de protection<\/p>\n<\/li>\n<li data-section-id=\"12haphu\" data-start=\"2379\" data-end=\"2396\">\n<p data-start=\"2381\" data-end=\"2396\">1 \u00d7 Outil SIM<\/p>\n<\/li>\n<li data-section-id=\"euolri\" data-start=\"2397\" data-end=\"2425\">\n<p data-start=\"2399\" data-end=\"2425\">1 \u00d7 Manuel d\u2019utilisation<\/p>\n<\/li>\n<\/ul>\n<hr data-start=\"2427\" data-end=\"2430\" \/>\n<p data-start=\"2432\" data-end=\"2597\">\ud83d\udcf1 <strong data-start=\"2435\" data-end=\"2597\">Le Tecno Spark 30C est un smartphone fiable avec \u00e9cran 120 Hz, cam\u00e9ra 50 MP et grande batterie, id\u00e9al pour une utilisation quotidienne et les r\u00e9seaux sociaux.<\/strong><\/p>\n<\/div>\n<\/div>\n<\/div>\n<\/div>\n<\/div>\n<\/div>\n<\/article>\n<\/div>\n<\/div>\n<\/div>\n<\/div>\n<p><\/main><\/div>\n<\/div>\n<\/div>\n<\/div>\n<\/div>\n","protected":false},"excerpt":{"rendered":"<p>D\u00e9couvrez le Tecno Spark 30C, un smartphone moderne con\u00e7u pour offrir un grand \u00e9cran fluide, une bonne autonomie et des performances fiables pour un usage quotidien. Son \u00e9cran IPS LCD de 6.67 pouces avec taux de rafra\u00eechissement 120 Hz garantit une navigation fluide et un affichage confortable pour regarder des vid\u00e9os, jouer ou utiliser les&hellip;<\/p>\n","protected":false},"featured_media":16654,"comment_status":"open","ping_status":"closed","template":"","meta":[],"product_cat":[85],"product_tag":[],"class_list":{"0":"post-16652","1":"product","2":"type-product","3":"status-publish","4":"has-post-thumbnail","6":"product_brand-tecno","7":"product_cat-tecno","9":"first","10":"instock","11":"sale","12":"shipping-taxable","13":"purchasable","14":"product-type-simple","15":"col-xs-6 col-sm-4","16":"col-md-3 col-lg-3","17":"un-4-cols"},"_links":{"self":[{"href":"https:\/\/www.vazy.market\/index.php\/wp-json\/wp\/v2\/product\/16652","targetHints":{"allow":["GET"]}}],"collection":[{"href":"https:\/\/www.vazy.market\/index.php\/wp-json\/wp\/v2\/product"}],"about":[{"href":"https:\/\/www.vazy.market\/index.php\/wp-json\/wp\/v2\/types\/product"}],"replies":[{"embeddable":true,"href":"https:\/\/www.vazy.market\/index.php\/wp-json\/wp\/v2\/comments?post=16652"}],"wp:featuredmedia":[{"embeddable":true,"href":"https:\/\/www.vazy.market\/index.php\/wp-json\/wp\/v2\/media\/16654"}],"wp:attachment":[{"href":"https:\/\/www.vazy.market\/index.php\/wp-json\/wp\/v2\/media?parent=16652"}],"wp:term":[{"taxonomy":"product_cat","embeddable":true,"href":"https:\/\/www.vazy.market\/index.php\/wp-json\/wp\/v2\/product_cat?post=16652"},{"taxonomy":"product_tag","embeddable":true,"href":"https:\/\/www.vazy.market\/index.php\/wp-json\/wp\/v2\/product_tag?post=16652"}],"curies":[{"name":"wp","href":"https:\/\/api.w.org\/{rel}","templated":true}]}}