{"id":16648,"date":"2026-03-16T20:11:02","date_gmt":"2026-03-16T20:11:02","guid":{"rendered":"https:\/\/www.vazy.market\/?post_type=product&#038;p=16648"},"modified":"2026-03-25T09:39:19","modified_gmt":"2026-03-25T09:39:19","slug":"tecno-spark-40-4g-6-67-256go8go-8go-ram-virtuelle-50mpai-fhd8mp-fhd-dual-nano-sim-5200mah","status":"publish","type":"product","link":"https:\/\/www.vazy.market\/index.php\/product\/tecno-spark-40-4g-6-67-256go8go-8go-ram-virtuelle-50mpai-fhd8mp-fhd-dual-nano-sim-5200mah\/","title":{"rendered":"\ud83d\udcf1 TECNO SPARK 40 4G &#8211; 6.67&Prime; &#8211; 256Go|8Go (+8Go RAM virtuelle) &#8211; 50MP+AI FHD|8MP FHD &#8211; Dual Nano SIM &#8211; 5200mAh"},"content":{"rendered":"<div class=\"flex h-svh w-screen flex-col\">\n<div class=\"relative z-0 flex min-h-0 w-full flex-1\">\n<div class=\"relative flex min-h-0 w-full flex-1\">\n<div class=\"@container\/main relative flex min-w-0 flex-1 flex-col -translate-y-[calc(env(safe-area-inset-bottom,0px)\/2)] pt-[calc(env(safe-area-inset-bottom,0px)\/2)]\">\n<div class=\"@w-sm\/main:[scrollbar-gutter:stable_both-edges] touch:[scrollbar-width:none] relative flex min-h-0 min-w-0 flex-1 flex-col [scrollbar-gutter:stable] not-print:overflow-x-clip not-print:overflow-y-auto scroll-pt-(--header-height) [--sticky-padding-top:var(--header-height)] has-data-[fixed-header=less-than-xl]:@w-xl\/main:scroll-pt-0 has-data-[fixed-header=less-than-xl]:@w-xl\/main:[--sticky-padding-top:0px] has-data-[fixed-header=less-than-xxl]:@w-2xl\/main:scroll-pt-0 has-data-[fixed-header=less-than-xxl]:@w-2xl\/main:[--sticky-padding-top:0px]\" data-scroll-root=\"\">\n<p>&nbsp;<\/p>\n<div id=\"thread\" class=\"group\/thread flex flex-col min-h-full\">\n<div class=\"composer-parent flex flex-1 flex-col focus-visible:outline-0\" role=\"presentation\">\n<div class=\"relative basis-auto flex-col -mb-(--composer-overlap-px) [--composer-overlap-px:28px] grow flex\">\n<div class=\"flex flex-col text-sm pb-25\">\n<article class=\"text-token-text-primary w-full focus:outline-none [--shadow-height:45px] has-data-writing-block:pointer-events-none has-data-writing-block:-mt-(--shadow-height) has-data-writing-block:pt-(--shadow-height) [&amp;:has([data-writing-block])&gt;*]:pointer-events-auto scroll-mt-[calc(var(--header-height)+min(200px,max(70px,20svh)))]\" dir=\"auto\" tabindex=\"-1\" data-turn-id=\"request-69add934-1d50-8332-91d7-d97a2ee2331f-11\" data-testid=\"conversation-turn-204\" data-scroll-anchor=\"true\" data-turn=\"assistant\">\n<div class=\"text-base my-auto mx-auto pb-10 [--thread-content-margin:var(--thread-content-margin-xs,calc(var(--spacing)*4))] @w-sm\/main:[--thread-content-margin:var(--thread-content-margin-sm,calc(var(--spacing)*6))] @w-lg\/main:[--thread-content-margin:var(--thread-content-margin-lg,calc(var(--spacing)*16))] px-(--thread-content-margin)\">\n<div class=\"[--thread-content-max-width:40rem] @w-lg\/main:[--thread-content-max-width:48rem] mx-auto max-w-(--thread-content-max-width) flex-1 group\/turn-messages focus-visible:outline-hidden relative flex w-full min-w-0 flex-col agent-turn\" tabindex=\"-1\">\n<div class=\"flex max-w-full flex-col gap-4 grow\">\n<div class=\"min-h-8 text-message relative flex w-full flex-col items-end gap-2 text-start break-words whitespace-normal [.text-message+&amp;]:mt-1\" dir=\"auto\" data-message-author-role=\"assistant\" data-message-id=\"57159c0e-4977-4fc5-a6d5-24f012fb6ea3\" data-message-model-slug=\"gpt-5-3\">\n<div class=\"flex w-full flex-col gap-1 empty:hidden\">\n<div class=\"streaming-animation markdown prose dark:prose-invert w-full wrap-break-word light markdown-new-styling\">\n<p data-start=\"118\" data-end=\"533\">D\u00e9couvrez le <strong data-start=\"131\" data-end=\"149\">Tecno Spark 40<\/strong>, un smartphone moderne con\u00e7u pour offrir <strong data-start=\"191\" data-end=\"268\">un grand \u00e9cran fluide, de bonnes performances et une excellente autonomie<\/strong> pour une utilisation quotidienne. Son <strong data-start=\"307\" data-end=\"376\">\u00e9cran IPS LCD de 6.67 pouces avec taux de rafra\u00eechissement 120 Hz<\/strong> garantit une navigation fluide et une exp\u00e9rience visuelle agr\u00e9able pour les vid\u00e9os, les jeux et les r\u00e9seaux sociaux.<\/p>\n<p data-start=\"535\" data-end=\"780\">Propuls\u00e9 par le <strong data-start=\"551\" data-end=\"635\">processeur MediaTek Helio G81 et 8 Go de RAM extensible (+8 Go de RAM virtuelle)<\/strong>, ce smartphone assure un multit\u00e2che fluide et de bonnes performances pour les applications du quotidien.<\/p>\n<p data-start=\"782\" data-end=\"1045\">Son <strong data-start=\"786\" data-end=\"854\">appareil photo principal de 50 MP avec intelligence artificielle<\/strong> permet de capturer des photos d\u00e9taill\u00e9es, tandis que la <strong data-start=\"911\" data-end=\"954\">batterie de 5200 mAh avec charge rapide<\/strong> assure une autonomie solide pour toute la journ\u00e9e.<\/p>\n<hr data-start=\"1047\" data-end=\"1050\" \/>\n<h1 data-section-id=\"gug16d\" data-start=\"1052\" data-end=\"1068\">\u2b50 Points forts<\/h1>\n<p data-start=\"1070\" data-end=\"1413\">\u2714 \ud83d\udcf1 <strong data-start=\"1075\" data-end=\"1115\">\u00c9cran IPS LCD 6.67&Prime; HD+ 120Hz fluide<\/strong><br data-start=\"1115\" data-end=\"1118\" \/>\u2714 \ud83d\udcf8 <strong data-start=\"1123\" data-end=\"1158\">Cam\u00e9ra principale 50 MP avec IA<\/strong><br data-start=\"1158\" data-end=\"1161\" \/>\u2714 \u26a1 <strong data-start=\"1165\" data-end=\"1209\">Processeur MediaTek Helio G81 performant<\/strong><br data-start=\"1209\" data-end=\"1212\" \/>\u2714 \ud83d\udd0b <strong data-start=\"1217\" data-end=\"1251\">Batterie longue dur\u00e9e 5200 mAh<\/strong><br data-start=\"1251\" data-end=\"1254\" \/>\u2714 \u26a1 <strong data-start=\"1258\" data-end=\"1287\">Charge rapide jusqu\u2019\u00e0 45W<\/strong><br data-start=\"1287\" data-end=\"1290\" \/>\u2714 \ud83d\udcf6 <strong data-start=\"1295\" data-end=\"1323\">Compatible r\u00e9seau 4G LTE<\/strong><br data-start=\"1323\" data-end=\"1326\" \/>\u2714 \ud83d\udd10 <strong data-start=\"1331\" data-end=\"1371\">Capteur d\u2019empreinte digitale lat\u00e9ral<\/strong><br data-start=\"1371\" data-end=\"1374\" \/>\u2714 \ud83c\udf81 <strong data-start=\"1379\" data-end=\"1413\">22 Go de connexion MTN offerts<\/strong><\/p>\n<hr data-start=\"1415\" data-end=\"1418\" \/>\n<h1 data-section-id=\"ys7y0m\" data-start=\"1420\" data-end=\"1431\">\ud83d\udcf8 Cam\u00e9ra<\/h1>\n<ul data-start=\"1433\" data-end=\"1607\">\n<li data-section-id=\"m42rc2\" data-start=\"1433\" data-end=\"1469\">\n<p data-start=\"1435\" data-end=\"1469\">\ud83d\udcf7 <strong data-start=\"1438\" data-end=\"1467\">Cam\u00e9ra principale : 50 MP<\/strong><\/p>\n<\/li>\n<li data-section-id=\"nr6gxz\" data-start=\"1470\" data-end=\"1502\">\n<p data-start=\"1472\" data-end=\"1502\">\ud83d\udce1 <strong data-start=\"1475\" data-end=\"1500\">Capteur AI auxiliaire<\/strong><\/p>\n<\/li>\n<li data-section-id=\"1x41ejq\" data-start=\"1503\" data-end=\"1536\">\n<p data-start=\"1505\" data-end=\"1536\">\ud83e\udd33 <strong data-start=\"1508\" data-end=\"1534\">Cam\u00e9ra frontale : 8 MP<\/strong><\/p>\n<\/li>\n<li data-section-id=\"1x3f48d\" data-start=\"1537\" data-end=\"1607\">\n<p data-start=\"1539\" data-end=\"1607\">\ud83c\udfa5 <strong data-start=\"1542\" data-end=\"1567\">Vid\u00e9o : Full HD 1080p<\/strong><\/p>\n<\/li>\n<\/ul>\n<hr data-start=\"1609\" data-end=\"1612\" \/>\n<h1 data-section-id=\"1gx1fos\" data-start=\"1614\" data-end=\"1634\">\ud83d\udcca Fiche Technique<\/h1>\n<div class=\"TyagGW_tableContainer\">\n<div class=\"group TyagGW_tableWrapper flex flex-col-reverse w-fit\" tabindex=\"-1\">\n<table class=\"w-fit min-w-(--thread-content-width)\" data-start=\"1636\" data-end=\"2161\">\n<thead data-start=\"1636\" data-end=\"1665\">\n<tr data-start=\"1636\" data-end=\"1665\">\n<th class=\"\" data-start=\"1636\" data-end=\"1654\" data-col-size=\"sm\">Caract\u00e9ristique<\/th>\n<th class=\"\" data-start=\"1654\" data-end=\"1665\" data-col-size=\"sm\">D\u00e9tails<\/th>\n<\/tr>\n<\/thead>\n<tbody data-start=\"1676\" data-end=\"2161\">\n<tr data-start=\"1676\" data-end=\"1694\">\n<td data-start=\"1676\" data-end=\"1685\" data-col-size=\"sm\">Marque<\/td>\n<td data-start=\"1685\" data-end=\"1694\" data-col-size=\"sm\">Tecno<\/td>\n<\/tr>\n<tr data-start=\"1695\" data-end=\"1720\">\n<td data-start=\"1695\" data-end=\"1704\" data-col-size=\"sm\">Mod\u00e8le<\/td>\n<td data-start=\"1704\" data-end=\"1720\" data-col-size=\"sm\"><strong data-start=\"1706\" data-end=\"1718\">Spark 40<\/strong><\/td>\n<\/tr>\n<tr data-start=\"1721\" data-end=\"1740\">\n<td data-start=\"1721\" data-end=\"1730\" data-col-size=\"sm\">R\u00e9seau<\/td>\n<td data-start=\"1730\" data-end=\"1740\" data-col-size=\"sm\">4G LTE<\/td>\n<\/tr>\n<tr data-start=\"1741\" data-end=\"1776\">\n<td data-start=\"1741\" data-end=\"1749\" data-col-size=\"sm\">\u00c9cran<\/td>\n<td data-start=\"1749\" data-end=\"1776\" data-col-size=\"sm\"><strong data-start=\"1751\" data-end=\"1774\">6.67 pouces IPS LCD<\/strong><\/td>\n<\/tr>\n<tr data-start=\"1777\" data-end=\"1810\">\n<td data-start=\"1777\" data-end=\"1790\" data-col-size=\"sm\">R\u00e9solution<\/td>\n<td data-start=\"1790\" data-end=\"1810\" data-col-size=\"sm\">720 \u00d7 1600 (HD+)<\/td>\n<\/tr>\n<tr data-start=\"1811\" data-end=\"1852\">\n<td data-start=\"1811\" data-end=\"1838\" data-col-size=\"sm\">Taux de rafra\u00eechissement<\/td>\n<td data-start=\"1838\" data-end=\"1852\" data-col-size=\"sm\"><strong data-start=\"1840\" data-end=\"1850\">120 Hz<\/strong><\/td>\n<\/tr>\n<tr data-start=\"1853\" data-end=\"1892\">\n<td data-start=\"1853\" data-end=\"1866\" data-col-size=\"sm\">Processeur<\/td>\n<td data-start=\"1866\" data-end=\"1892\" data-col-size=\"sm\"><strong data-start=\"1868\" data-end=\"1890\">MediaTek Helio G81<\/strong><\/td>\n<\/tr>\n<tr data-start=\"1893\" data-end=\"1933\">\n<td data-start=\"1893\" data-end=\"1899\" data-col-size=\"sm\">RAM<\/td>\n<td data-start=\"1899\" data-end=\"1933\" data-col-size=\"sm\"><strong data-start=\"1901\" data-end=\"1931\">8 Go (+8 Go RAM virtuelle)<\/strong><\/td>\n<\/tr>\n<tr data-start=\"1934\" data-end=\"1959\">\n<td data-start=\"1934\" data-end=\"1945\" data-col-size=\"sm\">Stockage<\/td>\n<td data-start=\"1945\" data-end=\"1959\" data-col-size=\"sm\"><strong data-start=\"1947\" data-end=\"1957\">256 Go<\/strong><\/td>\n<\/tr>\n<tr data-start=\"1960\" data-end=\"2005\">\n<td data-start=\"1960\" data-end=\"1977\" data-col-size=\"sm\">Cam\u00e9ra arri\u00e8re<\/td>\n<td data-start=\"1977\" data-end=\"2005\" data-col-size=\"sm\"><strong data-start=\"1979\" data-end=\"2003\">50MP + AI Lens (FHD)<\/strong><\/td>\n<\/tr>\n<tr data-start=\"2006\" data-end=\"2041\">\n<td data-start=\"2006\" data-end=\"2024\" data-col-size=\"sm\">Cam\u00e9ra frontale<\/td>\n<td data-start=\"2024\" data-end=\"2041\" data-col-size=\"sm\"><strong data-start=\"2026\" data-end=\"2039\">8MP (FHD)<\/strong><\/td>\n<\/tr>\n<tr data-start=\"2042\" data-end=\"2069\">\n<td data-start=\"2042\" data-end=\"2053\" data-col-size=\"sm\">Batterie<\/td>\n<td data-start=\"2053\" data-end=\"2069\" data-col-size=\"sm\"><strong data-start=\"2055\" data-end=\"2067\">5200 mAh<\/strong><\/td>\n<\/tr>\n<tr data-start=\"2070\" data-end=\"2097\">\n<td data-start=\"2070\" data-end=\"2086\" data-col-size=\"sm\">Charge rapide<\/td>\n<td data-start=\"2086\" data-end=\"2097\" data-col-size=\"sm\"><strong data-start=\"2088\" data-end=\"2095\">45W<\/strong><\/td>\n<\/tr>\n<tr data-start=\"2098\" data-end=\"2125\">\n<td data-start=\"2098\" data-end=\"2104\" data-col-size=\"sm\">SIM<\/td>\n<td data-start=\"2104\" data-end=\"2125\" data-col-size=\"sm\"><strong data-start=\"2106\" data-end=\"2123\">Dual Nano SIM<\/strong><\/td>\n<\/tr>\n<tr data-start=\"2126\" data-end=\"2161\">\n<td data-start=\"2126\" data-end=\"2136\" data-col-size=\"sm\">Syst\u00e8me<\/td>\n<td data-start=\"2136\" data-end=\"2161\" data-col-size=\"sm\"><strong data-start=\"2138\" data-end=\"2159\">Android 15 \/ HiOS<\/strong><\/td>\n<\/tr>\n<\/tbody>\n<\/table>\n<\/div>\n<\/div>\n<hr data-start=\"2163\" data-end=\"2166\" \/>\n<h1 data-section-id=\"6f7tr2\" data-start=\"2168\" data-end=\"2189\">\ud83d\udce6 Contenu du colis<\/h1>\n<ul data-start=\"2191\" data-end=\"2336\">\n<li data-section-id=\"n6clwi\" data-start=\"2191\" data-end=\"2217\">\n<p data-start=\"2193\" data-end=\"2217\">1 \u00d7 <strong data-start=\"2197\" data-end=\"2215\">Tecno Spark 40<\/strong><\/p>\n<\/li>\n<li data-section-id=\"1laildk\" data-start=\"2218\" data-end=\"2241\">\n<p data-start=\"2220\" data-end=\"2241\">1 \u00d7 Chargeur rapide<\/p>\n<\/li>\n<li data-section-id=\"1cuiaz2\" data-start=\"2242\" data-end=\"2261\">\n<p data-start=\"2244\" data-end=\"2261\">1 \u00d7 C\u00e2ble USB-C<\/p>\n<\/li>\n<li data-section-id=\"kvuwap\" data-start=\"2262\" data-end=\"2289\">\n<p data-start=\"2264\" data-end=\"2289\">1 \u00d7 Coque de protection<\/p>\n<\/li>\n<li data-section-id=\"12haphu\" data-start=\"2290\" data-end=\"2307\">\n<p data-start=\"2292\" data-end=\"2307\">1 \u00d7 Outil SIM<\/p>\n<\/li>\n<li data-section-id=\"euolri\" data-start=\"2308\" data-end=\"2336\">\n<p data-start=\"2310\" data-end=\"2336\">1 \u00d7 Manuel d\u2019utilisation<\/p>\n<\/li>\n<\/ul>\n<hr data-start=\"2338\" data-end=\"2341\" \/>\n<p data-start=\"2343\" data-end=\"2473\">\ud83d\udcf1 <strong data-start=\"2346\" data-end=\"2471\">Le Tecno Spark 40 combine \u00e9cran 120 Hz, cam\u00e9ra 50 MP et grande batterie pour une exp\u00e9rience smartphone fluide et durable.<\/strong><\/p>\n<hr data-start=\"2475\" data-end=\"2478\" \/>\n<p data-start=\"2480\" data-end=\"2673\">\u2705 Si tu veux, je peux aussi te faire <strong data-start=\"2517\" data-end=\"2607\">un mod\u00e8le unique de fiche produit ultra optimis\u00e9e pour toute ta boutique (smartphones)<\/strong> que tu pourras <strong data-start=\"2623\" data-end=\"2672\">r\u00e9utiliser automatiquement pour 100+ produits<\/strong>.<\/p>\n<\/div>\n<\/div>\n<\/div>\n<\/div>\n<\/div>\n<\/div>\n<\/article>\n<\/div>\n<\/div>\n<\/div>\n<\/div>\n<p>&nbsp;<\/p>\n<\/div>\n<\/div>\n<\/div>\n<\/div>\n<\/div>\n","protected":false},"excerpt":{"rendered":"<p>&nbsp; D\u00e9couvrez le Tecno Spark 40, un smartphone moderne con\u00e7u pour offrir un grand \u00e9cran fluide, de bonnes performances et une excellente autonomie pour une utilisation quotidienne. Son \u00e9cran IPS LCD de 6.67 pouces avec taux de rafra\u00eechissement 120 Hz garantit une navigation fluide et une exp\u00e9rience visuelle agr\u00e9able pour les vid\u00e9os, les jeux et&hellip;<\/p>\n","protected":false},"featured_media":16650,"comment_status":"open","ping_status":"closed","template":"","meta":[],"product_cat":[85],"product_tag":[],"class_list":{"0":"post-16648","1":"product","2":"type-product","3":"status-publish","4":"has-post-thumbnail","6":"product_brand-tecno","7":"product_cat-tecno","9":"first","10":"instock","11":"sale","12":"shipping-taxable","13":"purchasable","14":"product-type-simple","15":"col-xs-6 col-sm-4","16":"col-md-3 col-lg-3","17":"un-4-cols"},"_links":{"self":[{"href":"https:\/\/www.vazy.market\/index.php\/wp-json\/wp\/v2\/product\/16648","targetHints":{"allow":["GET"]}}],"collection":[{"href":"https:\/\/www.vazy.market\/index.php\/wp-json\/wp\/v2\/product"}],"about":[{"href":"https:\/\/www.vazy.market\/index.php\/wp-json\/wp\/v2\/types\/product"}],"replies":[{"embeddable":true,"href":"https:\/\/www.vazy.market\/index.php\/wp-json\/wp\/v2\/comments?post=16648"}],"wp:featuredmedia":[{"embeddable":true,"href":"https:\/\/www.vazy.market\/index.php\/wp-json\/wp\/v2\/media\/16650"}],"wp:attachment":[{"href":"https:\/\/www.vazy.market\/index.php\/wp-json\/wp\/v2\/media?parent=16648"}],"wp:term":[{"taxonomy":"product_cat","embeddable":true,"href":"https:\/\/www.vazy.market\/index.php\/wp-json\/wp\/v2\/product_cat?post=16648"},{"taxonomy":"product_tag","embeddable":true,"href":"https:\/\/www.vazy.market\/index.php\/wp-json\/wp\/v2\/product_tag?post=16648"}],"curies":[{"name":"wp","href":"https:\/\/api.w.org\/{rel}","templated":true}]}}