{"id":16643,"date":"2026-03-16T19:53:53","date_gmt":"2026-03-16T19:53:53","guid":{"rendered":"https:\/\/www.vazy.market\/?post_type=product&#038;p=16643"},"modified":"2026-03-25T09:39:30","modified_gmt":"2026-03-25T09:39:30","slug":"tecno-camon-40-pro-4g-6-78-256go8go-8go-ram-virtuelle-50mp8mp-4k50mp-fhd-dual-nano-sim-5200mah","status":"publish","type":"product","link":"https:\/\/www.vazy.market\/index.php\/product\/tecno-camon-40-pro-4g-6-78-256go8go-8go-ram-virtuelle-50mp8mp-4k50mp-fhd-dual-nano-sim-5200mah\/","title":{"rendered":"\ud83d\udcf1 TECNO CAMON 40 PRO 4G &#8211; 6.78&Prime; &#8211; 256Go|8Go (+8Go RAM virtuelle) &#8211; 50MP+8MP 4K|50MP FHD &#8211; Dual Nano SIM &#8211; 5200mAh"},"content":{"rendered":"<div class=\"flex h-svh w-screen flex-col\">\n<div class=\"relative z-0 flex min-h-0 w-full flex-1\">\n<div class=\"relative flex min-h-0 w-full flex-1\">\n<div class=\"@container\/main relative flex min-w-0 flex-1 flex-col -translate-y-[calc(env(safe-area-inset-bottom,0px)\/2)] pt-[calc(env(safe-area-inset-bottom,0px)\/2)]\">\n<div class=\"@w-sm\/main:[scrollbar-gutter:stable_both-edges] touch:[scrollbar-width:none] relative flex min-h-0 min-w-0 flex-1 flex-col [scrollbar-gutter:stable] not-print:overflow-x-clip not-print:overflow-y-auto scroll-pt-(--header-height) [--sticky-padding-top:var(--header-height)] has-data-[fixed-header=less-than-xl]:@w-xl\/main:scroll-pt-0 has-data-[fixed-header=less-than-xl]:@w-xl\/main:[--sticky-padding-top:0px] has-data-[fixed-header=less-than-xxl]:@w-2xl\/main:scroll-pt-0 has-data-[fixed-header=less-than-xxl]:@w-2xl\/main:[--sticky-padding-top:0px]\" data-scroll-root=\"\">\n<p>&nbsp;<\/p>\n<div id=\"thread\" class=\"group\/thread flex flex-col min-h-full\">\n<div class=\"composer-parent flex flex-1 flex-col focus-visible:outline-0\" role=\"presentation\">\n<div class=\"relative basis-auto flex-col -mb-(--composer-overlap-px) [--composer-overlap-px:28px] grow flex\">\n<div class=\"flex flex-col text-sm pb-25\">\n<article class=\"text-token-text-primary w-full focus:outline-none [--shadow-height:45px] has-data-writing-block:pointer-events-none has-data-writing-block:-mt-(--shadow-height) has-data-writing-block:pt-(--shadow-height) [&amp;:has([data-writing-block])&gt;*]:pointer-events-auto scroll-mt-[calc(var(--header-height)+min(200px,max(70px,20svh)))]\" dir=\"auto\" tabindex=\"-1\" data-turn-id=\"request-69add934-1d50-8332-91d7-d97a2ee2331f-10\" data-testid=\"conversation-turn-202\" data-scroll-anchor=\"true\" data-turn=\"assistant\">\n<div class=\"text-base my-auto mx-auto pb-10 [--thread-content-margin:var(--thread-content-margin-xs,calc(var(--spacing)*4))] @w-sm\/main:[--thread-content-margin:var(--thread-content-margin-sm,calc(var(--spacing)*6))] @w-lg\/main:[--thread-content-margin:var(--thread-content-margin-lg,calc(var(--spacing)*16))] px-(--thread-content-margin)\">\n<div class=\"[--thread-content-max-width:40rem] @w-lg\/main:[--thread-content-max-width:48rem] mx-auto max-w-(--thread-content-max-width) flex-1 group\/turn-messages focus-visible:outline-hidden relative flex w-full min-w-0 flex-col agent-turn\" tabindex=\"-1\">\n<div class=\"flex max-w-full flex-col gap-4 grow\">\n<div class=\"min-h-8 text-message relative flex w-full flex-col items-end gap-2 text-start break-words whitespace-normal [.text-message+&amp;]:mt-1\" dir=\"auto\" data-message-author-role=\"assistant\" data-message-id=\"ef6513b3-63a0-4fed-a5d0-7f5ccec0a44d\" data-message-model-slug=\"gpt-5-3\">\n<div class=\"flex w-full flex-col gap-1 empty:hidden\">\n<div class=\"streaming-animation markdown prose dark:prose-invert w-full wrap-break-word light markdown-new-styling\">\n<p data-start=\"123\" data-end=\"503\">D\u00e9couvrez le <strong data-start=\"136\" data-end=\"158\">Tecno Camon 40 Pro<\/strong>, un smartphone moderne con\u00e7u pour offrir <strong data-start=\"200\" data-end=\"281\">un \u00e9cran AMOLED incurv\u00e9, une cam\u00e9ra haute performance et une grande autonomie<\/strong>. Son <strong data-start=\"287\" data-end=\"363\">\u00e9cran AMOLED incurv\u00e9 de 6.78 pouces avec taux de rafra\u00eechissement 120 Hz<\/strong> offre une exp\u00e9rience visuelle immersive et fluide pour les vid\u00e9os, les jeux et les r\u00e9seaux sociaux.<\/p>\n<p data-start=\"505\" data-end=\"759\">\u00c9quip\u00e9 du <strong data-start=\"515\" data-end=\"609\">processeur MediaTek Helio G100 Ultimate et de 8 Go de RAM extensible (+8 Go RAM virtuelle)<\/strong>, ce smartphone garantit une utilisation rapide et fluide pour le multit\u00e2che et les applications quotidiennes.<\/p>\n<p data-start=\"761\" data-end=\"1020\">Son <strong data-start=\"765\" data-end=\"835\">appareil photo principal de 50 MP avec stabilisation optique (OIS)<\/strong> capture des images d\u00e9taill\u00e9es tandis que la <strong data-start=\"880\" data-end=\"918\">cam\u00e9ra frontale autofocus de 50 MP<\/strong> est id\u00e9ale pour les selfies et appels vid\u00e9o de haute qualit\u00e9.<\/p>\n<p data-start=\"1022\" data-end=\"1173\">La <strong data-start=\"1025\" data-end=\"1072\">batterie de 5200 mAh avec charge rapide 45W<\/strong> assure une excellente autonomie pour tenir toute la journ\u00e9e.<\/p>\n<hr data-start=\"1175\" data-end=\"1178\" \/>\n<h1 data-section-id=\"gug16d\" data-start=\"1180\" data-end=\"1196\">\u2b50 Points forts<\/h1>\n<p data-start=\"1198\" data-end=\"1559\">\u2714 \ud83d\udcf1 <strong data-start=\"1203\" data-end=\"1244\">\u00c9cran AMOLED incurv\u00e9 6.78&Prime; FHD+ 120Hz<\/strong><br data-start=\"1244\" data-end=\"1247\" \/>\u2714 \ud83d\udcf8 <strong data-start=\"1252\" data-end=\"1302\">Cam\u00e9ra principale 50 MP avec stabilisation OIS<\/strong><br data-start=\"1302\" data-end=\"1305\" \/>\u2714 \ud83e\udd33 <strong data-start=\"1310\" data-end=\"1363\">Cam\u00e9ra selfie 50 MP autofocus avec suivi des yeux<\/strong><br data-start=\"1363\" data-end=\"1366\" \/>\u2714 \u26a1 <strong data-start=\"1370\" data-end=\"1424\">Processeur MediaTek Helio G100 Ultimate performant<\/strong><br data-start=\"1424\" data-end=\"1427\" \/>\u2714 \ud83d\udd0b <strong data-start=\"1432\" data-end=\"1466\">Batterie longue dur\u00e9e 5200 mAh<\/strong><br data-start=\"1466\" data-end=\"1469\" \/>\u2714 \u26a1 <strong data-start=\"1473\" data-end=\"1506\">Charge rapide 45W SuperCharge<\/strong><br data-start=\"1506\" data-end=\"1509\" \/>\u2714 \ud83d\udd10 <strong data-start=\"1514\" data-end=\"1559\">Capteur d\u2019empreinte digitale sous l\u2019\u00e9cran<\/strong><\/p>\n<hr data-start=\"1561\" data-end=\"1564\" \/>\n<h1 data-section-id=\"ys7y0m\" data-start=\"1566\" data-end=\"1577\">\ud83d\udcf8 Cam\u00e9ra<\/h1>\n<ul data-start=\"1579\" data-end=\"1774\">\n<li data-section-id=\"15i93km\" data-start=\"1579\" data-end=\"1621\">\n<p data-start=\"1581\" data-end=\"1621\">\ud83d\udcf7 <strong data-start=\"1584\" data-end=\"1619\">Cam\u00e9ra principale : 50 MP (OIS)<\/strong><\/p>\n<\/li>\n<li data-section-id=\"v19b3e\" data-start=\"1622\" data-end=\"1657\">\n<p data-start=\"1624\" data-end=\"1657\">\ud83c\udf0d <strong data-start=\"1627\" data-end=\"1655\">Ultra grand-angle : 8 MP<\/strong><\/p>\n<\/li>\n<li data-section-id=\"hxfrbt\" data-start=\"1658\" data-end=\"1704\">\n<p data-start=\"1660\" data-end=\"1704\">\ud83e\udd33 <strong data-start=\"1663\" data-end=\"1702\">Cam\u00e9ra frontale : 50 MP (autofocus)<\/strong><\/p>\n<\/li>\n<li data-section-id=\"1xl35s4\" data-start=\"1705\" data-end=\"1774\">\n<p data-start=\"1707\" data-end=\"1774\">\ud83c\udfa5 <strong data-start=\"1710\" data-end=\"1734\">Vid\u00e9o : 4K \/ Full HD<\/strong><\/p>\n<\/li>\n<\/ul>\n<hr data-start=\"1776\" data-end=\"1779\" \/>\n<h1 data-section-id=\"1gx1fos\" data-start=\"1781\" data-end=\"1801\">\ud83d\udcca Fiche Technique<\/h1>\n<div class=\"TyagGW_tableContainer\">\n<div class=\"group TyagGW_tableWrapper flex flex-col-reverse w-fit\" tabindex=\"-1\">\n<table class=\"w-fit min-w-(--thread-content-width)\" data-start=\"1803\" data-end=\"2347\">\n<thead data-start=\"1803\" data-end=\"1832\">\n<tr data-start=\"1803\" data-end=\"1832\">\n<th class=\"\" data-start=\"1803\" data-end=\"1821\" data-col-size=\"sm\">Caract\u00e9ristique<\/th>\n<th class=\"\" data-start=\"1821\" data-end=\"1832\" data-col-size=\"sm\">D\u00e9tails<\/th>\n<\/tr>\n<\/thead>\n<tbody data-start=\"1843\" data-end=\"2347\">\n<tr data-start=\"1843\" data-end=\"1861\">\n<td data-start=\"1843\" data-end=\"1852\" data-col-size=\"sm\">Marque<\/td>\n<td data-start=\"1852\" data-end=\"1861\" data-col-size=\"sm\">Tecno<\/td>\n<\/tr>\n<tr data-start=\"1862\" data-end=\"1891\">\n<td data-start=\"1862\" data-end=\"1871\" data-col-size=\"sm\">Mod\u00e8le<\/td>\n<td data-start=\"1871\" data-end=\"1891\" data-col-size=\"sm\"><strong data-start=\"1873\" data-end=\"1889\">Camon 40 Pro<\/strong><\/td>\n<\/tr>\n<tr data-start=\"1892\" data-end=\"1911\">\n<td data-start=\"1892\" data-end=\"1901\" data-col-size=\"sm\">R\u00e9seau<\/td>\n<td data-start=\"1901\" data-end=\"1911\" data-col-size=\"sm\">4G LTE<\/td>\n<\/tr>\n<tr data-start=\"1912\" data-end=\"1954\">\n<td data-start=\"1912\" data-end=\"1920\" data-col-size=\"sm\">\u00c9cran<\/td>\n<td data-start=\"1920\" data-end=\"1954\" data-col-size=\"sm\"><strong data-start=\"1922\" data-end=\"1952\">6.78 pouces AMOLED incurv\u00e9<\/strong><\/td>\n<\/tr>\n<tr data-start=\"1955\" data-end=\"1990\">\n<td data-start=\"1955\" data-end=\"1968\" data-col-size=\"sm\">R\u00e9solution<\/td>\n<td data-start=\"1968\" data-end=\"1990\" data-col-size=\"sm\">2436 \u00d7 1080 (FHD+)<\/td>\n<\/tr>\n<tr data-start=\"1991\" data-end=\"2032\">\n<td data-start=\"1991\" data-end=\"2018\" data-col-size=\"sm\">Taux de rafra\u00eechissement<\/td>\n<td data-start=\"2018\" data-end=\"2032\" data-col-size=\"sm\"><strong data-start=\"2020\" data-end=\"2030\">120 Hz<\/strong><\/td>\n<\/tr>\n<tr data-start=\"2033\" data-end=\"2082\">\n<td data-start=\"2033\" data-end=\"2046\" data-col-size=\"sm\">Processeur<\/td>\n<td data-start=\"2046\" data-end=\"2082\" data-col-size=\"sm\"><strong data-start=\"2048\" data-end=\"2080\">MediaTek Helio G100 Ultimate<\/strong><\/td>\n<\/tr>\n<tr data-start=\"2083\" data-end=\"2123\">\n<td data-start=\"2083\" data-end=\"2089\" data-col-size=\"sm\">RAM<\/td>\n<td data-start=\"2089\" data-end=\"2123\" data-col-size=\"sm\"><strong data-start=\"2091\" data-end=\"2121\">8 Go (+8 Go RAM virtuelle)<\/strong><\/td>\n<\/tr>\n<tr data-start=\"2124\" data-end=\"2149\">\n<td data-start=\"2124\" data-end=\"2135\" data-col-size=\"sm\">Stockage<\/td>\n<td data-start=\"2135\" data-end=\"2149\" data-col-size=\"sm\"><strong data-start=\"2137\" data-end=\"2147\">256 Go<\/strong><\/td>\n<\/tr>\n<tr data-start=\"2150\" data-end=\"2190\">\n<td data-start=\"2150\" data-end=\"2167\" data-col-size=\"sm\">Cam\u00e9ra arri\u00e8re<\/td>\n<td data-start=\"2167\" data-end=\"2190\" data-col-size=\"sm\"><strong data-start=\"2169\" data-end=\"2188\">50MP + 8MP (4K)<\/strong><\/td>\n<\/tr>\n<tr data-start=\"2191\" data-end=\"2227\">\n<td data-start=\"2191\" data-end=\"2209\" data-col-size=\"sm\">Cam\u00e9ra frontale<\/td>\n<td data-start=\"2209\" data-end=\"2227\" data-col-size=\"sm\"><strong data-start=\"2211\" data-end=\"2225\">50MP (FHD)<\/strong><\/td>\n<\/tr>\n<tr data-start=\"2228\" data-end=\"2255\">\n<td data-start=\"2228\" data-end=\"2239\" data-col-size=\"sm\">Batterie<\/td>\n<td data-start=\"2239\" data-end=\"2255\" data-col-size=\"sm\"><strong data-start=\"2241\" data-end=\"2253\">5200 mAh<\/strong><\/td>\n<\/tr>\n<tr data-start=\"2256\" data-end=\"2283\">\n<td data-start=\"2256\" data-end=\"2272\" data-col-size=\"sm\">Charge rapide<\/td>\n<td data-start=\"2272\" data-end=\"2283\" data-col-size=\"sm\"><strong data-start=\"2274\" data-end=\"2281\">45W<\/strong><\/td>\n<\/tr>\n<tr data-start=\"2284\" data-end=\"2311\">\n<td data-start=\"2284\" data-end=\"2290\" data-col-size=\"sm\">SIM<\/td>\n<td data-start=\"2290\" data-end=\"2311\" data-col-size=\"sm\"><strong data-start=\"2292\" data-end=\"2309\">Dual Nano SIM<\/strong><\/td>\n<\/tr>\n<tr data-start=\"2312\" data-end=\"2347\">\n<td data-start=\"2312\" data-end=\"2322\" data-col-size=\"sm\">Syst\u00e8me<\/td>\n<td data-start=\"2322\" data-end=\"2347\" data-col-size=\"sm\"><strong data-start=\"2324\" data-end=\"2345\">Android 15 \/ HiOS<\/strong><\/td>\n<\/tr>\n<\/tbody>\n<\/table>\n<\/div>\n<\/div>\n<hr data-start=\"2349\" data-end=\"2352\" \/>\n<h1 data-section-id=\"6f7tr2\" data-start=\"2354\" data-end=\"2375\">\ud83d\udce6 Contenu du colis<\/h1>\n<ul data-start=\"2377\" data-end=\"2526\">\n<li data-section-id=\"ae8i7u\" data-start=\"2377\" data-end=\"2407\">\n<p data-start=\"2379\" data-end=\"2407\">1 \u00d7 <strong data-start=\"2383\" data-end=\"2405\">Tecno Camon 40 Pro<\/strong><\/p>\n<\/li>\n<li data-section-id=\"1laildk\" data-start=\"2408\" data-end=\"2431\">\n<p data-start=\"2410\" data-end=\"2431\">1 \u00d7 Chargeur rapide<\/p>\n<\/li>\n<li data-section-id=\"1cuiaz2\" data-start=\"2432\" data-end=\"2451\">\n<p data-start=\"2434\" data-end=\"2451\">1 \u00d7 C\u00e2ble USB-C<\/p>\n<\/li>\n<li data-section-id=\"kvuwap\" data-start=\"2452\" data-end=\"2479\">\n<p data-start=\"2454\" data-end=\"2479\">1 \u00d7 Coque de protection<\/p>\n<\/li>\n<li data-section-id=\"12haphu\" data-start=\"2480\" data-end=\"2497\">\n<p data-start=\"2482\" data-end=\"2497\">1 \u00d7 Outil SIM<\/p>\n<\/li>\n<li data-section-id=\"euolri\" data-start=\"2498\" data-end=\"2526\">\n<p data-start=\"2500\" data-end=\"2526\">1 \u00d7 Manuel d\u2019utilisation<\/p>\n<\/li>\n<\/ul>\n<hr data-start=\"2528\" data-end=\"2531\" \/>\n<p data-start=\"2533\" data-end=\"2690\">\ud83d\udcf1 <strong data-start=\"2536\" data-end=\"2688\">Le Tecno Camon 40 Pro combine \u00e9cran AMOLED incurv\u00e9 120 Hz, cam\u00e9ra selfie 50 MP et grande batterie pour une exp\u00e9rience smartphone moderne et premium.<\/strong><\/p>\n<hr data-start=\"2692\" data-end=\"2695\" \/>\n<p data-start=\"2697\" data-end=\"2884\">Si tu veux, je peux aussi te faire <strong data-start=\"2732\" data-end=\"2851\">une version encore plus optimis\u00e9e SEO pour Shopify \/ WooCommerce (titres + bullet marketing + mots-cl\u00e9s e-commerce)<\/strong> pour toutes tes fiches produits.<\/p>\n<\/div>\n<\/div>\n<\/div>\n<\/div>\n<\/div>\n<\/div>\n<\/article>\n<\/div>\n<\/div>\n<\/div>\n<\/div>\n<p>&nbsp;<\/p>\n<\/div>\n<\/div>\n<\/div>\n<\/div>\n<\/div>\n","protected":false},"excerpt":{"rendered":"<p>&nbsp; D\u00e9couvrez le Tecno Camon 40 Pro, un smartphone moderne con\u00e7u pour offrir un \u00e9cran AMOLED incurv\u00e9, une cam\u00e9ra haute performance et une grande autonomie. Son \u00e9cran AMOLED incurv\u00e9 de 6.78 pouces avec taux de rafra\u00eechissement 120 Hz offre une exp\u00e9rience visuelle immersive et fluide pour les vid\u00e9os, les jeux et les r\u00e9seaux sociaux. \u00c9quip\u00e9&hellip;<\/p>\n","protected":false},"featured_media":16645,"comment_status":"open","ping_status":"closed","template":"","meta":[],"product_cat":[85],"product_tag":[],"class_list":{"0":"post-16643","1":"product","2":"type-product","3":"status-publish","4":"has-post-thumbnail","6":"product_brand-tecno","7":"product_cat-tecno","9":"first","10":"instock","11":"sale","12":"shipping-taxable","13":"purchasable","14":"product-type-simple","15":"col-xs-6 col-sm-4","16":"col-md-3 col-lg-3","17":"un-4-cols"},"_links":{"self":[{"href":"https:\/\/www.vazy.market\/index.php\/wp-json\/wp\/v2\/product\/16643","targetHints":{"allow":["GET"]}}],"collection":[{"href":"https:\/\/www.vazy.market\/index.php\/wp-json\/wp\/v2\/product"}],"about":[{"href":"https:\/\/www.vazy.market\/index.php\/wp-json\/wp\/v2\/types\/product"}],"replies":[{"embeddable":true,"href":"https:\/\/www.vazy.market\/index.php\/wp-json\/wp\/v2\/comments?post=16643"}],"wp:featuredmedia":[{"embeddable":true,"href":"https:\/\/www.vazy.market\/index.php\/wp-json\/wp\/v2\/media\/16645"}],"wp:attachment":[{"href":"https:\/\/www.vazy.market\/index.php\/wp-json\/wp\/v2\/media?parent=16643"}],"wp:term":[{"taxonomy":"product_cat","embeddable":true,"href":"https:\/\/www.vazy.market\/index.php\/wp-json\/wp\/v2\/product_cat?post=16643"},{"taxonomy":"product_tag","embeddable":true,"href":"https:\/\/www.vazy.market\/index.php\/wp-json\/wp\/v2\/product_tag?post=16643"}],"curies":[{"name":"wp","href":"https:\/\/api.w.org\/{rel}","templated":true}]}}