{"id":16638,"date":"2026-03-16T19:40:36","date_gmt":"2026-03-16T19:40:36","guid":{"rendered":"https:\/\/www.vazy.market\/?post_type=product&#038;p=16638"},"modified":"2026-03-25T09:39:45","modified_gmt":"2026-03-25T09:39:45","slug":"huawei-p60-pro-4g-6-67-512go12go-48mp48mp13mp-4k13mp-4k-dual-nano-sim-4815mah","status":"publish","type":"product","link":"https:\/\/www.vazy.market\/index.php\/product\/huawei-p60-pro-4g-6-67-512go12go-48mp48mp13mp-4k13mp-4k-dual-nano-sim-4815mah\/","title":{"rendered":"\ud83d\udcf1 HUAWEI P60 PRO 4G &#8211; 6.67&Prime; &#8211; 512Go|12Go &#8211; 48MP+48MP+13MP 4K|13MP 4K &#8211; Dual Nano SIM &#8211; 4815mAh"},"content":{"rendered":"<div class=\"flex h-svh w-screen flex-col\">\n<div class=\"relative z-0 flex min-h-0 w-full flex-1\">\n<div class=\"relative flex min-h-0 w-full flex-1\">\n<div class=\"@container\/main relative flex min-w-0 flex-1 flex-col -translate-y-[calc(env(safe-area-inset-bottom,0px)\/2)] pt-[calc(env(safe-area-inset-bottom,0px)\/2)]\">\n<div class=\"@w-sm\/main:[scrollbar-gutter:stable_both-edges] touch:[scrollbar-width:none] relative flex min-h-0 min-w-0 flex-1 flex-col [scrollbar-gutter:stable] not-print:overflow-x-clip not-print:overflow-y-auto scroll-pt-(--header-height) [--sticky-padding-top:var(--header-height)] has-data-[fixed-header=less-than-xl]:@w-xl\/main:scroll-pt-0 has-data-[fixed-header=less-than-xl]:@w-xl\/main:[--sticky-padding-top:0px] has-data-[fixed-header=less-than-xxl]:@w-2xl\/main:scroll-pt-0 has-data-[fixed-header=less-than-xxl]:@w-2xl\/main:[--sticky-padding-top:0px]\" data-scroll-root=\"\"><main id=\"main\" class=\"min-h-0 flex-1\"><\/p>\n<div id=\"thread\" class=\"group\/thread flex flex-col min-h-full\">\n<div class=\"composer-parent flex flex-1 flex-col focus-visible:outline-0\" role=\"presentation\">\n<div class=\"relative basis-auto flex-col -mb-(--composer-overlap-px) [--composer-overlap-px:28px] grow flex\">\n<div class=\"flex flex-col text-sm pb-25\">\n<article class=\"text-token-text-primary w-full focus:outline-none [--shadow-height:45px] has-data-writing-block:pointer-events-none has-data-writing-block:-mt-(--shadow-height) has-data-writing-block:pt-(--shadow-height) [&amp;:has([data-writing-block])&gt;*]:pointer-events-auto scroll-mt-[calc(var(--header-height)+min(200px,max(70px,20svh)))]\" dir=\"auto\" tabindex=\"-1\" data-turn-id=\"request-69add934-1d50-8332-91d7-d97a2ee2331f-9\" data-testid=\"conversation-turn-200\" data-scroll-anchor=\"true\" data-turn=\"assistant\">\n<div class=\"text-base my-auto mx-auto pb-10 [--thread-content-margin:var(--thread-content-margin-xs,calc(var(--spacing)*4))] @w-sm\/main:[--thread-content-margin:var(--thread-content-margin-sm,calc(var(--spacing)*6))] @w-lg\/main:[--thread-content-margin:var(--thread-content-margin-lg,calc(var(--spacing)*16))] px-(--thread-content-margin)\">\n<div class=\"[--thread-content-max-width:40rem] @w-lg\/main:[--thread-content-max-width:48rem] mx-auto max-w-(--thread-content-max-width) flex-1 group\/turn-messages focus-visible:outline-hidden relative flex w-full min-w-0 flex-col agent-turn\" tabindex=\"-1\">\n<div class=\"flex max-w-full flex-col gap-4 grow\">\n<div class=\"min-h-8 text-message relative flex w-full flex-col items-end gap-2 text-start break-words whitespace-normal [.text-message+&amp;]:mt-1\" dir=\"auto\" data-message-author-role=\"assistant\" data-message-id=\"b4ebcd29-f3ef-48fa-b9cb-7ffae03d9d42\" data-message-model-slug=\"gpt-5-3\">\n<div class=\"flex w-full flex-col gap-1 empty:hidden\">\n<div class=\"streaming-animation markdown prose dark:prose-invert w-full wrap-break-word light markdown-new-styling\">\n<p data-start=\"104\" data-end=\"493\">D\u00e9couvrez le <strong data-start=\"117\" data-end=\"135\">Huawei P60 Pro<\/strong>, un smartphone haut de gamme con\u00e7u pour offrir <strong data-start=\"183\" data-end=\"262\">photographie professionnelle, \u00e9cran OLED premium et performances puissantes<\/strong>. Son <strong data-start=\"268\" data-end=\"359\">\u00e9cran LTPO OLED incurv\u00e9 de 6.67 pouces avec taux de rafra\u00eechissement adaptatif 1-120 Hz<\/strong> offre une exp\u00e9rience visuelle fluide et immersive id\u00e9ale pour les vid\u00e9os, jeux et navigation.<\/p>\n<p data-start=\"495\" data-end=\"739\">Propuls\u00e9 par le <strong data-start=\"511\" data-end=\"575\">processeur Qualcomm Snapdragon 8+ Gen 1 (4G) et 12 Go de RAM<\/strong>, ce smartphone garantit une utilisation rapide pour le multit\u00e2che, les applications exigeantes et le divertissement mobile.<\/p>\n<p data-start=\"741\" data-end=\"1016\">Son <strong data-start=\"745\" data-end=\"779\">syst\u00e8me de cam\u00e9ra XMAGE triple<\/strong> avec capteur principal <strong data-start=\"803\" data-end=\"827\">48 MP Ultra Lighting<\/strong>, t\u00e9l\u00e9objectif p\u00e9riscopique 48 MP et ultra grand-angle 13 MP capture des photos tr\u00e8s d\u00e9taill\u00e9es et des vid\u00e9os en <strong data-start=\"940\" data-end=\"946\">4K<\/strong>, avec un zoom optique avanc\u00e9.<\/p>\n<hr data-start=\"1018\" data-end=\"1021\" \/>\n<h1 data-section-id=\"gug16d\" data-start=\"1023\" data-end=\"1039\">\u2b50 Points forts<\/h1>\n<p data-start=\"1041\" data-end=\"1399\">\u2714 \ud83d\udcf1 <strong data-start=\"1046\" data-end=\"1090\">\u00c9cran OLED 6.67&Prime; LTPO 120Hz ultra fluide<\/strong><br data-start=\"1090\" data-end=\"1093\" \/>\u2714 \ud83d\udcf8 <strong data-start=\"1098\" data-end=\"1150\">Cam\u00e9ra XMAGE 48 MP avec zoom p\u00e9riscopique avanc\u00e9<\/strong><br data-start=\"1150\" data-end=\"1153\" \/>\u2714 \u26a1 <strong data-start=\"1157\" data-end=\"1200\">Processeur Snapdragon 8+ Gen 1 puissant<\/strong><br data-start=\"1200\" data-end=\"1203\" \/>\u2714 \ud83d\udd0b <strong data-start=\"1208\" data-end=\"1242\">Batterie longue dur\u00e9e 4815 mAh<\/strong><br data-start=\"1242\" data-end=\"1245\" \/>\u2714 \u26a1 <strong data-start=\"1249\" data-end=\"1292\">Charge rapide 88W + charge sans fil 50W<\/strong><br data-start=\"1292\" data-end=\"1295\" \/>\u2714 \ud83d\udca7 <strong data-start=\"1300\" data-end=\"1344\">R\u00e9sistant \u00e0 l\u2019eau et \u00e0 la poussi\u00e8re IP68<\/strong><br data-start=\"1344\" data-end=\"1347\" \/>\u2714 \ud83d\udd10 <strong data-start=\"1352\" data-end=\"1397\">Capteur d\u2019empreinte digitale sous l\u2019\u00e9cran<\/strong><\/p>\n<hr data-start=\"1401\" data-end=\"1404\" \/>\n<h1 data-section-id=\"1wxtg7y\" data-start=\"1406\" data-end=\"1433\">\ud83d\udcf8 Cam\u00e9ra professionnelle<\/h1>\n<ul data-start=\"1435\" data-end=\"1681\">\n<li data-section-id=\"nm2vn7\" data-start=\"1435\" data-end=\"1493\">\n<p data-start=\"1437\" data-end=\"1493\">\ud83d\udcf7 <strong data-start=\"1440\" data-end=\"1491\">Cam\u00e9ra principale : 48 MP (Ultra Lighting, OIS)<\/strong><\/p>\n<\/li>\n<li data-section-id=\"loi46s\" data-start=\"1494\" data-end=\"1545\">\n<p data-start=\"1496\" data-end=\"1545\">\ud83d\udd2d <strong data-start=\"1499\" data-end=\"1543\">T\u00e9l\u00e9objectif : 48 MP (zoom optique 3.5x)<\/strong><\/p>\n<\/li>\n<li data-section-id=\"9m93v4\" data-start=\"1546\" data-end=\"1582\">\n<p data-start=\"1548\" data-end=\"1582\">\ud83c\udf0d <strong data-start=\"1551\" data-end=\"1580\">Ultra grand-angle : 13 MP<\/strong><\/p>\n<\/li>\n<li data-section-id=\"bpykf0\" data-start=\"1583\" data-end=\"1617\">\n<p data-start=\"1585\" data-end=\"1617\">\ud83e\udd33 <strong data-start=\"1588\" data-end=\"1615\">Cam\u00e9ra frontale : 13 MP<\/strong><\/p>\n<\/li>\n<li data-section-id=\"1nag9u5\" data-start=\"1618\" data-end=\"1681\">\n<p data-start=\"1620\" data-end=\"1681\">\ud83c\udfa5 <strong data-start=\"1623\" data-end=\"1641\">Vid\u00e9o : 4K UHD<\/strong><\/p>\n<\/li>\n<\/ul>\n<hr data-start=\"1683\" data-end=\"1686\" \/>\n<h1 data-section-id=\"1gx1fos\" data-start=\"1688\" data-end=\"1708\">\ud83d\udcca Fiche Technique<\/h1>\n<div class=\"TyagGW_tableContainer\">\n<div class=\"group TyagGW_tableWrapper flex flex-col-reverse w-fit\" tabindex=\"-1\">\n<table class=\"w-fit min-w-(--thread-content-width)\" data-start=\"1710\" data-end=\"2258\">\n<thead data-start=\"1710\" data-end=\"1739\">\n<tr data-start=\"1710\" data-end=\"1739\">\n<th class=\"\" data-start=\"1710\" data-end=\"1728\" data-col-size=\"sm\">Caract\u00e9ristique<\/th>\n<th class=\"\" data-start=\"1728\" data-end=\"1739\" data-col-size=\"sm\">D\u00e9tails<\/th>\n<\/tr>\n<\/thead>\n<tbody data-start=\"1750\" data-end=\"2258\">\n<tr data-start=\"1750\" data-end=\"1769\">\n<td data-start=\"1750\" data-end=\"1759\" data-col-size=\"sm\">Marque<\/td>\n<td data-start=\"1759\" data-end=\"1769\" data-col-size=\"sm\">Huawei<\/td>\n<\/tr>\n<tr data-start=\"1770\" data-end=\"1794\">\n<td data-start=\"1770\" data-end=\"1779\" data-col-size=\"sm\">Mod\u00e8le<\/td>\n<td data-start=\"1779\" data-end=\"1794\" data-col-size=\"sm\"><strong data-start=\"1781\" data-end=\"1792\">P60 Pro<\/strong><\/td>\n<\/tr>\n<tr data-start=\"1795\" data-end=\"1814\">\n<td data-start=\"1795\" data-end=\"1804\" data-col-size=\"sm\">R\u00e9seau<\/td>\n<td data-start=\"1804\" data-end=\"1814\" data-col-size=\"sm\">4G LTE<\/td>\n<\/tr>\n<tr data-start=\"1815\" data-end=\"1852\">\n<td data-start=\"1815\" data-end=\"1823\" data-col-size=\"sm\">\u00c9cran<\/td>\n<td data-start=\"1823\" data-end=\"1852\" data-col-size=\"sm\"><strong data-start=\"1825\" data-end=\"1850\">6.67 pouces LTPO OLED<\/strong><\/td>\n<\/tr>\n<tr data-start=\"1853\" data-end=\"1881\">\n<td data-start=\"1853\" data-end=\"1866\" data-col-size=\"sm\">R\u00e9solution<\/td>\n<td data-start=\"1866\" data-end=\"1881\" data-col-size=\"sm\">2700 \u00d7 1220<\/td>\n<\/tr>\n<tr data-start=\"1882\" data-end=\"1925\">\n<td data-start=\"1882\" data-end=\"1909\" data-col-size=\"sm\">Taux de rafra\u00eechissement<\/td>\n<td data-start=\"1909\" data-end=\"1925\" data-col-size=\"sm\"><strong data-start=\"1911\" data-end=\"1923\">1-120 Hz<\/strong><\/td>\n<\/tr>\n<tr data-start=\"1926\" data-end=\"1971\">\n<td data-start=\"1926\" data-end=\"1939\" data-col-size=\"sm\">Processeur<\/td>\n<td data-start=\"1939\" data-end=\"1971\" data-col-size=\"sm\"><strong data-start=\"1941\" data-end=\"1969\">Snapdragon 8+ Gen 1 (4G)<\/strong><\/td>\n<\/tr>\n<tr data-start=\"1972\" data-end=\"1991\">\n<td data-start=\"1972\" data-end=\"1978\" data-col-size=\"sm\">RAM<\/td>\n<td data-start=\"1978\" data-end=\"1991\" data-col-size=\"sm\"><strong data-start=\"1980\" data-end=\"1989\">12 Go<\/strong><\/td>\n<\/tr>\n<tr data-start=\"1992\" data-end=\"2017\">\n<td data-start=\"1992\" data-end=\"2003\" data-col-size=\"sm\">Stockage<\/td>\n<td data-start=\"2003\" data-end=\"2017\" data-col-size=\"sm\"><strong data-start=\"2005\" data-end=\"2015\">512 Go<\/strong><\/td>\n<\/tr>\n<tr data-start=\"2018\" data-end=\"2066\">\n<td data-start=\"2018\" data-end=\"2035\" data-col-size=\"sm\">Cam\u00e9ra arri\u00e8re<\/td>\n<td data-start=\"2035\" data-end=\"2066\" data-col-size=\"sm\"><strong data-start=\"2037\" data-end=\"2064\">48MP + 48MP + 13MP (4K)<\/strong><\/td>\n<\/tr>\n<tr data-start=\"2067\" data-end=\"2102\">\n<td data-start=\"2067\" data-end=\"2085\" data-col-size=\"sm\">Cam\u00e9ra frontale<\/td>\n<td data-start=\"2085\" data-end=\"2102\" data-col-size=\"sm\"><strong data-start=\"2087\" data-end=\"2100\">13MP (4K)<\/strong><\/td>\n<\/tr>\n<tr data-start=\"2103\" data-end=\"2130\">\n<td data-start=\"2103\" data-end=\"2114\" data-col-size=\"sm\">Batterie<\/td>\n<td data-start=\"2114\" data-end=\"2130\" data-col-size=\"sm\"><strong data-start=\"2116\" data-end=\"2128\">4815 mAh<\/strong><\/td>\n<\/tr>\n<tr data-start=\"2131\" data-end=\"2181\">\n<td data-start=\"2131\" data-end=\"2147\" data-col-size=\"sm\">Charge rapide<\/td>\n<td data-start=\"2147\" data-end=\"2181\" data-col-size=\"sm\"><strong data-start=\"2149\" data-end=\"2179\">88W filaire \/ 50W sans fil<\/strong><\/td>\n<\/tr>\n<tr data-start=\"2182\" data-end=\"2209\">\n<td data-start=\"2182\" data-end=\"2188\" data-col-size=\"sm\">SIM<\/td>\n<td data-start=\"2188\" data-end=\"2209\" data-col-size=\"sm\"><strong data-start=\"2190\" data-end=\"2207\">Dual Nano SIM<\/strong><\/td>\n<\/tr>\n<tr data-start=\"2210\" data-end=\"2258\">\n<td data-start=\"2210\" data-end=\"2220\" data-col-size=\"sm\">Syst\u00e8me<\/td>\n<td data-start=\"2220\" data-end=\"2258\" data-col-size=\"sm\"><strong data-start=\"2222\" data-end=\"2256\">EMUI \/ HarmonyOS selon version<\/strong><\/td>\n<\/tr>\n<\/tbody>\n<\/table>\n<\/div>\n<\/div>\n<hr data-start=\"2260\" data-end=\"2263\" \/>\n<h1 data-section-id=\"6f7tr2\" data-start=\"2265\" data-end=\"2286\">\ud83d\udce6 Contenu du colis<\/h1>\n<ul data-start=\"2288\" data-end=\"2405\">\n<li data-section-id=\"bj9jsi\" data-start=\"2288\" data-end=\"2314\">\n<p data-start=\"2290\" data-end=\"2314\">1 \u00d7 <strong data-start=\"2294\" data-end=\"2312\">Huawei P60 Pro<\/strong><\/p>\n<\/li>\n<li data-section-id=\"1laildk\" data-start=\"2315\" data-end=\"2338\">\n<p data-start=\"2317\" data-end=\"2338\">1 \u00d7 Chargeur rapide<\/p>\n<\/li>\n<li data-section-id=\"1cuiaz2\" data-start=\"2339\" data-end=\"2358\">\n<p data-start=\"2341\" data-end=\"2358\">1 \u00d7 C\u00e2ble USB-C<\/p>\n<\/li>\n<li data-section-id=\"12haphu\" data-start=\"2359\" data-end=\"2376\">\n<p data-start=\"2361\" data-end=\"2376\">1 \u00d7 Outil SIM<\/p>\n<\/li>\n<li data-section-id=\"euolri\" data-start=\"2377\" data-end=\"2405\">\n<p data-start=\"2379\" data-end=\"2405\">1 \u00d7 Manuel d\u2019utilisation<\/p>\n<\/li>\n<\/ul>\n<hr data-start=\"2407\" data-end=\"2410\" \/>\n<p data-start=\"2412\" data-end=\"2558\">\ud83d\udcf1 <strong data-start=\"2415\" data-end=\"2558\">Le Huawei P60 Pro est un smartphone flagship reconnu pour sa cam\u00e9ra professionnelle, son \u00e9cran OLED premium et ses performances puissantes.<\/strong><\/p>\n<\/div>\n<\/div>\n<\/div>\n<\/div>\n<\/div>\n<\/div>\n<\/article>\n<\/div>\n<\/div>\n<\/div>\n<\/div>\n<p><\/main><\/div>\n<\/div>\n<\/div>\n<\/div>\n<\/div>\n","protected":false},"excerpt":{"rendered":"<p>D\u00e9couvrez le Huawei P60 Pro, un smartphone haut de gamme con\u00e7u pour offrir photographie professionnelle, \u00e9cran OLED premium et performances puissantes. Son \u00e9cran LTPO OLED incurv\u00e9 de 6.67 pouces avec taux de rafra\u00eechissement adaptatif 1-120 Hz offre une exp\u00e9rience visuelle fluide et immersive id\u00e9ale pour les vid\u00e9os, jeux et navigation. Propuls\u00e9 par le processeur Qualcomm&hellip;<\/p>\n","protected":false},"featured_media":16640,"comment_status":"open","ping_status":"closed","template":"","meta":[],"product_cat":[83],"product_tag":[],"class_list":{"0":"post-16638","1":"product","2":"type-product","3":"status-publish","4":"has-post-thumbnail","6":"product_brand-huawei","7":"product_cat-huawei","9":"first","10":"instock","11":"sale","12":"shipping-taxable","13":"purchasable","14":"product-type-simple","15":"col-xs-6 col-sm-4","16":"col-md-3 col-lg-3","17":"un-4-cols"},"_links":{"self":[{"href":"https:\/\/www.vazy.market\/index.php\/wp-json\/wp\/v2\/product\/16638","targetHints":{"allow":["GET"]}}],"collection":[{"href":"https:\/\/www.vazy.market\/index.php\/wp-json\/wp\/v2\/product"}],"about":[{"href":"https:\/\/www.vazy.market\/index.php\/wp-json\/wp\/v2\/types\/product"}],"replies":[{"embeddable":true,"href":"https:\/\/www.vazy.market\/index.php\/wp-json\/wp\/v2\/comments?post=16638"}],"wp:featuredmedia":[{"embeddable":true,"href":"https:\/\/www.vazy.market\/index.php\/wp-json\/wp\/v2\/media\/16640"}],"wp:attachment":[{"href":"https:\/\/www.vazy.market\/index.php\/wp-json\/wp\/v2\/media?parent=16638"}],"wp:term":[{"taxonomy":"product_cat","embeddable":true,"href":"https:\/\/www.vazy.market\/index.php\/wp-json\/wp\/v2\/product_cat?post=16638"},{"taxonomy":"product_tag","embeddable":true,"href":"https:\/\/www.vazy.market\/index.php\/wp-json\/wp\/v2\/product_tag?post=16638"}],"curies":[{"name":"wp","href":"https:\/\/api.w.org\/{rel}","templated":true}]}}