{"id":16629,"date":"2026-03-16T19:22:26","date_gmt":"2026-03-16T19:22:26","guid":{"rendered":"https:\/\/www.vazy.market\/?post_type=product&#038;p=16629"},"modified":"2026-03-25T09:40:17","modified_gmt":"2026-03-25T09:40:17","slug":"huawei-p20-lite-4g-5-84-128go4go-16mp2mp-fhd16mp-fhd-dual-nano-sim-3000mah","status":"publish","type":"product","link":"https:\/\/www.vazy.market\/index.php\/product\/huawei-p20-lite-4g-5-84-128go4go-16mp2mp-fhd16mp-fhd-dual-nano-sim-3000mah\/","title":{"rendered":"\ud83d\udcf1 HUAWEI P20 LITE 4G &#8211; 5.84&Prime; &#8211; 128Go|4Go &#8211; 16MP+2MP FHD|16MP FHD &#8211; Dual Nano SIM &#8211; 3000mAh"},"content":{"rendered":"<div class=\"flex h-svh w-screen flex-col\">\n<div class=\"relative z-0 flex min-h-0 w-full flex-1\">\n<div class=\"relative flex min-h-0 w-full flex-1\">\n<div class=\"@container\/main relative flex min-w-0 flex-1 flex-col -translate-y-[calc(env(safe-area-inset-bottom,0px)\/2)] pt-[calc(env(safe-area-inset-bottom,0px)\/2)]\">\n<div class=\"@w-sm\/main:[scrollbar-gutter:stable_both-edges] touch:[scrollbar-width:none] relative flex min-h-0 min-w-0 flex-1 flex-col [scrollbar-gutter:stable] not-print:overflow-x-clip not-print:overflow-y-auto scroll-pt-(--header-height) [--sticky-padding-top:var(--header-height)] has-data-[fixed-header=less-than-xl]:@w-xl\/main:scroll-pt-0 has-data-[fixed-header=less-than-xl]:@w-xl\/main:[--sticky-padding-top:0px] has-data-[fixed-header=less-than-xxl]:@w-2xl\/main:scroll-pt-0 has-data-[fixed-header=less-than-xxl]:@w-2xl\/main:[--sticky-padding-top:0px]\" data-scroll-root=\"\"><main id=\"main\" class=\"min-h-0 flex-1\"><\/p>\n<div id=\"thread\" class=\"group\/thread flex flex-col min-h-full\">\n<div class=\"composer-parent flex flex-1 flex-col focus-visible:outline-0\" role=\"presentation\">\n<div class=\"relative basis-auto flex-col -mb-(--composer-overlap-px) [--composer-overlap-px:28px] grow flex\">\n<div class=\"flex flex-col text-sm pb-25\">\n<article class=\"text-token-text-primary w-full focus:outline-none [--shadow-height:45px] has-data-writing-block:pointer-events-none has-data-writing-block:-mt-(--shadow-height) has-data-writing-block:pt-(--shadow-height) [&amp;:has([data-writing-block])&gt;*]:pointer-events-auto scroll-mt-[calc(var(--header-height)+min(200px,max(70px,20svh)))]\" dir=\"auto\" tabindex=\"-1\" data-turn-id=\"request-69add934-1d50-8332-91d7-d97a2ee2331f-7\" data-testid=\"conversation-turn-196\" data-scroll-anchor=\"true\" data-turn=\"assistant\">\n<div class=\"text-base my-auto mx-auto pb-10 [--thread-content-margin:var(--thread-content-margin-xs,calc(var(--spacing)*4))] @w-sm\/main:[--thread-content-margin:var(--thread-content-margin-sm,calc(var(--spacing)*6))] @w-lg\/main:[--thread-content-margin:var(--thread-content-margin-lg,calc(var(--spacing)*16))] px-(--thread-content-margin)\">\n<div class=\"[--thread-content-max-width:40rem] @w-lg\/main:[--thread-content-max-width:48rem] mx-auto max-w-(--thread-content-max-width) flex-1 group\/turn-messages focus-visible:outline-hidden relative flex w-full min-w-0 flex-col agent-turn\" tabindex=\"-1\">\n<div class=\"flex max-w-full flex-col gap-4 grow\">\n<div class=\"min-h-8 text-message relative flex w-full flex-col items-end gap-2 text-start break-words whitespace-normal [.text-message+&amp;]:mt-1\" dir=\"auto\" data-message-author-role=\"assistant\" data-message-id=\"4ce6d8d7-d973-41c4-8b48-84ec48481dfe\" data-message-model-slug=\"gpt-5-3\">\n<div class=\"flex w-full flex-col gap-1 empty:hidden\">\n<div class=\"streaming-animation markdown prose dark:prose-invert w-full wrap-break-word light markdown-new-styling\">\n<p data-start=\"107\" data-end=\"456\">D\u00e9couvrez le <strong data-start=\"120\" data-end=\"139\">Huawei P20 Lite<\/strong>, un smartphone \u00e9l\u00e9gant et performant con\u00e7u pour offrir <strong data-start=\"195\" data-end=\"278\">un design premium, un bon appareil photo et une utilisation fluide au quotidien<\/strong>. Son <strong data-start=\"284\" data-end=\"338\">\u00e9cran IPS LCD de 5.84 pouces Full HD+ avec encoche<\/strong> offre une image nette et immersive pour regarder des vid\u00e9os, naviguer sur internet ou utiliser les r\u00e9seaux sociaux.<\/p>\n<p data-start=\"458\" data-end=\"729\">\u00c9quip\u00e9 du <strong data-start=\"468\" data-end=\"510\">processeur Kirin 659 et de 4 Go de RAM<\/strong>, ce smartphone garantit une utilisation stable pour les applications, la navigation et le multit\u00e2che. Son <strong data-start=\"617\" data-end=\"668\">stockage de 128 Go extensible via carte microSD<\/strong> permet de conserver facilement photos, vid\u00e9os et fichiers.<\/p>\n<p data-start=\"731\" data-end=\"1027\">Son <strong data-start=\"735\" data-end=\"781\">double appareil photo arri\u00e8re 16 MP + 2 MP<\/strong> permet de capturer des photos d\u00e9taill\u00e9es avec effet profondeur, tandis que la <strong data-start=\"860\" data-end=\"888\">cam\u00e9ra frontale de 16 MP<\/strong> est id\u00e9ale pour les selfies et les appels vid\u00e9o. Sa <strong data-start=\"941\" data-end=\"965\">batterie de 3000 mAh<\/strong> assure une autonomie adapt\u00e9e \u00e0 une utilisation quotidienne.<\/p>\n<hr data-start=\"1029\" data-end=\"1032\" \/>\n<h1 data-section-id=\"gug16d\" data-start=\"1034\" data-end=\"1050\">\u2b50 Points forts<\/h1>\n<p data-start=\"1052\" data-end=\"1422\">\u2714 \ud83d\udcf1 <strong data-start=\"1057\" data-end=\"1098\">\u00c9cran IPS LCD 5.84&Prime; Full HD+ immersif<\/strong><br data-start=\"1098\" data-end=\"1101\" \/>\u2714 \ud83d\udcf8 <strong data-start=\"1106\" data-end=\"1159\">Double cam\u00e9ra arri\u00e8re 16 MP avec effet profondeur<\/strong><br data-start=\"1159\" data-end=\"1162\" \/>\u2714 \ud83e\udd33 <strong data-start=\"1167\" data-end=\"1210\">Cam\u00e9ra frontale 16 MP pour selfies nets<\/strong><br data-start=\"1210\" data-end=\"1213\" \/>\u2714 \u26a1 <strong data-start=\"1217\" data-end=\"1251\">Processeur Kirin 659 Octa-Core<\/strong><br data-start=\"1251\" data-end=\"1254\" \/>\u2714 \ud83d\udcbe <strong data-start=\"1259\" data-end=\"1301\">Stockage 128 Go extensible via microSD<\/strong><br data-start=\"1301\" data-end=\"1304\" \/>\u2714 \ud83d\udcf6 <strong data-start=\"1309\" data-end=\"1337\">Compatible r\u00e9seau 4G LTE<\/strong><br data-start=\"1337\" data-end=\"1340\" \/>\u2714 \ud83d\udd10 <strong data-start=\"1345\" data-end=\"1385\">Capteur d\u2019empreinte digitale arri\u00e8re<\/strong><br data-start=\"1385\" data-end=\"1388\" \/>\u2714 \u2728 <strong data-start=\"1392\" data-end=\"1422\">Produit neuf avec garantie<\/strong><\/p>\n<hr data-start=\"1424\" data-end=\"1427\" \/>\n<h1 data-section-id=\"ys7y0m\" data-start=\"1429\" data-end=\"1440\">\ud83d\udcf8 Cam\u00e9ra<\/h1>\n<ul data-start=\"1442\" data-end=\"1581\">\n<li data-section-id=\"qg5sww\" data-start=\"1442\" data-end=\"1478\">\n<p data-start=\"1444\" data-end=\"1478\">\ud83d\udcf7 <strong data-start=\"1447\" data-end=\"1476\">Cam\u00e9ra principale : 16 MP<\/strong><\/p>\n<\/li>\n<li data-section-id=\"1nia8kp\" data-start=\"1479\" data-end=\"1515\">\n<p data-start=\"1481\" data-end=\"1515\">\ud83d\udce1 <strong data-start=\"1484\" data-end=\"1513\">Capteur profondeur : 2 MP<\/strong><\/p>\n<\/li>\n<li data-section-id=\"192t3ax\" data-start=\"1516\" data-end=\"1550\">\n<p data-start=\"1518\" data-end=\"1550\">\ud83e\udd33 <strong data-start=\"1521\" data-end=\"1548\">Cam\u00e9ra frontale : 16 MP<\/strong><\/p>\n<\/li>\n<li data-section-id=\"rwns5s\" data-start=\"1551\" data-end=\"1581\">\n<p data-start=\"1553\" data-end=\"1581\">\ud83c\udfa5 <strong data-start=\"1556\" data-end=\"1581\">Vid\u00e9o : Full HD 1080p<\/strong><\/p>\n<\/li>\n<\/ul>\n<hr data-start=\"1583\" data-end=\"1586\" \/>\n<h1 data-section-id=\"1gx1fos\" data-start=\"1588\" data-end=\"1608\">\ud83d\udcca Fiche Technique<\/h1>\n<div class=\"TyagGW_tableContainer\">\n<div class=\"group TyagGW_tableWrapper flex flex-col-reverse w-fit\" tabindex=\"-1\">\n<table class=\"w-fit min-w-(--thread-content-width)\" data-start=\"1610\" data-end=\"2041\">\n<thead data-start=\"1610\" data-end=\"1639\">\n<tr data-start=\"1610\" data-end=\"1639\">\n<th class=\"\" data-start=\"1610\" data-end=\"1628\" data-col-size=\"sm\">Caract\u00e9ristique<\/th>\n<th class=\"\" data-start=\"1628\" data-end=\"1639\" data-col-size=\"sm\">D\u00e9tails<\/th>\n<\/tr>\n<\/thead>\n<tbody data-start=\"1650\" data-end=\"2041\">\n<tr data-start=\"1650\" data-end=\"1669\">\n<td data-start=\"1650\" data-end=\"1659\" data-col-size=\"sm\">Marque<\/td>\n<td data-start=\"1659\" data-end=\"1669\" data-col-size=\"sm\">Huawei<\/td>\n<\/tr>\n<tr data-start=\"1670\" data-end=\"1695\">\n<td data-start=\"1670\" data-end=\"1679\" data-col-size=\"sm\">Mod\u00e8le<\/td>\n<td data-start=\"1679\" data-end=\"1695\" data-col-size=\"sm\"><strong data-start=\"1681\" data-end=\"1693\">P20 Lite<\/strong><\/td>\n<\/tr>\n<tr data-start=\"1696\" data-end=\"1715\">\n<td data-start=\"1696\" data-end=\"1705\" data-col-size=\"sm\">R\u00e9seau<\/td>\n<td data-start=\"1705\" data-end=\"1715\" data-col-size=\"sm\">4G LTE<\/td>\n<\/tr>\n<tr data-start=\"1716\" data-end=\"1751\">\n<td data-start=\"1716\" data-end=\"1724\" data-col-size=\"sm\">\u00c9cran<\/td>\n<td data-start=\"1724\" data-end=\"1751\" data-col-size=\"sm\"><strong data-start=\"1726\" data-end=\"1749\">5.84 pouces IPS LCD<\/strong><\/td>\n<\/tr>\n<tr data-start=\"1752\" data-end=\"1787\">\n<td data-start=\"1752\" data-end=\"1765\" data-col-size=\"sm\">R\u00e9solution<\/td>\n<td data-start=\"1765\" data-end=\"1787\" data-col-size=\"sm\">2280 \u00d7 1080 (FHD+)<\/td>\n<\/tr>\n<tr data-start=\"1788\" data-end=\"1828\">\n<td data-start=\"1788\" data-end=\"1801\" data-col-size=\"sm\">Processeur<\/td>\n<td data-start=\"1801\" data-end=\"1828\" data-col-size=\"sm\"><strong data-start=\"1803\" data-end=\"1826\">HiSilicon Kirin 659<\/strong><\/td>\n<\/tr>\n<tr data-start=\"1829\" data-end=\"1847\">\n<td data-start=\"1829\" data-end=\"1835\" data-col-size=\"sm\">RAM<\/td>\n<td data-start=\"1835\" data-end=\"1847\" data-col-size=\"sm\"><strong data-start=\"1837\" data-end=\"1845\">4 Go<\/strong><\/td>\n<\/tr>\n<tr data-start=\"1848\" data-end=\"1873\">\n<td data-start=\"1848\" data-end=\"1859\" data-col-size=\"sm\">Stockage<\/td>\n<td data-start=\"1859\" data-end=\"1873\" data-col-size=\"sm\"><strong data-start=\"1861\" data-end=\"1871\">128 Go<\/strong><\/td>\n<\/tr>\n<tr data-start=\"1874\" data-end=\"1915\">\n<td data-start=\"1874\" data-end=\"1891\" data-col-size=\"sm\">Cam\u00e9ra arri\u00e8re<\/td>\n<td data-start=\"1891\" data-end=\"1915\" data-col-size=\"sm\"><strong data-start=\"1893\" data-end=\"1913\">16MP + 2MP (FHD)<\/strong><\/td>\n<\/tr>\n<tr data-start=\"1916\" data-end=\"1952\">\n<td data-start=\"1916\" data-end=\"1934\" data-col-size=\"sm\">Cam\u00e9ra frontale<\/td>\n<td data-start=\"1934\" data-end=\"1952\" data-col-size=\"sm\"><strong data-start=\"1936\" data-end=\"1950\">16MP (FHD)<\/strong><\/td>\n<\/tr>\n<tr data-start=\"1953\" data-end=\"1980\">\n<td data-start=\"1953\" data-end=\"1964\" data-col-size=\"sm\">Batterie<\/td>\n<td data-start=\"1964\" data-end=\"1980\" data-col-size=\"sm\"><strong data-start=\"1966\" data-end=\"1978\">3000 mAh<\/strong><\/td>\n<\/tr>\n<tr data-start=\"1981\" data-end=\"2008\">\n<td data-start=\"1981\" data-end=\"1987\" data-col-size=\"sm\">SIM<\/td>\n<td data-start=\"1987\" data-end=\"2008\" data-col-size=\"sm\"><strong data-start=\"1989\" data-end=\"2006\">Dual Nano SIM<\/strong><\/td>\n<\/tr>\n<tr data-start=\"2009\" data-end=\"2041\">\n<td data-start=\"2009\" data-end=\"2019\" data-col-size=\"sm\">Syst\u00e8me<\/td>\n<td data-start=\"2019\" data-end=\"2041\" data-col-size=\"sm\"><strong data-start=\"2021\" data-end=\"2039\">Android \/ EMUI<\/strong><\/td>\n<\/tr>\n<\/tbody>\n<\/table>\n<\/div>\n<\/div>\n<hr data-start=\"2043\" data-end=\"2046\" \/>\n<h1 data-section-id=\"6f7tr2\" data-start=\"2048\" data-end=\"2069\">\ud83d\udce6 Contenu du colis<\/h1>\n<ul data-start=\"2071\" data-end=\"2187\">\n<li data-section-id=\"unsrfa\" data-start=\"2071\" data-end=\"2105\">\n<p data-start=\"2073\" data-end=\"2105\">1 \u00d7 <strong data-start=\"2077\" data-end=\"2103\">Huawei P20 Lite (neuf)<\/strong><\/p>\n<\/li>\n<li data-section-id=\"gzkpdf\" data-start=\"2106\" data-end=\"2122\">\n<p data-start=\"2108\" data-end=\"2122\">1 \u00d7 Chargeur<\/p>\n<\/li>\n<li data-section-id=\"ym4feo\" data-start=\"2123\" data-end=\"2140\">\n<p data-start=\"2125\" data-end=\"2140\">1 \u00d7 C\u00e2ble USB<\/p>\n<\/li>\n<li data-section-id=\"12haphu\" data-start=\"2141\" data-end=\"2158\">\n<p data-start=\"2143\" data-end=\"2158\">1 \u00d7 Outil SIM<\/p>\n<\/li>\n<li data-section-id=\"euolri\" data-start=\"2159\" data-end=\"2187\">\n<p data-start=\"2161\" data-end=\"2187\">1 \u00d7 Manuel d\u2019utilisation<\/p>\n<\/li>\n<\/ul>\n<hr data-start=\"2189\" data-end=\"2192\" \/>\n<p data-start=\"2194\" data-end=\"2334\" data-is-last-node=\"\" data-is-only-node=\"\">\ud83d\udcf1 <strong data-start=\"2197\" data-end=\"2334\" data-is-last-node=\"\">Le Huawei P20 Lite est un smartphone \u00e9l\u00e9gant et fiable, id\u00e9al pour la navigation, les r\u00e9seaux sociaux et la photographie quotidienne.<\/strong><\/p>\n<\/div>\n<\/div>\n<\/div>\n<\/div>\n<\/div>\n<\/div>\n<\/article>\n<\/div>\n<\/div>\n<\/div>\n<\/div>\n<p><\/main><\/div>\n<\/div>\n<\/div>\n<\/div>\n<\/div>\n","protected":false},"excerpt":{"rendered":"<p>D\u00e9couvrez le Huawei P20 Lite, un smartphone \u00e9l\u00e9gant et performant con\u00e7u pour offrir un design premium, un bon appareil photo et une utilisation fluide au quotidien. Son \u00e9cran IPS LCD de 5.84 pouces Full HD+ avec encoche offre une image nette et immersive pour regarder des vid\u00e9os, naviguer sur internet ou utiliser les r\u00e9seaux sociaux.&hellip;<\/p>\n","protected":false},"featured_media":16633,"comment_status":"open","ping_status":"closed","template":"","meta":[],"product_cat":[83],"product_tag":[],"class_list":{"0":"post-16629","1":"product","2":"type-product","3":"status-publish","4":"has-post-thumbnail","6":"product_brand-huawei","7":"product_cat-huawei","9":"first","10":"instock","11":"sale","12":"shipping-taxable","13":"purchasable","14":"product-type-simple","15":"col-xs-6 col-sm-4","16":"col-md-3 col-lg-3","17":"un-4-cols"},"_links":{"self":[{"href":"https:\/\/www.vazy.market\/index.php\/wp-json\/wp\/v2\/product\/16629","targetHints":{"allow":["GET"]}}],"collection":[{"href":"https:\/\/www.vazy.market\/index.php\/wp-json\/wp\/v2\/product"}],"about":[{"href":"https:\/\/www.vazy.market\/index.php\/wp-json\/wp\/v2\/types\/product"}],"replies":[{"embeddable":true,"href":"https:\/\/www.vazy.market\/index.php\/wp-json\/wp\/v2\/comments?post=16629"}],"wp:featuredmedia":[{"embeddable":true,"href":"https:\/\/www.vazy.market\/index.php\/wp-json\/wp\/v2\/media\/16633"}],"wp:attachment":[{"href":"https:\/\/www.vazy.market\/index.php\/wp-json\/wp\/v2\/media?parent=16629"}],"wp:term":[{"taxonomy":"product_cat","embeddable":true,"href":"https:\/\/www.vazy.market\/index.php\/wp-json\/wp\/v2\/product_cat?post=16629"},{"taxonomy":"product_tag","embeddable":true,"href":"https:\/\/www.vazy.market\/index.php\/wp-json\/wp\/v2\/product_tag?post=16629"}],"curies":[{"name":"wp","href":"https:\/\/api.w.org\/{rel}","templated":true}]}}