{"id":16624,"date":"2026-03-16T19:12:12","date_gmt":"2026-03-16T19:12:12","guid":{"rendered":"https:\/\/www.vazy.market\/?post_type=product&#038;p=16624"},"modified":"2026-03-25T09:40:30","modified_gmt":"2026-03-25T09:40:30","slug":"huawei-p30-pro-4g-6-47-128go8go-40mp20mp8mptof-4k32mp-4k-dual-nano-sim-4200mah","status":"publish","type":"product","link":"https:\/\/www.vazy.market\/index.php\/product\/huawei-p30-pro-4g-6-47-128go8go-40mp20mp8mptof-4k32mp-4k-dual-nano-sim-4200mah\/","title":{"rendered":"\ud83d\udcf1 HUAWEI P30 PRO 4G &#8211; 6.47&Prime; &#8211; 128Go|8Go &#8211; 40MP+20MP+8MP+TOF 4K|32MP 4K &#8211; Dual Nano SIM &#8211; 4200mAh"},"content":{"rendered":"<div class=\"flex h-svh w-screen flex-col\">\n<div class=\"relative z-0 flex min-h-0 w-full flex-1\">\n<div class=\"relative flex min-h-0 w-full flex-1\">\n<div class=\"@container\/main relative flex min-w-0 flex-1 flex-col -translate-y-[calc(env(safe-area-inset-bottom,0px)\/2)] pt-[calc(env(safe-area-inset-bottom,0px)\/2)]\">\n<div class=\"@w-sm\/main:[scrollbar-gutter:stable_both-edges] touch:[scrollbar-width:none] relative flex min-h-0 min-w-0 flex-1 flex-col [scrollbar-gutter:stable] not-print:overflow-x-clip not-print:overflow-y-auto scroll-pt-(--header-height) [--sticky-padding-top:var(--header-height)] has-data-[fixed-header=less-than-xl]:@w-xl\/main:scroll-pt-0 has-data-[fixed-header=less-than-xl]:@w-xl\/main:[--sticky-padding-top:0px] has-data-[fixed-header=less-than-xxl]:@w-2xl\/main:scroll-pt-0 has-data-[fixed-header=less-than-xxl]:@w-2xl\/main:[--sticky-padding-top:0px]\" data-scroll-root=\"\"><main id=\"main\" class=\"min-h-0 flex-1\"><\/p>\n<div id=\"thread\" class=\"group\/thread flex flex-col min-h-full\">\n<div class=\"composer-parent flex flex-1 flex-col focus-visible:outline-0\" role=\"presentation\">\n<div class=\"relative basis-auto flex-col -mb-(--composer-overlap-px) [--composer-overlap-px:28px] grow flex\">\n<div class=\"flex flex-col text-sm pb-25\">\n<article class=\"text-token-text-primary w-full focus:outline-none [--shadow-height:45px] has-data-writing-block:pointer-events-none has-data-writing-block:-mt-(--shadow-height) has-data-writing-block:pt-(--shadow-height) [&amp;:has([data-writing-block])&gt;*]:pointer-events-auto scroll-mt-[calc(var(--header-height)+min(200px,max(70px,20svh)))]\" dir=\"auto\" tabindex=\"-1\" data-turn-id=\"request-69add934-1d50-8332-91d7-d97a2ee2331f-5\" data-testid=\"conversation-turn-192\" data-scroll-anchor=\"true\" data-turn=\"assistant\">\n<div class=\"text-base my-auto mx-auto pb-10 [--thread-content-margin:var(--thread-content-margin-xs,calc(var(--spacing)*4))] @w-sm\/main:[--thread-content-margin:var(--thread-content-margin-sm,calc(var(--spacing)*6))] @w-lg\/main:[--thread-content-margin:var(--thread-content-margin-lg,calc(var(--spacing)*16))] px-(--thread-content-margin)\">\n<div class=\"[--thread-content-max-width:40rem] @w-lg\/main:[--thread-content-max-width:48rem] mx-auto max-w-(--thread-content-max-width) flex-1 group\/turn-messages focus-visible:outline-hidden relative flex w-full min-w-0 flex-col agent-turn\" tabindex=\"-1\">\n<div class=\"flex max-w-full flex-col gap-4 grow\">\n<div class=\"min-h-8 text-message relative flex w-full flex-col items-end gap-2 text-start break-words whitespace-normal [.text-message+&amp;]:mt-1\" dir=\"auto\" data-message-author-role=\"assistant\" data-message-id=\"eba9b717-a34c-4a6d-9868-7184250ec17e\" data-message-model-slug=\"gpt-5-3\">\n<div class=\"flex w-full flex-col gap-1 empty:hidden\">\n<div class=\"streaming-animation markdown prose dark:prose-invert w-full wrap-break-word light markdown-new-styling\">\n<p data-start=\"106\" data-end=\"440\">D\u00e9couvrez le <strong data-start=\"119\" data-end=\"137\">Huawei P30 Pro<\/strong>, un smartphone premium con\u00e7u pour offrir <strong data-start=\"179\" data-end=\"259\">photographie professionnelle, \u00e9cran OLED immersif et performances puissantes<\/strong>. Son <strong data-start=\"265\" data-end=\"311\">\u00e9cran OLED incurv\u00e9 de 6.47 pouces Full HD+<\/strong> offre un affichage lumineux et d\u00e9taill\u00e9 pour les vid\u00e9os, jeux et navigation quotidienne.<\/p>\n<p data-start=\"442\" data-end=\"724\">Propuls\u00e9 par le <strong data-start=\"458\" data-end=\"497\">processeur Kirin 980 et 8 Go de RAM<\/strong>, ce smartphone assure une utilisation fluide pour le multit\u00e2che, les applications et les jeux. Il dispose \u00e9galement d\u2019un <strong data-start=\"619\" data-end=\"641\">stockage de 128 Go<\/strong> pour conserver photos, vid\u00e9os et fichiers.<\/p>\n<p data-start=\"726\" data-end=\"997\">Le <strong data-start=\"729\" data-end=\"766\">syst\u00e8me de cam\u00e9ra Leica quadruple<\/strong> avec capteur principal <strong data-start=\"790\" data-end=\"799\">40 MP<\/strong>, ultra grand-angle et t\u00e9l\u00e9objectif p\u00e9riscopique offre des photos ultra d\u00e9taill\u00e9es et un <strong data-start=\"888\" data-end=\"915\">zoom optique jusqu\u2019\u00e0 5x<\/strong>, avec enregistrement vid\u00e9o haute qualit\u00e9.<\/p>\n<hr data-start=\"999\" data-end=\"1002\" \/>\n<h1 data-section-id=\"gug16d\" data-start=\"1004\" data-end=\"1020\">\u2b50 Points forts<\/h1>\n<p data-start=\"1022\" data-end=\"1331\">\u2714 \ud83d\udcf1 <strong data-start=\"1027\" data-end=\"1061\">\u00c9cran OLED 6.47&Prime; FHD+ immersif<\/strong><br data-start=\"1061\" data-end=\"1064\" \/>\u2714 \ud83d\udcf8 <strong data-start=\"1069\" data-end=\"1112\">Cam\u00e9ra Leica 40 MP avec zoom optique 5x<\/strong><br data-start=\"1112\" data-end=\"1115\" \/>\u2714 \u26a1 <strong data-start=\"1119\" data-end=\"1154\">Processeur Kirin 980 performant<\/strong><br data-start=\"1154\" data-end=\"1157\" \/>\u2714 \ud83d\udd0b <strong data-start=\"1162\" data-end=\"1196\">Batterie longue dur\u00e9e 4200 mAh<\/strong><br data-start=\"1196\" data-end=\"1199\" \/>\u2714 \u26a1 <strong data-start=\"1203\" data-end=\"1243\">Charge rapide 40W Huawei SuperCharge<\/strong><br data-start=\"1243\" data-end=\"1246\" \/>\u2714 \ud83d\udcf6 <strong data-start=\"1251\" data-end=\"1279\">Compatible r\u00e9seau 4G LTE<\/strong><br data-start=\"1279\" data-end=\"1282\" \/>\u2714 \ud83d\udca7 <strong data-start=\"1287\" data-end=\"1331\">R\u00e9sistant \u00e0 l\u2019eau et \u00e0 la poussi\u00e8re IP68<\/strong><\/p>\n<hr data-start=\"1333\" data-end=\"1336\" \/>\n<h1 data-section-id=\"1wxtg7y\" data-start=\"1338\" data-end=\"1365\">\ud83d\udcf8 Cam\u00e9ra professionnelle<\/h1>\n<ul data-start=\"1367\" data-end=\"1641\">\n<li data-section-id=\"1a1krb\" data-start=\"1367\" data-end=\"1409\">\n<p data-start=\"1369\" data-end=\"1409\">\ud83d\udcf7 <strong data-start=\"1372\" data-end=\"1407\">Cam\u00e9ra principale : 40 MP (OIS)<\/strong><\/p>\n<\/li>\n<li data-section-id=\"bl2ddc\" data-start=\"1410\" data-end=\"1446\">\n<p data-start=\"1412\" data-end=\"1446\">\ud83c\udf0d <strong data-start=\"1415\" data-end=\"1444\">Ultra grand-angle : 20 MP<\/strong><\/p>\n<\/li>\n<li data-section-id=\"hq8u8o\" data-start=\"1447\" data-end=\"1508\">\n<p data-start=\"1449\" data-end=\"1508\">\ud83d\udd2d <strong data-start=\"1452\" data-end=\"1506\">T\u00e9l\u00e9objectif p\u00e9riscopique : 8 MP (zoom optique 5x)<\/strong><\/p>\n<\/li>\n<li data-section-id=\"wtbm2p\" data-start=\"1509\" data-end=\"1542\">\n<p data-start=\"1511\" data-end=\"1542\">\ud83d\udce1 <strong data-start=\"1514\" data-end=\"1540\">Capteur profondeur ToF<\/strong><\/p>\n<\/li>\n<li data-section-id=\"18ttxxb\" data-start=\"1543\" data-end=\"1577\">\n<p data-start=\"1545\" data-end=\"1577\">\ud83e\udd33 <strong data-start=\"1548\" data-end=\"1575\">Cam\u00e9ra frontale : 32 MP<\/strong><\/p>\n<\/li>\n<li data-section-id=\"1nag9u5\" data-start=\"1578\" data-end=\"1641\">\n<p data-start=\"1580\" data-end=\"1641\">\ud83c\udfa5 <strong data-start=\"1583\" data-end=\"1601\">Vid\u00e9o : 4K UHD<\/strong><\/p>\n<\/li>\n<\/ul>\n<hr data-start=\"1643\" data-end=\"1646\" \/>\n<h1 data-section-id=\"1gx1fos\" data-start=\"1648\" data-end=\"1668\">\ud83d\udcca Fiche Technique<\/h1>\n<div class=\"TyagGW_tableContainer\">\n<div class=\"group TyagGW_tableWrapper flex flex-col-reverse w-fit\" tabindex=\"-1\">\n<table class=\"w-fit min-w-(--thread-content-width)\" data-start=\"1670\" data-end=\"2144\">\n<thead data-start=\"1670\" data-end=\"1699\">\n<tr data-start=\"1670\" data-end=\"1699\">\n<th class=\"\" data-start=\"1670\" data-end=\"1688\" data-col-size=\"sm\">Caract\u00e9ristique<\/th>\n<th class=\"\" data-start=\"1688\" data-end=\"1699\" data-col-size=\"sm\">D\u00e9tails<\/th>\n<\/tr>\n<\/thead>\n<tbody data-start=\"1710\" data-end=\"2144\">\n<tr data-start=\"1710\" data-end=\"1729\">\n<td data-start=\"1710\" data-end=\"1719\" data-col-size=\"sm\">Marque<\/td>\n<td data-start=\"1719\" data-end=\"1729\" data-col-size=\"sm\">Huawei<\/td>\n<\/tr>\n<tr data-start=\"1730\" data-end=\"1754\">\n<td data-start=\"1730\" data-end=\"1739\" data-col-size=\"sm\">Mod\u00e8le<\/td>\n<td data-start=\"1739\" data-end=\"1754\" data-col-size=\"sm\"><strong data-start=\"1741\" data-end=\"1752\">P30 Pro<\/strong><\/td>\n<\/tr>\n<tr data-start=\"1755\" data-end=\"1774\">\n<td data-start=\"1755\" data-end=\"1764\" data-col-size=\"sm\">R\u00e9seau<\/td>\n<td data-start=\"1764\" data-end=\"1774\" data-col-size=\"sm\">4G LTE<\/td>\n<\/tr>\n<tr data-start=\"1775\" data-end=\"1807\">\n<td data-start=\"1775\" data-end=\"1783\" data-col-size=\"sm\">\u00c9cran<\/td>\n<td data-start=\"1783\" data-end=\"1807\" data-col-size=\"sm\"><strong data-start=\"1785\" data-end=\"1805\">6.47 pouces OLED<\/strong><\/td>\n<\/tr>\n<tr data-start=\"1808\" data-end=\"1843\">\n<td data-start=\"1808\" data-end=\"1821\" data-col-size=\"sm\">R\u00e9solution<\/td>\n<td data-start=\"1821\" data-end=\"1843\" data-col-size=\"sm\">2340 \u00d7 1080 (FHD+)<\/td>\n<\/tr>\n<tr data-start=\"1844\" data-end=\"1884\">\n<td data-start=\"1844\" data-end=\"1857\" data-col-size=\"sm\">Processeur<\/td>\n<td data-start=\"1857\" data-end=\"1884\" data-col-size=\"sm\"><strong data-start=\"1859\" data-end=\"1882\">HiSilicon Kirin 980<\/strong><\/td>\n<\/tr>\n<tr data-start=\"1885\" data-end=\"1903\">\n<td data-start=\"1885\" data-end=\"1891\" data-col-size=\"sm\">RAM<\/td>\n<td data-start=\"1891\" data-end=\"1903\" data-col-size=\"sm\"><strong data-start=\"1893\" data-end=\"1901\">8 Go<\/strong><\/td>\n<\/tr>\n<tr data-start=\"1904\" data-end=\"1929\">\n<td data-start=\"1904\" data-end=\"1915\" data-col-size=\"sm\">Stockage<\/td>\n<td data-start=\"1915\" data-end=\"1929\" data-col-size=\"sm\"><strong data-start=\"1917\" data-end=\"1927\">128 Go<\/strong><\/td>\n<\/tr>\n<tr data-start=\"1930\" data-end=\"1983\">\n<td data-start=\"1930\" data-end=\"1947\" data-col-size=\"sm\">Cam\u00e9ra arri\u00e8re<\/td>\n<td data-start=\"1947\" data-end=\"1983\" data-col-size=\"sm\"><strong data-start=\"1949\" data-end=\"1981\">40MP + 20MP + 8MP + ToF (4K)<\/strong><\/td>\n<\/tr>\n<tr data-start=\"1984\" data-end=\"2019\">\n<td data-start=\"1984\" data-end=\"2002\" data-col-size=\"sm\">Cam\u00e9ra frontale<\/td>\n<td data-start=\"2002\" data-end=\"2019\" data-col-size=\"sm\"><strong data-start=\"2004\" data-end=\"2017\">32MP (4K)<\/strong><\/td>\n<\/tr>\n<tr data-start=\"2020\" data-end=\"2047\">\n<td data-start=\"2020\" data-end=\"2031\" data-col-size=\"sm\">Batterie<\/td>\n<td data-start=\"2031\" data-end=\"2047\" data-col-size=\"sm\"><strong data-start=\"2033\" data-end=\"2045\">4200 mAh<\/strong><\/td>\n<\/tr>\n<tr data-start=\"2048\" data-end=\"2087\">\n<td data-start=\"2048\" data-end=\"2064\" data-col-size=\"sm\">Charge rapide<\/td>\n<td data-start=\"2064\" data-end=\"2087\" data-col-size=\"sm\"><strong data-start=\"2066\" data-end=\"2085\">40W SuperCharge<\/strong><\/td>\n<\/tr>\n<tr data-start=\"2088\" data-end=\"2115\">\n<td data-start=\"2088\" data-end=\"2094\" data-col-size=\"sm\">SIM<\/td>\n<td data-start=\"2094\" data-end=\"2115\" data-col-size=\"sm\"><strong data-start=\"2096\" data-end=\"2113\">Dual Nano SIM<\/strong><\/td>\n<\/tr>\n<tr data-start=\"2116\" data-end=\"2144\">\n<td data-start=\"2116\" data-end=\"2126\" data-col-size=\"sm\">Syst\u00e8me<\/td>\n<td data-start=\"2126\" data-end=\"2144\" data-col-size=\"sm\">Android \/ EMUI<\/td>\n<\/tr>\n<\/tbody>\n<\/table>\n<\/div>\n<\/div>\n<hr data-start=\"2146\" data-end=\"2149\" \/>\n<h1 data-section-id=\"6f7tr2\" data-start=\"2151\" data-end=\"2172\">\ud83d\udce6 Contenu du colis<\/h1>\n<ul data-start=\"2174\" data-end=\"2291\">\n<li data-section-id=\"pbbqon\" data-start=\"2174\" data-end=\"2200\">\n<p data-start=\"2176\" data-end=\"2200\">1 \u00d7 <strong data-start=\"2180\" data-end=\"2198\">Huawei P30 Pro<\/strong><\/p>\n<\/li>\n<li data-section-id=\"1laildk\" data-start=\"2201\" data-end=\"2224\">\n<p data-start=\"2203\" data-end=\"2224\">1 \u00d7 Chargeur rapide<\/p>\n<\/li>\n<li data-section-id=\"1cuiaz2\" data-start=\"2225\" data-end=\"2244\">\n<p data-start=\"2227\" data-end=\"2244\">1 \u00d7 C\u00e2ble USB-C<\/p>\n<\/li>\n<li data-section-id=\"12haphu\" data-start=\"2245\" data-end=\"2262\">\n<p data-start=\"2247\" data-end=\"2262\">1 \u00d7 Outil SIM<\/p>\n<\/li>\n<li data-section-id=\"euolri\" data-start=\"2263\" data-end=\"2291\">\n<p data-start=\"2265\" data-end=\"2291\">1 \u00d7 Manuel d\u2019utilisation<\/p>\n<\/li>\n<\/ul>\n<hr data-start=\"2293\" data-end=\"2296\" \/>\n<p data-start=\"2298\" data-end=\"2425\">\ud83d\udcf1 <strong data-start=\"2301\" data-end=\"2425\">Le Huawei P30 Pro reste un smartphone premium reconnu pour sa cam\u00e9ra Leica, son zoom avanc\u00e9 et son excellente autonomie.<\/strong><\/p>\n<\/div>\n<\/div>\n<\/div>\n<\/div>\n<\/div>\n<\/div>\n<\/article>\n<\/div>\n<\/div>\n<\/div>\n<\/div>\n<p><\/main><\/div>\n<\/div>\n<\/div>\n<\/div>\n<\/div>\n","protected":false},"excerpt":{"rendered":"<p>D\u00e9couvrez le Huawei P30 Pro, un smartphone premium con\u00e7u pour offrir photographie professionnelle, \u00e9cran OLED immersif et performances puissantes. Son \u00e9cran OLED incurv\u00e9 de 6.47 pouces Full HD+ offre un affichage lumineux et d\u00e9taill\u00e9 pour les vid\u00e9os, jeux et navigation quotidienne. Propuls\u00e9 par le processeur Kirin 980 et 8 Go de RAM, ce smartphone assure&hellip;<\/p>\n","protected":false},"featured_media":16626,"comment_status":"open","ping_status":"closed","template":"","meta":[],"product_cat":[83],"product_tag":[],"class_list":{"0":"post-16624","1":"product","2":"type-product","3":"status-publish","4":"has-post-thumbnail","6":"product_brand-huawei","7":"product_cat-huawei","9":"first","10":"instock","11":"sale","12":"shipping-taxable","13":"purchasable","14":"product-type-simple","15":"col-xs-6 col-sm-4","16":"col-md-3 col-lg-3","17":"un-4-cols"},"_links":{"self":[{"href":"https:\/\/www.vazy.market\/index.php\/wp-json\/wp\/v2\/product\/16624","targetHints":{"allow":["GET"]}}],"collection":[{"href":"https:\/\/www.vazy.market\/index.php\/wp-json\/wp\/v2\/product"}],"about":[{"href":"https:\/\/www.vazy.market\/index.php\/wp-json\/wp\/v2\/types\/product"}],"replies":[{"embeddable":true,"href":"https:\/\/www.vazy.market\/index.php\/wp-json\/wp\/v2\/comments?post=16624"}],"wp:featuredmedia":[{"embeddable":true,"href":"https:\/\/www.vazy.market\/index.php\/wp-json\/wp\/v2\/media\/16626"}],"wp:attachment":[{"href":"https:\/\/www.vazy.market\/index.php\/wp-json\/wp\/v2\/media?parent=16624"}],"wp:term":[{"taxonomy":"product_cat","embeddable":true,"href":"https:\/\/www.vazy.market\/index.php\/wp-json\/wp\/v2\/product_cat?post=16624"},{"taxonomy":"product_tag","embeddable":true,"href":"https:\/\/www.vazy.market\/index.php\/wp-json\/wp\/v2\/product_tag?post=16624"}],"curies":[{"name":"wp","href":"https:\/\/api.w.org\/{rel}","templated":true}]}}