{"id":16620,"date":"2026-03-16T19:04:49","date_gmt":"2026-03-16T19:04:49","guid":{"rendered":"https:\/\/www.vazy.market\/?post_type=product&#038;p=16620"},"modified":"2026-03-25T09:40:42","modified_gmt":"2026-03-25T09:40:42","slug":"huawei-mate-20-lite-4g-6-3-64go4go-20mp2mp-fhd24mp-fhd-dual-nano-sim-3750mah","status":"publish","type":"product","link":"https:\/\/www.vazy.market\/index.php\/product\/huawei-mate-20-lite-4g-6-3-64go4go-20mp2mp-fhd24mp-fhd-dual-nano-sim-3750mah\/","title":{"rendered":"\ud83d\udcf1 HUAWEI MATE 20 LITE 4G &#8211; 6.3&Prime; &#8211; 64Go|4Go &#8211; 20MP+2MP FHD|24MP FHD &#8211; Dual Nano SIM &#8211; 3750mAh"},"content":{"rendered":"<div class=\"flex h-svh w-screen flex-col\">\n<div class=\"relative z-0 flex min-h-0 w-full flex-1\">\n<div class=\"relative flex min-h-0 w-full flex-1\">\n<div class=\"@container\/main relative flex min-w-0 flex-1 flex-col -translate-y-[calc(env(safe-area-inset-bottom,0px)\/2)] pt-[calc(env(safe-area-inset-bottom,0px)\/2)]\">\n<div class=\"@w-sm\/main:[scrollbar-gutter:stable_both-edges] touch:[scrollbar-width:none] relative flex min-h-0 min-w-0 flex-1 flex-col [scrollbar-gutter:stable] not-print:overflow-x-clip not-print:overflow-y-auto scroll-pt-(--header-height) [--sticky-padding-top:var(--header-height)] has-data-[fixed-header=less-than-xl]:@w-xl\/main:scroll-pt-0 has-data-[fixed-header=less-than-xl]:@w-xl\/main:[--sticky-padding-top:0px] has-data-[fixed-header=less-than-xxl]:@w-2xl\/main:scroll-pt-0 has-data-[fixed-header=less-than-xxl]:@w-2xl\/main:[--sticky-padding-top:0px]\" data-scroll-root=\"\"><main id=\"main\" class=\"min-h-0 flex-1\"><\/p>\n<div id=\"thread\" class=\"group\/thread flex flex-col min-h-full\">\n<div class=\"composer-parent flex flex-1 flex-col focus-visible:outline-0\" role=\"presentation\">\n<div class=\"relative basis-auto flex-col -mb-(--composer-overlap-px) [--composer-overlap-px:28px] grow flex\">\n<div class=\"flex flex-col text-sm pb-25\">\n<article class=\"text-token-text-primary w-full focus:outline-none [--shadow-height:45px] has-data-writing-block:pointer-events-none has-data-writing-block:-mt-(--shadow-height) has-data-writing-block:pt-(--shadow-height) [&amp;:has([data-writing-block])&gt;*]:pointer-events-auto scroll-mt-[calc(var(--header-height)+min(200px,max(70px,20svh)))]\" dir=\"auto\" tabindex=\"-1\" data-turn-id=\"request-69add934-1d50-8332-91d7-d97a2ee2331f-4\" data-testid=\"conversation-turn-190\" data-scroll-anchor=\"true\" data-turn=\"assistant\">\n<div class=\"text-base my-auto mx-auto pb-10 [--thread-content-margin:var(--thread-content-margin-xs,calc(var(--spacing)*4))] @w-sm\/main:[--thread-content-margin:var(--thread-content-margin-sm,calc(var(--spacing)*6))] @w-lg\/main:[--thread-content-margin:var(--thread-content-margin-lg,calc(var(--spacing)*16))] px-(--thread-content-margin)\">\n<div class=\"[--thread-content-max-width:40rem] @w-lg\/main:[--thread-content-max-width:48rem] mx-auto max-w-(--thread-content-max-width) flex-1 group\/turn-messages focus-visible:outline-hidden relative flex w-full min-w-0 flex-col agent-turn\" tabindex=\"-1\">\n<div class=\"flex max-w-full flex-col gap-4 grow\">\n<div class=\"min-h-8 text-message relative flex w-full flex-col items-end gap-2 text-start break-words whitespace-normal [.text-message+&amp;]:mt-1\" dir=\"auto\" data-message-author-role=\"assistant\" data-message-id=\"600a2c0f-a7f6-4249-8840-a1d5edc0e38c\" data-message-model-slug=\"gpt-5-3\">\n<div class=\"flex w-full flex-col gap-1 empty:hidden\">\n<div class=\"streaming-animation markdown prose dark:prose-invert w-full wrap-break-word light markdown-new-styling\">\n<p data-start=\"102\" data-end=\"476\">D\u00e9couvrez le <strong data-start=\"115\" data-end=\"138\">Huawei Mate 20 Lite<\/strong>, un smartphone \u00e9l\u00e9gant con\u00e7u pour offrir <strong data-start=\"180\" data-end=\"260\">un grand \u00e9cran immersif, de bonnes performances et des cam\u00e9ras intelligentes<\/strong> pour le quotidien. Son <strong data-start=\"284\" data-end=\"363\">\u00e9cran IPS LCD FullView de 6.3 pouces avec r\u00e9solution Full HD+ (2340 \u00d7 1080)<\/strong> offre un affichage confortable pour les vid\u00e9os, jeux et r\u00e9seaux sociaux.<\/p>\n<p data-start=\"478\" data-end=\"813\">Propuls\u00e9 par le <strong data-start=\"494\" data-end=\"553\">processeur HiSilicon Kirin 710 Octa-Core et 4 Go de RAM<\/strong>, ce smartphone assure une utilisation fluide pour la navigation, les applications et le multit\u00e2che. Son <strong data-start=\"658\" data-end=\"710\">stockage interne de 64 Go extensible via microSD<\/strong> permet de conserver facilement photos, vid\u00e9os et applications.<\/p>\n<p data-start=\"815\" data-end=\"1145\">Le <strong data-start=\"818\" data-end=\"867\">syst\u00e8me de double cam\u00e9ra arri\u00e8re 20 MP + 2 MP<\/strong> capture des photos d\u00e9taill\u00e9es avec effet profondeur, tandis que la <strong data-start=\"935\" data-end=\"974\">double cam\u00e9ra frontale 24 MP + 2 MP<\/strong> est id\u00e9ale pour les selfies et appels vid\u00e9o. Sa <strong data-start=\"1023\" data-end=\"1047\">batterie de 3750 mAh<\/strong> garantit une autonomie confortable pour toute la journ\u00e9e.<\/p>\n<hr data-start=\"1147\" data-end=\"1150\" \/>\n<h1 data-section-id=\"gug16d\" data-start=\"1152\" data-end=\"1168\">\u2b50 Points forts<\/h1>\n<p data-start=\"1170\" data-end=\"1517\">\u2714 \ud83d\udcf1 <strong data-start=\"1175\" data-end=\"1220\">\u00c9cran FullView IPS LCD 6.3&Prime; FHD+ immersif<\/strong><br data-start=\"1220\" data-end=\"1223\" \/>\u2714 \ud83d\udcf8 <strong data-start=\"1228\" data-end=\"1281\">Double cam\u00e9ra arri\u00e8re 20 MP avec effet profondeur<\/strong><br data-start=\"1281\" data-end=\"1284\" \/>\u2714 \ud83e\udd33 <strong data-start=\"1289\" data-end=\"1339\">Double cam\u00e9ra frontale 24 MP pour selfies nets<\/strong><br data-start=\"1339\" data-end=\"1342\" \/>\u2714 \u26a1 <strong data-start=\"1346\" data-end=\"1391\">Processeur Kirin 710 Octa-Core performant<\/strong><br data-start=\"1391\" data-end=\"1394\" \/>\u2714 \ud83d\udd0b <strong data-start=\"1399\" data-end=\"1433\">Batterie longue dur\u00e9e 3750 mAh<\/strong><br data-start=\"1433\" data-end=\"1436\" \/>\u2714 \ud83d\udcf6 <strong data-start=\"1441\" data-end=\"1469\">Compatible r\u00e9seau 4G LTE<\/strong><br data-start=\"1469\" data-end=\"1472\" \/>\u2714 \ud83d\udd10 <strong data-start=\"1477\" data-end=\"1517\">Capteur d\u2019empreinte digitale arri\u00e8re<\/strong><\/p>\n<hr data-start=\"1519\" data-end=\"1522\" \/>\n<h1 data-section-id=\"ys7y0m\" data-start=\"1524\" data-end=\"1535\">\ud83d\udcf8 Cam\u00e9ra<\/h1>\n<ul data-start=\"1537\" data-end=\"1723\">\n<li data-section-id=\"vuqvhh\" data-start=\"1537\" data-end=\"1573\">\n<p data-start=\"1539\" data-end=\"1573\">\ud83d\udcf7 <strong data-start=\"1542\" data-end=\"1571\">Cam\u00e9ra principale : 20 MP<\/strong><\/p>\n<\/li>\n<li data-section-id=\"1nia8kp\" data-start=\"1574\" data-end=\"1610\">\n<p data-start=\"1576\" data-end=\"1610\">\ud83d\udce1 <strong data-start=\"1579\" data-end=\"1608\">Capteur profondeur : 2 MP<\/strong><\/p>\n<\/li>\n<li data-section-id=\"hemxlo\" data-start=\"1611\" data-end=\"1652\">\n<p data-start=\"1613\" data-end=\"1652\">\ud83e\udd33 <strong data-start=\"1616\" data-end=\"1650\">Cam\u00e9ra frontale : 24 MP + 2 MP<\/strong><\/p>\n<\/li>\n<li data-section-id=\"1x3f48d\" data-start=\"1653\" data-end=\"1723\">\n<p data-start=\"1655\" data-end=\"1723\">\ud83c\udfa5 <strong data-start=\"1658\" data-end=\"1683\">Vid\u00e9o : Full HD 1080p<\/strong><\/p>\n<\/li>\n<\/ul>\n<hr data-start=\"1725\" data-end=\"1728\" \/>\n<h1 data-section-id=\"1gx1fos\" data-start=\"1730\" data-end=\"1750\">\ud83d\udcca Fiche Technique<\/h1>\n<div class=\"TyagGW_tableContainer\">\n<div class=\"group TyagGW_tableWrapper flex flex-col-reverse w-fit\" tabindex=\"-1\">\n<table class=\"w-fit min-w-(--thread-content-width)\" data-start=\"1752\" data-end=\"2214\">\n<thead data-start=\"1752\" data-end=\"1781\">\n<tr data-start=\"1752\" data-end=\"1781\">\n<th class=\"\" data-start=\"1752\" data-end=\"1770\" data-col-size=\"sm\">Caract\u00e9ristique<\/th>\n<th class=\"\" data-start=\"1770\" data-end=\"1781\" data-col-size=\"sm\">D\u00e9tails<\/th>\n<\/tr>\n<\/thead>\n<tbody data-start=\"1792\" data-end=\"2214\">\n<tr data-start=\"1792\" data-end=\"1811\">\n<td data-start=\"1792\" data-end=\"1801\" data-col-size=\"sm\">Marque<\/td>\n<td data-start=\"1801\" data-end=\"1811\" data-col-size=\"sm\">Huawei<\/td>\n<\/tr>\n<tr data-start=\"1812\" data-end=\"1841\">\n<td data-start=\"1812\" data-end=\"1821\" data-col-size=\"sm\">Mod\u00e8le<\/td>\n<td data-start=\"1821\" data-end=\"1841\" data-col-size=\"sm\"><strong data-start=\"1823\" data-end=\"1839\">Mate 20 Lite<\/strong><\/td>\n<\/tr>\n<tr data-start=\"1842\" data-end=\"1861\">\n<td data-start=\"1842\" data-end=\"1851\" data-col-size=\"sm\">R\u00e9seau<\/td>\n<td data-start=\"1851\" data-end=\"1861\" data-col-size=\"sm\">4G LTE<\/td>\n<\/tr>\n<tr data-start=\"1862\" data-end=\"1905\">\n<td data-start=\"1862\" data-end=\"1870\" data-col-size=\"sm\">\u00c9cran<\/td>\n<td data-start=\"1870\" data-end=\"1905\" data-col-size=\"sm\"><strong data-start=\"1872\" data-end=\"1903\">6.3 pouces IPS LCD Full HD+<\/strong><\/td>\n<\/tr>\n<tr data-start=\"1906\" data-end=\"1934\">\n<td data-start=\"1906\" data-end=\"1919\" data-col-size=\"sm\">R\u00e9solution<\/td>\n<td data-start=\"1919\" data-end=\"1934\" data-col-size=\"sm\">2340 \u00d7 1080<\/td>\n<\/tr>\n<tr data-start=\"1935\" data-end=\"1975\">\n<td data-start=\"1935\" data-end=\"1948\" data-col-size=\"sm\">Processeur<\/td>\n<td data-start=\"1948\" data-end=\"1975\" data-col-size=\"sm\"><strong data-start=\"1950\" data-end=\"1973\">HiSilicon Kirin 710<\/strong><\/td>\n<\/tr>\n<tr data-start=\"1976\" data-end=\"1994\">\n<td data-start=\"1976\" data-end=\"1982\" data-col-size=\"sm\">RAM<\/td>\n<td data-start=\"1982\" data-end=\"1994\" data-col-size=\"sm\"><strong data-start=\"1984\" data-end=\"1992\">4 Go<\/strong><\/td>\n<\/tr>\n<tr data-start=\"1995\" data-end=\"2040\">\n<td data-start=\"1995\" data-end=\"2006\" data-col-size=\"sm\">Stockage<\/td>\n<td data-start=\"2006\" data-end=\"2040\" data-col-size=\"sm\"><strong data-start=\"2008\" data-end=\"2038\">64 Go (extensible microSD)<\/strong><\/td>\n<\/tr>\n<tr data-start=\"2041\" data-end=\"2082\">\n<td data-start=\"2041\" data-end=\"2058\" data-col-size=\"sm\">Cam\u00e9ra arri\u00e8re<\/td>\n<td data-start=\"2058\" data-end=\"2082\" data-col-size=\"sm\"><strong data-start=\"2060\" data-end=\"2080\">20MP + 2MP (FHD)<\/strong><\/td>\n<\/tr>\n<tr data-start=\"2083\" data-end=\"2125\">\n<td data-start=\"2083\" data-end=\"2101\" data-col-size=\"sm\">Cam\u00e9ra frontale<\/td>\n<td data-start=\"2101\" data-end=\"2125\" data-col-size=\"sm\"><strong data-start=\"2103\" data-end=\"2123\">24MP + 2MP (FHD)<\/strong><\/td>\n<\/tr>\n<tr data-start=\"2126\" data-end=\"2153\">\n<td data-start=\"2126\" data-end=\"2137\" data-col-size=\"sm\">Batterie<\/td>\n<td data-start=\"2137\" data-end=\"2153\" data-col-size=\"sm\"><strong data-start=\"2139\" data-end=\"2151\">3750 mAh<\/strong><\/td>\n<\/tr>\n<tr data-start=\"2154\" data-end=\"2181\">\n<td data-start=\"2154\" data-end=\"2160\" data-col-size=\"sm\">SIM<\/td>\n<td data-start=\"2160\" data-end=\"2181\" data-col-size=\"sm\"><strong data-start=\"2162\" data-end=\"2179\">Dual Nano SIM<\/strong><\/td>\n<\/tr>\n<tr data-start=\"2182\" data-end=\"2214\">\n<td data-start=\"2182\" data-end=\"2192\" data-col-size=\"sm\">Syst\u00e8me<\/td>\n<td data-start=\"2192\" data-end=\"2214\" data-col-size=\"sm\"><strong data-start=\"2194\" data-end=\"2212\">Android \/ EMUI<\/strong><\/td>\n<\/tr>\n<\/tbody>\n<\/table>\n<\/div>\n<\/div>\n<hr data-start=\"2216\" data-end=\"2219\" \/>\n<h1 data-section-id=\"6f7tr2\" data-start=\"2221\" data-end=\"2242\">\ud83d\udce6 Contenu du colis<\/h1>\n<ul data-start=\"2244\" data-end=\"2357\">\n<li data-section-id=\"1kky5ky\" data-start=\"2244\" data-end=\"2275\">\n<p data-start=\"2246\" data-end=\"2275\">1 \u00d7 <strong data-start=\"2250\" data-end=\"2273\">Huawei Mate 20 Lite<\/strong><\/p>\n<\/li>\n<li data-section-id=\"gzkpdf\" data-start=\"2276\" data-end=\"2292\">\n<p data-start=\"2278\" data-end=\"2292\">1 \u00d7 Chargeur<\/p>\n<\/li>\n<li data-section-id=\"ym4feo\" data-start=\"2293\" data-end=\"2310\">\n<p data-start=\"2295\" data-end=\"2310\">1 \u00d7 C\u00e2ble USB<\/p>\n<\/li>\n<li data-section-id=\"12haphu\" data-start=\"2311\" data-end=\"2328\">\n<p data-start=\"2313\" data-end=\"2328\">1 \u00d7 Outil SIM<\/p>\n<\/li>\n<li data-section-id=\"euolri\" data-start=\"2329\" data-end=\"2357\">\n<p data-start=\"2331\" data-end=\"2357\">1 \u00d7 Manuel d\u2019utilisation<\/p>\n<\/li>\n<\/ul>\n<hr data-start=\"2359\" data-end=\"2362\" \/>\n<p data-start=\"2364\" data-end=\"2499\">\ud83d\udcf1 <strong data-start=\"2367\" data-end=\"2499\">Le Huawei Mate 20 Lite combine grand \u00e9cran, bonnes cam\u00e9ras et performances solides pour une utilisation quotidienne confortable.<\/strong><\/p>\n<\/div>\n<\/div>\n<\/div>\n<\/div>\n<\/div>\n<\/div>\n<\/article>\n<\/div>\n<\/div>\n<\/div>\n<\/div>\n<p><\/main><\/div>\n<\/div>\n<\/div>\n<\/div>\n<\/div>\n","protected":false},"excerpt":{"rendered":"<p>D\u00e9couvrez le Huawei Mate 20 Lite, un smartphone \u00e9l\u00e9gant con\u00e7u pour offrir un grand \u00e9cran immersif, de bonnes performances et des cam\u00e9ras intelligentes pour le quotidien. Son \u00e9cran IPS LCD FullView de 6.3 pouces avec r\u00e9solution Full HD+ (2340 \u00d7 1080) offre un affichage confortable pour les vid\u00e9os, jeux et r\u00e9seaux sociaux. Propuls\u00e9 par le&hellip;<\/p>\n","protected":false},"featured_media":16622,"comment_status":"open","ping_status":"closed","template":"","meta":[],"product_cat":[83],"product_tag":[],"class_list":{"0":"post-16620","1":"product","2":"type-product","3":"status-publish","4":"has-post-thumbnail","6":"product_brand-huawei","7":"product_cat-huawei","9":"first","10":"instock","11":"sale","12":"shipping-taxable","13":"purchasable","14":"product-type-simple","15":"col-xs-6 col-sm-4","16":"col-md-3 col-lg-3","17":"un-4-cols"},"_links":{"self":[{"href":"https:\/\/www.vazy.market\/index.php\/wp-json\/wp\/v2\/product\/16620","targetHints":{"allow":["GET"]}}],"collection":[{"href":"https:\/\/www.vazy.market\/index.php\/wp-json\/wp\/v2\/product"}],"about":[{"href":"https:\/\/www.vazy.market\/index.php\/wp-json\/wp\/v2\/types\/product"}],"replies":[{"embeddable":true,"href":"https:\/\/www.vazy.market\/index.php\/wp-json\/wp\/v2\/comments?post=16620"}],"wp:featuredmedia":[{"embeddable":true,"href":"https:\/\/www.vazy.market\/index.php\/wp-json\/wp\/v2\/media\/16622"}],"wp:attachment":[{"href":"https:\/\/www.vazy.market\/index.php\/wp-json\/wp\/v2\/media?parent=16620"}],"wp:term":[{"taxonomy":"product_cat","embeddable":true,"href":"https:\/\/www.vazy.market\/index.php\/wp-json\/wp\/v2\/product_cat?post=16620"},{"taxonomy":"product_tag","embeddable":true,"href":"https:\/\/www.vazy.market\/index.php\/wp-json\/wp\/v2\/product_tag?post=16620"}],"curies":[{"name":"wp","href":"https:\/\/api.w.org\/{rel}","templated":true}]}}