{"id":16616,"date":"2026-03-16T18:58:14","date_gmt":"2026-03-16T18:58:14","guid":{"rendered":"https:\/\/www.vazy.market\/?post_type=product&#038;p=16616"},"modified":"2026-03-25T09:40:54","modified_gmt":"2026-03-25T09:40:54","slug":"huawei-p40-pro-5g-6-58-256go8go-50mp40mp12mptof-4k32mp-4k-dual-nano-sim-4200mah","status":"publish","type":"product","link":"https:\/\/www.vazy.market\/index.php\/product\/huawei-p40-pro-5g-6-58-256go8go-50mp40mp12mptof-4k32mp-4k-dual-nano-sim-4200mah\/","title":{"rendered":"\ud83d\udcf1 HUAWEI P40 PRO 5G &#8211; 6.58&Prime; &#8211; 256Go|8Go &#8211; 50MP+40MP+12MP+TOF 4K|32MP 4K &#8211; Dual Nano SIM &#8211; 4200mAh"},"content":{"rendered":"<div class=\"flex h-svh w-screen flex-col\">\n<div class=\"relative z-0 flex min-h-0 w-full flex-1\">\n<div class=\"relative flex min-h-0 w-full flex-1\">\n<div class=\"@container\/main relative flex min-w-0 flex-1 flex-col -translate-y-[calc(env(safe-area-inset-bottom,0px)\/2)] pt-[calc(env(safe-area-inset-bottom,0px)\/2)]\">\n<div class=\"@w-sm\/main:[scrollbar-gutter:stable_both-edges] touch:[scrollbar-width:none] relative flex min-h-0 min-w-0 flex-1 flex-col [scrollbar-gutter:stable] not-print:overflow-x-clip not-print:overflow-y-auto scroll-pt-(--header-height) [--sticky-padding-top:var(--header-height)] has-data-[fixed-header=less-than-xl]:@w-xl\/main:scroll-pt-0 has-data-[fixed-header=less-than-xl]:@w-xl\/main:[--sticky-padding-top:0px] has-data-[fixed-header=less-than-xxl]:@w-2xl\/main:scroll-pt-0 has-data-[fixed-header=less-than-xxl]:@w-2xl\/main:[--sticky-padding-top:0px]\" data-scroll-root=\"\"><main id=\"main\" class=\"min-h-0 flex-1\"><\/p>\n<div id=\"thread\" class=\"group\/thread flex flex-col min-h-full\">\n<div class=\"composer-parent flex flex-1 flex-col focus-visible:outline-0\" role=\"presentation\">\n<div class=\"relative basis-auto flex-col -mb-(--composer-overlap-px) [--composer-overlap-px:28px] grow flex\">\n<div class=\"flex flex-col text-sm pb-25\">\n<article class=\"text-token-text-primary w-full focus:outline-none [--shadow-height:45px] has-data-writing-block:pointer-events-none has-data-writing-block:-mt-(--shadow-height) has-data-writing-block:pt-(--shadow-height) [&amp;:has([data-writing-block])&gt;*]:pointer-events-auto scroll-mt-[calc(var(--header-height)+min(200px,max(70px,20svh)))]\" dir=\"auto\" tabindex=\"-1\" data-turn-id=\"request-69add934-1d50-8332-91d7-d97a2ee2331f-3\" data-testid=\"conversation-turn-188\" data-scroll-anchor=\"true\" data-turn=\"assistant\">\n<div class=\"text-base my-auto mx-auto pb-10 [--thread-content-margin:var(--thread-content-margin-xs,calc(var(--spacing)*4))] @w-sm\/main:[--thread-content-margin:var(--thread-content-margin-sm,calc(var(--spacing)*6))] @w-lg\/main:[--thread-content-margin:var(--thread-content-margin-lg,calc(var(--spacing)*16))] px-(--thread-content-margin)\">\n<div class=\"[--thread-content-max-width:40rem] @w-lg\/main:[--thread-content-max-width:48rem] mx-auto max-w-(--thread-content-max-width) flex-1 group\/turn-messages focus-visible:outline-hidden relative flex w-full min-w-0 flex-col agent-turn\" tabindex=\"-1\">\n<div class=\"flex max-w-full flex-col gap-4 grow\">\n<div class=\"min-h-8 text-message relative flex w-full flex-col items-end gap-2 text-start break-words whitespace-normal [.text-message+&amp;]:mt-1\" dir=\"auto\" data-message-author-role=\"assistant\" data-message-id=\"60ff80e7-ec93-4d32-a8c5-86c922fc19d0\" data-message-model-slug=\"gpt-5-3\">\n<div class=\"flex w-full flex-col gap-1 empty:hidden\">\n<div class=\"streaming-animation markdown prose dark:prose-invert w-full wrap-break-word light markdown-new-styling\">\n<p data-start=\"107\" data-end=\"461\">D\u00e9couvrez le <strong data-start=\"120\" data-end=\"141\">Huawei P40 Pro 5G<\/strong>, un smartphone haut de gamme con\u00e7u pour offrir <strong data-start=\"189\" data-end=\"264\">photographie professionnelle, performances puissantes et \u00e9cran immersif<\/strong>. Son <strong data-start=\"270\" data-end=\"343\">\u00e9cran OLED incurv\u00e9 de 6.58 pouces avec taux de rafra\u00eechissement 90 Hz<\/strong> offre une excellente qualit\u00e9 d\u2019affichage pour les vid\u00e9os, jeux et navigation.<\/p>\n<p data-start=\"463\" data-end=\"668\">Propuls\u00e9 par le <strong data-start=\"479\" data-end=\"521\">processeur Kirin 990 5G et 8 Go de RAM<\/strong>, ce smartphone garantit une exp\u00e9rience rapide et fluide pour le multit\u00e2che et les applications exigeantes.<\/p>\n<p data-start=\"670\" data-end=\"932\">Son <strong data-start=\"674\" data-end=\"711\">syst\u00e8me de cam\u00e9ra Leica quadruple<\/strong> avec capteur principal <strong data-start=\"735\" data-end=\"757\">50 MP Ultra Vision<\/strong> capture des photos extr\u00eamement d\u00e9taill\u00e9es et des vid\u00e9os en <strong data-start=\"817\" data-end=\"823\">4K<\/strong>, avec zoom optique jusqu\u2019\u00e0 <strong data-start=\"851\" data-end=\"857\">5x<\/strong> pour les prises de vue \u00e0 distance.<\/p>\n<hr data-start=\"934\" data-end=\"937\" \/>\n<h1 data-section-id=\"gug16d\" data-start=\"939\" data-end=\"955\">\u2b50 Points forts<\/h1>\n<p data-start=\"957\" data-end=\"1280\">\u2714 \ud83d\udcf1 <strong data-start=\"962\" data-end=\"996\">\u00c9cran OLED 6.58&Prime; FHD+ immersif<\/strong><br data-start=\"996\" data-end=\"999\" \/>\u2714 \ud83d\udcf8 <strong data-start=\"1004\" data-end=\"1050\">Cam\u00e9ra principale 50 MP Ultra Vision Leica<\/strong><br data-start=\"1050\" data-end=\"1053\" \/>\u2714 \u26a1 <strong data-start=\"1057\" data-end=\"1093\">Processeur Kirin 990 5G puissant<\/strong><br data-start=\"1093\" data-end=\"1096\" \/>\u2714 \ud83d\udd0b <strong data-start=\"1101\" data-end=\"1135\">Batterie longue dur\u00e9e 4200 mAh<\/strong><br data-start=\"1135\" data-end=\"1138\" \/>\u2714 \u26a1 <strong data-start=\"1142\" data-end=\"1183\">Charge rapide 40W filaire et sans fil<\/strong><br data-start=\"1183\" data-end=\"1186\" \/>\u2714 \ud83d\udcf6 <strong data-start=\"1191\" data-end=\"1228\">Compatible r\u00e9seau 5G ultra rapide<\/strong><br data-start=\"1228\" data-end=\"1231\" \/>\u2714 \ud83d\udca7 <strong data-start=\"1236\" data-end=\"1280\">R\u00e9sistant \u00e0 l\u2019eau et \u00e0 la poussi\u00e8re IP68<\/strong><\/p>\n<hr data-start=\"1282\" data-end=\"1285\" \/>\n<h1 data-section-id=\"1wxtg7y\" data-start=\"1287\" data-end=\"1314\">\ud83d\udcf8 Cam\u00e9ra professionnelle<\/h1>\n<ul data-start=\"1316\" data-end=\"1581\">\n<li data-section-id=\"15i93km\" data-start=\"1316\" data-end=\"1358\">\n<p data-start=\"1318\" data-end=\"1358\">\ud83d\udcf7 <strong data-start=\"1321\" data-end=\"1356\">Cam\u00e9ra principale : 50 MP (OIS)<\/strong><\/p>\n<\/li>\n<li data-section-id=\"yyps1i\" data-start=\"1359\" data-end=\"1395\">\n<p data-start=\"1361\" data-end=\"1395\">\ud83c\udf0d <strong data-start=\"1364\" data-end=\"1393\">Ultra grand-angle : 40 MP<\/strong><\/p>\n<\/li>\n<li data-section-id=\"8568va\" data-start=\"1396\" data-end=\"1445\">\n<p data-start=\"1398\" data-end=\"1445\">\ud83d\udd2d <strong data-start=\"1401\" data-end=\"1443\">T\u00e9l\u00e9objectif : 12 MP (zoom optique 5x)<\/strong><\/p>\n<\/li>\n<li data-section-id=\"j5cpsm\" data-start=\"1446\" data-end=\"1482\">\n<p data-start=\"1448\" data-end=\"1482\">\ud83d\udce1 <strong data-start=\"1451\" data-end=\"1480\">Capteur profondeur ToF 3D<\/strong><\/p>\n<\/li>\n<li data-section-id=\"18ttxxb\" data-start=\"1483\" data-end=\"1517\">\n<p data-start=\"1485\" data-end=\"1517\">\ud83e\udd33 <strong data-start=\"1488\" data-end=\"1515\">Cam\u00e9ra frontale : 32 MP<\/strong><\/p>\n<\/li>\n<li data-section-id=\"1nag9u5\" data-start=\"1518\" data-end=\"1581\">\n<p data-start=\"1520\" data-end=\"1581\">\ud83c\udfa5 <strong data-start=\"1523\" data-end=\"1541\">Vid\u00e9o : 4K UHD<\/strong><\/p>\n<\/li>\n<\/ul>\n<hr data-start=\"1583\" data-end=\"1586\" \/>\n<h1 data-section-id=\"1gx1fos\" data-start=\"1588\" data-end=\"1608\">\ud83d\udcca Fiche Technique<\/h1>\n<div class=\"TyagGW_tableContainer\">\n<div class=\"group TyagGW_tableWrapper flex flex-col-reverse w-fit\" tabindex=\"-1\">\n<table class=\"w-fit min-w-(--thread-content-width)\" data-start=\"1610\" data-end=\"2132\">\n<thead data-start=\"1610\" data-end=\"1639\">\n<tr data-start=\"1610\" data-end=\"1639\">\n<th class=\"\" data-start=\"1610\" data-end=\"1628\" data-col-size=\"sm\">Caract\u00e9ristique<\/th>\n<th class=\"\" data-start=\"1628\" data-end=\"1639\" data-col-size=\"sm\">D\u00e9tails<\/th>\n<\/tr>\n<\/thead>\n<tbody data-start=\"1650\" data-end=\"2132\">\n<tr data-start=\"1650\" data-end=\"1669\">\n<td data-start=\"1650\" data-end=\"1659\" data-col-size=\"sm\">Marque<\/td>\n<td data-start=\"1659\" data-end=\"1669\" data-col-size=\"sm\">Huawei<\/td>\n<\/tr>\n<tr data-start=\"1670\" data-end=\"1697\">\n<td data-start=\"1670\" data-end=\"1679\" data-col-size=\"sm\">Mod\u00e8le<\/td>\n<td data-start=\"1679\" data-end=\"1697\" data-col-size=\"sm\"><strong data-start=\"1681\" data-end=\"1695\">P40 Pro 5G<\/strong><\/td>\n<\/tr>\n<tr data-start=\"1698\" data-end=\"1713\">\n<td data-start=\"1698\" data-end=\"1707\" data-col-size=\"sm\">R\u00e9seau<\/td>\n<td data-start=\"1707\" data-end=\"1713\" data-col-size=\"sm\">5G<\/td>\n<\/tr>\n<tr data-start=\"1714\" data-end=\"1746\">\n<td data-start=\"1714\" data-end=\"1722\" data-col-size=\"sm\">\u00c9cran<\/td>\n<td data-start=\"1722\" data-end=\"1746\" data-col-size=\"sm\"><strong data-start=\"1724\" data-end=\"1744\">6.58 pouces OLED<\/strong><\/td>\n<\/tr>\n<tr data-start=\"1747\" data-end=\"1775\">\n<td data-start=\"1747\" data-end=\"1760\" data-col-size=\"sm\">R\u00e9solution<\/td>\n<td data-start=\"1760\" data-end=\"1775\" data-col-size=\"sm\">2640 \u00d7 1200<\/td>\n<\/tr>\n<tr data-start=\"1776\" data-end=\"1816\">\n<td data-start=\"1776\" data-end=\"1803\" data-col-size=\"sm\">Taux de rafra\u00eechissement<\/td>\n<td data-start=\"1803\" data-end=\"1816\" data-col-size=\"sm\"><strong data-start=\"1805\" data-end=\"1814\">90 Hz<\/strong><\/td>\n<\/tr>\n<tr data-start=\"1817\" data-end=\"1860\">\n<td data-start=\"1817\" data-end=\"1830\" data-col-size=\"sm\">Processeur<\/td>\n<td data-start=\"1830\" data-end=\"1860\" data-col-size=\"sm\"><strong data-start=\"1832\" data-end=\"1858\">HiSilicon Kirin 990 5G<\/strong><\/td>\n<\/tr>\n<tr data-start=\"1861\" data-end=\"1879\">\n<td data-start=\"1861\" data-end=\"1867\" data-col-size=\"sm\">RAM<\/td>\n<td data-start=\"1867\" data-end=\"1879\" data-col-size=\"sm\"><strong data-start=\"1869\" data-end=\"1877\">8 Go<\/strong><\/td>\n<\/tr>\n<tr data-start=\"1880\" data-end=\"1905\">\n<td data-start=\"1880\" data-end=\"1891\" data-col-size=\"sm\">Stockage<\/td>\n<td data-start=\"1891\" data-end=\"1905\" data-col-size=\"sm\"><strong data-start=\"1893\" data-end=\"1903\">256 Go<\/strong><\/td>\n<\/tr>\n<tr data-start=\"1906\" data-end=\"1960\">\n<td data-start=\"1906\" data-end=\"1923\" data-col-size=\"sm\">Cam\u00e9ra arri\u00e8re<\/td>\n<td data-start=\"1923\" data-end=\"1960\" data-col-size=\"sm\"><strong data-start=\"1925\" data-end=\"1958\">50MP + 40MP + 12MP + ToF (4K)<\/strong><\/td>\n<\/tr>\n<tr data-start=\"1961\" data-end=\"1996\">\n<td data-start=\"1961\" data-end=\"1979\" data-col-size=\"sm\">Cam\u00e9ra frontale<\/td>\n<td data-start=\"1979\" data-end=\"1996\" data-col-size=\"sm\"><strong data-start=\"1981\" data-end=\"1994\">32MP (4K)<\/strong><\/td>\n<\/tr>\n<tr data-start=\"1997\" data-end=\"2024\">\n<td data-start=\"1997\" data-end=\"2008\" data-col-size=\"sm\">Batterie<\/td>\n<td data-start=\"2008\" data-end=\"2024\" data-col-size=\"sm\"><strong data-start=\"2010\" data-end=\"2022\">4200 mAh<\/strong><\/td>\n<\/tr>\n<tr data-start=\"2025\" data-end=\"2075\">\n<td data-start=\"2025\" data-end=\"2041\" data-col-size=\"sm\">Charge rapide<\/td>\n<td data-start=\"2041\" data-end=\"2075\" data-col-size=\"sm\"><strong data-start=\"2043\" data-end=\"2073\">40W filaire \/ 27W sans fil<\/strong><\/td>\n<\/tr>\n<tr data-start=\"2076\" data-end=\"2103\">\n<td data-start=\"2076\" data-end=\"2082\" data-col-size=\"sm\">SIM<\/td>\n<td data-start=\"2082\" data-end=\"2103\" data-col-size=\"sm\"><strong data-start=\"2084\" data-end=\"2101\">Dual Nano SIM<\/strong><\/td>\n<\/tr>\n<tr data-start=\"2104\" data-end=\"2132\">\n<td data-start=\"2104\" data-end=\"2114\" data-col-size=\"sm\">Syst\u00e8me<\/td>\n<td data-start=\"2114\" data-end=\"2132\" data-col-size=\"sm\">Android \/ EMUI<\/td>\n<\/tr>\n<\/tbody>\n<\/table>\n<\/div>\n<\/div>\n<hr data-start=\"2134\" data-end=\"2137\" \/>\n<h1 data-section-id=\"6f7tr2\" data-start=\"2139\" data-end=\"2160\">\ud83d\udce6 Contenu du colis<\/h1>\n<ul data-start=\"2162\" data-end=\"2282\">\n<li data-section-id=\"1mh1nr6\" data-start=\"2162\" data-end=\"2191\">\n<p data-start=\"2164\" data-end=\"2191\">1 \u00d7 <strong data-start=\"2168\" data-end=\"2189\">Huawei P40 Pro 5G<\/strong><\/p>\n<\/li>\n<li data-section-id=\"1laildk\" data-start=\"2192\" data-end=\"2215\">\n<p data-start=\"2194\" data-end=\"2215\">1 \u00d7 Chargeur rapide<\/p>\n<\/li>\n<li data-section-id=\"1cuiaz2\" data-start=\"2216\" data-end=\"2235\">\n<p data-start=\"2218\" data-end=\"2235\">1 \u00d7 C\u00e2ble USB-C<\/p>\n<\/li>\n<li data-section-id=\"12haphu\" data-start=\"2236\" data-end=\"2253\">\n<p data-start=\"2238\" data-end=\"2253\">1 \u00d7 Outil SIM<\/p>\n<\/li>\n<li data-section-id=\"euolri\" data-start=\"2254\" data-end=\"2282\">\n<p data-start=\"2256\" data-end=\"2282\">1 \u00d7 Manuel d\u2019utilisation<\/p>\n<\/li>\n<\/ul>\n<hr data-start=\"2284\" data-end=\"2287\" \/>\n<p data-start=\"2289\" data-end=\"2430\">\ud83d\udcf1 <strong data-start=\"2292\" data-end=\"2430\">Le Huawei P40 Pro 5G combine cam\u00e9ra Leica professionnelle, \u00e9cran premium et puissance 5G pour une exp\u00e9rience smartphone haut de gamme.<\/strong><\/p>\n<\/div>\n<\/div>\n<\/div>\n<\/div>\n<\/div>\n<\/div>\n<\/article>\n<\/div>\n<\/div>\n<\/div>\n<\/div>\n<p><\/main><\/div>\n<\/div>\n<\/div>\n<\/div>\n<\/div>\n","protected":false},"excerpt":{"rendered":"<p>D\u00e9couvrez le Huawei P40 Pro 5G, un smartphone haut de gamme con\u00e7u pour offrir photographie professionnelle, performances puissantes et \u00e9cran immersif. Son \u00e9cran OLED incurv\u00e9 de 6.58 pouces avec taux de rafra\u00eechissement 90 Hz offre une excellente qualit\u00e9 d\u2019affichage pour les vid\u00e9os, jeux et navigation. Propuls\u00e9 par le processeur Kirin 990 5G et 8 Go&hellip;<\/p>\n","protected":false},"featured_media":16619,"comment_status":"open","ping_status":"closed","template":"","meta":[],"product_cat":[83],"product_tag":[],"class_list":{"0":"post-16616","1":"product","2":"type-product","3":"status-publish","4":"has-post-thumbnail","6":"product_brand-huawei","7":"product_cat-huawei","9":"first","10":"instock","11":"sale","12":"shipping-taxable","13":"purchasable","14":"product-type-simple","15":"col-xs-6 col-sm-4","16":"col-md-3 col-lg-3","17":"un-4-cols"},"_links":{"self":[{"href":"https:\/\/www.vazy.market\/index.php\/wp-json\/wp\/v2\/product\/16616","targetHints":{"allow":["GET"]}}],"collection":[{"href":"https:\/\/www.vazy.market\/index.php\/wp-json\/wp\/v2\/product"}],"about":[{"href":"https:\/\/www.vazy.market\/index.php\/wp-json\/wp\/v2\/types\/product"}],"replies":[{"embeddable":true,"href":"https:\/\/www.vazy.market\/index.php\/wp-json\/wp\/v2\/comments?post=16616"}],"wp:featuredmedia":[{"embeddable":true,"href":"https:\/\/www.vazy.market\/index.php\/wp-json\/wp\/v2\/media\/16619"}],"wp:attachment":[{"href":"https:\/\/www.vazy.market\/index.php\/wp-json\/wp\/v2\/media?parent=16616"}],"wp:term":[{"taxonomy":"product_cat","embeddable":true,"href":"https:\/\/www.vazy.market\/index.php\/wp-json\/wp\/v2\/product_cat?post=16616"},{"taxonomy":"product_tag","embeddable":true,"href":"https:\/\/www.vazy.market\/index.php\/wp-json\/wp\/v2\/product_tag?post=16616"}],"curies":[{"name":"wp","href":"https:\/\/api.w.org\/{rel}","templated":true}]}}