{"id":16611,"date":"2026-03-16T18:53:16","date_gmt":"2026-03-16T18:53:16","guid":{"rendered":"https:\/\/www.vazy.market\/?post_type=product&#038;p=16611"},"modified":"2026-03-25T09:41:08","modified_gmt":"2026-03-25T09:41:08","slug":"huawei-p40-lite-4g-6-4-128go8go-48mp8mp2mp2mp-4k16mp-fhd-dual-nano-sim-4200mah","status":"publish","type":"product","link":"https:\/\/www.vazy.market\/index.php\/product\/huawei-p40-lite-4g-6-4-128go8go-48mp8mp2mp2mp-4k16mp-fhd-dual-nano-sim-4200mah\/","title":{"rendered":"\ud83d\udcf1 HUAWEI P40 LITE 4G &#8211; 6.4&Prime; &#8211; 128Go|8Go &#8211; 48MP+8MP+2MP+2MP 4K|16MP FHD &#8211; Dual Nano SIM &#8211; 4200mAh"},"content":{"rendered":"<div class=\"flex h-svh w-screen flex-col\">\n<div class=\"relative z-0 flex min-h-0 w-full flex-1\">\n<div class=\"relative flex min-h-0 w-full flex-1\">\n<div class=\"@container\/main relative flex min-w-0 flex-1 flex-col -translate-y-[calc(env(safe-area-inset-bottom,0px)\/2)] pt-[calc(env(safe-area-inset-bottom,0px)\/2)]\">\n<div class=\"@w-sm\/main:[scrollbar-gutter:stable_both-edges] touch:[scrollbar-width:none] relative flex min-h-0 min-w-0 flex-1 flex-col [scrollbar-gutter:stable] not-print:overflow-x-clip not-print:overflow-y-auto scroll-pt-(--header-height) [--sticky-padding-top:var(--header-height)] has-data-[fixed-header=less-than-xl]:@w-xl\/main:scroll-pt-0 has-data-[fixed-header=less-than-xl]:@w-xl\/main:[--sticky-padding-top:0px] has-data-[fixed-header=less-than-xxl]:@w-2xl\/main:scroll-pt-0 has-data-[fixed-header=less-than-xxl]:@w-2xl\/main:[--sticky-padding-top:0px]\" data-scroll-root=\"\"><main id=\"main\" class=\"min-h-0 flex-1\"><\/p>\n<div id=\"thread\" class=\"group\/thread flex flex-col min-h-full\">\n<div class=\"composer-parent flex flex-1 flex-col focus-visible:outline-0\" role=\"presentation\">\n<div class=\"relative basis-auto flex-col -mb-(--composer-overlap-px) [--composer-overlap-px:28px] grow flex\">\n<div class=\"flex flex-col text-sm pb-25\">\n<article class=\"text-token-text-primary w-full focus:outline-none [--shadow-height:45px] has-data-writing-block:pointer-events-none has-data-writing-block:-mt-(--shadow-height) has-data-writing-block:pt-(--shadow-height) [&amp;:has([data-writing-block])&gt;*]:pointer-events-auto scroll-mt-[calc(var(--header-height)+min(200px,max(70px,20svh)))]\" dir=\"auto\" tabindex=\"-1\" data-turn-id=\"request-69add934-1d50-8332-91d7-d97a2ee2331f-2\" data-testid=\"conversation-turn-186\" data-scroll-anchor=\"true\" data-turn=\"assistant\">\n<div class=\"text-base my-auto mx-auto pb-10 [--thread-content-margin:var(--thread-content-margin-xs,calc(var(--spacing)*4))] @w-sm\/main:[--thread-content-margin:var(--thread-content-margin-sm,calc(var(--spacing)*6))] @w-lg\/main:[--thread-content-margin:var(--thread-content-margin-lg,calc(var(--spacing)*16))] px-(--thread-content-margin)\">\n<div class=\"[--thread-content-max-width:40rem] @w-lg\/main:[--thread-content-max-width:48rem] mx-auto max-w-(--thread-content-max-width) flex-1 group\/turn-messages focus-visible:outline-hidden relative flex w-full min-w-0 flex-col agent-turn\" tabindex=\"-1\">\n<div class=\"flex max-w-full flex-col gap-4 grow\">\n<div class=\"min-h-8 text-message relative flex w-full flex-col items-end gap-2 text-start break-words whitespace-normal [.text-message+&amp;]:mt-1\" dir=\"auto\" data-message-author-role=\"assistant\" data-message-id=\"5daeb76b-dc2d-4083-a0ab-ad7104592ee9\" data-message-model-slug=\"gpt-5-3\">\n<div class=\"flex w-full flex-col gap-1 empty:hidden\">\n<div class=\"streaming-animation markdown prose dark:prose-invert w-full wrap-break-word light markdown-new-styling\">\n<p data-start=\"106\" data-end=\"462\">D\u00e9couvrez le <strong data-start=\"119\" data-end=\"138\">Huawei P40 Lite<\/strong>, un smartphone performant con\u00e7u pour offrir <strong data-start=\"183\" data-end=\"260\">un grand \u00e9cran immersif, de bonnes performances et une cam\u00e9ra polyvalente<\/strong> pour la photo et la vid\u00e9o. Son <strong data-start=\"292\" data-end=\"332\">\u00e9cran IPS LCD de 6.4 pouces Full HD+<\/strong> offre une excellente qualit\u00e9 d\u2019affichage pour les vid\u00e9os, jeux et navigation quotidienne.<\/p>\n<p data-start=\"464\" data-end=\"784\">Propuls\u00e9 par le <strong data-start=\"480\" data-end=\"514\">processeur Kirin 810 Octa-Core<\/strong> et <strong data-start=\"518\" data-end=\"533\">8 Go de RAM<\/strong>, ce smartphone garantit une utilisation fluide pour les applications, le multit\u00e2che et les jeux. Il dispose \u00e9galement d\u2019un <strong data-start=\"657\" data-end=\"690\">stockage de 128 Go extensible<\/strong> pour conserver facilement photos, vid\u00e9os et fichiers.<\/p>\n<p data-start=\"786\" data-end=\"1082\">Son <strong data-start=\"790\" data-end=\"853\">syst\u00e8me de cam\u00e9ra quadruple avec capteur principal de 48 MP<\/strong> permet de capturer des photos d\u00e9taill\u00e9es et des vid\u00e9os en haute r\u00e9solution, tandis que la <strong data-start=\"944\" data-end=\"991\">batterie de 4200 mAh avec charge rapide 40W<\/strong> assure une autonomie solide pour toute la journ\u00e9e.<\/p>\n<hr data-start=\"1084\" data-end=\"1087\" \/>\n<h1 data-section-id=\"gug16d\" data-start=\"1089\" data-end=\"1105\">\u2b50 Points forts<\/h1>\n<p data-start=\"1107\" data-end=\"1420\">\u2714 \ud83d\udcf1 <strong data-start=\"1112\" data-end=\"1152\">\u00c9cran IPS LCD 6.4&Prime; Full HD+ immersif<\/strong><br data-start=\"1152\" data-end=\"1155\" \/>\u2714 \ud83d\udcf8 <strong data-start=\"1160\" data-end=\"1195\">Cam\u00e9ra principale 48 MP avec IA<\/strong><br data-start=\"1195\" data-end=\"1198\" \/>\u2714 \u26a1 <strong data-start=\"1202\" data-end=\"1247\">Processeur Kirin 810 Octa-Core performant<\/strong><br data-start=\"1247\" data-end=\"1250\" \/>\u2714 \ud83d\udd0b <strong data-start=\"1255\" data-end=\"1289\">Batterie longue dur\u00e9e 4200 mAh<\/strong><br data-start=\"1289\" data-end=\"1292\" \/>\u2714 \u26a1 <strong data-start=\"1296\" data-end=\"1336\">Charge rapide 40W Huawei SuperCharge<\/strong><br data-start=\"1336\" data-end=\"1339\" \/>\u2714 \ud83d\udcf6 <strong data-start=\"1344\" data-end=\"1372\">Compatible r\u00e9seau 4G LTE<\/strong><br data-start=\"1372\" data-end=\"1375\" \/>\u2714 \ud83d\udd10 <strong data-start=\"1380\" data-end=\"1420\">Capteur d\u2019empreinte digitale lat\u00e9ral<\/strong><\/p>\n<hr data-start=\"1422\" data-end=\"1425\" \/>\n<h1 data-section-id=\"ys7y0m\" data-start=\"1427\" data-end=\"1438\">\ud83d\udcf8 Cam\u00e9ra<\/h1>\n<ul data-start=\"1440\" data-end=\"1678\">\n<li data-section-id=\"1dv0eln\" data-start=\"1440\" data-end=\"1476\">\n<p data-start=\"1442\" data-end=\"1476\">\ud83d\udcf7 <strong data-start=\"1445\" data-end=\"1474\">Cam\u00e9ra principale : 48 MP<\/strong><\/p>\n<\/li>\n<li data-section-id=\"v19b3e\" data-start=\"1477\" data-end=\"1512\">\n<p data-start=\"1479\" data-end=\"1512\">\ud83c\udf0d <strong data-start=\"1482\" data-end=\"1510\">Ultra grand-angle : 8 MP<\/strong><\/p>\n<\/li>\n<li data-section-id=\"i14hhb\" data-start=\"1513\" data-end=\"1536\">\n<p data-start=\"1515\" data-end=\"1536\">\ud83d\udd0d <strong data-start=\"1518\" data-end=\"1534\">Macro : 2 MP<\/strong><\/p>\n<\/li>\n<li data-section-id=\"1nia8kp\" data-start=\"1537\" data-end=\"1573\">\n<p data-start=\"1539\" data-end=\"1573\">\ud83d\udce1 <strong data-start=\"1542\" data-end=\"1571\">Capteur profondeur : 2 MP<\/strong><\/p>\n<\/li>\n<li data-section-id=\"192t3ax\" data-start=\"1574\" data-end=\"1608\">\n<p data-start=\"1576\" data-end=\"1608\">\ud83e\udd33 <strong data-start=\"1579\" data-end=\"1606\">Cam\u00e9ra frontale : 16 MP<\/strong><\/p>\n<\/li>\n<li data-section-id=\"eblmxw\" data-start=\"1609\" data-end=\"1678\">\n<p data-start=\"1611\" data-end=\"1678\">\ud83c\udfa5 <strong data-start=\"1614\" data-end=\"1638\">Vid\u00e9o : Full HD \/ 4K<\/strong><\/p>\n<\/li>\n<\/ul>\n<hr data-start=\"1680\" data-end=\"1683\" \/>\n<h1 data-section-id=\"1gx1fos\" data-start=\"1685\" data-end=\"1705\">\ud83d\udcca Fiche Technique<\/h1>\n<div class=\"TyagGW_tableContainer\">\n<div class=\"group TyagGW_tableWrapper flex flex-col-reverse w-fit\" tabindex=\"-1\">\n<table class=\"w-fit min-w-(--thread-content-width)\" data-start=\"1707\" data-end=\"2188\">\n<thead data-start=\"1707\" data-end=\"1736\">\n<tr data-start=\"1707\" data-end=\"1736\">\n<th class=\"\" data-start=\"1707\" data-end=\"1725\" data-col-size=\"sm\">Caract\u00e9ristique<\/th>\n<th class=\"\" data-start=\"1725\" data-end=\"1736\" data-col-size=\"sm\">D\u00e9tails<\/th>\n<\/tr>\n<\/thead>\n<tbody data-start=\"1747\" data-end=\"2188\">\n<tr data-start=\"1747\" data-end=\"1766\">\n<td data-start=\"1747\" data-end=\"1756\" data-col-size=\"sm\">Marque<\/td>\n<td data-start=\"1756\" data-end=\"1766\" data-col-size=\"sm\">Huawei<\/td>\n<\/tr>\n<tr data-start=\"1767\" data-end=\"1792\">\n<td data-start=\"1767\" data-end=\"1776\" data-col-size=\"sm\">Mod\u00e8le<\/td>\n<td data-start=\"1776\" data-end=\"1792\" data-col-size=\"sm\"><strong data-start=\"1778\" data-end=\"1790\">P40 Lite<\/strong><\/td>\n<\/tr>\n<tr data-start=\"1793\" data-end=\"1812\">\n<td data-start=\"1793\" data-end=\"1802\" data-col-size=\"sm\">R\u00e9seau<\/td>\n<td data-start=\"1802\" data-end=\"1812\" data-col-size=\"sm\">4G LTE<\/td>\n<\/tr>\n<tr data-start=\"1813\" data-end=\"1847\">\n<td data-start=\"1813\" data-end=\"1821\" data-col-size=\"sm\">\u00c9cran<\/td>\n<td data-start=\"1821\" data-end=\"1847\" data-col-size=\"sm\"><strong data-start=\"1823\" data-end=\"1845\">6.4 pouces IPS LCD<\/strong><\/td>\n<\/tr>\n<tr data-start=\"1848\" data-end=\"1883\">\n<td data-start=\"1848\" data-end=\"1861\" data-col-size=\"sm\">R\u00e9solution<\/td>\n<td data-col-size=\"sm\" data-start=\"1861\" data-end=\"1883\">2310 \u00d7 1080 (FHD+)<\/td>\n<\/tr>\n<tr data-start=\"1884\" data-end=\"1924\">\n<td data-start=\"1884\" data-end=\"1897\" data-col-size=\"sm\">Processeur<\/td>\n<td data-start=\"1897\" data-end=\"1924\" data-col-size=\"sm\"><strong data-start=\"1899\" data-end=\"1922\">HiSilicon Kirin 810<\/strong><\/td>\n<\/tr>\n<tr data-start=\"1925\" data-end=\"1943\">\n<td data-start=\"1925\" data-end=\"1931\" data-col-size=\"sm\">RAM<\/td>\n<td data-start=\"1931\" data-end=\"1943\" data-col-size=\"sm\"><strong data-start=\"1933\" data-end=\"1941\">8 Go<\/strong><\/td>\n<\/tr>\n<tr data-start=\"1944\" data-end=\"1969\">\n<td data-start=\"1944\" data-end=\"1955\" data-col-size=\"sm\">Stockage<\/td>\n<td data-start=\"1955\" data-end=\"1969\" data-col-size=\"sm\"><strong data-start=\"1957\" data-end=\"1967\">128 Go<\/strong><\/td>\n<\/tr>\n<tr data-start=\"1970\" data-end=\"2026\">\n<td data-start=\"1970\" data-end=\"1987\" data-col-size=\"sm\">Cam\u00e9ra arri\u00e8re<\/td>\n<td data-start=\"1987\" data-end=\"2026\" data-col-size=\"sm\"><strong data-start=\"1989\" data-end=\"2024\">48MP + 8MP + 2MP + 2MP (FHD\/4K)<\/strong><\/td>\n<\/tr>\n<tr data-start=\"2027\" data-end=\"2063\">\n<td data-start=\"2027\" data-end=\"2045\" data-col-size=\"sm\">Cam\u00e9ra frontale<\/td>\n<td data-start=\"2045\" data-end=\"2063\" data-col-size=\"sm\"><strong data-start=\"2047\" data-end=\"2061\">16MP (FHD)<\/strong><\/td>\n<\/tr>\n<tr data-start=\"2064\" data-end=\"2091\">\n<td data-start=\"2064\" data-end=\"2075\" data-col-size=\"sm\">Batterie<\/td>\n<td data-start=\"2075\" data-end=\"2091\" data-col-size=\"sm\"><strong data-start=\"2077\" data-end=\"2089\">4200 mAh<\/strong><\/td>\n<\/tr>\n<tr data-start=\"2092\" data-end=\"2131\">\n<td data-start=\"2092\" data-end=\"2108\" data-col-size=\"sm\">Charge rapide<\/td>\n<td data-start=\"2108\" data-end=\"2131\" data-col-size=\"sm\"><strong data-start=\"2110\" data-end=\"2129\">40W SuperCharge<\/strong><\/td>\n<\/tr>\n<tr data-start=\"2132\" data-end=\"2159\">\n<td data-start=\"2132\" data-end=\"2138\" data-col-size=\"sm\">SIM<\/td>\n<td data-start=\"2138\" data-end=\"2159\" data-col-size=\"sm\"><strong data-start=\"2140\" data-end=\"2157\">Dual Nano SIM<\/strong><\/td>\n<\/tr>\n<tr data-start=\"2160\" data-end=\"2188\">\n<td data-start=\"2160\" data-end=\"2170\" data-col-size=\"sm\">Syst\u00e8me<\/td>\n<td data-start=\"2170\" data-end=\"2188\" data-col-size=\"sm\">Android \/ EMUI<\/td>\n<\/tr>\n<\/tbody>\n<\/table>\n<\/div>\n<\/div>\n<hr data-start=\"2190\" data-end=\"2193\" \/>\n<h1 data-section-id=\"6f7tr2\" data-start=\"2195\" data-end=\"2216\">\ud83d\udce6 Contenu du colis<\/h1>\n<ul data-start=\"2218\" data-end=\"2336\">\n<li data-section-id=\"omxvxl\" data-start=\"2218\" data-end=\"2245\">\n<p data-start=\"2220\" data-end=\"2245\">1 \u00d7 <strong data-start=\"2224\" data-end=\"2243\">Huawei P40 Lite<\/strong><\/p>\n<\/li>\n<li data-section-id=\"1laildk\" data-start=\"2246\" data-end=\"2269\">\n<p data-start=\"2248\" data-end=\"2269\">1 \u00d7 Chargeur rapide<\/p>\n<\/li>\n<li data-section-id=\"1cuiaz2\" data-start=\"2270\" data-end=\"2289\">\n<p data-start=\"2272\" data-end=\"2289\">1 \u00d7 C\u00e2ble USB-C<\/p>\n<\/li>\n<li data-section-id=\"12haphu\" data-start=\"2290\" data-end=\"2307\">\n<p data-start=\"2292\" data-end=\"2307\">1 \u00d7 Outil SIM<\/p>\n<\/li>\n<li data-section-id=\"euolri\" data-start=\"2308\" data-end=\"2336\">\n<p data-start=\"2310\" data-end=\"2336\">1 \u00d7 Manuel d\u2019utilisation<\/p>\n<\/li>\n<\/ul>\n<hr data-start=\"2338\" data-end=\"2341\" \/>\n<p data-start=\"2343\" data-end=\"2478\">\ud83d\udcf1 <strong data-start=\"2346\" data-end=\"2478\">Le Huawei P40 Lite combine \u00e9cran immersif, cam\u00e9ra polyvalente et performances solides pour une utilisation quotidienne efficace.<\/strong><\/p>\n<\/div>\n<\/div>\n<\/div>\n<\/div>\n<\/div>\n<\/div>\n<\/article>\n<\/div>\n<\/div>\n<\/div>\n<\/div>\n<p><\/main><\/div>\n<\/div>\n<\/div>\n<\/div>\n<\/div>\n","protected":false},"excerpt":{"rendered":"<p>D\u00e9couvrez le Huawei P40 Lite, un smartphone performant con\u00e7u pour offrir un grand \u00e9cran immersif, de bonnes performances et une cam\u00e9ra polyvalente pour la photo et la vid\u00e9o. Son \u00e9cran IPS LCD de 6.4 pouces Full HD+ offre une excellente qualit\u00e9 d\u2019affichage pour les vid\u00e9os, jeux et navigation quotidienne. Propuls\u00e9 par le processeur Kirin 810&hellip;<\/p>\n","protected":false},"featured_media":16613,"comment_status":"open","ping_status":"closed","template":"","meta":[],"product_cat":[83],"product_tag":[],"class_list":{"0":"post-16611","1":"product","2":"type-product","3":"status-publish","4":"has-post-thumbnail","6":"product_brand-huawei","7":"product_cat-huawei","9":"first","10":"instock","11":"sale","12":"shipping-taxable","13":"purchasable","14":"product-type-simple","15":"col-xs-6 col-sm-4","16":"col-md-3 col-lg-3","17":"un-4-cols"},"_links":{"self":[{"href":"https:\/\/www.vazy.market\/index.php\/wp-json\/wp\/v2\/product\/16611","targetHints":{"allow":["GET"]}}],"collection":[{"href":"https:\/\/www.vazy.market\/index.php\/wp-json\/wp\/v2\/product"}],"about":[{"href":"https:\/\/www.vazy.market\/index.php\/wp-json\/wp\/v2\/types\/product"}],"replies":[{"embeddable":true,"href":"https:\/\/www.vazy.market\/index.php\/wp-json\/wp\/v2\/comments?post=16611"}],"wp:featuredmedia":[{"embeddable":true,"href":"https:\/\/www.vazy.market\/index.php\/wp-json\/wp\/v2\/media\/16613"}],"wp:attachment":[{"href":"https:\/\/www.vazy.market\/index.php\/wp-json\/wp\/v2\/media?parent=16611"}],"wp:term":[{"taxonomy":"product_cat","embeddable":true,"href":"https:\/\/www.vazy.market\/index.php\/wp-json\/wp\/v2\/product_cat?post=16611"},{"taxonomy":"product_tag","embeddable":true,"href":"https:\/\/www.vazy.market\/index.php\/wp-json\/wp\/v2\/product_tag?post=16611"}],"curies":[{"name":"wp","href":"https:\/\/api.w.org\/{rel}","templated":true}]}}