{"id":16595,"date":"2026-03-16T17:15:46","date_gmt":"2026-03-16T17:15:46","guid":{"rendered":"https:\/\/www.vazy.market\/?post_type=product&#038;p=16595"},"modified":"2026-03-25T09:41:53","modified_gmt":"2026-03-25T09:41:53","slug":"xiaomi-redmi-note-14-pro-5g-6-67-512go12go-200mp8mp2mp-4k20mp-fhd-dual-nano-sim-5110mah","status":"publish","type":"product","link":"https:\/\/www.vazy.market\/index.php\/product\/xiaomi-redmi-note-14-pro-5g-6-67-512go12go-200mp8mp2mp-4k20mp-fhd-dual-nano-sim-5110mah\/","title":{"rendered":"\ud83d\udcf1 XIAOMI REDMI NOTE 14 PRO 5G &#8211; 6.67&Prime; &#8211; 512Go|12Go &#8211; 200MP+8MP+2MP 4K|20MP FHD &#8211; Dual Nano SIM &#8211; 5110mAh"},"content":{"rendered":"<div class=\"flex h-svh w-screen flex-col\">\n<div class=\"relative z-0 flex min-h-0 w-full flex-1\">\n<div class=\"relative flex min-h-0 w-full flex-1\">\n<div class=\"@container\/main relative flex min-w-0 flex-1 flex-col -translate-y-[calc(env(safe-area-inset-bottom,0px)\/2)] pt-[calc(env(safe-area-inset-bottom,0px)\/2)]\">\n<div class=\"@w-sm\/main:[scrollbar-gutter:stable_both-edges] touch:[scrollbar-width:none] relative flex min-h-0 min-w-0 flex-1 flex-col [scrollbar-gutter:stable] not-print:overflow-x-clip not-print:overflow-y-auto scroll-pt-(--header-height) [--sticky-padding-top:var(--header-height)] has-data-[fixed-header=less-than-xl]:@w-xl\/main:scroll-pt-0 has-data-[fixed-header=less-than-xl]:@w-xl\/main:[--sticky-padding-top:0px] has-data-[fixed-header=less-than-xxl]:@w-2xl\/main:scroll-pt-0 has-data-[fixed-header=less-than-xxl]:@w-2xl\/main:[--sticky-padding-top:0px]\" data-scroll-root=\"\"><main id=\"main\" class=\"min-h-0 flex-1\"><\/p>\n<div id=\"thread\" class=\"group\/thread flex flex-col min-h-full\">\n<div class=\"composer-parent flex flex-1 flex-col focus-visible:outline-0\" role=\"presentation\">\n<div class=\"relative basis-auto flex-col -mb-(--composer-overlap-px) [--composer-overlap-px:28px] grow flex\">\n<div class=\"flex flex-col text-sm pb-25\">\n<article class=\"text-token-text-primary w-full focus:outline-none [--shadow-height:45px] has-data-writing-block:pointer-events-none has-data-writing-block:-mt-(--shadow-height) has-data-writing-block:pt-(--shadow-height) [&amp;:has([data-writing-block])&gt;*]:pointer-events-auto scroll-mt-[calc(var(--header-height)+min(200px,max(70px,20svh)))]\" dir=\"auto\" tabindex=\"-1\" data-turn-id=\"request-69add934-1d50-8332-91d7-d97a2ee2331f-4\" data-testid=\"conversation-turn-178\" data-scroll-anchor=\"true\" data-turn=\"assistant\">\n<div class=\"text-base my-auto mx-auto pb-10 [--thread-content-margin:var(--thread-content-margin-xs,calc(var(--spacing)*4))] @w-sm\/main:[--thread-content-margin:var(--thread-content-margin-sm,calc(var(--spacing)*6))] @w-lg\/main:[--thread-content-margin:var(--thread-content-margin-lg,calc(var(--spacing)*16))] px-(--thread-content-margin)\">\n<div class=\"[--thread-content-max-width:40rem] @w-lg\/main:[--thread-content-max-width:48rem] mx-auto max-w-(--thread-content-max-width) flex-1 group\/turn-messages focus-visible:outline-hidden relative flex w-full min-w-0 flex-col agent-turn\" tabindex=\"-1\">\n<div class=\"flex max-w-full flex-col gap-4 grow\">\n<div class=\"min-h-8 text-message relative flex w-full flex-col items-end gap-2 text-start break-words whitespace-normal [.text-message+&amp;]:mt-1\" dir=\"auto\" data-message-author-role=\"assistant\" data-message-id=\"118df102-5ce4-4faf-b84e-84d79f3b80a6\" data-message-model-slug=\"gpt-5-3\">\n<div class=\"flex w-full flex-col gap-1 empty:hidden\">\n<div class=\"streaming-animation markdown prose dark:prose-invert w-full wrap-break-word light markdown-new-styling\">\n<p data-start=\"114\" data-end=\"509\">D\u00e9couvrez le <strong data-start=\"127\" data-end=\"158\">Xiaomi Redmi Note 14 Pro 5G<\/strong>, un smartphone performant con\u00e7u pour offrir <strong data-start=\"203\" data-end=\"287\">photographie ultra haute r\u00e9solution, \u00e9cran AMOLED fluide et performances rapides<\/strong>. Son <strong data-start=\"293\" data-end=\"380\">\u00e9cran AMOLED de 6.67 pouces avec r\u00e9solution 1.5K et taux de rafra\u00eechissement 120 Hz<\/strong> offre une exp\u00e9rience visuelle immersive id\u00e9ale pour les vid\u00e9os, jeux et r\u00e9seaux sociaux.<\/p>\n<p data-start=\"511\" data-end=\"759\">\u00c9quip\u00e9 du <strong data-start=\"521\" data-end=\"584\">processeur MediaTek Dimensity 7300-Ultra et de 12 Go de RAM<\/strong>, ce smartphone assure une navigation rapide, un multit\u00e2che fluide et d\u2019excellentes performances pour les applications et jeux mobiles.<\/p>\n<p data-start=\"761\" data-end=\"1096\">Son <strong data-start=\"765\" data-end=\"855\">appareil photo principal de 200 MP avec stabilisation OIS et intelligence artificielle<\/strong> permet de capturer des photos tr\u00e8s d\u00e9taill\u00e9es et des vid\u00e9os de haute qualit\u00e9. Il dispose \u00e9galement d\u2019une <strong data-start=\"961\" data-end=\"1008\">batterie de 5110 mAh avec charge rapide 45W<\/strong>, offrant une excellente autonomie au quotidien.<\/p>\n<hr data-start=\"1098\" data-end=\"1101\" \/>\n<h1 data-section-id=\"gug16d\" data-start=\"1103\" data-end=\"1119\">\u2b50 Points forts<\/h1>\n<p data-start=\"1121\" data-end=\"1510\">\u2714 \ud83d\udcf1 <strong data-start=\"1126\" data-end=\"1172\">\u00c9cran AMOLED 6.67&Prime; 1.5K 120Hz ultra fluide<\/strong><br data-start=\"1172\" data-end=\"1175\" \/>\u2714 \ud83d\udcf8 <strong data-start=\"1180\" data-end=\"1231\">Cam\u00e9ra principale 200 MP avec stabilisation OIS<\/strong><br data-start=\"1231\" data-end=\"1234\" \/>\u2714 \u26a1 <strong data-start=\"1238\" data-end=\"1291\">Processeur MediaTek Dimensity 7300-Ultra puissant<\/strong><br data-start=\"1291\" data-end=\"1294\" \/>\u2714 \ud83d\udd0b <strong data-start=\"1299\" data-end=\"1333\">Batterie longue dur\u00e9e 5110 mAh<\/strong><br data-start=\"1333\" data-end=\"1336\" \/>\u2714 \u26a1 <strong data-start=\"1340\" data-end=\"1373\">Charge rapide 45W TurboCharge<\/strong><br data-start=\"1373\" data-end=\"1376\" \/>\u2714 \ud83d\udcf6 <strong data-start=\"1381\" data-end=\"1418\">Compatible r\u00e9seau 5G ultra rapide<\/strong><br data-start=\"1418\" data-end=\"1421\" \/>\u2714 \ud83d\udca7 <strong data-start=\"1426\" data-end=\"1470\">R\u00e9sistant \u00e0 l\u2019eau et \u00e0 la poussi\u00e8re IP68<\/strong><\/p>\n<hr data-start=\"1512\" data-end=\"1515\" \/>\n<h1 data-section-id=\"1bka4zl\" data-start=\"1517\" data-end=\"1536\">\ud83d\udcf8 Cam\u00e9ra avanc\u00e9e<\/h1>\n<ul data-start=\"1538\" data-end=\"1740\">\n<li data-section-id=\"cugae9\" data-start=\"1538\" data-end=\"1581\">\n<p data-start=\"1540\" data-end=\"1581\">\ud83d\udcf7 <strong data-start=\"1543\" data-end=\"1579\">Cam\u00e9ra principale : 200 MP (OIS)<\/strong><\/p>\n<\/li>\n<li data-section-id=\"v19b3e\" data-start=\"1582\" data-end=\"1617\">\n<p data-start=\"1584\" data-end=\"1617\">\ud83c\udf0d <strong data-start=\"1587\" data-end=\"1615\">Ultra grand-angle : 8 MP<\/strong><\/p>\n<\/li>\n<li data-section-id=\"i14hhb\" data-start=\"1618\" data-end=\"1641\">\n<p data-start=\"1620\" data-end=\"1641\">\ud83d\udd0d <strong data-start=\"1623\" data-end=\"1639\">Macro : 2 MP<\/strong><\/p>\n<\/li>\n<li data-section-id=\"dortx8\" data-start=\"1642\" data-end=\"1676\">\n<p data-start=\"1644\" data-end=\"1676\">\ud83e\udd33 <strong data-start=\"1647\" data-end=\"1674\">Cam\u00e9ra frontale : 20 MP<\/strong><\/p>\n<\/li>\n<li data-section-id=\"1nm2tv1\" data-start=\"1677\" data-end=\"1740\">\n<p data-start=\"1679\" data-end=\"1740\">\ud83c\udfa5 <strong data-start=\"1682\" data-end=\"1700\">Vid\u00e9o : 4K UHD<\/strong><\/p>\n<\/li>\n<\/ul>\n<hr data-start=\"1742\" data-end=\"1745\" \/>\n<h1 data-section-id=\"1gx1fos\" data-start=\"1747\" data-end=\"1767\">\ud83d\udcca Fiche Technique<\/h1>\n<div class=\"TyagGW_tableContainer\">\n<div class=\"group TyagGW_tableWrapper flex flex-col-reverse w-fit\" tabindex=\"-1\">\n<table class=\"w-fit min-w-(--thread-content-width)\" data-start=\"1769\" data-end=\"2293\">\n<thead data-start=\"1769\" data-end=\"1798\">\n<tr data-start=\"1769\" data-end=\"1798\">\n<th class=\"\" data-start=\"1769\" data-end=\"1787\" data-col-size=\"sm\">Caract\u00e9ristique<\/th>\n<th class=\"\" data-start=\"1787\" data-end=\"1798\" data-col-size=\"sm\">D\u00e9tails<\/th>\n<\/tr>\n<\/thead>\n<tbody data-start=\"1809\" data-end=\"2293\">\n<tr data-start=\"1809\" data-end=\"1828\">\n<td data-start=\"1809\" data-end=\"1818\" data-col-size=\"sm\">Marque<\/td>\n<td data-start=\"1818\" data-end=\"1828\" data-col-size=\"sm\">Xiaomi<\/td>\n<\/tr>\n<tr data-start=\"1829\" data-end=\"1866\">\n<td data-start=\"1829\" data-end=\"1838\" data-col-size=\"sm\">Mod\u00e8le<\/td>\n<td data-start=\"1838\" data-end=\"1866\" data-col-size=\"sm\"><strong data-start=\"1840\" data-end=\"1864\">Redmi Note 14 Pro 5G<\/strong><\/td>\n<\/tr>\n<tr data-start=\"1867\" data-end=\"1882\">\n<td data-start=\"1867\" data-end=\"1876\" data-col-size=\"sm\">R\u00e9seau<\/td>\n<td data-start=\"1876\" data-end=\"1882\" data-col-size=\"sm\">5G<\/td>\n<\/tr>\n<tr data-start=\"1883\" data-end=\"1917\">\n<td data-start=\"1883\" data-end=\"1891\" data-col-size=\"sm\">\u00c9cran<\/td>\n<td data-start=\"1891\" data-end=\"1917\" data-col-size=\"sm\"><strong data-start=\"1893\" data-end=\"1915\">6.67 pouces AMOLED<\/strong><\/td>\n<\/tr>\n<tr data-start=\"1918\" data-end=\"1953\">\n<td data-start=\"1918\" data-end=\"1931\" data-col-size=\"sm\">R\u00e9solution<\/td>\n<td data-start=\"1931\" data-end=\"1953\" data-col-size=\"sm\">2712 \u00d7 1220 (1.5K)<\/td>\n<\/tr>\n<tr data-start=\"1954\" data-end=\"1995\">\n<td data-start=\"1954\" data-end=\"1981\" data-col-size=\"sm\">Taux de rafra\u00eechissement<\/td>\n<td data-start=\"1981\" data-end=\"1995\" data-col-size=\"sm\"><strong data-start=\"1983\" data-end=\"1993\">120 Hz<\/strong><\/td>\n<\/tr>\n<tr data-start=\"1996\" data-end=\"2046\">\n<td data-start=\"1996\" data-end=\"2009\" data-col-size=\"sm\">Processeur<\/td>\n<td data-start=\"2009\" data-end=\"2046\" data-col-size=\"sm\">MediaTek <strong data-start=\"2020\" data-end=\"2044\">Dimensity 7300-Ultra<\/strong><\/td>\n<\/tr>\n<tr data-start=\"2047\" data-end=\"2066\">\n<td data-start=\"2047\" data-end=\"2053\" data-col-size=\"sm\">RAM<\/td>\n<td data-start=\"2053\" data-end=\"2066\" data-col-size=\"sm\"><strong data-start=\"2055\" data-end=\"2064\">12 Go<\/strong><\/td>\n<\/tr>\n<tr data-start=\"2067\" data-end=\"2092\">\n<td data-start=\"2067\" data-end=\"2078\" data-col-size=\"sm\">Stockage<\/td>\n<td data-start=\"2078\" data-end=\"2092\" data-col-size=\"sm\"><strong data-start=\"2080\" data-end=\"2090\">512 Go<\/strong><\/td>\n<\/tr>\n<tr data-start=\"2093\" data-end=\"2140\">\n<td data-start=\"2093\" data-end=\"2110\" data-col-size=\"sm\">Cam\u00e9ra arri\u00e8re<\/td>\n<td data-start=\"2110\" data-end=\"2140\" data-col-size=\"sm\"><strong data-start=\"2112\" data-end=\"2138\">200MP + 8MP + 2MP (4K)<\/strong><\/td>\n<\/tr>\n<tr data-start=\"2141\" data-end=\"2177\">\n<td data-start=\"2141\" data-end=\"2159\" data-col-size=\"sm\">Cam\u00e9ra frontale<\/td>\n<td data-start=\"2159\" data-end=\"2177\" data-col-size=\"sm\"><strong data-start=\"2161\" data-end=\"2175\">20MP (FHD)<\/strong><\/td>\n<\/tr>\n<tr data-start=\"2178\" data-end=\"2205\">\n<td data-start=\"2178\" data-end=\"2189\" data-col-size=\"sm\">Batterie<\/td>\n<td data-start=\"2189\" data-end=\"2205\" data-col-size=\"sm\"><strong data-start=\"2191\" data-end=\"2203\">5110 mAh<\/strong><\/td>\n<\/tr>\n<tr data-start=\"2206\" data-end=\"2233\">\n<td data-start=\"2206\" data-end=\"2222\" data-col-size=\"sm\">Charge rapide<\/td>\n<td data-start=\"2222\" data-end=\"2233\" data-col-size=\"sm\"><strong data-start=\"2224\" data-end=\"2231\">45W<\/strong><\/td>\n<\/tr>\n<tr data-start=\"2234\" data-end=\"2261\">\n<td data-start=\"2234\" data-end=\"2240\" data-col-size=\"sm\">SIM<\/td>\n<td data-start=\"2240\" data-end=\"2261\" data-col-size=\"sm\"><strong data-start=\"2242\" data-end=\"2259\">Dual Nano SIM<\/strong><\/td>\n<\/tr>\n<tr data-start=\"2262\" data-end=\"2293\">\n<td data-start=\"2262\" data-end=\"2272\" data-col-size=\"sm\">Syst\u00e8me<\/td>\n<td data-start=\"2272\" data-end=\"2293\" data-col-size=\"sm\">Android \/ HyperOS<\/td>\n<\/tr>\n<\/tbody>\n<\/table>\n<\/div>\n<\/div>\n<hr data-start=\"2295\" data-end=\"2298\" \/>\n<h1 data-section-id=\"6f7tr2\" data-start=\"2300\" data-end=\"2321\">\ud83d\udce6 Contenu du colis<\/h1>\n<ul data-start=\"2323\" data-end=\"2481\">\n<li data-section-id=\"eqzrig\" data-start=\"2323\" data-end=\"2362\">\n<p data-start=\"2325\" data-end=\"2362\">1 \u00d7 <strong data-start=\"2329\" data-end=\"2360\">Xiaomi Redmi Note 14 Pro 5G<\/strong><\/p>\n<\/li>\n<li data-section-id=\"1laildk\" data-start=\"2363\" data-end=\"2386\">\n<p data-start=\"2365\" data-end=\"2386\">1 \u00d7 Chargeur rapide<\/p>\n<\/li>\n<li data-section-id=\"1cuiaz2\" data-start=\"2387\" data-end=\"2406\">\n<p data-start=\"2389\" data-end=\"2406\">1 \u00d7 C\u00e2ble USB-C<\/p>\n<\/li>\n<li data-section-id=\"12haphu\" data-start=\"2407\" data-end=\"2424\">\n<p data-start=\"2409\" data-end=\"2424\">1 \u00d7 Outil SIM<\/p>\n<\/li>\n<li data-section-id=\"kvuwap\" data-start=\"2425\" data-end=\"2452\">\n<p data-start=\"2427\" data-end=\"2452\">1 \u00d7 Coque de protection<\/p>\n<\/li>\n<li data-section-id=\"euolri\" data-start=\"2453\" data-end=\"2481\">\n<p data-start=\"2455\" data-end=\"2481\">1 \u00d7 Manuel d\u2019utilisation<\/p>\n<\/li>\n<\/ul>\n<hr data-start=\"2483\" data-end=\"2486\" \/>\n<p data-start=\"2488\" data-end=\"2634\">\ud83d\udcf1 <strong data-start=\"2491\" data-end=\"2634\">Le Redmi Note 14 Pro 5G combine cam\u00e9ra 200 MP, \u00e9cran AMOLED 120 Hz et grande autonomie pour une exp\u00e9rience smartphone puissante et moderne.<\/strong><\/p>\n<\/div>\n<\/div>\n<\/div>\n<\/div>\n<\/div>\n<\/div>\n<\/article>\n<\/div>\n<\/div>\n<\/div>\n<\/div>\n<p><\/main><\/div>\n<\/div>\n<\/div>\n<\/div>\n<\/div>\n","protected":false},"excerpt":{"rendered":"<p>D\u00e9couvrez le Xiaomi Redmi Note 14 Pro 5G, un smartphone performant con\u00e7u pour offrir photographie ultra haute r\u00e9solution, \u00e9cran AMOLED fluide et performances rapides. Son \u00e9cran AMOLED de 6.67 pouces avec r\u00e9solution 1.5K et taux de rafra\u00eechissement 120 Hz offre une exp\u00e9rience visuelle immersive id\u00e9ale pour les vid\u00e9os, jeux et r\u00e9seaux sociaux. \u00c9quip\u00e9 du processeur&hellip;<\/p>\n","protected":false},"featured_media":16593,"comment_status":"open","ping_status":"closed","template":"","meta":[],"product_cat":[82],"product_tag":[],"class_list":{"0":"post-16595","1":"product","2":"type-product","3":"status-publish","4":"has-post-thumbnail","6":"product_brand-xiaomi-redmi","7":"product_cat-redmi","9":"first","10":"instock","11":"sale","12":"shipping-taxable","13":"purchasable","14":"product-type-simple","15":"col-xs-6 col-sm-4","16":"col-md-3 col-lg-3","17":"un-4-cols"},"_links":{"self":[{"href":"https:\/\/www.vazy.market\/index.php\/wp-json\/wp\/v2\/product\/16595","targetHints":{"allow":["GET"]}}],"collection":[{"href":"https:\/\/www.vazy.market\/index.php\/wp-json\/wp\/v2\/product"}],"about":[{"href":"https:\/\/www.vazy.market\/index.php\/wp-json\/wp\/v2\/types\/product"}],"replies":[{"embeddable":true,"href":"https:\/\/www.vazy.market\/index.php\/wp-json\/wp\/v2\/comments?post=16595"}],"wp:featuredmedia":[{"embeddable":true,"href":"https:\/\/www.vazy.market\/index.php\/wp-json\/wp\/v2\/media\/16593"}],"wp:attachment":[{"href":"https:\/\/www.vazy.market\/index.php\/wp-json\/wp\/v2\/media?parent=16595"}],"wp:term":[{"taxonomy":"product_cat","embeddable":true,"href":"https:\/\/www.vazy.market\/index.php\/wp-json\/wp\/v2\/product_cat?post=16595"},{"taxonomy":"product_tag","embeddable":true,"href":"https:\/\/www.vazy.market\/index.php\/wp-json\/wp\/v2\/product_tag?post=16595"}],"curies":[{"name":"wp","href":"https:\/\/api.w.org\/{rel}","templated":true}]}}