{"id":16581,"date":"2026-03-16T13:54:59","date_gmt":"2026-03-16T13:54:59","guid":{"rendered":"https:\/\/www.vazy.market\/?post_type=product&#038;p=16581"},"modified":"2026-03-25T09:42:33","modified_gmt":"2026-03-25T09:42:33","slug":"xiaomi-redmi-a3-pro-4g-6-88-128go4go-50mp0-3mp-fhd13mp-fhd-dual-nano-sim-5160mah","status":"publish","type":"product","link":"https:\/\/www.vazy.market\/index.php\/product\/xiaomi-redmi-a3-pro-4g-6-88-128go4go-50mp0-3mp-fhd13mp-fhd-dual-nano-sim-5160mah\/","title":{"rendered":"\ud83d\udcf1 XIAOMI REDMI A3 PRO 4G &#8211; 6.88&Prime; &#8211; 128Go|4Go &#8211; 50MP+0.3MP FHD|13MP FHD &#8211; Dual Nano SIM &#8211; 5160mAh"},"content":{"rendered":"<div class=\"flex h-svh w-screen flex-col\">\n<div class=\"relative z-0 flex min-h-0 w-full flex-1\">\n<div class=\"relative flex min-h-0 w-full flex-1\">\n<div class=\"@container\/main relative flex min-w-0 flex-1 flex-col -translate-y-[calc(env(safe-area-inset-bottom,0px)\/2)] pt-[calc(env(safe-area-inset-bottom,0px)\/2)]\">\n<div class=\"@w-sm\/main:[scrollbar-gutter:stable_both-edges] touch:[scrollbar-width:none] relative flex min-h-0 min-w-0 flex-1 flex-col [scrollbar-gutter:stable] not-print:overflow-x-clip not-print:overflow-y-auto scroll-pt-(--header-height) [--sticky-padding-top:var(--header-height)] has-data-[fixed-header=less-than-xl]:@w-xl\/main:scroll-pt-0 has-data-[fixed-header=less-than-xl]:@w-xl\/main:[--sticky-padding-top:0px] has-data-[fixed-header=less-than-xxl]:@w-2xl\/main:scroll-pt-0 has-data-[fixed-header=less-than-xxl]:@w-2xl\/main:[--sticky-padding-top:0px]\" data-scroll-root=\"\"><main id=\"main\" class=\"min-h-0 flex-1\"><\/p>\n<div id=\"thread\" class=\"group\/thread flex flex-col min-h-full\">\n<div class=\"composer-parent flex flex-1 flex-col focus-visible:outline-0\" role=\"presentation\">\n<div class=\"relative basis-auto flex-col -mb-(--composer-overlap-px) [--composer-overlap-px:28px] grow flex\">\n<div class=\"flex flex-col text-sm pb-25\">\n<article class=\"text-token-text-primary w-full focus:outline-none [--shadow-height:45px] has-data-writing-block:pointer-events-none has-data-writing-block:-mt-(--shadow-height) has-data-writing-block:pt-(--shadow-height) [&amp;:has([data-writing-block])&gt;*]:pointer-events-auto scroll-mt-[calc(var(--header-height)+min(200px,max(70px,20svh)))]\" dir=\"auto\" tabindex=\"-1\" data-turn-id=\"request-69add934-1d50-8332-91d7-d97a2ee2331f-1\" data-testid=\"conversation-turn-172\" data-scroll-anchor=\"true\" data-turn=\"assistant\">\n<div class=\"text-base my-auto mx-auto pb-10 [--thread-content-margin:var(--thread-content-margin-xs,calc(var(--spacing)*4))] @w-sm\/main:[--thread-content-margin:var(--thread-content-margin-sm,calc(var(--spacing)*6))] @w-lg\/main:[--thread-content-margin:var(--thread-content-margin-lg,calc(var(--spacing)*16))] px-(--thread-content-margin)\">\n<div class=\"[--thread-content-max-width:40rem] @w-lg\/main:[--thread-content-max-width:48rem] mx-auto max-w-(--thread-content-max-width) flex-1 group\/turn-messages focus-visible:outline-hidden relative flex w-full min-w-0 flex-col agent-turn\" tabindex=\"-1\">\n<div class=\"flex max-w-full flex-col gap-4 grow\">\n<div class=\"min-h-8 text-message relative flex w-full flex-col items-end gap-2 text-start break-words whitespace-normal [.text-message+&amp;]:mt-1\" dir=\"auto\" data-message-author-role=\"assistant\" data-message-id=\"68c5b7a0-6619-4569-8efc-23214a78d00f\" data-message-model-slug=\"gpt-5-3\">\n<div class=\"flex w-full flex-col gap-1 empty:hidden\">\n<div class=\"streaming-animation markdown prose dark:prose-invert w-full wrap-break-word light markdown-new-styling\">\n<p data-start=\"106\" data-end=\"527\">D\u00e9couvrez le <strong data-start=\"119\" data-end=\"142\">Xiaomi Redmi A3 Pro<\/strong>, un smartphone moderne con\u00e7u pour offrir <strong data-start=\"184\" data-end=\"273\">grand \u00e9cran immersif, bonne autonomie et performances fiables pour un usage quotidien<\/strong>. Son <strong data-start=\"279\" data-end=\"364\">\u00e9cran Dot Drop IPS LCD de 6.88 pouces avec taux de rafra\u00eechissement jusqu\u2019\u00e0 90 Hz<\/strong> offre une navigation fluide et un confort visuel id\u00e9al pour regarder des vid\u00e9os, naviguer ou utiliser les r\u00e9seaux sociaux.<\/p>\n<p data-start=\"529\" data-end=\"852\">\u00c9quip\u00e9 du <strong data-start=\"539\" data-end=\"596\">processeur MediaTek Helio G81 Ultra et de 4 Go de RAM<\/strong>, ce smartphone permet une utilisation fluide pour les applications courantes et le multit\u00e2che. Son <strong data-start=\"696\" data-end=\"749\">stockage interne de 128 Go extensible par microSD<\/strong> permet de conserver facilement photos, vid\u00e9os et applications.<\/p>\n<p data-start=\"854\" data-end=\"1043\">Gr\u00e2ce \u00e0 sa <strong data-start=\"865\" data-end=\"889\">batterie de 5160 mAh<\/strong>, le Redmi A3 Pro offre une excellente autonomie pour tenir toute la journ\u00e9e, m\u00eame avec une utilisation intensive.<\/p>\n<hr data-start=\"1045\" data-end=\"1048\" \/>\n<h1 data-section-id=\"gug16d\" data-start=\"1050\" data-end=\"1066\">\u2b50 Points forts<\/h1>\n<p data-start=\"1068\" data-end=\"1452\">\u2714 \ud83d\udcf1 <strong data-start=\"1073\" data-end=\"1111\">Grand \u00e9cran IPS LCD 6.88&Prime; immersif<\/strong><br data-start=\"1111\" data-end=\"1114\" \/>\u2714 \u26a1 <strong data-start=\"1118\" data-end=\"1168\">Processeur MediaTek Helio G81 Ultra performant<\/strong><br data-start=\"1168\" data-end=\"1171\" \/>\u2714 \ud83d\udcf8 <strong data-start=\"1176\" data-end=\"1211\">Cam\u00e9ra principale 50 MP avec IA<\/strong><br data-start=\"1211\" data-end=\"1214\" \/>\u2714 \ud83d\udd0b <strong data-start=\"1219\" data-end=\"1253\">Batterie longue dur\u00e9e 5160 mAh<\/strong><br data-start=\"1253\" data-end=\"1256\" \/>\u2714 \ud83d\udcf6 <strong data-start=\"1261\" data-end=\"1289\">Compatible r\u00e9seau 4G LTE<\/strong><br data-start=\"1289\" data-end=\"1292\" \/>\u2714 \ud83d\udd10 <strong data-start=\"1297\" data-end=\"1361\">Capteur d\u2019empreinte digitale lat\u00e9ral + d\u00e9verrouillage facial<\/strong><br data-start=\"1361\" data-end=\"1364\" \/>\u2714 \ud83d\udcbe <strong data-start=\"1369\" data-end=\"1412\">Stockage 128 Go extensible jusqu\u2019\u00e0 1 To<\/strong><\/p>\n<hr data-start=\"1454\" data-end=\"1457\" \/>\n<h1 data-section-id=\"ys7y0m\" data-start=\"1459\" data-end=\"1470\">\ud83d\udcf8 Cam\u00e9ra<\/h1>\n<ul data-start=\"1472\" data-end=\"1653\">\n<li data-section-id=\"m42rc2\" data-start=\"1472\" data-end=\"1508\">\n<p data-start=\"1474\" data-end=\"1508\">\ud83d\udcf7 <strong data-start=\"1477\" data-end=\"1506\">Cam\u00e9ra principale : 50 MP<\/strong><\/p>\n<\/li>\n<li data-section-id=\"1mmz0hh\" data-start=\"1509\" data-end=\"1547\">\n<p data-start=\"1511\" data-end=\"1547\">\ud83d\udce1 <strong data-start=\"1514\" data-end=\"1545\">Capteur secondaire : 0.3 MP<\/strong><\/p>\n<\/li>\n<li data-section-id=\"bpykf0\" data-start=\"1548\" data-end=\"1582\">\n<p data-start=\"1550\" data-end=\"1582\">\ud83e\udd33 <strong data-start=\"1553\" data-end=\"1580\">Cam\u00e9ra frontale : 13 MP<\/strong><\/p>\n<\/li>\n<li data-section-id=\"12nvpxp\" data-start=\"1583\" data-end=\"1653\">\n<p data-start=\"1585\" data-end=\"1653\">\ud83c\udfa5 <strong data-start=\"1588\" data-end=\"1613\">Vid\u00e9o : Full HD 1080p<\/strong><\/p>\n<\/li>\n<\/ul>\n<hr data-start=\"1655\" data-end=\"1658\" \/>\n<h1 data-section-id=\"1gx1fos\" data-start=\"1660\" data-end=\"1680\">\ud83d\udcca Fiche Technique<\/h1>\n<div class=\"TyagGW_tableContainer\">\n<div class=\"group TyagGW_tableWrapper flex flex-col-reverse w-fit\" tabindex=\"-1\">\n<table class=\"w-fit min-w-(--thread-content-width)\" data-start=\"1682\" data-end=\"2217\">\n<thead data-start=\"1682\" data-end=\"1711\">\n<tr data-start=\"1682\" data-end=\"1711\">\n<th class=\"\" data-start=\"1682\" data-end=\"1700\" data-col-size=\"sm\">Caract\u00e9ristique<\/th>\n<th class=\"\" data-start=\"1700\" data-end=\"1711\" data-col-size=\"sm\">D\u00e9tails<\/th>\n<\/tr>\n<\/thead>\n<tbody data-start=\"1722\" data-end=\"2217\">\n<tr data-start=\"1722\" data-end=\"1741\">\n<td data-start=\"1722\" data-end=\"1731\" data-col-size=\"sm\">Marque<\/td>\n<td data-start=\"1731\" data-end=\"1741\" data-col-size=\"sm\">Xiaomi<\/td>\n<\/tr>\n<tr data-start=\"1742\" data-end=\"1771\">\n<td data-start=\"1742\" data-end=\"1751\" data-col-size=\"sm\">Mod\u00e8le<\/td>\n<td data-start=\"1751\" data-end=\"1771\" data-col-size=\"sm\"><strong data-start=\"1753\" data-end=\"1769\">Redmi A3 Pro<\/strong><\/td>\n<\/tr>\n<tr data-start=\"1772\" data-end=\"1791\">\n<td data-start=\"1772\" data-end=\"1781\" data-col-size=\"sm\">R\u00e9seau<\/td>\n<td data-start=\"1781\" data-end=\"1791\" data-col-size=\"sm\">4G LTE<\/td>\n<\/tr>\n<tr data-start=\"1792\" data-end=\"1836\">\n<td data-start=\"1792\" data-end=\"1800\" data-col-size=\"sm\">\u00c9cran<\/td>\n<td data-start=\"1800\" data-end=\"1836\" data-col-size=\"sm\"><strong data-start=\"1802\" data-end=\"1834\">6.88 pouces IPS LCD Dot Drop<\/strong><\/td>\n<\/tr>\n<tr data-start=\"1837\" data-end=\"1870\">\n<td data-start=\"1837\" data-end=\"1850\" data-col-size=\"sm\">R\u00e9solution<\/td>\n<td data-start=\"1850\" data-end=\"1870\" data-col-size=\"sm\">1640 \u00d7 720 (HD+)<\/td>\n<\/tr>\n<tr data-start=\"1871\" data-end=\"1911\">\n<td data-start=\"1871\" data-end=\"1898\" data-col-size=\"sm\">Taux de rafra\u00eechissement<\/td>\n<td data-start=\"1898\" data-end=\"1911\" data-col-size=\"sm\"><strong data-start=\"1900\" data-end=\"1909\">90 Hz<\/strong><\/td>\n<\/tr>\n<tr data-start=\"1912\" data-end=\"1957\">\n<td data-start=\"1912\" data-end=\"1925\" data-col-size=\"sm\">Processeur<\/td>\n<td data-start=\"1925\" data-end=\"1957\" data-col-size=\"sm\">MediaTek <strong data-start=\"1936\" data-end=\"1955\">Helio G81 Ultra<\/strong><\/td>\n<\/tr>\n<tr data-start=\"1958\" data-end=\"1976\">\n<td data-start=\"1958\" data-end=\"1964\" data-col-size=\"sm\">RAM<\/td>\n<td data-start=\"1964\" data-end=\"1976\" data-col-size=\"sm\"><strong data-start=\"1966\" data-end=\"1974\">4 Go<\/strong><\/td>\n<\/tr>\n<tr data-start=\"1977\" data-end=\"2002\">\n<td data-start=\"1977\" data-end=\"1988\" data-col-size=\"sm\">Stockage<\/td>\n<td data-start=\"1988\" data-end=\"2002\" data-col-size=\"sm\"><strong data-start=\"1990\" data-end=\"2000\">128 Go<\/strong><\/td>\n<\/tr>\n<tr data-start=\"2003\" data-end=\"2046\">\n<td data-start=\"2003\" data-end=\"2020\" data-col-size=\"sm\">Cam\u00e9ra arri\u00e8re<\/td>\n<td data-start=\"2020\" data-end=\"2046\" data-col-size=\"sm\"><strong data-start=\"2022\" data-end=\"2044\">50MP + 0.3MP (FHD)<\/strong><\/td>\n<\/tr>\n<tr data-start=\"2047\" data-end=\"2083\">\n<td data-start=\"2047\" data-end=\"2065\" data-col-size=\"sm\">Cam\u00e9ra frontale<\/td>\n<td data-start=\"2065\" data-end=\"2083\" data-col-size=\"sm\"><strong data-start=\"2067\" data-end=\"2081\">13MP (FHD)<\/strong><\/td>\n<\/tr>\n<tr data-start=\"2084\" data-end=\"2111\">\n<td data-start=\"2084\" data-end=\"2095\" data-col-size=\"sm\">Batterie<\/td>\n<td data-start=\"2095\" data-end=\"2111\" data-col-size=\"sm\"><strong data-start=\"2097\" data-end=\"2109\">5160 mAh<\/strong><\/td>\n<\/tr>\n<tr data-start=\"2112\" data-end=\"2139\">\n<td data-start=\"2112\" data-end=\"2118\" data-col-size=\"sm\">SIM<\/td>\n<td data-start=\"2118\" data-end=\"2139\" data-col-size=\"sm\"><strong data-start=\"2120\" data-end=\"2137\">Dual Nano SIM<\/strong><\/td>\n<\/tr>\n<tr data-start=\"2140\" data-end=\"2174\">\n<td data-start=\"2140\" data-end=\"2150\" data-col-size=\"sm\">Syst\u00e8me<\/td>\n<td data-start=\"2150\" data-end=\"2174\" data-col-size=\"sm\">Android 14 \/ HyperOS<\/td>\n<\/tr>\n<tr data-start=\"2175\" data-end=\"2217\">\n<td data-start=\"2175\" data-end=\"2186\" data-col-size=\"sm\">S\u00e9curit\u00e9<\/td>\n<td data-start=\"2186\" data-end=\"2217\" data-col-size=\"sm\">Empreinte digitale lat\u00e9rale<\/td>\n<\/tr>\n<\/tbody>\n<\/table>\n<\/div>\n<\/div>\n<hr data-start=\"2219\" data-end=\"2222\" \/>\n<h1 data-section-id=\"6f7tr2\" data-start=\"2224\" data-end=\"2245\">\ud83d\udce6 Contenu du colis<\/h1>\n<ul data-start=\"2247\" data-end=\"2362\">\n<li data-section-id=\"157sfkt\" data-start=\"2247\" data-end=\"2278\">\n<p data-start=\"2249\" data-end=\"2278\">1 \u00d7 <strong data-start=\"2253\" data-end=\"2276\">Xiaomi Redmi A3 Pro<\/strong><\/p>\n<\/li>\n<li data-section-id=\"gzkpdf\" data-start=\"2279\" data-end=\"2295\">\n<p data-start=\"2281\" data-end=\"2295\">1 \u00d7 Chargeur<\/p>\n<\/li>\n<li data-section-id=\"1cuiaz2\" data-start=\"2296\" data-end=\"2315\">\n<p data-start=\"2298\" data-end=\"2315\">1 \u00d7 C\u00e2ble USB-C<\/p>\n<\/li>\n<li data-section-id=\"12haphu\" data-start=\"2316\" data-end=\"2333\">\n<p data-start=\"2318\" data-end=\"2333\">1 \u00d7 Outil SIM<\/p>\n<\/li>\n<li data-section-id=\"euolri\" data-start=\"2334\" data-end=\"2362\">\n<p data-start=\"2336\" data-end=\"2362\">1 \u00d7 Manuel d\u2019utilisation<\/p>\n<\/li>\n<\/ul>\n<hr data-start=\"2364\" data-end=\"2367\" \/>\n<p data-start=\"2369\" data-end=\"2507\">\ud83d\udcf1 <strong data-start=\"2372\" data-end=\"2507\">Le Redmi A3 Pro est un smartphone abordable avec grand \u00e9cran, grande batterie et cam\u00e9ra performante, id\u00e9al pour un usage quotidien.<\/strong><\/p>\n<\/div>\n<\/div>\n<\/div>\n<\/div>\n<\/div>\n<\/div>\n<\/article>\n<\/div>\n<\/div>\n<\/div>\n<\/div>\n<p><\/main><\/div>\n<\/div>\n<\/div>\n<\/div>\n<\/div>\n","protected":false},"excerpt":{"rendered":"<p>D\u00e9couvrez le Xiaomi Redmi A3 Pro, un smartphone moderne con\u00e7u pour offrir grand \u00e9cran immersif, bonne autonomie et performances fiables pour un usage quotidien. Son \u00e9cran Dot Drop IPS LCD de 6.88 pouces avec taux de rafra\u00eechissement jusqu\u2019\u00e0 90 Hz offre une navigation fluide et un confort visuel id\u00e9al pour regarder des vid\u00e9os, naviguer ou&hellip;<\/p>\n","protected":false},"featured_media":16583,"comment_status":"open","ping_status":"closed","template":"","meta":[],"product_cat":[82],"product_tag":[],"class_list":{"0":"post-16581","1":"product","2":"type-product","3":"status-publish","4":"has-post-thumbnail","6":"product_brand-xiaomi-redmi","7":"product_cat-redmi","9":"first","10":"instock","11":"sale","12":"shipping-taxable","13":"purchasable","14":"product-type-simple","15":"col-xs-6 col-sm-4","16":"col-md-3 col-lg-3","17":"un-4-cols"},"_links":{"self":[{"href":"https:\/\/www.vazy.market\/index.php\/wp-json\/wp\/v2\/product\/16581","targetHints":{"allow":["GET"]}}],"collection":[{"href":"https:\/\/www.vazy.market\/index.php\/wp-json\/wp\/v2\/product"}],"about":[{"href":"https:\/\/www.vazy.market\/index.php\/wp-json\/wp\/v2\/types\/product"}],"replies":[{"embeddable":true,"href":"https:\/\/www.vazy.market\/index.php\/wp-json\/wp\/v2\/comments?post=16581"}],"wp:featuredmedia":[{"embeddable":true,"href":"https:\/\/www.vazy.market\/index.php\/wp-json\/wp\/v2\/media\/16583"}],"wp:attachment":[{"href":"https:\/\/www.vazy.market\/index.php\/wp-json\/wp\/v2\/media?parent=16581"}],"wp:term":[{"taxonomy":"product_cat","embeddable":true,"href":"https:\/\/www.vazy.market\/index.php\/wp-json\/wp\/v2\/product_cat?post=16581"},{"taxonomy":"product_tag","embeddable":true,"href":"https:\/\/www.vazy.market\/index.php\/wp-json\/wp\/v2\/product_tag?post=16581"}],"curies":[{"name":"wp","href":"https:\/\/api.w.org\/{rel}","templated":true}]}}