{"id":16573,"date":"2026-03-16T13:45:02","date_gmt":"2026-03-16T13:45:02","guid":{"rendered":"https:\/\/www.vazy.market\/?post_type=product&#038;p=16573"},"modified":"2026-03-25T09:42:55","modified_gmt":"2026-03-25T09:42:55","slug":"xiaomi-redmi-note-13-pro-5g-6-67-256go8go-200mp8mp2mp-4k16mp-fhd-dual-nano-sim-5000mah","status":"publish","type":"product","link":"https:\/\/www.vazy.market\/index.php\/product\/xiaomi-redmi-note-13-pro-5g-6-67-256go8go-200mp8mp2mp-4k16mp-fhd-dual-nano-sim-5000mah\/","title":{"rendered":"\ud83d\udcf1 XIAOMI MI 11 ULTRA 5G &#8211; 6.81&Prime; &#8211; 512Go|12Go &#8211; 50MP+48MP+48MP 8K|20MP FHD &#8211; Dual Nano SIM &#8211; 5000mAh"},"content":{"rendered":"<p data-start=\"109\" data-end=\"507\">D\u00e9couvrez le <strong data-start=\"122\" data-end=\"144\">Xiaomi Mi 11 Ultra<\/strong>, un smartphone ultra haut de gamme con\u00e7u pour offrir <strong data-start=\"198\" data-end=\"272\">photographie professionnelle, performances puissantes et \u00e9cran premium<\/strong>. Son <strong data-start=\"278\" data-end=\"373\">\u00e9cran AMOLED incurv\u00e9 de 6.81 pouces avec r\u00e9solution QHD+ et taux de rafra\u00eechissement 120 Hz<\/strong> offre une exp\u00e9rience visuelle immersive id\u00e9ale pour les vid\u00e9os, jeux et contenus multim\u00e9dias.<\/p>\n<p data-start=\"509\" data-end=\"734\">Propuls\u00e9 par le <strong data-start=\"525\" data-end=\"563\">processeur Qualcomm Snapdragon 888<\/strong> et <strong data-start=\"567\" data-end=\"583\">12 Go de RAM<\/strong>, ce smartphone garantit des performances rapides pour le multit\u00e2che, le gaming et les applications exigeantes.<\/p>\n<p data-start=\"736\" data-end=\"993\">Le <strong data-start=\"739\" data-end=\"774\">syst\u00e8me de cam\u00e9ra triple avanc\u00e9<\/strong> avec capteur principal <strong data-start=\"798\" data-end=\"842\">50 MP et t\u00e9l\u00e9objectif p\u00e9riscopique 48 MP<\/strong> offre des photos tr\u00e8s d\u00e9taill\u00e9es et un <strong data-start=\"882\" data-end=\"909\">zoom optique jusqu\u2019\u00e0 5x<\/strong>, avec enregistrement vid\u00e9o jusqu\u2019en <strong data-start=\"946\" data-end=\"952\">8K<\/strong>.<\/p>\n<hr data-start=\"995\" data-end=\"998\" \/>\n<h1 data-section-id=\"gug16d\" data-start=\"1000\" data-end=\"1016\">\u2b50 Points forts<\/h1>\n<p data-start=\"1018\" data-end=\"1430\">\u2714 \ud83d\udcf1 <strong data-start=\"1023\" data-end=\"1069\">\u00c9cran AMOLED 6.81&Prime; QHD+ 120Hz ultra fluide<\/strong><br data-start=\"1069\" data-end=\"1072\" \/>\u2714 \ud83d\udcf8 <strong data-start=\"1077\" data-end=\"1133\">Triple cam\u00e9ra professionnelle avec zoom p\u00e9riscopique<\/strong><br data-start=\"1133\" data-end=\"1136\" \/>\u2714 \u26a1 <strong data-start=\"1140\" data-end=\"1178\">Processeur Snapdragon 888 puissant<\/strong><br data-start=\"1178\" data-end=\"1181\" \/>\u2714 \ud83d\udd0b <strong data-start=\"1186\" data-end=\"1220\">Batterie 5000 mAh longue dur\u00e9e<\/strong><br data-start=\"1220\" data-end=\"1223\" \/>\u2714 \u26a1 <strong data-start=\"1227\" data-end=\"1268\">Charge rapide 67W filaire et sans fil<\/strong><br data-start=\"1268\" data-end=\"1271\" \/>\u2714 \ud83d\udcf6 <strong data-start=\"1276\" data-end=\"1313\">Compatible r\u00e9seau 5G ultra rapide<\/strong><br data-start=\"1313\" data-end=\"1316\" \/>\u2714 \ud83d\udcfa <strong data-start=\"1321\" data-end=\"1390\">\u00c9cran secondaire AMOLED \u00e0 l\u2019arri\u00e8re pour notifications et selfies<\/strong><\/p>\n<hr data-start=\"1432\" data-end=\"1435\" \/>\n<h1 data-section-id=\"1bka4zl\" data-start=\"1437\" data-end=\"1456\">\ud83d\udcf8 Cam\u00e9ra avanc\u00e9e<\/h1>\n<ul data-start=\"1458\" data-end=\"1700\">\n<li data-section-id=\"15i93km\" data-start=\"1458\" data-end=\"1500\">\n<p data-start=\"1460\" data-end=\"1500\">\ud83d\udcf7 <strong data-start=\"1463\" data-end=\"1498\">Cam\u00e9ra principale : 50 MP (OIS)<\/strong><\/p>\n<\/li>\n<li data-section-id=\"i3pyda\" data-start=\"1501\" data-end=\"1537\">\n<p data-start=\"1503\" data-end=\"1537\">\ud83c\udf0d <strong data-start=\"1506\" data-end=\"1535\">Ultra grand-angle : 48 MP<\/strong><\/p>\n<\/li>\n<li data-section-id=\"1fed024\" data-start=\"1538\" data-end=\"1600\">\n<p data-start=\"1540\" data-end=\"1600\">\ud83d\udd2d <strong data-start=\"1543\" data-end=\"1598\">T\u00e9l\u00e9objectif p\u00e9riscopique : 48 MP (zoom optique 5x)<\/strong><\/p>\n<\/li>\n<li data-section-id=\"dortx8\" data-start=\"1601\" data-end=\"1635\">\n<p data-start=\"1603\" data-end=\"1635\">\ud83e\udd33 <strong data-start=\"1606\" data-end=\"1633\">Cam\u00e9ra frontale : 20 MP<\/strong><\/p>\n<\/li>\n<li data-section-id=\"1s6eyfc\" data-start=\"1636\" data-end=\"1700\">\n<p data-start=\"1638\" data-end=\"1700\">\ud83c\udfa5 <strong data-start=\"1641\" data-end=\"1660\">Vid\u00e9o : 4K \/ 8K<\/strong><\/p>\n<\/li>\n<\/ul>\n<hr data-start=\"1702\" data-end=\"1705\" \/>\n<h1 data-section-id=\"1gx1fos\" data-start=\"1707\" data-end=\"1727\">\ud83d\udcca Fiche Technique<\/h1>\n<div class=\"TyagGW_tableContainer\">\n<div class=\"group TyagGW_tableWrapper flex flex-col-reverse w-fit\" tabindex=\"-1\">\n<table class=\"w-fit min-w-(--thread-content-width)\" data-start=\"1729\" data-end=\"2259\">\n<thead data-start=\"1729\" data-end=\"1758\">\n<tr data-start=\"1729\" data-end=\"1758\">\n<th class=\"\" data-start=\"1729\" data-end=\"1747\" data-col-size=\"sm\">Caract\u00e9ristique<\/th>\n<th class=\"\" data-start=\"1747\" data-end=\"1758\" data-col-size=\"sm\">D\u00e9tails<\/th>\n<\/tr>\n<\/thead>\n<tbody data-start=\"1769\" data-end=\"2259\">\n<tr data-start=\"1769\" data-end=\"1788\">\n<td data-start=\"1769\" data-end=\"1778\" data-col-size=\"sm\">Marque<\/td>\n<td data-start=\"1778\" data-end=\"1788\" data-col-size=\"sm\">Xiaomi<\/td>\n<\/tr>\n<tr data-start=\"1789\" data-end=\"1817\">\n<td data-start=\"1789\" data-end=\"1798\" data-col-size=\"sm\">Mod\u00e8le<\/td>\n<td data-start=\"1798\" data-end=\"1817\" data-col-size=\"sm\"><strong data-start=\"1800\" data-end=\"1815\">Mi 11 Ultra<\/strong><\/td>\n<\/tr>\n<tr data-start=\"1818\" data-end=\"1833\">\n<td data-start=\"1818\" data-end=\"1827\" data-col-size=\"sm\">R\u00e9seau<\/td>\n<td data-start=\"1827\" data-end=\"1833\" data-col-size=\"sm\">5G<\/td>\n<\/tr>\n<tr data-start=\"1834\" data-end=\"1868\">\n<td data-start=\"1834\" data-end=\"1842\" data-col-size=\"sm\">\u00c9cran<\/td>\n<td data-start=\"1842\" data-end=\"1868\" data-col-size=\"sm\"><strong data-start=\"1844\" data-end=\"1866\">6.81 pouces AMOLED<\/strong><\/td>\n<\/tr>\n<tr data-start=\"1869\" data-end=\"1904\">\n<td data-start=\"1869\" data-end=\"1882\" data-col-size=\"sm\">R\u00e9solution<\/td>\n<td data-start=\"1882\" data-end=\"1904\" data-col-size=\"sm\">3200 \u00d7 1440 (QHD+)<\/td>\n<\/tr>\n<tr data-start=\"1905\" data-end=\"1946\">\n<td data-start=\"1905\" data-end=\"1932\" data-col-size=\"sm\">Taux de rafra\u00eechissement<\/td>\n<td data-start=\"1932\" data-end=\"1946\" data-col-size=\"sm\"><strong data-start=\"1934\" data-end=\"1944\">120 Hz<\/strong><\/td>\n<\/tr>\n<tr data-start=\"1947\" data-end=\"1991\">\n<td data-start=\"1947\" data-end=\"1960\" data-col-size=\"sm\">Processeur<\/td>\n<td data-start=\"1960\" data-end=\"1991\" data-col-size=\"sm\">Qualcomm <strong data-start=\"1971\" data-end=\"1989\">Snapdragon 888<\/strong><\/td>\n<\/tr>\n<tr data-start=\"1992\" data-end=\"2011\">\n<td data-start=\"1992\" data-end=\"1998\" data-col-size=\"sm\">RAM<\/td>\n<td data-start=\"1998\" data-end=\"2011\" data-col-size=\"sm\"><strong data-start=\"2000\" data-end=\"2009\">12 Go<\/strong><\/td>\n<\/tr>\n<tr data-start=\"2012\" data-end=\"2037\">\n<td data-start=\"2012\" data-end=\"2023\" data-col-size=\"sm\">Stockage<\/td>\n<td data-start=\"2023\" data-end=\"2037\" data-col-size=\"sm\"><strong data-start=\"2025\" data-end=\"2035\">512 Go<\/strong><\/td>\n<\/tr>\n<tr data-start=\"2038\" data-end=\"2086\">\n<td data-start=\"2038\" data-end=\"2055\" data-col-size=\"sm\">Cam\u00e9ra arri\u00e8re<\/td>\n<td data-start=\"2055\" data-end=\"2086\" data-col-size=\"sm\"><strong data-start=\"2057\" data-end=\"2084\">50MP + 48MP + 48MP (8K)<\/strong><\/td>\n<\/tr>\n<tr data-start=\"2087\" data-end=\"2123\">\n<td data-start=\"2087\" data-end=\"2105\" data-col-size=\"sm\">Cam\u00e9ra frontale<\/td>\n<td data-start=\"2105\" data-end=\"2123\" data-col-size=\"sm\"><strong data-start=\"2107\" data-end=\"2121\">20MP (FHD)<\/strong><\/td>\n<\/tr>\n<tr data-start=\"2124\" data-end=\"2151\">\n<td data-start=\"2124\" data-end=\"2135\" data-col-size=\"sm\">Batterie<\/td>\n<td data-start=\"2135\" data-end=\"2151\" data-col-size=\"sm\"><strong data-start=\"2137\" data-end=\"2149\">5000 mAh<\/strong><\/td>\n<\/tr>\n<tr data-start=\"2152\" data-end=\"2202\">\n<td data-start=\"2152\" data-end=\"2168\" data-col-size=\"sm\">Charge rapide<\/td>\n<td data-start=\"2168\" data-end=\"2202\" data-col-size=\"sm\"><strong data-start=\"2170\" data-end=\"2200\">67W filaire \/ 67W sans fil<\/strong><\/td>\n<\/tr>\n<tr data-start=\"2203\" data-end=\"2230\">\n<td data-start=\"2203\" data-end=\"2209\" data-col-size=\"sm\">SIM<\/td>\n<td data-start=\"2209\" data-end=\"2230\" data-col-size=\"sm\"><strong data-start=\"2211\" data-end=\"2228\">Dual Nano SIM<\/strong><\/td>\n<\/tr>\n<tr data-start=\"2231\" data-end=\"2259\">\n<td data-start=\"2231\" data-end=\"2241\" data-col-size=\"sm\">Syst\u00e8me<\/td>\n<td data-start=\"2241\" data-end=\"2259\" data-col-size=\"sm\">Android \/ MIUI<\/td>\n<\/tr>\n<\/tbody>\n<\/table>\n<\/div>\n<\/div>\n<hr data-start=\"2261\" data-end=\"2264\" \/>\n<h1 data-section-id=\"6f7tr2\" data-start=\"2266\" data-end=\"2287\">\ud83d\udce6 Contenu du colis<\/h1>\n<ul data-start=\"2289\" data-end=\"2413\">\n<li data-section-id=\"2dlurh\" data-start=\"2289\" data-end=\"2322\">\n<p data-start=\"2291\" data-end=\"2322\">1 \u00d7 <strong data-start=\"2295\" data-end=\"2320\">Xiaomi Mi 11 Ultra 5G<\/strong><\/p>\n<\/li>\n<li data-section-id=\"1laildk\" data-start=\"2323\" data-end=\"2346\">\n<p data-start=\"2325\" data-end=\"2346\">1 \u00d7 Chargeur rapide<\/p>\n<\/li>\n<li data-section-id=\"1cuiaz2\" data-start=\"2347\" data-end=\"2366\">\n<p data-start=\"2349\" data-end=\"2366\">1 \u00d7 C\u00e2ble USB-C<\/p>\n<\/li>\n<li data-section-id=\"12haphu\" data-start=\"2367\" data-end=\"2384\">\n<p data-start=\"2369\" data-end=\"2384\">1 \u00d7 Outil SIM<\/p>\n<\/li>\n<li data-section-id=\"euolri\" data-start=\"2385\" data-end=\"2413\">\n<p data-start=\"2387\" data-end=\"2413\">1 \u00d7 Manuel d\u2019utilisation<\/p>\n<\/li>\n<\/ul>\n<hr data-start=\"2415\" data-end=\"2418\" \/>\n<p data-start=\"2420\" data-end=\"2552\">\ud83d\udcf1 <strong data-start=\"2423\" data-end=\"2552\">Le Xiaomi Mi 11 Ultra est un smartphone flagship combinant cam\u00e9ra professionnelle, \u00e9cran premium et puissance exceptionnelle.<\/strong><\/p>\n","protected":false},"excerpt":{"rendered":"<p>D\u00e9couvrez le Xiaomi Mi 11 Ultra, un smartphone ultra haut de gamme con\u00e7u pour offrir photographie professionnelle, performances puissantes et \u00e9cran premium. Son \u00e9cran AMOLED incurv\u00e9 de 6.81 pouces avec r\u00e9solution QHD+ et taux de rafra\u00eechissement 120 Hz offre une exp\u00e9rience visuelle immersive id\u00e9ale pour les vid\u00e9os, jeux et contenus multim\u00e9dias. Propuls\u00e9 par le processeur&hellip;<\/p>\n","protected":false},"featured_media":16577,"comment_status":"open","ping_status":"closed","template":"","meta":[],"product_cat":[82],"product_tag":[],"class_list":{"0":"post-16573","1":"product","2":"type-product","3":"status-publish","4":"has-post-thumbnail","6":"product_brand-xiaomi-redmi","7":"product_cat-redmi","9":"first","10":"instock","11":"sale","12":"shipping-taxable","13":"purchasable","14":"product-type-simple","15":"col-xs-6 col-sm-4","16":"col-md-3 col-lg-3","17":"un-4-cols"},"_links":{"self":[{"href":"https:\/\/www.vazy.market\/index.php\/wp-json\/wp\/v2\/product\/16573","targetHints":{"allow":["GET"]}}],"collection":[{"href":"https:\/\/www.vazy.market\/index.php\/wp-json\/wp\/v2\/product"}],"about":[{"href":"https:\/\/www.vazy.market\/index.php\/wp-json\/wp\/v2\/types\/product"}],"replies":[{"embeddable":true,"href":"https:\/\/www.vazy.market\/index.php\/wp-json\/wp\/v2\/comments?post=16573"}],"wp:featuredmedia":[{"embeddable":true,"href":"https:\/\/www.vazy.market\/index.php\/wp-json\/wp\/v2\/media\/16577"}],"wp:attachment":[{"href":"https:\/\/www.vazy.market\/index.php\/wp-json\/wp\/v2\/media?parent=16573"}],"wp:term":[{"taxonomy":"product_cat","embeddable":true,"href":"https:\/\/www.vazy.market\/index.php\/wp-json\/wp\/v2\/product_cat?post=16573"},{"taxonomy":"product_tag","embeddable":true,"href":"https:\/\/www.vazy.market\/index.php\/wp-json\/wp\/v2\/product_tag?post=16573"}],"curies":[{"name":"wp","href":"https:\/\/api.w.org\/{rel}","templated":true}]}}