{"id":16555,"date":"2026-03-15T13:13:42","date_gmt":"2026-03-15T13:13:42","guid":{"rendered":"https:\/\/www.vazy.market\/?post_type=product&#038;p=16555"},"modified":"2026-03-25T09:43:45","modified_gmt":"2026-03-25T09:43:45","slug":"samsung-galaxy-s20-ultra-5g-6-9-128go8go-108mp48mp12mptof-8k40mp-4k-dual-sim-5000mah","status":"publish","type":"product","link":"https:\/\/www.vazy.market\/index.php\/product\/samsung-galaxy-s20-ultra-5g-6-9-128go8go-108mp48mp12mptof-8k40mp-4k-dual-sim-5000mah\/","title":{"rendered":"\ud83d\udcf1 SAMSUNG GALAXY S20 ULTRA 5G &#8211; 6.9&Prime; &#8211; 128Go|8Go &#8211; 108MP+48MP+12MP+ToF 8K|40MP 4K &#8211; Dual SIM &#8211; 5000mAh"},"content":{"rendered":"<div class=\"flex h-svh w-screen flex-col\">\n<div class=\"relative z-0 flex min-h-0 w-full flex-1\">\n<div class=\"relative flex min-h-0 w-full flex-1\">\n<div class=\"@container\/main relative flex min-w-0 flex-1 flex-col -translate-y-[calc(env(safe-area-inset-bottom,0px)\/2)] pt-[calc(env(safe-area-inset-bottom,0px)\/2)]\">\n<div class=\"@w-sm\/main:[scrollbar-gutter:stable_both-edges] touch:[scrollbar-width:none] relative flex min-h-0 min-w-0 flex-1 flex-col [scrollbar-gutter:stable] not-print:overflow-x-clip not-print:overflow-y-auto scroll-pt-(--header-height) [--sticky-padding-top:var(--header-height)] has-data-[fixed-header=less-than-xl]:@w-xl\/main:scroll-pt-0 has-data-[fixed-header=less-than-xl]:@w-xl\/main:[--sticky-padding-top:0px] has-data-[fixed-header=less-than-xxl]:@w-2xl\/main:scroll-pt-0 has-data-[fixed-header=less-than-xxl]:@w-2xl\/main:[--sticky-padding-top:0px]\" data-scroll-root=\"\"><main id=\"main\" class=\"min-h-0 flex-1\"><\/p>\n<div id=\"thread\" class=\"group\/thread flex flex-col min-h-full\">\n<div class=\"composer-parent flex flex-1 flex-col focus-visible:outline-0\" role=\"presentation\">\n<div class=\"relative basis-auto flex-col -mb-(--composer-overlap-px) [--composer-overlap-px:28px] grow flex\">\n<div class=\"flex flex-col text-sm pb-25\">\n<article class=\"text-token-text-primary w-full focus:outline-none [--shadow-height:45px] has-data-writing-block:pointer-events-none has-data-writing-block:-mt-(--shadow-height) has-data-writing-block:pt-(--shadow-height) [&amp;:has([data-writing-block])&gt;*]:pointer-events-auto scroll-mt-[calc(var(--header-height)+min(200px,max(70px,20svh)))]\" dir=\"auto\" tabindex=\"-1\" data-turn-id=\"request-69add934-1d50-8332-91d7-d97a2ee2331f-0\" data-testid=\"conversation-turn-160\" data-scroll-anchor=\"true\" data-turn=\"assistant\">\n<div class=\"text-base my-auto mx-auto pb-10 [--thread-content-margin:var(--thread-content-margin-xs,calc(var(--spacing)*4))] @w-sm\/main:[--thread-content-margin:var(--thread-content-margin-sm,calc(var(--spacing)*6))] @w-lg\/main:[--thread-content-margin:var(--thread-content-margin-lg,calc(var(--spacing)*16))] px-(--thread-content-margin)\">\n<div class=\"[--thread-content-max-width:40rem] @w-lg\/main:[--thread-content-max-width:48rem] mx-auto max-w-(--thread-content-max-width) flex-1 group\/turn-messages focus-visible:outline-hidden relative flex w-full min-w-0 flex-col agent-turn\" tabindex=\"-1\">\n<div class=\"flex max-w-full flex-col gap-4 grow\">\n<div class=\"min-h-8 text-message relative flex w-full flex-col items-end gap-2 text-start break-words whitespace-normal [.text-message+&amp;]:mt-1\" dir=\"auto\" data-message-author-role=\"assistant\" data-message-id=\"2acbb716-2a70-46e8-9f59-30af73caa138\" data-message-model-slug=\"gpt-5-3\">\n<div class=\"flex w-full flex-col gap-1 empty:hidden\">\n<div class=\"streaming-animation markdown prose dark:prose-invert w-full wrap-break-word light markdown-new-styling\">\n<p data-start=\"123\" data-end=\"532\">D\u00e9couvrez le <strong data-start=\"136\" data-end=\"167\">Samsung Galaxy S20 Ultra 5G<\/strong>, un smartphone haut de gamme con\u00e7u pour offrir <strong data-start=\"215\" data-end=\"307\">un grand \u00e9cran immersif, une photographie professionnelle et des performances puissantes<\/strong>. Son <strong data-start=\"313\" data-end=\"391\">\u00e9cran Dynamic AMOLED 2X de 6.9 pouces avec taux de rafra\u00eechissement 120 Hz<\/strong> garantit une exp\u00e9rience visuelle fluide et spectaculaire pour les vid\u00e9os, les jeux et la navigation.<\/p>\n<p data-start=\"534\" data-end=\"823\">Propuls\u00e9 par le <strong data-start=\"550\" data-end=\"592\">processeur Exynos 990 \/ Snapdragon 865<\/strong>, il assure des performances rapides pour le multit\u00e2che et les applications exigeantes. Son <strong data-start=\"684\" data-end=\"721\">stockage de 128 Go et 8 Go de RAM<\/strong> permet d\u2019utiliser plusieurs applications sans ralentissement.<\/p>\n<p data-start=\"825\" data-end=\"1073\">Son <strong data-start=\"829\" data-end=\"911\">syst\u00e8me de cam\u00e9ra avanc\u00e9 avec capteur principal de 108 MP et zoom jusqu\u2019\u00e0 100x<\/strong> permet de capturer des photos ultra d\u00e9taill\u00e9es et des vid\u00e9os jusqu\u2019en <strong data-start=\"982\" data-end=\"988\">8K<\/strong>, offrant une qualit\u00e9 d\u2019image exceptionnelle.<\/p>\n<hr data-start=\"1075\" data-end=\"1078\" \/>\n<h1 data-section-id=\"gug16d\" data-start=\"1080\" data-end=\"1096\">\u2b50 Points forts<\/h1>\n<p data-start=\"1098\" data-end=\"1433\">\u2714 \ud83d\udcf1 <strong data-start=\"1103\" data-end=\"1146\">\u00c9cran Dynamic AMOLED 2X 6.9&Prime; QHD+ 120Hz<\/strong><br data-start=\"1146\" data-end=\"1149\" \/>\u2714 \ud83d\udcf8 <strong data-start=\"1154\" data-end=\"1199\">Cam\u00e9ra principale 108 MP avec zoom avanc\u00e9<\/strong><br data-start=\"1199\" data-end=\"1202\" \/>\u2714 \ud83c\udfa5 <strong data-start=\"1207\" data-end=\"1240\">Enregistrement vid\u00e9o 8K et 4K<\/strong><br data-start=\"1240\" data-end=\"1243\" \/>\u2714 \u26a1 <strong data-start=\"1247\" data-end=\"1294\">Processeur puissant pour multit\u00e2che et jeux<\/strong><br data-start=\"1294\" data-end=\"1297\" \/>\u2714 \ud83d\udd0b <strong data-start=\"1302\" data-end=\"1336\">Batterie longue dur\u00e9e 5000 mAh<\/strong><br data-start=\"1336\" data-end=\"1339\" \/>\u2714 \ud83d\udcf6 <strong data-start=\"1344\" data-end=\"1381\">Compatible r\u00e9seau 5G ultra rapide<\/strong><br data-start=\"1381\" data-end=\"1384\" \/>\u2714 \ud83d\udca7 <strong data-start=\"1389\" data-end=\"1433\">R\u00e9sistant \u00e0 l\u2019eau et \u00e0 la poussi\u00e8re IP68<\/strong><\/p>\n<hr data-start=\"1435\" data-end=\"1438\" \/>\n<h1 data-section-id=\"1wxtg7y\" data-start=\"1440\" data-end=\"1467\">\ud83d\udcf8 Cam\u00e9ra professionnelle<\/h1>\n<ul data-start=\"1469\" data-end=\"1737\">\n<li data-section-id=\"2dq3we\" data-start=\"1469\" data-end=\"1506\">\n<p data-start=\"1471\" data-end=\"1506\">\ud83d\udcf7 <strong data-start=\"1474\" data-end=\"1504\">Cam\u00e9ra principale : 108 MP<\/strong><\/p>\n<\/li>\n<li data-section-id=\"14wx4wm\" data-start=\"1507\" data-end=\"1566\">\n<p data-start=\"1509\" data-end=\"1566\">\ud83d\udd2d <strong data-start=\"1512\" data-end=\"1564\">T\u00e9l\u00e9objectif : 48 MP (zoom hybride jusqu\u2019\u00e0 100x)<\/strong><\/p>\n<\/li>\n<li data-section-id=\"1y2bq0h\" data-start=\"1567\" data-end=\"1603\">\n<p data-start=\"1569\" data-end=\"1603\">\ud83c\udf0d <strong data-start=\"1572\" data-end=\"1601\">Ultra grand-angle : 12 MP<\/strong><\/p>\n<\/li>\n<li data-section-id=\"wtbm2p\" data-start=\"1604\" data-end=\"1637\">\n<p data-start=\"1606\" data-end=\"1637\">\ud83d\udce1 <strong data-start=\"1609\" data-end=\"1635\">Capteur profondeur ToF<\/strong><\/p>\n<\/li>\n<li data-section-id=\"15josa\" data-start=\"1638\" data-end=\"1672\">\n<p data-start=\"1640\" data-end=\"1672\">\ud83e\udd33 <strong data-start=\"1643\" data-end=\"1670\">Cam\u00e9ra frontale : 40 MP<\/strong><\/p>\n<\/li>\n<li data-section-id=\"dcdx2g\" data-start=\"1673\" data-end=\"1737\">\n<p data-start=\"1675\" data-end=\"1737\">\ud83c\udfa5 <strong data-start=\"1678\" data-end=\"1697\">Vid\u00e9o : 4K \/ 8K<\/strong><\/p>\n<\/li>\n<\/ul>\n<hr data-start=\"1739\" data-end=\"1742\" \/>\n<h1 data-section-id=\"1gx1fos\" data-start=\"1744\" data-end=\"1764\">\ud83d\udcca Fiche Technique<\/h1>\n<div class=\"TyagGW_tableContainer\">\n<div class=\"group TyagGW_tableWrapper flex flex-col-reverse w-fit\" tabindex=\"-1\">\n<table class=\"w-fit min-w-(--thread-content-width)\" data-start=\"1766\" data-end=\"2262\">\n<thead data-start=\"1766\" data-end=\"1795\">\n<tr data-start=\"1766\" data-end=\"1795\">\n<th class=\"\" data-start=\"1766\" data-end=\"1784\" data-col-size=\"sm\">Caract\u00e9ristique<\/th>\n<th class=\"\" data-start=\"1784\" data-end=\"1795\" data-col-size=\"sm\">D\u00e9tails<\/th>\n<\/tr>\n<\/thead>\n<tbody data-start=\"1806\" data-end=\"2262\">\n<tr data-start=\"1806\" data-end=\"1826\">\n<td data-start=\"1806\" data-end=\"1815\" data-col-size=\"sm\">Marque<\/td>\n<td data-start=\"1815\" data-end=\"1826\" data-col-size=\"sm\">Samsung<\/td>\n<\/tr>\n<tr data-start=\"1827\" data-end=\"1863\">\n<td data-start=\"1827\" data-end=\"1836\" data-col-size=\"sm\">Mod\u00e8le<\/td>\n<td data-start=\"1836\" data-end=\"1863\" data-col-size=\"sm\"><strong data-start=\"1838\" data-end=\"1861\">Galaxy S20 Ultra 5G<\/strong><\/td>\n<\/tr>\n<tr data-start=\"1864\" data-end=\"1879\">\n<td data-start=\"1864\" data-end=\"1873\" data-col-size=\"sm\">R\u00e9seau<\/td>\n<td data-start=\"1873\" data-end=\"1879\" data-col-size=\"sm\">5G<\/td>\n<\/tr>\n<tr data-start=\"1880\" data-end=\"1924\">\n<td data-start=\"1880\" data-end=\"1888\" data-col-size=\"sm\">\u00c9cran<\/td>\n<td data-start=\"1888\" data-end=\"1924\" data-col-size=\"sm\"><strong data-start=\"1890\" data-end=\"1922\">6.9 pouces Dynamic AMOLED 2X<\/strong><\/td>\n<\/tr>\n<tr data-start=\"1925\" data-end=\"1960\">\n<td data-start=\"1925\" data-end=\"1938\" data-col-size=\"sm\">R\u00e9solution<\/td>\n<td data-start=\"1938\" data-end=\"1960\" data-col-size=\"sm\">3200 \u00d7 1440 (QHD+)<\/td>\n<\/tr>\n<tr data-start=\"1961\" data-end=\"1998\">\n<td data-start=\"1961\" data-end=\"1988\" data-col-size=\"sm\">Taux de rafra\u00eechissement<\/td>\n<td data-start=\"1988\" data-end=\"1998\" data-col-size=\"sm\">120 Hz<\/td>\n<\/tr>\n<tr data-start=\"1999\" data-end=\"2043\">\n<td data-start=\"1999\" data-end=\"2012\" data-col-size=\"sm\">Processeur<\/td>\n<td data-start=\"2012\" data-end=\"2043\" data-col-size=\"sm\">Exynos 990 \/ Snapdragon 865<\/td>\n<\/tr>\n<tr data-start=\"2044\" data-end=\"2062\">\n<td data-start=\"2044\" data-end=\"2050\" data-col-size=\"sm\">RAM<\/td>\n<td data-start=\"2050\" data-end=\"2062\" data-col-size=\"sm\"><strong data-start=\"2052\" data-end=\"2060\">8 Go<\/strong><\/td>\n<\/tr>\n<tr data-start=\"2063\" data-end=\"2088\">\n<td data-start=\"2063\" data-end=\"2074\" data-col-size=\"sm\">Stockage<\/td>\n<td data-start=\"2074\" data-end=\"2088\" data-col-size=\"sm\"><strong data-start=\"2076\" data-end=\"2086\">128 Go<\/strong><\/td>\n<\/tr>\n<tr data-start=\"2089\" data-end=\"2144\">\n<td data-start=\"2089\" data-end=\"2106\" data-col-size=\"sm\">Cam\u00e9ra arri\u00e8re<\/td>\n<td data-start=\"2106\" data-end=\"2144\" data-col-size=\"sm\"><strong data-start=\"2108\" data-end=\"2142\">108MP + 48MP + 12MP + ToF (8K)<\/strong><\/td>\n<\/tr>\n<tr data-start=\"2145\" data-end=\"2180\">\n<td data-start=\"2145\" data-end=\"2163\" data-col-size=\"sm\">Cam\u00e9ra frontale<\/td>\n<td data-start=\"2163\" data-end=\"2180\" data-col-size=\"sm\"><strong data-start=\"2165\" data-end=\"2178\">40MP (4K)<\/strong><\/td>\n<\/tr>\n<tr data-start=\"2181\" data-end=\"2208\">\n<td data-start=\"2181\" data-end=\"2192\" data-col-size=\"sm\">Batterie<\/td>\n<td data-start=\"2192\" data-end=\"2208\" data-col-size=\"sm\"><strong data-start=\"2194\" data-end=\"2206\">5000 mAh<\/strong><\/td>\n<\/tr>\n<tr data-start=\"2209\" data-end=\"2231\">\n<td data-start=\"2209\" data-end=\"2215\" data-col-size=\"sm\">SIM<\/td>\n<td data-start=\"2215\" data-end=\"2231\" data-col-size=\"sm\"><strong data-start=\"2217\" data-end=\"2229\">Dual SIM<\/strong><\/td>\n<\/tr>\n<tr data-start=\"2232\" data-end=\"2262\">\n<td data-start=\"2232\" data-end=\"2242\" data-col-size=\"sm\">Syst\u00e8me<\/td>\n<td data-start=\"2242\" data-end=\"2262\" data-col-size=\"sm\">Android \/ One UI<\/td>\n<\/tr>\n<\/tbody>\n<\/table>\n<\/div>\n<\/div>\n<hr data-start=\"2264\" data-end=\"2267\" \/>\n<h1 data-section-id=\"6f7tr2\" data-start=\"2269\" data-end=\"2290\">\ud83d\udce6 Contenu du colis<\/h1>\n<ul data-start=\"2292\" data-end=\"2471\">\n<li data-section-id=\"a6uhut\" data-start=\"2292\" data-end=\"2349\">\n<p data-start=\"2294\" data-end=\"2349\">1 \u00d7 <strong data-start=\"2298\" data-end=\"2347\">Samsung Galaxy S20 Ultra 5G (occasion Europe)<\/strong><\/p>\n<\/li>\n<li data-section-id=\"gzkpdf\" data-start=\"2350\" data-end=\"2366\">\n<p data-start=\"2352\" data-end=\"2366\">1 \u00d7 Chargeur<\/p>\n<\/li>\n<li data-section-id=\"1pa2po7\" data-start=\"2367\" data-end=\"2393\">\n<p data-start=\"2369\" data-end=\"2393\">1 \u00d7 \u00c9couteurs sans fil<\/p>\n<\/li>\n<li data-section-id=\"bopl6g\" data-start=\"2394\" data-end=\"2424\">\n<p data-start=\"2396\" data-end=\"2424\">1 \u00d7 Pochette de protection<\/p>\n<\/li>\n<li data-section-id=\"ym4feo\" data-start=\"2425\" data-end=\"2442\">\n<p data-start=\"2427\" data-end=\"2442\">1 \u00d7 C\u00e2ble USB<\/p>\n<\/li>\n<li data-section-id=\"euolri\" data-start=\"2443\" data-end=\"2471\">\n<p data-start=\"2445\" data-end=\"2471\">1 \u00d7 Manuel d\u2019utilisation<\/p>\n<\/li>\n<\/ul>\n<hr data-start=\"2473\" data-end=\"2476\" \/>\n<p data-start=\"2478\" data-end=\"2594\">\ud83d\udcf1 <strong data-start=\"2481\" data-end=\"2594\">Le Galaxy S20 Ultra reste un smartphone premium puissant avec un \u00e9cran g\u00e9ant et une cam\u00e9ra ultra performante.<\/strong><\/p>\n<\/div>\n<\/div>\n<\/div>\n<\/div>\n<\/div>\n<\/div>\n<\/article>\n<\/div>\n<\/div>\n<\/div>\n<\/div>\n<p><\/main><\/div>\n<\/div>\n<\/div>\n<\/div>\n<\/div>\n","protected":false},"excerpt":{"rendered":"<p>D\u00e9couvrez le Samsung Galaxy S20 Ultra 5G, un smartphone haut de gamme con\u00e7u pour offrir un grand \u00e9cran immersif, une photographie professionnelle et des performances puissantes. Son \u00e9cran Dynamic AMOLED 2X de 6.9 pouces avec taux de rafra\u00eechissement 120 Hz garantit une exp\u00e9rience visuelle fluide et spectaculaire pour les vid\u00e9os, les jeux et la navigation.&hellip;<\/p>\n","protected":false},"featured_media":16557,"comment_status":"open","ping_status":"closed","template":"","meta":[],"product_cat":[79],"product_tag":[],"class_list":{"0":"post-16555","1":"product","2":"type-product","3":"status-publish","4":"has-post-thumbnail","6":"product_brand-samsung","7":"product_cat-samsung","9":"first","10":"instock","11":"sale","12":"shipping-taxable","13":"purchasable","14":"product-type-simple","15":"col-xs-6 col-sm-4","16":"col-md-3 col-lg-3","17":"un-4-cols"},"_links":{"self":[{"href":"https:\/\/www.vazy.market\/index.php\/wp-json\/wp\/v2\/product\/16555","targetHints":{"allow":["GET"]}}],"collection":[{"href":"https:\/\/www.vazy.market\/index.php\/wp-json\/wp\/v2\/product"}],"about":[{"href":"https:\/\/www.vazy.market\/index.php\/wp-json\/wp\/v2\/types\/product"}],"replies":[{"embeddable":true,"href":"https:\/\/www.vazy.market\/index.php\/wp-json\/wp\/v2\/comments?post=16555"}],"wp:featuredmedia":[{"embeddable":true,"href":"https:\/\/www.vazy.market\/index.php\/wp-json\/wp\/v2\/media\/16557"}],"wp:attachment":[{"href":"https:\/\/www.vazy.market\/index.php\/wp-json\/wp\/v2\/media?parent=16555"}],"wp:term":[{"taxonomy":"product_cat","embeddable":true,"href":"https:\/\/www.vazy.market\/index.php\/wp-json\/wp\/v2\/product_cat?post=16555"},{"taxonomy":"product_tag","embeddable":true,"href":"https:\/\/www.vazy.market\/index.php\/wp-json\/wp\/v2\/product_tag?post=16555"}],"curies":[{"name":"wp","href":"https:\/\/api.w.org\/{rel}","templated":true}]}}