{"id":16550,"date":"2026-03-15T13:06:25","date_gmt":"2026-03-15T13:06:25","guid":{"rendered":"https:\/\/www.vazy.market\/?post_type=product&#038;p=16550"},"modified":"2026-03-25T09:44:38","modified_gmt":"2026-03-25T09:44:38","slug":"samsung-galaxy-note-9-4g-6-4-128go6go-12mp12mp-4k8mp-4k-single-sim-4000mah","status":"publish","type":"product","link":"https:\/\/www.vazy.market\/index.php\/product\/samsung-galaxy-note-9-4g-6-4-128go6go-12mp12mp-4k8mp-4k-single-sim-4000mah\/","title":{"rendered":"\ud83d\udcf1 SAMSUNG GALAXY NOTE 9 4G &#8211; 6.4&Prime; &#8211; 128Go|6Go &#8211; 12MP+12MP 4K|8MP 4K &#8211; Single SIM &#8211; 4000mAh"},"content":{"rendered":"<p data-start=\"111\" data-end=\"444\">D\u00e9couvrez le <strong data-start=\"124\" data-end=\"149\">Samsung Galaxy Note 9<\/strong>, un smartphone haut de gamme con\u00e7u pour offrir <strong data-start=\"197\" data-end=\"272\">performance, grand \u00e9cran immersif et productivit\u00e9 avanc\u00e9e avec le S Pen<\/strong>. Son <strong data-start=\"278\" data-end=\"319\">\u00e9cran Super AMOLED de 6.4 pouces QHD+<\/strong> offre une excellente qualit\u00e9 d\u2019image pour les vid\u00e9os, les jeux et le travail mobile.<\/p>\n<p data-start=\"446\" data-end=\"663\">\u00c9quip\u00e9 du <strong data-start=\"456\" data-end=\"517\">processeur Snapdragon 845 \/ Exynos 9810 et de 6 Go de RAM<\/strong>, ce smartphone garantit une utilisation fluide pour le multit\u00e2che, les applications et le divertissement.<\/p>\n<p data-start=\"665\" data-end=\"928\">Son <strong data-start=\"669\" data-end=\"727\">double appareil photo 12 MP avec stabilisation optique<\/strong> permet de capturer des photos d\u00e9taill\u00e9es et des vid\u00e9os jusqu\u2019en <strong data-start=\"792\" data-end=\"798\">4K<\/strong>, tandis que la <strong data-start=\"814\" data-end=\"838\">batterie de 4000 mAh<\/strong> offre une autonomie solide pour toute la journ\u00e9e.<\/p>\n<hr data-start=\"930\" data-end=\"933\" \/>\n<h1 data-section-id=\"gug16d\" data-start=\"935\" data-end=\"951\">\u2b50 Points forts<\/h1>\n<p data-start=\"953\" data-end=\"1302\">\u2714 \ud83d\udcf1 <strong data-start=\"958\" data-end=\"999\">\u00c9cran Super AMOLED 6.4&Prime; QHD+ immersif<\/strong><br data-start=\"999\" data-end=\"1002\" \/>\u2714 \ud83d\udd8a <strong data-start=\"1007\" data-end=\"1066\">S Pen intelligent pour \u00e9crire et contr\u00f4ler le t\u00e9l\u00e9phone<\/strong><br data-start=\"1066\" data-end=\"1069\" \/>\u2714 \u26a1 <strong data-start=\"1073\" data-end=\"1125\">Processeur puissant Snapdragon 845 \/ Exynos 9810<\/strong><br data-start=\"1125\" data-end=\"1128\" \/>\u2714 \ud83d\udcf8 <strong data-start=\"1133\" data-end=\"1174\">Double cam\u00e9ra 12 MP avec zoom optique<\/strong><br data-start=\"1174\" data-end=\"1177\" \/>\u2714 \ud83c\udfa5 <strong data-start=\"1182\" data-end=\"1208\">Vid\u00e9o 4K haute qualit\u00e9<\/strong><br data-start=\"1208\" data-end=\"1211\" \/>\u2714 \ud83d\udd0b <strong data-start=\"1216\" data-end=\"1250\">Batterie longue dur\u00e9e 4000 mAh<\/strong><br data-start=\"1250\" data-end=\"1253\" \/>\u2714 \ud83d\udca7 <strong data-start=\"1258\" data-end=\"1302\">R\u00e9sistant \u00e0 l\u2019eau et \u00e0 la poussi\u00e8re IP68<\/strong><\/p>\n<hr data-start=\"1304\" data-end=\"1307\" \/>\n<h1 data-section-id=\"1bka4zl\" data-start=\"1309\" data-end=\"1328\">\ud83d\udcf8 Cam\u00e9ra avanc\u00e9e<\/h1>\n<ul data-start=\"1330\" data-end=\"1530\">\n<li data-section-id=\"6j5m89\" data-start=\"1330\" data-end=\"1382\">\n<p data-start=\"1332\" data-end=\"1382\">\ud83d\udcf7 <strong data-start=\"1335\" data-end=\"1380\">Cam\u00e9ra principale : 12 MP (Dual Aperture)<\/strong><\/p>\n<\/li>\n<li data-section-id=\"1mqukch\" data-start=\"1383\" data-end=\"1432\">\n<p data-start=\"1385\" data-end=\"1432\">\ud83d\udd2d <strong data-start=\"1388\" data-end=\"1430\">T\u00e9l\u00e9objectif : 12 MP (Zoom optique 2x)<\/strong><\/p>\n<\/li>\n<li data-section-id=\"1x41ejq\" data-start=\"1433\" data-end=\"1466\">\n<p data-start=\"1435\" data-end=\"1466\">\ud83e\udd33 <strong data-start=\"1438\" data-end=\"1464\">Cam\u00e9ra frontale : 8 MP<\/strong><\/p>\n<\/li>\n<li data-section-id=\"1nag9u5\" data-start=\"1467\" data-end=\"1530\">\n<p data-start=\"1469\" data-end=\"1530\">\ud83c\udfa5 <strong data-start=\"1472\" data-end=\"1490\">Vid\u00e9o : 4K UHD<\/strong><\/p>\n<\/li>\n<\/ul>\n<hr data-start=\"1532\" data-end=\"1535\" \/>\n<h1 data-section-id=\"1gx1fos\" data-start=\"1537\" data-end=\"1557\">\ud83d\udcca Fiche Technique<\/h1>\n<div class=\"TyagGW_tableContainer\">\n<div class=\"group TyagGW_tableWrapper flex flex-col-reverse w-fit\" tabindex=\"-1\">\n<table class=\"w-fit min-w-(--thread-content-width)\" data-start=\"1559\" data-end=\"2036\">\n<thead data-start=\"1559\" data-end=\"1588\">\n<tr data-start=\"1559\" data-end=\"1588\">\n<th class=\"\" data-start=\"1559\" data-end=\"1577\" data-col-size=\"sm\">Caract\u00e9ristique<\/th>\n<th class=\"\" data-start=\"1577\" data-end=\"1588\" data-col-size=\"sm\">D\u00e9tails<\/th>\n<\/tr>\n<\/thead>\n<tbody data-start=\"1599\" data-end=\"2036\">\n<tr data-start=\"1599\" data-end=\"1619\">\n<td data-start=\"1599\" data-end=\"1608\" data-col-size=\"sm\">Marque<\/td>\n<td data-start=\"1608\" data-end=\"1619\" data-col-size=\"sm\">Samsung<\/td>\n<\/tr>\n<tr data-start=\"1620\" data-end=\"1650\">\n<td data-start=\"1620\" data-end=\"1629\" data-col-size=\"sm\">Mod\u00e8le<\/td>\n<td data-start=\"1629\" data-end=\"1650\" data-col-size=\"sm\"><strong data-start=\"1631\" data-end=\"1648\">Galaxy Note 9<\/strong><\/td>\n<\/tr>\n<tr data-start=\"1651\" data-end=\"1670\">\n<td data-start=\"1651\" data-end=\"1660\" data-col-size=\"sm\">R\u00e9seau<\/td>\n<td data-start=\"1660\" data-end=\"1670\" data-col-size=\"sm\">4G LTE<\/td>\n<\/tr>\n<tr data-start=\"1671\" data-end=\"1710\">\n<td data-start=\"1671\" data-end=\"1679\" data-col-size=\"sm\">\u00c9cran<\/td>\n<td data-start=\"1679\" data-end=\"1710\" data-col-size=\"sm\"><strong data-start=\"1681\" data-end=\"1708\">6.4 pouces Super AMOLED<\/strong><\/td>\n<\/tr>\n<tr data-start=\"1711\" data-end=\"1746\">\n<td data-start=\"1711\" data-end=\"1724\" data-col-size=\"sm\">R\u00e9solution<\/td>\n<td data-start=\"1724\" data-end=\"1746\" data-col-size=\"sm\">2960 \u00d7 1440 (QHD+)<\/td>\n<\/tr>\n<tr data-start=\"1747\" data-end=\"1792\">\n<td data-start=\"1747\" data-end=\"1760\" data-col-size=\"sm\">Processeur<\/td>\n<td data-start=\"1760\" data-end=\"1792\" data-col-size=\"sm\">Snapdragon 845 \/ Exynos 9810<\/td>\n<\/tr>\n<tr data-start=\"1793\" data-end=\"1811\">\n<td data-start=\"1793\" data-end=\"1799\" data-col-size=\"sm\">RAM<\/td>\n<td data-start=\"1799\" data-end=\"1811\" data-col-size=\"sm\"><strong data-start=\"1801\" data-end=\"1809\">6 Go<\/strong><\/td>\n<\/tr>\n<tr data-start=\"1812\" data-end=\"1837\">\n<td data-start=\"1812\" data-end=\"1823\" data-col-size=\"sm\">Stockage<\/td>\n<td data-start=\"1823\" data-end=\"1837\" data-col-size=\"sm\"><strong data-start=\"1825\" data-end=\"1835\">128 Go<\/strong><\/td>\n<\/tr>\n<tr data-start=\"1838\" data-end=\"1879\">\n<td data-start=\"1838\" data-end=\"1855\" data-col-size=\"sm\">Cam\u00e9ra arri\u00e8re<\/td>\n<td data-start=\"1855\" data-end=\"1879\" data-col-size=\"sm\"><strong data-start=\"1857\" data-end=\"1877\">12MP + 12MP (4K)<\/strong><\/td>\n<\/tr>\n<tr data-start=\"1880\" data-end=\"1914\">\n<td data-start=\"1880\" data-end=\"1898\" data-col-size=\"sm\">Cam\u00e9ra frontale<\/td>\n<td data-start=\"1898\" data-end=\"1914\" data-col-size=\"sm\"><strong data-start=\"1900\" data-end=\"1912\">8MP (4K)<\/strong><\/td>\n<\/tr>\n<tr data-start=\"1915\" data-end=\"1942\">\n<td data-start=\"1915\" data-end=\"1926\" data-col-size=\"sm\">Batterie<\/td>\n<td data-start=\"1926\" data-end=\"1942\" data-col-size=\"sm\"><strong data-start=\"1928\" data-end=\"1940\">4000 mAh<\/strong><\/td>\n<\/tr>\n<tr data-start=\"1943\" data-end=\"1967\">\n<td data-start=\"1943\" data-end=\"1949\" data-col-size=\"sm\">SIM<\/td>\n<td data-start=\"1949\" data-end=\"1967\" data-col-size=\"sm\"><strong data-start=\"1951\" data-end=\"1965\">Single SIM<\/strong><\/td>\n<\/tr>\n<tr data-start=\"1968\" data-end=\"1998\">\n<td data-start=\"1968\" data-end=\"1978\" data-col-size=\"sm\">Syst\u00e8me<\/td>\n<td data-start=\"1978\" data-end=\"1998\" data-col-size=\"sm\">Android \/ One UI<\/td>\n<\/tr>\n<tr data-start=\"1999\" data-end=\"2036\">\n<td data-start=\"1999\" data-end=\"2015\" data-col-size=\"sm\">Particularit\u00e9<\/td>\n<td data-start=\"2015\" data-end=\"2036\" data-col-size=\"sm\"><strong data-start=\"2017\" data-end=\"2034\">S Pen int\u00e9gr\u00e9<\/strong><\/td>\n<\/tr>\n<\/tbody>\n<\/table>\n<\/div>\n<\/div>\n<hr data-start=\"2038\" data-end=\"2041\" \/>\n<h1 data-section-id=\"6f7tr2\" data-start=\"2043\" data-end=\"2064\">\ud83d\udce6 Contenu du colis<\/h1>\n<ul data-start=\"2066\" data-end=\"2214\">\n<li data-section-id=\"ke70ll\" data-start=\"2066\" data-end=\"2110\">\n<p data-start=\"2068\" data-end=\"2110\">1 \u00d7 <strong data-start=\"2072\" data-end=\"2108\">Samsung Galaxy Note 9 (occasion)<\/strong><\/p>\n<\/li>\n<li data-section-id=\"gzkpdf\" data-start=\"2111\" data-end=\"2127\">\n<p data-start=\"2113\" data-end=\"2127\">1 \u00d7 Chargeur<\/p>\n<\/li>\n<li data-section-id=\"5uvi3z\" data-start=\"2165\" data-end=\"2185\">\n<p data-start=\"2167\" data-end=\"2185\">1 \u00d7 Verre tremp\u00e9<\/p>\n<\/li>\n<li data-section-id=\"euolri\" data-start=\"2186\" data-end=\"2214\">\n<p data-start=\"2188\" data-end=\"2214\">1 \u00d7 Manuel d\u2019utilisation<\/p>\n<\/li>\n<\/ul>\n<hr data-start=\"2216\" data-end=\"2219\" \/>\n<p data-start=\"2221\" data-end=\"2344\">\ud83d\udcf1 <strong data-start=\"2224\" data-end=\"2344\">Le Galaxy Note 9 reste un smartphone puissant avec grand \u00e9cran et S Pen, id\u00e9al pour le travail et le divertissement.<\/strong><\/p>\n","protected":false},"excerpt":{"rendered":"<p>D\u00e9couvrez le Samsung Galaxy Note 9, un smartphone haut de gamme con\u00e7u pour offrir performance, grand \u00e9cran immersif et productivit\u00e9 avanc\u00e9e avec le S Pen. Son \u00e9cran Super AMOLED de 6.4 pouces QHD+ offre une excellente qualit\u00e9 d\u2019image pour les vid\u00e9os, les jeux et le travail mobile. \u00c9quip\u00e9 du processeur Snapdragon 845 \/ Exynos 9810&hellip;<\/p>\n","protected":false},"featured_media":16552,"comment_status":"open","ping_status":"closed","template":"","meta":[],"product_cat":[79],"product_tag":[],"class_list":{"0":"post-16550","1":"product","2":"type-product","3":"status-publish","4":"has-post-thumbnail","6":"product_brand-samsung","7":"product_cat-samsung","9":"first","10":"instock","11":"sale","12":"shipping-taxable","13":"purchasable","14":"product-type-simple","15":"col-xs-6 col-sm-4","16":"col-md-3 col-lg-3","17":"un-4-cols"},"_links":{"self":[{"href":"https:\/\/www.vazy.market\/index.php\/wp-json\/wp\/v2\/product\/16550","targetHints":{"allow":["GET"]}}],"collection":[{"href":"https:\/\/www.vazy.market\/index.php\/wp-json\/wp\/v2\/product"}],"about":[{"href":"https:\/\/www.vazy.market\/index.php\/wp-json\/wp\/v2\/types\/product"}],"replies":[{"embeddable":true,"href":"https:\/\/www.vazy.market\/index.php\/wp-json\/wp\/v2\/comments?post=16550"}],"wp:featuredmedia":[{"embeddable":true,"href":"https:\/\/www.vazy.market\/index.php\/wp-json\/wp\/v2\/media\/16552"}],"wp:attachment":[{"href":"https:\/\/www.vazy.market\/index.php\/wp-json\/wp\/v2\/media?parent=16550"}],"wp:term":[{"taxonomy":"product_cat","embeddable":true,"href":"https:\/\/www.vazy.market\/index.php\/wp-json\/wp\/v2\/product_cat?post=16550"},{"taxonomy":"product_tag","embeddable":true,"href":"https:\/\/www.vazy.market\/index.php\/wp-json\/wp\/v2\/product_tag?post=16550"}],"curies":[{"name":"wp","href":"https:\/\/api.w.org\/{rel}","templated":true}]}}