{"id":16503,"date":"2026-03-13T12:07:54","date_gmt":"2026-03-13T12:07:54","guid":{"rendered":"https:\/\/www.vazy.market\/?post_type=product&#038;p=16503"},"modified":"2026-03-25T09:47:21","modified_gmt":"2026-03-25T09:47:21","slug":"samsung-galaxy-s22-5g-6-1-128go8go-50mp10mp12mp-8k10mp-4k-dual-sim-3700mah","status":"publish","type":"product","link":"https:\/\/www.vazy.market\/index.php\/product\/samsung-galaxy-s22-5g-6-1-128go8go-50mp10mp12mp-8k10mp-4k-dual-sim-3700mah\/","title":{"rendered":"\ud83d\udcf1 SAMSUNG GALAXY S22 5G &#8211; 6.1&Prime; &#8211; 128Go|8Go &#8211; 50MP+10MP+12MP 8K|10MP 4K &#8211; Dual SIM &#8211; 3700mAh"},"content":{"rendered":"<div class=\"flex flex-col text-sm pb-25\">\n<article class=\"text-token-text-primary w-full focus:outline-none [--shadow-height:45px] has-data-writing-block:pointer-events-none has-data-writing-block:-mt-(--shadow-height) has-data-writing-block:pt-(--shadow-height) [&amp;:has([data-writing-block])&gt;*]:pointer-events-auto scroll-mt-[calc(var(--header-height)+min(200px,max(70px,20svh)))]\" dir=\"auto\" tabindex=\"-1\" data-turn-id=\"request-69add934-1d50-8332-91d7-d97a2ee2331f-1\" data-testid=\"conversation-turn-138\" data-scroll-anchor=\"true\" data-turn=\"assistant\">\n<div class=\"text-base my-auto mx-auto pb-10 [--thread-content-margin:var(--thread-content-margin-xs,calc(var(--spacing)*4))] @w-sm\/main:[--thread-content-margin:var(--thread-content-margin-sm,calc(var(--spacing)*6))] @w-lg\/main:[--thread-content-margin:var(--thread-content-margin-lg,calc(var(--spacing)*16))] px-(--thread-content-margin)\">\n<div class=\"[--thread-content-max-width:40rem] @w-lg\/main:[--thread-content-max-width:48rem] mx-auto max-w-(--thread-content-max-width) flex-1 group\/turn-messages focus-visible:outline-hidden relative flex w-full min-w-0 flex-col agent-turn\" tabindex=\"-1\">\n<div class=\"flex max-w-full flex-col gap-4 grow\">\n<div class=\"min-h-8 text-message relative flex w-full flex-col items-end gap-2 text-start break-words whitespace-normal [.text-message+&amp;]:mt-1\" dir=\"auto\" data-message-author-role=\"assistant\" data-message-id=\"67ac6a09-a77c-4cd6-80f8-5e47f55ed7af\" data-message-model-slug=\"gpt-5-3\">\n<div class=\"flex w-full flex-col gap-1 empty:hidden\">\n<div class=\"markdown prose dark:prose-invert w-full wrap-break-word light markdown-new-styling\">\n<p data-start=\"101\" data-end=\"460\">D\u00e9couvrez le <strong data-start=\"114\" data-end=\"136\">Samsung Galaxy S22<\/strong>, un smartphone haut de gamme con\u00e7u pour offrir <strong data-start=\"184\" data-end=\"239\">performance, design premium et photographie avanc\u00e9e<\/strong>. Son <strong data-start=\"245\" data-end=\"323\">\u00e9cran Dynamic AMOLED 2X de 6.1 pouces avec taux de rafra\u00eechissement 120 Hz<\/strong> garantit une exp\u00e9rience visuelle fluide et immersive pour les vid\u00e9os, les jeux et la navigation.<\/p>\n<p data-start=\"462\" data-end=\"647\">Propuls\u00e9 par le <strong data-start=\"478\" data-end=\"511\">processeur Snapdragon 8 Gen 1<\/strong> et <strong data-start=\"515\" data-end=\"530\">8 Go de RAM<\/strong>, il assure des performances rapides et une excellente gestion du multit\u00e2che.<\/p>\n<p data-start=\"649\" data-end=\"842\">Son <strong data-start=\"653\" data-end=\"713\">syst\u00e8me de triple cam\u00e9ra avec capteur principal de 50 MP<\/strong> permet de capturer des photos d\u00e9taill\u00e9es et des vid\u00e9os haute r\u00e9solution jusqu\u2019en <strong data-start=\"795\" data-end=\"801\">8K<\/strong>.<\/p>\n<hr data-start=\"844\" data-end=\"847\" \/>\n<h1 data-section-id=\"gug16d\" data-start=\"849\" data-end=\"865\">\u2b50 Points forts<\/h1>\n<p data-start=\"867\" data-end=\"1210\">\u2714 \ud83d\udcf1 <strong data-start=\"872\" data-end=\"915\">\u00c9cran Dynamic AMOLED 2X 6.1&Prime; FHD+ 120Hz<\/strong><br data-start=\"915\" data-end=\"918\" \/>\u2714 \u26a1 <strong data-start=\"922\" data-end=\"966\">Processeur Snapdragon 8 Gen 1 performant<\/strong><br data-start=\"966\" data-end=\"969\" \/>\u2714 \ud83d\udcf8 <strong data-start=\"974\" data-end=\"1020\">Triple cam\u00e9ra avec capteur principal 50 MP<\/strong><br data-start=\"1020\" data-end=\"1023\" \/>\u2714 \ud83c\udfa5 <strong data-start=\"1028\" data-end=\"1061\">Enregistrement vid\u00e9o 4K et 8K<\/strong><br data-start=\"1061\" data-end=\"1064\" \/>\u2714 \ud83d\udd0b <strong data-start=\"1069\" data-end=\"1109\">Batterie 3700 mAh avec charge rapide<\/strong><br data-start=\"1109\" data-end=\"1112\" \/>\u2714 \ud83d\udcf6 <strong data-start=\"1117\" data-end=\"1154\">Compatible r\u00e9seau 5G ultra rapide<\/strong><br data-start=\"1154\" data-end=\"1157\" \/>\u2714 \ud83d\udca7 <strong data-start=\"1162\" data-end=\"1208\">R\u00e9sistant \u00e0 l\u2019eau et \u00e0 la poussi\u00e8re (IP68)<\/strong><\/p>\n<hr data-start=\"1212\" data-end=\"1215\" \/>\n<h1 data-section-id=\"1bka4zl\" data-start=\"1217\" data-end=\"1236\">\ud83d\udcf8 Cam\u00e9ra avanc\u00e9e<\/h1>\n<ul data-start=\"1238\" data-end=\"1421\">\n<li data-section-id=\"m42rc2\" data-start=\"1238\" data-end=\"1274\">\n<p data-start=\"1240\" data-end=\"1274\">\ud83d\udcf7 <strong data-start=\"1243\" data-end=\"1272\">Cam\u00e9ra principale : 50 MP<\/strong><\/p>\n<\/li>\n<li data-section-id=\"147ub36\" data-start=\"1275\" data-end=\"1324\">\n<p data-start=\"1277\" data-end=\"1324\">\ud83d\udd2d <strong data-start=\"1280\" data-end=\"1322\">T\u00e9l\u00e9objectif : 10 MP (zoom optique 3x)<\/strong><\/p>\n<\/li>\n<li data-section-id=\"1y2bq0h\" data-start=\"1325\" data-end=\"1361\">\n<p data-start=\"1327\" data-end=\"1361\">\ud83c\udf0d <strong data-start=\"1330\" data-end=\"1359\">Ultra grand-angle : 12 MP<\/strong><\/p>\n<\/li>\n<li data-section-id=\"1rpwxmn\" data-start=\"1362\" data-end=\"1396\">\n<p data-start=\"1364\" data-end=\"1396\">\ud83e\udd33 <strong data-start=\"1367\" data-end=\"1394\">Cam\u00e9ra frontale : 10 MP<\/strong><\/p>\n<\/li>\n<li data-section-id=\"eywvyt\" data-start=\"1397\" data-end=\"1421\">\n<p data-start=\"1399\" data-end=\"1421\">\ud83c\udfa5 <strong data-start=\"1402\" data-end=\"1421\">Vid\u00e9o : 4K \/ 8K<\/strong><\/p>\n<\/li>\n<\/ul>\n<hr data-start=\"1423\" data-end=\"1426\" \/>\n<h1 data-section-id=\"1gx1fos\" data-start=\"1428\" data-end=\"1448\">\ud83d\udcca Fiche Technique<\/h1>\n<div class=\"TyagGW_tableContainer\">\n<div class=\"group TyagGW_tableWrapper flex flex-col-reverse w-fit\" tabindex=\"-1\">\n<table class=\"w-fit min-w-(--thread-content-width)\" data-start=\"1450\" data-end=\"1921\">\n<thead data-start=\"1450\" data-end=\"1479\">\n<tr data-start=\"1450\" data-end=\"1479\">\n<th class=\"\" data-start=\"1450\" data-end=\"1468\" data-col-size=\"sm\">Caract\u00e9ristique<\/th>\n<th class=\"\" data-start=\"1468\" data-end=\"1479\" data-col-size=\"sm\">D\u00e9tails<\/th>\n<\/tr>\n<\/thead>\n<tbody data-start=\"1490\" data-end=\"1921\">\n<tr data-start=\"1490\" data-end=\"1510\">\n<td data-start=\"1490\" data-end=\"1499\" data-col-size=\"sm\">Marque<\/td>\n<td data-start=\"1499\" data-end=\"1510\" data-col-size=\"sm\">Samsung<\/td>\n<\/tr>\n<tr data-start=\"1511\" data-end=\"1538\">\n<td data-start=\"1511\" data-end=\"1520\" data-col-size=\"sm\">Mod\u00e8le<\/td>\n<td data-start=\"1520\" data-end=\"1538\" data-col-size=\"sm\"><strong data-start=\"1522\" data-end=\"1536\">Galaxy S22<\/strong><\/td>\n<\/tr>\n<tr data-start=\"1539\" data-end=\"1554\">\n<td data-start=\"1539\" data-end=\"1548\" data-col-size=\"sm\">R\u00e9seau<\/td>\n<td data-start=\"1548\" data-end=\"1554\" data-col-size=\"sm\">5G<\/td>\n<\/tr>\n<tr data-start=\"1555\" data-end=\"1599\">\n<td data-start=\"1555\" data-end=\"1563\" data-col-size=\"sm\">\u00c9cran<\/td>\n<td data-start=\"1563\" data-end=\"1599\" data-col-size=\"sm\"><strong data-start=\"1565\" data-end=\"1597\">6.1 pouces Dynamic AMOLED 2X<\/strong><\/td>\n<\/tr>\n<tr data-start=\"1600\" data-end=\"1635\">\n<td data-start=\"1600\" data-end=\"1613\" data-col-size=\"sm\">R\u00e9solution<\/td>\n<td data-start=\"1613\" data-end=\"1635\" data-col-size=\"sm\">2340 \u00d7 1080 (FHD+)<\/td>\n<\/tr>\n<tr data-start=\"1636\" data-end=\"1673\">\n<td data-start=\"1636\" data-end=\"1663\" data-col-size=\"sm\">Taux de rafra\u00eechissement<\/td>\n<td data-start=\"1663\" data-end=\"1673\" data-col-size=\"sm\">120 Hz<\/td>\n<\/tr>\n<tr data-start=\"1674\" data-end=\"1709\">\n<td data-start=\"1674\" data-end=\"1687\" data-col-size=\"sm\">Processeur<\/td>\n<td data-start=\"1687\" data-end=\"1709\" data-col-size=\"sm\">Snapdragon 8 Gen 1<\/td>\n<\/tr>\n<tr data-start=\"1710\" data-end=\"1728\">\n<td data-start=\"1710\" data-end=\"1716\" data-col-size=\"sm\">RAM<\/td>\n<td data-start=\"1716\" data-end=\"1728\" data-col-size=\"sm\"><strong data-start=\"1718\" data-end=\"1726\">8 Go<\/strong><\/td>\n<\/tr>\n<tr data-start=\"1729\" data-end=\"1754\">\n<td data-start=\"1729\" data-end=\"1740\" data-col-size=\"sm\">Stockage<\/td>\n<td data-start=\"1740\" data-end=\"1754\" data-col-size=\"sm\"><strong data-start=\"1742\" data-end=\"1752\">128 Go<\/strong><\/td>\n<\/tr>\n<tr data-start=\"1755\" data-end=\"1803\">\n<td data-start=\"1755\" data-end=\"1772\" data-col-size=\"sm\">Cam\u00e9ra arri\u00e8re<\/td>\n<td data-start=\"1772\" data-end=\"1803\" data-col-size=\"sm\"><strong data-start=\"1774\" data-end=\"1801\">50MP + 10MP + 12MP (8K)<\/strong><\/td>\n<\/tr>\n<tr data-start=\"1804\" data-end=\"1839\">\n<td data-start=\"1804\" data-end=\"1822\" data-col-size=\"sm\">Cam\u00e9ra frontale<\/td>\n<td data-start=\"1822\" data-end=\"1839\" data-col-size=\"sm\"><strong data-start=\"1824\" data-end=\"1837\">10MP (4K)<\/strong><\/td>\n<\/tr>\n<tr data-start=\"1840\" data-end=\"1867\">\n<td data-start=\"1840\" data-end=\"1851\" data-col-size=\"sm\">Batterie<\/td>\n<td data-start=\"1851\" data-end=\"1867\" data-col-size=\"sm\"><strong data-start=\"1853\" data-end=\"1865\">3700 mAh<\/strong><\/td>\n<\/tr>\n<tr data-start=\"1868\" data-end=\"1890\">\n<td data-start=\"1868\" data-end=\"1874\" data-col-size=\"sm\">SIM<\/td>\n<td data-start=\"1874\" data-end=\"1890\" data-col-size=\"sm\"><strong data-start=\"1876\" data-end=\"1888\">Dual SIM<\/strong><\/td>\n<\/tr>\n<tr data-start=\"1891\" data-end=\"1921\">\n<td data-start=\"1891\" data-end=\"1901\" data-col-size=\"sm\">Syst\u00e8me<\/td>\n<td data-start=\"1901\" data-end=\"1921\" data-col-size=\"sm\">Android \/ One UI<\/td>\n<\/tr>\n<\/tbody>\n<\/table>\n<\/div>\n<\/div>\n<hr data-start=\"1923\" data-end=\"1926\" \/>\n<h1 data-section-id=\"6f7tr2\" data-start=\"1928\" data-end=\"1949\">\ud83d\udce6 Contenu du colis<\/h1>\n<ul data-start=\"1951\" data-end=\"2048\">\n<li data-section-id=\"1q4tlzb\" data-start=\"1951\" data-end=\"1981\">\n<p data-start=\"1953\" data-end=\"1981\">1 \u00d7 <strong data-start=\"1957\" data-end=\"1979\">Samsung Galaxy S22<\/strong><\/p>\n<\/li>\n<li data-section-id=\"1cuiaz2\" data-start=\"1982\" data-end=\"2001\">\n<p data-start=\"1984\" data-end=\"2001\">1 \u00d7 C\u00e2ble USB-C<\/p>\n<\/li>\n<li data-section-id=\"12haphu\" data-start=\"2002\" data-end=\"2019\">\n<p data-start=\"2004\" data-end=\"2019\">1 \u00d7 Outil SIM<\/p>\n<\/li>\n<li data-section-id=\"euolri\" data-start=\"2020\" data-end=\"2048\">\n<p data-start=\"2022\" data-end=\"2048\">1 \u00d7 Manuel d\u2019utilisation<\/p>\n<\/li>\n<\/ul>\n<hr data-start=\"2050\" data-end=\"2053\" \/>\n<p data-start=\"2055\" data-end=\"2187\">\ud83d\udcf1 <strong data-start=\"2058\" data-end=\"2187\">Le Galaxy S22 combine puissance, photographie avanc\u00e9e et design premium pour une exp\u00e9rience Android performante au quotidien.<\/strong><\/p>\n<\/div>\n<\/div>\n<\/div>\n<\/div>\n<\/div>\n<\/div>\n<\/article>\n<\/div>\n","protected":false},"excerpt":{"rendered":"<p>D\u00e9couvrez le Samsung Galaxy S22, un smartphone haut de gamme con\u00e7u pour offrir performance, design premium et photographie avanc\u00e9e. Son \u00e9cran Dynamic AMOLED 2X de 6.1 pouces avec taux de rafra\u00eechissement 120 Hz garantit une exp\u00e9rience visuelle fluide et immersive pour les vid\u00e9os, les jeux et la navigation. Propuls\u00e9 par le processeur Snapdragon 8 Gen&hellip;<\/p>\n","protected":false},"featured_media":16505,"comment_status":"open","ping_status":"closed","template":"","meta":[],"product_cat":[79],"product_tag":[],"class_list":{"0":"post-16503","1":"product","2":"type-product","3":"status-publish","4":"has-post-thumbnail","6":"product_brand-samsung","7":"product_cat-samsung","9":"first","10":"instock","11":"sale","12":"shipping-taxable","13":"purchasable","14":"product-type-simple","15":"col-xs-6 col-sm-4","16":"col-md-3 col-lg-3","17":"un-4-cols"},"_links":{"self":[{"href":"https:\/\/www.vazy.market\/index.php\/wp-json\/wp\/v2\/product\/16503","targetHints":{"allow":["GET"]}}],"collection":[{"href":"https:\/\/www.vazy.market\/index.php\/wp-json\/wp\/v2\/product"}],"about":[{"href":"https:\/\/www.vazy.market\/index.php\/wp-json\/wp\/v2\/types\/product"}],"replies":[{"embeddable":true,"href":"https:\/\/www.vazy.market\/index.php\/wp-json\/wp\/v2\/comments?post=16503"}],"wp:featuredmedia":[{"embeddable":true,"href":"https:\/\/www.vazy.market\/index.php\/wp-json\/wp\/v2\/media\/16505"}],"wp:attachment":[{"href":"https:\/\/www.vazy.market\/index.php\/wp-json\/wp\/v2\/media?parent=16503"}],"wp:term":[{"taxonomy":"product_cat","embeddable":true,"href":"https:\/\/www.vazy.market\/index.php\/wp-json\/wp\/v2\/product_cat?post=16503"},{"taxonomy":"product_tag","embeddable":true,"href":"https:\/\/www.vazy.market\/index.php\/wp-json\/wp\/v2\/product_tag?post=16503"}],"curies":[{"name":"wp","href":"https:\/\/api.w.org\/{rel}","templated":true}]}}