{"id":16499,"date":"2026-03-13T11:56:02","date_gmt":"2026-03-13T11:56:02","guid":{"rendered":"https:\/\/www.vazy.market\/?post_type=product&#038;p=16499"},"modified":"2026-03-25T09:47:33","modified_gmt":"2026-03-25T09:47:33","slug":"samsung-galaxy-s24-ultra-5g-6-8-256go12go-200mp50mp10mp12mp-8k12mp-4k-dual-nano-simesim-5000mah","status":"publish","type":"product","link":"https:\/\/www.vazy.market\/index.php\/product\/samsung-galaxy-s24-ultra-5g-6-8-256go12go-200mp50mp10mp12mp-8k12mp-4k-dual-nano-simesim-5000mah\/","title":{"rendered":"\ud83d\udcf1 SAMSUNG GALAXY S24 ULTRA 5G &#8211; 6.8&Prime; &#8211; 256Go|12Go &#8211; 200MP+50MP+10MP+12MP 8K|12MP 4K &#8211; Dual Nano SIM|eSIM &#8211; 5000mAh"},"content":{"rendered":"<div class=\"flex flex-col text-sm pb-25\">\n<article class=\"text-token-text-primary w-full focus:outline-none [--shadow-height:45px] has-data-writing-block:pointer-events-none has-data-writing-block:-mt-(--shadow-height) has-data-writing-block:pt-(--shadow-height) [&amp;:has([data-writing-block])&gt;*]:pointer-events-auto scroll-mt-[calc(var(--header-height)+min(200px,max(70px,20svh)))]\" dir=\"auto\" tabindex=\"-1\" data-turn-id=\"request-69add934-1d50-8332-91d7-d97a2ee2331f-0\" data-testid=\"conversation-turn-136\" data-scroll-anchor=\"true\" data-turn=\"assistant\">\n<div class=\"text-base my-auto mx-auto pb-10 [--thread-content-margin:var(--thread-content-margin-xs,calc(var(--spacing)*4))] @w-sm\/main:[--thread-content-margin:var(--thread-content-margin-sm,calc(var(--spacing)*6))] @w-lg\/main:[--thread-content-margin:var(--thread-content-margin-lg,calc(var(--spacing)*16))] px-(--thread-content-margin)\">\n<div class=\"[--thread-content-max-width:40rem] @w-lg\/main:[--thread-content-max-width:48rem] mx-auto max-w-(--thread-content-max-width) flex-1 group\/turn-messages focus-visible:outline-hidden relative flex w-full min-w-0 flex-col agent-turn\" tabindex=\"-1\">\n<div class=\"flex max-w-full flex-col gap-4 grow\">\n<div class=\"min-h-8 text-message relative flex w-full flex-col items-end gap-2 text-start break-words whitespace-normal [.text-message+&amp;]:mt-1\" dir=\"auto\" data-message-author-role=\"assistant\" data-message-id=\"a03354da-d5bd-42d3-adba-0ba1c8319fec\" data-message-model-slug=\"gpt-5-3\">\n<div class=\"flex w-full flex-col gap-1 empty:hidden\">\n<div class=\"markdown prose dark:prose-invert w-full wrap-break-word light markdown-new-styling\">\n<p data-start=\"124\" data-end=\"499\">D\u00e9couvrez le <strong data-start=\"137\" data-end=\"165\">Samsung Galaxy S24 Ultra<\/strong>, un smartphone premium con\u00e7u pour offrir <strong data-start=\"207\" data-end=\"281\">performance, intelligence artificielle et photographie professionnelle<\/strong>. Son <strong data-start=\"287\" data-end=\"365\">\u00e9cran Dynamic AMOLED 2X de 6.8 pouces avec taux de rafra\u00eechissement 120 Hz<\/strong> offre une exp\u00e9rience visuelle fluide et immersive pour les vid\u00e9os, les jeux et la navigation.<\/p>\n<p data-start=\"501\" data-end=\"715\">Propuls\u00e9 par le <strong data-start=\"517\" data-end=\"550\">processeur Snapdragon 8 Gen 3<\/strong> et <strong data-start=\"554\" data-end=\"570\">12 Go de RAM<\/strong>, il assure des performances rapides pour le multit\u00e2che, les applications exigeantes et les jeux mobiles.<\/p>\n<p data-start=\"717\" data-end=\"904\">Son <strong data-start=\"721\" data-end=\"785\">syst\u00e8me de cam\u00e9ra quadruple avec capteur principal de 200 MP<\/strong> permet de capturer des photos ultra d\u00e9taill\u00e9es et des vid\u00e9os haute r\u00e9solution.<\/p>\n<hr data-start=\"906\" data-end=\"909\" \/>\n<h1 data-section-id=\"gug16d\" data-start=\"911\" data-end=\"927\">\u2b50 Points forts<\/h1>\n<p data-start=\"929\" data-end=\"1260\">\u2714 \ud83d\udcf1 <strong data-start=\"934\" data-end=\"977\">\u00c9cran Dynamic AMOLED 2X 6.8&Prime; QHD+ 120Hz<\/strong><br data-start=\"977\" data-end=\"980\" \/>\u2714 \u26a1 <strong data-start=\"984\" data-end=\"1034\">Processeur Snapdragon 8 Gen 3 ultra performant<\/strong><br data-start=\"1034\" data-end=\"1037\" \/>\u2714 \ud83d\udcf8 <strong data-start=\"1042\" data-end=\"1087\">Cam\u00e9ra principale 200 MP avec zoom avanc\u00e9<\/strong><br data-start=\"1087\" data-end=\"1090\" \/>\u2714 \ud83c\udfa5 <strong data-start=\"1095\" data-end=\"1127\">Vid\u00e9o 4K et 8K haute qualit\u00e9<\/strong><br data-start=\"1127\" data-end=\"1130\" \/>\u2714 \ud83d\udd8a <strong data-start=\"1135\" data-end=\"1173\">S Pen int\u00e9gr\u00e9 pour la productivit\u00e9<\/strong><br data-start=\"1173\" data-end=\"1176\" \/>\u2714 \ud83d\udd0b <strong data-start=\"1181\" data-end=\"1215\">Batterie longue dur\u00e9e 5000 mAh<\/strong><br data-start=\"1215\" data-end=\"1218\" \/>\u2714 \ud83d\udcf6 <strong data-start=\"1223\" data-end=\"1260\">Compatible r\u00e9seau 5G ultra rapide<\/strong><\/p>\n<hr data-start=\"1262\" data-end=\"1265\" \/>\n<h1 data-section-id=\"1wxtg7y\" data-start=\"1267\" data-end=\"1294\">\ud83d\udcf8 Cam\u00e9ra professionnelle<\/h1>\n<ul data-start=\"1296\" data-end=\"1558\">\n<li data-section-id=\"175wfpx\" data-start=\"1296\" data-end=\"1333\">\n<p data-start=\"1298\" data-end=\"1333\">\ud83d\udcf7 <strong data-start=\"1301\" data-end=\"1331\">Cam\u00e9ra principale : 200 MP<\/strong><\/p>\n<\/li>\n<li data-section-id=\"1ivvl8l\" data-start=\"1334\" data-end=\"1396\">\n<p data-start=\"1336\" data-end=\"1396\">\ud83d\udd2d <strong data-start=\"1339\" data-end=\"1394\">T\u00e9l\u00e9objectif p\u00e9riscopique : 50 MP (zoom optique 5x)<\/strong><\/p>\n<\/li>\n<li data-section-id=\"147ub36\" data-start=\"1397\" data-end=\"1446\">\n<p data-start=\"1399\" data-end=\"1446\">\ud83d\udd2d <strong data-start=\"1402\" data-end=\"1444\">T\u00e9l\u00e9objectif : 10 MP (zoom optique 3x)<\/strong><\/p>\n<\/li>\n<li data-section-id=\"1y2bq0h\" data-start=\"1447\" data-end=\"1483\">\n<p data-start=\"1449\" data-end=\"1483\">\ud83c\udf0d <strong data-start=\"1452\" data-end=\"1481\">Ultra grand-angle : 12 MP<\/strong><\/p>\n<\/li>\n<li data-section-id=\"14x4l9\" data-start=\"1484\" data-end=\"1518\">\n<p data-start=\"1486\" data-end=\"1518\">\ud83e\udd33 <strong data-start=\"1489\" data-end=\"1516\">Cam\u00e9ra frontale : 12 MP<\/strong><\/p>\n<\/li>\n<li data-section-id=\"su81dx\" data-start=\"1519\" data-end=\"1558\">\n<p data-start=\"1521\" data-end=\"1558\">\ud83c\udfa5 <strong data-start=\"1524\" data-end=\"1558\">Enregistrement vid\u00e9o : 4K \/ 8K<\/strong><\/p>\n<\/li>\n<\/ul>\n<hr data-start=\"1560\" data-end=\"1563\" \/>\n<h1 data-section-id=\"1gx1fos\" data-start=\"1565\" data-end=\"1585\">\ud83d\udcca Fiche Technique<\/h1>\n<div class=\"TyagGW_tableContainer\">\n<div class=\"group TyagGW_tableWrapper flex flex-col-reverse w-fit\" tabindex=\"-1\">\n<table class=\"w-fit min-w-(--thread-content-width)\" data-start=\"1587\" data-end=\"2093\">\n<thead data-start=\"1587\" data-end=\"1616\">\n<tr data-start=\"1587\" data-end=\"1616\">\n<th class=\"\" data-start=\"1587\" data-end=\"1605\" data-col-size=\"sm\">Caract\u00e9ristique<\/th>\n<th class=\"\" data-start=\"1605\" data-end=\"1616\" data-col-size=\"sm\">D\u00e9tails<\/th>\n<\/tr>\n<\/thead>\n<tbody data-start=\"1627\" data-end=\"2093\">\n<tr data-start=\"1627\" data-end=\"1647\">\n<td data-start=\"1627\" data-end=\"1636\" data-col-size=\"sm\">Marque<\/td>\n<td data-start=\"1636\" data-end=\"1647\" data-col-size=\"sm\">Samsung<\/td>\n<\/tr>\n<tr data-start=\"1648\" data-end=\"1681\">\n<td data-start=\"1648\" data-end=\"1657\" data-col-size=\"sm\">Mod\u00e8le<\/td>\n<td data-start=\"1657\" data-end=\"1681\" data-col-size=\"sm\"><strong data-start=\"1659\" data-end=\"1679\">Galaxy S24 Ultra<\/strong><\/td>\n<\/tr>\n<tr data-start=\"1682\" data-end=\"1697\">\n<td data-start=\"1682\" data-end=\"1691\" data-col-size=\"sm\">R\u00e9seau<\/td>\n<td data-start=\"1691\" data-end=\"1697\" data-col-size=\"sm\">5G<\/td>\n<\/tr>\n<tr data-start=\"1698\" data-end=\"1742\">\n<td data-start=\"1698\" data-end=\"1706\" data-col-size=\"sm\">\u00c9cran<\/td>\n<td data-start=\"1706\" data-end=\"1742\" data-col-size=\"sm\"><strong data-start=\"1708\" data-end=\"1740\">6.8 pouces Dynamic AMOLED 2X<\/strong><\/td>\n<\/tr>\n<tr data-start=\"1743\" data-end=\"1764\">\n<td data-start=\"1743\" data-end=\"1756\" data-col-size=\"sm\">R\u00e9solution<\/td>\n<td data-start=\"1756\" data-end=\"1764\" data-col-size=\"sm\">QHD+<\/td>\n<\/tr>\n<tr data-start=\"1765\" data-end=\"1802\">\n<td data-start=\"1765\" data-end=\"1792\" data-col-size=\"sm\">Taux de rafra\u00eechissement<\/td>\n<td data-start=\"1792\" data-end=\"1802\" data-col-size=\"sm\">120 Hz<\/td>\n<\/tr>\n<tr data-start=\"1803\" data-end=\"1838\">\n<td data-start=\"1803\" data-end=\"1816\" data-col-size=\"sm\">Processeur<\/td>\n<td data-start=\"1816\" data-end=\"1838\" data-col-size=\"sm\">Snapdragon 8 Gen 3<\/td>\n<\/tr>\n<tr data-start=\"1839\" data-end=\"1858\">\n<td data-start=\"1839\" data-end=\"1845\" data-col-size=\"sm\">RAM<\/td>\n<td data-start=\"1845\" data-end=\"1858\" data-col-size=\"sm\"><strong data-start=\"1847\" data-end=\"1856\">12 Go<\/strong><\/td>\n<\/tr>\n<tr data-start=\"1859\" data-end=\"1884\">\n<td data-start=\"1859\" data-end=\"1870\" data-col-size=\"sm\">Stockage<\/td>\n<td data-start=\"1870\" data-end=\"1884\" data-col-size=\"sm\"><strong data-start=\"1872\" data-end=\"1882\">256 Go<\/strong><\/td>\n<\/tr>\n<tr data-start=\"1885\" data-end=\"1941\">\n<td data-start=\"1885\" data-end=\"1902\" data-col-size=\"sm\">Cam\u00e9ra arri\u00e8re<\/td>\n<td data-start=\"1902\" data-end=\"1941\" data-col-size=\"sm\"><strong data-start=\"1904\" data-end=\"1939\">200MP + 50MP + 10MP + 12MP (8K)<\/strong><\/td>\n<\/tr>\n<tr data-start=\"1942\" data-end=\"1977\">\n<td data-start=\"1942\" data-end=\"1960\" data-col-size=\"sm\">Cam\u00e9ra frontale<\/td>\n<td data-start=\"1960\" data-end=\"1977\" data-col-size=\"sm\"><strong data-start=\"1962\" data-end=\"1975\">12MP (4K)<\/strong><\/td>\n<\/tr>\n<tr data-start=\"1978\" data-end=\"2005\">\n<td data-start=\"1978\" data-end=\"1989\" data-col-size=\"sm\">Batterie<\/td>\n<td data-start=\"1989\" data-end=\"2005\" data-col-size=\"sm\"><strong data-start=\"1991\" data-end=\"2003\">5000 mAh<\/strong><\/td>\n<\/tr>\n<tr data-start=\"2006\" data-end=\"2040\">\n<td data-start=\"2006\" data-end=\"2012\" data-col-size=\"sm\">SIM<\/td>\n<td data-start=\"2012\" data-end=\"2040\" data-col-size=\"sm\"><strong data-start=\"2014\" data-end=\"2038\">Dual Nano SIM + eSIM<\/strong><\/td>\n<\/tr>\n<tr data-start=\"2041\" data-end=\"2071\">\n<td data-start=\"2041\" data-end=\"2051\" data-col-size=\"sm\">Syst\u00e8me<\/td>\n<td data-start=\"2051\" data-end=\"2071\" data-col-size=\"sm\">Android \/ One UI<\/td>\n<\/tr>\n<tr data-start=\"2072\" data-end=\"2093\">\n<td data-start=\"2072\" data-end=\"2085\" data-col-size=\"sm\">R\u00e9sistance<\/td>\n<td data-start=\"2085\" data-end=\"2093\" data-col-size=\"sm\">IP68<\/td>\n<\/tr>\n<\/tbody>\n<\/table>\n<\/div>\n<\/div>\n<hr data-start=\"2095\" data-end=\"2098\" \/>\n<h1 data-section-id=\"6f7tr2\" data-start=\"2100\" data-end=\"2121\">\ud83d\udce6 Contenu du colis<\/h1>\n<ul data-start=\"2123\" data-end=\"2226\">\n<li data-section-id=\"1oxjttr\" data-start=\"2123\" data-end=\"2159\">\n<p data-start=\"2125\" data-end=\"2159\">1 \u00d7 <strong data-start=\"2129\" data-end=\"2157\">Samsung Galaxy S24 Ultra<\/strong><\/p>\n<\/li>\n<li data-section-id=\"1cuiaz2\" data-start=\"2160\" data-end=\"2179\">\n<p data-start=\"2162\" data-end=\"2179\">1 \u00d7 C\u00e2ble USB-C<\/p>\n<\/li>\n<li data-section-id=\"12haphu\" data-start=\"2180\" data-end=\"2197\">\n<p data-start=\"2182\" data-end=\"2197\">1 \u00d7 Outil SIM<\/p>\n<\/li>\n<li data-section-id=\"euolri\" data-start=\"2198\" data-end=\"2226\">\n<p data-start=\"2200\" data-end=\"2226\">1 \u00d7 Manuel d\u2019utilisation<\/p>\n<\/li>\n<\/ul>\n<hr data-start=\"2228\" data-end=\"2231\" \/>\n<p data-start=\"2233\" data-end=\"2361\">\ud83d\udcf1 <strong data-start=\"2236\" data-end=\"2361\">Le Galaxy S24 Ultra combine puissance, photographie avanc\u00e9e et productivit\u00e9 gr\u00e2ce au S Pen et \u00e0 l\u2019intelligence Galaxy AI.<\/strong><\/p>\n<\/div>\n<\/div>\n<\/div>\n<\/div>\n<\/div>\n<\/div>\n<\/article>\n<\/div>\n","protected":false},"excerpt":{"rendered":"<p>D\u00e9couvrez le Samsung Galaxy S24 Ultra, un smartphone premium con\u00e7u pour offrir performance, intelligence artificielle et photographie professionnelle. Son \u00e9cran Dynamic AMOLED 2X de 6.8 pouces avec taux de rafra\u00eechissement 120 Hz offre une exp\u00e9rience visuelle fluide et immersive pour les vid\u00e9os, les jeux et la navigation. Propuls\u00e9 par le processeur Snapdragon 8 Gen 3&hellip;<\/p>\n","protected":false},"featured_media":16502,"comment_status":"open","ping_status":"closed","template":"","meta":[],"product_cat":[79],"product_tag":[],"class_list":{"0":"post-16499","1":"product","2":"type-product","3":"status-publish","4":"has-post-thumbnail","6":"product_brand-samsung","7":"product_cat-samsung","9":"first","10":"instock","11":"sale","12":"shipping-taxable","13":"purchasable","14":"product-type-simple","15":"col-xs-6 col-sm-4","16":"col-md-3 col-lg-3","17":"un-4-cols"},"_links":{"self":[{"href":"https:\/\/www.vazy.market\/index.php\/wp-json\/wp\/v2\/product\/16499","targetHints":{"allow":["GET"]}}],"collection":[{"href":"https:\/\/www.vazy.market\/index.php\/wp-json\/wp\/v2\/product"}],"about":[{"href":"https:\/\/www.vazy.market\/index.php\/wp-json\/wp\/v2\/types\/product"}],"replies":[{"embeddable":true,"href":"https:\/\/www.vazy.market\/index.php\/wp-json\/wp\/v2\/comments?post=16499"}],"wp:featuredmedia":[{"embeddable":true,"href":"https:\/\/www.vazy.market\/index.php\/wp-json\/wp\/v2\/media\/16502"}],"wp:attachment":[{"href":"https:\/\/www.vazy.market\/index.php\/wp-json\/wp\/v2\/media?parent=16499"}],"wp:term":[{"taxonomy":"product_cat","embeddable":true,"href":"https:\/\/www.vazy.market\/index.php\/wp-json\/wp\/v2\/product_cat?post=16499"},{"taxonomy":"product_tag","embeddable":true,"href":"https:\/\/www.vazy.market\/index.php\/wp-json\/wp\/v2\/product_tag?post=16499"}],"curies":[{"name":"wp","href":"https:\/\/api.w.org\/{rel}","templated":true}]}}