{"id":16476,"date":"2026-03-13T10:24:33","date_gmt":"2026-03-13T10:24:33","guid":{"rendered":"https:\/\/www.vazy.market\/?post_type=product&#038;p=16476"},"modified":"2026-04-06T02:32:09","modified_gmt":"2026-04-06T02:32:09","slug":"apple-iphone-14-plus-5g-6-7-128go6go-12mp12mp-4k12mp-4k-dual-esim-4325mah","status":"publish","type":"product","link":"https:\/\/www.vazy.market\/index.php\/product\/apple-iphone-14-plus-5g-6-7-128go6go-12mp12mp-4k12mp-4k-dual-esim-4325mah\/","title":{"rendered":"\ud83d\udcf1 IPHONE 14 PLUS 5G &#8211; 6.7&Prime; &#8211; 128Go|4Go &#8211; 12MP+12MP 4K|12MP 4K &#8211; Dual eSIM &#8211; 4325mAh"},"content":{"rendered":"<div class=\"flex flex-col text-sm pb-25\">\n<article class=\"text-token-text-primary w-full focus:outline-none [--shadow-height:45px] has-data-writing-block:pointer-events-none has-data-writing-block:-mt-(--shadow-height) has-data-writing-block:pt-(--shadow-height) [&amp;:has([data-writing-block])&gt;*]:pointer-events-auto scroll-mt-[calc(var(--header-height)+min(200px,max(70px,20svh)))]\" dir=\"auto\" tabindex=\"-1\" data-turn-id=\"request-69add934-1d50-8332-91d7-d97a2ee2331f-2\" data-testid=\"conversation-turn-128\" data-scroll-anchor=\"true\" data-turn=\"assistant\">\n<div class=\"text-base my-auto mx-auto pb-10 [--thread-content-margin:var(--thread-content-margin-xs,calc(var(--spacing)*4))] @w-sm\/main:[--thread-content-margin:var(--thread-content-margin-sm,calc(var(--spacing)*6))] @w-lg\/main:[--thread-content-margin:var(--thread-content-margin-lg,calc(var(--spacing)*16))] px-(--thread-content-margin)\">\n<div class=\"[--thread-content-max-width:40rem] @w-lg\/main:[--thread-content-max-width:48rem] mx-auto max-w-(--thread-content-max-width) flex-1 group\/turn-messages focus-visible:outline-hidden relative flex w-full min-w-0 flex-col agent-turn\" tabindex=\"-1\">\n<div class=\"flex max-w-full flex-col gap-4 grow\">\n<div class=\"min-h-8 text-message relative flex w-full flex-col items-end gap-2 text-start break-words whitespace-normal [.text-message+&amp;]:mt-1\" dir=\"auto\" data-message-author-role=\"assistant\" data-message-id=\"ae7fef1d-a258-4fd2-80a4-329586481c80\" data-message-model-slug=\"gpt-5-3\">\n<div class=\"flex w-full flex-col gap-1 empty:hidden\">\n<div class=\"markdown prose dark:prose-invert w-full wrap-break-word light markdown-new-styling\">\n<p data-start=\"99\" data-end=\"395\">D\u00e9couvrez le <strong data-start=\"112\" data-end=\"136\">Apple iPhone 14 Plus<\/strong>, un smartphone haut de gamme con\u00e7u pour offrir <strong data-start=\"184\" data-end=\"249\">performance, autonomie exceptionnelle et photographie avanc\u00e9e<\/strong>. Avec son <strong data-start=\"260\" data-end=\"306\">grand \u00e9cran Super Retina XDR de 6.7 pouces<\/strong>, profitez d\u2019une exp\u00e9rience immersive id\u00e9ale pour regarder des vid\u00e9os, jouer ou naviguer.<\/p>\n<p data-start=\"397\" data-end=\"568\">Gr\u00e2ce \u00e0 la <strong data-start=\"408\" data-end=\"443\">puissante puce Apple A15 Bionic<\/strong>, l\u2019iPhone 14 Plus garantit une utilisation fluide et rapide, que ce soit pour les applications, les jeux ou la photographie.<\/p>\n<p data-start=\"570\" data-end=\"700\">Son <strong data-start=\"574\" data-end=\"606\">double appareil photo avanc\u00e9<\/strong> capture des photos et vid\u00e9os de haute qualit\u00e9, m\u00eame dans des conditions de faible luminosit\u00e9.<\/p>\n<hr data-start=\"702\" data-end=\"705\" \/>\n<h1 data-section-id=\"gug16d\" data-start=\"707\" data-end=\"723\">\u2b50 Points forts<\/h1>\n<p data-start=\"725\" data-end=\"1042\">\u2714 \ud83d\udcf1 <strong data-start=\"730\" data-end=\"773\">Grand \u00e9cran Super Retina XDR 6.7 pouces<\/strong><br data-start=\"773\" data-end=\"776\" \/>\u2714 \u26a1 <strong data-start=\"780\" data-end=\"823\">Puce Apple A15 Bionic ultra performante<\/strong><br data-start=\"823\" data-end=\"826\" \/>\u2714 \ud83d\udcf8 <strong data-start=\"831\" data-end=\"871\">Double cam\u00e9ra avanc\u00e9e avec mode nuit<\/strong><br data-start=\"871\" data-end=\"874\" \/>\u2714 \ud83c\udfa5 <strong data-start=\"879\" data-end=\"911\">Vid\u00e9o 4K ultra haute qualit\u00e9<\/strong><br data-start=\"911\" data-end=\"914\" \/>\u2714 \ud83d\udd0b <strong data-start=\"919\" data-end=\"956\">Excellente autonomie longue dur\u00e9e<\/strong><br data-start=\"956\" data-end=\"959\" \/>\u2714 \ud83d\udcf6 <strong data-start=\"964\" data-end=\"988\">Compatible r\u00e9seau 5G<\/strong><br data-start=\"988\" data-end=\"991\" \/>\u2714 \ud83d\udca7 <strong data-start=\"996\" data-end=\"1042\">R\u00e9sistant \u00e0 l\u2019eau et \u00e0 la poussi\u00e8re (IP68)<\/strong><\/p>\n<hr data-start=\"1044\" data-end=\"1047\" \/>\n<h1 data-section-id=\"1bka4zl\" data-start=\"1049\" data-end=\"1068\">\ud83d\udcf8 Cam\u00e9ra avanc\u00e9e<\/h1>\n<ul data-start=\"1070\" data-end=\"1215\">\n<li data-section-id=\"1hjdw6c\" data-start=\"1070\" data-end=\"1106\">\n<p data-start=\"1072\" data-end=\"1106\">\ud83d\udcf7 <strong data-start=\"1075\" data-end=\"1104\">Cam\u00e9ra principale : 12 MP<\/strong><\/p>\n<\/li>\n<li data-section-id=\"1y2bq0h\" data-start=\"1107\" data-end=\"1143\">\n<p data-start=\"1109\" data-end=\"1143\">\ud83c\udf0d <strong data-start=\"1112\" data-end=\"1141\">Ultra grand-angle : 12 MP<\/strong><\/p>\n<\/li>\n<li data-section-id=\"14x4l9\" data-start=\"1144\" data-end=\"1178\">\n<p data-start=\"1146\" data-end=\"1178\">\ud83e\udd33 <strong data-start=\"1149\" data-end=\"1176\">Cam\u00e9ra frontale : 12 MP<\/strong><\/p>\n<\/li>\n<li data-section-id=\"1r6tl6l\" data-start=\"1179\" data-end=\"1215\">\n<p data-start=\"1181\" data-end=\"1215\">\ud83c\udfa5 <strong data-start=\"1184\" data-end=\"1215\">Enregistrement vid\u00e9o 4K HDR<\/strong><\/p>\n<\/li>\n<\/ul>\n<hr data-start=\"1217\" data-end=\"1220\" \/>\n<h1 data-section-id=\"1gx1fos\" data-start=\"1222\" data-end=\"1242\">\ud83d\udcca Fiche Technique<\/h1>\n<div class=\"TyagGW_tableContainer\">\n<div class=\"group TyagGW_tableWrapper flex flex-col-reverse w-fit\" tabindex=\"-1\">\n<table class=\"w-fit min-w-(--thread-content-width)\" data-start=\"1244\" data-end=\"1648\">\n<thead data-start=\"1244\" data-end=\"1273\">\n<tr data-start=\"1244\" data-end=\"1273\">\n<th class=\"\" data-start=\"1244\" data-end=\"1262\" data-col-size=\"sm\">Caract\u00e9ristique<\/th>\n<th class=\"\" data-start=\"1262\" data-end=\"1273\" data-col-size=\"sm\">D\u00e9tails<\/th>\n<\/tr>\n<\/thead>\n<tbody data-start=\"1284\" data-end=\"1648\">\n<tr data-start=\"1284\" data-end=\"1302\">\n<td data-start=\"1284\" data-end=\"1293\" data-col-size=\"sm\">Marque<\/td>\n<td data-start=\"1293\" data-end=\"1302\" data-col-size=\"sm\">Apple<\/td>\n<\/tr>\n<tr data-start=\"1303\" data-end=\"1334\">\n<td data-start=\"1303\" data-end=\"1312\" data-col-size=\"sm\">Mod\u00e8le<\/td>\n<td data-start=\"1312\" data-end=\"1334\" data-col-size=\"sm\"><strong data-start=\"1314\" data-end=\"1332\">iPhone 14 Plus<\/strong><\/td>\n<\/tr>\n<tr data-start=\"1335\" data-end=\"1350\">\n<td data-start=\"1335\" data-end=\"1344\" data-col-size=\"sm\">R\u00e9seau<\/td>\n<td data-start=\"1344\" data-end=\"1350\" data-col-size=\"sm\">5G<\/td>\n<\/tr>\n<tr data-start=\"1351\" data-end=\"1399\">\n<td data-start=\"1351\" data-end=\"1359\" data-col-size=\"sm\">\u00c9cran<\/td>\n<td data-start=\"1359\" data-end=\"1399\" data-col-size=\"sm\"><strong data-start=\"1361\" data-end=\"1397\">6.7 pouces Super Retina XDR OLED<\/strong><\/td>\n<\/tr>\n<tr data-start=\"1400\" data-end=\"1433\">\n<td data-start=\"1400\" data-end=\"1413\" data-col-size=\"sm\">Processeur<\/td>\n<td data-start=\"1413\" data-end=\"1433\" data-col-size=\"sm\">Apple A15 Bionic<\/td>\n<\/tr>\n<tr data-start=\"1434\" data-end=\"1452\">\n<td data-start=\"1434\" data-end=\"1440\" data-col-size=\"sm\">RAM<\/td>\n<td data-start=\"1440\" data-end=\"1452\" data-col-size=\"sm\"><strong data-start=\"1442\" data-end=\"1450\">6 Go<\/strong><\/td>\n<\/tr>\n<tr data-start=\"1453\" data-end=\"1478\">\n<td data-start=\"1453\" data-end=\"1464\" data-col-size=\"sm\">Stockage<\/td>\n<td data-start=\"1464\" data-end=\"1478\" data-col-size=\"sm\"><strong data-start=\"1466\" data-end=\"1476\">128 Go<\/strong><\/td>\n<\/tr>\n<tr data-start=\"1479\" data-end=\"1520\">\n<td data-start=\"1479\" data-end=\"1496\" data-col-size=\"sm\">Cam\u00e9ra arri\u00e8re<\/td>\n<td data-start=\"1496\" data-end=\"1520\" data-col-size=\"sm\"><strong data-start=\"1498\" data-end=\"1518\">12MP + 12MP (4K)<\/strong><\/td>\n<\/tr>\n<tr data-start=\"1521\" data-end=\"1556\">\n<td data-start=\"1521\" data-end=\"1539\" data-col-size=\"sm\">Cam\u00e9ra frontale<\/td>\n<td data-start=\"1539\" data-end=\"1556\" data-col-size=\"sm\"><strong data-start=\"1541\" data-end=\"1554\">12MP (4K)<\/strong><\/td>\n<\/tr>\n<tr data-start=\"1557\" data-end=\"1584\">\n<td data-start=\"1557\" data-end=\"1568\" data-col-size=\"sm\">Batterie<\/td>\n<td data-start=\"1568\" data-end=\"1584\" data-col-size=\"sm\"><strong data-start=\"1570\" data-end=\"1582\">4325 mAh<\/strong><\/td>\n<\/tr>\n<tr data-start=\"1585\" data-end=\"1608\">\n<td data-start=\"1585\" data-end=\"1591\" data-col-size=\"sm\">SIM<\/td>\n<td data-start=\"1591\" data-end=\"1608\" data-col-size=\"sm\"><strong data-start=\"1593\" data-end=\"1606\">Dual eSIM<\/strong><\/td>\n<\/tr>\n<tr data-start=\"1609\" data-end=\"1626\">\n<td data-start=\"1609\" data-end=\"1619\" data-col-size=\"sm\">Syst\u00e8me<\/td>\n<td data-start=\"1619\" data-end=\"1626\" data-col-size=\"sm\">iOS<\/td>\n<\/tr>\n<tr data-start=\"1627\" data-end=\"1648\">\n<td data-start=\"1627\" data-end=\"1640\" data-col-size=\"sm\">R\u00e9sistance<\/td>\n<td data-start=\"1640\" data-end=\"1648\" data-col-size=\"sm\">IP68<\/td>\n<\/tr>\n<\/tbody>\n<\/table>\n<\/div>\n<\/div>\n<hr data-start=\"1650\" data-end=\"1653\" \/>\n<h1 data-section-id=\"6f7tr2\" data-start=\"1655\" data-end=\"1676\">\ud83d\udce6 Contenu du colis<\/h1>\n<ul data-start=\"1678\" data-end=\"1774\">\n<li data-section-id=\"1a5piek\" data-start=\"1678\" data-end=\"1710\">\n<p data-start=\"1680\" data-end=\"1710\">1 \u00d7 <strong data-start=\"1684\" data-end=\"1708\">Apple iPhone 14 Plus<\/strong><\/p>\n<\/li>\n<li data-section-id=\"n9vnfw\" data-start=\"1711\" data-end=\"1745\">\n<p data-start=\"1713\" data-end=\"1745\">1 \u00d7 C\u00e2ble USB-C vers Lightning<\/p>\n<\/li>\n<li data-section-id=\"euolri\" data-start=\"1746\" data-end=\"1774\">\n<p data-start=\"1748\" data-end=\"1774\">1 \u00d7 Manuel d\u2019utilisation<\/p>\n<\/li>\n<\/ul>\n<hr data-start=\"1776\" data-end=\"1779\" \/>\n<p data-start=\"1781\" data-end=\"1897\" data-is-last-node=\"\" data-is-only-node=\"\">\ud83d\udcf1 <strong data-start=\"1784\" data-end=\"1897\" data-is-last-node=\"\">Un smartphone puissant avec un grand \u00e9cran et une autonomie exceptionnelle pour une exp\u00e9rience Apple premium.<\/strong><\/p>\n<\/div>\n<\/div>\n<\/div>\n<\/div>\n<\/div>\n<\/div>\n<\/article>\n<\/div>\n","protected":false},"excerpt":{"rendered":"<p>D\u00e9couvrez le Apple iPhone 14 Plus, un smartphone haut de gamme con\u00e7u pour offrir performance, autonomie exceptionnelle et photographie avanc\u00e9e. Avec son grand \u00e9cran Super Retina XDR de 6.7 pouces, profitez d\u2019une exp\u00e9rience immersive id\u00e9ale pour regarder des vid\u00e9os, jouer ou naviguer. Gr\u00e2ce \u00e0 la puissante puce Apple A15 Bionic, l\u2019iPhone 14 Plus garantit une&hellip;<\/p>\n","protected":false},"featured_media":17736,"comment_status":"open","ping_status":"closed","template":"","meta":[],"product_cat":[81],"product_tag":[],"class_list":{"0":"post-16476","1":"product","2":"type-product","3":"status-publish","4":"has-post-thumbnail","6":"product_brand-apple","7":"product_cat-iphone","9":"first","10":"instock","11":"sale","12":"shipping-taxable","13":"purchasable","14":"product-type-simple","15":"col-xs-6 col-sm-4","16":"col-md-3 col-lg-3","17":"un-4-cols"},"_links":{"self":[{"href":"https:\/\/www.vazy.market\/index.php\/wp-json\/wp\/v2\/product\/16476","targetHints":{"allow":["GET"]}}],"collection":[{"href":"https:\/\/www.vazy.market\/index.php\/wp-json\/wp\/v2\/product"}],"about":[{"href":"https:\/\/www.vazy.market\/index.php\/wp-json\/wp\/v2\/types\/product"}],"replies":[{"embeddable":true,"href":"https:\/\/www.vazy.market\/index.php\/wp-json\/wp\/v2\/comments?post=16476"}],"wp:featuredmedia":[{"embeddable":true,"href":"https:\/\/www.vazy.market\/index.php\/wp-json\/wp\/v2\/media\/17736"}],"wp:attachment":[{"href":"https:\/\/www.vazy.market\/index.php\/wp-json\/wp\/v2\/media?parent=16476"}],"wp:term":[{"taxonomy":"product_cat","embeddable":true,"href":"https:\/\/www.vazy.market\/index.php\/wp-json\/wp\/v2\/product_cat?post=16476"},{"taxonomy":"product_tag","embeddable":true,"href":"https:\/\/www.vazy.market\/index.php\/wp-json\/wp\/v2\/product_tag?post=16476"}],"curies":[{"name":"wp","href":"https:\/\/api.w.org\/{rel}","templated":true}]}}