{"id":16471,"date":"2026-03-13T09:46:24","date_gmt":"2026-03-13T09:46:24","guid":{"rendered":"https:\/\/www.vazy.market\/?post_type=product&#038;p=16471"},"modified":"2026-03-25T09:48:52","modified_gmt":"2026-03-25T09:48:52","slug":"google-pixel-7-pro-5g-6-7-128go12go-50mp48mp12-4k10-8mp-4k-dual-sim-5000mah","status":"publish","type":"product","link":"https:\/\/www.vazy.market\/index.php\/product\/google-pixel-7-pro-5g-6-7-128go12go-50mp48mp12-4k10-8mp-4k-dual-sim-5000mah\/","title":{"rendered":"\ud83d\udcf1 GOOGLE PIXEL 7 PRO 5G &#8211; 6.7&Prime; &#8211; 128Go|12Go &#8211; 50MP+48MP+12 4K|10.8MP 4K &#8211; Dual Sim &#8211; 5000mAh"},"content":{"rendered":"<div class=\"flex flex-col text-sm pb-25\">\n<article class=\"text-token-text-primary w-full focus:outline-none [--shadow-height:45px] has-data-writing-block:pointer-events-none has-data-writing-block:-mt-(--shadow-height) has-data-writing-block:pt-(--shadow-height) [&amp;:has([data-writing-block])&gt;*]:pointer-events-auto scroll-mt-[calc(var(--header-height)+min(200px,max(70px,20svh)))]\" dir=\"auto\" tabindex=\"-1\" data-turn-id=\"request-69add934-1d50-8332-91d7-d97a2ee2331f-1\" data-testid=\"conversation-turn-126\" data-scroll-anchor=\"true\" data-turn=\"assistant\">\n<div class=\"text-base my-auto mx-auto pb-10 [--thread-content-margin:var(--thread-content-margin-xs,calc(var(--spacing)*4))] @w-sm\/main:[--thread-content-margin:var(--thread-content-margin-sm,calc(var(--spacing)*6))] @w-lg\/main:[--thread-content-margin:var(--thread-content-margin-lg,calc(var(--spacing)*16))] px-(--thread-content-margin)\">\n<div class=\"[--thread-content-max-width:40rem] @w-lg\/main:[--thread-content-max-width:48rem] mx-auto max-w-(--thread-content-max-width) flex-1 group\/turn-messages focus-visible:outline-hidden relative flex w-full min-w-0 flex-col agent-turn\" tabindex=\"-1\">\n<div class=\"flex max-w-full flex-col gap-4 grow\">\n<div class=\"min-h-8 text-message relative flex w-full flex-col items-end gap-2 text-start break-words whitespace-normal [.text-message+&amp;]:mt-1\" dir=\"auto\" data-message-author-role=\"assistant\" data-message-id=\"035e47ee-cd36-438d-8a06-026449d0f7b1\" data-message-model-slug=\"gpt-5-3\">\n<div class=\"flex w-full flex-col gap-1 empty:hidden\">\n<div class=\"markdown prose dark:prose-invert w-full wrap-break-word light markdown-new-styling\">\n<p data-start=\"102\" data-end=\"394\">D\u00e9couvrez le <strong data-start=\"115\" data-end=\"137\">Google Pixel 7 Pro<\/strong>, un smartphone premium con\u00e7u par Google pour offrir <strong data-start=\"190\" data-end=\"262\">puissance, intelligence artificielle et photographie professionnelle<\/strong>. Gr\u00e2ce au processeur <strong data-start=\"284\" data-end=\"304\">Google Tensor G2<\/strong>, ce t\u00e9l\u00e9phone offre une exp\u00e9rience rapide, fluide et parfaitement optimis\u00e9e avec Android.<\/p>\n<p data-start=\"396\" data-end=\"571\">Son <strong data-start=\"400\" data-end=\"472\">grand \u00e9cran AMOLED de 6.7 pouces avec taux de rafra\u00eechissement 120Hz<\/strong> offre une qualit\u00e9 d\u2019image exceptionnelle pour regarder des vid\u00e9os, jouer ou naviguer sur internet.<\/p>\n<p data-start=\"573\" data-end=\"712\">Le <strong data-start=\"576\" data-end=\"608\">triple appareil photo avanc\u00e9<\/strong> permet de capturer des photos et vid\u00e9os ultra d\u00e9taill\u00e9es gr\u00e2ce \u00e0 l\u2019intelligence artificielle de Google.<\/p>\n<hr data-start=\"714\" data-end=\"717\" \/>\n<h1 data-section-id=\"gug16d\" data-start=\"719\" data-end=\"735\">\u2b50 Points forts<\/h1>\n<p data-start=\"737\" data-end=\"1091\">\u2714 \ud83d\udcf1 <strong data-start=\"742\" data-end=\"793\">Grand \u00e9cran AMOLED 6.7&Prime; QHD+ 120Hz ultra fluide<\/strong><br data-start=\"793\" data-end=\"796\" \/>\u2714 \ud83d\udcf8 <strong data-start=\"801\" data-end=\"849\">Triple cam\u00e9ra professionnelle avec IA Google<\/strong><br data-start=\"849\" data-end=\"852\" \/>\u2714 \u26a1 <strong data-start=\"856\" data-end=\"904\">Processeur Google Tensor G2 ultra performant<\/strong><br data-start=\"904\" data-end=\"907\" \/>\u2714 \ud83d\udcf6 <strong data-start=\"912\" data-end=\"949\">Compatible r\u00e9seau 5G ultra rapide<\/strong><br data-start=\"949\" data-end=\"952\" \/>\u2714 \ud83d\udd0b <strong data-start=\"957\" data-end=\"990\">Batterie longue dur\u00e9e 5000mAh<\/strong><br data-start=\"990\" data-end=\"993\" \/>\u2714 \ud83d\udd10 <strong data-start=\"998\" data-end=\"1037\">S\u00e9curit\u00e9 avanc\u00e9e avec puce Titan M2<\/strong><br data-start=\"1037\" data-end=\"1040\" \/>\u2714 \ud83d\udca7 <strong data-start=\"1045\" data-end=\"1091\">R\u00e9sistant \u00e0 l\u2019eau et \u00e0 la poussi\u00e8re (IP68)<\/strong><\/p>\n<hr data-start=\"1093\" data-end=\"1096\" \/>\n<h1 data-section-id=\"1wxtg7y\" data-start=\"1098\" data-end=\"1125\">\ud83d\udcf8 Cam\u00e9ra professionnelle<\/h1>\n<ul data-start=\"1127\" data-end=\"1316\">\n<li data-section-id=\"m42rc2\" data-start=\"1127\" data-end=\"1163\">\n<p data-start=\"1129\" data-end=\"1163\">\ud83d\udcf7 <strong data-start=\"1132\" data-end=\"1161\">Cam\u00e9ra principale : 50 MP<\/strong><\/p>\n<\/li>\n<li data-section-id=\"145b7lh\" data-start=\"1164\" data-end=\"1209\">\n<p data-start=\"1166\" data-end=\"1209\">\ud83d\udd2d <strong data-start=\"1169\" data-end=\"1207\">T\u00e9l\u00e9objectif : 48 MP (Zoom avanc\u00e9)<\/strong><\/p>\n<\/li>\n<li data-section-id=\"1y2bq0h\" data-start=\"1210\" data-end=\"1246\">\n<p data-start=\"1212\" data-end=\"1246\">\ud83c\udf0d <strong data-start=\"1215\" data-end=\"1244\">Ultra grand-angle : 12 MP<\/strong><\/p>\n<\/li>\n<li data-section-id=\"1s0p6zt\" data-start=\"1247\" data-end=\"1283\">\n<p data-start=\"1249\" data-end=\"1283\">\ud83e\udd33 <strong data-start=\"1252\" data-end=\"1281\">Cam\u00e9ra frontale : 10.8 MP<\/strong><\/p>\n<\/li>\n<li data-section-id=\"16zhkjn\" data-start=\"1284\" data-end=\"1316\">\n<p data-start=\"1286\" data-end=\"1316\">\ud83c\udfa5 <strong data-start=\"1289\" data-end=\"1316\">Enregistrement vid\u00e9o 4K<\/strong><\/p>\n<\/li>\n<\/ul>\n<hr data-start=\"1318\" data-end=\"1321\" \/>\n<h1 data-section-id=\"1gx1fos\" data-start=\"1323\" data-end=\"1343\">\ud83d\udcca Fiche Technique<\/h1>\n<div class=\"TyagGW_tableContainer\">\n<div class=\"group TyagGW_tableWrapper flex flex-col-reverse w-fit\" tabindex=\"-1\">\n<table class=\"w-fit min-w-(--thread-content-width)\" data-start=\"1345\" data-end=\"1788\">\n<thead data-start=\"1345\" data-end=\"1374\">\n<tr data-start=\"1345\" data-end=\"1374\">\n<th class=\"\" data-start=\"1345\" data-end=\"1363\" data-col-size=\"sm\">Caract\u00e9ristique<\/th>\n<th class=\"\" data-start=\"1363\" data-end=\"1374\" data-col-size=\"sm\">D\u00e9tails<\/th>\n<\/tr>\n<\/thead>\n<tbody data-start=\"1385\" data-end=\"1788\">\n<tr data-start=\"1385\" data-end=\"1404\">\n<td data-start=\"1385\" data-end=\"1394\" data-col-size=\"sm\">Marque<\/td>\n<td data-start=\"1394\" data-end=\"1404\" data-col-size=\"sm\">Google<\/td>\n<\/tr>\n<tr data-start=\"1405\" data-end=\"1433\">\n<td data-start=\"1405\" data-end=\"1414\" data-col-size=\"sm\">Mod\u00e8le<\/td>\n<td data-start=\"1414\" data-end=\"1433\" data-col-size=\"sm\"><strong data-start=\"1416\" data-end=\"1431\">Pixel 7 Pro<\/strong><\/td>\n<\/tr>\n<tr data-start=\"1434\" data-end=\"1449\">\n<td data-start=\"1434\" data-end=\"1443\" data-col-size=\"sm\">R\u00e9seau<\/td>\n<td data-start=\"1443\" data-end=\"1449\" data-col-size=\"sm\">5G<\/td>\n<\/tr>\n<tr data-start=\"1450\" data-end=\"1488\">\n<td data-start=\"1450\" data-end=\"1458\" data-col-size=\"sm\">\u00c9cran<\/td>\n<td data-start=\"1458\" data-end=\"1488\" data-col-size=\"sm\"><strong data-start=\"1460\" data-end=\"1486\">6.7 pouces AMOLED LTPO<\/strong><\/td>\n<\/tr>\n<tr data-start=\"1489\" data-end=\"1510\">\n<td data-start=\"1489\" data-end=\"1502\" data-col-size=\"sm\">R\u00e9solution<\/td>\n<td data-start=\"1502\" data-end=\"1510\" data-col-size=\"sm\">QHD+<\/td>\n<\/tr>\n<tr data-start=\"1511\" data-end=\"1548\">\n<td data-start=\"1511\" data-end=\"1538\" data-col-size=\"sm\">Taux de rafra\u00eechissement<\/td>\n<td data-col-size=\"sm\" data-start=\"1538\" data-end=\"1548\">120 Hz<\/td>\n<\/tr>\n<tr data-start=\"1549\" data-end=\"1582\">\n<td data-start=\"1549\" data-end=\"1562\" data-col-size=\"sm\">Processeur<\/td>\n<td data-start=\"1562\" data-end=\"1582\" data-col-size=\"sm\">Google Tensor G2<\/td>\n<\/tr>\n<tr data-start=\"1583\" data-end=\"1602\">\n<td data-start=\"1583\" data-end=\"1589\" data-col-size=\"sm\">RAM<\/td>\n<td data-start=\"1589\" data-end=\"1602\" data-col-size=\"sm\"><strong data-start=\"1591\" data-end=\"1600\">12 Go<\/strong><\/td>\n<\/tr>\n<tr data-start=\"1603\" data-end=\"1628\">\n<td data-start=\"1603\" data-end=\"1614\" data-col-size=\"sm\">Stockage<\/td>\n<td data-start=\"1614\" data-end=\"1628\" data-col-size=\"sm\"><strong data-start=\"1616\" data-end=\"1626\">128 Go<\/strong><\/td>\n<\/tr>\n<tr data-start=\"1629\" data-end=\"1677\">\n<td data-start=\"1629\" data-end=\"1646\" data-col-size=\"sm\">Cam\u00e9ra arri\u00e8re<\/td>\n<td data-start=\"1646\" data-end=\"1677\" data-col-size=\"sm\"><strong data-start=\"1648\" data-end=\"1675\">50MP + 48MP + 12MP (4K)<\/strong><\/td>\n<\/tr>\n<tr data-start=\"1678\" data-end=\"1715\">\n<td data-start=\"1678\" data-end=\"1696\" data-col-size=\"sm\">Cam\u00e9ra frontale<\/td>\n<td data-start=\"1696\" data-end=\"1715\" data-col-size=\"sm\"><strong data-start=\"1698\" data-end=\"1713\">10.8MP (4K)<\/strong><\/td>\n<\/tr>\n<tr data-start=\"1716\" data-end=\"1743\">\n<td data-start=\"1716\" data-end=\"1727\" data-col-size=\"sm\">Batterie<\/td>\n<td data-start=\"1727\" data-end=\"1743\" data-col-size=\"sm\"><strong data-start=\"1729\" data-end=\"1741\">5000 mAh<\/strong><\/td>\n<\/tr>\n<tr data-start=\"1744\" data-end=\"1766\">\n<td data-start=\"1744\" data-end=\"1750\" data-col-size=\"sm\">SIM<\/td>\n<td data-col-size=\"sm\" data-start=\"1750\" data-end=\"1766\"><strong data-start=\"1752\" data-end=\"1764\">Dual SIM<\/strong><\/td>\n<\/tr>\n<tr data-start=\"1767\" data-end=\"1788\">\n<td data-start=\"1767\" data-end=\"1777\" data-col-size=\"sm\">Syst\u00e8me<\/td>\n<td data-start=\"1777\" data-end=\"1788\" data-col-size=\"sm\">Android<\/td>\n<\/tr>\n<\/tbody>\n<\/table>\n<\/div>\n<\/div>\n<hr data-start=\"1790\" data-end=\"1793\" \/>\n<h1 data-section-id=\"6f7tr2\" data-start=\"1795\" data-end=\"1816\">\ud83d\udce6 Contenu du colis<\/h1>\n<ul data-start=\"1818\" data-end=\"1929\">\n<li data-section-id=\"sq8nqt\" data-start=\"1818\" data-end=\"1848\">\n<p data-start=\"1820\" data-end=\"1848\">1 \u00d7 <strong data-start=\"1824\" data-end=\"1846\">Google Pixel 7 Pro<\/strong><\/p>\n<\/li>\n<li data-section-id=\"1cuiaz2\" data-start=\"1849\" data-end=\"1868\">\n<p data-start=\"1851\" data-end=\"1868\">1 \u00d7 C\u00e2ble USB-C<\/p>\n<\/li>\n<li data-section-id=\"6dfd8n\" data-start=\"1869\" data-end=\"1900\">\n<p data-start=\"1871\" data-end=\"1900\">1 \u00d7 Adaptateur de transfert<\/p>\n<\/li>\n<li data-section-id=\"euolri\" data-start=\"1901\" data-end=\"1929\">\n<p data-start=\"1903\" data-end=\"1929\">1 \u00d7 Manuel d\u2019utilisation<\/p>\n<\/li>\n<\/ul>\n<hr data-start=\"1931\" data-end=\"1934\" \/>\n<blockquote>\n<p data-start=\"1936\" data-end=\"2070\" data-is-last-node=\"\" data-is-only-node=\"\">\ud83d\udcf1 <strong data-start=\"1939\" data-end=\"2070\" data-is-last-node=\"\">Le Google Pixel 7 Pro combine puissance, photographie avanc\u00e9e et intelligence Google pour une exp\u00e9rience mobile exceptionnelle.<\/strong><\/p>\n<\/blockquote>\n<\/div>\n<\/div>\n<\/div>\n<\/div>\n<\/div>\n<\/div>\n<\/article>\n<\/div>\n","protected":false},"excerpt":{"rendered":"<p>D\u00e9couvrez le Google Pixel 7 Pro, un smartphone premium con\u00e7u par Google pour offrir puissance, intelligence artificielle et photographie professionnelle. Gr\u00e2ce au processeur Google Tensor G2, ce t\u00e9l\u00e9phone offre une exp\u00e9rience rapide, fluide et parfaitement optimis\u00e9e avec Android. Son grand \u00e9cran AMOLED de 6.7 pouces avec taux de rafra\u00eechissement 120Hz offre une qualit\u00e9 d\u2019image exceptionnelle&hellip;<\/p>\n","protected":false},"featured_media":16473,"comment_status":"open","ping_status":"closed","template":"","meta":[],"product_cat":[80],"product_tag":[],"class_list":{"0":"post-16471","1":"product","2":"type-product","3":"status-publish","4":"has-post-thumbnail","6":"product_brand-google-pixel","7":"product_cat-google-pixel","9":"first","10":"instock","11":"sale","12":"shipping-taxable","13":"purchasable","14":"product-type-simple","15":"col-xs-6 col-sm-4","16":"col-md-3 col-lg-3","17":"un-4-cols"},"_links":{"self":[{"href":"https:\/\/www.vazy.market\/index.php\/wp-json\/wp\/v2\/product\/16471","targetHints":{"allow":["GET"]}}],"collection":[{"href":"https:\/\/www.vazy.market\/index.php\/wp-json\/wp\/v2\/product"}],"about":[{"href":"https:\/\/www.vazy.market\/index.php\/wp-json\/wp\/v2\/types\/product"}],"replies":[{"embeddable":true,"href":"https:\/\/www.vazy.market\/index.php\/wp-json\/wp\/v2\/comments?post=16471"}],"wp:featuredmedia":[{"embeddable":true,"href":"https:\/\/www.vazy.market\/index.php\/wp-json\/wp\/v2\/media\/16473"}],"wp:attachment":[{"href":"https:\/\/www.vazy.market\/index.php\/wp-json\/wp\/v2\/media?parent=16471"}],"wp:term":[{"taxonomy":"product_cat","embeddable":true,"href":"https:\/\/www.vazy.market\/index.php\/wp-json\/wp\/v2\/product_cat?post=16471"},{"taxonomy":"product_tag","embeddable":true,"href":"https:\/\/www.vazy.market\/index.php\/wp-json\/wp\/v2\/product_tag?post=16471"}],"curies":[{"name":"wp","href":"https:\/\/api.w.org\/{rel}","templated":true}]}}