{"id":16460,"date":"2026-03-11T21:55:58","date_gmt":"2026-03-11T21:55:58","guid":{"rendered":"https:\/\/www.vazy.market\/?post_type=product&#038;p=16460"},"modified":"2026-03-25T10:03:52","modified_gmt":"2026-03-25T10:03:52","slug":"toshiba-canvio-basics-portable-hard-drive","status":"publish","type":"product","link":"https:\/\/www.vazy.market\/index.php\/product\/toshiba-canvio-basics-portable-hard-drive\/","title":{"rendered":"\ud83d\udcbe Toshiba Canvio Basics Portable Hard Drive"},"content":{"rendered":"<div class=\"flex h-svh w-screen flex-col\">\n<div class=\"relative z-0 flex min-h-0 w-full flex-1\">\n<div class=\"relative flex min-h-0 w-full flex-1\">\n<div class=\"@container\/main relative flex min-w-0 flex-1 flex-col -translate-y-[calc(env(safe-area-inset-bottom,0px)\/2)] pt-[calc(env(safe-area-inset-bottom,0px)\/2)]\">\n<div class=\"@w-sm\/main:[scrollbar-gutter:stable_both-edges] touch:[scrollbar-width:none] relative flex min-h-0 min-w-0 flex-1 flex-col [scrollbar-gutter:stable] not-print:overflow-x-clip not-print:overflow-y-auto scroll-pt-(--header-height) [--sticky-padding-top:var(--header-height)] has-data-[fixed-header=less-than-xl]:@w-xl\/main:scroll-pt-0 has-data-[fixed-header=less-than-xl]:@w-xl\/main:[--sticky-padding-top:0px] has-data-[fixed-header=less-than-xxl]:@w-2xl\/main:scroll-pt-0 has-data-[fixed-header=less-than-xxl]:@w-2xl\/main:[--sticky-padding-top:0px]\" data-scroll-root=\"\">\n<p>&nbsp;<\/p>\n<div id=\"thread\" class=\"group\/thread flex flex-col min-h-full\">\n<div class=\"composer-parent flex flex-1 flex-col focus-visible:outline-0\" role=\"presentation\">\n<div class=\"relative basis-auto flex-col -mb-(--composer-overlap-px) [--composer-overlap-px:28px] grow flex\">\n<div class=\"flex flex-col text-sm pb-25\">\n<article class=\"text-token-text-primary w-full focus:outline-none [--shadow-height:45px] has-data-writing-block:pointer-events-none has-data-writing-block:-mt-(--shadow-height) has-data-writing-block:pt-(--shadow-height) [&amp;:has([data-writing-block])&gt;*]:pointer-events-auto scroll-mt-[calc(var(--header-height)+min(200px,max(70px,20svh)))]\" dir=\"auto\" tabindex=\"-1\" data-turn-id=\"request-69add934-1d50-8332-91d7-d97a2ee2331f-8\" data-testid=\"conversation-turn-120\" data-scroll-anchor=\"true\" data-turn=\"assistant\">\n<div class=\"text-base my-auto mx-auto pb-10 [--thread-content-margin:var(--thread-content-margin-xs,calc(var(--spacing)*4))] @w-sm\/main:[--thread-content-margin:var(--thread-content-margin-sm,calc(var(--spacing)*6))] @w-lg\/main:[--thread-content-margin:var(--thread-content-margin-lg,calc(var(--spacing)*16))] px-(--thread-content-margin)\">\n<div class=\"[--thread-content-max-width:40rem] @w-lg\/main:[--thread-content-max-width:48rem] mx-auto max-w-(--thread-content-max-width) flex-1 group\/turn-messages focus-visible:outline-hidden relative flex w-full min-w-0 flex-col agent-turn\" tabindex=\"-1\">\n<div class=\"flex max-w-full flex-col gap-4 grow\">\n<div class=\"min-h-8 text-message relative flex w-full flex-col items-end gap-2 text-start break-words whitespace-normal [.text-message+&amp;]:mt-1\" dir=\"auto\" data-message-author-role=\"assistant\" data-message-id=\"5d03ac91-acd0-4454-9fe3-bdfa1f559352\" data-message-model-slug=\"gpt-5-3\">\n<div class=\"flex w-full flex-col gap-1 empty:hidden\">\n<div class=\"markdown prose dark:prose-invert w-full wrap-break-word light markdown-new-styling\">\n<p data-start=\"53\" data-end=\"278\">Stockez, transportez et prot\u00e9gez facilement vos fichiers avec le <strong data-start=\"118\" data-end=\"163\">Toshiba Canvio Basics Portable Hard Drive<\/strong>, un disque dur externe fiable con\u00e7u pour <strong data-start=\"205\" data-end=\"277\">sauvegarder vos documents, photos, vid\u00e9os et fichiers professionnels<\/strong>.<\/p>\n<p data-start=\"280\" data-end=\"500\">Gr\u00e2ce \u00e0 sa <strong data-start=\"291\" data-end=\"315\">connexion USB rapide<\/strong>, il permet de transf\u00e9rer vos donn\u00e9es rapidement et de lib\u00e9rer de l\u2019espace sur votre ordinateur. Son <strong data-start=\"416\" data-end=\"445\">design compact et \u00e9l\u00e9gant<\/strong> le rend facile \u00e0 transporter dans un sac ou une poche.<\/p>\n<p data-start=\"502\" data-end=\"628\">Le <strong data-start=\"505\" data-end=\"522\">Canvio Basics<\/strong> est pr\u00eat \u00e0 l\u2019emploi : il suffit de le connecter \u00e0 votre ordinateur pour commencer \u00e0 stocker vos fichiers.<\/p>\n<hr data-start=\"630\" data-end=\"633\" \/>\n<h1 data-section-id=\"gug16d\" data-start=\"635\" data-end=\"651\">\u2b50 Points forts<\/h1>\n<p data-start=\"653\" data-end=\"933\">\u2714 \ud83d\udcbe <strong data-start=\"658\" data-end=\"705\">Grande capacit\u00e9 de stockage (500 Go \/ 1 To)<\/strong><br data-start=\"705\" data-end=\"708\" \/>\u2714 \u26a1 <strong data-start=\"712\" data-end=\"740\">Transfert rapide via USB<\/strong><br data-start=\"740\" data-end=\"743\" \/>\u2714 \ud83e\uddf3 <strong data-start=\"748\" data-end=\"778\">Design compact et portable<\/strong><br data-start=\"778\" data-end=\"781\" \/>\u2714 \ud83d\udda5 <strong data-start=\"786\" data-end=\"831\">Compatible avec PC et ordinateur portable<\/strong><br data-start=\"831\" data-end=\"834\" \/>\u2714 \ud83d\udd0c <strong data-start=\"839\" data-end=\"887\">Plug &amp; Play \u2013 aucune installation n\u00e9cessaire<\/strong><br data-start=\"887\" data-end=\"890\" \/>\u2714 \ud83d\udee1 <strong data-start=\"895\" data-end=\"933\">Protection fiable pour vos donn\u00e9es<\/strong><\/p>\n<hr data-start=\"935\" data-end=\"938\" \/>\n<h1 data-section-id=\"12xkts0\" data-start=\"940\" data-end=\"956\">\ud83d\udda5\ufe0f Id\u00e9al pour<\/h1>\n<ul data-start=\"958\" data-end=\"1140\">\n<li data-section-id=\"eb3l7l\" data-start=\"958\" data-end=\"984\">\n<p data-start=\"960\" data-end=\"984\">Sauvegarde de fichiers<\/p>\n<\/li>\n<li data-section-id=\"vngs3u\" data-start=\"985\" data-end=\"1017\">\n<p data-start=\"987\" data-end=\"1017\">Stockage de photos et vid\u00e9os<\/p>\n<\/li>\n<li data-section-id=\"1i1y99n\" data-start=\"1018\" data-end=\"1058\">\n<p data-start=\"1020\" data-end=\"1058\">Transfert de donn\u00e9es entre appareils<\/p>\n<\/li>\n<li data-section-id=\"e3xl1f\" data-start=\"1059\" data-end=\"1100\">\n<p data-start=\"1061\" data-end=\"1100\">Archivage de documents professionnels<\/p>\n<\/li>\n<li data-section-id=\"75xqte\" data-start=\"1101\" data-end=\"1140\">\n<p data-start=\"1103\" data-end=\"1140\">Extension de stockage pour ordinateur<\/p>\n<\/li>\n<\/ul>\n<hr data-start=\"1142\" data-end=\"1145\" \/>\n<h1 data-section-id=\"1gx1fos\" data-start=\"1147\" data-end=\"1167\">\ud83d\udcca Fiche Technique<\/h1>\n<div class=\"TyagGW_tableContainer\">\n<div class=\"group TyagGW_tableWrapper flex flex-col-reverse w-fit\" tabindex=\"-1\">\n<table class=\"w-fit min-w-(--thread-content-width)\" data-start=\"1169\" data-end=\"1505\">\n<thead data-start=\"1169\" data-end=\"1198\">\n<tr data-start=\"1169\" data-end=\"1198\">\n<th class=\"\" data-start=\"1169\" data-end=\"1187\" data-col-size=\"sm\">Caract\u00e9ristique<\/th>\n<th class=\"\" data-start=\"1187\" data-end=\"1198\" data-col-size=\"sm\">D\u00e9tails<\/th>\n<\/tr>\n<\/thead>\n<tbody data-start=\"1209\" data-end=\"1505\">\n<tr data-start=\"1209\" data-end=\"1229\">\n<td data-start=\"1209\" data-end=\"1218\" data-col-size=\"sm\">Marque<\/td>\n<td data-start=\"1218\" data-end=\"1229\" data-col-size=\"sm\">Toshiba<\/td>\n<\/tr>\n<tr data-start=\"1230\" data-end=\"1260\">\n<td data-start=\"1230\" data-end=\"1239\" data-col-size=\"sm\">Mod\u00e8le<\/td>\n<td data-col-size=\"sm\" data-start=\"1239\" data-end=\"1260\"><strong data-start=\"1241\" data-end=\"1258\">Canvio Basics<\/strong><\/td>\n<\/tr>\n<tr data-start=\"1261\" data-end=\"1299\">\n<td data-start=\"1261\" data-end=\"1268\" data-col-size=\"sm\">Type<\/td>\n<td data-start=\"1268\" data-end=\"1299\" data-col-size=\"sm\">Disque dur externe portable<\/td>\n<\/tr>\n<tr data-start=\"1300\" data-end=\"1345\">\n<td data-start=\"1300\" data-end=\"1324\" data-col-size=\"sm\">Capacit\u00e9s disponibles<\/td>\n<td data-start=\"1324\" data-end=\"1345\" data-col-size=\"sm\"><strong data-start=\"1326\" data-end=\"1343\">500 Go \/ 1 To<\/strong><\/td>\n<\/tr>\n<tr data-start=\"1346\" data-end=\"1390\">\n<td data-start=\"1346\" data-end=\"1358\" data-col-size=\"sm\">Interface<\/td>\n<td data-start=\"1358\" data-end=\"1390\" data-col-size=\"sm\">USB 3.0 (compatible USB 2.0)<\/td>\n<\/tr>\n<tr data-start=\"1391\" data-end=\"1431\">\n<td data-start=\"1391\" data-end=\"1414\" data-col-size=\"sm\">Vitesse de transfert<\/td>\n<td data-col-size=\"sm\" data-start=\"1414\" data-end=\"1431\">Haute vitesse<\/td>\n<\/tr>\n<tr data-start=\"1432\" data-end=\"1453\">\n<td data-start=\"1432\" data-end=\"1441\" data-col-size=\"sm\">Format<\/td>\n<td data-start=\"1441\" data-end=\"1453\" data-col-size=\"sm\">Portable<\/td>\n<\/tr>\n<tr data-start=\"1454\" data-end=\"1486\">\n<td data-start=\"1454\" data-end=\"1470\" data-col-size=\"sm\">Compatibilit\u00e9<\/td>\n<td data-start=\"1470\" data-end=\"1486\" data-col-size=\"sm\">Windows \/ PC<\/td>\n<\/tr>\n<tr data-start=\"1487\" data-end=\"1505\">\n<td data-start=\"1487\" data-end=\"1497\" data-col-size=\"sm\">Couleur<\/td>\n<td data-start=\"1497\" data-end=\"1505\" data-col-size=\"sm\">Noir<\/td>\n<\/tr>\n<\/tbody>\n<\/table>\n<\/div>\n<\/div>\n<hr data-start=\"1507\" data-end=\"1510\" \/>\n<h1 data-section-id=\"6f7tr2\" data-start=\"1512\" data-end=\"1533\">\ud83d\udce6 Contenu du colis<\/h1>\n<ul data-start=\"1535\" data-end=\"1635\">\n<li data-section-id=\"lbfoep\" data-start=\"1535\" data-end=\"1588\">\n<p data-start=\"1537\" data-end=\"1588\">1 \u00d7 <strong data-start=\"1541\" data-end=\"1586\">Toshiba Canvio Basics Portable Hard Drive<\/strong><\/p>\n<\/li>\n<li data-section-id=\"ym4feo\" data-start=\"1589\" data-end=\"1606\">\n<p data-start=\"1591\" data-end=\"1606\">1 \u00d7 C\u00e2ble USB<\/p>\n<\/li>\n<li data-section-id=\"euolri\" data-start=\"1607\" data-end=\"1635\">\n<p data-start=\"1609\" data-end=\"1635\">1 \u00d7 Manuel d\u2019utilisation<\/p>\n<\/li>\n<\/ul>\n<hr data-start=\"1730\" data-end=\"1733\" \/>\n<p data-start=\"1735\" data-end=\"1823\" data-is-last-node=\"\" data-is-only-node=\"\">\ud83d\udcbe <strong data-start=\"1738\" data-end=\"1823\" data-is-last-node=\"\">La solution id\u00e9ale pour sauvegarder et transporter vos donn\u00e9es en toute s\u00e9curit\u00e9.<\/strong><\/p>\n<\/div>\n<\/div>\n<\/div>\n<\/div>\n<\/div>\n<\/div>\n<\/article>\n<\/div>\n<\/div>\n<\/div>\n<\/div>\n<p>&nbsp;<\/p>\n<\/div>\n<\/div>\n<\/div>\n<\/div>\n<\/div>\n","protected":false},"excerpt":{"rendered":"<p>&nbsp; Stockez, transportez et prot\u00e9gez facilement vos fichiers avec le Toshiba Canvio Basics Portable Hard Drive, un disque dur externe fiable con\u00e7u pour sauvegarder vos documents, photos, vid\u00e9os et fichiers professionnels. Gr\u00e2ce \u00e0 sa connexion USB rapide, il permet de transf\u00e9rer vos donn\u00e9es rapidement et de lib\u00e9rer de l\u2019espace sur votre ordinateur. Son design compact&hellip;<\/p>\n","protected":false},"featured_media":16463,"comment_status":"open","ping_status":"closed","template":"","meta":[],"product_cat":[90],"product_tag":[],"class_list":{"0":"post-16460","1":"product","2":"type-product","3":"status-publish","4":"has-post-thumbnail","6":"product_brand-toshiba","7":"product_cat-accessoires-informatique","9":"first","10":"instock","11":"sale","12":"shipping-taxable","13":"purchasable","14":"product-type-variable","15":"col-xs-6 col-sm-4","16":"col-md-3 col-lg-3","17":"un-4-cols"},"_links":{"self":[{"href":"https:\/\/www.vazy.market\/index.php\/wp-json\/wp\/v2\/product\/16460","targetHints":{"allow":["GET"]}}],"collection":[{"href":"https:\/\/www.vazy.market\/index.php\/wp-json\/wp\/v2\/product"}],"about":[{"href":"https:\/\/www.vazy.market\/index.php\/wp-json\/wp\/v2\/types\/product"}],"replies":[{"embeddable":true,"href":"https:\/\/www.vazy.market\/index.php\/wp-json\/wp\/v2\/comments?post=16460"}],"wp:featuredmedia":[{"embeddable":true,"href":"https:\/\/www.vazy.market\/index.php\/wp-json\/wp\/v2\/media\/16463"}],"wp:attachment":[{"href":"https:\/\/www.vazy.market\/index.php\/wp-json\/wp\/v2\/media?parent=16460"}],"wp:term":[{"taxonomy":"product_cat","embeddable":true,"href":"https:\/\/www.vazy.market\/index.php\/wp-json\/wp\/v2\/product_cat?post=16460"},{"taxonomy":"product_tag","embeddable":true,"href":"https:\/\/www.vazy.market\/index.php\/wp-json\/wp\/v2\/product_tag?post=16460"}],"curies":[{"name":"wp","href":"https:\/\/api.w.org\/{rel}","templated":true}]}}