{"id":16454,"date":"2026-03-11T21:20:21","date_gmt":"2026-03-11T21:20:21","guid":{"rendered":"https:\/\/www.vazy.market\/?post_type=product&#038;p=16454"},"modified":"2026-03-25T10:05:40","modified_gmt":"2026-03-25T10:05:40","slug":"hoco-eq2-wireless-bt-headset-true-wireless-earbuds","status":"publish","type":"product","link":"https:\/\/www.vazy.market\/index.php\/product\/hoco-eq2-wireless-bt-headset-true-wireless-earbuds\/","title":{"rendered":"\ud83c\udfa7 Hoco EQ2 Wireless BT Headset (True Wireless Earbuds)"},"content":{"rendered":"<div class=\"flex flex-col text-sm pb-25\">\n<article class=\"text-token-text-primary w-full focus:outline-none [--shadow-height:45px] has-data-writing-block:pointer-events-none has-data-writing-block:-mt-(--shadow-height) has-data-writing-block:pt-(--shadow-height) [&amp;:has([data-writing-block])&gt;*]:pointer-events-auto scroll-mt-[calc(var(--header-height)+min(200px,max(70px,20svh)))]\" dir=\"auto\" tabindex=\"-1\" data-turn-id=\"40723e9f-3b69-4776-be04-9c5cf88afd18\" data-testid=\"conversation-turn-118\" data-scroll-anchor=\"true\" data-turn=\"assistant\">\n<div class=\"text-base my-auto mx-auto pb-10 [--thread-content-margin:var(--thread-content-margin-xs,calc(var(--spacing)*4))] @w-sm\/main:[--thread-content-margin:var(--thread-content-margin-sm,calc(var(--spacing)*6))] @w-lg\/main:[--thread-content-margin:var(--thread-content-margin-lg,calc(var(--spacing)*16))] px-(--thread-content-margin)\">\n<div class=\"[--thread-content-max-width:40rem] @w-lg\/main:[--thread-content-max-width:48rem] mx-auto max-w-(--thread-content-max-width) flex-1 group\/turn-messages focus-visible:outline-hidden relative flex w-full min-w-0 flex-col agent-turn\" tabindex=\"-1\">\n<div class=\"flex max-w-full flex-col gap-4 grow\">\n<div class=\"min-h-8 text-message relative flex w-full flex-col items-end gap-2 text-start break-words whitespace-normal [.text-message+&amp;]:mt-1\" dir=\"auto\" data-message-author-role=\"assistant\" data-message-id=\"40723e9f-3b69-4776-be04-9c5cf88afd18\" data-message-model-slug=\"gpt-5-3\">\n<div class=\"flex w-full flex-col gap-1 empty:hidden\">\n<div class=\"markdown prose dark:prose-invert w-full wrap-break-word light markdown-new-styling\">\n<p data-start=\"64\" data-end=\"261\">Profitez d\u2019une exp\u00e9rience audio sans fil avec les <strong data-start=\"114\" data-end=\"146\">Hoco EQ2 Wireless BT Headset<\/strong>, des \u00e9couteurs Bluetooth modernes con\u00e7us pour offrir <strong data-start=\"200\" data-end=\"260\">un son clair, un confort optimal et une connexion rapide<\/strong>.<\/p>\n<p data-start=\"263\" data-end=\"549\">Gr\u00e2ce \u00e0 la <strong data-start=\"274\" data-end=\"316\">technologie True Wireless Stereo (TWS)<\/strong>, ces \u00e9couteurs permettent d\u2019\u00e9couter votre musique, regarder des vid\u00e9os ou passer des appels <strong data-start=\"409\" data-end=\"429\">sans aucun c\u00e2ble<\/strong>. Leur <strong data-start=\"436\" data-end=\"465\">bo\u00eetier de charge compact<\/strong> assure une recharge rapide et une bonne autonomie pour une utilisation quotidienne.<\/p>\n<p data-start=\"551\" data-end=\"687\">Le design ergonomique des \u00e9couteurs garantit <strong data-start=\"596\" data-end=\"633\">un maintien confortable et stable<\/strong>, id\u00e9al pour le travail, les d\u00e9placements ou le sport.<\/p>\n<hr data-start=\"689\" data-end=\"692\" \/>\n<h1 data-section-id=\"gug16d\" data-start=\"694\" data-end=\"710\">\u2b50 Points forts<\/h1>\n<p data-start=\"712\" data-end=\"1029\">\u2714 \ud83c\udfa7 <strong data-start=\"717\" data-end=\"759\">Technologie True Wireless Stereo (TWS)<\/strong><br data-start=\"759\" data-end=\"762\" \/>\u2714 \ud83d\udd0a <strong data-start=\"767\" data-end=\"804\">Son clair avec basses \u00e9quilibr\u00e9es<\/strong><br data-start=\"804\" data-end=\"807\" \/>\u2714 \ud83d\udcf1 <strong data-start=\"812\" data-end=\"852\">Connexion Bluetooth rapide et stable<\/strong><br data-start=\"852\" data-end=\"855\" \/>\u2714 \ud83d\udd0b <strong data-start=\"860\" data-end=\"890\">Bo\u00eetier de charge portable<\/strong><br data-start=\"890\" data-end=\"893\" \/>\u2714 \ud83c\udfae <strong data-start=\"898\" data-end=\"933\">Contr\u00f4les tactiles intelligents<\/strong><br data-start=\"933\" data-end=\"936\" \/>\u2714 \ud83d\udcde <strong data-start=\"941\" data-end=\"988\">Microphone int\u00e9gr\u00e9 pour appels mains libres<\/strong><br data-start=\"988\" data-end=\"991\" \/>\u2714 \ud83e\uddf3 <strong data-start=\"996\" data-end=\"1029\">Design compact et confortable<\/strong><\/p>\n<hr data-start=\"1031\" data-end=\"1034\" \/>\n<h1 data-section-id=\"ihwmxg\" data-start=\"1036\" data-end=\"1054\">\ud83d\udcf1 Compatibilit\u00e9<\/h1>\n<ul data-start=\"1056\" data-end=\"1168\">\n<li data-section-id=\"1rxl1vp\" data-start=\"1056\" data-end=\"1079\">\n<p data-start=\"1058\" data-end=\"1079\">Smartphones Android<\/p>\n<\/li>\n<li data-section-id=\"1lbap2m\" data-start=\"1080\" data-end=\"1097\">\n<p data-start=\"1082\" data-end=\"1097\">iPhone \/ iPad<\/p>\n<\/li>\n<li data-section-id=\"1x4w8bk\" data-start=\"1098\" data-end=\"1111\">\n<p data-start=\"1100\" data-end=\"1111\">Tablettes<\/p>\n<\/li>\n<li data-section-id=\"a2buoi\" data-start=\"1112\" data-end=\"1137\">\n<p data-start=\"1114\" data-end=\"1137\">Ordinateurs portables<\/p>\n<\/li>\n<li data-section-id=\"vfwp2w\" data-start=\"1138\" data-end=\"1168\">\n<p data-start=\"1140\" data-end=\"1168\">Tous les appareils Bluetooth<\/p>\n<\/li>\n<\/ul>\n<hr data-start=\"1170\" data-end=\"1173\" \/>\n<h1 data-section-id=\"1gx1fos\" data-start=\"1175\" data-end=\"1195\">\ud83d\udcca Fiche Technique<\/h1>\n<div class=\"TyagGW_tableContainer\">\n<div class=\"group TyagGW_tableWrapper flex flex-col-reverse w-fit\" tabindex=\"-1\">\n<table class=\"w-fit min-w-(--thread-content-width)\" data-start=\"1197\" data-end=\"1493\">\n<thead data-start=\"1197\" data-end=\"1226\">\n<tr data-start=\"1197\" data-end=\"1226\">\n<th class=\"\" data-start=\"1197\" data-end=\"1215\" data-col-size=\"sm\">Caract\u00e9ristique<\/th>\n<th class=\"\" data-start=\"1215\" data-end=\"1226\" data-col-size=\"sm\">D\u00e9tails<\/th>\n<\/tr>\n<\/thead>\n<tbody data-start=\"1237\" data-end=\"1493\">\n<tr data-start=\"1237\" data-end=\"1254\">\n<td data-start=\"1237\" data-end=\"1246\" data-col-size=\"sm\">Marque<\/td>\n<td data-start=\"1246\" data-end=\"1254\" data-col-size=\"sm\">Hoco<\/td>\n<\/tr>\n<tr data-start=\"1255\" data-end=\"1275\">\n<td data-start=\"1255\" data-end=\"1264\" data-col-size=\"sm\">Mod\u00e8le<\/td>\n<td data-start=\"1264\" data-end=\"1275\" data-col-size=\"sm\"><strong data-start=\"1266\" data-end=\"1273\">EQ2<\/strong><\/td>\n<\/tr>\n<tr data-start=\"1276\" data-end=\"1311\">\n<td data-start=\"1276\" data-end=\"1283\" data-col-size=\"sm\">Type<\/td>\n<td data-start=\"1283\" data-end=\"1311\" data-col-size=\"sm\">\u00c9couteurs sans fil (TWS)<\/td>\n<\/tr>\n<tr data-start=\"1312\" data-end=\"1339\">\n<td data-start=\"1312\" data-end=\"1326\" data-col-size=\"sm\">Technologie<\/td>\n<td data-start=\"1326\" data-end=\"1339\" data-col-size=\"sm\">Bluetooth<\/td>\n<\/tr>\n<tr data-start=\"1340\" data-end=\"1364\">\n<td data-start=\"1340\" data-end=\"1353\" data-col-size=\"sm\">Microphone<\/td>\n<td data-start=\"1353\" data-end=\"1364\" data-col-size=\"sm\">Int\u00e9gr\u00e9<\/td>\n<\/tr>\n<tr data-start=\"1365\" data-end=\"1406\">\n<td data-start=\"1365\" data-end=\"1377\" data-col-size=\"sm\">Autonomie<\/td>\n<td data-start=\"1377\" data-end=\"1406\" data-col-size=\"sm\">Plusieurs heures d\u2019\u00e9coute<\/td>\n<\/tr>\n<tr data-start=\"1407\" data-end=\"1438\">\n<td data-start=\"1407\" data-end=\"1417\" data-col-size=\"sm\">Bo\u00eetier<\/td>\n<td data-start=\"1417\" data-end=\"1438\" data-col-size=\"sm\">Bo\u00eetier de charge<\/td>\n<\/tr>\n<tr data-start=\"1439\" data-end=\"1467\">\n<td data-start=\"1439\" data-end=\"1450\" data-col-size=\"sm\">Contr\u00f4le<\/td>\n<td data-start=\"1450\" data-end=\"1467\" data-col-size=\"sm\">Touch control<\/td>\n<\/tr>\n<tr data-start=\"1468\" data-end=\"1493\">\n<td data-start=\"1468\" data-end=\"1478\" data-col-size=\"sm\">Couleur<\/td>\n<td data-start=\"1478\" data-end=\"1493\" data-col-size=\"sm\">Noir<\/td>\n<\/tr>\n<\/tbody>\n<\/table>\n<\/div>\n<\/div>\n<hr data-start=\"1495\" data-end=\"1498\" \/>\n<h1 data-section-id=\"6f7tr2\" data-start=\"1500\" data-end=\"1521\">\ud83d\udce6 Contenu du colis<\/h1>\n<ul data-start=\"1523\" data-end=\"1644\">\n<li data-section-id=\"1x0lh33\" data-start=\"1523\" data-end=\"1563\">\n<p data-start=\"1525\" data-end=\"1563\">1 \u00d7 <strong data-start=\"1529\" data-end=\"1561\">Hoco EQ2 Wireless BT Headset<\/strong><\/p>\n<\/li>\n<li data-section-id=\"1ujm9xk\" data-start=\"1590\" data-end=\"1615\">\n<p data-start=\"1592\" data-end=\"1615\">1 \u00d7 C\u00e2ble de recharge<\/p>\n<\/li>\n<li data-section-id=\"euolri\" data-start=\"1616\" data-end=\"1644\">\n<p data-start=\"1618\" data-end=\"1644\">1 \u00d7 Manuel d\u2019utilisation<\/p>\n<\/li>\n<\/ul>\n<hr data-start=\"1726\" data-end=\"1729\" \/>\n<p data-start=\"1731\" data-end=\"1810\" data-is-last-node=\"\" data-is-only-node=\"\">\ud83c\udfb6 <strong data-start=\"1734\" data-end=\"1805\">Profitez d\u2019un son sans fil de qualit\u00e9 avec les \u00e9couteurs Hoco EQ2 !<\/strong> \ud83c\udfa7\ud83d\udcf1<\/p>\n<\/div>\n<\/div>\n<\/div>\n<\/div>\n<\/div>\n<\/div>\n<\/article>\n<\/div>\n","protected":false},"excerpt":{"rendered":"<p>Profitez d\u2019une exp\u00e9rience audio sans fil avec les Hoco EQ2 Wireless BT Headset, des \u00e9couteurs Bluetooth modernes con\u00e7us pour offrir un son clair, un confort optimal et une connexion rapide. Gr\u00e2ce \u00e0 la technologie True Wireless Stereo (TWS), ces \u00e9couteurs permettent d\u2019\u00e9couter votre musique, regarder des vid\u00e9os ou passer des appels sans aucun c\u00e2ble. Leur&hellip;<\/p>\n","protected":false},"featured_media":16458,"comment_status":"open","ping_status":"closed","template":"","meta":[],"product_cat":[78],"product_tag":[],"class_list":{"0":"post-16454","1":"product","2":"type-product","3":"status-publish","4":"has-post-thumbnail","6":"product_brand-hoco","7":"product_cat-accessoires","9":"first","10":"instock","11":"sale","12":"shipping-taxable","13":"purchasable","14":"product-type-simple","15":"col-xs-6 col-sm-4","16":"col-md-3 col-lg-3","17":"un-4-cols"},"_links":{"self":[{"href":"https:\/\/www.vazy.market\/index.php\/wp-json\/wp\/v2\/product\/16454","targetHints":{"allow":["GET"]}}],"collection":[{"href":"https:\/\/www.vazy.market\/index.php\/wp-json\/wp\/v2\/product"}],"about":[{"href":"https:\/\/www.vazy.market\/index.php\/wp-json\/wp\/v2\/types\/product"}],"replies":[{"embeddable":true,"href":"https:\/\/www.vazy.market\/index.php\/wp-json\/wp\/v2\/comments?post=16454"}],"wp:featuredmedia":[{"embeddable":true,"href":"https:\/\/www.vazy.market\/index.php\/wp-json\/wp\/v2\/media\/16458"}],"wp:attachment":[{"href":"https:\/\/www.vazy.market\/index.php\/wp-json\/wp\/v2\/media?parent=16454"}],"wp:term":[{"taxonomy":"product_cat","embeddable":true,"href":"https:\/\/www.vazy.market\/index.php\/wp-json\/wp\/v2\/product_cat?post=16454"},{"taxonomy":"product_tag","embeddable":true,"href":"https:\/\/www.vazy.market\/index.php\/wp-json\/wp\/v2\/product_tag?post=16454"}],"curies":[{"name":"wp","href":"https:\/\/api.w.org\/{rel}","templated":true}]}}