{"id":16449,"date":"2026-03-11T20:52:50","date_gmt":"2026-03-11T20:52:50","guid":{"rendered":"https:\/\/www.vazy.market\/?post_type=product&#038;p=16449"},"modified":"2026-03-25T10:07:30","modified_gmt":"2026-03-25T10:07:30","slug":"oraimo-riff-oeb-e02d-true-wireless-earbuds","status":"publish","type":"product","link":"https:\/\/www.vazy.market\/index.php\/product\/oraimo-riff-oeb-e02d-true-wireless-earbuds\/","title":{"rendered":"\ud83c\udfa7 Oraimo Riff OEB-E02D True Wireless Earbuds"},"content":{"rendered":"<div class=\"flex flex-col text-sm pb-25\">\n<article class=\"text-token-text-primary w-full focus:outline-none [--shadow-height:45px] has-data-writing-block:pointer-events-none has-data-writing-block:-mt-(--shadow-height) has-data-writing-block:pt-(--shadow-height) [&amp;:has([data-writing-block])&gt;*]:pointer-events-auto scroll-mt-[calc(var(--header-height)+min(200px,max(70px,20svh)))]\" dir=\"auto\" tabindex=\"-1\" data-turn-id=\"request-69add934-1d50-8332-91d7-d97a2ee2331f-6\" data-testid=\"conversation-turn-116\" data-scroll-anchor=\"true\" data-turn=\"assistant\">\n<div class=\"text-base my-auto mx-auto pb-10 [--thread-content-margin:var(--thread-content-margin-xs,calc(var(--spacing)*4))] @w-sm\/main:[--thread-content-margin:var(--thread-content-margin-sm,calc(var(--spacing)*6))] @w-lg\/main:[--thread-content-margin:var(--thread-content-margin-lg,calc(var(--spacing)*16))] px-(--thread-content-margin)\">\n<div class=\"[--thread-content-max-width:40rem] @w-lg\/main:[--thread-content-max-width:48rem] mx-auto max-w-(--thread-content-max-width) flex-1 group\/turn-messages focus-visible:outline-hidden relative flex w-full min-w-0 flex-col agent-turn\" tabindex=\"-1\">\n<div class=\"flex max-w-full flex-col gap-4 grow\">\n<div class=\"min-h-8 text-message relative flex w-full flex-col items-end gap-2 text-start break-words whitespace-normal [.text-message+&amp;]:mt-1\" dir=\"auto\" data-message-author-role=\"assistant\" data-message-id=\"1e7096d7-aa32-4533-b59e-4d97092b44d6\" data-message-model-slug=\"gpt-5-3\">\n<div class=\"flex w-full flex-col gap-1 empty:hidden\">\n<div class=\"markdown prose dark:prose-invert w-full wrap-break-word light markdown-new-styling\">\n<p data-start=\"54\" data-end=\"240\">Profitez d\u2019un son clair et puissant avec les <strong data-start=\"99\" data-end=\"145\">Oraimo Riff OEB-E02D True Wireless Earbuds<\/strong>, des \u00e9couteurs sans fil con\u00e7us pour offrir <strong data-start=\"189\" data-end=\"226\">confort, performance et autonomie<\/strong> au quotidien.<\/p>\n<p data-start=\"242\" data-end=\"441\">Gr\u00e2ce \u00e0 la <strong data-start=\"253\" data-end=\"295\">technologie True Wireless Stereo (TWS)<\/strong>, ces \u00e9couteurs se connectent rapidement \u00e0 votre smartphone pour \u00e9couter votre musique, regarder vos vid\u00e9os ou passer des appels sans aucun c\u00e2ble.<\/p>\n<p data-start=\"443\" data-end=\"667\">Leur <strong data-start=\"448\" data-end=\"477\">bo\u00eetier de charge compact<\/strong> prot\u00e8ge les \u00e9couteurs et permet de les recharger facilement pour prolonger l\u2019autonomie. Avec leur <strong data-start=\"576\" data-end=\"598\">design ergonomique<\/strong>, ils restent confortables m\u00eame apr\u00e8s plusieurs heures d\u2019utilisation.<\/p>\n<hr data-start=\"669\" data-end=\"672\" \/>\n<h1 data-section-id=\"gug16d\" data-start=\"674\" data-end=\"690\">\u2b50 Points forts<\/h1>\n<p data-start=\"692\" data-end=\"1016\">\u2714 \ud83c\udfa7 <strong data-start=\"697\" data-end=\"739\">Technologie True Wireless Stereo (TWS)<\/strong><br data-start=\"739\" data-end=\"742\" \/>\u2714 \ud83d\udd0a <strong data-start=\"747\" data-end=\"781\">Son clair et basses puissantes<\/strong><br data-start=\"781\" data-end=\"784\" \/>\u2714 \ud83d\udcf1 <strong data-start=\"789\" data-end=\"829\">Connexion Bluetooth rapide et stable<\/strong><br data-start=\"829\" data-end=\"832\" \/>\u2714 \ud83d\udd0b <strong data-start=\"837\" data-end=\"878\">Bo\u00eetier de charge compact et pratique<\/strong><br data-start=\"878\" data-end=\"881\" \/>\u2714 \ud83c\udfae <strong data-start=\"886\" data-end=\"922\">Commandes tactiles intelligentes<\/strong><br data-start=\"922\" data-end=\"925\" \/>\u2714 \ud83d\udcde <strong data-start=\"930\" data-end=\"977\">Microphone int\u00e9gr\u00e9 pour appels mains libres<\/strong><br data-start=\"977\" data-end=\"980\" \/>\u2714 \ud83e\uddf3 <strong data-start=\"985\" data-end=\"1016\">Design l\u00e9ger et confortable<\/strong><\/p>\n<hr data-start=\"1018\" data-end=\"1021\" \/>\n<h1 data-section-id=\"ihwmxg\" data-start=\"1023\" data-end=\"1041\">\ud83d\udcf1 Compatibilit\u00e9<\/h1>\n<ul data-start=\"1043\" data-end=\"1155\">\n<li data-section-id=\"1rxl1vp\" data-start=\"1043\" data-end=\"1066\">\n<p data-start=\"1045\" data-end=\"1066\">Smartphones Android<\/p>\n<\/li>\n<li data-section-id=\"1lbap2m\" data-start=\"1067\" data-end=\"1084\">\n<p data-start=\"1069\" data-end=\"1084\">iPhone \/ iPad<\/p>\n<\/li>\n<li data-section-id=\"1x4w8bk\" data-start=\"1085\" data-end=\"1098\">\n<p data-start=\"1087\" data-end=\"1098\">Tablettes<\/p>\n<\/li>\n<li data-section-id=\"a2buoi\" data-start=\"1099\" data-end=\"1124\">\n<p data-start=\"1101\" data-end=\"1124\">Ordinateurs portables<\/p>\n<\/li>\n<li data-section-id=\"vfwp2w\" data-start=\"1125\" data-end=\"1155\">\n<p data-start=\"1127\" data-end=\"1155\">Tous les appareils Bluetooth<\/p>\n<\/li>\n<\/ul>\n<hr data-start=\"1157\" data-end=\"1160\" \/>\n<h1 data-section-id=\"1gx1fos\" data-start=\"1162\" data-end=\"1182\">\ud83d\udcca Fiche Technique<\/h1>\n<div class=\"TyagGW_tableContainer\">\n<div class=\"group TyagGW_tableWrapper flex flex-col-reverse w-fit\" tabindex=\"-1\">\n<table class=\"w-fit min-w-(--thread-content-width)\" data-start=\"1184\" data-end=\"1494\">\n<thead data-start=\"1184\" data-end=\"1213\">\n<tr data-start=\"1184\" data-end=\"1213\">\n<th class=\"\" data-start=\"1184\" data-end=\"1202\" data-col-size=\"sm\">Caract\u00e9ristique<\/th>\n<th class=\"\" data-start=\"1202\" data-end=\"1213\" data-col-size=\"sm\">D\u00e9tails<\/th>\n<\/tr>\n<\/thead>\n<tbody data-start=\"1224\" data-end=\"1494\">\n<tr data-start=\"1224\" data-end=\"1243\">\n<td data-start=\"1224\" data-end=\"1233\" data-col-size=\"sm\">Marque<\/td>\n<td data-start=\"1233\" data-end=\"1243\" data-col-size=\"sm\">Oraimo<\/td>\n<\/tr>\n<tr data-start=\"1244\" data-end=\"1274\">\n<td data-start=\"1244\" data-end=\"1253\" data-col-size=\"sm\">Mod\u00e8le<\/td>\n<td data-start=\"1253\" data-end=\"1274\" data-col-size=\"sm\"><strong data-start=\"1255\" data-end=\"1272\">Riff OEB-E02D<\/strong><\/td>\n<\/tr>\n<tr data-start=\"1275\" data-end=\"1310\">\n<td data-start=\"1275\" data-end=\"1282\" data-col-size=\"sm\">Type<\/td>\n<td data-start=\"1282\" data-end=\"1310\" data-col-size=\"sm\">\u00c9couteurs sans fil (TWS)<\/td>\n<\/tr>\n<tr data-start=\"1311\" data-end=\"1338\">\n<td data-start=\"1311\" data-end=\"1325\" data-col-size=\"sm\">Technologie<\/td>\n<td data-start=\"1325\" data-end=\"1338\" data-col-size=\"sm\">Bluetooth<\/td>\n<\/tr>\n<tr data-start=\"1339\" data-end=\"1363\">\n<td data-start=\"1339\" data-end=\"1352\" data-col-size=\"sm\">Microphone<\/td>\n<td data-start=\"1352\" data-end=\"1363\" data-col-size=\"sm\">Int\u00e9gr\u00e9<\/td>\n<\/tr>\n<tr data-start=\"1364\" data-end=\"1392\">\n<td data-start=\"1364\" data-end=\"1375\" data-col-size=\"sm\">Contr\u00f4le<\/td>\n<td data-start=\"1375\" data-end=\"1392\" data-col-size=\"sm\">Touch control<\/td>\n<\/tr>\n<tr data-start=\"1393\" data-end=\"1433\">\n<td data-start=\"1393\" data-end=\"1403\" data-col-size=\"sm\">Bo\u00eetier<\/td>\n<td data-start=\"1403\" data-end=\"1433\" data-col-size=\"sm\">Bo\u00eetier de charge portable<\/td>\n<\/tr>\n<tr data-start=\"1434\" data-end=\"1475\">\n<td data-start=\"1434\" data-end=\"1446\" data-col-size=\"sm\">Autonomie<\/td>\n<td data-start=\"1446\" data-end=\"1475\" data-col-size=\"sm\">Plusieurs heures d\u2019\u00e9coute<\/td>\n<\/tr>\n<tr data-start=\"1476\" data-end=\"1494\">\n<td data-start=\"1476\" data-end=\"1486\" data-col-size=\"sm\">Couleur<\/td>\n<td data-start=\"1486\" data-end=\"1494\" data-col-size=\"sm\">Noir<\/td>\n<\/tr>\n<\/tbody>\n<\/table>\n<\/div>\n<\/div>\n<hr data-start=\"1496\" data-end=\"1499\" \/>\n<h1 data-section-id=\"6f7tr2\" data-start=\"1501\" data-end=\"1522\">\ud83d\udce6 Contenu du colis<\/h1>\n<ul data-start=\"1524\" data-end=\"1645\">\n<li data-section-id=\"1nbdycy\" data-start=\"1524\" data-end=\"1564\">\n<p data-start=\"1526\" data-end=\"1564\">1 \u00d7 <strong data-start=\"1530\" data-end=\"1562\">Oraimo Riff OEB-E02D Earbuds<\/strong><\/p>\n<\/li>\n<li data-section-id=\"1ujm9xk\" data-start=\"1591\" data-end=\"1616\">\n<p data-start=\"1593\" data-end=\"1616\">1 \u00d7 C\u00e2ble de recharge<\/p>\n<\/li>\n<li data-section-id=\"euolri\" data-start=\"1617\" data-end=\"1645\">\n<p data-start=\"1619\" data-end=\"1645\">1 \u00d7 Manuel d\u2019utilisation<\/p>\n<\/li>\n<\/ul>\n<hr data-start=\"1741\" data-end=\"1744\" \/>\n<p data-start=\"1746\" data-end=\"1833\" data-is-last-node=\"\" data-is-only-node=\"\">\ud83c\udfb6 <strong data-start=\"1749\" data-end=\"1830\">Le choix id\u00e9al pour profiter de votre musique partout avec la qualit\u00e9 Oraimo.<\/strong> \ud83c\udfa7<\/p>\n<\/div>\n<\/div>\n<\/div>\n<\/div>\n<\/div>\n<\/div>\n<\/article>\n<\/div>\n","protected":false},"excerpt":{"rendered":"<p>Profitez d\u2019un son clair et puissant avec les Oraimo Riff OEB-E02D True Wireless Earbuds, des \u00e9couteurs sans fil con\u00e7us pour offrir confort, performance et autonomie au quotidien. Gr\u00e2ce \u00e0 la technologie True Wireless Stereo (TWS), ces \u00e9couteurs se connectent rapidement \u00e0 votre smartphone pour \u00e9couter votre musique, regarder vos vid\u00e9os ou passer des appels sans&hellip;<\/p>\n","protected":false},"featured_media":16451,"comment_status":"open","ping_status":"closed","template":"","meta":[],"product_cat":[78],"product_tag":[],"class_list":{"0":"post-16449","1":"product","2":"type-product","3":"status-publish","4":"has-post-thumbnail","6":"product_brand-oraimo","7":"product_cat-accessoires","9":"first","10":"instock","11":"sale","12":"shipping-taxable","13":"purchasable","14":"product-type-simple","15":"col-xs-6 col-sm-4","16":"col-md-3 col-lg-3","17":"un-4-cols"},"_links":{"self":[{"href":"https:\/\/www.vazy.market\/index.php\/wp-json\/wp\/v2\/product\/16449","targetHints":{"allow":["GET"]}}],"collection":[{"href":"https:\/\/www.vazy.market\/index.php\/wp-json\/wp\/v2\/product"}],"about":[{"href":"https:\/\/www.vazy.market\/index.php\/wp-json\/wp\/v2\/types\/product"}],"replies":[{"embeddable":true,"href":"https:\/\/www.vazy.market\/index.php\/wp-json\/wp\/v2\/comments?post=16449"}],"wp:featuredmedia":[{"embeddable":true,"href":"https:\/\/www.vazy.market\/index.php\/wp-json\/wp\/v2\/media\/16451"}],"wp:attachment":[{"href":"https:\/\/www.vazy.market\/index.php\/wp-json\/wp\/v2\/media?parent=16449"}],"wp:term":[{"taxonomy":"product_cat","embeddable":true,"href":"https:\/\/www.vazy.market\/index.php\/wp-json\/wp\/v2\/product_cat?post=16449"},{"taxonomy":"product_tag","embeddable":true,"href":"https:\/\/www.vazy.market\/index.php\/wp-json\/wp\/v2\/product_tag?post=16449"}],"curies":[{"name":"wp","href":"https:\/\/api.w.org\/{rel}","templated":true}]}}