{"id":16444,"date":"2026-03-11T20:39:43","date_gmt":"2026-03-11T20:39:43","guid":{"rendered":"https:\/\/www.vazy.market\/?post_type=product&#038;p=16444"},"modified":"2026-03-25T10:08:31","modified_gmt":"2026-03-25T10:08:31","slug":"anc-enc-noise-reduction-wireless-earbuds-ecouteurs-bluetooth-avec-reduction-de-bruit","status":"publish","type":"product","link":"https:\/\/www.vazy.market\/index.php\/product\/anc-enc-noise-reduction-wireless-earbuds-ecouteurs-bluetooth-avec-reduction-de-bruit\/","title":{"rendered":"\ud83c\udfa7 ANC\/ENC Noise Reduction Wireless Earbuds \u2013 \u00c9couteurs Bluetooth avec R\u00e9duction de Bruit"},"content":{"rendered":"<div class=\"flex flex-col text-sm pb-25\">\n<article class=\"text-token-text-primary w-full focus:outline-none [--shadow-height:45px] has-data-writing-block:pointer-events-none has-data-writing-block:-mt-(--shadow-height) has-data-writing-block:pt-(--shadow-height) [&amp;:has([data-writing-block])&gt;*]:pointer-events-auto scroll-mt-[calc(var(--header-height)+min(200px,max(70px,20svh)))]\" dir=\"auto\" tabindex=\"-1\" data-turn-id=\"request-69add934-1d50-8332-91d7-d97a2ee2331f-5\" data-testid=\"conversation-turn-114\" data-scroll-anchor=\"true\" data-turn=\"assistant\">\n<div class=\"text-base my-auto mx-auto pb-10 [--thread-content-margin:var(--thread-content-margin-xs,calc(var(--spacing)*4))] @w-sm\/main:[--thread-content-margin:var(--thread-content-margin-sm,calc(var(--spacing)*6))] @w-lg\/main:[--thread-content-margin:var(--thread-content-margin-lg,calc(var(--spacing)*16))] px-(--thread-content-margin)\">\n<div class=\"[--thread-content-max-width:40rem] @w-lg\/main:[--thread-content-max-width:48rem] mx-auto max-w-(--thread-content-max-width) flex-1 group\/turn-messages focus-visible:outline-hidden relative flex w-full min-w-0 flex-col agent-turn\" tabindex=\"-1\">\n<div class=\"flex max-w-full flex-col gap-4 grow\">\n<div class=\"min-h-8 text-message relative flex w-full flex-col items-end gap-2 text-start break-words whitespace-normal [.text-message+&amp;]:mt-1\" dir=\"auto\" data-message-author-role=\"assistant\" data-message-id=\"2d7e645d-cff0-44ef-bc59-36790bf4a134\" data-message-model-slug=\"gpt-5-3\">\n<div class=\"flex w-full flex-col gap-1 empty:hidden\">\n<div class=\"markdown prose dark:prose-invert w-full wrap-break-word light markdown-new-styling\">\n<p data-start=\"98\" data-end=\"284\">Profitez d\u2019une exp\u00e9rience audio immersive avec les <strong data-start=\"149\" data-end=\"193\">ANC\/ENC Noise Reduction Wireless Earbuds<\/strong>, des \u00e9couteurs sans fil con\u00e7us pour offrir <strong data-start=\"237\" data-end=\"283\">un son clair, puissant et sans distraction<\/strong>.<\/p>\n<p data-start=\"286\" data-end=\"536\">Gr\u00e2ce \u00e0 la <strong data-start=\"297\" data-end=\"383\">technologie ANC\/ENC (Active Noise Cancellation \/ Environmental Noise Cancellation)<\/strong>, ces \u00e9couteurs r\u00e9duisent efficacement les bruits ext\u00e9rieurs pour vous permettre de profiter pleinement de votre musique, de vos appels ou de vos vid\u00e9os.<\/p>\n<p data-start=\"538\" data-end=\"768\">Le <strong data-start=\"541\" data-end=\"585\">bo\u00eetier de charge avec \u00e9cran LED digital<\/strong> affiche le niveau de batterie des \u00e9couteurs et du bo\u00eetier en temps r\u00e9el. Leur <strong data-start=\"664\" data-end=\"696\">contr\u00f4le tactile intelligent<\/strong> permet de g\u00e9rer facilement la musique, les appels et l\u2019assistant vocal.<\/p>\n<hr data-start=\"770\" data-end=\"773\" \/>\n<h1 data-section-id=\"gug16d\" data-start=\"775\" data-end=\"791\">\u2b50 Points forts<\/h1>\n<p data-start=\"793\" data-end=\"1127\">\u2714 \ud83c\udfa7 <strong data-start=\"798\" data-end=\"843\">Technologie ANC\/ENC de r\u00e9duction de bruit<\/strong><br data-start=\"843\" data-end=\"846\" \/>\u2714 \ud83d\udd0a <strong data-start=\"851\" data-end=\"883\">Son st\u00e9r\u00e9o puissant et clair<\/strong><br data-start=\"883\" data-end=\"886\" \/>\u2714 \ud83d\udcf1 <strong data-start=\"891\" data-end=\"931\">Connexion Bluetooth rapide et stable<\/strong><br data-start=\"931\" data-end=\"934\" \/>\u2714 \ud83d\udd0b <strong data-start=\"939\" data-end=\"983\">Bo\u00eetier de charge avec \u00e9cran LED digital<\/strong><br data-start=\"983\" data-end=\"986\" \/>\u2714 \ud83c\udfae <strong data-start=\"991\" data-end=\"1027\">Commandes tactiles intelligentes<\/strong><br data-start=\"1027\" data-end=\"1030\" \/>\u2714 \ud83e\uddf3 <strong data-start=\"1035\" data-end=\"1072\">Design ergonomique et confortable<\/strong><br data-start=\"1072\" data-end=\"1075\" \/>\u2714 \ud83d\udcde <strong data-start=\"1080\" data-end=\"1127\">Microphone int\u00e9gr\u00e9 pour appels mains libres<\/strong><\/p>\n<hr data-start=\"1129\" data-end=\"1132\" \/>\n<h1 data-section-id=\"ihwmxg\" data-start=\"1134\" data-end=\"1152\">\ud83d\udcf1 Compatibilit\u00e9<\/h1>\n<ul data-start=\"1154\" data-end=\"1266\">\n<li data-section-id=\"1rxl1vp\" data-start=\"1154\" data-end=\"1177\">\n<p data-start=\"1156\" data-end=\"1177\">Smartphones Android<\/p>\n<\/li>\n<li data-section-id=\"1lbap2m\" data-start=\"1178\" data-end=\"1195\">\n<p data-start=\"1180\" data-end=\"1195\">iPhone \/ iPad<\/p>\n<\/li>\n<li data-section-id=\"1x4w8bk\" data-start=\"1196\" data-end=\"1209\">\n<p data-start=\"1198\" data-end=\"1209\">Tablettes<\/p>\n<\/li>\n<li data-section-id=\"a2buoi\" data-start=\"1210\" data-end=\"1235\">\n<p data-start=\"1212\" data-end=\"1235\">Ordinateurs portables<\/p>\n<\/li>\n<li data-section-id=\"vfwp2w\" data-start=\"1236\" data-end=\"1266\">\n<p data-start=\"1238\" data-end=\"1266\">Tous les appareils Bluetooth<\/p>\n<\/li>\n<\/ul>\n<hr data-start=\"1268\" data-end=\"1271\" \/>\n<h1 data-section-id=\"1gx1fos\" data-start=\"1273\" data-end=\"1293\">\ud83d\udcca Fiche Technique<\/h1>\n<div class=\"TyagGW_tableContainer\">\n<div class=\"group TyagGW_tableWrapper flex flex-col-reverse w-fit\" tabindex=\"-1\">\n<table class=\"w-fit min-w-(--thread-content-width)\" data-start=\"1295\" data-end=\"1665\">\n<thead data-start=\"1295\" data-end=\"1324\">\n<tr data-start=\"1295\" data-end=\"1324\">\n<th class=\"\" data-start=\"1295\" data-end=\"1313\" data-col-size=\"sm\">Caract\u00e9ristique<\/th>\n<th class=\"\" data-start=\"1313\" data-end=\"1324\" data-col-size=\"sm\">D\u00e9tails<\/th>\n<\/tr>\n<\/thead>\n<tbody data-start=\"1335\" data-end=\"1665\">\n<tr data-start=\"1335\" data-end=\"1376\">\n<td data-start=\"1335\" data-end=\"1344\" data-col-size=\"sm\">Mod\u00e8le<\/td>\n<td data-start=\"1344\" data-end=\"1376\" data-col-size=\"sm\"><strong data-start=\"1346\" data-end=\"1374\">ANC\/ENC Wireless Earbuds<\/strong><\/td>\n<\/tr>\n<tr data-start=\"1377\" data-end=\"1411\">\n<td data-start=\"1377\" data-end=\"1384\" data-col-size=\"sm\">Type<\/td>\n<td data-start=\"1384\" data-end=\"1411\" data-col-size=\"sm\">\u00c9couteurs Bluetooth TWS<\/td>\n<\/tr>\n<tr data-start=\"1412\" data-end=\"1439\">\n<td data-start=\"1412\" data-end=\"1426\" data-col-size=\"sm\">Technologie<\/td>\n<td data-start=\"1426\" data-end=\"1439\" data-col-size=\"sm\">Bluetooth<\/td>\n<\/tr>\n<tr data-start=\"1440\" data-end=\"1474\">\n<td data-start=\"1440\" data-end=\"1461\" data-col-size=\"sm\">R\u00e9duction de bruit<\/td>\n<td data-start=\"1461\" data-end=\"1474\" data-col-size=\"sm\">ANC + ENC<\/td>\n<\/tr>\n<tr data-start=\"1475\" data-end=\"1508\">\n<td data-start=\"1475\" data-end=\"1487\" data-col-size=\"sm\">Affichage<\/td>\n<td data-start=\"1487\" data-end=\"1508\" data-col-size=\"sm\">\u00c9cran LED digital<\/td>\n<\/tr>\n<tr data-start=\"1509\" data-end=\"1537\">\n<td data-start=\"1509\" data-end=\"1520\" data-col-size=\"sm\">Contr\u00f4le<\/td>\n<td data-start=\"1520\" data-end=\"1537\" data-col-size=\"sm\">Touch Control<\/td>\n<\/tr>\n<tr data-start=\"1538\" data-end=\"1562\">\n<td data-start=\"1538\" data-end=\"1551\" data-col-size=\"sm\">Microphone<\/td>\n<td data-start=\"1551\" data-end=\"1562\" data-col-size=\"sm\">Int\u00e9gr\u00e9<\/td>\n<\/tr>\n<tr data-start=\"1563\" data-end=\"1604\">\n<td data-start=\"1563\" data-end=\"1575\" data-col-size=\"sm\">Autonomie<\/td>\n<td data-start=\"1575\" data-end=\"1604\" data-col-size=\"sm\">Plusieurs heures d\u2019\u00e9coute<\/td>\n<\/tr>\n<tr data-start=\"1605\" data-end=\"1645\">\n<td data-start=\"1605\" data-end=\"1615\" data-col-size=\"sm\">Bo\u00eetier<\/td>\n<td data-start=\"1615\" data-end=\"1645\" data-col-size=\"sm\">Bo\u00eetier de charge portable<\/td>\n<\/tr>\n<tr data-start=\"1646\" data-end=\"1665\">\n<td data-start=\"1646\" data-end=\"1656\" data-col-size=\"sm\">Couleur<\/td>\n<td data-start=\"1656\" data-end=\"1665\" data-col-size=\"sm\">Blanc<\/td>\n<\/tr>\n<\/tbody>\n<\/table>\n<\/div>\n<\/div>\n<hr data-start=\"1667\" data-end=\"1670\" \/>\n<h1 data-section-id=\"6f7tr2\" data-start=\"1672\" data-end=\"1693\">\ud83d\udce6 Contenu du colis<\/h1>\n<ul data-start=\"1695\" data-end=\"1827\">\n<li data-section-id=\"1t09ttf\" data-start=\"1695\" data-end=\"1731\">\n<p data-start=\"1697\" data-end=\"1731\">1 \u00d7 <strong data-start=\"1701\" data-end=\"1729\">ANC\/ENC Wireless Earbuds<\/strong><\/p>\n<\/li>\n<li data-section-id=\"1ujm9xk\" data-start=\"1773\" data-end=\"1798\">\n<p data-start=\"1775\" data-end=\"1798\">1 \u00d7 C\u00e2ble de recharge<\/p>\n<\/li>\n<li data-section-id=\"euolri\" data-start=\"1799\" data-end=\"1827\">\n<p data-start=\"1801\" data-end=\"1827\">1 \u00d7 Manuel d\u2019utilisation<\/p>\n<\/li>\n<\/ul>\n<hr data-start=\"1921\" data-end=\"1924\" \/>\n<p data-start=\"1926\" data-end=\"2012\" data-is-last-node=\"\" data-is-only-node=\"\">\ud83c\udfb6 <strong data-start=\"1929\" data-end=\"2007\">\u00c9coutez votre musique sans distraction avec les ANC\/ENC Wireless Earbuds !<\/strong> \ud83c\udfa7\ud83d\udd0a<\/p>\n<\/div>\n<\/div>\n<\/div>\n<\/div>\n<\/div>\n<\/div>\n<\/article>\n<\/div>\n","protected":false},"excerpt":{"rendered":"<p>Profitez d\u2019une exp\u00e9rience audio immersive avec les ANC\/ENC Noise Reduction Wireless Earbuds, des \u00e9couteurs sans fil con\u00e7us pour offrir un son clair, puissant et sans distraction. Gr\u00e2ce \u00e0 la technologie ANC\/ENC (Active Noise Cancellation \/ Environmental Noise Cancellation), ces \u00e9couteurs r\u00e9duisent efficacement les bruits ext\u00e9rieurs pour vous permettre de profiter pleinement de votre musique, de&hellip;<\/p>\n","protected":false},"featured_media":16446,"comment_status":"open","ping_status":"closed","template":"","meta":[],"product_cat":[78],"product_tag":[],"class_list":{"0":"post-16444","1":"product","2":"type-product","3":"status-publish","4":"has-post-thumbnail","6":"product_cat-accessoires","8":"first","9":"instock","10":"sale","11":"shipping-taxable","12":"purchasable","13":"product-type-simple","14":"col-xs-6 col-sm-4","15":"col-md-3 col-lg-3","16":"un-4-cols"},"_links":{"self":[{"href":"https:\/\/www.vazy.market\/index.php\/wp-json\/wp\/v2\/product\/16444","targetHints":{"allow":["GET"]}}],"collection":[{"href":"https:\/\/www.vazy.market\/index.php\/wp-json\/wp\/v2\/product"}],"about":[{"href":"https:\/\/www.vazy.market\/index.php\/wp-json\/wp\/v2\/types\/product"}],"replies":[{"embeddable":true,"href":"https:\/\/www.vazy.market\/index.php\/wp-json\/wp\/v2\/comments?post=16444"}],"wp:featuredmedia":[{"embeddable":true,"href":"https:\/\/www.vazy.market\/index.php\/wp-json\/wp\/v2\/media\/16446"}],"wp:attachment":[{"href":"https:\/\/www.vazy.market\/index.php\/wp-json\/wp\/v2\/media?parent=16444"}],"wp:term":[{"taxonomy":"product_cat","embeddable":true,"href":"https:\/\/www.vazy.market\/index.php\/wp-json\/wp\/v2\/product_cat?post=16444"},{"taxonomy":"product_tag","embeddable":true,"href":"https:\/\/www.vazy.market\/index.php\/wp-json\/wp\/v2\/product_tag?post=16444"}],"curies":[{"name":"wp","href":"https:\/\/api.w.org\/{rel}","templated":true}]}}