{"id":16437,"date":"2026-03-11T20:24:10","date_gmt":"2026-03-11T20:24:10","guid":{"rendered":"https:\/\/www.vazy.market\/?post_type=product&#038;p=16437"},"modified":"2026-03-25T10:08:51","modified_gmt":"2026-03-25T10:08:51","slug":"air-max-wireless-stereo-earphones-ecouteurs-bluetooth-tws","status":"publish","type":"product","link":"https:\/\/www.vazy.market\/index.php\/product\/air-max-wireless-stereo-earphones-ecouteurs-bluetooth-tws\/","title":{"rendered":"\ud83c\udfa7 Air Max Wireless Stereo Earphones \u2013 \u00c9couteurs Bluetooth TWS"},"content":{"rendered":"<div class=\"flex flex-col text-sm pb-25\">\n<article class=\"text-token-text-primary w-full focus:outline-none [--shadow-height:45px] has-data-writing-block:pointer-events-none has-data-writing-block:-mt-(--shadow-height) has-data-writing-block:pt-(--shadow-height) [&amp;:has([data-writing-block])&gt;*]:pointer-events-auto scroll-mt-[calc(var(--header-height)+min(200px,max(70px,20svh)))]\" dir=\"auto\" tabindex=\"-1\" data-turn-id=\"request-69add934-1d50-8332-91d7-d97a2ee2331f-4\" data-testid=\"conversation-turn-112\" data-scroll-anchor=\"true\" data-turn=\"assistant\">\n<div class=\"text-base my-auto mx-auto pb-10 [--thread-content-margin:var(--thread-content-margin-xs,calc(var(--spacing)*4))] @w-sm\/main:[--thread-content-margin:var(--thread-content-margin-sm,calc(var(--spacing)*6))] @w-lg\/main:[--thread-content-margin:var(--thread-content-margin-lg,calc(var(--spacing)*16))] px-(--thread-content-margin)\">\n<div class=\"[--thread-content-max-width:40rem] @w-lg\/main:[--thread-content-max-width:48rem] mx-auto max-w-(--thread-content-max-width) flex-1 group\/turn-messages focus-visible:outline-hidden relative flex w-full min-w-0 flex-col agent-turn\" tabindex=\"-1\">\n<div class=\"flex max-w-full flex-col gap-4 grow\">\n<div class=\"min-h-8 text-message relative flex w-full flex-col items-end gap-2 text-start break-words whitespace-normal [.text-message+&amp;]:mt-1\" dir=\"auto\" data-message-author-role=\"assistant\" data-message-id=\"312bb683-4554-466b-b872-cfc65f392023\" data-message-model-slug=\"gpt-5-3\">\n<div class=\"flex w-full flex-col gap-1 empty:hidden\">\n<div class=\"markdown prose dark:prose-invert w-full wrap-break-word light markdown-new-styling\">\n<p data-start=\"71\" data-end=\"249\">Profitez d\u2019un son clair et immersif avec les <strong data-start=\"116\" data-end=\"153\">Air Max Wireless Stereo Earphones<\/strong>, des \u00e9couteurs sans fil modernes con\u00e7us pour offrir <strong data-start=\"206\" data-end=\"248\">confort, libert\u00e9 et qualit\u00e9 audio HiFi<\/strong>.<\/p>\n<p data-start=\"251\" data-end=\"436\">Dot\u00e9s de la <strong data-start=\"263\" data-end=\"308\">technologie Bluetooth True Wireless (TWS)<\/strong>, ces \u00e9couteurs se connectent rapidement \u00e0 votre smartphone, tablette ou ordinateur pour une exp\u00e9rience audio fluide sans c\u00e2ble.<\/p>\n<p data-start=\"438\" data-end=\"648\">Le <strong data-start=\"441\" data-end=\"485\">bo\u00eetier de charge avec \u00e9cran LED digital<\/strong> permet de visualiser facilement le niveau de batterie, tandis que leur design compact et ergonomique garantit un confort optimal pour une utilisation quotidienne.<\/p>\n<hr data-start=\"650\" data-end=\"653\" \/>\n<h1 data-section-id=\"gug16d\" data-start=\"655\" data-end=\"671\">\u2b50 Points forts<\/h1>\n<p data-start=\"673\" data-end=\"990\">\u2714 \ud83c\udfa7 <strong data-start=\"678\" data-end=\"720\">Technologie True Wireless Stereo (TWS)<\/strong><br data-start=\"720\" data-end=\"723\" \/>\u2714 \ud83d\udd0a <strong data-start=\"728\" data-end=\"771\">Qualit\u00e9 sonore HiFi claire et puissante<\/strong><br data-start=\"771\" data-end=\"774\" \/>\u2714 \ud83d\udd0b <strong data-start=\"779\" data-end=\"823\">Bo\u00eetier de charge avec \u00e9cran LED digital<\/strong><br data-start=\"823\" data-end=\"826\" \/>\u2714 \ud83d\udcf1 <strong data-start=\"831\" data-end=\"871\">Connexion Bluetooth rapide et stable<\/strong><br data-start=\"871\" data-end=\"874\" \/>\u2714 \ud83c\udfae <strong data-start=\"879\" data-end=\"908\">Contr\u00f4le tactile intuitif<\/strong><br data-start=\"908\" data-end=\"911\" \/>\u2714 \ud83e\uddf3 <strong data-start=\"916\" data-end=\"946\">Design compact et portable<\/strong><br data-start=\"946\" data-end=\"949\" \/>\u2714 \ud83c\udfa8 <strong data-start=\"954\" data-end=\"990\">Disponible en plusieurs couleurs<\/strong><\/p>\n<hr data-start=\"992\" data-end=\"995\" \/>\n<h1 data-section-id=\"ihwmxg\" data-start=\"997\" data-end=\"1015\">\ud83d\udcf1 Compatibilit\u00e9<\/h1>\n<ul data-start=\"1017\" data-end=\"1120\">\n<li data-section-id=\"1rxl1vp\" data-start=\"1017\" data-end=\"1040\">\n<p data-start=\"1019\" data-end=\"1040\">Smartphones Android<\/p>\n<\/li>\n<li data-section-id=\"1lbap2m\" data-start=\"1041\" data-end=\"1058\">\n<p data-start=\"1043\" data-end=\"1058\">iPhone \/ iPad<\/p>\n<\/li>\n<li data-section-id=\"1x4w8bk\" data-start=\"1059\" data-end=\"1072\">\n<p data-start=\"1061\" data-end=\"1072\">Tablettes<\/p>\n<\/li>\n<li data-section-id=\"a2buoi\" data-start=\"1073\" data-end=\"1098\">\n<p data-start=\"1075\" data-end=\"1098\">Ordinateurs portables<\/p>\n<\/li>\n<li data-section-id=\"uuj2vz\" data-start=\"1099\" data-end=\"1120\">\n<p data-start=\"1101\" data-end=\"1120\">Appareils Bluetooth<\/p>\n<\/li>\n<\/ul>\n<hr data-start=\"1122\" data-end=\"1125\" \/>\n<h1 data-section-id=\"1gx1fos\" data-start=\"1127\" data-end=\"1147\">\ud83d\udcca Fiche Technique<\/h1>\n<div class=\"TyagGW_tableContainer\">\n<div class=\"group TyagGW_tableWrapper flex flex-col-reverse w-fit\" tabindex=\"-1\">\n<table class=\"w-fit min-w-(--thread-content-width)\" data-start=\"1149\" data-end=\"1526\">\n<thead data-start=\"1149\" data-end=\"1178\">\n<tr data-start=\"1149\" data-end=\"1178\">\n<th class=\"\" data-start=\"1149\" data-end=\"1167\" data-col-size=\"sm\">Caract\u00e9ristique<\/th>\n<th class=\"\" data-start=\"1167\" data-end=\"1178\" data-col-size=\"sm\">D\u00e9tails<\/th>\n<\/tr>\n<\/thead>\n<tbody data-start=\"1189\" data-end=\"1526\">\n<tr data-start=\"1189\" data-end=\"1232\">\n<td data-start=\"1189\" data-end=\"1198\" data-col-size=\"sm\">Mod\u00e8le<\/td>\n<td data-start=\"1198\" data-end=\"1232\" data-col-size=\"sm\"><strong data-start=\"1200\" data-end=\"1230\">Air Max Wireless Earphones<\/strong><\/td>\n<\/tr>\n<tr data-start=\"1233\" data-end=\"1266\">\n<td data-start=\"1233\" data-end=\"1240\" data-col-size=\"sm\">Type<\/td>\n<td data-start=\"1240\" data-end=\"1266\" data-col-size=\"sm\">\u00c9couteurs sans fil TWS<\/td>\n<\/tr>\n<tr data-start=\"1267\" data-end=\"1294\">\n<td data-start=\"1267\" data-end=\"1281\" data-col-size=\"sm\">Technologie<\/td>\n<td data-start=\"1281\" data-end=\"1294\" data-col-size=\"sm\">Bluetooth<\/td>\n<\/tr>\n<tr data-start=\"1295\" data-end=\"1319\">\n<td data-start=\"1295\" data-end=\"1311\" data-col-size=\"sm\">Qualit\u00e9 audio<\/td>\n<td data-start=\"1311\" data-end=\"1319\" data-col-size=\"sm\">HiFi<\/td>\n<\/tr>\n<tr data-start=\"1320\" data-end=\"1353\">\n<td data-start=\"1320\" data-end=\"1332\" data-col-size=\"sm\">Affichage<\/td>\n<td data-start=\"1332\" data-end=\"1353\" data-col-size=\"sm\">\u00c9cran LED digital<\/td>\n<\/tr>\n<tr data-start=\"1354\" data-end=\"1403\">\n<td data-start=\"1354\" data-end=\"1366\" data-col-size=\"sm\">Autonomie<\/td>\n<td data-start=\"1366\" data-end=\"1403\" data-col-size=\"sm\">Jusqu\u2019\u00e0 plusieurs heures d\u2019\u00e9coute<\/td>\n<\/tr>\n<tr data-start=\"1404\" data-end=\"1444\">\n<td data-start=\"1404\" data-end=\"1414\" data-col-size=\"sm\">Bo\u00eetier<\/td>\n<td data-col-size=\"sm\" data-start=\"1414\" data-end=\"1444\">Bo\u00eetier de charge portable<\/td>\n<\/tr>\n<tr data-start=\"1445\" data-end=\"1476\">\n<td data-start=\"1445\" data-end=\"1456\" data-col-size=\"sm\">Contr\u00f4le<\/td>\n<td data-start=\"1456\" data-end=\"1476\" data-col-size=\"sm\">Touches tactiles<\/td>\n<\/tr>\n<tr data-start=\"1477\" data-end=\"1526\">\n<td data-start=\"1477\" data-end=\"1500\" data-col-size=\"sm\">Couleurs disponibles<\/td>\n<td data-col-size=\"sm\" data-start=\"1500\" data-end=\"1526\">Noir, Rose, Bleu, Vert<\/td>\n<\/tr>\n<\/tbody>\n<\/table>\n<\/div>\n<\/div>\n<hr data-start=\"1528\" data-end=\"1531\" \/>\n<h1 data-section-id=\"6f7tr2\" data-start=\"1533\" data-end=\"1554\">\ud83d\udce6 Contenu du colis<\/h1>\n<ul data-start=\"1556\" data-end=\"1682\">\n<li data-section-id=\"5xzio3\" data-start=\"1556\" data-end=\"1601\">\n<p data-start=\"1558\" data-end=\"1601\">1 \u00d7 <strong data-start=\"1562\" data-end=\"1599\">Air Max Wireless Stereo Earphones<\/strong><\/p>\n<\/li>\n<li data-section-id=\"1ujm9xk\" data-start=\"1628\" data-end=\"1653\">\n<p data-start=\"1630\" data-end=\"1653\">1 \u00d7 C\u00e2ble de recharge<\/p>\n<\/li>\n<li data-section-id=\"euolri\" data-start=\"1654\" data-end=\"1682\">\n<p data-start=\"1656\" data-end=\"1682\">1 \u00d7 Manuel d\u2019utilisation<\/p>\n<\/li>\n<\/ul>\n<hr data-start=\"1769\" data-end=\"1772\" \/>\n<p data-start=\"1774\" data-end=\"1874\" data-is-last-node=\"\" data-is-only-node=\"\">\ud83c\udfb6 <strong data-start=\"1777\" data-end=\"1869\">Profitez d\u2019une libert\u00e9 totale et d\u2019un son immersif avec les Air Max Wireless Earphones !<\/strong> \ud83c\udfa7\ud83d\udcf1<\/p>\n<\/div>\n<\/div>\n<\/div>\n<\/div>\n<\/div>\n<\/div>\n<\/article>\n<\/div>\n","protected":false},"excerpt":{"rendered":"<p>Profitez d\u2019un son clair et immersif avec les Air Max Wireless Stereo Earphones, des \u00e9couteurs sans fil modernes con\u00e7us pour offrir confort, libert\u00e9 et qualit\u00e9 audio HiFi. Dot\u00e9s de la technologie Bluetooth True Wireless (TWS), ces \u00e9couteurs se connectent rapidement \u00e0 votre smartphone, tablette ou ordinateur pour une exp\u00e9rience audio fluide sans c\u00e2ble. Le bo\u00eetier&hellip;<\/p>\n","protected":false},"featured_media":16442,"comment_status":"open","ping_status":"closed","template":"","meta":[],"product_cat":[78],"product_tag":[],"class_list":{"0":"post-16437","1":"product","2":"type-product","3":"status-publish","4":"has-post-thumbnail","6":"product_cat-accessoires","8":"first","9":"instock","10":"sale","11":"shipping-taxable","12":"purchasable","13":"product-type-simple","14":"col-xs-6 col-sm-4","15":"col-md-3 col-lg-3","16":"un-4-cols"},"_links":{"self":[{"href":"https:\/\/www.vazy.market\/index.php\/wp-json\/wp\/v2\/product\/16437","targetHints":{"allow":["GET"]}}],"collection":[{"href":"https:\/\/www.vazy.market\/index.php\/wp-json\/wp\/v2\/product"}],"about":[{"href":"https:\/\/www.vazy.market\/index.php\/wp-json\/wp\/v2\/types\/product"}],"replies":[{"embeddable":true,"href":"https:\/\/www.vazy.market\/index.php\/wp-json\/wp\/v2\/comments?post=16437"}],"wp:featuredmedia":[{"embeddable":true,"href":"https:\/\/www.vazy.market\/index.php\/wp-json\/wp\/v2\/media\/16442"}],"wp:attachment":[{"href":"https:\/\/www.vazy.market\/index.php\/wp-json\/wp\/v2\/media?parent=16437"}],"wp:term":[{"taxonomy":"product_cat","embeddable":true,"href":"https:\/\/www.vazy.market\/index.php\/wp-json\/wp\/v2\/product_cat?post=16437"},{"taxonomy":"product_tag","embeddable":true,"href":"https:\/\/www.vazy.market\/index.php\/wp-json\/wp\/v2\/product_tag?post=16437"}],"curies":[{"name":"wp","href":"https:\/\/api.w.org\/{rel}","templated":true}]}}