{"id":16426,"date":"2026-03-11T20:10:07","date_gmt":"2026-03-11T20:10:07","guid":{"rendered":"https:\/\/www.vazy.market\/?post_type=product&#038;p=16426"},"modified":"2026-03-25T10:21:22","modified_gmt":"2026-03-25T10:21:22","slug":"lampe-led-professionnelle-rl-150-rl-100-led-photography-fill-light","status":"publish","type":"product","link":"https:\/\/www.vazy.market\/index.php\/product\/lampe-led-professionnelle-rl-150-rl-100-led-photography-fill-light\/","title":{"rendered":"\ud83d\udca1 Lampe LED Professionnelle &#8211; RL-150 \/ RL-100 LED Photography Fill Light"},"content":{"rendered":"<div class=\"flex flex-col text-sm pb-25\">\n<article class=\"text-token-text-primary w-full focus:outline-none [--shadow-height:45px] has-data-writing-block:pointer-events-none has-data-writing-block:-mt-(--shadow-height) has-data-writing-block:pt-(--shadow-height) [&amp;:has([data-writing-block])&gt;*]:pointer-events-auto scroll-mt-[calc(var(--header-height)+min(200px,max(70px,20svh)))]\" dir=\"auto\" tabindex=\"-1\" data-turn-id=\"request-69add934-1d50-8332-91d7-d97a2ee2331f-3\" data-testid=\"conversation-turn-110\" data-scroll-anchor=\"true\" data-turn=\"assistant\">\n<div class=\"text-base my-auto mx-auto pb-10 [--thread-content-margin:var(--thread-content-margin-xs,calc(var(--spacing)*4))] @w-sm\/main:[--thread-content-margin:var(--thread-content-margin-sm,calc(var(--spacing)*6))] @w-lg\/main:[--thread-content-margin:var(--thread-content-margin-lg,calc(var(--spacing)*16))] px-(--thread-content-margin)\">\n<div class=\"[--thread-content-max-width:40rem] @w-lg\/main:[--thread-content-max-width:48rem] mx-auto max-w-(--thread-content-max-width) flex-1 group\/turn-messages focus-visible:outline-hidden relative flex w-full min-w-0 flex-col agent-turn\" tabindex=\"-1\">\n<div class=\"flex max-w-full flex-col gap-4 grow\">\n<div class=\"min-h-8 text-message relative flex w-full flex-col items-end gap-2 text-start break-words whitespace-normal [.text-message+&amp;]:mt-1\" dir=\"auto\" data-message-author-role=\"assistant\" data-message-id=\"935b8b70-3e5e-44ec-b7dd-5cfe403135e6\" data-message-model-slug=\"gpt-5-3\">\n<div class=\"flex w-full flex-col gap-1 empty:hidden\">\n<div class=\"markdown prose dark:prose-invert w-full wrap-break-word light markdown-new-styling\">\n<p data-start=\"82\" data-end=\"289\">Am\u00e9liorez la qualit\u00e9 de vos photos et vid\u00e9os avec la <strong data-start=\"135\" data-end=\"182\">RL-150 et RL-100 LED Photography Fill Light<\/strong>, des lampes LED professionnelles con\u00e7ues pour la <strong data-start=\"232\" data-end=\"288\">cr\u00e9ation de contenu, la photographie et le streaming<\/strong>.<\/p>\n<p data-start=\"291\" data-end=\"653\">Gr\u00e2ce \u00e0 leur <strong data-start=\"304\" data-end=\"342\">\u00e9clairage LED puissant et uniforme<\/strong>, ces lampes permettent de r\u00e9duire les ombres et d\u2019obtenir une lumi\u00e8re naturelle id\u00e9ale pour les portraits, le maquillage, les vid\u00e9os ou les lives. Elles offrent \u00e9galement <strong data-start=\"514\" data-end=\"571\">un r\u00e9glage de luminosit\u00e9 et de temp\u00e9rature de couleur<\/strong> pour adapter l\u2019\u00e9clairage selon vos besoins.<\/p>\n<p data-start=\"655\" data-end=\"890\">Avec leur <strong data-start=\"665\" data-end=\"689\">design rectangulaire<\/strong>, elles diffusent la lumi\u00e8re sur une zone plus large qu\u2019un ring light classique, ce qui les rend parfaites pour les tournages vid\u00e9o ou la photographie de produits.<\/p>\n<hr data-start=\"892\" data-end=\"895\" \/>\n<h1 data-section-id=\"gug16d\" data-start=\"897\" data-end=\"913\">\u2b50 Points forts<\/h1>\n<p data-start=\"915\" data-end=\"1266\">\u2714 \ud83d\udca1 <strong data-start=\"920\" data-end=\"958\">\u00c9clairage LED puissant et homog\u00e8ne<\/strong><br data-start=\"958\" data-end=\"961\" \/>\u2714 \ud83c\udfa5 <strong data-start=\"966\" data-end=\"1015\">Parfait pour vid\u00e9o, streaming et photographie<\/strong><br data-start=\"1015\" data-end=\"1018\" \/>\u2714 \ud83c\udf9b <strong data-start=\"1023\" data-end=\"1060\">R\u00e9glage de luminosit\u00e9 (1% \u00e0 100%)<\/strong><br data-start=\"1060\" data-end=\"1063\" \/>\u2714 \ud83c\udf17 <strong data-start=\"1068\" data-end=\"1119\">Temp\u00e9rature de couleur r\u00e9glable (2700K \u2013 7500K)<\/strong><br data-start=\"1119\" data-end=\"1122\" \/>\u2714 \ud83c\udfae <strong data-start=\"1127\" data-end=\"1168\">T\u00e9l\u00e9commande pour contr\u00f4le \u00e0 distance<\/strong><br data-start=\"1168\" data-end=\"1171\" \/>\u2714 \ud83d\udcf7 <strong data-start=\"1176\" data-end=\"1223\">Compatible avec tr\u00e9pieds et supports studio<\/strong><br data-start=\"1223\" data-end=\"1226\" \/>\u2714 \ud83e\uddf3 <strong data-start=\"1231\" data-end=\"1266\">Design fin, portable et moderne<\/strong><\/p>\n<hr data-start=\"1268\" data-end=\"1271\" \/>\n<h1 data-section-id=\"1uvpa2v\" data-start=\"1273\" data-end=\"1288\">\ud83c\udfac Id\u00e9al pour<\/h1>\n<ul data-start=\"1290\" data-end=\"1479\">\n<li data-section-id=\"5n6tcu\" data-start=\"1290\" data-end=\"1344\">\n<p data-start=\"1292\" data-end=\"1344\">Cr\u00e9ation de contenu (YouTube \/ TikTok \/ Instagram)<\/p>\n<\/li>\n<li data-section-id=\"1vof3t8\" data-start=\"1345\" data-end=\"1377\">\n<p data-start=\"1347\" data-end=\"1377\">Photographie professionnelle<\/p>\n<\/li>\n<li data-section-id=\"9seyyq\" data-start=\"1378\" data-end=\"1396\">\n<p data-start=\"1380\" data-end=\"1396\">Live streaming<\/p>\n<\/li>\n<li data-section-id=\"q83iet\" data-start=\"1397\" data-end=\"1421\">\n<p data-start=\"1399\" data-end=\"1421\">Maquillage et beaut\u00e9<\/p>\n<\/li>\n<li data-section-id=\"1pdxxlt\" data-start=\"1422\" data-end=\"1454\">\n<p data-start=\"1424\" data-end=\"1454\">Vid\u00e9os marketing et produits<\/p>\n<\/li>\n<li data-section-id=\"xls0x7\" data-start=\"1455\" data-end=\"1479\">\n<p data-start=\"1457\" data-end=\"1479\">Studios photo et vid\u00e9o<\/p>\n<\/li>\n<\/ul>\n<hr data-start=\"1481\" data-end=\"1484\" \/>\n<h1 data-section-id=\"1gx1fos\" data-start=\"1486\" data-end=\"1506\">\ud83d\udcca Fiche Technique<\/h1>\n<div class=\"TyagGW_tableContainer\">\n<div class=\"group TyagGW_tableWrapper flex flex-col-reverse w-fit\" tabindex=\"-1\">\n<table class=\"w-fit min-w-(--thread-content-width)\" data-start=\"1508\" data-end=\"1966\">\n<thead data-start=\"1508\" data-end=\"1537\">\n<tr data-start=\"1508\" data-end=\"1537\">\n<th class=\"\" data-start=\"1508\" data-end=\"1526\" data-col-size=\"sm\">Caract\u00e9ristique<\/th>\n<th class=\"\" data-start=\"1526\" data-end=\"1537\" data-col-size=\"md\">D\u00e9tails<\/th>\n<\/tr>\n<\/thead>\n<tbody data-start=\"1548\" data-end=\"1966\">\n<tr data-start=\"1548\" data-end=\"1581\">\n<td data-start=\"1548\" data-end=\"1558\" data-col-size=\"sm\">Mod\u00e8les<\/td>\n<td data-start=\"1558\" data-end=\"1581\" data-col-size=\"md\"><strong data-start=\"1560\" data-end=\"1579\">RL-150 \/ RL-100<\/strong><\/td>\n<\/tr>\n<tr data-start=\"1582\" data-end=\"1630\">\n<td data-start=\"1582\" data-end=\"1589\" data-col-size=\"sm\">Type<\/td>\n<td data-start=\"1589\" data-end=\"1630\" data-col-size=\"md\">Lampe LED de remplissage (Fill Light)<\/td>\n<\/tr>\n<tr data-start=\"1631\" data-end=\"1678\">\n<td data-start=\"1631\" data-end=\"1650\" data-col-size=\"sm\">Source lumineuse<\/td>\n<td data-start=\"1650\" data-end=\"1678\" data-col-size=\"md\">LED SMD haute luminosit\u00e9<\/td>\n<\/tr>\n<tr data-start=\"1679\" data-end=\"1718\">\n<td data-start=\"1679\" data-end=\"1701\" data-col-size=\"sm\">Temp\u00e9rature couleur<\/td>\n<td data-start=\"1701\" data-end=\"1718\" data-col-size=\"md\">2500K \u2013 7500K<\/td>\n<\/tr>\n<tr data-start=\"1719\" data-end=\"1753\">\n<td data-start=\"1719\" data-end=\"1740\" data-col-size=\"sm\">R\u00e9glage luminosit\u00e9<\/td>\n<td data-start=\"1740\" data-end=\"1753\" data-col-size=\"md\">1% \u2013 100%<\/td>\n<\/tr>\n<tr data-start=\"1754\" data-end=\"1796\">\n<td data-start=\"1754\" data-end=\"1785\" data-col-size=\"sm\">Indice de rendu des couleurs<\/td>\n<td data-start=\"1785\" data-end=\"1796\" data-col-size=\"md\">RA \u2265 96<\/td>\n<\/tr>\n<tr data-start=\"1797\" data-end=\"1826\">\n<td data-start=\"1797\" data-end=\"1812\" data-col-size=\"sm\">Alimentation<\/td>\n<td data-start=\"1812\" data-end=\"1826\" data-col-size=\"md\">220 \u2013 240V<\/td>\n<\/tr>\n<tr data-start=\"1827\" data-end=\"1857\">\n<td data-start=\"1827\" data-end=\"1838\" data-col-size=\"sm\">Mat\u00e9riau<\/td>\n<td data-start=\"1838\" data-end=\"1857\" data-col-size=\"md\">Aluminium + ABS<\/td>\n<\/tr>\n<tr data-start=\"1858\" data-end=\"1924\">\n<td data-start=\"1858\" data-end=\"1871\" data-col-size=\"sm\">Dimensions<\/td>\n<td data-start=\"1871\" data-end=\"1924\" data-col-size=\"md\">RL100 : env. 58 \u00d7 10 cm \/ RL150 : env. 72 \u00d7 14 cm<\/td>\n<\/tr>\n<tr data-start=\"1925\" data-end=\"1966\">\n<td data-start=\"1925\" data-end=\"1939\" data-col-size=\"sm\">Utilisation<\/td>\n<td data-start=\"1939\" data-end=\"1966\" data-col-size=\"md\">Photo, vid\u00e9o, streaming<\/td>\n<\/tr>\n<\/tbody>\n<\/table>\n<\/div>\n<\/div>\n<p data-start=\"1968\" data-end=\"2092\"><em data-start=\"1968\" data-end=\"2054\">(Les deux mod\u00e8les offrent une lumi\u00e8re ajustable et une haute fid\u00e9lit\u00e9 des couleurs.)<\/em><\/p>\n<hr data-start=\"2094\" data-end=\"2097\" \/>\n<h1 data-section-id=\"6f7tr2\" data-start=\"2099\" data-end=\"2120\">\ud83d\udce6 Contenu du colis<\/h1>\n<ul data-start=\"2122\" data-end=\"2265\">\n<li data-section-id=\"1ru4dhl\" data-start=\"2122\" data-end=\"2160\">\n<p data-start=\"2124\" data-end=\"2160\">1 \u00d7 <strong data-start=\"2128\" data-end=\"2158\">Lampe LED RL-150 ou RL-100<\/strong><\/p>\n<\/li>\n<li data-section-id=\"1aam6fo\" data-start=\"2161\" data-end=\"2181\">\n<p data-start=\"2163\" data-end=\"2181\">1 \u00d7 T\u00e9l\u00e9commande<\/p>\n<\/li>\n<li data-section-id=\"b8d63u\" data-start=\"2182\" data-end=\"2209\">\n<p data-start=\"2184\" data-end=\"2209\">1 \u00d7 Support de fixation<\/p>\n<\/li>\n<li data-section-id=\"ax7c2a\" data-start=\"2210\" data-end=\"2238\">\n<p data-start=\"2212\" data-end=\"2238\">1 \u00d7 C\u00e2ble d\u2019alimentation<\/p>\n<\/li>\n<li data-section-id=\"f0k6ni\" data-start=\"2239\" data-end=\"2265\">\n<p data-start=\"2241\" data-end=\"2265\">1 \u00d7 Manuel d\u2019utilisation<\/p>\n<\/li>\n<\/ul>\n<hr data-start=\"2392\" data-end=\"2395\" \/>\n<p data-start=\"2397\" data-end=\"2544\">\ud83d\udca1 <strong data-start=\"2400\" data-end=\"2465\">L\u2019\u00e9clairage id\u00e9al pour des photos et vid\u00e9os professionnelles.<\/strong><br data-start=\"2465\" data-end=\"2468\" \/><strong data-start=\"2468\" data-end=\"2539\">Passez au niveau sup\u00e9rieur avec la RL-150 \/ RL-100 LED Fill Light !<\/strong> \ud83c\udfa5\ud83d\udcf8<\/p>\n<\/div>\n<\/div>\n<\/div>\n<\/div>\n<\/div>\n<\/div>\n<\/article>\n<\/div>\n","protected":false},"excerpt":{"rendered":"<p>Am\u00e9liorez la qualit\u00e9 de vos photos et vid\u00e9os avec la RL-150 et RL-100 LED Photography Fill Light, des lampes LED professionnelles con\u00e7ues pour la cr\u00e9ation de contenu, la photographie et le streaming. Gr\u00e2ce \u00e0 leur \u00e9clairage LED puissant et uniforme, ces lampes permettent de r\u00e9duire les ombres et d\u2019obtenir une lumi\u00e8re naturelle id\u00e9ale pour les&hellip;<\/p>\n","protected":false},"featured_media":17258,"comment_status":"open","ping_status":"closed","template":"","meta":[],"product_cat":[90,26],"product_tag":[],"class_list":{"0":"post-16426","1":"product","2":"type-product","3":"status-publish","4":"has-post-thumbnail","6":"product_cat-accessoires-informatique","7":"product_cat-gadgets-electroniques","9":"first","10":"instock","11":"sale","12":"shipping-taxable","13":"purchasable","14":"product-type-variable","15":"col-xs-6 col-sm-4","16":"col-md-3 col-lg-3","17":"un-4-cols"},"_links":{"self":[{"href":"https:\/\/www.vazy.market\/index.php\/wp-json\/wp\/v2\/product\/16426","targetHints":{"allow":["GET"]}}],"collection":[{"href":"https:\/\/www.vazy.market\/index.php\/wp-json\/wp\/v2\/product"}],"about":[{"href":"https:\/\/www.vazy.market\/index.php\/wp-json\/wp\/v2\/types\/product"}],"replies":[{"embeddable":true,"href":"https:\/\/www.vazy.market\/index.php\/wp-json\/wp\/v2\/comments?post=16426"}],"wp:featuredmedia":[{"embeddable":true,"href":"https:\/\/www.vazy.market\/index.php\/wp-json\/wp\/v2\/media\/17258"}],"wp:attachment":[{"href":"https:\/\/www.vazy.market\/index.php\/wp-json\/wp\/v2\/media?parent=16426"}],"wp:term":[{"taxonomy":"product_cat","embeddable":true,"href":"https:\/\/www.vazy.market\/index.php\/wp-json\/wp\/v2\/product_cat?post=16426"},{"taxonomy":"product_tag","embeddable":true,"href":"https:\/\/www.vazy.market\/index.php\/wp-json\/wp\/v2\/product_tag?post=16426"}],"curies":[{"name":"wp","href":"https:\/\/api.w.org\/{rel}","templated":true}]}}