{"id":16421,"date":"2026-03-11T20:09:28","date_gmt":"2026-03-11T20:09:28","guid":{"rendered":"https:\/\/www.vazy.market\/?post_type=product&#038;p=16421"},"modified":"2026-03-25T10:18:36","modified_gmt":"2026-03-25T10:18:36","slug":"pl-16-led-professional-photography-fill-light-lampe-led-pour-photo-video","status":"publish","type":"product","link":"https:\/\/www.vazy.market\/index.php\/product\/pl-16-led-professional-photography-fill-light-lampe-led-pour-photo-video\/","title":{"rendered":"\ud83d\udca1 PL-16 LED Professional Photography Fill Light \u2013 Lampe LED pour Photo &#038; Vid\u00e9o"},"content":{"rendered":"<div class=\"flex flex-col text-sm pb-25\">\n<article class=\"text-token-text-primary w-full focus:outline-none [--shadow-height:45px] has-data-writing-block:pointer-events-none has-data-writing-block:-mt-(--shadow-height) has-data-writing-block:pt-(--shadow-height) [&amp;:has([data-writing-block])&gt;*]:pointer-events-auto scroll-mt-[calc(var(--header-height)+min(200px,max(70px,20svh)))]\" dir=\"auto\" tabindex=\"-1\" data-turn-id=\"request-69add934-1d50-8332-91d7-d97a2ee2331f-2\" data-testid=\"conversation-turn-108\" data-scroll-anchor=\"true\" data-turn=\"assistant\">\n<div class=\"text-base my-auto mx-auto pb-10 [--thread-content-margin:var(--thread-content-margin-xs,calc(var(--spacing)*4))] @w-sm\/main:[--thread-content-margin:var(--thread-content-margin-sm,calc(var(--spacing)*6))] @w-lg\/main:[--thread-content-margin:var(--thread-content-margin-lg,calc(var(--spacing)*16))] px-(--thread-content-margin)\">\n<div class=\"[--thread-content-max-width:40rem] @w-lg\/main:[--thread-content-max-width:48rem] mx-auto max-w-(--thread-content-max-width) flex-1 group\/turn-messages focus-visible:outline-hidden relative flex w-full min-w-0 flex-col agent-turn\" tabindex=\"-1\">\n<div class=\"flex max-w-full flex-col gap-4 grow\">\n<div class=\"min-h-8 text-message relative flex w-full flex-col items-end gap-2 text-start break-words whitespace-normal [.text-message+&amp;]:mt-1\" dir=\"auto\" data-message-author-role=\"assistant\" data-message-id=\"ec1fb2b9-893c-486f-bb96-a1a66fc183ce\" data-message-model-slug=\"gpt-5-3\">\n<div class=\"flex w-full flex-col gap-1 empty:hidden\">\n<div class=\"markdown prose dark:prose-invert w-full wrap-break-word light markdown-new-styling\">\n<p data-start=\"88\" data-end=\"363\">Am\u00e9liorez la qualit\u00e9 de vos photos et vid\u00e9os avec la <strong data-start=\"141\" data-end=\"190\">PL-16 LED Professional Photography Fill Light<\/strong>. Cette lampe LED professionnelle est con\u00e7ue pour offrir <strong data-start=\"247\" data-end=\"284\">un \u00e9clairage uniforme et puissant<\/strong>, id\u00e9al pour la photographie, la vid\u00e9o, le streaming ou la cr\u00e9ation de contenu.<\/p>\n<p data-start=\"365\" data-end=\"644\">Gr\u00e2ce \u00e0 sa <strong data-start=\"376\" data-end=\"412\">technologie LED haute luminosit\u00e9<\/strong>, elle produit une lumi\u00e8re douce et naturelle qui r\u00e9duit les ombres et am\u00e9liore la qualit\u00e9 de l\u2019image. La lampe est livr\u00e9e avec <strong data-start=\"540\" data-end=\"560\">une t\u00e9l\u00e9commande<\/strong>, permettant de r\u00e9gler facilement la luminosit\u00e9 et les modes d\u2019\u00e9clairage \u00e0 distance.<\/p>\n<p data-start=\"646\" data-end=\"774\">Son <strong data-start=\"650\" data-end=\"695\">design compact et sa fixation universelle<\/strong> permettent de l\u2019installer facilement sur un tr\u00e9pied, une cam\u00e9ra ou un support.<\/p>\n<hr data-start=\"776\" data-end=\"779\" \/>\n<h1 data-section-id=\"gug16d\" data-start=\"781\" data-end=\"797\">\u2b50 Points forts<\/h1>\n<p data-start=\"799\" data-end=\"1063\">\u2714 \ud83d\udca1 <strong data-start=\"804\" data-end=\"842\">\u00c9clairage LED puissant et uniforme<\/strong><br data-start=\"842\" data-end=\"845\" \/>\u2714 \ud83c\udfa5 <strong data-start=\"850\" data-end=\"890\">Id\u00e9al pour photo, vid\u00e9o et streaming<\/strong><br data-start=\"890\" data-end=\"893\" \/>\u2714 \ud83c\udf9b <strong data-start=\"898\" data-end=\"938\">T\u00e9l\u00e9commande pour r\u00e9glage \u00e0 distance<\/strong><br data-start=\"938\" data-end=\"941\" \/>\u2714 \ud83d\udccf <strong data-start=\"946\" data-end=\"970\">Luminosit\u00e9 ajustable<\/strong><br data-start=\"970\" data-end=\"973\" \/>\u2714 \ud83d\udcf7 <strong data-start=\"978\" data-end=\"1025\">Compatible avec tr\u00e9pieds et supports cam\u00e9ra<\/strong><br data-start=\"1025\" data-end=\"1028\" \/>\u2714 \ud83e\uddf3 <strong data-start=\"1033\" data-end=\"1063\">Design compact et portable<\/strong><\/p>\n<hr data-start=\"1065\" data-end=\"1068\" \/>\n<h1 data-section-id=\"1uvpa2v\" data-start=\"1070\" data-end=\"1085\">\ud83c\udfac Id\u00e9al pour<\/h1>\n<ul data-start=\"1087\" data-end=\"1247\">\n<li data-section-id=\"1denpu1\" data-start=\"1087\" data-end=\"1129\">\n<p data-start=\"1089\" data-end=\"1129\">Cr\u00e9ation de contenu (YouTube \/ TikTok)<\/p>\n<\/li>\n<li data-section-id=\"1vof3t8\" data-start=\"1130\" data-end=\"1162\">\n<p data-start=\"1132\" data-end=\"1162\">Photographie professionnelle<\/p>\n<\/li>\n<li data-section-id=\"995hrf\" data-start=\"1163\" data-end=\"1186\">\n<p data-start=\"1165\" data-end=\"1186\">Vid\u00e9os et streaming<\/p>\n<\/li>\n<li data-section-id=\"1psa1jr\" data-start=\"1187\" data-end=\"1216\">\n<p data-start=\"1189\" data-end=\"1216\">Maquillage et beauty vlog<\/p>\n<\/li>\n<li data-section-id=\"iv05ah\" data-start=\"1217\" data-end=\"1247\">\n<p data-start=\"1219\" data-end=\"1247\">R\u00e9unions et visioconf\u00e9rences<\/p>\n<\/li>\n<\/ul>\n<hr data-start=\"1249\" data-end=\"1252\" \/>\n<h1 data-section-id=\"1gx1fos\" data-start=\"1254\" data-end=\"1274\">\ud83d\udcca Fiche Technique<\/h1>\n<div class=\"TyagGW_tableContainer\">\n<div class=\"group TyagGW_tableWrapper flex flex-col-reverse w-fit\" tabindex=\"-1\">\n<table class=\"w-fit min-w-(--thread-content-width)\" data-start=\"1276\" data-end=\"1649\">\n<thead data-start=\"1276\" data-end=\"1305\">\n<tr data-start=\"1276\" data-end=\"1305\">\n<th class=\"\" data-start=\"1276\" data-end=\"1294\" data-col-size=\"sm\">Caract\u00e9ristique<\/th>\n<th class=\"\" data-start=\"1294\" data-end=\"1305\" data-col-size=\"sm\">D\u00e9tails<\/th>\n<\/tr>\n<\/thead>\n<tbody data-start=\"1316\" data-end=\"1649\">\n<tr data-start=\"1316\" data-end=\"1336\">\n<td data-start=\"1316\" data-end=\"1325\" data-col-size=\"sm\">Marque<\/td>\n<td data-start=\"1325\" data-end=\"1336\" data-col-size=\"sm\">Generic<\/td>\n<\/tr>\n<tr data-start=\"1337\" data-end=\"1359\">\n<td data-start=\"1337\" data-end=\"1346\" data-col-size=\"sm\">Mod\u00e8le<\/td>\n<td data-start=\"1346\" data-end=\"1359\" data-col-size=\"sm\"><strong data-start=\"1348\" data-end=\"1357\">PL-16<\/strong><\/td>\n<\/tr>\n<tr data-start=\"1360\" data-end=\"1408\">\n<td data-start=\"1360\" data-end=\"1367\" data-col-size=\"sm\">Type<\/td>\n<td data-start=\"1367\" data-end=\"1408\" data-col-size=\"sm\">Lampe LED de remplissage (Fill Light)<\/td>\n<\/tr>\n<tr data-start=\"1409\" data-end=\"1452\">\n<td data-start=\"1409\" data-end=\"1428\" data-col-size=\"sm\">Source lumineuse<\/td>\n<td data-start=\"1428\" data-end=\"1452\" data-col-size=\"sm\">LED haute luminosit\u00e9<\/td>\n<\/tr>\n<tr data-start=\"1453\" data-end=\"1481\">\n<td data-start=\"1453\" data-end=\"1474\" data-col-size=\"sm\">R\u00e9glage luminosit\u00e9<\/td>\n<td data-start=\"1474\" data-end=\"1481\" data-col-size=\"sm\">Oui<\/td>\n<\/tr>\n<tr data-start=\"1482\" data-end=\"1509\">\n<td data-start=\"1482\" data-end=\"1493\" data-col-size=\"sm\">Contr\u00f4le<\/td>\n<td data-start=\"1493\" data-end=\"1509\" data-col-size=\"sm\">T\u00e9l\u00e9commande<\/td>\n<\/tr>\n<tr data-start=\"1510\" data-end=\"1541\">\n<td data-start=\"1510\" data-end=\"1520\" data-col-size=\"sm\">Montage<\/td>\n<td data-start=\"1520\" data-end=\"1541\" data-col-size=\"sm\">Support \/ tr\u00e9pied<\/td>\n<\/tr>\n<tr data-start=\"1542\" data-end=\"1585\">\n<td data-start=\"1542\" data-end=\"1557\" data-col-size=\"sm\">Alimentation<\/td>\n<td data-start=\"1557\" data-end=\"1585\" data-col-size=\"sm\">Adaptateur secteur \/ USB<\/td>\n<\/tr>\n<tr data-start=\"1586\" data-end=\"1629\">\n<td data-start=\"1586\" data-end=\"1600\" data-col-size=\"sm\">Utilisation<\/td>\n<td data-start=\"1600\" data-end=\"1629\" data-col-size=\"sm\">Photo \/ Vid\u00e9o \/ Streaming<\/td>\n<\/tr>\n<tr data-start=\"1630\" data-end=\"1649\">\n<td data-start=\"1630\" data-end=\"1640\" data-col-size=\"sm\">Couleur<\/td>\n<td data-start=\"1640\" data-end=\"1649\" data-col-size=\"sm\">Blanc<\/td>\n<\/tr>\n<\/tbody>\n<\/table>\n<\/div>\n<\/div>\n<hr data-start=\"1651\" data-end=\"1654\" \/>\n<h1 data-section-id=\"6f7tr2\" data-start=\"1656\" data-end=\"1677\">\ud83d\udce6 Contenu du colis<\/h1>\n<ul data-start=\"1679\" data-end=\"1818\">\n<li data-section-id=\"xmf3j8\" data-start=\"1679\" data-end=\"1711\">\n<p data-start=\"1681\" data-end=\"1711\">1 \u00d7 <strong data-start=\"1685\" data-end=\"1709\">PL-16 LED Fill Light<\/strong><\/p>\n<\/li>\n<li data-section-id=\"1aam6fo\" data-start=\"1712\" data-end=\"1732\">\n<p data-start=\"1714\" data-end=\"1732\">1 \u00d7 T\u00e9l\u00e9commande<\/p>\n<\/li>\n<li data-section-id=\"b8d63u\" data-start=\"1733\" data-end=\"1760\">\n<p data-start=\"1735\" data-end=\"1760\">1 \u00d7 Support de fixation<\/p>\n<\/li>\n<li data-section-id=\"ax7c2a\" data-start=\"1761\" data-end=\"1789\">\n<p data-start=\"1763\" data-end=\"1789\">1 \u00d7 C\u00e2ble d\u2019alimentation<\/p>\n<\/li>\n<li data-section-id=\"euolri\" data-start=\"1790\" data-end=\"1818\">\n<p data-start=\"1792\" data-end=\"1818\">1 \u00d7 Manuel d\u2019utilisation<\/p>\n<\/li>\n<\/ul>\n<hr data-start=\"1917\" data-end=\"1920\" \/>\n<p data-start=\"1922\" data-end=\"2068\" data-is-last-node=\"\" data-is-only-node=\"\">\ud83d\udcf8 <strong data-start=\"1925\" data-end=\"2003\">Un \u00e9clairage professionnel pour des photos et vid\u00e9os de meilleure qualit\u00e9.<\/strong><br data-start=\"2003\" data-end=\"2006\" \/><strong data-start=\"2006\" data-end=\"2063\">Commandez d\u00e8s maintenant votre PL-16 LED Fill Light !<\/strong> \ud83d\udca1\ud83c\udfa5<\/p>\n<\/div>\n<\/div>\n<\/div>\n<\/div>\n<\/div>\n<\/div>\n<\/article>\n<\/div>\n","protected":false},"excerpt":{"rendered":"<p>Am\u00e9liorez la qualit\u00e9 de vos photos et vid\u00e9os avec la PL-16 LED Professional Photography Fill Light. Cette lampe LED professionnelle est con\u00e7ue pour offrir un \u00e9clairage uniforme et puissant, id\u00e9al pour la photographie, la vid\u00e9o, le streaming ou la cr\u00e9ation de contenu. Gr\u00e2ce \u00e0 sa technologie LED haute luminosit\u00e9, elle produit une lumi\u00e8re douce et&hellip;<\/p>\n","protected":false},"featured_media":17259,"comment_status":"open","ping_status":"closed","template":"","meta":[],"product_cat":[90,26],"product_tag":[],"class_list":{"0":"post-16421","1":"product","2":"type-product","3":"status-publish","4":"has-post-thumbnail","6":"product_cat-accessoires-informatique","7":"product_cat-gadgets-electroniques","9":"first","10":"instock","11":"shipping-taxable","12":"product-type-simple","13":"col-xs-6 col-sm-4","14":"col-md-3 col-lg-3","15":"un-4-cols"},"_links":{"self":[{"href":"https:\/\/www.vazy.market\/index.php\/wp-json\/wp\/v2\/product\/16421","targetHints":{"allow":["GET"]}}],"collection":[{"href":"https:\/\/www.vazy.market\/index.php\/wp-json\/wp\/v2\/product"}],"about":[{"href":"https:\/\/www.vazy.market\/index.php\/wp-json\/wp\/v2\/types\/product"}],"replies":[{"embeddable":true,"href":"https:\/\/www.vazy.market\/index.php\/wp-json\/wp\/v2\/comments?post=16421"}],"wp:featuredmedia":[{"embeddable":true,"href":"https:\/\/www.vazy.market\/index.php\/wp-json\/wp\/v2\/media\/17259"}],"wp:attachment":[{"href":"https:\/\/www.vazy.market\/index.php\/wp-json\/wp\/v2\/media?parent=16421"}],"wp:term":[{"taxonomy":"product_cat","embeddable":true,"href":"https:\/\/www.vazy.market\/index.php\/wp-json\/wp\/v2\/product_cat?post=16421"},{"taxonomy":"product_tag","embeddable":true,"href":"https:\/\/www.vazy.market\/index.php\/wp-json\/wp\/v2\/product_tag?post=16421"}],"curies":[{"name":"wp","href":"https:\/\/api.w.org\/{rel}","templated":true}]}}