{"id":16416,"date":"2026-03-11T19:14:17","date_gmt":"2026-03-11T19:14:17","guid":{"rendered":"https:\/\/www.vazy.market\/?post_type=product&#038;p=16416"},"modified":"2026-03-25T10:22:46","modified_gmt":"2026-03-25T10:22:46","slug":"innova-in112-80l-double-door-refrigerator-refrigerateur-80-litres","status":"publish","type":"product","link":"https:\/\/www.vazy.market\/index.php\/product\/innova-in112-80l-double-door-refrigerator-refrigerateur-80-litres\/","title":{"rendered":"\u2744\ufe0f Innova IN112 80L Double Door Refrigerator \u2013 R\u00e9frig\u00e9rateur 80 Litres"},"content":{"rendered":"<div class=\"flex flex-col text-sm pb-25\">\n<article class=\"text-token-text-primary w-full focus:outline-none [--shadow-height:45px] has-data-writing-block:pointer-events-none has-data-writing-block:-mt-(--shadow-height) has-data-writing-block:pt-(--shadow-height) [&amp;:has([data-writing-block])&gt;*]:pointer-events-auto scroll-mt-[calc(var(--header-height)+min(200px,max(70px,20svh)))]\" dir=\"auto\" tabindex=\"-1\" data-turn-id=\"request-69add934-1d50-8332-91d7-d97a2ee2331f-1\" data-testid=\"conversation-turn-106\" data-scroll-anchor=\"true\" data-turn=\"assistant\">\n<div class=\"text-base my-auto mx-auto pb-10 [--thread-content-margin:var(--thread-content-margin-xs,calc(var(--spacing)*4))] @w-sm\/main:[--thread-content-margin:var(--thread-content-margin-sm,calc(var(--spacing)*6))] @w-lg\/main:[--thread-content-margin:var(--thread-content-margin-lg,calc(var(--spacing)*16))] px-(--thread-content-margin)\">\n<div class=\"[--thread-content-max-width:40rem] @w-lg\/main:[--thread-content-max-width:48rem] mx-auto max-w-(--thread-content-max-width) flex-1 group\/turn-messages focus-visible:outline-hidden relative flex w-full min-w-0 flex-col agent-turn\" tabindex=\"-1\">\n<div class=\"flex max-w-full flex-col gap-4 grow\">\n<div class=\"min-h-8 text-message relative flex w-full flex-col items-end gap-2 text-start break-words whitespace-normal [.text-message+&amp;]:mt-1\" dir=\"auto\" data-message-author-role=\"assistant\" data-message-id=\"565904bc-c70d-4c37-97be-031ff841cf97\" data-message-model-slug=\"gpt-5-3\">\n<div class=\"flex w-full flex-col gap-1 empty:hidden\">\n<div class=\"markdown prose dark:prose-invert w-full wrap-break-word light markdown-new-styling\">\n<p data-start=\"79\" data-end=\"296\">Conservez vos aliments et boissons au frais avec le <strong data-start=\"131\" data-end=\"176\">Innova IN112 80L Double Door Refrigerator<\/strong>, un r\u00e9frig\u00e9rateur compact et pratique con\u00e7u pour les <strong data-start=\"230\" data-end=\"295\">petits espaces, appartements, bureaux ou chambres d\u2019\u00e9tudiants<\/strong>.<\/p>\n<p data-start=\"298\" data-end=\"535\">Gr\u00e2ce \u00e0 sa <strong data-start=\"309\" data-end=\"371\">capacit\u00e9 de 80 litres et son syst\u00e8me \u00e0 double compartiment<\/strong>, il permet de s\u00e9parer facilement les aliments frais du compartiment cong\u00e9lateur. Son <strong data-start=\"457\" data-end=\"486\">design compact et moderne<\/strong> s\u2019int\u00e8gre parfaitement dans toutes les cuisines.<\/p>\n<p data-start=\"537\" data-end=\"738\">Ce r\u00e9frig\u00e9rateur offre \u00e9galement une <strong data-start=\"574\" data-end=\"606\">bonne efficacit\u00e9 \u00e9nerg\u00e9tique<\/strong>, permettant de r\u00e9duire la consommation d\u2019\u00e9lectricit\u00e9 tout en maintenant une temp\u00e9rature optimale pour la conservation des aliments.<\/p>\n<hr data-start=\"740\" data-end=\"743\" \/>\n<h1 data-section-id=\"gug16d\" data-start=\"745\" data-end=\"761\">\u2b50 Points forts<\/h1>\n<p data-start=\"763\" data-end=\"1026\">\u2714 \u2744\ufe0f <strong data-start=\"768\" data-end=\"820\">Capacit\u00e9 de 80 litres id\u00e9ale pour petits espaces<\/strong><br data-start=\"820\" data-end=\"823\" \/>\u2714 \ud83e\uddca <strong data-start=\"828\" data-end=\"863\">Compartiment cong\u00e9lateur s\u00e9par\u00e9<\/strong><br data-start=\"863\" data-end=\"866\" \/>\u2714 \u26a1 <strong data-start=\"870\" data-end=\"903\">Faible consommation d\u2019\u00e9nergie<\/strong><br data-start=\"903\" data-end=\"906\" \/>\u2714 \ud83e\uddf3 <strong data-start=\"911\" data-end=\"940\">Design compact et moderne<\/strong><br data-start=\"940\" data-end=\"943\" \/>\u2714 \ud83e\udd64 <strong data-start=\"948\" data-end=\"999\">Parfait pour boissons, fruits et aliments frais<\/strong><br data-start=\"999\" data-end=\"1002\" \/>\u2714 \ud83d\udee0 <strong data-start=\"1007\" data-end=\"1026\">Garantie 6 mois<\/strong><\/p>\n<hr data-start=\"1028\" data-end=\"1031\" \/>\n<h1 data-section-id=\"8hjtvv\" data-start=\"1033\" data-end=\"1048\">\ud83c\udfe0 Id\u00e9al pour<\/h1>\n<ul data-start=\"1050\" data-end=\"1171\">\n<li data-section-id=\"1gexo0o\" data-start=\"1050\" data-end=\"1077\">\n<p data-start=\"1052\" data-end=\"1077\">Appartements et studios<\/p>\n<\/li>\n<li data-section-id=\"183vlp5\" data-start=\"1078\" data-end=\"1102\">\n<p data-start=\"1080\" data-end=\"1102\">Chambres d\u2019\u00e9tudiants<\/p>\n<\/li>\n<li data-section-id=\"1n8txyz\" data-start=\"1103\" data-end=\"1127\">\n<p data-start=\"1105\" data-end=\"1127\">Bureaux et commerces<\/p>\n<\/li>\n<li data-section-id=\"lc9e6o\" data-start=\"1128\" data-end=\"1152\">\n<p data-start=\"1130\" data-end=\"1152\">H\u00f4tels et r\u00e9sidences<\/p>\n<\/li>\n<li data-section-id=\"1jhx8lb\" data-start=\"1153\" data-end=\"1171\">\n<p data-start=\"1155\" data-end=\"1171\">Petites cuisines<\/p>\n<\/li>\n<\/ul>\n<hr data-start=\"1173\" data-end=\"1176\" \/>\n<h1 data-section-id=\"1gx1fos\" data-start=\"1178\" data-end=\"1198\">\ud83d\udcca Fiche Technique<\/h1>\n<div class=\"TyagGW_tableContainer\">\n<div class=\"group TyagGW_tableWrapper flex flex-col-reverse w-fit\" tabindex=\"-1\">\n<table class=\"w-fit min-w-(--thread-content-width)\" data-start=\"1200\" data-end=\"1561\">\n<thead data-start=\"1200\" data-end=\"1229\">\n<tr data-start=\"1200\" data-end=\"1229\">\n<th class=\"\" data-start=\"1200\" data-end=\"1218\" data-col-size=\"sm\">Caract\u00e9ristique<\/th>\n<th class=\"\" data-start=\"1218\" data-end=\"1229\" data-col-size=\"sm\">D\u00e9tails<\/th>\n<\/tr>\n<\/thead>\n<tbody data-start=\"1240\" data-end=\"1561\">\n<tr data-start=\"1240\" data-end=\"1259\">\n<td data-start=\"1240\" data-end=\"1249\" data-col-size=\"sm\">Marque<\/td>\n<td data-start=\"1249\" data-end=\"1259\" data-col-size=\"sm\">Innova<\/td>\n<\/tr>\n<tr data-start=\"1260\" data-end=\"1282\">\n<td data-start=\"1260\" data-end=\"1269\" data-col-size=\"sm\">Mod\u00e8le<\/td>\n<td data-start=\"1269\" data-end=\"1282\" data-col-size=\"sm\"><strong data-start=\"1271\" data-end=\"1280\">IN112<\/strong><\/td>\n<\/tr>\n<tr data-start=\"1283\" data-end=\"1320\">\n<td data-start=\"1283\" data-end=\"1290\" data-col-size=\"sm\">Type<\/td>\n<td data-start=\"1290\" data-end=\"1320\" data-col-size=\"sm\">R\u00e9frig\u00e9rateur double porte<\/td>\n<\/tr>\n<tr data-start=\"1321\" data-end=\"1349\">\n<td data-start=\"1321\" data-end=\"1332\" data-col-size=\"sm\">Capacit\u00e9<\/td>\n<td data-start=\"1332\" data-end=\"1349\" data-col-size=\"sm\"><strong data-start=\"1334\" data-end=\"1347\">80 litres<\/strong><\/td>\n<\/tr>\n<tr data-start=\"1350\" data-end=\"1397\">\n<td data-start=\"1350\" data-end=\"1366\" data-col-size=\"sm\">Compartiments<\/td>\n<td data-start=\"1366\" data-end=\"1397\" data-col-size=\"sm\">R\u00e9frig\u00e9rateur + cong\u00e9lateur<\/td>\n<\/tr>\n<tr data-start=\"1398\" data-end=\"1424\">\n<td data-start=\"1398\" data-end=\"1419\" data-col-size=\"sm\">Classe \u00e9nerg\u00e9tique<\/td>\n<td data-start=\"1419\" data-end=\"1424\" data-col-size=\"sm\">A<\/td>\n<\/tr>\n<tr data-start=\"1425\" data-end=\"1480\">\n<td data-start=\"1425\" data-end=\"1454\" data-col-size=\"sm\">Syst\u00e8me de refroidissement<\/td>\n<td data-start=\"1454\" data-end=\"1480\" data-col-size=\"sm\">Refroidissement direct<\/td>\n<\/tr>\n<tr data-start=\"1481\" data-end=\"1511\">\n<td data-start=\"1481\" data-end=\"1496\" data-col-size=\"sm\">Alimentation<\/td>\n<td data-start=\"1496\" data-end=\"1511\" data-col-size=\"sm\">220 \u2013 240 V<\/td>\n<\/tr>\n<tr data-start=\"1512\" data-end=\"1539\">\n<td data-start=\"1512\" data-end=\"1522\" data-col-size=\"sm\">Couleur<\/td>\n<td data-start=\"1522\" data-end=\"1539\" data-col-size=\"sm\">Gris \/ Argent<\/td>\n<\/tr>\n<tr data-start=\"1540\" data-end=\"1561\">\n<td data-start=\"1540\" data-end=\"1551\" data-col-size=\"sm\">Garantie<\/td>\n<td data-start=\"1551\" data-end=\"1561\" data-col-size=\"sm\">6 mois<\/td>\n<\/tr>\n<\/tbody>\n<\/table>\n<\/div>\n<\/div>\n<hr data-start=\"1563\" data-end=\"1566\" \/>\n<h1 data-section-id=\"6f7tr2\" data-start=\"1568\" data-end=\"1589\">\ud83d\udce6 Contenu du colis<\/h1>\n<ul data-start=\"1591\" data-end=\"1662\">\n<li data-section-id=\"1ha9bhf\" data-start=\"1591\" data-end=\"1633\">\n<p data-start=\"1593\" data-end=\"1633\">1 \u00d7 <strong data-start=\"1597\" data-end=\"1631\">R\u00e9frig\u00e9rateur Innova IN112 80L<\/strong><\/p>\n<\/li>\n<li data-section-id=\"euolri\" data-start=\"1634\" data-end=\"1662\">\n<p data-start=\"1636\" data-end=\"1662\">1 \u00d7 Manuel d\u2019utilisation<\/p>\n<\/li>\n<\/ul>\n<hr data-start=\"1757\" data-end=\"1760\" \/>\n<p data-start=\"1762\" data-end=\"1920\" data-is-last-node=\"\" data-is-only-node=\"\">\u2744\ufe0f <strong data-start=\"1765\" data-end=\"1846\">Un r\u00e9frig\u00e9rateur compact et efficace pour garder vos aliments toujours frais.<\/strong><br data-start=\"1846\" data-end=\"1849\" \/><strong data-start=\"1849\" data-end=\"1915\">Commandez d\u00e8s maintenant votre Innova IN112 80L Refrigerator !<\/strong> \ud83e\uddca\ud83e\udd64<\/p>\n<\/div>\n<\/div>\n<\/div>\n<\/div>\n<\/div>\n<\/div>\n<\/article>\n<\/div>\n","protected":false},"excerpt":{"rendered":"<p>Conservez vos aliments et boissons au frais avec le Innova IN112 80L Double Door Refrigerator, un r\u00e9frig\u00e9rateur compact et pratique con\u00e7u pour les petits espaces, appartements, bureaux ou chambres d\u2019\u00e9tudiants. Gr\u00e2ce \u00e0 sa capacit\u00e9 de 80 litres et son syst\u00e8me \u00e0 double compartiment, il permet de s\u00e9parer facilement les aliments frais du compartiment cong\u00e9lateur. Son&hellip;<\/p>\n","protected":false},"featured_media":16418,"comment_status":"open","ping_status":"closed","template":"","meta":[],"product_cat":[100],"product_tag":[],"class_list":{"0":"post-16416","1":"product","2":"type-product","3":"status-publish","4":"has-post-thumbnail","6":"product_brand-innova","7":"product_cat-electromenager","9":"first","10":"instock","11":"sale","12":"shipping-taxable","13":"purchasable","14":"product-type-simple","15":"col-xs-6 col-sm-4","16":"col-md-3 col-lg-3","17":"un-4-cols"},"_links":{"self":[{"href":"https:\/\/www.vazy.market\/index.php\/wp-json\/wp\/v2\/product\/16416","targetHints":{"allow":["GET"]}}],"collection":[{"href":"https:\/\/www.vazy.market\/index.php\/wp-json\/wp\/v2\/product"}],"about":[{"href":"https:\/\/www.vazy.market\/index.php\/wp-json\/wp\/v2\/types\/product"}],"replies":[{"embeddable":true,"href":"https:\/\/www.vazy.market\/index.php\/wp-json\/wp\/v2\/comments?post=16416"}],"wp:featuredmedia":[{"embeddable":true,"href":"https:\/\/www.vazy.market\/index.php\/wp-json\/wp\/v2\/media\/16418"}],"wp:attachment":[{"href":"https:\/\/www.vazy.market\/index.php\/wp-json\/wp\/v2\/media?parent=16416"}],"wp:term":[{"taxonomy":"product_cat","embeddable":true,"href":"https:\/\/www.vazy.market\/index.php\/wp-json\/wp\/v2\/product_cat?post=16416"},{"taxonomy":"product_tag","embeddable":true,"href":"https:\/\/www.vazy.market\/index.php\/wp-json\/wp\/v2\/product_tag?post=16416"}],"curies":[{"name":"wp","href":"https:\/\/api.w.org\/{rel}","templated":true}]}}