{"id":16413,"date":"2026-03-11T18:39:18","date_gmt":"2026-03-11T18:39:18","guid":{"rendered":"https:\/\/www.vazy.market\/?post_type=product&#038;p=16413"},"modified":"2026-03-25T10:23:35","modified_gmt":"2026-03-25T10:23:35","slug":"40w-usb-c-power-adapter-chargeur-rapide-type-c-avec-cable","status":"publish","type":"product","link":"https:\/\/www.vazy.market\/index.php\/product\/40w-usb-c-power-adapter-chargeur-rapide-type-c-avec-cable\/","title":{"rendered":"\u26a1 40W USB-C Power Adapter \u2013 Chargeur Rapide Type-C avec C\u00e2ble"},"content":{"rendered":"<div class=\"flex flex-col text-sm pb-25\">\n<article class=\"text-token-text-primary w-full focus:outline-none [--shadow-height:45px] has-data-writing-block:pointer-events-none has-data-writing-block:-mt-(--shadow-height) has-data-writing-block:pt-(--shadow-height) [&amp;:has([data-writing-block])&gt;*]:pointer-events-auto scroll-mt-[calc(var(--header-height)+min(200px,max(70px,20svh)))]\" dir=\"auto\" tabindex=\"-1\" data-turn-id=\"request-69add934-1d50-8332-91d7-d97a2ee2331f-0\" data-testid=\"conversation-turn-104\" data-scroll-anchor=\"true\" data-turn=\"assistant\">\n<div class=\"text-base my-auto mx-auto pb-10 [--thread-content-margin:var(--thread-content-margin-xs,calc(var(--spacing)*4))] @w-sm\/main:[--thread-content-margin:var(--thread-content-margin-sm,calc(var(--spacing)*6))] @w-lg\/main:[--thread-content-margin:var(--thread-content-margin-lg,calc(var(--spacing)*16))] px-(--thread-content-margin)\">\n<div class=\"[--thread-content-max-width:40rem] @w-lg\/main:[--thread-content-max-width:48rem] mx-auto max-w-(--thread-content-max-width) flex-1 group\/turn-messages focus-visible:outline-hidden relative flex w-full min-w-0 flex-col agent-turn\" tabindex=\"-1\">\n<div class=\"flex max-w-full flex-col gap-4 grow\">\n<div class=\"min-h-8 text-message relative flex w-full flex-col items-end gap-2 text-start break-words whitespace-normal [.text-message+&amp;]:mt-1\" dir=\"auto\" data-message-author-role=\"assistant\" data-message-id=\"5e6675a2-72c9-4524-81b6-429986c768fd\" data-message-model-slug=\"gpt-5-3\">\n<div class=\"flex w-full flex-col gap-1 empty:hidden\">\n<div class=\"markdown prose dark:prose-invert w-full wrap-break-word light markdown-new-styling\">\n<p data-start=\"70\" data-end=\"317\">Rechargez vos appareils <strong data-start=\"94\" data-end=\"134\">plus rapidement et en toute s\u00e9curit\u00e9<\/strong> avec le <strong data-start=\"143\" data-end=\"170\">40W USB-C Power Adapter<\/strong>. Ce chargeur puissant est con\u00e7u pour offrir une <strong data-start=\"219\" data-end=\"246\">charge rapide et stable<\/strong> pour les smartphones, tablettes et autres appareils compatibles USB-C.<\/p>\n<p data-start=\"319\" data-end=\"536\">Gr\u00e2ce \u00e0 sa <strong data-start=\"330\" data-end=\"350\">puissance de 40W<\/strong>, il permet une recharge rapide pour les appareils modernes. Le chargeur est livr\u00e9 avec <strong data-start=\"438\" data-end=\"503\">un c\u00e2ble Type-C vers Type-C ou Type-C vers iPhone (Lightning)<\/strong> pour une compatibilit\u00e9 maximale.<\/p>\n<p data-start=\"538\" data-end=\"635\">Compact et l\u00e9ger, il est id\u00e9al pour une utilisation <strong data-start=\"590\" data-end=\"634\">\u00e0 la maison, au bureau ou en d\u00e9placement<\/strong>.<\/p>\n<hr data-start=\"637\" data-end=\"640\" \/>\n<h1 data-section-id=\"gug16d\" data-start=\"642\" data-end=\"658\">\u2b50 Points forts<\/h1>\n<p data-start=\"660\" data-end=\"959\">\u2714 \u26a1 <strong data-start=\"664\" data-end=\"701\">Charge rapide 40W haute puissance<\/strong><br data-start=\"701\" data-end=\"704\" \/>\u2714 \ud83d\udd0c <strong data-start=\"709\" data-end=\"745\">Port USB-C moderne et performant<\/strong><br data-start=\"745\" data-end=\"748\" \/>\u2714 \ud83d\udd17 <strong data-start=\"753\" data-end=\"815\">C\u00e2ble inclus (Type-C vers Type-C ou Type-C vers Lightning)<\/strong><br data-start=\"815\" data-end=\"818\" \/>\u2714 \ud83d\udcf1 <strong data-start=\"823\" data-end=\"855\">Compatible Android et iPhone<\/strong><br data-start=\"855\" data-end=\"858\" \/>\u2714 \ud83e\uddf3 <strong data-start=\"863\" data-end=\"905\">Design compact et facile \u00e0 transporter<\/strong><br data-start=\"905\" data-end=\"908\" \/>\u2714 \ud83d\udd12 <strong data-start=\"913\" data-end=\"959\">Protection contre surtension et surchauffe<\/strong><\/p>\n<hr data-start=\"961\" data-end=\"964\" \/>\n<h1 data-section-id=\"z5naij\" data-start=\"966\" data-end=\"981\">\ud83d\udcf1 Id\u00e9al pour<\/h1>\n<ul data-start=\"983\" data-end=\"1097\">\n<li data-section-id=\"1rxl1vp\" data-start=\"983\" data-end=\"1006\">\n<p data-start=\"985\" data-end=\"1006\">Smartphones Android<\/p>\n<\/li>\n<li data-section-id=\"1wumq9p\" data-start=\"1007\" data-end=\"1047\">\n<p data-start=\"1009\" data-end=\"1047\">iPhone compatibles USB-C \/ Lightning<\/p>\n<\/li>\n<li data-section-id=\"1x4w8bk\" data-start=\"1048\" data-end=\"1061\">\n<p data-start=\"1050\" data-end=\"1061\">Tablettes<\/p>\n<\/li>\n<li data-section-id=\"ias5b6\" data-start=\"1062\" data-end=\"1077\">\n<p data-start=\"1064\" data-end=\"1077\">Power banks<\/p>\n<\/li>\n<li data-section-id=\"3f9zwk\" data-start=\"1078\" data-end=\"1097\">\n<p data-start=\"1080\" data-end=\"1097\">Accessoires USB-C<\/p>\n<\/li>\n<\/ul>\n<hr data-start=\"1099\" data-end=\"1102\" \/>\n<h1 data-section-id=\"1gx1fos\" data-start=\"1104\" data-end=\"1124\">\ud83d\udcca Fiche Technique<\/h1>\n<div class=\"TyagGW_tableContainer\">\n<div class=\"group TyagGW_tableWrapper flex flex-col-reverse w-fit\" tabindex=\"-1\">\n<table class=\"w-fit min-w-(--thread-content-width)\" data-start=\"1126\" data-end=\"1472\">\n<thead data-start=\"1126\" data-end=\"1155\">\n<tr data-start=\"1126\" data-end=\"1155\">\n<th class=\"\" data-start=\"1126\" data-end=\"1144\" data-col-size=\"sm\">Caract\u00e9ristique<\/th>\n<th class=\"\" data-start=\"1144\" data-end=\"1155\" data-col-size=\"md\">D\u00e9tails<\/th>\n<\/tr>\n<\/thead>\n<tbody data-start=\"1166\" data-end=\"1472\">\n<tr data-start=\"1166\" data-end=\"1200\">\n<td data-start=\"1166\" data-end=\"1173\" data-col-size=\"sm\">Type<\/td>\n<td data-start=\"1173\" data-end=\"1200\" data-col-size=\"md\">Chargeur rapide secteur<\/td>\n<\/tr>\n<tr data-start=\"1201\" data-end=\"1241\">\n<td data-start=\"1201\" data-end=\"1210\" data-col-size=\"sm\">Mod\u00e8le<\/td>\n<td data-start=\"1210\" data-end=\"1241\" data-col-size=\"md\"><strong data-start=\"1212\" data-end=\"1239\">40W USB-C Power Adapter<\/strong><\/td>\n<\/tr>\n<tr data-start=\"1242\" data-end=\"1270\">\n<td data-start=\"1242\" data-end=\"1254\" data-col-size=\"sm\">Puissance<\/td>\n<td data-start=\"1254\" data-end=\"1270\" data-col-size=\"md\"><strong data-start=\"1256\" data-end=\"1268\">40 Watts<\/strong><\/td>\n<\/tr>\n<tr data-start=\"1271\" data-end=\"1287\">\n<td data-start=\"1271\" data-end=\"1278\" data-col-size=\"sm\">Port<\/td>\n<td data-start=\"1278\" data-end=\"1287\" data-col-size=\"md\">USB-C<\/td>\n<\/tr>\n<tr data-start=\"1288\" data-end=\"1349\">\n<td data-start=\"1288\" data-end=\"1303\" data-col-size=\"sm\">C\u00e2ble inclus<\/td>\n<td data-start=\"1303\" data-end=\"1349\" data-col-size=\"md\">Type-C vers Type-C \/ Type-C vers Lightning<\/td>\n<\/tr>\n<tr data-start=\"1350\" data-end=\"1381\">\n<td data-start=\"1350\" data-end=\"1364\" data-col-size=\"sm\">Technologie<\/td>\n<td data-start=\"1364\" data-end=\"1381\" data-col-size=\"md\">Fast Charging<\/td>\n<\/tr>\n<tr data-start=\"1382\" data-end=\"1403\">\n<td data-start=\"1382\" data-end=\"1391\" data-col-size=\"sm\">Entr\u00e9e<\/td>\n<td data-start=\"1391\" data-end=\"1403\" data-col-size=\"md\">100-240V<\/td>\n<\/tr>\n<tr data-start=\"1404\" data-end=\"1452\">\n<td data-start=\"1404\" data-end=\"1420\" data-col-size=\"sm\">Compatibilit\u00e9<\/td>\n<td data-start=\"1420\" data-end=\"1452\" data-col-size=\"md\">Android \/ iPhone \/ Tablettes<\/td>\n<\/tr>\n<tr data-start=\"1453\" data-end=\"1472\">\n<td data-start=\"1453\" data-end=\"1463\" data-col-size=\"sm\">Couleur<\/td>\n<td data-start=\"1463\" data-end=\"1472\" data-col-size=\"md\">Blanc<\/td>\n<\/tr>\n<\/tbody>\n<\/table>\n<\/div>\n<\/div>\n<hr data-start=\"1474\" data-end=\"1477\" \/>\n<h1 data-section-id=\"6f7tr2\" data-start=\"1479\" data-end=\"1500\">\ud83d\udce6 Contenu du colis<\/h1>\n<ul data-start=\"1502\" data-end=\"1624\">\n<li data-section-id=\"19yovwf\" data-start=\"1502\" data-end=\"1537\">\n<p data-start=\"1504\" data-end=\"1537\">1 \u00d7 <strong data-start=\"1508\" data-end=\"1535\">40W USB-C Power Adapter<\/strong><\/p>\n<\/li>\n<li data-section-id=\"vfz6fs\" data-start=\"1538\" data-end=\"1595\">\n<p data-start=\"1540\" data-end=\"1595\">1 \u00d7 C\u00e2ble Type-C vers Type-C ou Type-C vers Lightning<\/p>\n<\/li>\n<li data-section-id=\"euolri\" data-start=\"1596\" data-end=\"1624\">\n<p data-start=\"1598\" data-end=\"1624\">1 \u00d7 Manuel d\u2019utilisation<\/p>\n<\/li>\n<\/ul>\n<hr data-start=\"1724\" data-end=\"1727\" \/>\n<p data-start=\"1729\" data-end=\"1879\" data-is-last-node=\"\" data-is-only-node=\"\">\u26a1 <strong data-start=\"1731\" data-end=\"1811\">Rechargez vos appareils plus rapidement avec un chargeur puissant et fiable.<\/strong><br data-start=\"1811\" data-end=\"1814\" \/><strong data-start=\"1814\" data-end=\"1874\">Commandez d\u00e8s maintenant votre 40W USB-C Power Adapter !<\/strong> \ud83d\udd0b\ud83d\udcf1<\/p>\n<\/div>\n<\/div>\n<\/div>\n<\/div>\n<\/div>\n<\/div>\n<\/article>\n<\/div>\n","protected":false},"excerpt":{"rendered":"<p>Rechargez vos appareils plus rapidement et en toute s\u00e9curit\u00e9 avec le 40W USB-C Power Adapter. Ce chargeur puissant est con\u00e7u pour offrir une charge rapide et stable pour les smartphones, tablettes et autres appareils compatibles USB-C. Gr\u00e2ce \u00e0 sa puissance de 40W, il permet une recharge rapide pour les appareils modernes. Le chargeur est livr\u00e9&hellip;<\/p>\n","protected":false},"featured_media":16415,"comment_status":"open","ping_status":"closed","template":"","meta":[],"product_cat":[78],"product_tag":[],"class_list":{"0":"post-16413","1":"product","2":"type-product","3":"status-publish","4":"has-post-thumbnail","6":"product_cat-accessoires","8":"first","9":"instock","10":"sale","11":"shipping-taxable","12":"purchasable","13":"product-type-simple","14":"col-xs-6 col-sm-4","15":"col-md-3 col-lg-3","16":"un-4-cols"},"_links":{"self":[{"href":"https:\/\/www.vazy.market\/index.php\/wp-json\/wp\/v2\/product\/16413","targetHints":{"allow":["GET"]}}],"collection":[{"href":"https:\/\/www.vazy.market\/index.php\/wp-json\/wp\/v2\/product"}],"about":[{"href":"https:\/\/www.vazy.market\/index.php\/wp-json\/wp\/v2\/types\/product"}],"replies":[{"embeddable":true,"href":"https:\/\/www.vazy.market\/index.php\/wp-json\/wp\/v2\/comments?post=16413"}],"wp:featuredmedia":[{"embeddable":true,"href":"https:\/\/www.vazy.market\/index.php\/wp-json\/wp\/v2\/media\/16415"}],"wp:attachment":[{"href":"https:\/\/www.vazy.market\/index.php\/wp-json\/wp\/v2\/media?parent=16413"}],"wp:term":[{"taxonomy":"product_cat","embeddable":true,"href":"https:\/\/www.vazy.market\/index.php\/wp-json\/wp\/v2\/product_cat?post=16413"},{"taxonomy":"product_tag","embeddable":true,"href":"https:\/\/www.vazy.market\/index.php\/wp-json\/wp\/v2\/product_tag?post=16413"}],"curies":[{"name":"wp","href":"https:\/\/api.w.org\/{rel}","templated":true}]}}