{"id":16406,"date":"2026-03-10T22:57:01","date_gmt":"2026-03-10T22:57:01","guid":{"rendered":"https:\/\/www.vazy.market\/?post_type=product&#038;p=16406"},"modified":"2026-03-25T10:24:04","modified_gmt":"2026-03-25T10:24:04","slug":"support-reglable-et-pliable-tycom-foldable-phone-tablet-stand","status":"publish","type":"product","link":"https:\/\/www.vazy.market\/index.php\/product\/support-reglable-et-pliable-tycom-foldable-phone-tablet-stand\/","title":{"rendered":"\ud83d\udcf1Support R\u00e9glable et Pliable \u2013  Tycom Foldable Phone &#038; Tablet Stand"},"content":{"rendered":"<div class=\"flex h-svh w-screen flex-col\">\n<div class=\"relative z-0 flex min-h-0 w-full flex-1\">\n<div class=\"relative flex min-h-0 w-full flex-1\">\n<div class=\"@container\/main relative flex min-w-0 flex-1 flex-col -translate-y-[calc(env(safe-area-inset-bottom,0px)\/2)] pt-[calc(env(safe-area-inset-bottom,0px)\/2)]\">\n<div class=\"@w-sm\/main:[scrollbar-gutter:stable_both-edges] touch:[scrollbar-width:none] relative flex min-h-0 min-w-0 flex-1 flex-col [scrollbar-gutter:stable] not-print:overflow-x-clip not-print:overflow-y-auto scroll-pt-(--header-height) [--sticky-padding-top:var(--header-height)] has-data-[fixed-header=less-than-xl]:@w-xl\/main:scroll-pt-0 has-data-[fixed-header=less-than-xl]:@w-xl\/main:[--sticky-padding-top:0px] has-data-[fixed-header=less-than-xxl]:@w-2xl\/main:scroll-pt-0 has-data-[fixed-header=less-than-xxl]:@w-2xl\/main:[--sticky-padding-top:0px]\" data-scroll-root=\"\"><main id=\"main\" class=\"min-h-0 flex-1\"><\/p>\n<div id=\"thread\" class=\"group\/thread flex flex-col min-h-full\">\n<div class=\"composer-parent flex flex-1 flex-col focus-visible:outline-0\" role=\"presentation\">\n<div class=\"relative basis-auto flex-col -mb-(--composer-overlap-px) [--composer-overlap-px:28px] grow flex\">\n<div class=\"flex flex-col text-sm pb-25\">\n<article class=\"text-token-text-primary w-full focus:outline-none [--shadow-height:45px] has-data-writing-block:pointer-events-none has-data-writing-block:-mt-(--shadow-height) has-data-writing-block:pt-(--shadow-height) [&amp;:has([data-writing-block])&gt;*]:pointer-events-auto scroll-mt-[calc(var(--header-height)+min(200px,max(70px,20svh)))]\" dir=\"auto\" tabindex=\"-1\" data-turn-id=\"request-69add934-1d50-8332-91d7-d97a2ee2331f-10\" data-testid=\"conversation-turn-102\" data-scroll-anchor=\"true\" data-turn=\"assistant\">\n<div class=\"text-base my-auto mx-auto pb-10 [--thread-content-margin:var(--thread-content-margin-xs,calc(var(--spacing)*4))] @w-sm\/main:[--thread-content-margin:var(--thread-content-margin-sm,calc(var(--spacing)*6))] @w-lg\/main:[--thread-content-margin:var(--thread-content-margin-lg,calc(var(--spacing)*16))] px-(--thread-content-margin)\">\n<div class=\"[--thread-content-max-width:40rem] @w-lg\/main:[--thread-content-max-width:48rem] mx-auto max-w-(--thread-content-max-width) flex-1 group\/turn-messages focus-visible:outline-hidden relative flex w-full min-w-0 flex-col agent-turn\" tabindex=\"-1\">\n<div class=\"flex max-w-full flex-col gap-4 grow\">\n<div class=\"min-h-8 text-message relative flex w-full flex-col items-end gap-2 text-start break-words whitespace-normal [.text-message+&amp;]:mt-1\" dir=\"auto\" data-message-author-role=\"assistant\" data-message-id=\"dad0d193-c20a-4106-8a72-8f3c5485a871\" data-message-model-slug=\"gpt-5-3\">\n<div class=\"flex w-full flex-col gap-1 empty:hidden\">\n<div class=\"markdown prose dark:prose-invert w-full wrap-break-word light markdown-new-styling\">\n<p data-start=\"77\" data-end=\"253\">Am\u00e9liorez votre confort d\u2019utilisation avec le <strong data-start=\"123\" data-end=\"162\">Tycom Foldable Phone &amp; Tablet Stand<\/strong>, un support pratique con\u00e7u pour maintenir <strong data-start=\"205\" data-end=\"233\">smartphones et tablettes<\/strong> en toute stabilit\u00e9.<\/p>\n<p data-start=\"255\" data-end=\"526\">Gr\u00e2ce \u00e0 son <strong data-start=\"267\" data-end=\"297\">design pliable et r\u00e9glable<\/strong>, ce support permet d\u2019ajuster facilement l\u2019angle de vision pour regarder des vid\u00e9os, passer des appels vid\u00e9o ou travailler sur votre appareil. Sa <strong data-start=\"443\" data-end=\"470\">structure antid\u00e9rapante<\/strong> assure un maintien stable sur n\u2019importe quelle surface.<\/p>\n<p data-start=\"528\" data-end=\"627\">Compact et l\u00e9ger, il est parfait pour une utilisation <strong data-start=\"582\" data-end=\"626\">\u00e0 la maison, au bureau ou en d\u00e9placement<\/strong>.<\/p>\n<hr data-start=\"629\" data-end=\"632\" \/>\n<h1 data-section-id=\"gug16d\" data-start=\"634\" data-end=\"650\">\u2b50 Points forts<\/h1>\n<p data-start=\"652\" data-end=\"928\">\u2714 \ud83d\udcf1 <strong data-start=\"657\" data-end=\"696\">Compatible smartphones et tablettes<\/strong><br data-start=\"696\" data-end=\"699\" \/>\u2714 \ud83d\udccf <strong data-start=\"704\" data-end=\"732\">Angle de vision r\u00e9glable<\/strong><br data-start=\"732\" data-end=\"735\" \/>\u2714 \ud83e\uddf3 <strong data-start=\"740\" data-end=\"780\">Design pliable pour transport facile<\/strong><br data-start=\"780\" data-end=\"783\" \/>\u2714 \ud83d\udd12 <strong data-start=\"788\" data-end=\"833\">Base antid\u00e9rapante pour plus de stabilit\u00e9<\/strong><br data-start=\"833\" data-end=\"836\" \/>\u2714 \ud83c\udfac <strong data-start=\"841\" data-end=\"880\">Id\u00e9al pour regarder vid\u00e9os et films<\/strong><br data-start=\"880\" data-end=\"883\" \/>\u2714 \ud83d\udcbb <strong data-start=\"888\" data-end=\"928\">Parfait pour appels vid\u00e9o et travail<\/strong><\/p>\n<hr data-start=\"930\" data-end=\"933\" \/>\n<h1 data-section-id=\"z5naij\" data-start=\"935\" data-end=\"950\">\ud83d\udcf1 Id\u00e9al pour<\/h1>\n<ul data-start=\"952\" data-end=\"1095\">\n<li data-section-id=\"1u2lu0q\" data-start=\"952\" data-end=\"980\">\n<p data-start=\"954\" data-end=\"980\">Regarder films et vid\u00e9os<\/p>\n<\/li>\n<li data-section-id=\"krmkdg\" data-start=\"981\" data-end=\"1009\">\n<p data-start=\"983\" data-end=\"1009\">Appels vid\u00e9o et r\u00e9unions<\/p>\n<\/li>\n<li data-section-id=\"11ec6m1\" data-start=\"1010\" data-end=\"1033\">\n<p data-start=\"1012\" data-end=\"1033\">Navigation internet<\/p>\n<\/li>\n<li data-section-id=\"126zor6\" data-start=\"1034\" data-end=\"1058\">\n<p data-start=\"1036\" data-end=\"1058\">Lecture ou streaming<\/p>\n<\/li>\n<li data-section-id=\"pfcyct\" data-start=\"1059\" data-end=\"1095\">\n<p data-start=\"1061\" data-end=\"1095\">Travail sur smartphone ou tablette<\/p>\n<\/li>\n<\/ul>\n<hr data-start=\"1097\" data-end=\"1100\" \/>\n<h1 data-section-id=\"1gx1fos\" data-start=\"1102\" data-end=\"1122\">\ud83d\udcca Fiche Technique<\/h1>\n<div class=\"TyagGW_tableContainer\">\n<div class=\"group TyagGW_tableWrapper flex flex-col-reverse w-fit\" tabindex=\"-1\">\n<table class=\"w-fit min-w-(--thread-content-width)\" data-start=\"1124\" data-end=\"1454\">\n<thead data-start=\"1124\" data-end=\"1153\">\n<tr data-start=\"1124\" data-end=\"1153\">\n<th class=\"\" data-start=\"1124\" data-end=\"1142\" data-col-size=\"sm\">Caract\u00e9ristique<\/th>\n<th class=\"\" data-start=\"1142\" data-end=\"1153\" data-col-size=\"md\">D\u00e9tails<\/th>\n<\/tr>\n<\/thead>\n<tbody data-start=\"1164\" data-end=\"1454\">\n<tr data-start=\"1164\" data-end=\"1182\">\n<td data-start=\"1164\" data-end=\"1173\" data-col-size=\"sm\">Marque<\/td>\n<td data-start=\"1173\" data-end=\"1182\" data-col-size=\"md\">Tycom<\/td>\n<\/tr>\n<tr data-start=\"1183\" data-end=\"1229\">\n<td data-start=\"1183\" data-end=\"1192\" data-col-size=\"sm\">Mod\u00e8le<\/td>\n<td data-start=\"1192\" data-end=\"1229\" data-col-size=\"md\"><strong data-start=\"1194\" data-end=\"1227\">Foldable Phone &amp; Tablet Stand<\/strong><\/td>\n<\/tr>\n<tr data-start=\"1230\" data-end=\"1285\">\n<td data-start=\"1230\" data-end=\"1237\" data-col-size=\"sm\">Type<\/td>\n<td data-start=\"1237\" data-end=\"1285\" data-col-size=\"md\">Support r\u00e9glable pour smartphone et tablette<\/td>\n<\/tr>\n<tr data-start=\"1286\" data-end=\"1314\">\n<td data-start=\"1286\" data-end=\"1297\" data-col-size=\"sm\">Mat\u00e9riau<\/td>\n<td data-start=\"1297\" data-end=\"1314\" data-col-size=\"md\">Plastique ABS<\/td>\n<\/tr>\n<tr data-start=\"1315\" data-end=\"1344\">\n<td data-start=\"1315\" data-end=\"1325\" data-col-size=\"sm\">R\u00e9glage<\/td>\n<td data-start=\"1325\" data-end=\"1344\" data-col-size=\"md\">Angle ajustable<\/td>\n<\/tr>\n<tr data-start=\"1345\" data-end=\"1365\">\n<td data-start=\"1345\" data-end=\"1354\" data-col-size=\"sm\">Design<\/td>\n<td data-start=\"1354\" data-end=\"1365\" data-col-size=\"md\">Pliable<\/td>\n<\/tr>\n<tr data-start=\"1366\" data-end=\"1410\">\n<td data-start=\"1366\" data-end=\"1382\" data-col-size=\"sm\">Compatibilit\u00e9<\/td>\n<td data-start=\"1382\" data-end=\"1410\" data-col-size=\"md\">Smartphones et tablettes<\/td>\n<\/tr>\n<tr data-start=\"1411\" data-end=\"1435\">\n<td data-start=\"1411\" data-end=\"1418\" data-col-size=\"sm\">Base<\/td>\n<td data-start=\"1418\" data-end=\"1435\" data-col-size=\"md\">Antid\u00e9rapante<\/td>\n<\/tr>\n<tr data-start=\"1436\" data-end=\"1454\">\n<td data-start=\"1436\" data-end=\"1446\" data-col-size=\"sm\">Couleur<\/td>\n<td data-start=\"1446\" data-end=\"1454\" data-col-size=\"md\">Noir<\/td>\n<\/tr>\n<\/tbody>\n<\/table>\n<\/div>\n<\/div>\n<hr data-start=\"1456\" data-end=\"1459\" \/>\n<h1 data-section-id=\"6f7tr2\" data-start=\"1461\" data-end=\"1482\">\ud83d\udce6 Contenu du colis<\/h1>\n<ul data-start=\"1484\" data-end=\"1560\">\n<li data-section-id=\"1uwnf5h\" data-start=\"1484\" data-end=\"1531\">\n<p data-start=\"1486\" data-end=\"1531\">1 \u00d7 <strong data-start=\"1490\" data-end=\"1529\">Tycom Foldable Phone &amp; Tablet Stand<\/strong><\/p>\n<\/li>\n<li data-section-id=\"euolri\" data-start=\"1532\" data-end=\"1560\">\n<p data-start=\"1534\" data-end=\"1560\">1 \u00d7 Manuel d\u2019utilisation<\/p>\n<\/li>\n<\/ul>\n<hr data-start=\"1649\" data-end=\"1652\" \/>\n<p data-start=\"1654\" data-end=\"1824\" data-is-last-node=\"\" data-is-only-node=\"\">\ud83d\udcf1 <strong data-start=\"1657\" data-end=\"1749\">Un support pratique et stable pour utiliser votre t\u00e9l\u00e9phone ou tablette en tout confort.<\/strong><br data-start=\"1749\" data-end=\"1752\" \/><strong data-start=\"1752\" data-end=\"1824\" data-is-last-node=\"\">Commandez d\u00e8s maintenant votre Tycom Foldable Phone &amp; Tablet Stand !<\/strong><\/p>\n<\/div>\n<\/div>\n<\/div>\n<\/div>\n<\/div>\n<\/div>\n<\/article>\n<\/div>\n<\/div>\n<\/div>\n<\/div>\n<p><\/main><\/div>\n<\/div>\n<\/div>\n<\/div>\n<\/div>\n","protected":false},"excerpt":{"rendered":"<p>Am\u00e9liorez votre confort d\u2019utilisation avec le Tycom Foldable Phone &amp; Tablet Stand, un support pratique con\u00e7u pour maintenir smartphones et tablettes en toute stabilit\u00e9. Gr\u00e2ce \u00e0 son design pliable et r\u00e9glable, ce support permet d\u2019ajuster facilement l\u2019angle de vision pour regarder des vid\u00e9os, passer des appels vid\u00e9o ou travailler sur votre appareil. Sa structure antid\u00e9rapante&hellip;<\/p>\n","protected":false},"featured_media":16412,"comment_status":"open","ping_status":"closed","template":"","meta":[],"product_cat":[78,26],"product_tag":[],"class_list":{"0":"post-16406","1":"product","2":"type-product","3":"status-publish","4":"has-post-thumbnail","6":"product_cat-accessoires","7":"product_cat-gadgets-electroniques","9":"first","10":"instock","11":"shipping-taxable","12":"product-type-simple","13":"col-xs-6 col-sm-4","14":"col-md-3 col-lg-3","15":"un-4-cols"},"_links":{"self":[{"href":"https:\/\/www.vazy.market\/index.php\/wp-json\/wp\/v2\/product\/16406","targetHints":{"allow":["GET"]}}],"collection":[{"href":"https:\/\/www.vazy.market\/index.php\/wp-json\/wp\/v2\/product"}],"about":[{"href":"https:\/\/www.vazy.market\/index.php\/wp-json\/wp\/v2\/types\/product"}],"replies":[{"embeddable":true,"href":"https:\/\/www.vazy.market\/index.php\/wp-json\/wp\/v2\/comments?post=16406"}],"wp:featuredmedia":[{"embeddable":true,"href":"https:\/\/www.vazy.market\/index.php\/wp-json\/wp\/v2\/media\/16412"}],"wp:attachment":[{"href":"https:\/\/www.vazy.market\/index.php\/wp-json\/wp\/v2\/media?parent=16406"}],"wp:term":[{"taxonomy":"product_cat","embeddable":true,"href":"https:\/\/www.vazy.market\/index.php\/wp-json\/wp\/v2\/product_cat?post=16406"},{"taxonomy":"product_tag","embeddable":true,"href":"https:\/\/www.vazy.market\/index.php\/wp-json\/wp\/v2\/product_tag?post=16406"}],"curies":[{"name":"wp","href":"https:\/\/api.w.org\/{rel}","templated":true}]}}