{"id":16401,"date":"2026-03-10T22:48:00","date_gmt":"2026-03-10T22:48:00","guid":{"rendered":"https:\/\/www.vazy.market\/?post_type=product&#038;p=16401"},"modified":"2026-03-25T10:24:55","modified_gmt":"2026-03-25T10:24:55","slug":"projecteur-hd-avec-telecommande-mini-led-projector-smart-portable","status":"publish","type":"product","link":"https:\/\/www.vazy.market\/index.php\/product\/projecteur-hd-avec-telecommande-mini-led-projector-smart-portable\/","title":{"rendered":"\ud83d\udcfd\ufe0f Projecteur HD avec T\u00e9l\u00e9commande &#8211; Mini LED Projector Smart Portable"},"content":{"rendered":"<div class=\"flex flex-col text-sm pb-25\">\n<article class=\"text-token-text-primary w-full focus:outline-none [--shadow-height:45px] has-data-writing-block:pointer-events-none has-data-writing-block:-mt-(--shadow-height) has-data-writing-block:pt-(--shadow-height) [&amp;:has([data-writing-block])&gt;*]:pointer-events-auto scroll-mt-[calc(var(--header-height)+min(200px,max(70px,20svh)))]\" dir=\"auto\" tabindex=\"-1\" data-turn-id=\"request-69add934-1d50-8332-91d7-d97a2ee2331f-9\" data-testid=\"conversation-turn-100\" data-scroll-anchor=\"true\" data-turn=\"assistant\">\n<div class=\"text-base my-auto mx-auto pb-10 [--thread-content-margin:var(--thread-content-margin-xs,calc(var(--spacing)*4))] @w-sm\/main:[--thread-content-margin:var(--thread-content-margin-sm,calc(var(--spacing)*6))] @w-lg\/main:[--thread-content-margin:var(--thread-content-margin-lg,calc(var(--spacing)*16))] px-(--thread-content-margin)\">\n<div class=\"[--thread-content-max-width:40rem] @w-lg\/main:[--thread-content-max-width:48rem] mx-auto max-w-(--thread-content-max-width) flex-1 group\/turn-messages focus-visible:outline-hidden relative flex w-full min-w-0 flex-col agent-turn\" tabindex=\"-1\">\n<div class=\"flex max-w-full flex-col gap-4 grow\">\n<div class=\"min-h-8 text-message relative flex w-full flex-col items-end gap-2 text-start break-words whitespace-normal [.text-message+&amp;]:mt-1\" dir=\"auto\" data-message-author-role=\"assistant\" data-message-id=\"9aa58b7c-012e-4fcf-a46c-880d09a9eb8f\" data-message-model-slug=\"gpt-5-3\">\n<div class=\"flex w-full flex-col gap-1 empty:hidden\">\n<div class=\"markdown prose dark:prose-invert w-full wrap-break-word light markdown-new-styling\">\n<p data-start=\"80\" data-end=\"361\">Transformez votre maison en <strong data-start=\"108\" data-end=\"134\">v\u00e9ritable cin\u00e9ma priv\u00e9<\/strong> avec le <strong data-start=\"143\" data-end=\"180\">Mini LED Projector Smart Portable<\/strong>. Compact et puissant, ce projecteur permet de diffuser <strong data-start=\"236\" data-end=\"282\">films, s\u00e9ries, jeux vid\u00e9o et pr\u00e9sentations<\/strong> sur un grand \u00e9cran directement depuis votre smartphone, console ou ordinateur.<\/p>\n<p data-start=\"363\" data-end=\"654\">Gr\u00e2ce \u00e0 sa <strong data-start=\"374\" data-end=\"413\">technologie LED et sa r\u00e9solution HD<\/strong>, il offre une image claire et lumineuse, id\u00e9ale pour regarder <strong data-start=\"476\" data-end=\"526\">YouTube, Netflix, films ou \u00e9v\u00e9nements sportifs<\/strong> sur grand \u00e9cran. Son design compact et l\u00e9ger le rend parfait pour une utilisation <strong data-start=\"609\" data-end=\"653\">\u00e0 la maison, au bureau ou en d\u00e9placement<\/strong>.<\/p>\n<p data-start=\"656\" data-end=\"742\">Le projecteur est livr\u00e9 avec <strong data-start=\"685\" data-end=\"705\">une t\u00e9l\u00e9commande<\/strong> pour un contr\u00f4le simple et pratique.<\/p>\n<hr data-start=\"744\" data-end=\"747\" \/>\n<h1 data-section-id=\"gug16d\" data-start=\"749\" data-end=\"765\">\u2b50 Points forts<\/h1>\n<p data-start=\"767\" data-end=\"1080\">\u2714 \ud83d\udcfd\ufe0f <strong data-start=\"773\" data-end=\"820\">Projection grand \u00e9cran pour films et s\u00e9ries<\/strong><br data-start=\"820\" data-end=\"823\" \/>\u2714 \ud83d\udcfa <strong data-start=\"828\" data-end=\"883\">Compatible YouTube, Netflix et contenus multim\u00e9dias<\/strong><br data-start=\"883\" data-end=\"886\" \/>\u2714 \ud83c\udfae <strong data-start=\"891\" data-end=\"928\">Compatible consoles de jeux et PC<\/strong><br data-start=\"928\" data-end=\"931\" \/>\u2714 \ud83d\udcf6 <strong data-start=\"936\" data-end=\"989\">Connexion multiple : HDMI, USB, AV, carte m\u00e9moire<\/strong><br data-start=\"989\" data-end=\"992\" \/>\u2714 \ud83c\udf9b <strong data-start=\"997\" data-end=\"1042\">T\u00e9l\u00e9commande incluse pour contr\u00f4le facile<\/strong><br data-start=\"1042\" data-end=\"1045\" \/>\u2714 \ud83e\uddf3 <strong data-start=\"1050\" data-end=\"1080\">Design compact et portable<\/strong><\/p>\n<hr data-start=\"1082\" data-end=\"1085\" \/>\n<h1 data-section-id=\"1uvpa2v\" data-start=\"1087\" data-end=\"1102\">\ud83c\udfac Id\u00e9al pour<\/h1>\n<ul data-start=\"1104\" data-end=\"1258\">\n<li data-section-id=\"y7rqy1\" data-start=\"1104\" data-end=\"1135\">\n<p data-start=\"1106\" data-end=\"1135\">Films et s\u00e9ries \u00e0 la maison<\/p>\n<\/li>\n<li data-section-id=\"1xqep6y\" data-start=\"1136\" data-end=\"1166\">\n<p data-start=\"1138\" data-end=\"1166\">Jeux vid\u00e9o sur grand \u00e9cran<\/p>\n<\/li>\n<li data-section-id=\"17kdmkr\" data-start=\"1167\" data-end=\"1196\">\n<p data-start=\"1169\" data-end=\"1196\">Pr\u00e9sentations et r\u00e9unions<\/p>\n<\/li>\n<li data-section-id=\"yp6ea\" data-start=\"1197\" data-end=\"1220\">\n<p data-start=\"1199\" data-end=\"1220\">\u00c9v\u00e9nements sportifs<\/p>\n<\/li>\n<li data-section-id=\"vc582d\" data-start=\"1221\" data-end=\"1258\">\n<p data-start=\"1223\" data-end=\"1258\">Utilisation \u00e0 domicile ou en voyage<\/p>\n<\/li>\n<\/ul>\n<hr data-start=\"1260\" data-end=\"1263\" \/>\n<h1 data-section-id=\"1gx1fos\" data-start=\"1265\" data-end=\"1285\">\ud83d\udcca Fiche Technique<\/h1>\n<div class=\"TyagGW_tableContainer\">\n<div class=\"group TyagGW_tableWrapper flex flex-col-reverse w-fit\" tabindex=\"-1\">\n<table class=\"w-fit min-w-(--thread-content-width)\" data-start=\"1287\" data-end=\"1676\">\n<thead data-start=\"1287\" data-end=\"1316\">\n<tr data-start=\"1287\" data-end=\"1316\">\n<th class=\"\" data-start=\"1287\" data-end=\"1305\" data-col-size=\"sm\">Caract\u00e9ristique<\/th>\n<th class=\"\" data-start=\"1305\" data-end=\"1316\" data-col-size=\"sm\">D\u00e9tails<\/th>\n<\/tr>\n<\/thead>\n<tbody data-start=\"1327\" data-end=\"1676\">\n<tr data-start=\"1327\" data-end=\"1366\">\n<td data-start=\"1327\" data-end=\"1334\" data-col-size=\"sm\">Type<\/td>\n<td data-start=\"1334\" data-end=\"1366\" data-col-size=\"sm\">Mini projecteur LED portable<\/td>\n<\/tr>\n<tr data-start=\"1367\" data-end=\"1386\">\n<td data-start=\"1367\" data-end=\"1380\" data-col-size=\"sm\">R\u00e9solution<\/td>\n<td data-start=\"1380\" data-end=\"1386\" data-col-size=\"sm\">HD<\/td>\n<\/tr>\n<tr data-start=\"1387\" data-end=\"1419\">\n<td data-start=\"1387\" data-end=\"1401\" data-col-size=\"sm\">Technologie<\/td>\n<td data-start=\"1401\" data-end=\"1419\" data-col-size=\"sm\">Projection LED<\/td>\n<\/tr>\n<tr data-start=\"1420\" data-end=\"1453\">\n<td data-start=\"1420\" data-end=\"1433\" data-col-size=\"sm\">Luminosit\u00e9<\/td>\n<td data-start=\"1433\" data-end=\"1453\" data-col-size=\"sm\">Haute luminosit\u00e9<\/td>\n<\/tr>\n<tr data-start=\"1454\" data-end=\"1504\">\n<td data-start=\"1454\" data-end=\"1469\" data-col-size=\"sm\">Connectivit\u00e9<\/td>\n<td data-start=\"1469\" data-end=\"1504\" data-col-size=\"sm\">HDMI \/ USB \/ AV \/ Carte m\u00e9moire<\/td>\n<\/tr>\n<tr data-start=\"1505\" data-end=\"1557\">\n<td data-start=\"1505\" data-end=\"1521\" data-col-size=\"sm\">Compatibilit\u00e9<\/td>\n<td data-start=\"1521\" data-end=\"1557\" data-col-size=\"sm\">Smartphone, PC, TV Box, consoles<\/td>\n<\/tr>\n<tr data-start=\"1558\" data-end=\"1590\">\n<td data-start=\"1558\" data-end=\"1566\" data-col-size=\"sm\">Audio<\/td>\n<td data-start=\"1566\" data-end=\"1590\" data-col-size=\"sm\">Haut-parleur int\u00e9gr\u00e9<\/td>\n<\/tr>\n<tr data-start=\"1591\" data-end=\"1618\">\n<td data-start=\"1591\" data-end=\"1602\" data-col-size=\"sm\">Contr\u00f4le<\/td>\n<td data-start=\"1602\" data-end=\"1618\" data-col-size=\"sm\">T\u00e9l\u00e9commande<\/td>\n<\/tr>\n<tr data-start=\"1619\" data-end=\"1656\">\n<td data-start=\"1619\" data-end=\"1634\" data-col-size=\"sm\">Alimentation<\/td>\n<td data-start=\"1634\" data-end=\"1656\" data-col-size=\"sm\">Adaptateur secteur<\/td>\n<\/tr>\n<tr data-start=\"1657\" data-end=\"1676\">\n<td data-start=\"1657\" data-end=\"1667\" data-col-size=\"sm\">Couleur<\/td>\n<td data-start=\"1667\" data-end=\"1676\" data-col-size=\"sm\">Blanc<\/td>\n<\/tr>\n<\/tbody>\n<\/table>\n<\/div>\n<\/div>\n<hr data-start=\"1678\" data-end=\"1681\" \/>\n<h1 data-section-id=\"6f7tr2\" data-start=\"1683\" data-end=\"1704\">\ud83d\udce6 Contenu du colis<\/h1>\n<ul data-start=\"1706\" data-end=\"1844\">\n<li data-section-id=\"yh26ug\" data-start=\"1706\" data-end=\"1736\">\n<p data-start=\"1708\" data-end=\"1736\">1 \u00d7 <strong data-start=\"1712\" data-end=\"1734\">Mini LED Projector<\/strong><\/p>\n<\/li>\n<li data-section-id=\"1aam6fo\" data-start=\"1737\" data-end=\"1757\">\n<p data-start=\"1739\" data-end=\"1757\">1 \u00d7 T\u00e9l\u00e9commande<\/p>\n<\/li>\n<li data-section-id=\"q6yai7\" data-start=\"1758\" data-end=\"1791\">\n<p data-start=\"1760\" data-end=\"1791\">1 \u00d7 Adaptateur d\u2019alimentation<\/p>\n<\/li>\n<li data-section-id=\"j835xw\" data-start=\"1792\" data-end=\"1815\">\n<p data-start=\"1794\" data-end=\"1815\">1 \u00d7 C\u00e2ble AV \/ HDMI<\/p>\n<\/li>\n<li data-section-id=\"euolri\" data-start=\"1816\" data-end=\"1844\">\n<p data-start=\"1818\" data-end=\"1844\">1 \u00d7 Manuel d\u2019utilisation<\/p>\n<\/li>\n<\/ul>\n<hr data-start=\"1931\" data-end=\"1934\" \/>\n<p data-start=\"1936\" data-end=\"2083\" data-is-last-node=\"\" data-is-only-node=\"\">\ud83c\udfac <strong data-start=\"1939\" data-end=\"2020\">Profitez d\u2019un cin\u00e9ma \u00e0 domicile avec une image grand \u00e9cran o\u00f9 que vous soyez.<\/strong><br data-start=\"2020\" data-end=\"2023\" \/><strong data-start=\"2023\" data-end=\"2078\">Commandez d\u00e8s maintenant votre Mini LED Projector !<\/strong> \ud83d\udcfd\ufe0f\u2728<\/p>\n<\/div>\n<\/div>\n<\/div>\n<\/div>\n<\/div>\n<\/div>\n<\/article>\n<\/div>\n","protected":false},"excerpt":{"rendered":"<p>Transformez votre maison en v\u00e9ritable cin\u00e9ma priv\u00e9 avec le Mini LED Projector Smart Portable. Compact et puissant, ce projecteur permet de diffuser films, s\u00e9ries, jeux vid\u00e9o et pr\u00e9sentations sur un grand \u00e9cran directement depuis votre smartphone, console ou ordinateur. Gr\u00e2ce \u00e0 sa technologie LED et sa r\u00e9solution HD, il offre une image claire et lumineuse,&hellip;<\/p>\n","protected":false},"featured_media":16403,"comment_status":"open","ping_status":"closed","template":"","meta":[],"product_cat":[26,91],"product_tag":[],"class_list":{"0":"post-16401","1":"product","2":"type-product","3":"status-publish","4":"has-post-thumbnail","6":"product_cat-gadgets-electroniques","7":"product_cat-tv-smart-tv","9":"first","10":"instock","11":"sale","12":"shipping-taxable","13":"purchasable","14":"product-type-simple","15":"col-xs-6 col-sm-4","16":"col-md-3 col-lg-3","17":"un-4-cols"},"_links":{"self":[{"href":"https:\/\/www.vazy.market\/index.php\/wp-json\/wp\/v2\/product\/16401","targetHints":{"allow":["GET"]}}],"collection":[{"href":"https:\/\/www.vazy.market\/index.php\/wp-json\/wp\/v2\/product"}],"about":[{"href":"https:\/\/www.vazy.market\/index.php\/wp-json\/wp\/v2\/types\/product"}],"replies":[{"embeddable":true,"href":"https:\/\/www.vazy.market\/index.php\/wp-json\/wp\/v2\/comments?post=16401"}],"wp:featuredmedia":[{"embeddable":true,"href":"https:\/\/www.vazy.market\/index.php\/wp-json\/wp\/v2\/media\/16403"}],"wp:attachment":[{"href":"https:\/\/www.vazy.market\/index.php\/wp-json\/wp\/v2\/media?parent=16401"}],"wp:term":[{"taxonomy":"product_cat","embeddable":true,"href":"https:\/\/www.vazy.market\/index.php\/wp-json\/wp\/v2\/product_cat?post=16401"},{"taxonomy":"product_tag","embeddable":true,"href":"https:\/\/www.vazy.market\/index.php\/wp-json\/wp\/v2\/product_tag?post=16401"}],"curies":[{"name":"wp","href":"https:\/\/api.w.org\/{rel}","templated":true}]}}