{"id":16395,"date":"2026-03-10T22:37:43","date_gmt":"2026-03-10T22:37:43","guid":{"rendered":"https:\/\/www.vazy.market\/?post_type=product&#038;p=16395"},"modified":"2026-03-25T10:25:27","modified_gmt":"2026-03-25T10:25:27","slug":"lampe-led-rechargeable-haute-puissance-gdtimes-gd-8010s-rechargeable-led-lantern","status":"publish","type":"product","link":"https:\/\/www.vazy.market\/index.php\/product\/lampe-led-rechargeable-haute-puissance-gdtimes-gd-8010s-rechargeable-led-lantern\/","title":{"rendered":"\ud83d\udca1 Lampe LED Rechargeable Haute Puissance &#8211; GDTIMES GD-8010S Rechargeable LED Lantern"},"content":{"rendered":"<div class=\"flex flex-col text-sm pb-25\">\n<article class=\"text-token-text-primary w-full focus:outline-none [--shadow-height:45px] has-data-writing-block:pointer-events-none has-data-writing-block:-mt-(--shadow-height) has-data-writing-block:pt-(--shadow-height) [&amp;:has([data-writing-block])&gt;*]:pointer-events-auto scroll-mt-[calc(var(--header-height)+min(200px,max(70px,20svh)))]\" dir=\"auto\" tabindex=\"-1\" data-turn-id=\"request-69add934-1d50-8332-91d7-d97a2ee2331f-8\" data-testid=\"conversation-turn-98\" data-scroll-anchor=\"true\" data-turn=\"assistant\">\n<div class=\"text-base my-auto mx-auto pb-10 [--thread-content-margin:var(--thread-content-margin-xs,calc(var(--spacing)*4))] @w-sm\/main:[--thread-content-margin:var(--thread-content-margin-sm,calc(var(--spacing)*6))] @w-lg\/main:[--thread-content-margin:var(--thread-content-margin-lg,calc(var(--spacing)*16))] px-(--thread-content-margin)\">\n<div class=\"[--thread-content-max-width:40rem] @w-lg\/main:[--thread-content-max-width:48rem] mx-auto max-w-(--thread-content-max-width) flex-1 group\/turn-messages focus-visible:outline-hidden relative flex w-full min-w-0 flex-col agent-turn\" tabindex=\"-1\">\n<div class=\"flex max-w-full flex-col gap-4 grow\">\n<div class=\"min-h-8 text-message relative flex w-full flex-col items-end gap-2 text-start break-words whitespace-normal [.text-message+&amp;]:mt-1\" dir=\"auto\" data-message-author-role=\"assistant\" data-message-id=\"3e6df98b-d023-4e53-b12f-b8b377d2a5a9\" data-message-model-slug=\"gpt-5-3\">\n<div class=\"flex w-full flex-col gap-1 empty:hidden\">\n<div class=\"markdown prose dark:prose-invert w-full wrap-break-word light markdown-new-styling\">\n<p data-start=\"94\" data-end=\"339\">Restez \u00e9clair\u00e9 \u00e0 tout moment avec la <strong data-start=\"131\" data-end=\"176\">GDTIMES GD-8010S Rechargeable LED Lantern<\/strong>, une lampe LED puissante con\u00e7ue pour fournir <strong data-start=\"222\" data-end=\"257\">un \u00e9clairage intense et durable<\/strong>, id\u00e9ale pour les coupures d\u2019\u00e9lectricit\u00e9, le camping ou l\u2019utilisation quotidienne.<\/p>\n<p data-start=\"341\" data-end=\"648\">Gr\u00e2ce \u00e0 sa <strong data-start=\"352\" data-end=\"386\">batterie rechargeable int\u00e9gr\u00e9e<\/strong>, cette lampe offre une <strong data-start=\"410\" data-end=\"436\">autonomie longue dur\u00e9e<\/strong> et peut \u00e9galement servir de <strong data-start=\"465\" data-end=\"516\">source d\u2019\u00e9nergie pour recharger votre t\u00e9l\u00e9phone<\/strong> en cas d\u2019urgence. Son syst\u00e8me LED haute luminosit\u00e9 d\u00e9livre <strong data-start=\"576\" data-end=\"599\">jusqu\u2019\u00e0 1000 lumens<\/strong>, garantissant un \u00e9clairage puissant et uniforme.<\/p>\n<p data-start=\"650\" data-end=\"778\">Sa conception robuste et sa poign\u00e9e ergonomique permettent de la transporter facilement \u00e0 la maison, au travail ou en ext\u00e9rieur.<\/p>\n<hr data-start=\"780\" data-end=\"783\" \/>\n<h1 data-section-id=\"gug16d\" data-start=\"785\" data-end=\"801\">\u2b50 Points forts<\/h1>\n<p data-start=\"803\" data-end=\"1097\">\u2714 \ud83d\udca1 <strong data-start=\"808\" data-end=\"854\">\u00c9clairage LED puissant jusqu\u2019\u00e0 1000 lumens<\/strong><br data-start=\"854\" data-end=\"857\" \/>\u2714 \ud83d\udd0b <strong data-start=\"862\" data-end=\"900\">Batterie rechargeable longue dur\u00e9e<\/strong><br data-start=\"900\" data-end=\"903\" \/>\u2714 \ud83d\udcf1 <strong data-start=\"908\" data-end=\"954\">Fonction power bank pour charger t\u00e9l\u00e9phone<\/strong><br data-start=\"954\" data-end=\"957\" \/>\u2714 \u26a1 <strong data-start=\"961\" data-end=\"999\">Id\u00e9ale pour coupures d\u2019\u00e9lectricit\u00e9<\/strong><br data-start=\"999\" data-end=\"1002\" \/>\u2714 \ud83e\uddf3 <strong data-start=\"1007\" data-end=\"1039\">Design portable avec poign\u00e9e<\/strong><br data-start=\"1039\" data-end=\"1042\" \/>\u2714 \ud83c\udfd5 <strong data-start=\"1047\" data-end=\"1097\">Parfaite pour camping et activit\u00e9s ext\u00e9rieures<\/strong><\/p>\n<hr data-start=\"1099\" data-end=\"1102\" \/>\n<h1 data-section-id=\"8hjtvv\" data-start=\"1104\" data-end=\"1119\">\ud83c\udfe0 Id\u00e9al pour<\/h1>\n<ul data-start=\"1121\" data-end=\"1255\">\n<li data-section-id=\"1wgoi6u\" data-start=\"1121\" data-end=\"1147\">\n<p data-start=\"1123\" data-end=\"1147\">Coupures d\u2019\u00e9lectricit\u00e9<\/p>\n<\/li>\n<li data-section-id=\"13fbntm\" data-start=\"1148\" data-end=\"1168\">\n<p data-start=\"1150\" data-end=\"1168\">Maison et bureau<\/p>\n<\/li>\n<li data-section-id=\"1ghghcm\" data-start=\"1169\" data-end=\"1191\">\n<p data-start=\"1171\" data-end=\"1191\">Camping et voyages<\/p>\n<\/li>\n<li data-section-id=\"f2tbli\" data-start=\"1192\" data-end=\"1228\">\n<p data-start=\"1194\" data-end=\"1228\">S\u00e9curit\u00e9 et situations d\u2019urgence<\/p>\n<\/li>\n<li data-section-id=\"1um1ws9\" data-start=\"1229\" data-end=\"1255\">\n<p data-start=\"1231\" data-end=\"1255\">Utilisation en ext\u00e9rieur<\/p>\n<\/li>\n<\/ul>\n<hr data-start=\"1257\" data-end=\"1260\" \/>\n<h1 data-section-id=\"1gx1fos\" data-start=\"1262\" data-end=\"1282\">\ud83d\udcca Fiche Technique<\/h1>\n<div class=\"TyagGW_tableContainer\">\n<div class=\"group TyagGW_tableWrapper flex flex-col-reverse w-fit\" tabindex=\"-1\">\n<table class=\"w-fit min-w-(--thread-content-width)\" data-start=\"1284\" data-end=\"1711\">\n<thead data-start=\"1284\" data-end=\"1313\">\n<tr data-start=\"1284\" data-end=\"1313\">\n<th class=\"\" data-start=\"1284\" data-end=\"1302\" data-col-size=\"sm\">Caract\u00e9ristique<\/th>\n<th class=\"\" data-start=\"1302\" data-end=\"1313\" data-col-size=\"sm\">D\u00e9tails<\/th>\n<\/tr>\n<\/thead>\n<tbody data-start=\"1324\" data-end=\"1711\">\n<tr data-start=\"1324\" data-end=\"1344\">\n<td data-start=\"1324\" data-end=\"1333\" data-col-size=\"sm\">Marque<\/td>\n<td data-start=\"1333\" data-end=\"1344\" data-col-size=\"sm\">GDTIMES<\/td>\n<\/tr>\n<tr data-start=\"1345\" data-end=\"1370\">\n<td data-start=\"1345\" data-end=\"1354\" data-col-size=\"sm\">Mod\u00e8le<\/td>\n<td data-col-size=\"sm\" data-start=\"1354\" data-end=\"1370\"><strong data-start=\"1356\" data-end=\"1368\">GD-8010S<\/strong><\/td>\n<\/tr>\n<tr data-start=\"1371\" data-end=\"1404\">\n<td data-start=\"1371\" data-end=\"1378\" data-col-size=\"sm\">Type<\/td>\n<td data-start=\"1378\" data-end=\"1404\" data-col-size=\"sm\">Lampe LED rechargeable<\/td>\n<\/tr>\n<tr data-start=\"1405\" data-end=\"1445\">\n<td data-start=\"1405\" data-end=\"1418\" data-col-size=\"sm\">Luminosit\u00e9<\/td>\n<td data-start=\"1418\" data-end=\"1445\" data-col-size=\"sm\">Jusqu\u2019\u00e0 <strong data-start=\"1428\" data-end=\"1443\">1000 lumens<\/strong><\/td>\n<\/tr>\n<tr data-start=\"1446\" data-end=\"1488\">\n<td data-start=\"1446\" data-end=\"1465\" data-col-size=\"sm\">Source lumineuse<\/td>\n<td data-start=\"1465\" data-end=\"1488\" data-col-size=\"sm\">LED haute puissance<\/td>\n<\/tr>\n<tr data-start=\"1489\" data-end=\"1525\">\n<td data-start=\"1489\" data-end=\"1500\" data-col-size=\"sm\">Batterie<\/td>\n<td data-start=\"1500\" data-end=\"1525\" data-col-size=\"sm\">Rechargeable int\u00e9gr\u00e9e<\/td>\n<\/tr>\n<tr data-start=\"1526\" data-end=\"1570\">\n<td data-start=\"1526\" data-end=\"1538\" data-col-size=\"sm\">Autonomie<\/td>\n<td data-start=\"1538\" data-end=\"1570\" data-col-size=\"sm\">Plusieurs heures d\u2019\u00e9clairage<\/td>\n<\/tr>\n<tr data-start=\"1571\" data-end=\"1626\">\n<td data-start=\"1571\" data-end=\"1597\" data-col-size=\"sm\">Fonction suppl\u00e9mentaire<\/td>\n<td data-start=\"1597\" data-end=\"1626\" data-col-size=\"sm\">Power bank pour t\u00e9l\u00e9phone<\/td>\n<\/tr>\n<tr data-start=\"1627\" data-end=\"1655\">\n<td data-start=\"1627\" data-end=\"1638\" data-col-size=\"sm\">Recharge<\/td>\n<td data-col-size=\"sm\" data-start=\"1638\" data-end=\"1655\">Secteur \/ USB<\/td>\n<\/tr>\n<tr data-start=\"1656\" data-end=\"1692\">\n<td data-start=\"1656\" data-end=\"1667\" data-col-size=\"sm\">Mat\u00e9riau<\/td>\n<td data-start=\"1667\" data-end=\"1692\" data-col-size=\"sm\">Plastique ABS robuste<\/td>\n<\/tr>\n<tr data-start=\"1693\" data-end=\"1711\">\n<td data-start=\"1693\" data-end=\"1703\" data-col-size=\"sm\">Couleur<\/td>\n<td data-start=\"1703\" data-end=\"1711\" data-col-size=\"sm\">Noir<\/td>\n<\/tr>\n<\/tbody>\n<\/table>\n<\/div>\n<\/div>\n<hr data-start=\"1713\" data-end=\"1716\" \/>\n<h1 data-section-id=\"6f7tr2\" data-start=\"1718\" data-end=\"1739\">\ud83d\udce6 Contenu du colis<\/h1>\n<ul data-start=\"1741\" data-end=\"1836\">\n<li data-section-id=\"1y70c\" data-start=\"1741\" data-end=\"1781\">\n<p data-start=\"1743\" data-end=\"1781\">1 \u00d7 <strong data-start=\"1747\" data-end=\"1779\">GDTIMES GD-8010S LED Lantern<\/strong><\/p>\n<\/li>\n<li data-section-id=\"1ujm9xk\" data-start=\"1782\" data-end=\"1807\">\n<p data-start=\"1784\" data-end=\"1807\">1 \u00d7 C\u00e2ble de recharge<\/p>\n<\/li>\n<li data-section-id=\"euolri\" data-start=\"1808\" data-end=\"1836\">\n<p data-start=\"1810\" data-end=\"1836\">1 \u00d7 Manuel d\u2019utilisation<\/p>\n<\/li>\n<\/ul>\n<hr data-start=\"1931\" data-end=\"1934\" \/>\n<p data-start=\"1936\" data-end=\"2087\" data-is-last-node=\"\" data-is-only-node=\"\">\ud83d\udd25 <strong data-start=\"1939\" data-end=\"2027\">Une lampe LED puissante et rechargeable pour rester \u00e9clair\u00e9 en toutes circonstances.<\/strong><br data-start=\"2027\" data-end=\"2030\" \/><strong data-start=\"2030\" data-end=\"2083\">Commandez d\u00e8s maintenant votre GDTIMES GD-8010S !<\/strong> \ud83d\udca1\u26a1<\/p>\n<\/div>\n<\/div>\n<\/div>\n<\/div>\n<\/div>\n<\/div>\n<\/article>\n<\/div>\n","protected":false},"excerpt":{"rendered":"<p>Restez \u00e9clair\u00e9 \u00e0 tout moment avec la GDTIMES GD-8010S Rechargeable LED Lantern, une lampe LED puissante con\u00e7ue pour fournir un \u00e9clairage intense et durable, id\u00e9ale pour les coupures d\u2019\u00e9lectricit\u00e9, le camping ou l\u2019utilisation quotidienne. Gr\u00e2ce \u00e0 sa batterie rechargeable int\u00e9gr\u00e9e, cette lampe offre une autonomie longue dur\u00e9e et peut \u00e9galement servir de source d\u2019\u00e9nergie pour&hellip;<\/p>\n","protected":false},"featured_media":16397,"comment_status":"open","ping_status":"closed","template":"","meta":[],"product_cat":[90,26],"product_tag":[],"class_list":{"0":"post-16395","1":"product","2":"type-product","3":"status-publish","4":"has-post-thumbnail","6":"product_cat-accessoires-informatique","7":"product_cat-gadgets-electroniques","9":"first","10":"instock","11":"sale","12":"shipping-taxable","13":"purchasable","14":"product-type-simple","15":"col-xs-6 col-sm-4","16":"col-md-3 col-lg-3","17":"un-4-cols"},"_links":{"self":[{"href":"https:\/\/www.vazy.market\/index.php\/wp-json\/wp\/v2\/product\/16395","targetHints":{"allow":["GET"]}}],"collection":[{"href":"https:\/\/www.vazy.market\/index.php\/wp-json\/wp\/v2\/product"}],"about":[{"href":"https:\/\/www.vazy.market\/index.php\/wp-json\/wp\/v2\/types\/product"}],"replies":[{"embeddable":true,"href":"https:\/\/www.vazy.market\/index.php\/wp-json\/wp\/v2\/comments?post=16395"}],"wp:featuredmedia":[{"embeddable":true,"href":"https:\/\/www.vazy.market\/index.php\/wp-json\/wp\/v2\/media\/16397"}],"wp:attachment":[{"href":"https:\/\/www.vazy.market\/index.php\/wp-json\/wp\/v2\/media?parent=16395"}],"wp:term":[{"taxonomy":"product_cat","embeddable":true,"href":"https:\/\/www.vazy.market\/index.php\/wp-json\/wp\/v2\/product_cat?post=16395"},{"taxonomy":"product_tag","embeddable":true,"href":"https:\/\/www.vazy.market\/index.php\/wp-json\/wp\/v2\/product_tag?post=16395"}],"curies":[{"name":"wp","href":"https:\/\/api.w.org\/{rel}","templated":true}]}}