{"id":16390,"date":"2026-03-10T22:23:23","date_gmt":"2026-03-10T22:23:23","guid":{"rendered":"https:\/\/www.vazy.market\/?post_type=product&#038;p=16390"},"modified":"2026-03-25T10:26:59","modified_gmt":"2026-03-25T10:26:59","slug":"tondeuse-rechargeable-usb-waer-wa-1950-professional-hair-clipper","status":"publish","type":"product","link":"https:\/\/www.vazy.market\/index.php\/product\/tondeuse-rechargeable-usb-waer-wa-1950-professional-hair-clipper\/","title":{"rendered":"\u2702\ufe0fTondeuse Rechargeable USB &#8211;  WAER WA-1950 Professional Hair Clipper"},"content":{"rendered":"<div class=\"flex flex-col text-sm pb-25\">\n<article class=\"text-token-text-primary w-full focus:outline-none [--shadow-height:45px] has-data-writing-block:pointer-events-none has-data-writing-block:-mt-(--shadow-height) has-data-writing-block:pt-(--shadow-height) [&amp;:has([data-writing-block])&gt;*]:pointer-events-auto scroll-mt-[calc(var(--header-height)+min(200px,max(70px,20svh)))]\" dir=\"auto\" tabindex=\"-1\" data-turn-id=\"request-69add934-1d50-8332-91d7-d97a2ee2331f-7\" data-testid=\"conversation-turn-96\" data-scroll-anchor=\"true\" data-turn=\"assistant\">\n<div class=\"text-base my-auto mx-auto pb-10 [--thread-content-margin:var(--thread-content-margin-xs,calc(var(--spacing)*4))] @w-sm\/main:[--thread-content-margin:var(--thread-content-margin-sm,calc(var(--spacing)*6))] @w-lg\/main:[--thread-content-margin:var(--thread-content-margin-lg,calc(var(--spacing)*16))] px-(--thread-content-margin)\">\n<div class=\"[--thread-content-max-width:40rem] @w-lg\/main:[--thread-content-max-width:48rem] mx-auto max-w-(--thread-content-max-width) flex-1 group\/turn-messages focus-visible:outline-hidden relative flex w-full min-w-0 flex-col agent-turn\" tabindex=\"-1\">\n<div class=\"flex max-w-full flex-col gap-4 grow\">\n<div class=\"min-h-8 text-message relative flex w-full flex-col items-end gap-2 text-start break-words whitespace-normal [.text-message+&amp;]:mt-1\" dir=\"auto\" data-message-author-role=\"assistant\" data-message-id=\"f53a81ad-cf7b-4a58-881f-a1301b5ce3d9\" data-message-model-slug=\"gpt-5-3\">\n<div class=\"flex w-full flex-col gap-1 empty:hidden\">\n<div class=\"markdown prose dark:prose-invert w-full wrap-break-word light markdown-new-styling\">\n<p data-start=\"78\" data-end=\"330\">Obtenez une <strong data-start=\"90\" data-end=\"126\">coupe pr\u00e9cise et professionnelle<\/strong> avec la <strong data-start=\"135\" data-end=\"177\">WAER WA-1950 Professional Hair Clipper<\/strong>. Cette tondeuse moderne est con\u00e7ue pour offrir <strong data-start=\"225\" data-end=\"277\">performance, pr\u00e9cision et facilit\u00e9 d\u2019utilisation<\/strong>, id\u00e9ale pour la barbe, les cheveux et les finitions.<\/p>\n<p data-start=\"332\" data-end=\"619\">Gr\u00e2ce \u00e0 sa <strong data-start=\"343\" data-end=\"372\">fonction USB rechargeable<\/strong>, vous pouvez recharger la tondeuse facilement avec un chargeur, un ordinateur ou un power bank. Son <strong data-start=\"473\" data-end=\"518\">moteur puissant et ses lames de pr\u00e9cision<\/strong> permettent une coupe nette et rapide sans tirer les cheveux.<\/p>\n<p data-start=\"621\" data-end=\"724\">Compacte et ergonomique, elle est parfaite pour une utilisation <strong data-start=\"685\" data-end=\"723\">\u00e0 domicile ou en salon de coiffure<\/strong>.<\/p>\n<hr data-start=\"726\" data-end=\"729\" \/>\n<h1 data-section-id=\"gug16d\" data-start=\"731\" data-end=\"747\">\u2b50 Points forts<\/h1>\n<p data-start=\"749\" data-end=\"1018\">\u2714 \u2702\ufe0f <strong data-start=\"754\" data-end=\"793\">Coupe pr\u00e9cise pour cheveux et barbe<\/strong><br data-start=\"793\" data-end=\"796\" \/>\u2714 \ud83d\udd0b <strong data-start=\"801\" data-end=\"836\">Recharge USB pratique et rapide<\/strong><br data-start=\"836\" data-end=\"839\" \/>\u2714 \u26a1 <strong data-start=\"843\" data-end=\"884\">Moteur puissant pour une coupe fluide<\/strong><br data-start=\"884\" data-end=\"887\" \/>\u2714 \ud83e\uddf3 <strong data-start=\"892\" data-end=\"922\">Design compact et portable<\/strong><br data-start=\"922\" data-end=\"925\" \/>\u2714 \ud83d\udd07 <strong data-start=\"930\" data-end=\"959\">Fonctionnement silencieux<\/strong><br data-start=\"959\" data-end=\"962\" \/>\u2714 \ud83e\uddd1\u200d\ud83e\uddb1 <strong data-start=\"970\" data-end=\"1018\">Id\u00e9ale pour usage personnel ou professionnel<\/strong><\/p>\n<hr data-start=\"1020\" data-end=\"1023\" \/>\n<h1 data-section-id=\"rqqg6a\" data-start=\"1025\" data-end=\"1040\">\ud83d\udc88 Id\u00e9al pour<\/h1>\n<ul data-start=\"1042\" data-end=\"1162\">\n<li data-section-id=\"10x5vf9\" data-start=\"1042\" data-end=\"1062\">\n<p data-start=\"1044\" data-end=\"1062\">Coupe de cheveux<\/p>\n<\/li>\n<li data-section-id=\"1wq526e\" data-start=\"1063\" data-end=\"1082\">\n<p data-start=\"1065\" data-end=\"1082\">Taille de barbe<\/p>\n<\/li>\n<li data-section-id=\"1qg1pw3\" data-start=\"1083\" data-end=\"1108\">\n<p data-start=\"1085\" data-end=\"1108\">Finitions et contours<\/p>\n<\/li>\n<li data-section-id=\"y6jrmp\" data-start=\"1109\" data-end=\"1129\">\n<p data-start=\"1111\" data-end=\"1129\">Usage \u00e0 domicile<\/p>\n<\/li>\n<li data-section-id=\"crqhbh\" data-start=\"1130\" data-end=\"1162\">\n<p data-start=\"1132\" data-end=\"1162\">Barbiers et salons de coiffure<\/p>\n<\/li>\n<\/ul>\n<hr data-start=\"1164\" data-end=\"1167\" \/>\n<h1 data-section-id=\"1gx1fos\" data-start=\"1169\" data-end=\"1189\">\ud83d\udcca Fiche Technique<\/h1>\n<div class=\"TyagGW_tableContainer\">\n<div class=\"group TyagGW_tableWrapper flex flex-col-reverse w-fit\" tabindex=\"-1\">\n<table class=\"w-fit min-w-(--thread-content-width)\" data-start=\"1191\" data-end=\"1564\">\n<thead data-start=\"1191\" data-end=\"1220\">\n<tr data-start=\"1191\" data-end=\"1220\">\n<th class=\"\" data-start=\"1191\" data-end=\"1209\" data-col-size=\"sm\">Caract\u00e9ristique<\/th>\n<th class=\"\" data-start=\"1209\" data-end=\"1220\" data-col-size=\"sm\">D\u00e9tails<\/th>\n<\/tr>\n<\/thead>\n<tbody data-start=\"1231\" data-end=\"1564\">\n<tr data-start=\"1231\" data-end=\"1248\">\n<td data-start=\"1231\" data-end=\"1240\" data-col-size=\"sm\">Marque<\/td>\n<td data-start=\"1240\" data-end=\"1248\" data-col-size=\"sm\">WAER<\/td>\n<\/tr>\n<tr data-start=\"1249\" data-end=\"1273\">\n<td data-start=\"1249\" data-end=\"1258\" data-col-size=\"sm\">Mod\u00e8le<\/td>\n<td data-start=\"1258\" data-end=\"1273\" data-col-size=\"sm\"><strong data-start=\"1260\" data-end=\"1271\">WA-1950<\/strong><\/td>\n<\/tr>\n<tr data-start=\"1274\" data-end=\"1320\">\n<td data-start=\"1274\" data-end=\"1281\" data-col-size=\"sm\">Type<\/td>\n<td data-start=\"1281\" data-end=\"1320\" data-col-size=\"sm\">Tondeuse \u00e9lectrique professionnelle<\/td>\n<\/tr>\n<tr data-start=\"1321\" data-end=\"1361\">\n<td data-start=\"1321\" data-end=\"1336\" data-col-size=\"sm\">Alimentation<\/td>\n<td data-start=\"1336\" data-end=\"1361\" data-col-size=\"sm\">Batterie rechargeable<\/td>\n<\/tr>\n<tr data-start=\"1362\" data-end=\"1384\">\n<td data-start=\"1362\" data-end=\"1373\" data-col-size=\"sm\">Recharge<\/td>\n<td data-start=\"1373\" data-end=\"1384\" data-col-size=\"sm\"><strong data-start=\"1375\" data-end=\"1382\">USB<\/strong><\/td>\n<\/tr>\n<tr data-start=\"1385\" data-end=\"1419\">\n<td data-start=\"1385\" data-end=\"1399\" data-col-size=\"sm\">Utilisation<\/td>\n<td data-start=\"1399\" data-end=\"1419\" data-col-size=\"sm\">Cheveux et barbe<\/td>\n<\/tr>\n<tr data-start=\"1420\" data-end=\"1463\">\n<td data-start=\"1420\" data-end=\"1427\" data-col-size=\"sm\">Lame<\/td>\n<td data-start=\"1427\" data-end=\"1463\" data-col-size=\"sm\">Lame de pr\u00e9cision (type T-Blade)<\/td>\n<\/tr>\n<tr data-start=\"1464\" data-end=\"1513\">\n<td data-start=\"1464\" data-end=\"1476\" data-col-size=\"sm\">Autonomie<\/td>\n<td data-start=\"1476\" data-end=\"1513\" data-col-size=\"sm\">Environ 1\u20132 heures apr\u00e8s recharge<\/td>\n<\/tr>\n<tr data-start=\"1514\" data-end=\"1540\">\n<td data-start=\"1514\" data-end=\"1525\" data-col-size=\"sm\">Mat\u00e9riau<\/td>\n<td data-start=\"1525\" data-end=\"1540\" data-col-size=\"sm\">M\u00e9tal + ABS<\/td>\n<\/tr>\n<tr data-start=\"1541\" data-end=\"1564\">\n<td data-start=\"1541\" data-end=\"1551\" data-col-size=\"sm\">Couleur<\/td>\n<td data-start=\"1551\" data-end=\"1564\" data-col-size=\"sm\">Or \/ Noir<\/td>\n<\/tr>\n<\/tbody>\n<\/table>\n<\/div>\n<\/div>\n<p data-start=\"1566\" data-end=\"1771\">La <strong data-start=\"1569\" data-end=\"1585\">WAER WA-1950<\/strong> est une tondeuse professionnelle rechargeable avec <strong data-start=\"1637\" data-end=\"1680\">lames de pr\u00e9cision et batterie int\u00e9gr\u00e9e<\/strong>, con\u00e7ue pour offrir une coupe rapide et r\u00e9guli\u00e8re.<\/p>\n<hr data-start=\"1773\" data-end=\"1776\" \/>\n<h1 data-section-id=\"6f7tr2\" data-start=\"1778\" data-end=\"1799\">\ud83d\udce6 Contenu du colis<\/h1>\n<ul data-start=\"1801\" data-end=\"2028\">\n<li data-section-id=\"jqv6ey\" data-start=\"1801\" data-end=\"1838\">\n<p data-start=\"1803\" data-end=\"1838\">1 \u00d7 <strong data-start=\"1807\" data-end=\"1836\">WAER WA-1950 Hair Clipper<\/strong><\/p>\n<\/li>\n<li data-section-id=\"943rvu\" data-start=\"1839\" data-end=\"1872\">\n<p data-start=\"1841\" data-end=\"1872\">3 \u00d7 Peignes de coupe (guides)<\/p>\n<\/li>\n<li data-section-id=\"uf068c\" data-start=\"1873\" data-end=\"1902\">\n<p data-start=\"1875\" data-end=\"1902\">1 \u00d7 C\u00e2ble de recharge USB<\/p>\n<\/li>\n<li data-section-id=\"4ot71n\" data-start=\"1903\" data-end=\"1930\">\n<p data-start=\"1905\" data-end=\"1930\">1 \u00d7 Brosse de nettoyage<\/p>\n<\/li>\n<li data-section-id=\"1q1aj2b\" data-start=\"1931\" data-end=\"1961\">\n<p data-start=\"1933\" data-end=\"1961\">1 \u00d7 Huile de lubrification<\/p>\n<\/li>\n<li data-section-id=\"6208ab\" data-start=\"1962\" data-end=\"2028\">\n<p data-start=\"1964\" data-end=\"2028\">1 \u00d7 Manuel d\u2019utilisation<\/p>\n<\/li>\n<\/ul>\n<hr data-start=\"2120\" data-end=\"2123\" \/>\n<p data-start=\"2125\" data-end=\"2273\">\ud83d\udd25 <strong data-start=\"2128\" data-end=\"2205\">La tondeuse id\u00e9ale pour une coupe nette et professionnelle \u00e0 tout moment.<\/strong><br data-start=\"2205\" data-end=\"2208\" \/><strong data-start=\"2208\" data-end=\"2270\">Commandez d\u00e8s maintenant votre WAER WA-1950 Hair Clipper !<\/strong> \u2702\ufe0f<\/p>\n<\/div>\n<\/div>\n<\/div>\n<\/div>\n<\/div>\n<\/div>\n<\/article>\n<\/div>\n","protected":false},"excerpt":{"rendered":"<p>Obtenez une coupe pr\u00e9cise et professionnelle avec la WAER WA-1950 Professional Hair Clipper. Cette tondeuse moderne est con\u00e7ue pour offrir performance, pr\u00e9cision et facilit\u00e9 d\u2019utilisation, id\u00e9ale pour la barbe, les cheveux et les finitions. Gr\u00e2ce \u00e0 sa fonction USB rechargeable, vous pouvez recharger la tondeuse facilement avec un chargeur, un ordinateur ou un power bank.&hellip;<\/p>\n","protected":false},"featured_media":16392,"comment_status":"open","ping_status":"closed","template":"","meta":[],"product_cat":[73],"product_tag":[],"class_list":{"0":"post-16390","1":"product","2":"type-product","3":"status-publish","4":"has-post-thumbnail","6":"product_brand-waer","7":"product_cat-beaute-sante","9":"first","10":"instock","11":"sale","12":"shipping-taxable","13":"purchasable","14":"product-type-simple","15":"col-xs-6 col-sm-4","16":"col-md-3 col-lg-3","17":"un-4-cols"},"_links":{"self":[{"href":"https:\/\/www.vazy.market\/index.php\/wp-json\/wp\/v2\/product\/16390","targetHints":{"allow":["GET"]}}],"collection":[{"href":"https:\/\/www.vazy.market\/index.php\/wp-json\/wp\/v2\/product"}],"about":[{"href":"https:\/\/www.vazy.market\/index.php\/wp-json\/wp\/v2\/types\/product"}],"replies":[{"embeddable":true,"href":"https:\/\/www.vazy.market\/index.php\/wp-json\/wp\/v2\/comments?post=16390"}],"wp:featuredmedia":[{"embeddable":true,"href":"https:\/\/www.vazy.market\/index.php\/wp-json\/wp\/v2\/media\/16392"}],"wp:attachment":[{"href":"https:\/\/www.vazy.market\/index.php\/wp-json\/wp\/v2\/media?parent=16390"}],"wp:term":[{"taxonomy":"product_cat","embeddable":true,"href":"https:\/\/www.vazy.market\/index.php\/wp-json\/wp\/v2\/product_cat?post=16390"},{"taxonomy":"product_tag","embeddable":true,"href":"https:\/\/www.vazy.market\/index.php\/wp-json\/wp\/v2\/product_tag?post=16390"}],"curies":[{"name":"wp","href":"https:\/\/api.w.org\/{rel}","templated":true}]}}