{"id":16374,"date":"2026-03-10T19:43:56","date_gmt":"2026-03-10T19:43:56","guid":{"rendered":"https:\/\/www.vazy.market\/?post_type=product&#038;p=16374"},"modified":"2026-03-25T10:30:31","modified_gmt":"2026-03-25T10:30:31","slug":"solar-power-bank-multi-function-kit-batterie-solaire-avec-lampe-led-chargeur-voiture","status":"publish","type":"product","link":"https:\/\/www.vazy.market\/index.php\/product\/solar-power-bank-multi-function-kit-batterie-solaire-avec-lampe-led-chargeur-voiture\/","title":{"rendered":"\ud83d\udd0b Solar Power Bank Multi-Function Kit \u2013 Batterie Solaire avec Lampe LED &#038; Chargeur Voiture"},"content":{"rendered":"<div class=\"flex flex-col text-sm pb-25\">\n<article class=\"text-token-text-primary w-full focus:outline-none [--shadow-height:45px] has-data-writing-block:pointer-events-none has-data-writing-block:-mt-(--shadow-height) has-data-writing-block:pt-(--shadow-height) [&amp;:has([data-writing-block])&gt;*]:pointer-events-auto scroll-mt-[calc(var(--header-height)+min(200px,max(70px,20svh)))]\" dir=\"auto\" tabindex=\"-1\" data-turn-id=\"request-69add934-1d50-8332-91d7-d97a2ee2331f-3\" data-testid=\"conversation-turn-88\" data-scroll-anchor=\"true\" data-turn=\"assistant\">\n<div class=\"text-base my-auto mx-auto pb-10 [--thread-content-margin:var(--thread-content-margin-xs,calc(var(--spacing)*4))] @w-sm\/main:[--thread-content-margin:var(--thread-content-margin-sm,calc(var(--spacing)*6))] @w-lg\/main:[--thread-content-margin:var(--thread-content-margin-lg,calc(var(--spacing)*16))] px-(--thread-content-margin)\">\n<div class=\"[--thread-content-max-width:40rem] @w-lg\/main:[--thread-content-max-width:48rem] mx-auto max-w-(--thread-content-max-width) flex-1 group\/turn-messages focus-visible:outline-hidden relative flex w-full min-w-0 flex-col agent-turn\" tabindex=\"-1\">\n<div class=\"flex max-w-full flex-col gap-4 grow\">\n<div class=\"min-h-8 text-message relative flex w-full flex-col items-end gap-2 text-start break-words whitespace-normal [.text-message+&amp;]:mt-1\" dir=\"auto\" data-message-author-role=\"assistant\" data-message-id=\"aa944540-877c-4f26-b097-09b615dcdba1\" data-message-model-slug=\"gpt-5-3\">\n<div class=\"flex w-full flex-col gap-1 empty:hidden\">\n<div class=\"markdown prose dark:prose-invert w-full wrap-break-word light markdown-new-styling\">\n<p data-start=\"100\" data-end=\"369\">Restez toujours charg\u00e9, m\u00eame sans \u00e9lectricit\u00e9, avec le <strong data-start=\"155\" data-end=\"194\">Solar Power Bank Multi-Function Kit<\/strong>. Ce kit complet combine <strong data-start=\"219\" data-end=\"289\">power bank, lampe LED, chargeur voiture et c\u00e2ble multi-connecteurs<\/strong>, id\u00e9al pour les voyages, les pannes d\u2019\u00e9lectricit\u00e9 ou l\u2019utilisation quotidienne.<\/p>\n<p data-start=\"371\" data-end=\"660\">Gr\u00e2ce \u00e0 sa <strong data-start=\"382\" data-end=\"442\">batterie haute capacit\u00e9 et \u00e0 son panneau solaire int\u00e9gr\u00e9<\/strong>, vous pouvez recharger vos appareils partout : t\u00e9l\u00e9phone, tablette, \u00e9couteurs ou autres gadgets \u00e9lectroniques. La <strong data-start=\"557\" data-end=\"579\">lampe LED int\u00e9gr\u00e9e<\/strong> permet \u00e9galement d\u2019\u00e9clairer votre environnement en cas de coupure d\u2019\u00e9lectricit\u00e9.<\/p>\n<p data-start=\"662\" data-end=\"802\">Le kit inclut \u00e9galement <strong data-start=\"686\" data-end=\"749\">un chargeur voiture double USB et un c\u00e2ble universel 3-en-1<\/strong>, compatible avec <strong data-start=\"767\" data-end=\"801\">Type-C, Micro-USB et Lightning<\/strong>.<\/p>\n<hr data-start=\"804\" data-end=\"807\" \/>\n<h1 data-section-id=\"gug16d\" data-start=\"809\" data-end=\"825\">\u2b50 Points forts<\/h1>\n<p data-start=\"827\" data-end=\"1170\">\u2714 \ud83d\udd0b <strong data-start=\"832\" data-end=\"880\">Power bank rechargeable avec panneau solaire<\/strong><br data-start=\"880\" data-end=\"883\" \/>\u2714 \ud83d\udca1 <strong data-start=\"888\" data-end=\"935\">Lampe LED int\u00e9gr\u00e9e pour \u00e9clairage d\u2019urgence<\/strong><br data-start=\"935\" data-end=\"938\" \/>\u2714 \ud83d\udd0c <strong data-start=\"943\" data-end=\"999\">Plusieurs ports USB pour charger plusieurs appareils<\/strong><br data-start=\"999\" data-end=\"1002\" \/>\u2714 \ud83d\ude97 <strong data-start=\"1007\" data-end=\"1045\">Chargeur voiture double USB inclus<\/strong><br data-start=\"1045\" data-end=\"1048\" \/>\u2714 \ud83d\udd17 <strong data-start=\"1053\" data-end=\"1112\">C\u00e2ble universel 3-en-1 (Type-C \/ Micro USB \/ Lightning)<\/strong><br data-start=\"1112\" data-end=\"1115\" \/>\u2714 \ud83e\uddf3 <strong data-start=\"1120\" data-end=\"1170\">Kit complet id\u00e9al pour voyages et d\u00e9placements<\/strong><\/p>\n<hr data-start=\"1172\" data-end=\"1175\" \/>\n<h1 data-section-id=\"z5naij\" data-start=\"1177\" data-end=\"1192\">\ud83d\udcf1 Id\u00e9al pour<\/h1>\n<ul data-start=\"1194\" data-end=\"1320\">\n<li data-section-id=\"1wgoi6u\" data-start=\"1194\" data-end=\"1220\">\n<p data-start=\"1196\" data-end=\"1220\">Coupures d\u2019\u00e9lectricit\u00e9<\/p>\n<\/li>\n<li data-section-id=\"9o7nzq\" data-start=\"1221\" data-end=\"1243\">\n<p data-start=\"1223\" data-end=\"1243\">Voyages et camping<\/p>\n<\/li>\n<li data-section-id=\"od7msw\" data-start=\"1244\" data-end=\"1271\">\n<p data-start=\"1246\" data-end=\"1271\">Utilisation quotidienne<\/p>\n<\/li>\n<li data-section-id=\"cngmut\" data-start=\"1272\" data-end=\"1294\">\n<p data-start=\"1274\" data-end=\"1294\">Recharge d\u2019urgence<\/p>\n<\/li>\n<li data-section-id=\"16g6sq0\" data-start=\"1295\" data-end=\"1320\">\n<p data-start=\"1297\" data-end=\"1320\">Voiture et d\u00e9placements<\/p>\n<\/li>\n<\/ul>\n<hr data-start=\"1322\" data-end=\"1325\" \/>\n<h1 data-section-id=\"1gx1fos\" data-start=\"1327\" data-end=\"1347\">\ud83d\udcca Fiche Technique<\/h1>\n<div class=\"TyagGW_tableContainer\">\n<div class=\"group TyagGW_tableWrapper flex flex-col-reverse w-fit\" tabindex=\"-1\">\n<table class=\"w-fit min-w-(--thread-content-width)\" data-start=\"1349\" data-end=\"1766\">\n<thead data-start=\"1349\" data-end=\"1378\">\n<tr data-start=\"1349\" data-end=\"1378\">\n<th class=\"\" data-start=\"1349\" data-end=\"1367\" data-col-size=\"sm\">Caract\u00e9ristique<\/th>\n<th class=\"\" data-start=\"1367\" data-end=\"1378\" data-col-size=\"md\">D\u00e9tails<\/th>\n<\/tr>\n<\/thead>\n<tbody data-start=\"1389\" data-end=\"1766\">\n<tr data-start=\"1389\" data-end=\"1432\">\n<td data-start=\"1389\" data-end=\"1396\" data-col-size=\"sm\">Type<\/td>\n<td data-start=\"1396\" data-end=\"1432\" data-col-size=\"md\">Power Bank solaire multifonction<\/td>\n<\/tr>\n<tr data-start=\"1433\" data-end=\"1484\">\n<td data-start=\"1433\" data-end=\"1453\" data-col-size=\"sm\">Capacit\u00e9 batterie<\/td>\n<td data-col-size=\"md\" data-start=\"1453\" data-end=\"1484\">Haute capacit\u00e9 rechargeable<\/td>\n<\/tr>\n<tr data-start=\"1485\" data-end=\"1521\">\n<td data-start=\"1485\" data-end=\"1496\" data-col-size=\"sm\">Recharge<\/td>\n<td data-start=\"1496\" data-end=\"1521\" data-col-size=\"md\">USB + panneau solaire<\/td>\n<\/tr>\n<tr data-start=\"1522\" data-end=\"1551\">\n<td data-start=\"1522\" data-end=\"1536\" data-col-size=\"sm\">Sorties USB<\/td>\n<td data-col-size=\"md\" data-start=\"1536\" data-end=\"1551\">2 ports USB<\/td>\n<\/tr>\n<tr data-start=\"1552\" data-end=\"1586\">\n<td data-start=\"1552\" data-end=\"1564\" data-col-size=\"sm\">\u00c9clairage<\/td>\n<td data-start=\"1564\" data-end=\"1586\" data-col-size=\"md\">Lampe LED int\u00e9gr\u00e9e<\/td>\n<\/tr>\n<tr data-start=\"1587\" data-end=\"1632\">\n<td data-start=\"1587\" data-end=\"1601\" data-col-size=\"sm\">Accessoires<\/td>\n<td data-start=\"1601\" data-end=\"1632\" data-col-size=\"md\">Chargeur voiture double USB<\/td>\n<\/tr>\n<tr data-start=\"1633\" data-end=\"1690\">\n<td data-start=\"1633\" data-end=\"1641\" data-col-size=\"sm\">C\u00e2ble<\/td>\n<td data-start=\"1641\" data-end=\"1690\" data-col-size=\"md\">C\u00e2ble 3-en-1 (Type-C \/ Micro USB \/ Lightning)<\/td>\n<\/tr>\n<tr data-start=\"1691\" data-end=\"1746\">\n<td data-start=\"1691\" data-end=\"1707\" data-col-size=\"sm\">Compatibilit\u00e9<\/td>\n<td data-start=\"1707\" data-end=\"1746\" data-col-size=\"md\">Smartphones, tablettes, gadgets USB<\/td>\n<\/tr>\n<tr data-start=\"1747\" data-end=\"1766\">\n<td data-start=\"1747\" data-end=\"1757\" data-col-size=\"sm\">Couleur<\/td>\n<td data-start=\"1757\" data-end=\"1766\" data-col-size=\"md\">Blanc<\/td>\n<\/tr>\n<\/tbody>\n<\/table>\n<\/div>\n<\/div>\n<hr data-start=\"1768\" data-end=\"1771\" \/>\n<h1 data-section-id=\"6f7tr2\" data-start=\"1773\" data-end=\"1794\">\ud83d\udce6 Contenu du colis<\/h1>\n<ul data-start=\"1796\" data-end=\"1961\">\n<li data-section-id=\"iv9pbx\" data-start=\"1796\" data-end=\"1839\">\n<p data-start=\"1798\" data-end=\"1839\">1 \u00d7 <strong data-start=\"1802\" data-end=\"1837\">Solar Power Bank avec lampe LED<\/strong><\/p>\n<\/li>\n<li data-section-id=\"897iuc\" data-start=\"1840\" data-end=\"1875\">\n<p data-start=\"1842\" data-end=\"1875\">1 \u00d7 Chargeur voiture double USB<\/p>\n<\/li>\n<li data-section-id=\"15nsf9g\" data-start=\"1876\" data-end=\"1906\">\n<p data-start=\"1878\" data-end=\"1906\">1 \u00d7 C\u00e2ble universel 3-en-1<\/p>\n<\/li>\n<li data-section-id=\"1ujm9xk\" data-start=\"1907\" data-end=\"1932\">\n<p data-start=\"1909\" data-end=\"1932\">1 \u00d7 C\u00e2ble de recharge<\/p>\n<\/li>\n<li data-section-id=\"euolri\" data-start=\"1933\" data-end=\"1961\">\n<p data-start=\"1935\" data-end=\"1961\">1 \u00d7 Manuel d\u2019utilisation<\/p>\n<\/li>\n<\/ul>\n<hr data-start=\"2050\" data-end=\"2053\" \/>\n<p data-start=\"2055\" data-end=\"2202\" data-is-last-node=\"\" data-is-only-node=\"\">\ud83d\udd25 <strong data-start=\"2058\" data-end=\"2123\">Le kit d\u2019\u00e9nergie portable id\u00e9al pour rester connect\u00e9 partout.<\/strong><br data-start=\"2123\" data-end=\"2126\" \/><strong data-start=\"2126\" data-end=\"2198\">Commandez d\u00e8s maintenant votre Solar Power Bank Multi-Function Kit !<\/strong> \ud83d\udd0b\u26a1<\/p>\n<\/div>\n<\/div>\n<\/div>\n<\/div>\n<\/div>\n<\/div>\n<\/article>\n<\/div>\n","protected":false},"excerpt":{"rendered":"<p>Restez toujours charg\u00e9, m\u00eame sans \u00e9lectricit\u00e9, avec le Solar Power Bank Multi-Function Kit. Ce kit complet combine power bank, lampe LED, chargeur voiture et c\u00e2ble multi-connecteurs, id\u00e9al pour les voyages, les pannes d\u2019\u00e9lectricit\u00e9 ou l\u2019utilisation quotidienne. Gr\u00e2ce \u00e0 sa batterie haute capacit\u00e9 et \u00e0 son panneau solaire int\u00e9gr\u00e9, vous pouvez recharger vos appareils partout :&hellip;<\/p>\n","protected":false},"featured_media":16376,"comment_status":"open","ping_status":"closed","template":"","meta":[],"product_cat":[78],"product_tag":[],"class_list":{"0":"post-16374","1":"product","2":"type-product","3":"status-publish","4":"has-post-thumbnail","6":"product_cat-accessoires","8":"first","9":"instock","10":"sale","11":"shipping-taxable","12":"purchasable","13":"product-type-simple","14":"col-xs-6 col-sm-4","15":"col-md-3 col-lg-3","16":"un-4-cols"},"_links":{"self":[{"href":"https:\/\/www.vazy.market\/index.php\/wp-json\/wp\/v2\/product\/16374","targetHints":{"allow":["GET"]}}],"collection":[{"href":"https:\/\/www.vazy.market\/index.php\/wp-json\/wp\/v2\/product"}],"about":[{"href":"https:\/\/www.vazy.market\/index.php\/wp-json\/wp\/v2\/types\/product"}],"replies":[{"embeddable":true,"href":"https:\/\/www.vazy.market\/index.php\/wp-json\/wp\/v2\/comments?post=16374"}],"wp:featuredmedia":[{"embeddable":true,"href":"https:\/\/www.vazy.market\/index.php\/wp-json\/wp\/v2\/media\/16376"}],"wp:attachment":[{"href":"https:\/\/www.vazy.market\/index.php\/wp-json\/wp\/v2\/media?parent=16374"}],"wp:term":[{"taxonomy":"product_cat","embeddable":true,"href":"https:\/\/www.vazy.market\/index.php\/wp-json\/wp\/v2\/product_cat?post=16374"},{"taxonomy":"product_tag","embeddable":true,"href":"https:\/\/www.vazy.market\/index.php\/wp-json\/wp\/v2\/product_tag?post=16374"}],"curies":[{"name":"wp","href":"https:\/\/api.w.org\/{rel}","templated":true}]}}