{"id":16369,"date":"2026-03-10T19:37:11","date_gmt":"2026-03-10T19:37:11","guid":{"rendered":"https:\/\/www.vazy.market\/?post_type=product&#038;p=16369"},"modified":"2026-03-29T17:49:46","modified_gmt":"2026-03-29T17:49:46","slug":"enceinte-bluetooth-avec-micro-himiso-qs-4009-outdoor-portable-speaker","status":"publish","type":"product","link":"https:\/\/www.vazy.market\/index.php\/product\/enceinte-bluetooth-avec-micro-himiso-qs-4009-outdoor-portable-speaker\/","title":{"rendered":"\ud83d\udd0a  Enceinte Bluetooth avec Micro &#8211; Himiso QS-4009 Outdoor Portable Speaker"},"content":{"rendered":"<div class=\"flex flex-col text-sm pb-25\">\n<article class=\"text-token-text-primary w-full focus:outline-none [--shadow-height:45px] has-data-writing-block:pointer-events-none has-data-writing-block:-mt-(--shadow-height) has-data-writing-block:pt-(--shadow-height) [&amp;:has([data-writing-block])&gt;*]:pointer-events-auto scroll-mt-[calc(var(--header-height)+min(200px,max(70px,20svh)))]\" dir=\"auto\" tabindex=\"-1\" data-turn-id=\"request-69add934-1d50-8332-91d7-d97a2ee2331f-2\" data-testid=\"conversation-turn-86\" data-scroll-anchor=\"true\" data-turn=\"assistant\">\n<div class=\"text-base my-auto mx-auto pb-10 [--thread-content-margin:var(--thread-content-margin-xs,calc(var(--spacing)*4))] @w-sm\/main:[--thread-content-margin:var(--thread-content-margin-sm,calc(var(--spacing)*6))] @w-lg\/main:[--thread-content-margin:var(--thread-content-margin-lg,calc(var(--spacing)*16))] px-(--thread-content-margin)\">\n<div class=\"[--thread-content-max-width:40rem] @w-lg\/main:[--thread-content-max-width:48rem] mx-auto max-w-(--thread-content-max-width) flex-1 group\/turn-messages focus-visible:outline-hidden relative flex w-full min-w-0 flex-col agent-turn\" tabindex=\"-1\">\n<div class=\"flex max-w-full flex-col gap-4 grow\">\n<div class=\"min-h-8 text-message relative flex w-full flex-col items-end gap-2 text-start break-words whitespace-normal [.text-message+&amp;]:mt-1\" dir=\"auto\" data-message-author-role=\"assistant\" data-message-id=\"e6298288-8373-4fa3-bd6e-ecc840bd89d8\" data-message-model-slug=\"gpt-5-3\">\n<div class=\"flex w-full flex-col gap-1 empty:hidden\">\n<div class=\"markdown prose dark:prose-invert w-full wrap-break-word light markdown-new-styling\">\n<p data-start=\"83\" data-end=\"356\">Profitez d\u2019un <strong data-start=\"97\" data-end=\"139\">son puissant et d\u2019une ambiance festive<\/strong> avec la <strong data-start=\"148\" data-end=\"191\">Himiso QS-4009 Outdoor Portable Speaker<\/strong>. Con\u00e7ue pour les f\u00eates, les animations et l\u2019utilisation en ext\u00e9rieur, cette enceinte portable combine <strong data-start=\"294\" data-end=\"355\">puissance audio, effets lumineux LED et microphone inclus<\/strong>.<\/p>\n<p data-start=\"358\" data-end=\"634\">Gr\u00e2ce \u00e0 sa <strong data-start=\"369\" data-end=\"392\">connexion Bluetooth<\/strong>, vous pouvez diffuser votre musique directement depuis votre smartphone, tablette ou ordinateur. Elle prend \u00e9galement en charge <strong data-start=\"521\" data-end=\"570\">la lecture via USB, carte m\u00e9moire et radio FM<\/strong>, ce qui vous permet d\u2019\u00e9couter votre musique m\u00eame sans internet.<\/p>\n<p data-start=\"636\" data-end=\"776\">Son <strong data-start=\"640\" data-end=\"699\">haut-parleur de 8 pouces avec \u00e9clairage LED multicolore<\/strong> cr\u00e9e une ambiance dynamique id\u00e9ale pour les soir\u00e9es, karaok\u00e9s ou \u00e9v\u00e9nements.<\/p>\n<hr data-start=\"778\" data-end=\"781\" \/>\n<h1 data-section-id=\"gug16d\" data-start=\"783\" data-end=\"799\">\u2b50 Points forts<\/h1>\n<p data-start=\"801\" data-end=\"1085\">\u2714 \ud83d\udd0a <strong data-start=\"806\" data-end=\"843\">Haut-parleur puissant de 8 pouces<\/strong><br data-start=\"843\" data-end=\"846\" \/>\u2714 \ud83c\udfa4 <strong data-start=\"851\" data-end=\"899\">Microphone inclus pour karaok\u00e9 et animations<\/strong><br data-start=\"899\" data-end=\"902\" \/>\u2714 \ud83d\udcf6 <strong data-start=\"907\" data-end=\"952\">Connexion Bluetooth pour musique sans fil<\/strong><br data-start=\"952\" data-end=\"955\" \/>\u2714 \ud83d\udca1 <strong data-start=\"960\" data-end=\"997\">\u00c9clairage LED multicolore int\u00e9gr\u00e9<\/strong><br data-start=\"997\" data-end=\"1000\" \/>\u2714 \ud83d\udcfb <strong data-start=\"1005\" data-end=\"1026\">Radio FM int\u00e9gr\u00e9e<\/strong><br data-start=\"1026\" data-end=\"1029\" \/>\u2714 \ud83d\udd0b <strong data-start=\"1034\" data-end=\"1085\">Batterie rechargeable pour utilisation portable<\/strong><\/p>\n<hr data-start=\"1087\" data-end=\"1090\" \/>\n<h1 data-section-id=\"1yxa0xu\" data-start=\"1092\" data-end=\"1107\">\ud83c\udf89 Id\u00e9al pour<\/h1>\n<ul data-start=\"1109\" data-end=\"1245\">\n<li data-section-id=\"14y94zz\" data-start=\"1109\" data-end=\"1129\">\n<p data-start=\"1111\" data-end=\"1129\">F\u00eates et soir\u00e9es<\/p>\n<\/li>\n<li data-section-id=\"i2vzsg\" data-start=\"1130\" data-end=\"1152\">\n<p data-start=\"1132\" data-end=\"1152\">Karaok\u00e9 \u00e0 domicile<\/p>\n<\/li>\n<li data-section-id=\"5j8e4g\" data-start=\"1153\" data-end=\"1181\">\n<p data-start=\"1155\" data-end=\"1181\">Animations et \u00e9v\u00e9nements<\/p>\n<\/li>\n<li data-section-id=\"ijsqm1\" data-start=\"1182\" data-end=\"1210\">\n<p data-start=\"1184\" data-end=\"1210\">Utilisation en ext\u00e9rieur<\/p>\n<\/li>\n<li data-section-id=\"c6fizv\" data-start=\"1211\" data-end=\"1245\">\n<p data-start=\"1213\" data-end=\"1245\">Musique \u00e0 la maison ou au bureau<\/p>\n<\/li>\n<\/ul>\n<hr data-start=\"1247\" data-end=\"1250\" \/>\n<h1 data-section-id=\"1gx1fos\" data-start=\"1252\" data-end=\"1272\">\ud83d\udcca Fiche Technique<\/h1>\n<div class=\"TyagGW_tableContainer\">\n<div class=\"group TyagGW_tableWrapper flex flex-col-reverse w-fit\" tabindex=\"-1\">\n<table class=\"w-fit min-w-(--thread-content-width)\" data-start=\"1274\" data-end=\"1691\">\n<thead data-start=\"1274\" data-end=\"1303\">\n<tr data-start=\"1274\" data-end=\"1303\">\n<th class=\"\" data-start=\"1274\" data-end=\"1292\" data-col-size=\"sm\">Caract\u00e9ristique<\/th>\n<th class=\"\" data-start=\"1292\" data-end=\"1303\" data-col-size=\"sm\">D\u00e9tails<\/th>\n<\/tr>\n<\/thead>\n<tbody data-start=\"1314\" data-end=\"1691\">\n<tr data-start=\"1314\" data-end=\"1333\">\n<td data-start=\"1314\" data-end=\"1323\" data-col-size=\"sm\">Marque<\/td>\n<td data-start=\"1323\" data-end=\"1333\" data-col-size=\"sm\">Himiso<\/td>\n<\/tr>\n<tr data-start=\"1334\" data-end=\"1358\">\n<td data-start=\"1334\" data-end=\"1343\" data-col-size=\"sm\">Mod\u00e8le<\/td>\n<td data-start=\"1343\" data-end=\"1358\" data-col-size=\"sm\"><strong data-start=\"1345\" data-end=\"1356\">QS-4009<\/strong><\/td>\n<\/tr>\n<tr data-start=\"1359\" data-end=\"1397\">\n<td data-start=\"1359\" data-end=\"1366\" data-col-size=\"sm\">Type<\/td>\n<td data-start=\"1366\" data-end=\"1397\" data-col-size=\"sm\">Enceinte Bluetooth portable<\/td>\n<\/tr>\n<tr data-start=\"1398\" data-end=\"1439\">\n<td data-start=\"1398\" data-end=\"1423\" data-col-size=\"sm\">Taille du haut-parleur<\/td>\n<td data-col-size=\"sm\" data-start=\"1423\" data-end=\"1439\"><strong data-start=\"1425\" data-end=\"1437\">8 pouces<\/strong><\/td>\n<\/tr>\n<tr data-start=\"1440\" data-end=\"1468\">\n<td data-start=\"1440\" data-end=\"1455\" data-col-size=\"sm\">Connectivit\u00e9<\/td>\n<td data-start=\"1455\" data-end=\"1468\" data-col-size=\"sm\">Bluetooth<\/td>\n<\/tr>\n<tr data-start=\"1469\" data-end=\"1529\">\n<td data-start=\"1469\" data-end=\"1488\" data-col-size=\"sm\">Modes de lecture<\/td>\n<td data-start=\"1488\" data-end=\"1529\" data-col-size=\"sm\">Bluetooth \/ USB \/ Carte m\u00e9moire \/ AUX<\/td>\n<\/tr>\n<tr data-start=\"1530\" data-end=\"1562\">\n<td data-start=\"1530\" data-end=\"1547\" data-col-size=\"sm\">Fonction radio<\/td>\n<td data-start=\"1547\" data-end=\"1562\" data-col-size=\"sm\">FM int\u00e9gr\u00e9e<\/td>\n<\/tr>\n<tr data-start=\"1563\" data-end=\"1603\">\n<td data-start=\"1563\" data-end=\"1574\" data-col-size=\"sm\">Batterie<\/td>\n<td data-start=\"1574\" data-end=\"1603\" data-col-size=\"sm\"><strong data-start=\"1576\" data-end=\"1601\">1200 mAh rechargeable<\/strong><\/td>\n<\/tr>\n<tr data-start=\"1604\" data-end=\"1635\">\n<td data-start=\"1604\" data-end=\"1616\" data-col-size=\"sm\">\u00c9clairage<\/td>\n<td data-start=\"1616\" data-end=\"1635\" data-col-size=\"sm\">LED multicolore<\/td>\n<\/tr>\n<tr data-start=\"1636\" data-end=\"1659\">\n<td data-start=\"1636\" data-end=\"1649\" data-col-size=\"sm\">Microphone<\/td>\n<td data-col-size=\"sm\" data-start=\"1649\" data-end=\"1659\">Inclus<\/td>\n<\/tr>\n<tr data-start=\"1660\" data-end=\"1691\">\n<td data-start=\"1660\" data-end=\"1675\" data-col-size=\"sm\">Alimentation<\/td>\n<td data-col-size=\"sm\" data-start=\"1675\" data-end=\"1691\">Recharge USB<\/td>\n<\/tr>\n<\/tbody>\n<\/table>\n<\/div>\n<\/div>\n<hr data-start=\"1693\" data-end=\"1696\" \/>\n<h1 data-section-id=\"6f7tr2\" data-start=\"1698\" data-end=\"1719\">\ud83d\udce6 Contenu du colis<\/h1>\n<ul data-start=\"1721\" data-end=\"1846\">\n<li data-section-id=\"y9nfgd\" data-start=\"1721\" data-end=\"1764\">\n<p data-start=\"1723\" data-end=\"1764\">1 \u00d7 <strong data-start=\"1727\" data-end=\"1762\">Himiso QS-4009 Portable Speaker<\/strong><\/p>\n<\/li>\n<li data-section-id=\"1nn1y6s\" data-start=\"1765\" data-end=\"1791\">\n<p data-start=\"1767\" data-end=\"1791\">1 \u00d7 Microphone filaire<\/p>\n<\/li>\n<li data-section-id=\"1ujm9xk\" data-start=\"1792\" data-end=\"1817\">\n<p data-start=\"1794\" data-end=\"1817\">1 \u00d7 C\u00e2ble de recharge<\/p>\n<\/li>\n<li data-section-id=\"euolri\" data-start=\"1818\" data-end=\"1846\">\n<p data-start=\"1820\" data-end=\"1846\">1 \u00d7 Manuel d\u2019utilisation<\/p>\n<\/li>\n<\/ul>\n<hr data-start=\"1939\" data-end=\"1942\" \/>\n<p data-start=\"1944\" data-end=\"2084\" data-is-last-node=\"\" data-is-only-node=\"\">\ud83d\udd25 <strong data-start=\"1947\" data-end=\"2025\">Une enceinte portable id\u00e9ale pour mettre l\u2019ambiance partout o\u00f9 vous allez.<\/strong><br data-start=\"2025\" data-end=\"2028\" \/><strong data-start=\"2028\" data-end=\"2079\">Commandez d\u00e8s maintenant votre Himiso QS-4009 !<\/strong> \ud83c\udfb6\ud83d\udd0a<\/p>\n<\/div>\n<\/div>\n<\/div>\n<\/div>\n<\/div>\n<\/div>\n<\/article>\n<\/div>\n","protected":false},"excerpt":{"rendered":"<p>Profitez d\u2019un son puissant et d\u2019une ambiance festive avec la Himiso QS-4009 Outdoor Portable Speaker. Con\u00e7ue pour les f\u00eates, les animations et l\u2019utilisation en ext\u00e9rieur, cette enceinte portable combine puissance audio, effets lumineux LED et microphone inclus. Gr\u00e2ce \u00e0 sa connexion Bluetooth, vous pouvez diffuser votre musique directement depuis votre smartphone, tablette ou ordinateur. Elle&hellip;<\/p>\n","protected":false},"featured_media":16371,"comment_status":"open","ping_status":"closed","template":"","meta":[],"product_cat":[92,128],"product_tag":[],"class_list":{"0":"post-16369","1":"product","2":"type-product","3":"status-publish","4":"has-post-thumbnail","6":"product_cat-audio","7":"product_cat-woofer","9":"first","10":"instock","11":"sale","12":"shipping-taxable","13":"purchasable","14":"product-type-simple","15":"col-xs-6 col-sm-4","16":"col-md-3 col-lg-3","17":"un-4-cols"},"_links":{"self":[{"href":"https:\/\/www.vazy.market\/index.php\/wp-json\/wp\/v2\/product\/16369","targetHints":{"allow":["GET"]}}],"collection":[{"href":"https:\/\/www.vazy.market\/index.php\/wp-json\/wp\/v2\/product"}],"about":[{"href":"https:\/\/www.vazy.market\/index.php\/wp-json\/wp\/v2\/types\/product"}],"replies":[{"embeddable":true,"href":"https:\/\/www.vazy.market\/index.php\/wp-json\/wp\/v2\/comments?post=16369"}],"wp:featuredmedia":[{"embeddable":true,"href":"https:\/\/www.vazy.market\/index.php\/wp-json\/wp\/v2\/media\/16371"}],"wp:attachment":[{"href":"https:\/\/www.vazy.market\/index.php\/wp-json\/wp\/v2\/media?parent=16369"}],"wp:term":[{"taxonomy":"product_cat","embeddable":true,"href":"https:\/\/www.vazy.market\/index.php\/wp-json\/wp\/v2\/product_cat?post=16369"},{"taxonomy":"product_tag","embeddable":true,"href":"https:\/\/www.vazy.market\/index.php\/wp-json\/wp\/v2\/product_tag?post=16369"}],"curies":[{"name":"wp","href":"https:\/\/api.w.org\/{rel}","templated":true}]}}