{"id":16363,"date":"2026-03-10T19:29:58","date_gmt":"2026-03-10T19:29:58","guid":{"rendered":"https:\/\/www.vazy.market\/?post_type=product&#038;p=16363"},"modified":"2026-03-25T10:31:13","modified_gmt":"2026-03-25T10:31:13","slug":"mxq-pro-5g-4k-android-tv-box-boitier-smart-tv-android","status":"publish","type":"product","link":"https:\/\/www.vazy.market\/index.php\/product\/mxq-pro-5g-4k-android-tv-box-boitier-smart-tv-android\/","title":{"rendered":"\ud83d\udcfa MXQ Pro 5G 4K Android TV Box \u2013 Bo\u00eetier Smart TV Android"},"content":{"rendered":"<div class=\"flex flex-col text-sm pb-25\">\n<article class=\"text-token-text-primary w-full focus:outline-none [--shadow-height:45px] has-data-writing-block:pointer-events-none has-data-writing-block:-mt-(--shadow-height) has-data-writing-block:pt-(--shadow-height) [&amp;:has([data-writing-block])&gt;*]:pointer-events-auto scroll-mt-[calc(var(--header-height)+min(200px,max(70px,20svh)))]\" dir=\"auto\" tabindex=\"-1\" data-turn-id=\"request-69add934-1d50-8332-91d7-d97a2ee2331f-1\" data-testid=\"conversation-turn-84\" data-scroll-anchor=\"true\" data-turn=\"assistant\">\n<div class=\"text-base my-auto mx-auto pb-10 [--thread-content-margin:var(--thread-content-margin-xs,calc(var(--spacing)*4))] @w-sm\/main:[--thread-content-margin:var(--thread-content-margin-sm,calc(var(--spacing)*6))] @w-lg\/main:[--thread-content-margin:var(--thread-content-margin-lg,calc(var(--spacing)*16))] px-(--thread-content-margin)\">\n<div class=\"[--thread-content-max-width:40rem] @w-lg\/main:[--thread-content-max-width:48rem] mx-auto max-w-(--thread-content-max-width) flex-1 group\/turn-messages focus-visible:outline-hidden relative flex w-full min-w-0 flex-col agent-turn\" tabindex=\"-1\">\n<div class=\"flex max-w-full flex-col gap-4 grow\">\n<div class=\"min-h-8 text-message relative flex w-full flex-col items-end gap-2 text-start break-words whitespace-normal [.text-message+&amp;]:mt-1\" dir=\"auto\" data-message-author-role=\"assistant\" data-message-id=\"f1f8768c-24d2-4b13-98b9-d3084257020a\" data-message-model-slug=\"gpt-5-3\">\n<div class=\"flex w-full flex-col gap-1 empty:hidden\">\n<div class=\"markdown prose dark:prose-invert w-full wrap-break-word light markdown-new-styling\">\n<p data-start=\"67\" data-end=\"343\">Transformez votre t\u00e9l\u00e9vision classique en <strong data-start=\"109\" data-end=\"131\">Smart TV connect\u00e9e<\/strong> avec le <strong data-start=\"140\" data-end=\"172\">MXQ Pro 5G 4K Android TV Box<\/strong>. Ce bo\u00eetier multim\u00e9dia vous permet d\u2019acc\u00e9der facilement \u00e0 <strong data-start=\"231\" data-end=\"309\">YouTube, Netflix, IPTV, applications Android, films et s\u00e9ries en streaming<\/strong> directement sur votre t\u00e9l\u00e9viseur.<\/p>\n<p data-start=\"345\" data-end=\"669\">Gr\u00e2ce \u00e0 son <strong data-start=\"357\" data-end=\"411\">processeur Quad-Core 64-bits et au syst\u00e8me Android<\/strong>, le MXQ Pro offre une navigation fluide, une installation rapide des applications et une exp\u00e9rience multim\u00e9dia compl\u00e8te. Il prend \u00e9galement en charge <strong data-start=\"562\" data-end=\"591\">la r\u00e9solution Ultra HD 4K<\/strong> pour des images nettes et d\u00e9taill\u00e9es.<\/p>\n<p data-start=\"671\" data-end=\"875\">Avec sa <strong data-start=\"679\" data-end=\"743\">connexion Wi-Fi et ses multiples ports (HDMI, USB, Ethernet)<\/strong>, vous pouvez connecter facilement des cl\u00e9s USB, disques durs, clavier ou souris pour profiter de tous vos contenus sur grand \u00e9cran.<\/p>\n<hr data-start=\"877\" data-end=\"880\" \/>\n<h1 data-section-id=\"gug16d\" data-start=\"882\" data-end=\"898\">\u2b50 Points forts<\/h1>\n<p data-start=\"900\" data-end=\"1243\">\u2714 \ud83d\udcfa <strong data-start=\"905\" data-end=\"959\">Transforme n\u2019importe quelle TV en Smart TV Android<\/strong><br data-start=\"959\" data-end=\"962\" \/>\u2714 \ud83c\udfac <strong data-start=\"967\" data-end=\"996\">Lecture vid\u00e9o Ultra HD 4K<\/strong><br data-start=\"996\" data-end=\"999\" \/>\u2714 \ud83d\udcf6 <strong data-start=\"1004\" data-end=\"1053\">Connexion Wi-Fi rapide pour streaming et IPTV<\/strong><br data-start=\"1053\" data-end=\"1056\" \/>\u2714 \ud83d\udcf1 <strong data-start=\"1061\" data-end=\"1122\">Compatible YouTube, Netflix, Kodi et applications Android<\/strong><br data-start=\"1122\" data-end=\"1125\" \/>\u2714 \ud83d\udd0c <strong data-start=\"1130\" data-end=\"1181\">Ports multiples : USB, HDMI, LAN, carte m\u00e9moire<\/strong><br data-start=\"1181\" data-end=\"1184\" \/>\u2714 \ud83c\udfae <strong data-start=\"1189\" data-end=\"1243\">Support jeux Android et navigation internet sur TV<\/strong><\/p>\n<hr data-start=\"1245\" data-end=\"1248\" \/>\n<h1 data-section-id=\"1uvpa2v\" data-start=\"1250\" data-end=\"1265\">\ud83c\udfac Id\u00e9al pour<\/h1>\n<ul data-start=\"1267\" data-end=\"1443\">\n<li data-section-id=\"1q598lg\" data-start=\"1267\" data-end=\"1299\">\n<p data-start=\"1269\" data-end=\"1299\">Films et s\u00e9ries en streaming<\/p>\n<\/li>\n<li data-section-id=\"1lgmqp1\" data-start=\"1300\" data-end=\"1328\">\n<p data-start=\"1302\" data-end=\"1328\">IPTV et cha\u00eenes internet<\/p>\n<\/li>\n<li data-section-id=\"1llo8qu\" data-start=\"1329\" data-end=\"1373\">\n<p data-start=\"1331\" data-end=\"1373\">YouTube, Netflix et applications Android<\/p>\n<\/li>\n<li data-section-id=\"1nripcc\" data-start=\"1374\" data-end=\"1406\">\n<p data-start=\"1376\" data-end=\"1406\">Jeux Android sur grand \u00e9cran<\/p>\n<\/li>\n<li data-section-id=\"60ktjl\" data-start=\"1407\" data-end=\"1443\">\n<p data-start=\"1409\" data-end=\"1443\">Navigation internet sur t\u00e9l\u00e9vision<\/p>\n<\/li>\n<\/ul>\n<hr data-start=\"1445\" data-end=\"1448\" \/>\n<h1 data-section-id=\"1gx1fos\" data-start=\"1450\" data-end=\"1470\">\ud83d\udcca Fiche Technique<\/h1>\n<div class=\"TyagGW_tableContainer\">\n<div class=\"group TyagGW_tableWrapper flex flex-col-reverse w-fit\" tabindex=\"-1\">\n<table class=\"w-fit min-w-(--thread-content-width)\" data-start=\"1472\" data-end=\"1995\">\n<thead data-start=\"1472\" data-end=\"1501\">\n<tr data-start=\"1472\" data-end=\"1501\">\n<th class=\"\" data-start=\"1472\" data-end=\"1490\" data-col-size=\"sm\">Caract\u00e9ristique<\/th>\n<th class=\"\" data-start=\"1490\" data-end=\"1501\" data-col-size=\"sm\">D\u00e9tails<\/th>\n<\/tr>\n<\/thead>\n<tbody data-start=\"1512\" data-end=\"1995\">\n<tr data-start=\"1512\" data-end=\"1528\">\n<td data-start=\"1512\" data-end=\"1521\" data-col-size=\"sm\">Marque<\/td>\n<td data-start=\"1521\" data-end=\"1528\" data-col-size=\"sm\">MXQ<\/td>\n<\/tr>\n<tr data-start=\"1529\" data-end=\"1559\">\n<td data-start=\"1529\" data-end=\"1538\" data-col-size=\"sm\">Mod\u00e8le<\/td>\n<td data-start=\"1538\" data-end=\"1559\" data-col-size=\"sm\"><strong data-start=\"1540\" data-end=\"1557\">MXQ Pro 5G 4K<\/strong><\/td>\n<\/tr>\n<tr data-start=\"1560\" data-end=\"1591\">\n<td data-start=\"1560\" data-end=\"1567\" data-col-size=\"sm\">Type<\/td>\n<td data-start=\"1567\" data-end=\"1591\" data-col-size=\"sm\">Android Smart TV Box<\/td>\n<\/tr>\n<tr data-start=\"1592\" data-end=\"1644\">\n<td data-start=\"1592\" data-end=\"1617\" data-col-size=\"sm\">Syst\u00e8me d\u2019exploitation<\/td>\n<td data-start=\"1617\" data-end=\"1644\" data-col-size=\"sm\">Android (selon version)<\/td>\n<\/tr>\n<tr data-start=\"1645\" data-end=\"1686\">\n<td data-start=\"1645\" data-end=\"1658\" data-col-size=\"sm\">Processeur<\/td>\n<td data-start=\"1658\" data-end=\"1686\" data-col-size=\"sm\">Quad-Core ARM Cortex-A53<\/td>\n<\/tr>\n<tr data-start=\"1687\" data-end=\"1705\">\n<td data-start=\"1687\" data-end=\"1693\" data-col-size=\"sm\">GPU<\/td>\n<td data-start=\"1693\" data-end=\"1705\" data-col-size=\"sm\">Mali-400<\/td>\n<\/tr>\n<tr data-start=\"1706\" data-end=\"1754\">\n<td data-start=\"1706\" data-end=\"1725\" data-col-size=\"sm\">R\u00e9solution vid\u00e9o<\/td>\n<td data-col-size=\"sm\" data-start=\"1725\" data-end=\"1754\"><strong data-start=\"1727\" data-end=\"1752\">4K Ultra HD (4K \u00d7 2K)<\/strong><\/td>\n<\/tr>\n<tr data-start=\"1755\" data-end=\"1799\">\n<td data-start=\"1755\" data-end=\"1770\" data-col-size=\"sm\">Connectivit\u00e9<\/td>\n<td data-start=\"1770\" data-end=\"1799\" data-col-size=\"sm\">Wi-Fi 2.4G \/ 5G, Ethernet<\/td>\n<\/tr>\n<tr data-start=\"1800\" data-end=\"1838\">\n<td data-start=\"1800\" data-end=\"1806\" data-col-size=\"sm\">RAM<\/td>\n<td data-start=\"1806\" data-end=\"1838\" data-col-size=\"sm\">1 Go ou 2 Go (selon version)<\/td>\n<\/tr>\n<tr data-start=\"1839\" data-end=\"1874\">\n<td data-start=\"1839\" data-end=\"1858\" data-col-size=\"sm\">Stockage interne<\/td>\n<td data-start=\"1858\" data-end=\"1874\" data-col-size=\"sm\">8 Go \/ 16 Go<\/td>\n<\/tr>\n<tr data-start=\"1875\" data-end=\"1915\">\n<td data-start=\"1875\" data-end=\"1883\" data-col-size=\"sm\">Ports<\/td>\n<td data-start=\"1883\" data-end=\"1915\" data-col-size=\"sm\">HDMI, USB, AV, LAN, micro SD<\/td>\n<\/tr>\n<tr data-start=\"1916\" data-end=\"1960\">\n<td data-start=\"1916\" data-end=\"1932\" data-col-size=\"sm\">Formats vid\u00e9o<\/td>\n<td data-col-size=\"sm\" data-start=\"1932\" data-end=\"1960\">MP4, MKV, AVI, MOV, etc.<\/td>\n<\/tr>\n<tr data-start=\"1961\" data-end=\"1995\">\n<td data-start=\"1961\" data-end=\"1977\" data-col-size=\"sm\">Formats audio<\/td>\n<td data-start=\"1977\" data-end=\"1995\" data-col-size=\"sm\">MP3, AAC, FLAC<\/td>\n<\/tr>\n<\/tbody>\n<\/table>\n<\/div>\n<\/div>\n<p data-start=\"1997\" data-end=\"2223\">Le <strong data-start=\"2000\" data-end=\"2017\">MXQ Pro 5G 4K<\/strong> utilise un processeur quad-core et supporte le <strong data-start=\"2065\" data-end=\"2117\">d\u00e9codage vid\u00e9o H.264 et H.265 avec r\u00e9solution 4K<\/strong>, permettant un streaming fluide et une meilleure qualit\u00e9 d\u2019image.<\/p>\n<hr data-start=\"2225\" data-end=\"2228\" \/>\n<h1 data-section-id=\"6f7tr2\" data-start=\"2230\" data-end=\"2251\">\ud83d\udce6 Contenu du colis<\/h1>\n<ul data-start=\"2253\" data-end=\"2396\">\n<li data-section-id=\"l3tm2u\" data-start=\"2253\" data-end=\"2293\">\n<p data-start=\"2255\" data-end=\"2293\">1 \u00d7 <strong data-start=\"2259\" data-end=\"2291\">MXQ Pro 5G 4K Android TV Box<\/strong><\/p>\n<\/li>\n<li data-section-id=\"1aam6fo\" data-start=\"2294\" data-end=\"2314\">\n<p data-start=\"2296\" data-end=\"2314\">1 \u00d7 T\u00e9l\u00e9commande<\/p>\n<\/li>\n<li data-section-id=\"q6yai7\" data-start=\"2315\" data-end=\"2348\">\n<p data-start=\"2317\" data-end=\"2348\">1 \u00d7 Adaptateur d\u2019alimentation<\/p>\n<\/li>\n<li data-section-id=\"59tkb0\" data-start=\"2349\" data-end=\"2367\">\n<p data-start=\"2351\" data-end=\"2367\">1 \u00d7 C\u00e2ble HDMI<\/p>\n<\/li>\n<li data-section-id=\"euolri\" data-start=\"2368\" data-end=\"2396\">\n<p data-start=\"2370\" data-end=\"2396\">1 \u00d7 Manuel d\u2019utilisation<\/p>\n<\/li>\n<\/ul>\n<hr data-start=\"2478\" data-end=\"2481\" \/>\n<p data-start=\"2483\" data-end=\"2646\">\ud83d\udd25 <strong data-start=\"2486\" data-end=\"2574\">Regardez films, s\u00e9ries et cha\u00eenes IPTV directement sur votre TV avec une qualit\u00e9 4K.<\/strong><br data-start=\"2574\" data-end=\"2577\" \/><strong data-start=\"2577\" data-end=\"2642\">Commandez d\u00e8s maintenant votre MXQ Pro 5G 4K Android TV Box !<\/strong> \ud83d\udcfa\u2728<\/p>\n<\/div>\n<\/div>\n<\/div>\n<\/div>\n<\/div>\n<\/div>\n<\/article>\n<\/div>\n","protected":false},"excerpt":{"rendered":"<p>Transformez votre t\u00e9l\u00e9vision classique en Smart TV connect\u00e9e avec le MXQ Pro 5G 4K Android TV Box. Ce bo\u00eetier multim\u00e9dia vous permet d\u2019acc\u00e9der facilement \u00e0 YouTube, Netflix, IPTV, applications Android, films et s\u00e9ries en streaming directement sur votre t\u00e9l\u00e9viseur. Gr\u00e2ce \u00e0 son processeur Quad-Core 64-bits et au syst\u00e8me Android, le MXQ Pro offre une navigation&hellip;<\/p>\n","protected":false},"featured_media":16365,"comment_status":"open","ping_status":"closed","template":"","meta":[],"product_cat":[26,91],"product_tag":[],"class_list":{"0":"post-16363","1":"product","2":"type-product","3":"status-publish","4":"has-post-thumbnail","6":"product_cat-gadgets-electroniques","7":"product_cat-tv-smart-tv","9":"first","10":"instock","11":"sale","12":"shipping-taxable","13":"purchasable","14":"product-type-simple","15":"col-xs-6 col-sm-4","16":"col-md-3 col-lg-3","17":"un-4-cols"},"_links":{"self":[{"href":"https:\/\/www.vazy.market\/index.php\/wp-json\/wp\/v2\/product\/16363","targetHints":{"allow":["GET"]}}],"collection":[{"href":"https:\/\/www.vazy.market\/index.php\/wp-json\/wp\/v2\/product"}],"about":[{"href":"https:\/\/www.vazy.market\/index.php\/wp-json\/wp\/v2\/types\/product"}],"replies":[{"embeddable":true,"href":"https:\/\/www.vazy.market\/index.php\/wp-json\/wp\/v2\/comments?post=16363"}],"wp:featuredmedia":[{"embeddable":true,"href":"https:\/\/www.vazy.market\/index.php\/wp-json\/wp\/v2\/media\/16365"}],"wp:attachment":[{"href":"https:\/\/www.vazy.market\/index.php\/wp-json\/wp\/v2\/media?parent=16363"}],"wp:term":[{"taxonomy":"product_cat","embeddable":true,"href":"https:\/\/www.vazy.market\/index.php\/wp-json\/wp\/v2\/product_cat?post=16363"},{"taxonomy":"product_tag","embeddable":true,"href":"https:\/\/www.vazy.market\/index.php\/wp-json\/wp\/v2\/product_tag?post=16363"}],"curies":[{"name":"wp","href":"https:\/\/api.w.org\/{rel}","templated":true}]}}