{"id":16357,"date":"2026-03-10T18:43:41","date_gmt":"2026-03-10T18:43:41","guid":{"rendered":"https:\/\/www.vazy.market\/?post_type=product&#038;p=16357"},"modified":"2026-03-29T17:43:52","modified_gmt":"2026-03-29T17:43:52","slug":"e-jeff-f8-electric-fan-ventilateur-sur-pied-7-pales","status":"publish","type":"product","link":"https:\/\/www.vazy.market\/index.php\/product\/e-jeff-f8-electric-fan-ventilateur-sur-pied-7-pales\/","title":{"rendered":"E-Jeff F8 Electric Fan \u2013 Ventilateur sur Pied (7 Pales)"},"content":{"rendered":"<div class=\"flex flex-col text-sm pb-25\">\n<article class=\"text-token-text-primary w-full focus:outline-none [--shadow-height:45px] has-data-writing-block:pointer-events-none has-data-writing-block:-mt-(--shadow-height) has-data-writing-block:pt-(--shadow-height) [&amp;:has([data-writing-block])&gt;*]:pointer-events-auto scroll-mt-[calc(var(--header-height)+min(200px,max(70px,20svh)))]\" dir=\"auto\" tabindex=\"-1\" data-turn-id=\"97888122-7360-4310-a5b9-a5ac38279f9d\" data-testid=\"conversation-turn-80\" data-scroll-anchor=\"true\" data-turn=\"assistant\">\n<div class=\"text-base my-auto mx-auto pb-10 [--thread-content-margin:var(--thread-content-margin-xs,calc(var(--spacing)*4))] @w-sm\/main:[--thread-content-margin:var(--thread-content-margin-sm,calc(var(--spacing)*6))] @w-lg\/main:[--thread-content-margin:var(--thread-content-margin-lg,calc(var(--spacing)*16))] px-(--thread-content-margin)\">\n<div class=\"[--thread-content-max-width:40rem] @w-lg\/main:[--thread-content-max-width:48rem] mx-auto max-w-(--thread-content-max-width) flex-1 group\/turn-messages focus-visible:outline-hidden relative flex w-full min-w-0 flex-col agent-turn\" tabindex=\"-1\">\n<div class=\"flex max-w-full flex-col gap-4 grow\">\n<div class=\"min-h-8 text-message relative flex w-full flex-col items-end gap-2 text-start break-words whitespace-normal [.text-message+&amp;]:mt-1\" dir=\"auto\" data-message-author-role=\"assistant\" data-message-id=\"98525a5b-a9fe-43ba-920e-4a50c3f70890\" data-message-model-slug=\"gpt-5-3\">\n<div class=\"flex w-full flex-col gap-1 empty:hidden\">\n<div class=\"markdown prose dark:prose-invert w-full wrap-break-word light markdown-new-styling\">\n<p data-start=\"68\" data-end=\"312\">Profitez d\u2019une <strong data-start=\"83\" data-end=\"123\">ventilation puissante et silencieuse<\/strong> avec le <strong data-start=\"132\" data-end=\"158\">E-Jeff F8 Electric Fan<\/strong>. Con\u00e7u pour rafra\u00eechir efficacement les pi\u00e8ces pendant les fortes chaleurs, ce ventilateur sur pied combine <strong data-start=\"267\" data-end=\"311\">performance, stabilit\u00e9 et design moderne<\/strong>.<\/p>\n<p data-start=\"314\" data-end=\"712\">Gr\u00e2ce \u00e0 ses <strong data-start=\"326\" data-end=\"348\">7 pales puissantes<\/strong>, il offre une <strong data-start=\"363\" data-end=\"393\">circulation d\u2019air optimale<\/strong> dans toute la pi\u00e8ce. Son <strong data-start=\"419\" data-end=\"462\">socle d\u00e9tachable et sa hauteur r\u00e9glable<\/strong> permettent de l\u2019adapter facilement \u00e0 diff\u00e9rents espaces comme le salon, la chambre ou le bureau. Les ventilateurs F8 sont con\u00e7us pour fournir <strong data-start=\"605\" data-end=\"671\">un flux d\u2019air puissant tout en restant silencieux (ultra-mute)<\/strong>.<\/p>\n<p data-start=\"714\" data-end=\"824\">De plus, il est livr\u00e9 avec <strong data-start=\"741\" data-end=\"761\">une t\u00e9l\u00e9commande<\/strong> pour r\u00e9gler facilement la vitesse et l\u2019oscillation \u00e0 distance.<\/p>\n<hr data-start=\"826\" data-end=\"829\" \/>\n<h1 data-section-id=\"gug16d\" data-start=\"831\" data-end=\"847\">\u2b50 Points forts<\/h1>\n<p data-start=\"849\" data-end=\"1193\">\u2714 \ud83c\udf2c\ufe0f <strong data-start=\"855\" data-end=\"902\">7 pales pour une ventilation plus puissante<\/strong><br data-start=\"902\" data-end=\"905\" \/>\u2714 \ud83d\udd07 <strong data-start=\"910\" data-end=\"953\">Fonction ultra silencieuse (Ultra-mute)<\/strong><br data-start=\"953\" data-end=\"956\" \/>\u2714 \ud83c\udf9b <strong data-start=\"961\" data-end=\"1002\">T\u00e9l\u00e9commande pour contr\u00f4le \u00e0 distance<\/strong><br data-start=\"1002\" data-end=\"1005\" \/>\u2714 \ud83d\udccf <strong data-start=\"1010\" data-end=\"1055\">Hauteur r\u00e9glable pour un meilleur confort<\/strong><br data-start=\"1055\" data-end=\"1058\" \/>\u2714 \ud83d\udd04 <strong data-start=\"1063\" data-end=\"1122\">T\u00eate oscillante pour diffuser l\u2019air dans toute la pi\u00e8ce<\/strong><br data-start=\"1122\" data-end=\"1125\" \/>\u2714 \ud83e\udde9 <strong data-start=\"1130\" data-end=\"1193\">Base d\u00e9tachable pour faciliter le transport et le rangement<\/strong><\/p>\n<hr data-start=\"1195\" data-end=\"1198\" \/>\n<h1 data-section-id=\"8hjtvv\" data-start=\"1200\" data-end=\"1215\">\ud83c\udfe0 Id\u00e9al pour<\/h1>\n<ul data-start=\"1217\" data-end=\"1359\">\n<li data-section-id=\"tcu910\" data-start=\"1217\" data-end=\"1237\">\n<p data-start=\"1219\" data-end=\"1237\">Salon et chambre<\/p>\n<\/li>\n<li data-section-id=\"1n8txyz\" data-start=\"1238\" data-end=\"1262\">\n<p data-start=\"1240\" data-end=\"1262\">Bureaux et commerces<\/p>\n<\/li>\n<li data-section-id=\"1p8nzs7\" data-start=\"1263\" data-end=\"1297\">\n<p data-start=\"1265\" data-end=\"1297\">Restaurants et espaces publics<\/p>\n<\/li>\n<li data-section-id=\"1cufgha\" data-start=\"1298\" data-end=\"1322\">\n<p data-start=\"1300\" data-end=\"1322\">Ateliers ou magasins<\/p>\n<\/li>\n<li data-section-id=\"ysn6xo\" data-start=\"1323\" data-end=\"1359\">\n<p data-start=\"1325\" data-end=\"1359\">Utilisation quotidienne \u00e0 domicile<\/p>\n<\/li>\n<\/ul>\n<hr data-start=\"1361\" data-end=\"1364\" \/>\n<h1 data-section-id=\"1gx1fos\" data-start=\"1366\" data-end=\"1386\">\ud83d\udcca Fiche Technique<\/h1>\n<div class=\"TyagGW_tableContainer\">\n<div class=\"group TyagGW_tableWrapper flex flex-col-reverse w-fit\" tabindex=\"-1\">\n<table class=\"w-fit min-w-(--thread-content-width)\" data-start=\"1388\" data-end=\"1750\">\n<thead data-start=\"1388\" data-end=\"1417\">\n<tr data-start=\"1388\" data-end=\"1417\">\n<th class=\"\" data-start=\"1388\" data-end=\"1406\" data-col-size=\"sm\">Caract\u00e9ristique<\/th>\n<th class=\"\" data-start=\"1406\" data-end=\"1417\" data-col-size=\"sm\">D\u00e9tails<\/th>\n<\/tr>\n<\/thead>\n<tbody data-start=\"1428\" data-end=\"1750\">\n<tr data-start=\"1428\" data-end=\"1447\">\n<td data-start=\"1428\" data-end=\"1437\" data-col-size=\"sm\">Marque<\/td>\n<td data-start=\"1437\" data-end=\"1447\" data-col-size=\"sm\">E-Jeff<\/td>\n<\/tr>\n<tr data-start=\"1448\" data-end=\"1480\">\n<td data-start=\"1448\" data-end=\"1457\" data-col-size=\"sm\">Mod\u00e8le<\/td>\n<td data-start=\"1457\" data-end=\"1480\" data-col-size=\"sm\"><strong data-start=\"1459\" data-end=\"1478\">F8 Electric Fan<\/strong><\/td>\n<\/tr>\n<tr data-start=\"1481\" data-end=\"1512\">\n<td data-start=\"1481\" data-end=\"1488\" data-col-size=\"sm\">Type<\/td>\n<td data-start=\"1488\" data-end=\"1512\" data-col-size=\"sm\">Ventilateur sur pied<\/td>\n<\/tr>\n<tr data-start=\"1513\" data-end=\"1546\">\n<td data-start=\"1513\" data-end=\"1531\" data-col-size=\"sm\">Nombre de pales<\/td>\n<td data-start=\"1531\" data-end=\"1546\" data-col-size=\"sm\"><strong data-start=\"1533\" data-end=\"1544\">7 pales<\/strong><\/td>\n<\/tr>\n<tr data-start=\"1547\" data-end=\"1583\">\n<td data-start=\"1547\" data-end=\"1558\" data-col-size=\"sm\">Diam\u00e8tre<\/td>\n<td data-start=\"1558\" data-end=\"1583\" data-col-size=\"sm\">Environ <strong data-start=\"1568\" data-end=\"1581\">18 pouces<\/strong><\/td>\n<\/tr>\n<tr data-start=\"1584\" data-end=\"1608\">\n<td data-start=\"1584\" data-end=\"1595\" data-col-size=\"sm\">Vitesses<\/td>\n<td data-start=\"1595\" data-end=\"1608\" data-col-size=\"sm\">3 niveaux<\/td>\n<\/tr>\n<tr data-start=\"1609\" data-end=\"1630\">\n<td data-start=\"1609\" data-end=\"1623\" data-col-size=\"sm\">Oscillation<\/td>\n<td data-start=\"1623\" data-end=\"1630\" data-col-size=\"sm\">Oui<\/td>\n<\/tr>\n<tr data-start=\"1631\" data-end=\"1653\">\n<td data-start=\"1631\" data-end=\"1646\" data-col-size=\"sm\">T\u00e9l\u00e9commande<\/td>\n<td data-start=\"1646\" data-end=\"1653\" data-col-size=\"sm\">Oui<\/td>\n<\/tr>\n<tr data-start=\"1654\" data-end=\"1675\">\n<td data-start=\"1654\" data-end=\"1661\" data-col-size=\"sm\">Base<\/td>\n<td data-start=\"1661\" data-end=\"1675\" data-col-size=\"sm\">D\u00e9tachable<\/td>\n<\/tr>\n<tr data-start=\"1676\" data-end=\"1710\">\n<td data-start=\"1676\" data-end=\"1691\" data-col-size=\"sm\">Alimentation<\/td>\n<td data-start=\"1691\" data-end=\"1710\" data-col-size=\"sm\"><strong data-start=\"1693\" data-end=\"1708\">220 \u2013 240 V<\/strong><\/td>\n<\/tr>\n<tr data-start=\"1711\" data-end=\"1750\">\n<td data-start=\"1711\" data-end=\"1734\" data-col-size=\"sm\">Couleurs disponibles<\/td>\n<td data-start=\"1734\" data-end=\"1750\" data-col-size=\"sm\">Noir \/ Blanc<\/td>\n<\/tr>\n<\/tbody>\n<\/table>\n<\/div>\n<\/div>\n<p data-start=\"1752\" data-end=\"1972\">Les ventilateurs <strong data-start=\"1769\" data-end=\"1782\">E-Jeff F8<\/strong> disposent de <strong data-start=\"1796\" data-end=\"1832\">7 pales et d\u2019une base d\u00e9tachable<\/strong>, permettant une meilleure circulation de l\u2019air et une utilisation pratique dans diff\u00e9rents espaces.<\/p>\n<hr data-start=\"1974\" data-end=\"1977\" \/>\n<h1 data-section-id=\"6f7tr2\" data-start=\"1979\" data-end=\"2000\">\ud83d\udce6 Contenu du colis<\/h1>\n<ul data-start=\"2002\" data-end=\"2144\">\n<li data-section-id=\"1vmpk18\" data-start=\"2002\" data-end=\"2035\">\n<p data-start=\"2004\" data-end=\"2035\">1 \u00d7 <strong data-start=\"2008\" data-end=\"2033\">Ventilateur E-Jeff F8<\/strong><\/p>\n<\/li>\n<li data-section-id=\"1aam6fo\" data-start=\"2036\" data-end=\"2056\">\n<p data-start=\"2038\" data-end=\"2056\">1 \u00d7 T\u00e9l\u00e9commande<\/p>\n<\/li>\n<li data-section-id=\"8cs2o8\" data-start=\"2057\" data-end=\"2086\">\n<p data-start=\"2059\" data-end=\"2086\">1 \u00d7 Base et pied r\u00e9glable<\/p>\n<\/li>\n<li data-section-id=\"ax7c2a\" data-start=\"2087\" data-end=\"2115\">\n<p data-start=\"2089\" data-end=\"2115\">1 \u00d7 C\u00e2ble d\u2019alimentation<\/p>\n<\/li>\n<li data-section-id=\"euolri\" data-start=\"2116\" data-end=\"2144\">\n<p data-start=\"2118\" data-end=\"2144\">1 \u00d7 Manuel d\u2019utilisation<\/p>\n<\/li>\n<\/ul>\n<hr data-start=\"2220\" data-end=\"2223\" \/>\n<p data-start=\"2225\" data-end=\"2384\">\ud83d\udd25 <strong data-start=\"2228\" data-end=\"2318\">Un ventilateur puissant, silencieux et pratique pour rester au frais toute la journ\u00e9e.<\/strong><br data-start=\"2318\" data-end=\"2321\" \/><strong data-start=\"2321\" data-end=\"2380\">Commandez d\u00e8s maintenant votre E-Jeff F8 Electric Fan !<\/strong><\/p>\n<\/div>\n<\/div>\n<\/div>\n<\/div>\n<\/div>\n<\/div>\n<\/article>\n<\/div>\n","protected":false},"excerpt":{"rendered":"<p>Profitez d\u2019une ventilation puissante et silencieuse avec le E-Jeff F8 Electric Fan. Con\u00e7u pour rafra\u00eechir efficacement les pi\u00e8ces pendant les fortes chaleurs, ce ventilateur sur pied combine performance, stabilit\u00e9 et design moderne. Gr\u00e2ce \u00e0 ses 7 pales puissantes, il offre une circulation d\u2019air optimale dans toute la pi\u00e8ce. Son socle d\u00e9tachable et sa hauteur r\u00e9glable&hellip;<\/p>\n","protected":false},"featured_media":16362,"comment_status":"open","ping_status":"closed","template":"","meta":[],"product_cat":[100,126],"product_tag":[],"class_list":{"0":"post-16357","1":"product","2":"type-product","3":"status-publish","4":"has-post-thumbnail","6":"product_cat-electromenager","7":"product_cat-ventilateurs","9":"first","10":"instock","11":"sale","12":"shipping-taxable","13":"purchasable","14":"product-type-simple","15":"col-xs-6 col-sm-4","16":"col-md-3 col-lg-3","17":"un-4-cols"},"_links":{"self":[{"href":"https:\/\/www.vazy.market\/index.php\/wp-json\/wp\/v2\/product\/16357","targetHints":{"allow":["GET"]}}],"collection":[{"href":"https:\/\/www.vazy.market\/index.php\/wp-json\/wp\/v2\/product"}],"about":[{"href":"https:\/\/www.vazy.market\/index.php\/wp-json\/wp\/v2\/types\/product"}],"replies":[{"embeddable":true,"href":"https:\/\/www.vazy.market\/index.php\/wp-json\/wp\/v2\/comments?post=16357"}],"wp:featuredmedia":[{"embeddable":true,"href":"https:\/\/www.vazy.market\/index.php\/wp-json\/wp\/v2\/media\/16362"}],"wp:attachment":[{"href":"https:\/\/www.vazy.market\/index.php\/wp-json\/wp\/v2\/media?parent=16357"}],"wp:term":[{"taxonomy":"product_cat","embeddable":true,"href":"https:\/\/www.vazy.market\/index.php\/wp-json\/wp\/v2\/product_cat?post=16357"},{"taxonomy":"product_tag","embeddable":true,"href":"https:\/\/www.vazy.market\/index.php\/wp-json\/wp\/v2\/product_tag?post=16357"}],"curies":[{"name":"wp","href":"https:\/\/api.w.org\/{rel}","templated":true}]}}