{"id":16354,"date":"2026-03-10T18:22:00","date_gmt":"2026-03-10T18:22:00","guid":{"rendered":"https:\/\/www.vazy.market\/?post_type=product&#038;p=16354"},"modified":"2026-03-29T17:43:52","modified_gmt":"2026-03-29T17:43:52","slug":"ventilateur-sur-pied-unnel-pm-standing-fan","status":"publish","type":"product","link":"https:\/\/www.vazy.market\/index.php\/product\/ventilateur-sur-pied-unnel-pm-standing-fan\/","title":{"rendered":"Ventilateur sur Pied Unnel PM Standing Fan"},"content":{"rendered":"<div class=\"flex flex-col text-sm pb-25\">\n<article class=\"text-token-text-primary w-full focus:outline-none [--shadow-height:45px] has-data-writing-block:pointer-events-none has-data-writing-block:-mt-(--shadow-height) has-data-writing-block:pt-(--shadow-height) [&amp;:has([data-writing-block])&gt;*]:pointer-events-auto scroll-mt-[calc(var(--header-height)+min(200px,max(70px,20svh)))]\" dir=\"auto\" tabindex=\"-1\" data-turn-id=\"374146d3-5ad5-401d-b533-b76e80dc9812\" data-testid=\"conversation-turn-78\" data-scroll-anchor=\"true\" data-turn=\"assistant\">\n<div class=\"text-base my-auto mx-auto pb-10 [--thread-content-margin:var(--thread-content-margin-xs,calc(var(--spacing)*4))] @w-sm\/main:[--thread-content-margin:var(--thread-content-margin-sm,calc(var(--spacing)*6))] @w-lg\/main:[--thread-content-margin:var(--thread-content-margin-lg,calc(var(--spacing)*16))] px-(--thread-content-margin)\">\n<div class=\"[--thread-content-max-width:40rem] @w-lg\/main:[--thread-content-max-width:48rem] mx-auto max-w-(--thread-content-max-width) flex-1 group\/turn-messages focus-visible:outline-hidden relative flex w-full min-w-0 flex-col agent-turn\" tabindex=\"-1\">\n<div class=\"flex max-w-full flex-col gap-4 grow\">\n<div class=\"min-h-8 text-message relative flex w-full flex-col items-end gap-2 text-start break-words whitespace-normal [.text-message+&amp;]:mt-1\" dir=\"auto\" data-message-author-role=\"assistant\" data-message-id=\"5dc3df6a-03fc-493a-a63c-ae0c0ca86b40\" data-message-model-slug=\"gpt-5-3\">\n<div class=\"flex w-full flex-col gap-1 empty:hidden\">\n<div class=\"markdown prose dark:prose-invert w-full wrap-break-word light markdown-new-styling\">\n<p data-start=\"57\" data-end=\"302\">Profitez d\u2019un <strong data-start=\"71\" data-end=\"112\">rafra\u00eechissement efficace et puissant<\/strong> avec le <strong data-start=\"121\" data-end=\"146\">Unnel PM Standing Fan<\/strong>. Ce ventilateur sur pied est con\u00e7u pour offrir une <strong data-start=\"198\" data-end=\"267\">circulation d\u2019air optimale dans les maisons, bureaux et commerces<\/strong>, m\u00eame pendant les fortes chaleurs.<\/p>\n<p data-start=\"304\" data-end=\"670\">Gr\u00e2ce \u00e0 son <strong data-start=\"316\" data-end=\"371\">grand diam\u00e8tre de pales et ses diff\u00e9rentes vitesses<\/strong>, il diffuse l\u2019air dans toute la pi\u00e8ce pour un confort maximal. Les ventilateurs sur pied modernes sont g\u00e9n\u00e9ralement \u00e9quip\u00e9s de <strong data-start=\"499\" data-end=\"631\">plusieurs vitesses et d\u2019un moteur puissant pour am\u00e9liorer la circulation de l\u2019air dans les espaces domestiques ou professionnels<\/strong>.<\/p>\n<p data-start=\"672\" data-end=\"778\">Avec son <strong data-start=\"681\" data-end=\"719\">pied stable et sa hauteur r\u00e9glable<\/strong>, il est facile d\u2019orienter le flux d\u2019air selon vos besoins.<\/p>\n<hr data-start=\"780\" data-end=\"783\" \/>\n<h1 data-section-id=\"gug16d\" data-start=\"785\" data-end=\"801\">\u2b50 Points forts<\/h1>\n<p data-start=\"803\" data-end=\"1130\">\u2714 \ud83c\udf2c\ufe0f <strong data-start=\"809\" data-end=\"870\">Ventilation puissante pour rafra\u00eechir rapidement la pi\u00e8ce<\/strong><br data-start=\"870\" data-end=\"873\" \/>\u2714 \u2699\ufe0f <strong data-start=\"878\" data-end=\"917\">3 vitesses de ventilation r\u00e9glables<\/strong><br data-start=\"917\" data-end=\"920\" \/>\u2714 \ud83d\udd04 <strong data-start=\"925\" data-end=\"982\">T\u00eate oscillante pour une meilleure diffusion de l\u2019air<\/strong><br data-start=\"982\" data-end=\"985\" \/>\u2714 \ud83d\udccf <strong data-start=\"990\" data-end=\"1039\">Hauteur r\u00e9glable pour un confort personnalis\u00e9<\/strong><br data-start=\"1039\" data-end=\"1042\" \/>\u2714 \ud83d\udd12 <strong data-start=\"1047\" data-end=\"1081\">Grille de protection s\u00e9curis\u00e9e<\/strong><br data-start=\"1081\" data-end=\"1084\" \/>\u2714 \ud83c\udfe0 <strong data-start=\"1089\" data-end=\"1130\">Id\u00e9al pour maison, bureau ou commerce<\/strong><\/p>\n<hr data-start=\"1132\" data-end=\"1135\" \/>\n<h1 data-section-id=\"8hjtvv\" data-start=\"1137\" data-end=\"1152\">\ud83c\udfe0 Id\u00e9al pour<\/h1>\n<ul data-start=\"1154\" data-end=\"1283\">\n<li data-section-id=\"tcu910\" data-start=\"1154\" data-end=\"1174\">\n<p data-start=\"1156\" data-end=\"1174\">Salon et chambre<\/p>\n<\/li>\n<li data-section-id=\"xmdh2w\" data-start=\"1175\" data-end=\"1198\">\n<p data-start=\"1177\" data-end=\"1198\">Bureaux et magasins<\/p>\n<\/li>\n<li data-section-id=\"1en7q21\" data-start=\"1199\" data-end=\"1227\">\n<p data-start=\"1201\" data-end=\"1227\">Restaurants et commerces<\/p>\n<\/li>\n<li data-section-id=\"yo0svb\" data-start=\"1228\" data-end=\"1251\">\n<p data-start=\"1230\" data-end=\"1251\">Ateliers ou garages<\/p>\n<\/li>\n<li data-section-id=\"p94u23\" data-start=\"1252\" data-end=\"1283\">\n<p data-start=\"1254\" data-end=\"1283\">\u00c9v\u00e9nements et espaces ouverts<\/p>\n<\/li>\n<\/ul>\n<hr data-start=\"1285\" data-end=\"1288\" \/>\n<h1 data-section-id=\"1gx1fos\" data-start=\"1290\" data-end=\"1310\">\ud83d\udcca Fiche Technique<\/h1>\n<div class=\"TyagGW_tableContainer\">\n<div class=\"group TyagGW_tableWrapper flex flex-col-reverse w-fit\" tabindex=\"-1\">\n<table class=\"w-fit min-w-(--thread-content-width)\" data-start=\"1312\" data-end=\"1664\">\n<thead data-start=\"1312\" data-end=\"1341\">\n<tr data-start=\"1312\" data-end=\"1341\">\n<th class=\"\" data-start=\"1312\" data-end=\"1330\" data-col-size=\"sm\">Caract\u00e9ristique<\/th>\n<th class=\"\" data-start=\"1330\" data-end=\"1341\" data-col-size=\"sm\">D\u00e9tails<\/th>\n<\/tr>\n<\/thead>\n<tbody data-start=\"1352\" data-end=\"1664\">\n<tr data-start=\"1352\" data-end=\"1370\">\n<td data-start=\"1352\" data-end=\"1361\" data-col-size=\"sm\">Marque<\/td>\n<td data-start=\"1361\" data-end=\"1370\" data-col-size=\"sm\">Unnel<\/td>\n<\/tr>\n<tr data-start=\"1371\" data-end=\"1403\">\n<td data-start=\"1371\" data-end=\"1380\" data-col-size=\"sm\">Mod\u00e8le<\/td>\n<td data-start=\"1380\" data-end=\"1403\" data-col-size=\"sm\"><strong data-start=\"1382\" data-end=\"1401\">PM Standing Fan<\/strong><\/td>\n<\/tr>\n<tr data-start=\"1404\" data-end=\"1435\">\n<td data-start=\"1404\" data-end=\"1411\" data-col-size=\"sm\">Type<\/td>\n<td data-start=\"1411\" data-end=\"1435\" data-col-size=\"sm\">Ventilateur sur pied<\/td>\n<\/tr>\n<tr data-start=\"1436\" data-end=\"1469\">\n<td data-start=\"1436\" data-end=\"1455\" data-col-size=\"sm\">Source d\u2019\u00e9nergie<\/td>\n<td data-start=\"1455\" data-end=\"1469\" data-col-size=\"sm\">\u00c9lectrique<\/td>\n<\/tr>\n<tr data-start=\"1470\" data-end=\"1494\">\n<td data-start=\"1470\" data-end=\"1481\" data-col-size=\"sm\">Vitesses<\/td>\n<td data-start=\"1481\" data-end=\"1494\" data-col-size=\"sm\">3 niveaux<\/td>\n<\/tr>\n<tr data-start=\"1495\" data-end=\"1527\">\n<td data-start=\"1495\" data-end=\"1506\" data-col-size=\"sm\">Diam\u00e8tre<\/td>\n<td data-start=\"1506\" data-end=\"1527\" data-col-size=\"sm\">Environ 16 pouces<\/td>\n<\/tr>\n<tr data-start=\"1528\" data-end=\"1557\">\n<td data-start=\"1528\" data-end=\"1546\" data-col-size=\"sm\">Nombre de pales<\/td>\n<td data-start=\"1546\" data-end=\"1557\" data-col-size=\"sm\">5 pales<\/td>\n<\/tr>\n<tr data-start=\"1558\" data-end=\"1583\">\n<td data-start=\"1558\" data-end=\"1576\" data-col-size=\"sm\">R\u00e9glage hauteur<\/td>\n<td data-start=\"1576\" data-end=\"1583\" data-col-size=\"sm\">Oui<\/td>\n<\/tr>\n<tr data-start=\"1584\" data-end=\"1605\">\n<td data-start=\"1584\" data-end=\"1598\" data-col-size=\"sm\">Oscillation<\/td>\n<td data-start=\"1598\" data-end=\"1605\" data-col-size=\"sm\">Oui<\/td>\n<\/tr>\n<tr data-start=\"1606\" data-end=\"1638\">\n<td data-start=\"1606\" data-end=\"1617\" data-col-size=\"sm\">Mat\u00e9riau<\/td>\n<td data-start=\"1617\" data-end=\"1638\" data-col-size=\"sm\">Plastique + m\u00e9tal<\/td>\n<\/tr>\n<tr data-start=\"1639\" data-end=\"1664\">\n<td data-start=\"1639\" data-end=\"1649\" data-col-size=\"sm\">Couleur<\/td>\n<td data-start=\"1649\" data-end=\"1664\" data-col-size=\"sm\">Noir \/ Bleu<\/td>\n<\/tr>\n<\/tbody>\n<\/table>\n<\/div>\n<\/div>\n<hr data-start=\"1666\" data-end=\"1669\" \/>\n<h1 data-section-id=\"6f7tr2\" data-start=\"1671\" data-end=\"1692\">\ud83d\udce6 Contenu du colis<\/h1>\n<ul data-start=\"1694\" data-end=\"1806\">\n<li data-section-id=\"1dusmei\" data-start=\"1694\" data-end=\"1727\">\n<p data-start=\"1696\" data-end=\"1727\">1 \u00d7 <strong data-start=\"1700\" data-end=\"1725\">Unnel PM Standing Fan<\/strong><\/p>\n<\/li>\n<li data-section-id=\"1dpo5ki\" data-start=\"1728\" data-end=\"1748\">\n<p data-start=\"1730\" data-end=\"1748\">1 \u00d7 Pied et base<\/p>\n<\/li>\n<li data-section-id=\"ax7c2a\" data-start=\"1749\" data-end=\"1777\">\n<p data-start=\"1751\" data-end=\"1777\">1 \u00d7 C\u00e2ble d\u2019alimentation<\/p>\n<\/li>\n<li data-section-id=\"euolri\" data-start=\"1778\" data-end=\"1806\">\n<p data-start=\"1780\" data-end=\"1806\">1 \u00d7 Manuel d\u2019utilisation<\/p>\n<\/li>\n<\/ul>\n<hr data-start=\"1881\" data-end=\"1884\" \/>\n<p data-start=\"1886\" data-end=\"2032\">\ud83d\udd25 <strong data-start=\"1889\" data-end=\"1967\">Un ventilateur puissant et pratique pour rester au frais toute la journ\u00e9e.<\/strong><br data-start=\"1967\" data-end=\"1970\" \/><strong data-start=\"1970\" data-end=\"2028\">Commandez d\u00e8s maintenant votre Unnel PM Standing Fan !<\/strong><\/p>\n<\/div>\n<\/div>\n<\/div>\n<\/div>\n<\/div>\n<\/div>\n<\/article>\n<\/div>\n","protected":false},"excerpt":{"rendered":"<p>Profitez d\u2019un rafra\u00eechissement efficace et puissant avec le Unnel PM Standing Fan. Ce ventilateur sur pied est con\u00e7u pour offrir une circulation d\u2019air optimale dans les maisons, bureaux et commerces, m\u00eame pendant les fortes chaleurs. Gr\u00e2ce \u00e0 son grand diam\u00e8tre de pales et ses diff\u00e9rentes vitesses, il diffuse l\u2019air dans toute la pi\u00e8ce pour un&hellip;<\/p>\n","protected":false},"featured_media":16356,"comment_status":"open","ping_status":"closed","template":"","meta":[],"product_cat":[100,126],"product_tag":[],"class_list":{"0":"post-16354","1":"product","2":"type-product","3":"status-publish","4":"has-post-thumbnail","6":"product_cat-electromenager","7":"product_cat-ventilateurs","9":"first","10":"instock","11":"sale","12":"shipping-taxable","13":"purchasable","14":"product-type-simple","15":"col-xs-6 col-sm-4","16":"col-md-3 col-lg-3","17":"un-4-cols"},"_links":{"self":[{"href":"https:\/\/www.vazy.market\/index.php\/wp-json\/wp\/v2\/product\/16354","targetHints":{"allow":["GET"]}}],"collection":[{"href":"https:\/\/www.vazy.market\/index.php\/wp-json\/wp\/v2\/product"}],"about":[{"href":"https:\/\/www.vazy.market\/index.php\/wp-json\/wp\/v2\/types\/product"}],"replies":[{"embeddable":true,"href":"https:\/\/www.vazy.market\/index.php\/wp-json\/wp\/v2\/comments?post=16354"}],"wp:featuredmedia":[{"embeddable":true,"href":"https:\/\/www.vazy.market\/index.php\/wp-json\/wp\/v2\/media\/16356"}],"wp:attachment":[{"href":"https:\/\/www.vazy.market\/index.php\/wp-json\/wp\/v2\/media?parent=16354"}],"wp:term":[{"taxonomy":"product_cat","embeddable":true,"href":"https:\/\/www.vazy.market\/index.php\/wp-json\/wp\/v2\/product_cat?post=16354"},{"taxonomy":"product_tag","embeddable":true,"href":"https:\/\/www.vazy.market\/index.php\/wp-json\/wp\/v2\/product_tag?post=16354"}],"curies":[{"name":"wp","href":"https:\/\/api.w.org\/{rel}","templated":true}]}}