{"id":16347,"date":"2026-03-10T18:00:37","date_gmt":"2026-03-10T18:00:37","guid":{"rendered":"https:\/\/www.vazy.market\/?post_type=product&#038;p=16347"},"modified":"2026-03-25T10:32:17","modified_gmt":"2026-03-25T10:32:17","slug":"nd-2870-2-1ch-multimedia-speaker-system-bluetooth-usb-sd-fm","status":"publish","type":"product","link":"https:\/\/www.vazy.market\/index.php\/product\/nd-2870-2-1ch-multimedia-speaker-system-bluetooth-usb-sd-fm\/","title":{"rendered":"\ud83d\udd0a ND-2870 2.1CH Multimedia Speaker System \u2013 Bluetooth \/ USB \/ SD \/ FM"},"content":{"rendered":"<div class=\"flex h-svh w-screen flex-col\">\n<div class=\"relative z-0 flex min-h-0 w-full flex-1\">\n<div class=\"relative flex min-h-0 w-full flex-1\">\n<div class=\"@container\/main relative flex min-w-0 flex-1 flex-col -translate-y-[calc(env(safe-area-inset-bottom,0px)\/2)] pt-[calc(env(safe-area-inset-bottom,0px)\/2)]\">\n<div class=\"@w-sm\/main:[scrollbar-gutter:stable_both-edges] touch:[scrollbar-width:none] relative flex min-h-0 min-w-0 flex-1 flex-col [scrollbar-gutter:stable] not-print:overflow-x-clip not-print:overflow-y-auto scroll-pt-(--header-height) [--sticky-padding-top:var(--header-height)] has-data-[fixed-header=less-than-xl]:@w-xl\/main:scroll-pt-0 has-data-[fixed-header=less-than-xl]:@w-xl\/main:[--sticky-padding-top:0px] has-data-[fixed-header=less-than-xxl]:@w-2xl\/main:scroll-pt-0 has-data-[fixed-header=less-than-xxl]:@w-2xl\/main:[--sticky-padding-top:0px]\" data-scroll-root=\"\"><main id=\"main\" class=\"min-h-0 flex-1\"><\/p>\n<div id=\"thread\" class=\"group\/thread flex flex-col min-h-full\">\n<div class=\"composer-parent flex flex-1 flex-col focus-visible:outline-0\" role=\"presentation\">\n<div class=\"relative basis-auto flex-col -mb-(--composer-overlap-px) [--composer-overlap-px:28px] grow flex\">\n<div class=\"flex flex-col text-sm pb-25\">\n<article class=\"text-token-text-primary w-full focus:outline-none [--shadow-height:45px] has-data-writing-block:pointer-events-none has-data-writing-block:-mt-(--shadow-height) has-data-writing-block:pt-(--shadow-height) [&amp;:has([data-writing-block])&gt;*]:pointer-events-auto scroll-mt-[calc(var(--header-height)+min(200px,max(70px,20svh)))]\" dir=\"auto\" tabindex=\"-1\" data-turn-id=\"request-69add934-1d50-8332-91d7-d97a2ee2331f-7\" data-testid=\"conversation-turn-76\" data-scroll-anchor=\"true\" data-turn=\"assistant\">\n<div class=\"text-base my-auto mx-auto pb-10 [--thread-content-margin:var(--thread-content-margin-xs,calc(var(--spacing)*4))] @w-sm\/main:[--thread-content-margin:var(--thread-content-margin-sm,calc(var(--spacing)*6))] @w-lg\/main:[--thread-content-margin:var(--thread-content-margin-lg,calc(var(--spacing)*16))] px-(--thread-content-margin)\">\n<div class=\"[--thread-content-max-width:40rem] @w-lg\/main:[--thread-content-max-width:48rem] mx-auto max-w-(--thread-content-max-width) flex-1 group\/turn-messages focus-visible:outline-hidden relative flex w-full min-w-0 flex-col agent-turn\" tabindex=\"-1\">\n<div class=\"flex max-w-full flex-col gap-4 grow\">\n<div class=\"min-h-8 text-message relative flex w-full flex-col items-end gap-2 text-start break-words whitespace-normal [.text-message+&amp;]:mt-1\" dir=\"auto\" data-message-author-role=\"assistant\" data-message-id=\"7a4d8955-3a87-44e5-a017-05eb76e2ba6f\" data-message-model-slug=\"gpt-5-3\">\n<div class=\"flex w-full flex-col gap-1 empty:hidden\">\n<div class=\"markdown prose dark:prose-invert w-full wrap-break-word light markdown-new-styling\">\n<p data-start=\"79\" data-end=\"353\">Profitez d\u2019un <strong data-start=\"93\" data-end=\"123\">son tr\u00e8s puissant et clair<\/strong> avec le <strong data-start=\"132\" data-end=\"175\">ND-2870 2.1CH Multimedia Speaker System<\/strong>. Ce syst\u00e8me audio est compos\u00e9 d\u2019un <strong data-start=\"211\" data-end=\"265\">woofer central et de deux haut-parleurs satellites<\/strong>, offrant une exp\u00e9rience sonore immersive id\u00e9ale pour la musique, les films et les jeux.<\/p>\n<p data-start=\"355\" data-end=\"685\">Gr\u00e2ce \u00e0 ses <strong data-start=\"367\" data-end=\"440\">multiples modes de lecture (Bluetooth, USB, carte SD\/MMC et radio FM)<\/strong>, vous pouvez \u00e9couter votre musique facilement depuis votre smartphone, cl\u00e9 USB ou carte m\u00e9moire. Le syst\u00e8me est \u00e9galement livr\u00e9 avec <strong data-start=\"574\" data-end=\"594\">une t\u00e9l\u00e9commande<\/strong> pour contr\u00f4ler le volume et les pistes \u00e0 distance.<\/p>\n<hr data-start=\"687\" data-end=\"690\" \/>\n<h1 data-section-id=\"gug16d\" data-start=\"692\" data-end=\"708\">\u2b50 Points forts<\/h1>\n<p data-start=\"710\" data-end=\"1022\">\u2714 \ud83d\udd0a <strong data-start=\"715\" data-end=\"760\">Syst\u00e8me audio 2.1 avec subwoofer puissant<\/strong><br data-start=\"760\" data-end=\"763\" \/>\u2714 \ud83d\udcf6 <strong data-start=\"768\" data-end=\"813\">Connexion Bluetooth pour musique sans fil<\/strong><br data-start=\"813\" data-end=\"816\" \/>\u2714 \ud83c\udfb6 <strong data-start=\"821\" data-end=\"868\">Lecture via USB, carte SD\/MMC et entr\u00e9e AUX<\/strong><br data-start=\"868\" data-end=\"871\" \/>\u2714 \ud83d\udcfb <strong data-start=\"876\" data-end=\"897\">Radio FM int\u00e9gr\u00e9e<\/strong><br data-start=\"897\" data-end=\"900\" \/>\u2714 \ud83c\udf9b <strong data-start=\"905\" data-end=\"954\">T\u00e9l\u00e9commande incluse pour contr\u00f4le \u00e0 distance<\/strong><br data-start=\"954\" data-end=\"957\" \/>\u2714 \ud83c\udfac <strong data-start=\"962\" data-end=\"1022\">Parfait pour films, musique et divertissement \u00e0 domicile<\/strong><\/p>\n<hr data-start=\"1024\" data-end=\"1027\" \/>\n<h1 data-section-id=\"18jifcc\" data-start=\"1029\" data-end=\"1044\">\ud83c\udfa7 Id\u00e9al pour<\/h1>\n<ul data-start=\"1046\" data-end=\"1205\">\n<li data-section-id=\"y7rqy1\" data-start=\"1046\" data-end=\"1077\">\n<p data-start=\"1048\" data-end=\"1077\">Films et s\u00e9ries \u00e0 la maison<\/p>\n<\/li>\n<li data-section-id=\"8zfdpz\" data-start=\"1078\" data-end=\"1121\">\n<p data-start=\"1080\" data-end=\"1121\">\u00c9coute de musique avec basses profondes<\/p>\n<\/li>\n<li data-section-id=\"1l3harb\" data-start=\"1122\" data-end=\"1136\">\n<p data-start=\"1124\" data-end=\"1136\">Jeux vid\u00e9o<\/p>\n<\/li>\n<li data-section-id=\"1s42ywa\" data-start=\"1137\" data-end=\"1157\">\n<p data-start=\"1139\" data-end=\"1157\">F\u00eates \u00e0 domicile<\/p>\n<\/li>\n<li data-section-id=\"g8mrxe\" data-start=\"1158\" data-end=\"1205\">\n<p data-start=\"1160\" data-end=\"1205\">Utilisation avec TV, ordinateur ou smartphone<\/p>\n<\/li>\n<\/ul>\n<hr data-start=\"1207\" data-end=\"1210\" \/>\n<h1 data-section-id=\"1gx1fos\" data-start=\"1212\" data-end=\"1232\">\ud83d\udcca Fiche Technique<\/h1>\n<div class=\"TyagGW_tableContainer\">\n<div class=\"group TyagGW_tableWrapper flex flex-col-reverse w-fit\" tabindex=\"-1\">\n<table class=\"w-fit min-w-(--thread-content-width)\" data-start=\"1234\" data-end=\"1664\">\n<thead data-start=\"1234\" data-end=\"1263\">\n<tr data-start=\"1234\" data-end=\"1263\">\n<th class=\"\" data-start=\"1234\" data-end=\"1252\" data-col-size=\"sm\">Caract\u00e9ristique<\/th>\n<th class=\"\" data-start=\"1252\" data-end=\"1263\" data-col-size=\"sm\">D\u00e9tails<\/th>\n<\/tr>\n<\/thead>\n<tbody data-start=\"1274\" data-end=\"1664\">\n<tr data-start=\"1274\" data-end=\"1289\">\n<td data-start=\"1274\" data-end=\"1283\" data-col-size=\"sm\">Marque<\/td>\n<td data-start=\"1283\" data-end=\"1289\" data-col-size=\"sm\">ND<\/td>\n<\/tr>\n<tr data-start=\"1290\" data-end=\"1314\">\n<td data-start=\"1290\" data-end=\"1299\" data-col-size=\"sm\">Mod\u00e8le<\/td>\n<td data-start=\"1299\" data-end=\"1314\" data-col-size=\"sm\"><strong data-start=\"1301\" data-end=\"1312\">ND-2870<\/strong><\/td>\n<\/tr>\n<tr data-start=\"1315\" data-end=\"1354\">\n<td data-start=\"1315\" data-end=\"1322\" data-col-size=\"sm\">Type<\/td>\n<td data-col-size=\"sm\" data-start=\"1322\" data-end=\"1354\">Syst\u00e8me audio multim\u00e9dia 2.1<\/td>\n<\/tr>\n<tr data-start=\"1355\" data-end=\"1401\">\n<td data-start=\"1355\" data-end=\"1371\" data-col-size=\"sm\">Configuration<\/td>\n<td data-start=\"1371\" data-end=\"1401\" data-col-size=\"sm\">1 subwoofer + 2 satellites<\/td>\n<\/tr>\n<tr data-start=\"1402\" data-end=\"1451\">\n<td data-start=\"1402\" data-end=\"1424\" data-col-size=\"sm\">Puissance de sortie<\/td>\n<td data-col-size=\"sm\" data-start=\"1424\" data-end=\"1451\"><strong data-start=\"1426\" data-end=\"1449\">1 \u00d7 30 W + 2 \u00d7 10 W<\/strong><\/td>\n<\/tr>\n<tr data-start=\"1452\" data-end=\"1480\">\n<td data-start=\"1452\" data-end=\"1467\" data-col-size=\"sm\">Connectivit\u00e9<\/td>\n<td data-start=\"1467\" data-end=\"1480\" data-col-size=\"sm\">Bluetooth<\/td>\n<\/tr>\n<tr data-start=\"1481\" data-end=\"1536\">\n<td data-start=\"1481\" data-end=\"1500\" data-col-size=\"sm\">Modes de lecture<\/td>\n<td data-start=\"1500\" data-end=\"1536\" data-col-size=\"sm\">Bluetooth \/ USB \/ Carte SD \/ AUX<\/td>\n<\/tr>\n<tr data-start=\"1537\" data-end=\"1569\">\n<td data-start=\"1537\" data-end=\"1554\" data-col-size=\"sm\">Fonction radio<\/td>\n<td data-start=\"1554\" data-end=\"1569\" data-col-size=\"sm\">FM int\u00e9gr\u00e9e<\/td>\n<\/tr>\n<tr data-start=\"1570\" data-end=\"1600\">\n<td data-start=\"1570\" data-end=\"1582\" data-col-size=\"sm\">Fr\u00e9quence<\/td>\n<td data-start=\"1582\" data-end=\"1600\" data-col-size=\"sm\">40 Hz \u2013 20 kHz<\/td>\n<\/tr>\n<tr data-start=\"1601\" data-end=\"1638\">\n<td data-start=\"1601\" data-end=\"1612\" data-col-size=\"sm\">Contr\u00f4le<\/td>\n<td data-start=\"1612\" data-end=\"1638\" data-col-size=\"sm\">Boutons + t\u00e9l\u00e9commande<\/td>\n<\/tr>\n<tr data-start=\"1639\" data-end=\"1664\">\n<td data-start=\"1639\" data-end=\"1649\" data-col-size=\"sm\">Couleur<\/td>\n<td data-col-size=\"sm\" data-start=\"1649\" data-end=\"1664\">Noir \/ Bois<\/td>\n<\/tr>\n<\/tbody>\n<\/table>\n<\/div>\n<\/div>\n<p data-start=\"1666\" data-end=\"1840\">Le syst\u00e8me <strong data-start=\"1677\" data-end=\"1688\">ND-2870<\/strong> combine un woofer central de <strong data-start=\"1718\" data-end=\"1753\">30 W et deux satellites de 10 W<\/strong>, offrant un son \u00e9quilibr\u00e9 dans toute la pi\u00e8ce.<\/p>\n<hr data-start=\"1842\" data-end=\"1845\" \/>\n<h1 data-section-id=\"6f7tr2\" data-start=\"1847\" data-end=\"1868\">\ud83d\udce6 Contenu du colis<\/h1>\n<ul data-start=\"1870\" data-end=\"2009\">\n<li data-section-id=\"zunvae\" data-start=\"1870\" data-end=\"1899\">\n<p data-start=\"1872\" data-end=\"1899\">1 \u00d7 <strong data-start=\"1876\" data-end=\"1897\">Subwoofer ND-2870<\/strong><\/p>\n<\/li>\n<li data-section-id=\"i9m6xq\" data-start=\"1900\" data-end=\"1932\">\n<p data-start=\"1902\" data-end=\"1932\">2 \u00d7 Haut-parleurs satellites<\/p>\n<\/li>\n<li data-section-id=\"1aam6fo\" data-start=\"1933\" data-end=\"1953\">\n<p data-start=\"1935\" data-end=\"1953\">1 \u00d7 T\u00e9l\u00e9commande<\/p>\n<\/li>\n<li data-section-id=\"qk0cxo\" data-start=\"1954\" data-end=\"1980\">\n<p data-start=\"1956\" data-end=\"1980\">1 \u00d7 C\u00e2ble de connexion<\/p>\n<\/li>\n<li data-section-id=\"euolri\" data-start=\"1981\" data-end=\"2009\">\n<p data-start=\"1983\" data-end=\"2009\">1 \u00d7 Manuel d\u2019utilisation<\/p>\n<\/li>\n<\/ul>\n<hr data-start=\"2102\" data-end=\"2105\" \/>\n<p data-start=\"2107\" data-end=\"2288\">\ud83d\udd25 <strong data-start=\"2110\" data-end=\"2210\">Un syst\u00e8me audio puissant pour profiter pleinement de votre musique et de vos films \u00e0 la maison.<\/strong><br data-start=\"2210\" data-end=\"2213\" \/><strong data-start=\"2213\" data-end=\"2283\">Commandez d\u00e8s maintenant votre ND-2870 Multimedia Speaker System !<\/strong> \ud83d\udd0a\ud83c\udfb6<\/p>\n<\/div>\n<\/div>\n<\/div>\n<\/div>\n<\/div>\n<\/div>\n<\/article>\n<\/div>\n<\/div>\n<\/div>\n<\/div>\n<p><\/main><\/div>\n<\/div>\n<\/div>\n<\/div>\n<\/div>\n","protected":false},"excerpt":{"rendered":"<p>Profitez d\u2019un son tr\u00e8s puissant et clair avec le ND-2870 2.1CH Multimedia Speaker System. Ce syst\u00e8me audio est compos\u00e9 d\u2019un woofer central et de deux haut-parleurs satellites, offrant une exp\u00e9rience sonore immersive id\u00e9ale pour la musique, les films et les jeux. Gr\u00e2ce \u00e0 ses multiples modes de lecture (Bluetooth, USB, carte SD\/MMC et radio FM),&hellip;<\/p>\n","protected":false},"featured_media":16350,"comment_status":"open","ping_status":"closed","template":"","meta":[],"product_cat":[92],"product_tag":[],"class_list":{"0":"post-16347","1":"product","2":"type-product","3":"status-publish","4":"has-post-thumbnail","6":"product_cat-audio","8":"first","9":"instock","10":"sale","11":"shipping-taxable","12":"purchasable","13":"product-type-simple","14":"col-xs-6 col-sm-4","15":"col-md-3 col-lg-3","16":"un-4-cols"},"_links":{"self":[{"href":"https:\/\/www.vazy.market\/index.php\/wp-json\/wp\/v2\/product\/16347","targetHints":{"allow":["GET"]}}],"collection":[{"href":"https:\/\/www.vazy.market\/index.php\/wp-json\/wp\/v2\/product"}],"about":[{"href":"https:\/\/www.vazy.market\/index.php\/wp-json\/wp\/v2\/types\/product"}],"replies":[{"embeddable":true,"href":"https:\/\/www.vazy.market\/index.php\/wp-json\/wp\/v2\/comments?post=16347"}],"wp:featuredmedia":[{"embeddable":true,"href":"https:\/\/www.vazy.market\/index.php\/wp-json\/wp\/v2\/media\/16350"}],"wp:attachment":[{"href":"https:\/\/www.vazy.market\/index.php\/wp-json\/wp\/v2\/media?parent=16347"}],"wp:term":[{"taxonomy":"product_cat","embeddable":true,"href":"https:\/\/www.vazy.market\/index.php\/wp-json\/wp\/v2\/product_cat?post=16347"},{"taxonomy":"product_tag","embeddable":true,"href":"https:\/\/www.vazy.market\/index.php\/wp-json\/wp\/v2\/product_tag?post=16347"}],"curies":[{"name":"wp","href":"https:\/\/api.w.org\/{rel}","templated":true}]}}