{"id":16341,"date":"2026-03-10T17:44:29","date_gmt":"2026-03-10T17:44:29","guid":{"rendered":"https:\/\/www.vazy.market\/?post_type=product&#038;p=16341"},"modified":"2026-03-25T10:33:14","modified_gmt":"2026-03-25T10:33:14","slug":"nde9-nd-207-woofer-2-1-bluetooth-usb-sd-fm-40w","status":"publish","type":"product","link":"https:\/\/www.vazy.market\/index.php\/product\/nde9-nd-207-woofer-2-1-bluetooth-usb-sd-fm-40w\/","title":{"rendered":"\ud83d\udd0a NDE9 ND-207 Woofer 2.1 \u2013 Bluetooth \/ USB \/ SD \/ FM (40W)"},"content":{"rendered":"<div class=\"flex flex-col text-sm pb-25\">\n<article class=\"text-token-text-primary w-full focus:outline-none [--shadow-height:45px] has-data-writing-block:pointer-events-none has-data-writing-block:-mt-(--shadow-height) has-data-writing-block:pt-(--shadow-height) [&amp;:has([data-writing-block])&gt;*]:pointer-events-auto scroll-mt-[calc(var(--header-height)+min(200px,max(70px,20svh)))]\" dir=\"auto\" tabindex=\"-1\" data-turn-id=\"request-69add934-1d50-8332-91d7-d97a2ee2331f-5\" data-testid=\"conversation-turn-72\" data-scroll-anchor=\"true\" data-turn=\"assistant\">\n<div class=\"text-base my-auto mx-auto pb-10 [--thread-content-margin:var(--thread-content-margin-xs,calc(var(--spacing)*4))] @w-sm\/main:[--thread-content-margin:var(--thread-content-margin-sm,calc(var(--spacing)*6))] @w-lg\/main:[--thread-content-margin:var(--thread-content-margin-lg,calc(var(--spacing)*16))] px-(--thread-content-margin)\">\n<div class=\"[--thread-content-max-width:40rem] @w-lg\/main:[--thread-content-max-width:48rem] mx-auto max-w-(--thread-content-max-width) flex-1 group\/turn-messages focus-visible:outline-hidden relative flex w-full min-w-0 flex-col agent-turn\" tabindex=\"-1\">\n<div class=\"flex max-w-full flex-col gap-4 grow\">\n<div class=\"min-h-8 text-message relative flex w-full flex-col items-end gap-2 text-start break-words whitespace-normal [.text-message+&amp;]:mt-1\" dir=\"auto\" data-message-author-role=\"assistant\" data-message-id=\"e8374dd8-02d2-4780-b80b-05660b03a295\" data-message-model-slug=\"gpt-5-3\">\n<div class=\"flex w-full flex-col gap-1 empty:hidden\">\n<div class=\"markdown prose dark:prose-invert w-full wrap-break-word light markdown-new-styling\">\n<p data-start=\"68\" data-end=\"368\">Transformez votre maison en v\u00e9ritable espace de divertissement avec le <strong data-start=\"139\" data-end=\"165\">NDE9 ND-207 Woofer 2.1<\/strong>. Ce syst\u00e8me audio offre un <strong data-start=\"193\" data-end=\"222\">son puissant et \u00e9quilibr\u00e9<\/strong> gr\u00e2ce \u00e0 son <strong data-start=\"235\" data-end=\"293\">subwoofer central et ses deux haut-parleurs satellites<\/strong>, id\u00e9al pour \u00e9couter de la musique, regarder des films ou jouer \u00e0 des jeux.<\/p>\n<p data-start=\"370\" data-end=\"696\">Avec ses <strong data-start=\"379\" data-end=\"445\">multiples options de connexion (Bluetooth, USB, carte SD, AUX)<\/strong>, vous pouvez facilement diffuser votre musique depuis votre smartphone, ordinateur ou cl\u00e9 USB. Le syst\u00e8me dispose \u00e9galement d\u2019une <strong data-start=\"576\" data-end=\"619\">radio FM int\u00e9gr\u00e9e et d\u2019une t\u00e9l\u00e9commande<\/strong> pour un contr\u00f4le simple et pratique.<\/p>\n<hr data-start=\"698\" data-end=\"701\" \/>\n<h1 data-section-id=\"gug16d\" data-start=\"703\" data-end=\"719\">\u2b50 Points forts<\/h1>\n<p data-start=\"721\" data-end=\"1034\">\u2714 \ud83d\udd0a <strong data-start=\"726\" data-end=\"778\">Syst\u00e8me audio 2.1 avec subwoofer et 2 satellites<\/strong><br data-start=\"778\" data-end=\"781\" \/>\u2714 \ud83d\udcf6 <strong data-start=\"786\" data-end=\"831\">Connexion Bluetooth pour musique sans fil<\/strong><br data-start=\"831\" data-end=\"834\" \/>\u2714 \ud83c\udfb6 <strong data-start=\"839\" data-end=\"882\">Lecture via USB, carte SD et entr\u00e9e AUX<\/strong><br data-start=\"882\" data-end=\"885\" \/>\u2714 \ud83d\udcfb <strong data-start=\"890\" data-end=\"911\">Radio FM int\u00e9gr\u00e9e<\/strong><br data-start=\"911\" data-end=\"914\" \/>\u2714 \ud83c\udf9b <strong data-start=\"919\" data-end=\"968\">T\u00e9l\u00e9commande incluse pour contr\u00f4le \u00e0 distance<\/strong><br data-start=\"968\" data-end=\"971\" \/>\u2714 \ud83c\udfac <strong data-start=\"976\" data-end=\"1034\">Id\u00e9al pour films, musique et divertissement \u00e0 domicile<\/strong><\/p>\n<hr data-start=\"1036\" data-end=\"1039\" \/>\n<h1 data-section-id=\"18jifcc\" data-start=\"1041\" data-end=\"1056\">\ud83c\udfa7 Id\u00e9al pour<\/h1>\n<ul data-start=\"1058\" data-end=\"1211\">\n<li data-section-id=\"xt8e9v\" data-start=\"1058\" data-end=\"1086\">\n<p data-start=\"1060\" data-end=\"1086\">Regarder films et s\u00e9ries<\/p>\n<\/li>\n<li data-section-id=\"x9iw20\" data-start=\"1087\" data-end=\"1134\">\n<p data-start=\"1089\" data-end=\"1134\">\u00c9couter de la musique avec basses profondes<\/p>\n<\/li>\n<li data-section-id=\"1l3harb\" data-start=\"1135\" data-end=\"1149\">\n<p data-start=\"1137\" data-end=\"1149\">Jeux vid\u00e9o<\/p>\n<\/li>\n<li data-section-id=\"cnd55o\" data-start=\"1150\" data-end=\"1171\">\n<p data-start=\"1152\" data-end=\"1171\">F\u00eates \u00e0 la maison<\/p>\n<\/li>\n<li data-section-id=\"1ua9faw\" data-start=\"1172\" data-end=\"1211\">\n<p data-start=\"1174\" data-end=\"1211\">Utilisation avec TV, PC ou smartphone<\/p>\n<\/li>\n<\/ul>\n<hr data-start=\"1213\" data-end=\"1216\" \/>\n<h1 data-section-id=\"1gx1fos\" data-start=\"1218\" data-end=\"1238\">\ud83d\udcca Fiche Technique<\/h1>\n<div class=\"TyagGW_tableContainer\">\n<div class=\"group TyagGW_tableWrapper flex flex-col-reverse w-fit\" tabindex=\"-1\">\n<table class=\"w-fit min-w-(--thread-content-width)\" data-start=\"1240\" data-end=\"1653\">\n<thead data-start=\"1240\" data-end=\"1269\">\n<tr data-start=\"1240\" data-end=\"1269\">\n<th class=\"\" data-start=\"1240\" data-end=\"1258\" data-col-size=\"sm\">Caract\u00e9ristique<\/th>\n<th class=\"\" data-start=\"1258\" data-end=\"1269\" data-col-size=\"sm\">D\u00e9tails<\/th>\n<\/tr>\n<\/thead>\n<tbody data-start=\"1280\" data-end=\"1653\">\n<tr data-start=\"1280\" data-end=\"1301\">\n<td data-start=\"1280\" data-end=\"1289\" data-col-size=\"sm\">Marque<\/td>\n<td data-start=\"1289\" data-end=\"1301\" data-col-size=\"sm\"><strong data-start=\"1291\" data-end=\"1299\">NDE9<\/strong><\/td>\n<\/tr>\n<tr data-start=\"1302\" data-end=\"1325\">\n<td data-start=\"1302\" data-end=\"1311\" data-col-size=\"sm\">Mod\u00e8le<\/td>\n<td data-start=\"1311\" data-end=\"1325\" data-col-size=\"sm\"><strong data-start=\"1313\" data-end=\"1323\">ND-207<\/strong><\/td>\n<\/tr>\n<tr data-start=\"1326\" data-end=\"1361\">\n<td data-start=\"1326\" data-end=\"1333\" data-col-size=\"sm\">Type<\/td>\n<td data-start=\"1333\" data-end=\"1361\" data-col-size=\"sm\">Woofer \/ Home cin\u00e9ma 2.1<\/td>\n<\/tr>\n<tr data-start=\"1362\" data-end=\"1400\">\n<td data-start=\"1362\" data-end=\"1374\" data-col-size=\"sm\">Puissance<\/td>\n<td data-start=\"1374\" data-end=\"1400\" data-col-size=\"sm\"><strong data-start=\"1376\" data-end=\"1398\">40 W (20W + 2\u00d710W)<\/strong><\/td>\n<\/tr>\n<tr data-start=\"1401\" data-end=\"1461\">\n<td data-start=\"1401\" data-end=\"1417\" data-col-size=\"sm\">Configuration<\/td>\n<td data-col-size=\"sm\" data-start=\"1417\" data-end=\"1461\">1 subwoofer + 2 haut-parleurs satellites<\/td>\n<\/tr>\n<tr data-start=\"1462\" data-end=\"1510\">\n<td data-start=\"1462\" data-end=\"1477\" data-col-size=\"sm\">Connectivit\u00e9<\/td>\n<td data-start=\"1477\" data-end=\"1510\" data-col-size=\"sm\">Bluetooth, USB, Carte SD, AUX<\/td>\n<\/tr>\n<tr data-start=\"1511\" data-end=\"1543\">\n<td data-start=\"1511\" data-end=\"1528\" data-col-size=\"sm\">Fonction radio<\/td>\n<td data-start=\"1528\" data-end=\"1543\" data-col-size=\"sm\">FM int\u00e9gr\u00e9e<\/td>\n<\/tr>\n<tr data-start=\"1544\" data-end=\"1579\">\n<td data-start=\"1544\" data-end=\"1555\" data-col-size=\"sm\">Contr\u00f4le<\/td>\n<td data-start=\"1555\" data-end=\"1579\" data-col-size=\"sm\">T\u00e9l\u00e9commande incluse<\/td>\n<\/tr>\n<tr data-start=\"1580\" data-end=\"1634\">\n<td data-start=\"1580\" data-end=\"1596\" data-col-size=\"sm\">Compatibilit\u00e9<\/td>\n<td data-start=\"1596\" data-end=\"1634\" data-col-size=\"sm\">TV, smartphone, PC, lecteurs audio<\/td>\n<\/tr>\n<tr data-start=\"1635\" data-end=\"1653\">\n<td data-start=\"1635\" data-end=\"1645\" data-col-size=\"sm\">Couleur<\/td>\n<td data-start=\"1645\" data-end=\"1653\" data-col-size=\"sm\">Noir<\/td>\n<\/tr>\n<\/tbody>\n<\/table>\n<\/div>\n<\/div>\n<p data-start=\"1655\" data-end=\"1856\">Le mod\u00e8le <strong data-start=\"1665\" data-end=\"1675\">ND-207<\/strong> est un syst\u00e8me audio 2.1 avec <strong data-start=\"1706\" data-end=\"1746\">subwoofer central et deux satellites<\/strong>, offrant plusieurs modes de lecture comme Bluetooth, USB ou carte SD.<\/p>\n<hr data-start=\"1858\" data-end=\"1861\" \/>\n<h1 data-section-id=\"6f7tr2\" data-start=\"1863\" data-end=\"1884\">\ud83d\udce6 Contenu du colis<\/h1>\n<ul data-start=\"1886\" data-end=\"2029\">\n<li data-section-id=\"2vrpns\" data-start=\"1886\" data-end=\"1919\">\n<p data-start=\"1888\" data-end=\"1919\">1 \u00d7 <strong data-start=\"1892\" data-end=\"1917\">Subwoofer NDE9 ND-207<\/strong><\/p>\n<\/li>\n<li data-section-id=\"i9m6xq\" data-start=\"1920\" data-end=\"1952\">\n<p data-start=\"1922\" data-end=\"1952\">2 \u00d7 Haut-parleurs satellites<\/p>\n<\/li>\n<li data-section-id=\"1aam6fo\" data-start=\"1953\" data-end=\"1973\">\n<p data-start=\"1955\" data-end=\"1973\">1 \u00d7 T\u00e9l\u00e9commande<\/p>\n<\/li>\n<li data-section-id=\"qk0cxo\" data-start=\"1974\" data-end=\"2000\">\n<p data-start=\"1976\" data-end=\"2000\">1 \u00d7 C\u00e2ble de connexion<\/p>\n<\/li>\n<li data-section-id=\"euolri\" data-start=\"2001\" data-end=\"2029\">\n<p data-start=\"2003\" data-end=\"2029\">1 \u00d7 Manuel d\u2019utilisation<\/p>\n<\/li>\n<\/ul>\n<hr data-start=\"2105\" data-end=\"2108\" \/>\n<p data-start=\"2110\" data-end=\"2251\">\ud83d\udd25 <strong data-start=\"2113\" data-end=\"2188\">Profitez d\u2019un son puissant et immersif pour vos films et votre musique.<\/strong><br data-start=\"2188\" data-end=\"2191\" \/><strong data-start=\"2191\" data-end=\"2246\">Commandez d\u00e8s maintenant votre NDE9 ND-207 Woofer !<\/strong> \ud83d\udd0a\ud83c\udfb6<\/p>\n<\/div>\n<\/div>\n<\/div>\n<\/div>\n<div class=\"z-0 flex min-h-[46px] justify-start\"><\/div>\n<div class=\"mt-3 w-full empty:hidden\">\n<div class=\"text-center\"><\/div>\n<\/div>\n<\/div>\n<\/div>\n<\/article>\n<\/div>\n<div class=\"pointer-events-none h-px w-px absolute bottom-0\" aria-hidden=\"true\" data-edge=\"true\"><\/div>\n","protected":false},"excerpt":{"rendered":"<p>Transformez votre maison en v\u00e9ritable espace de divertissement avec le NDE9 ND-207 Woofer 2.1. Ce syst\u00e8me audio offre un son puissant et \u00e9quilibr\u00e9 gr\u00e2ce \u00e0 son subwoofer central et ses deux haut-parleurs satellites, id\u00e9al pour \u00e9couter de la musique, regarder des films ou jouer \u00e0 des jeux. Avec ses multiples options de connexion (Bluetooth, USB,&hellip;<\/p>\n","protected":false},"featured_media":16343,"comment_status":"open","ping_status":"closed","template":"","meta":[],"product_cat":[92],"product_tag":[],"class_list":{"0":"post-16341","1":"product","2":"type-product","3":"status-publish","4":"has-post-thumbnail","6":"product_cat-audio","8":"first","9":"instock","10":"sale","11":"shipping-taxable","12":"purchasable","13":"product-type-simple","14":"col-xs-6 col-sm-4","15":"col-md-3 col-lg-3","16":"un-4-cols"},"_links":{"self":[{"href":"https:\/\/www.vazy.market\/index.php\/wp-json\/wp\/v2\/product\/16341","targetHints":{"allow":["GET"]}}],"collection":[{"href":"https:\/\/www.vazy.market\/index.php\/wp-json\/wp\/v2\/product"}],"about":[{"href":"https:\/\/www.vazy.market\/index.php\/wp-json\/wp\/v2\/types\/product"}],"replies":[{"embeddable":true,"href":"https:\/\/www.vazy.market\/index.php\/wp-json\/wp\/v2\/comments?post=16341"}],"wp:featuredmedia":[{"embeddable":true,"href":"https:\/\/www.vazy.market\/index.php\/wp-json\/wp\/v2\/media\/16343"}],"wp:attachment":[{"href":"https:\/\/www.vazy.market\/index.php\/wp-json\/wp\/v2\/media?parent=16341"}],"wp:term":[{"taxonomy":"product_cat","embeddable":true,"href":"https:\/\/www.vazy.market\/index.php\/wp-json\/wp\/v2\/product_cat?post=16341"},{"taxonomy":"product_tag","embeddable":true,"href":"https:\/\/www.vazy.market\/index.php\/wp-json\/wp\/v2\/product_tag?post=16341"}],"curies":[{"name":"wp","href":"https:\/\/api.w.org\/{rel}","templated":true}]}}