{"id":16330,"date":"2026-03-10T17:27:02","date_gmt":"2026-03-10T17:27:02","guid":{"rendered":"https:\/\/www.vazy.market\/?post_type=product&#038;p=16330"},"modified":"2026-03-25T10:33:32","modified_gmt":"2026-03-25T10:33:32","slug":"smart-led-tv-samsung-lg","status":"publish","type":"product","link":"https:\/\/www.vazy.market\/index.php\/product\/smart-led-tv-samsung-lg\/","title":{"rendered":"\ud83d\udcfa Smart LED TV \u2013 SAMSUNG \/ LG"},"content":{"rendered":"<div class=\"flex h-svh w-screen flex-col\">\n<div class=\"relative z-0 flex min-h-0 w-full flex-1\">\n<div class=\"relative flex min-h-0 w-full flex-1\">\n<div class=\"@container\/main relative flex min-w-0 flex-1 flex-col -translate-y-[calc(env(safe-area-inset-bottom,0px)\/2)] pt-[calc(env(safe-area-inset-bottom,0px)\/2)]\">\n<div class=\"@w-sm\/main:[scrollbar-gutter:stable_both-edges] touch:[scrollbar-width:none] relative flex min-h-0 min-w-0 flex-1 flex-col [scrollbar-gutter:stable] not-print:overflow-x-clip not-print:overflow-y-auto scroll-pt-(--header-height) [--sticky-padding-top:var(--header-height)] has-data-[fixed-header=less-than-xl]:@w-xl\/main:scroll-pt-0 has-data-[fixed-header=less-than-xl]:@w-xl\/main:[--sticky-padding-top:0px] has-data-[fixed-header=less-than-xxl]:@w-2xl\/main:scroll-pt-0 has-data-[fixed-header=less-than-xxl]:@w-2xl\/main:[--sticky-padding-top:0px]\" data-scroll-root=\"\">\n<p>&nbsp;<\/p>\n<div id=\"thread\" class=\"group\/thread flex flex-col min-h-full\">\n<div class=\"composer-parent flex flex-1 flex-col focus-visible:outline-0\" role=\"presentation\">\n<div class=\"relative basis-auto flex-col -mb-(--composer-overlap-px) [--composer-overlap-px:28px] grow flex\">\n<div class=\"flex flex-col text-sm pb-25\">\n<article class=\"text-token-text-primary w-full focus:outline-none [--shadow-height:45px] has-data-writing-block:pointer-events-none has-data-writing-block:-mt-(--shadow-height) has-data-writing-block:pt-(--shadow-height) [&amp;:has([data-writing-block])&gt;*]:pointer-events-auto scroll-mt-[calc(var(--header-height)+min(200px,max(70px,20svh)))]\" dir=\"auto\" tabindex=\"-1\" data-turn-id=\"request-69add934-1d50-8332-91d7-d97a2ee2331f-4\" data-testid=\"conversation-turn-70\" data-scroll-anchor=\"true\" data-turn=\"assistant\">\n<div class=\"text-base my-auto mx-auto pb-10 [--thread-content-margin:var(--thread-content-margin-xs,calc(var(--spacing)*4))] @w-sm\/main:[--thread-content-margin:var(--thread-content-margin-sm,calc(var(--spacing)*6))] @w-lg\/main:[--thread-content-margin:var(--thread-content-margin-lg,calc(var(--spacing)*16))] px-(--thread-content-margin)\">\n<div class=\"[--thread-content-max-width:40rem] @w-lg\/main:[--thread-content-max-width:48rem] mx-auto max-w-(--thread-content-max-width) flex-1 group\/turn-messages focus-visible:outline-hidden relative flex w-full min-w-0 flex-col agent-turn\" tabindex=\"-1\">\n<div class=\"flex max-w-full flex-col gap-4 grow\">\n<div class=\"min-h-8 text-message relative flex w-full flex-col items-end gap-2 text-start break-words whitespace-normal [.text-message+&amp;]:mt-1\" dir=\"auto\" data-message-author-role=\"assistant\" data-message-id=\"d6879522-5d43-44e8-ad0b-24233923f991\" data-message-model-slug=\"gpt-5-3\">\n<div class=\"flex w-full flex-col gap-1 empty:hidden\">\n<div class=\"markdown prose dark:prose-invert w-full wrap-break-word light markdown-new-styling\">\n<p data-start=\"57\" data-end=\"395\">Profitez d\u2019une <strong data-start=\"72\" data-end=\"105\">exp\u00e9rience visuelle immersive<\/strong> avec les <strong data-start=\"115\" data-end=\"145\">Smart LED TV SAMSUNG ou LG<\/strong> disponibles en <strong data-start=\"161\" data-end=\"198\">32 pouces, 45 pouces et 55 pouces<\/strong>. Con\u00e7us pour offrir une <strong data-start=\"223\" data-end=\"264\">image nette et des couleurs vibrantes<\/strong>, ces t\u00e9l\u00e9viseurs intelligents permettent de regarder vos films, s\u00e9ries et programmes pr\u00e9f\u00e9r\u00e9s avec une excellente qualit\u00e9 d\u2019image.<\/p>\n<p data-start=\"397\" data-end=\"756\">Gr\u00e2ce \u00e0 la <strong data-start=\"408\" data-end=\"436\">connexion Wi-Fi int\u00e9gr\u00e9e<\/strong>, vous pouvez acc\u00e9der directement \u00e0 vos plateformes de streaming comme <strong data-start=\"507\" data-end=\"561\">YouTube, Netflix et d\u2019autres applications Smart TV<\/strong>. Les t\u00e9l\u00e9viseurs Smart LED modernes int\u00e8grent g\u00e9n\u00e9ralement <strong data-start=\"621\" data-end=\"649\">Wi-Fi, ports HDMI et USB<\/strong> pour connecter plusieurs appareils comme consoles de jeux ou box TV.<\/p>\n<hr data-start=\"758\" data-end=\"761\" \/>\n<h1 data-section-id=\"gug16d\" data-start=\"763\" data-end=\"779\">\u2b50 Points forts<\/h1>\n<p data-start=\"781\" data-end=\"1113\">\u2714 \ud83d\udcfa <strong data-start=\"786\" data-end=\"819\">Disponible en 32&Prime;, 45&Prime; et 55&Prime;<\/strong><br data-start=\"819\" data-end=\"822\" \/>\u2714 \ud83c\udf08 <strong data-start=\"827\" data-end=\"885\">Images claires avec r\u00e9solution HD \/ 4K selon la taille<\/strong><br data-start=\"885\" data-end=\"888\" \/>\u2714 \ud83d\udcf6 <strong data-start=\"893\" data-end=\"939\">Connexion Wi-Fi pour Smart TV et streaming<\/strong><br data-start=\"939\" data-end=\"942\" \/>\u2714 \ud83c\udfac <strong data-start=\"947\" data-end=\"998\">Acc\u00e8s aux applications : YouTube, Netflix, etc.<\/strong><br data-start=\"998\" data-end=\"1001\" \/>\u2714 \ud83d\udd0c <strong data-start=\"1006\" data-end=\"1062\">Ports HDMI et USB pour connecter plusieurs appareils<\/strong><br data-start=\"1062\" data-end=\"1065\" \/>\u2714 \ud83c\udfae <strong data-start=\"1070\" data-end=\"1113\">Parfait pour films, sport et jeux vid\u00e9o<\/strong><\/p>\n<hr data-start=\"1115\" data-end=\"1118\" \/>\n<h1 data-section-id=\"1uvpa2v\" data-start=\"1120\" data-end=\"1135\">\ud83c\udfac Id\u00e9al pour<\/h1>\n<ul data-start=\"1137\" data-end=\"1277\">\n<li data-section-id=\"1tethyj\" data-start=\"1137\" data-end=\"1173\">\n<p data-start=\"1139\" data-end=\"1173\">Salon et divertissement familial<\/p>\n<\/li>\n<li data-section-id=\"1ne0npq\" data-start=\"1174\" data-end=\"1206\">\n<p data-start=\"1176\" data-end=\"1206\">Streaming de films et s\u00e9ries<\/p>\n<\/li>\n<li data-section-id=\"1l3harb\" data-start=\"1207\" data-end=\"1221\">\n<p data-start=\"1209\" data-end=\"1221\">Jeux vid\u00e9o<\/p>\n<\/li>\n<li data-section-id=\"a2xmus\" data-start=\"1222\" data-end=\"1245\">\n<p data-start=\"1224\" data-end=\"1245\">Chambres et bureaux<\/p>\n<\/li>\n<li data-section-id=\"scpxrj\" data-start=\"1246\" data-end=\"1277\">\n<p data-start=\"1248\" data-end=\"1277\">H\u00f4tels ou espaces commerciaux<\/p>\n<\/li>\n<\/ul>\n<hr data-start=\"1279\" data-end=\"1282\" \/>\n<h1 data-section-id=\"1gx1fos\" data-start=\"1284\" data-end=\"1304\">\ud83d\udcca Fiche Technique<\/h1>\n<div class=\"TyagGW_tableContainer\">\n<div class=\"group TyagGW_tableWrapper flex flex-col-reverse w-fit\" tabindex=\"-1\">\n<table class=\"w-fit min-w-(--thread-content-width)\" data-start=\"1306\" data-end=\"1755\">\n<thead data-start=\"1306\" data-end=\"1335\">\n<tr data-start=\"1306\" data-end=\"1335\">\n<th class=\"\" data-start=\"1306\" data-end=\"1324\" data-col-size=\"sm\">Caract\u00e9ristique<\/th>\n<th class=\"\" data-start=\"1324\" data-end=\"1335\" data-col-size=\"sm\">D\u00e9tails<\/th>\n<\/tr>\n<\/thead>\n<tbody data-start=\"1346\" data-end=\"1755\">\n<tr data-start=\"1346\" data-end=\"1388\">\n<td data-start=\"1346\" data-end=\"1368\" data-col-size=\"sm\">Marques disponibles<\/td>\n<td data-start=\"1368\" data-end=\"1388\" data-col-size=\"sm\"><strong data-start=\"1370\" data-end=\"1386\">SAMSUNG \/ LG<\/strong><\/td>\n<\/tr>\n<tr data-start=\"1389\" data-end=\"1452\">\n<td data-start=\"1389\" data-end=\"1411\" data-col-size=\"sm\">Tailles disponibles<\/td>\n<td data-start=\"1411\" data-end=\"1452\" data-col-size=\"sm\"><strong data-start=\"1413\" data-end=\"1450\">32 pouces \/ 45 pouces \/ 55 pouces<\/strong><\/td>\n<\/tr>\n<tr data-start=\"1453\" data-end=\"1484\">\n<td data-start=\"1453\" data-end=\"1468\" data-col-size=\"sm\">Type d\u2019\u00e9cran<\/td>\n<td data-start=\"1468\" data-end=\"1484\" data-col-size=\"sm\">LED Smart TV<\/td>\n<\/tr>\n<tr data-start=\"1485\" data-end=\"1532\">\n<td data-start=\"1485\" data-end=\"1498\" data-col-size=\"sm\">R\u00e9solution<\/td>\n<td data-start=\"1498\" data-end=\"1532\" data-col-size=\"sm\">HD \/ Full HD \/ 4K selon mod\u00e8le<\/td>\n<\/tr>\n<tr data-start=\"1533\" data-end=\"1568\">\n<td data-start=\"1533\" data-end=\"1548\" data-col-size=\"sm\">Connectivit\u00e9<\/td>\n<td data-start=\"1548\" data-end=\"1568\" data-col-size=\"sm\">Wi-Fi, HDMI, USB<\/td>\n<\/tr>\n<tr data-start=\"1569\" data-end=\"1609\">\n<td data-start=\"1569\" data-end=\"1582\" data-col-size=\"sm\">Interfaces<\/td>\n<td data-start=\"1582\" data-end=\"1609\" data-col-size=\"sm\">HDMI, USB, RJ45, RF, AV<\/td>\n<\/tr>\n<tr data-start=\"1610\" data-end=\"1656\">\n<td data-start=\"1610\" data-end=\"1625\" data-col-size=\"sm\">Applications<\/td>\n<td data-start=\"1625\" data-end=\"1656\" data-col-size=\"sm\">YouTube, Netflix, streaming<\/td>\n<\/tr>\n<tr data-start=\"1657\" data-end=\"1681\">\n<td data-start=\"1657\" data-end=\"1669\" data-col-size=\"sm\">Fr\u00e9quence<\/td>\n<td data-start=\"1669\" data-end=\"1681\" data-col-size=\"sm\">50\u201360 Hz<\/td>\n<\/tr>\n<tr data-start=\"1682\" data-end=\"1700\">\n<td data-start=\"1682\" data-end=\"1692\" data-col-size=\"sm\">Couleur<\/td>\n<td data-start=\"1692\" data-end=\"1700\" data-col-size=\"sm\">Noir<\/td>\n<\/tr>\n<tr data-start=\"1701\" data-end=\"1755\">\n<td data-start=\"1701\" data-end=\"1716\" data-col-size=\"sm\">Installation<\/td>\n<td data-start=\"1716\" data-end=\"1755\" data-col-size=\"sm\">Support de table ou fixation murale<\/td>\n<\/tr>\n<\/tbody>\n<\/table>\n<\/div>\n<\/div>\n<p data-start=\"1757\" data-end=\"1963\">Certaines versions 55 pouces offrent une <strong data-start=\"1798\" data-end=\"1838\">r\u00e9solution 4K Ultra HD (3840 \u00d7 2160)<\/strong> avec plusieurs interfaces comme HDMI, USB et RJ45 pour connecter diff\u00e9rents appareils.<\/p>\n<hr data-start=\"1965\" data-end=\"1968\" \/>\n<h1 data-section-id=\"6f7tr2\" data-start=\"1970\" data-end=\"1991\">\ud83d\udce6 Contenu du colis<\/h1>\n<ul data-start=\"1993\" data-end=\"2136\">\n<li data-section-id=\"bpu4c8\" data-start=\"1993\" data-end=\"2033\">\n<p data-start=\"1995\" data-end=\"2033\">1 \u00d7 <strong data-start=\"1999\" data-end=\"2031\">Smart LED TV (SAMSUNG ou LG)<\/strong><\/p>\n<\/li>\n<li data-section-id=\"1aam6fo\" data-start=\"2034\" data-end=\"2054\">\n<p data-start=\"2036\" data-end=\"2054\">1 \u00d7 T\u00e9l\u00e9commande<\/p>\n<\/li>\n<li data-section-id=\"lrft88\" data-start=\"2055\" data-end=\"2078\">\n<p data-start=\"2057\" data-end=\"2078\">1 \u00d7 Support de pied<\/p>\n<\/li>\n<li data-section-id=\"ax7c2a\" data-start=\"2079\" data-end=\"2107\">\n<p data-start=\"2081\" data-end=\"2107\">1 \u00d7 C\u00e2ble d\u2019alimentation<\/p>\n<\/li>\n<li data-section-id=\"euolri\" data-start=\"2108\" data-end=\"2136\">\n<p data-start=\"2110\" data-end=\"2136\">1 \u00d7 Manuel d\u2019utilisation<\/p>\n<\/li>\n<\/ul>\n<hr data-start=\"2277\" data-end=\"2280\" \/>\n<p data-start=\"2282\" data-end=\"2442\">\ud83d\udd25 <strong data-start=\"2285\" data-end=\"2375\">Un t\u00e9l\u00e9viseur intelligent pour transformer votre salon en v\u00e9ritable cin\u00e9ma \u00e0 domicile.<\/strong><br data-start=\"2375\" data-end=\"2378\" \/><strong data-start=\"2378\" data-end=\"2437\">Commandez d\u00e8s maintenant votre Smart TV SAMSUNG ou LG !<\/strong> \ud83d\udcfa\ud83c\udfac<\/p>\n<\/div>\n<\/div>\n<\/div>\n<\/div>\n<\/div>\n<\/div>\n<\/article>\n<\/div>\n<\/div>\n<\/div>\n<\/div>\n<p>&nbsp;<\/p>\n<\/div>\n<\/div>\n<\/div>\n<\/div>\n<\/div>\n","protected":false},"excerpt":{"rendered":"<p>&nbsp; Profitez d\u2019une exp\u00e9rience visuelle immersive avec les Smart LED TV SAMSUNG ou LG disponibles en 32 pouces, 45 pouces et 55 pouces. Con\u00e7us pour offrir une image nette et des couleurs vibrantes, ces t\u00e9l\u00e9viseurs intelligents permettent de regarder vos films, s\u00e9ries et programmes pr\u00e9f\u00e9r\u00e9s avec une excellente qualit\u00e9 d\u2019image. Gr\u00e2ce \u00e0 la connexion Wi-Fi&hellip;<\/p>\n","protected":false},"featured_media":16332,"comment_status":"open","ping_status":"closed","template":"","meta":[],"product_cat":[91],"product_tag":[],"class_list":{"0":"post-16330","1":"product","2":"type-product","3":"status-publish","4":"has-post-thumbnail","6":"product_cat-tv-smart-tv","8":"first","9":"instock","10":"sale","11":"shipping-taxable","12":"purchasable","13":"product-type-variable","14":"col-xs-6 col-sm-4","15":"col-md-3 col-lg-3","16":"un-4-cols"},"_links":{"self":[{"href":"https:\/\/www.vazy.market\/index.php\/wp-json\/wp\/v2\/product\/16330","targetHints":{"allow":["GET"]}}],"collection":[{"href":"https:\/\/www.vazy.market\/index.php\/wp-json\/wp\/v2\/product"}],"about":[{"href":"https:\/\/www.vazy.market\/index.php\/wp-json\/wp\/v2\/types\/product"}],"replies":[{"embeddable":true,"href":"https:\/\/www.vazy.market\/index.php\/wp-json\/wp\/v2\/comments?post=16330"}],"wp:featuredmedia":[{"embeddable":true,"href":"https:\/\/www.vazy.market\/index.php\/wp-json\/wp\/v2\/media\/16332"}],"wp:attachment":[{"href":"https:\/\/www.vazy.market\/index.php\/wp-json\/wp\/v2\/media?parent=16330"}],"wp:term":[{"taxonomy":"product_cat","embeddable":true,"href":"https:\/\/www.vazy.market\/index.php\/wp-json\/wp\/v2\/product_cat?post=16330"},{"taxonomy":"product_tag","embeddable":true,"href":"https:\/\/www.vazy.market\/index.php\/wp-json\/wp\/v2\/product_tag?post=16330"}],"curies":[{"name":"wp","href":"https:\/\/api.w.org\/{rel}","templated":true}]}}