{"id":16325,"date":"2026-03-10T16:53:40","date_gmt":"2026-03-10T16:53:40","guid":{"rendered":"https:\/\/www.vazy.market\/?post_type=product&#038;p=16325"},"modified":"2026-03-25T10:33:49","modified_gmt":"2026-03-25T10:33:49","slug":"jiepak-home-cinema-3-1-jp-c1-systeme-audio-bluetooth-avec-subwoofer","status":"publish","type":"product","link":"https:\/\/www.vazy.market\/index.php\/product\/jiepak-home-cinema-3-1-jp-c1-systeme-audio-bluetooth-avec-subwoofer\/","title":{"rendered":"\ud83d\udd0a Jiepak Home Cinema 3.1 \u2013 JP-C1 | Syst\u00e8me Audio Bluetooth avec Subwoofer"},"content":{"rendered":"<div class=\"flex h-svh w-screen flex-col\">\n<div class=\"relative z-0 flex min-h-0 w-full flex-1\">\n<div class=\"relative flex min-h-0 w-full flex-1\">\n<div class=\"@container\/main relative flex min-w-0 flex-1 flex-col -translate-y-[calc(env(safe-area-inset-bottom,0px)\/2)] pt-[calc(env(safe-area-inset-bottom,0px)\/2)]\">\n<div class=\"@w-sm\/main:[scrollbar-gutter:stable_both-edges] touch:[scrollbar-width:none] relative flex min-h-0 min-w-0 flex-1 flex-col [scrollbar-gutter:stable] not-print:overflow-x-clip not-print:overflow-y-auto scroll-pt-(--header-height) [--sticky-padding-top:var(--header-height)] has-data-[fixed-header=less-than-xl]:@w-xl\/main:scroll-pt-0 has-data-[fixed-header=less-than-xl]:@w-xl\/main:[--sticky-padding-top:0px] has-data-[fixed-header=less-than-xxl]:@w-2xl\/main:scroll-pt-0 has-data-[fixed-header=less-than-xxl]:@w-2xl\/main:[--sticky-padding-top:0px]\" data-scroll-root=\"\"><main id=\"main\" class=\"min-h-0 flex-1\"><\/p>\n<div id=\"thread\" class=\"group\/thread flex flex-col min-h-full\">\n<div class=\"composer-parent flex flex-1 flex-col focus-visible:outline-0\" role=\"presentation\">\n<div class=\"relative basis-auto flex-col -mb-(--composer-overlap-px) [--composer-overlap-px:28px] grow flex\">\n<div class=\"flex flex-col text-sm pb-25\">\n<article class=\"text-token-text-primary w-full focus:outline-none [--shadow-height:45px] has-data-writing-block:pointer-events-none has-data-writing-block:-mt-(--shadow-height) has-data-writing-block:pt-(--shadow-height) [&amp;:has([data-writing-block])&gt;*]:pointer-events-auto scroll-mt-[calc(var(--header-height)+min(200px,max(70px,20svh)))]\" dir=\"auto\" tabindex=\"-1\" data-turn-id=\"request-69add934-1d50-8332-91d7-d97a2ee2331f-2\" data-testid=\"conversation-turn-66\" data-scroll-anchor=\"true\" data-turn=\"assistant\">\n<div class=\"text-base my-auto mx-auto pb-10 [--thread-content-margin:var(--thread-content-margin-xs,calc(var(--spacing)*4))] @w-sm\/main:[--thread-content-margin:var(--thread-content-margin-sm,calc(var(--spacing)*6))] @w-lg\/main:[--thread-content-margin:var(--thread-content-margin-lg,calc(var(--spacing)*16))] px-(--thread-content-margin)\">\n<div class=\"[--thread-content-max-width:40rem] @w-lg\/main:[--thread-content-max-width:48rem] mx-auto max-w-(--thread-content-max-width) flex-1 group\/turn-messages focus-visible:outline-hidden relative flex w-full min-w-0 flex-col agent-turn\" tabindex=\"-1\">\n<div class=\"flex max-w-full flex-col gap-4 grow\">\n<div class=\"min-h-8 text-message relative flex w-full flex-col items-end gap-2 text-start break-words whitespace-normal [.text-message+&amp;]:mt-1\" dir=\"auto\" data-message-author-role=\"assistant\" data-message-id=\"1bb3a78a-4267-4c64-bd75-c105cf96a3fb\" data-message-model-slug=\"gpt-5-3\">\n<div class=\"flex w-full flex-col gap-1 empty:hidden\">\n<div class=\"markdown prose dark:prose-invert w-full wrap-break-word light markdown-new-styling\">\n<p data-start=\"83\" data-end=\"321\">Transformez votre salon en <strong data-start=\"110\" data-end=\"139\">v\u00e9ritable salle de cin\u00e9ma<\/strong> avec le <strong data-start=\"148\" data-end=\"180\">Jiepak Home Cinema 3.1 JP-C1<\/strong>. Ce syst\u00e8me audio offre un <strong data-start=\"208\" data-end=\"246\">son puissant avec basses profondes<\/strong>, id\u00e9al pour regarder des films, \u00e9couter de la musique ou jouer \u00e0 des jeux.<\/p>\n<p data-start=\"323\" data-end=\"640\">Gr\u00e2ce \u00e0 sa <strong data-start=\"334\" data-end=\"392\">configuration 3.1 canaux (3 haut-parleurs + subwoofer)<\/strong>, le syst\u00e8me diffuse un son \u00e9quilibr\u00e9 et immersif dans toute la pi\u00e8ce. Il peut se connecter facilement \u00e0 votre <strong data-start=\"503\" data-end=\"599\">t\u00e9l\u00e9viseur, smartphone, ordinateur ou lecteur multim\u00e9dia via Bluetooth, USB ou carte m\u00e9moire<\/strong>.<\/p>\n<hr data-start=\"642\" data-end=\"645\" \/>\n<h1 data-section-id=\"gug16d\" data-start=\"647\" data-end=\"663\">\u2b50 Points forts<\/h1>\n<p data-start=\"665\" data-end=\"975\">\u2714 \ud83d\udd0a <strong data-start=\"670\" data-end=\"722\">Syst\u00e8me audio 3.1 canaux avec subwoofer puissant<\/strong><br data-start=\"722\" data-end=\"725\" \/>\u2714 \ud83d\udcf6 <strong data-start=\"730\" data-end=\"777\">Connexion Bluetooth pour diffusion sans fil<\/strong><br data-start=\"777\" data-end=\"780\" \/>\u2714 \ud83c\udfb6 <strong data-start=\"785\" data-end=\"821\">Lecture via USB, carte SD et MP3<\/strong><br data-start=\"821\" data-end=\"824\" \/>\u2714 \ud83d\udcfb <strong data-start=\"829\" data-end=\"850\">Radio FM int\u00e9gr\u00e9e<\/strong><br data-start=\"850\" data-end=\"853\" \/>\u2714 \ud83c\udf9b <strong data-start=\"858\" data-end=\"907\">T\u00e9l\u00e9commande incluse pour contr\u00f4le \u00e0 distance<\/strong><br data-start=\"907\" data-end=\"910\" \/>\u2714 \ud83c\udfac <strong data-start=\"915\" data-end=\"975\">Parfait pour films, musique et divertissement \u00e0 domicile<\/strong><\/p>\n<hr data-start=\"977\" data-end=\"980\" \/>\n<h1 data-section-id=\"1uvpa2v\" data-start=\"982\" data-end=\"997\">\ud83c\udfac Id\u00e9al pour<\/h1>\n<ul data-start=\"999\" data-end=\"1157\">\n<li data-section-id=\"y7rqy1\" data-start=\"999\" data-end=\"1030\">\n<p data-start=\"1001\" data-end=\"1030\">Films et s\u00e9ries \u00e0 la maison<\/p>\n<\/li>\n<li data-section-id=\"8zfdpz\" data-start=\"1031\" data-end=\"1074\">\n<p data-start=\"1033\" data-end=\"1074\">\u00c9coute de musique avec basses profondes<\/p>\n<\/li>\n<li data-section-id=\"1l3harb\" data-start=\"1075\" data-end=\"1089\">\n<p data-start=\"1077\" data-end=\"1089\">Jeux vid\u00e9o<\/p>\n<\/li>\n<li data-section-id=\"qbi51v\" data-start=\"1090\" data-end=\"1121\">\n<p data-start=\"1092\" data-end=\"1121\">Petites f\u00eates ou animations<\/p>\n<\/li>\n<li data-section-id=\"x9box3\" data-start=\"1122\" data-end=\"1157\">\n<p data-start=\"1124\" data-end=\"1157\">Utilisation avec TV ou smartphone<\/p>\n<\/li>\n<\/ul>\n<hr data-start=\"1159\" data-end=\"1162\" \/>\n<h1 data-section-id=\"1gx1fos\" data-start=\"1164\" data-end=\"1184\">\ud83d\udcca Fiche Technique<\/h1>\n<div class=\"TyagGW_tableContainer\">\n<div class=\"group TyagGW_tableWrapper flex flex-col-reverse w-fit\" tabindex=\"-1\">\n<table class=\"w-fit min-w-(--thread-content-width)\" data-start=\"1186\" data-end=\"1582\">\n<thead data-start=\"1186\" data-end=\"1215\">\n<tr data-start=\"1186\" data-end=\"1215\">\n<th class=\"\" data-start=\"1186\" data-end=\"1204\" data-col-size=\"sm\">Caract\u00e9ristique<\/th>\n<th class=\"\" data-start=\"1204\" data-end=\"1215\" data-col-size=\"sm\">D\u00e9tails<\/th>\n<\/tr>\n<\/thead>\n<tbody data-start=\"1226\" data-end=\"1582\">\n<tr data-start=\"1226\" data-end=\"1245\">\n<td data-start=\"1226\" data-end=\"1235\" data-col-size=\"sm\">Marque<\/td>\n<td data-start=\"1235\" data-end=\"1245\" data-col-size=\"sm\">Jiepak<\/td>\n<\/tr>\n<tr data-start=\"1246\" data-end=\"1268\">\n<td data-start=\"1246\" data-end=\"1255\" data-col-size=\"sm\">Mod\u00e8le<\/td>\n<td data-start=\"1255\" data-end=\"1268\" data-col-size=\"sm\"><strong data-start=\"1257\" data-end=\"1266\">JP-C1<\/strong><\/td>\n<\/tr>\n<tr data-start=\"1269\" data-end=\"1302\">\n<td data-start=\"1269\" data-end=\"1276\" data-col-size=\"sm\">Type<\/td>\n<td data-start=\"1276\" data-end=\"1302\" data-col-size=\"sm\">Home cin\u00e9ma 3.1 canaux<\/td>\n<\/tr>\n<tr data-start=\"1303\" data-end=\"1350\">\n<td data-start=\"1303\" data-end=\"1319\" data-col-size=\"sm\">Configuration<\/td>\n<td data-start=\"1319\" data-end=\"1350\" data-col-size=\"sm\">3 haut-parleurs + subwoofer<\/td>\n<\/tr>\n<tr data-start=\"1351\" data-end=\"1394\">\n<td data-start=\"1351\" data-end=\"1366\" data-col-size=\"sm\">Connectivit\u00e9<\/td>\n<td data-start=\"1366\" data-end=\"1394\" data-col-size=\"sm\">Bluetooth, USB, Carte SD<\/td>\n<\/tr>\n<tr data-start=\"1395\" data-end=\"1427\">\n<td data-start=\"1395\" data-end=\"1412\" data-col-size=\"sm\">Fonction radio<\/td>\n<td data-start=\"1412\" data-end=\"1427\" data-col-size=\"sm\">FM int\u00e9gr\u00e9e<\/td>\n<\/tr>\n<tr data-start=\"1428\" data-end=\"1484\">\n<td data-start=\"1428\" data-end=\"1446\" data-col-size=\"sm\">Puissance audio<\/td>\n<td data-start=\"1446\" data-end=\"1484\" data-col-size=\"sm\">Jusqu\u2019\u00e0 <strong data-start=\"1456\" data-end=\"1466\">3000 W<\/strong> (selon version)<\/td>\n<\/tr>\n<tr data-start=\"1485\" data-end=\"1531\">\n<td data-start=\"1485\" data-end=\"1501\" data-col-size=\"sm\">Compatibilit\u00e9<\/td>\n<td data-start=\"1501\" data-end=\"1531\" data-col-size=\"sm\">TV, smartphone, ordinateur<\/td>\n<\/tr>\n<tr data-start=\"1532\" data-end=\"1563\">\n<td data-start=\"1532\" data-end=\"1547\" data-col-size=\"sm\">Alimentation<\/td>\n<td data-col-size=\"sm\" data-start=\"1547\" data-end=\"1563\">AC 220-240 V<\/td>\n<\/tr>\n<tr data-start=\"1564\" data-end=\"1582\">\n<td data-start=\"1564\" data-end=\"1574\" data-col-size=\"sm\">Couleur<\/td>\n<td data-start=\"1574\" data-end=\"1582\" data-col-size=\"sm\">Noir<\/td>\n<\/tr>\n<\/tbody>\n<\/table>\n<\/div>\n<\/div>\n<p data-start=\"1584\" data-end=\"1813\">Les syst\u00e8mes <strong data-start=\"1597\" data-end=\"1613\">Jiepak JP-C1<\/strong> sont con\u00e7us pour offrir un <strong data-start=\"1641\" data-end=\"1680\">son immersif avec basses renforc\u00e9es<\/strong>, tout en proposant plusieurs options de lecture audio comme Bluetooth, USB ou carte m\u00e9moire.<\/p>\n<hr data-start=\"1815\" data-end=\"1818\" \/>\n<h1 data-section-id=\"6f7tr2\" data-start=\"1820\" data-end=\"1841\">\ud83d\udce6 Contenu du colis<\/h1>\n<ul data-start=\"1843\" data-end=\"1987\">\n<li data-section-id=\"h3gclx\" data-start=\"1843\" data-end=\"1877\">\n<p data-start=\"1845\" data-end=\"1877\">1 \u00d7 <strong data-start=\"1849\" data-end=\"1875\">Subwoofer Jiepak JP-C1<\/strong><\/p>\n<\/li>\n<li data-section-id=\"94bu7z\" data-start=\"1878\" data-end=\"1910\">\n<p data-start=\"1880\" data-end=\"1910\">3 \u00d7 Haut-parleurs satellites<\/p>\n<\/li>\n<li data-section-id=\"1aam6fo\" data-start=\"1911\" data-end=\"1931\">\n<p data-start=\"1913\" data-end=\"1931\">1 \u00d7 T\u00e9l\u00e9commande<\/p>\n<\/li>\n<li data-section-id=\"qk0cxo\" data-start=\"1932\" data-end=\"1958\">\n<p data-start=\"1934\" data-end=\"1958\">1 \u00d7 C\u00e2ble de connexion<\/p>\n<\/li>\n<li data-section-id=\"euolri\" data-start=\"1959\" data-end=\"1987\">\n<p data-start=\"1961\" data-end=\"1987\">1 \u00d7 Manuel d\u2019utilisation<\/p>\n<\/li>\n<\/ul>\n<hr data-start=\"2071\" data-end=\"2074\" \/>\n<p data-start=\"2076\" data-end=\"2217\">\ud83d\udd25 <strong data-start=\"2079\" data-end=\"2146\">Profitez d\u2019un son cin\u00e9ma puissant directement dans votre salon.<\/strong><br data-start=\"2146\" data-end=\"2149\" \/><strong data-start=\"2149\" data-end=\"2210\">Commandez d\u00e8s maintenant votre Jiepak Home Cinema JP-C1 !<\/strong> \ud83d\udd0a\ud83c\udfac\ud83c\udfb6<\/p>\n<\/div>\n<\/div>\n<\/div>\n<\/div>\n<\/div>\n<\/div>\n<\/article>\n<\/div>\n<\/div>\n<\/div>\n<\/div>\n<p><\/main><\/div>\n<\/div>\n<\/div>\n<\/div>\n<\/div>\n","protected":false},"excerpt":{"rendered":"<p>Transformez votre salon en v\u00e9ritable salle de cin\u00e9ma avec le Jiepak Home Cinema 3.1 JP-C1. Ce syst\u00e8me audio offre un son puissant avec basses profondes, id\u00e9al pour regarder des films, \u00e9couter de la musique ou jouer \u00e0 des jeux. Gr\u00e2ce \u00e0 sa configuration 3.1 canaux (3 haut-parleurs + subwoofer), le syst\u00e8me diffuse un son \u00e9quilibr\u00e9&hellip;<\/p>\n","protected":false},"featured_media":16327,"comment_status":"open","ping_status":"closed","template":"","meta":[],"product_cat":[92],"product_tag":[],"class_list":{"0":"post-16325","1":"product","2":"type-product","3":"status-publish","4":"has-post-thumbnail","6":"product_cat-audio","8":"first","9":"instock","10":"sale","11":"shipping-taxable","12":"purchasable","13":"product-type-simple","14":"col-xs-6 col-sm-4","15":"col-md-3 col-lg-3","16":"un-4-cols"},"_links":{"self":[{"href":"https:\/\/www.vazy.market\/index.php\/wp-json\/wp\/v2\/product\/16325","targetHints":{"allow":["GET"]}}],"collection":[{"href":"https:\/\/www.vazy.market\/index.php\/wp-json\/wp\/v2\/product"}],"about":[{"href":"https:\/\/www.vazy.market\/index.php\/wp-json\/wp\/v2\/types\/product"}],"replies":[{"embeddable":true,"href":"https:\/\/www.vazy.market\/index.php\/wp-json\/wp\/v2\/comments?post=16325"}],"wp:featuredmedia":[{"embeddable":true,"href":"https:\/\/www.vazy.market\/index.php\/wp-json\/wp\/v2\/media\/16327"}],"wp:attachment":[{"href":"https:\/\/www.vazy.market\/index.php\/wp-json\/wp\/v2\/media?parent=16325"}],"wp:term":[{"taxonomy":"product_cat","embeddable":true,"href":"https:\/\/www.vazy.market\/index.php\/wp-json\/wp\/v2\/product_cat?post=16325"},{"taxonomy":"product_tag","embeddable":true,"href":"https:\/\/www.vazy.market\/index.php\/wp-json\/wp\/v2\/product_tag?post=16325"}],"curies":[{"name":"wp","href":"https:\/\/api.w.org\/{rel}","templated":true}]}}