{"id":16320,"date":"2026-03-10T16:34:32","date_gmt":"2026-03-10T16:34:32","guid":{"rendered":"https:\/\/www.vazy.market\/?post_type=product&#038;p=16320"},"modified":"2026-03-29T17:43:53","modified_gmt":"2026-03-29T17:43:53","slug":"ventilateur-industriel-sur-pied-22-pouces-powerful-electric-air-cooled-fan-22-inch","status":"publish","type":"product","link":"https:\/\/www.vazy.market\/index.php\/product\/ventilateur-industriel-sur-pied-22-pouces-powerful-electric-air-cooled-fan-22-inch\/","title":{"rendered":"Ventilateur Industriel sur Pied 22 pouces- Powerful Electric Air-cooled Fan 22 Inch"},"content":{"rendered":"<div class=\"flex flex-col text-sm pb-25\">\n<article class=\"text-token-text-primary w-full focus:outline-none [--shadow-height:45px] has-data-writing-block:pointer-events-none has-data-writing-block:-mt-(--shadow-height) has-data-writing-block:pt-(--shadow-height) [&amp;:has([data-writing-block])&gt;*]:pointer-events-auto scroll-mt-[calc(var(--header-height)+min(200px,max(70px,20svh)))]\" dir=\"auto\" tabindex=\"-1\" data-turn-id=\"request-69add934-1d50-8332-91d7-d97a2ee2331f-1\" data-testid=\"conversation-turn-64\" data-scroll-anchor=\"true\" data-turn=\"assistant\">\n<div class=\"text-base my-auto mx-auto pb-10 [--thread-content-margin:var(--thread-content-margin-xs,calc(var(--spacing)*4))] @w-sm\/main:[--thread-content-margin:var(--thread-content-margin-sm,calc(var(--spacing)*6))] @w-lg\/main:[--thread-content-margin:var(--thread-content-margin-lg,calc(var(--spacing)*16))] px-(--thread-content-margin)\">\n<div class=\"[--thread-content-max-width:40rem] @w-lg\/main:[--thread-content-max-width:48rem] mx-auto max-w-(--thread-content-max-width) flex-1 group\/turn-messages focus-visible:outline-hidden relative flex w-full min-w-0 flex-col agent-turn\" tabindex=\"-1\">\n<div class=\"flex max-w-full flex-col gap-4 grow\">\n<div class=\"min-h-8 text-message relative flex w-full flex-col items-end gap-2 text-start break-words whitespace-normal [.text-message+&amp;]:mt-1\" dir=\"auto\" data-message-author-role=\"assistant\" data-message-id=\"4eb3b456-2df5-4154-93dd-239cead73d87\" data-message-model-slug=\"gpt-5-3\">\n<div class=\"flex w-full flex-col gap-1 empty:hidden\">\n<div class=\"markdown prose dark:prose-invert w-full wrap-break-word light markdown-new-styling\">\n<p data-start=\"87\" data-end=\"413\">Restez au frais m\u00eame pendant les fortes chaleurs gr\u00e2ce au <strong data-start=\"145\" data-end=\"189\">Powerful Electric Air-cooled Fan 22 Inch<\/strong>, un ventilateur puissant con\u00e7u pour offrir une <strong data-start=\"237\" data-end=\"301\">circulation d\u2019air rapide et efficace dans les grands espaces<\/strong>. Son <strong data-start=\"307\" data-end=\"332\">diam\u00e8tre de 22 pouces<\/strong> permet de g\u00e9n\u00e9rer un flux d\u2019air important pour rafra\u00eechir rapidement les pi\u00e8ces.<\/p>\n<p data-start=\"415\" data-end=\"759\">Ce ventilateur est id\u00e9al pour <strong data-start=\"445\" data-end=\"500\">maisons, bureaux, commerces, ateliers ou \u00e9v\u00e9nements<\/strong>, gr\u00e2ce \u00e0 son <strong data-start=\"514\" data-end=\"556\">moteur puissant et sa structure stable<\/strong>. Les ventilateurs industriels de 22 pouces sont souvent utilis\u00e9s pour la ventilation des espaces domestiques et professionnels en raison de leur fort d\u00e9bit d\u2019air.<\/p>\n<p data-start=\"761\" data-end=\"892\">Sa <strong data-start=\"764\" data-end=\"827\">hauteur r\u00e9glable et ses diff\u00e9rentes vitesses de ventilation<\/strong> permettent d\u2019adapter facilement le flux d\u2019air selon vos besoins.<\/p>\n<hr data-start=\"894\" data-end=\"897\" \/>\n<h1 data-section-id=\"gug16d\" data-start=\"899\" data-end=\"915\">\u2b50 Points forts<\/h1>\n<p data-start=\"917\" data-end=\"1239\">\u2714 \ud83c\udf2c\ufe0f <strong data-start=\"923\" data-end=\"972\">Ventilation puissante avec diam\u00e8tre 22 pouces<\/strong><br data-start=\"972\" data-end=\"975\" \/>\u2714 \u2699\ufe0f <strong data-start=\"980\" data-end=\"1019\">3 vitesses de ventilation r\u00e9glables<\/strong><br data-start=\"1019\" data-end=\"1022\" \/>\u2714 \ud83d\udd27 <strong data-start=\"1027\" data-end=\"1077\">Hauteur r\u00e9glable pour diriger l\u2019air facilement<\/strong><br data-start=\"1077\" data-end=\"1080\" \/>\u2714 \u26a1 <strong data-start=\"1084\" data-end=\"1133\">Moteur performant pour refroidissement rapide<\/strong><br data-start=\"1133\" data-end=\"1136\" \/>\u2714 \ud83d\udd12 <strong data-start=\"1141\" data-end=\"1187\">Grille de protection pour plus de s\u00e9curit\u00e9<\/strong><br data-start=\"1187\" data-end=\"1190\" \/>\u2714 \ud83c\udfe0 <strong data-start=\"1195\" data-end=\"1239\">Convient pour maison, bureau ou commerce<\/strong><\/p>\n<hr data-start=\"1241\" data-end=\"1244\" \/>\n<h1 data-section-id=\"8hjtvv\" data-start=\"1246\" data-end=\"1261\">\ud83c\udfe0 Id\u00e9al pour<\/h1>\n<ul data-start=\"1263\" data-end=\"1392\">\n<li data-section-id=\"1b2qswk\" data-start=\"1263\" data-end=\"1285\">\n<p data-start=\"1265\" data-end=\"1285\">Salons et chambres<\/p>\n<\/li>\n<li data-section-id=\"1n8txyz\" data-start=\"1286\" data-end=\"1310\">\n<p data-start=\"1288\" data-end=\"1310\">Bureaux et commerces<\/p>\n<\/li>\n<li data-section-id=\"1j33fho\" data-start=\"1311\" data-end=\"1334\">\n<p data-start=\"1313\" data-end=\"1334\">Ateliers et garages<\/p>\n<\/li>\n<li data-section-id=\"1aktmgu\" data-start=\"1335\" data-end=\"1360\">\n<p data-start=\"1337\" data-end=\"1360\">Restaurants ou h\u00f4tels<\/p>\n<\/li>\n<li data-section-id=\"p94u23\" data-start=\"1361\" data-end=\"1392\">\n<p data-start=\"1363\" data-end=\"1392\">\u00c9v\u00e9nements et espaces ouverts<\/p>\n<\/li>\n<\/ul>\n<hr data-start=\"1394\" data-end=\"1397\" \/>\n<h1 data-section-id=\"1gx1fos\" data-start=\"1399\" data-end=\"1419\">\ud83d\udcca Fiche Technique<\/h1>\n<div class=\"TyagGW_tableContainer\">\n<div class=\"group TyagGW_tableWrapper flex flex-col-reverse w-fit\" tabindex=\"-1\">\n<table class=\"w-fit min-w-(--thread-content-width)\" data-start=\"1421\" data-end=\"1834\">\n<thead data-start=\"1421\" data-end=\"1450\">\n<tr data-start=\"1421\" data-end=\"1450\">\n<th class=\"\" data-start=\"1421\" data-end=\"1439\" data-col-size=\"sm\">Caract\u00e9ristique<\/th>\n<th class=\"\" data-start=\"1439\" data-end=\"1450\" data-col-size=\"sm\">D\u00e9tails<\/th>\n<\/tr>\n<\/thead>\n<tbody data-start=\"1461\" data-end=\"1834\">\n<tr data-start=\"1461\" data-end=\"1526\">\n<td data-start=\"1461\" data-end=\"1478\" data-col-size=\"sm\">Nom du produit<\/td>\n<td data-start=\"1478\" data-end=\"1526\" data-col-size=\"sm\"><strong data-start=\"1480\" data-end=\"1524\">Powerful Electric Air-cooled Fan 22 Inch<\/strong><\/td>\n<\/tr>\n<tr data-start=\"1527\" data-end=\"1569\">\n<td data-start=\"1527\" data-end=\"1534\" data-col-size=\"sm\">Type<\/td>\n<td data-start=\"1534\" data-end=\"1569\" data-col-size=\"sm\">Ventilateur industriel sur pied<\/td>\n<\/tr>\n<tr data-start=\"1570\" data-end=\"1598\">\n<td data-start=\"1570\" data-end=\"1581\" data-col-size=\"sm\">Diam\u00e8tre<\/td>\n<td data-start=\"1581\" data-end=\"1598\" data-col-size=\"sm\"><strong data-start=\"1583\" data-end=\"1596\">22 pouces<\/strong><\/td>\n<\/tr>\n<tr data-start=\"1599\" data-end=\"1632\">\n<td data-start=\"1599\" data-end=\"1618\" data-col-size=\"sm\">Source d\u2019\u00e9nergie<\/td>\n<td data-start=\"1618\" data-end=\"1632\" data-col-size=\"sm\">\u00c9lectrique<\/td>\n<\/tr>\n<tr data-start=\"1633\" data-end=\"1672\">\n<td data-start=\"1633\" data-end=\"1644\" data-col-size=\"sm\">Vitesses<\/td>\n<td data-start=\"1644\" data-end=\"1672\" data-col-size=\"sm\"><strong data-start=\"1646\" data-end=\"1670\">3 niveaux de vitesse<\/strong><\/td>\n<\/tr>\n<tr data-start=\"1673\" data-end=\"1696\">\n<td data-start=\"1673\" data-end=\"1691\" data-col-size=\"sm\">Nombre de pales<\/td>\n<td data-col-size=\"sm\" data-start=\"1691\" data-end=\"1696\">3<\/td>\n<\/tr>\n<tr data-start=\"1697\" data-end=\"1729\">\n<td data-start=\"1697\" data-end=\"1708\" data-col-size=\"sm\">Mat\u00e9riau<\/td>\n<td data-start=\"1708\" data-end=\"1729\" data-col-size=\"sm\">M\u00e9tal + plastique<\/td>\n<\/tr>\n<tr data-start=\"1730\" data-end=\"1755\">\n<td data-start=\"1730\" data-end=\"1748\" data-col-size=\"sm\">R\u00e9glage hauteur<\/td>\n<td data-start=\"1748\" data-end=\"1755\" data-col-size=\"sm\">Oui<\/td>\n<\/tr>\n<tr data-start=\"1756\" data-end=\"1791\">\n<td data-start=\"1756\" data-end=\"1769\" data-col-size=\"sm\">Protection<\/td>\n<td data-start=\"1769\" data-end=\"1791\" data-col-size=\"sm\">Grille de s\u00e9curit\u00e9<\/td>\n<\/tr>\n<tr data-start=\"1792\" data-end=\"1834\">\n<td data-start=\"1792\" data-end=\"1806\" data-col-size=\"sm\">Utilisation<\/td>\n<td data-start=\"1806\" data-end=\"1834\" data-col-size=\"sm\">Maison, bureau, commerce<\/td>\n<\/tr>\n<\/tbody>\n<\/table>\n<\/div>\n<\/div>\n<hr data-start=\"1836\" data-end=\"1839\" \/>\n<h1 data-section-id=\"6f7tr2\" data-start=\"1841\" data-end=\"1862\">\ud83d\udce6 Contenu du colis<\/h1>\n<ul data-start=\"1864\" data-end=\"2001\">\n<li data-section-id=\"1kyx5n5\" data-start=\"1864\" data-end=\"1916\">\n<p data-start=\"1866\" data-end=\"1916\">1 \u00d7 <strong data-start=\"1870\" data-end=\"1914\">Powerful Electric Air-cooled Fan 22 Inch<\/strong><\/p>\n<\/li>\n<li data-section-id=\"sp5y7\" data-start=\"1917\" data-end=\"1949\">\n<p data-start=\"1919\" data-end=\"1949\">1 \u00d7 Base et support r\u00e9glable<\/p>\n<\/li>\n<li data-section-id=\"au1zlu\" data-start=\"1950\" data-end=\"1972\">\n<p data-start=\"1952\" data-end=\"1972\">1 \u00d7 Kit de montage<\/p>\n<\/li>\n<li data-section-id=\"euolri\" data-start=\"1973\" data-end=\"2001\">\n<p data-start=\"1975\" data-end=\"2001\">1 \u00d7 Manuel d\u2019utilisation<\/p>\n<\/li>\n<\/ul>\n<hr data-start=\"2095\" data-end=\"2098\" \/>\n<p data-start=\"2100\" data-end=\"2266\">\ud83d\udd25 <strong data-start=\"2103\" data-end=\"2182\">Un ventilateur puissant et fiable pour rafra\u00eechir efficacement vos espaces.<\/strong><br data-start=\"2182\" data-end=\"2185\" \/><strong data-start=\"2185\" data-end=\"2262\">Commandez d\u00e8s maintenant votre Powerful Electric Air-cooled Fan 22 Inch !<\/strong><\/p>\n<\/div>\n<\/div>\n<\/div>\n<\/div>\n<div class=\"z-0 flex min-h-[46px] justify-start\"><\/div>\n<div class=\"mt-3 w-full empty:hidden\">\n<div class=\"text-center\"><\/div>\n<\/div>\n<\/div>\n<\/div>\n<\/article>\n<\/div>\n<div class=\"pointer-events-none h-px w-px absolute bottom-0\" aria-hidden=\"true\" data-edge=\"true\"><\/div>\n","protected":false},"excerpt":{"rendered":"<p>Restez au frais m\u00eame pendant les fortes chaleurs gr\u00e2ce au Powerful Electric Air-cooled Fan 22 Inch, un ventilateur puissant con\u00e7u pour offrir une circulation d\u2019air rapide et efficace dans les grands espaces. Son diam\u00e8tre de 22 pouces permet de g\u00e9n\u00e9rer un flux d\u2019air important pour rafra\u00eechir rapidement les pi\u00e8ces. Ce ventilateur est id\u00e9al pour maisons,&hellip;<\/p>\n","protected":false},"featured_media":16322,"comment_status":"open","ping_status":"closed","template":"","meta":[],"product_cat":[100,126],"product_tag":[],"class_list":{"0":"post-16320","1":"product","2":"type-product","3":"status-publish","4":"has-post-thumbnail","6":"product_cat-electromenager","7":"product_cat-ventilateurs","9":"first","10":"instock","11":"sale","12":"shipping-taxable","13":"purchasable","14":"product-type-simple","15":"col-xs-6 col-sm-4","16":"col-md-3 col-lg-3","17":"un-4-cols"},"_links":{"self":[{"href":"https:\/\/www.vazy.market\/index.php\/wp-json\/wp\/v2\/product\/16320","targetHints":{"allow":["GET"]}}],"collection":[{"href":"https:\/\/www.vazy.market\/index.php\/wp-json\/wp\/v2\/product"}],"about":[{"href":"https:\/\/www.vazy.market\/index.php\/wp-json\/wp\/v2\/types\/product"}],"replies":[{"embeddable":true,"href":"https:\/\/www.vazy.market\/index.php\/wp-json\/wp\/v2\/comments?post=16320"}],"wp:featuredmedia":[{"embeddable":true,"href":"https:\/\/www.vazy.market\/index.php\/wp-json\/wp\/v2\/media\/16322"}],"wp:attachment":[{"href":"https:\/\/www.vazy.market\/index.php\/wp-json\/wp\/v2\/media?parent=16320"}],"wp:term":[{"taxonomy":"product_cat","embeddable":true,"href":"https:\/\/www.vazy.market\/index.php\/wp-json\/wp\/v2\/product_cat?post=16320"},{"taxonomy":"product_tag","embeddable":true,"href":"https:\/\/www.vazy.market\/index.php\/wp-json\/wp\/v2\/product_tag?post=16320"}],"curies":[{"name":"wp","href":"https:\/\/api.w.org\/{rel}","templated":true}]}}