{"id":16315,"date":"2026-03-10T16:26:52","date_gmt":"2026-03-10T16:26:52","guid":{"rendered":"https:\/\/www.vazy.market\/?post_type=product&#038;p=16315"},"modified":"2026-03-29T17:43:53","modified_gmt":"2026-03-29T17:43:53","slug":"ventilateur-carre-de-bureau-changli-crown-square-desk-fan","status":"publish","type":"product","link":"https:\/\/www.vazy.market\/index.php\/product\/ventilateur-carre-de-bureau-changli-crown-square-desk-fan\/","title":{"rendered":"Ventilateur Carr\u00e9 de Bureau &#8211; Changli Crown Square Desk Fan"},"content":{"rendered":"<div class=\"flex h-svh w-screen flex-col\">\n<div class=\"relative z-0 flex min-h-0 w-full flex-1\">\n<div class=\"relative flex min-h-0 w-full flex-1\">\n<div class=\"@container\/main relative flex min-w-0 flex-1 flex-col -translate-y-[calc(env(safe-area-inset-bottom,0px)\/2)] pt-[calc(env(safe-area-inset-bottom,0px)\/2)]\">\n<div class=\"@w-sm\/main:[scrollbar-gutter:stable_both-edges] touch:[scrollbar-width:none] relative flex min-h-0 min-w-0 flex-1 flex-col [scrollbar-gutter:stable] not-print:overflow-x-clip not-print:overflow-y-auto scroll-pt-(--header-height) [--sticky-padding-top:var(--header-height)] has-data-[fixed-header=less-than-xl]:@w-xl\/main:scroll-pt-0 has-data-[fixed-header=less-than-xl]:@w-xl\/main:[--sticky-padding-top:0px] has-data-[fixed-header=less-than-xxl]:@w-2xl\/main:scroll-pt-0 has-data-[fixed-header=less-than-xxl]:@w-2xl\/main:[--sticky-padding-top:0px]\" data-scroll-root=\"\"><main id=\"main\" class=\"min-h-0 flex-1\"><\/p>\n<div id=\"thread\" class=\"group\/thread flex flex-col min-h-full\">\n<div class=\"composer-parent flex flex-1 flex-col focus-visible:outline-0\" role=\"presentation\">\n<div class=\"relative basis-auto flex-col -mb-(--composer-overlap-px) [--composer-overlap-px:28px] grow flex\">\n<div class=\"flex flex-col text-sm pb-25\">\n<article class=\"text-token-text-primary w-full focus:outline-none [--shadow-height:45px] has-data-writing-block:pointer-events-none has-data-writing-block:-mt-(--shadow-height) has-data-writing-block:pt-(--shadow-height) [&amp;:has([data-writing-block])&gt;*]:pointer-events-auto scroll-mt-[calc(var(--header-height)+min(200px,max(70px,20svh)))]\" dir=\"auto\" tabindex=\"-1\" data-turn-id=\"9f488456-d70b-4940-b5e6-276edb0edc29\" data-testid=\"conversation-turn-60\" data-scroll-anchor=\"true\" data-turn=\"assistant\">\n<div class=\"text-base my-auto mx-auto pb-10 [--thread-content-margin:var(--thread-content-margin-xs,calc(var(--spacing)*4))] @w-sm\/main:[--thread-content-margin:var(--thread-content-margin-sm,calc(var(--spacing)*6))] @w-lg\/main:[--thread-content-margin:var(--thread-content-margin-lg,calc(var(--spacing)*16))] px-(--thread-content-margin)\">\n<div class=\"[--thread-content-max-width:40rem] @w-lg\/main:[--thread-content-max-width:48rem] mx-auto max-w-(--thread-content-max-width) flex-1 group\/turn-messages focus-visible:outline-hidden relative flex w-full min-w-0 flex-col agent-turn\" tabindex=\"-1\">\n<div class=\"flex max-w-full flex-col gap-4 grow\">\n<div class=\"min-h-8 text-message relative flex w-full flex-col items-end gap-2 text-start break-words whitespace-normal [.text-message+&amp;]:mt-1\" dir=\"auto\" data-message-author-role=\"assistant\" data-message-id=\"f8652ec4-0d10-47a9-9057-79bbb3edfa7e\" data-message-model-slug=\"gpt-5-3\">\n<div class=\"flex w-full flex-col gap-1 empty:hidden\">\n<div class=\"markdown prose dark:prose-invert w-full wrap-break-word light markdown-new-styling\">\n<p data-start=\"72\" data-end=\"350\">Profitez d\u2019un <strong data-start=\"86\" data-end=\"129\">air frais et d\u2019une ventilation efficace<\/strong> avec le <strong data-start=\"138\" data-end=\"171\">Changli Crown Square Desk Fan<\/strong>, un ventilateur compact con\u00e7u pour les <strong data-start=\"211\" data-end=\"250\">bureaux, chambres et petits espaces<\/strong>. Son design carr\u00e9 moderne permet une <strong data-start=\"288\" data-end=\"349\">circulation d\u2019air puissante tout en occupant peu d\u2019espace<\/strong>.<\/p>\n<p data-start=\"352\" data-end=\"671\">Gr\u00e2ce \u00e0 ses <strong data-start=\"364\" data-end=\"396\">plusieurs vitesses r\u00e9glables<\/strong>, vous pouvez ajuster facilement la puissance du ventilateur selon vos besoins. Les ventilateurs carr\u00e9s de bureau sont con\u00e7us pour offrir <strong data-start=\"534\" data-end=\"596\">un flux d\u2019air puissant et constant dans les petits espaces<\/strong> comme les bureaux ou les chambres.<\/p>\n<p data-start=\"673\" data-end=\"812\">Sa <strong data-start=\"676\" data-end=\"715\">structure stable avec pieds solides<\/strong> et sa <strong data-start=\"722\" data-end=\"756\">grille de protection s\u00e9curis\u00e9e<\/strong> assurent une utilisation pratique et s\u00fbre au quotidien.<\/p>\n<hr data-start=\"814\" data-end=\"817\" \/>\n<h1 data-section-id=\"gug16d\" data-start=\"819\" data-end=\"835\">\u2b50 Points forts<\/h1>\n<p data-start=\"837\" data-end=\"1143\">\u2714 \ud83c\udf2c\ufe0f <strong data-start=\"843\" data-end=\"899\">Ventilation puissante pour un refroidissement rapide<\/strong><br data-start=\"899\" data-end=\"902\" \/>\u2714 \u2699\ufe0f <strong data-start=\"907\" data-end=\"939\">Plusieurs vitesses r\u00e9glables<\/strong><br data-start=\"939\" data-end=\"942\" \/>\u2714 \ud83e\uddf3 <strong data-start=\"947\" data-end=\"994\">Design compact id\u00e9al pour bureau ou chambre<\/strong><br data-start=\"994\" data-end=\"997\" \/>\u2714 \ud83d\udd12 <strong data-start=\"1002\" data-end=\"1048\">Grille de protection pour plus de s\u00e9curit\u00e9<\/strong><br data-start=\"1048\" data-end=\"1051\" \/>\u2714 \ud83c\udfe0 <strong data-start=\"1056\" data-end=\"1103\">Utilisation facile \u00e0 la maison ou au bureau<\/strong><br data-start=\"1103\" data-end=\"1106\" \/>\u2714 \u26a1 <strong data-start=\"1110\" data-end=\"1143\">Faible consommation d\u2019\u00e9nergie<\/strong><\/p>\n<hr data-start=\"1145\" data-end=\"1148\" \/>\n<h1 data-section-id=\"8hjtvv\" data-start=\"1150\" data-end=\"1165\">\ud83c\udfe0 Id\u00e9al pour<\/h1>\n<ul data-start=\"1167\" data-end=\"1291\">\n<li data-section-id=\"1vfoawj\" data-start=\"1167\" data-end=\"1198\">\n<p data-start=\"1169\" data-end=\"1198\">Bureau ou espace de travail<\/p>\n<\/li>\n<li data-section-id=\"kh3ven\" data-start=\"1199\" data-end=\"1220\">\n<p data-start=\"1201\" data-end=\"1220\">Chambre \u00e0 coucher<\/p>\n<\/li>\n<li data-section-id=\"1sq0m2f\" data-start=\"1221\" data-end=\"1230\">\n<p data-start=\"1223\" data-end=\"1230\">Salon<\/p>\n<\/li>\n<li data-section-id=\"1q4d7pa\" data-start=\"1231\" data-end=\"1263\">\n<p data-start=\"1233\" data-end=\"1263\">Magasins ou petits commerces<\/p>\n<\/li>\n<li data-section-id=\"94uf7a\" data-start=\"1264\" data-end=\"1291\">\n<p data-start=\"1266\" data-end=\"1291\">\u00c9tudiants et appartements<\/p>\n<\/li>\n<\/ul>\n<hr data-start=\"1293\" data-end=\"1296\" \/>\n<h1 data-section-id=\"1gx1fos\" data-start=\"1298\" data-end=\"1318\">\ud83d\udcca Fiche Technique<\/h1>\n<div class=\"TyagGW_tableContainer\">\n<div class=\"group TyagGW_tableWrapper flex flex-col-reverse w-fit\" tabindex=\"-1\">\n<table class=\"w-fit min-w-(--thread-content-width)\" data-start=\"1320\" data-end=\"1703\">\n<thead data-start=\"1320\" data-end=\"1349\">\n<tr data-start=\"1320\" data-end=\"1349\">\n<th class=\"\" data-start=\"1320\" data-end=\"1338\" data-col-size=\"sm\">Caract\u00e9ristique<\/th>\n<th class=\"\" data-start=\"1338\" data-end=\"1349\" data-col-size=\"sm\">D\u00e9tails<\/th>\n<\/tr>\n<\/thead>\n<tbody data-start=\"1360\" data-end=\"1703\">\n<tr data-start=\"1360\" data-end=\"1386\">\n<td data-start=\"1360\" data-end=\"1369\" data-col-size=\"sm\">Marque<\/td>\n<td data-start=\"1369\" data-end=\"1386\" data-col-size=\"sm\">Changli Crown<\/td>\n<\/tr>\n<tr data-start=\"1387\" data-end=\"1425\">\n<td data-start=\"1387\" data-end=\"1394\" data-col-size=\"sm\">Type<\/td>\n<td data-start=\"1394\" data-end=\"1425\" data-col-size=\"sm\">Ventilateur carr\u00e9 de bureau<\/td>\n<\/tr>\n<tr data-start=\"1426\" data-end=\"1465\">\n<td data-start=\"1426\" data-end=\"1451\" data-col-size=\"sm\">Mode de fonctionnement<\/td>\n<td data-start=\"1451\" data-end=\"1465\" data-col-size=\"sm\">\u00c9lectrique<\/td>\n<\/tr>\n<tr data-start=\"1466\" data-end=\"1501\">\n<td data-start=\"1466\" data-end=\"1477\" data-col-size=\"sm\">Vitesses<\/td>\n<td data-start=\"1477\" data-end=\"1501\" data-col-size=\"sm\">3 niveaux de vitesse<\/td>\n<\/tr>\n<tr data-start=\"1502\" data-end=\"1555\">\n<td data-start=\"1502\" data-end=\"1514\" data-col-size=\"sm\">Structure<\/td>\n<td data-start=\"1514\" data-end=\"1555\" data-col-size=\"sm\">Bo\u00eetier carr\u00e9 avec grille de s\u00e9curit\u00e9<\/td>\n<\/tr>\n<tr data-start=\"1556\" data-end=\"1598\">\n<td data-start=\"1556\" data-end=\"1571\" data-col-size=\"sm\">Installation<\/td>\n<td data-start=\"1571\" data-end=\"1598\" data-col-size=\"sm\">Support au sol \/ bureau<\/td>\n<\/tr>\n<tr data-start=\"1599\" data-end=\"1652\">\n<td data-start=\"1599\" data-end=\"1610\" data-col-size=\"sm\">Mat\u00e9riau<\/td>\n<td data-start=\"1610\" data-end=\"1652\" data-col-size=\"sm\">Plastique ABS + composants m\u00e9talliques<\/td>\n<\/tr>\n<tr data-start=\"1653\" data-end=\"1684\">\n<td data-start=\"1653\" data-end=\"1668\" data-col-size=\"sm\">Alimentation<\/td>\n<td data-start=\"1668\" data-end=\"1684\" data-col-size=\"sm\">Secteur (AC)<\/td>\n<\/tr>\n<tr data-start=\"1685\" data-end=\"1703\">\n<td data-start=\"1685\" data-end=\"1695\" data-col-size=\"sm\">Couleur<\/td>\n<td data-start=\"1695\" data-end=\"1703\" data-col-size=\"sm\">Gris<\/td>\n<\/tr>\n<\/tbody>\n<\/table>\n<\/div>\n<\/div>\n<hr data-start=\"1705\" data-end=\"1708\" \/>\n<h1 data-section-id=\"6f7tr2\" data-start=\"1710\" data-end=\"1731\">\ud83d\udce6 Contenu du colis<\/h1>\n<ul data-start=\"1733\" data-end=\"1832\">\n<li data-section-id=\"grba8u\" data-start=\"1733\" data-end=\"1774\">\n<p data-start=\"1735\" data-end=\"1774\">1 \u00d7 <strong data-start=\"1739\" data-end=\"1772\">Changli Crown Square Desk Fan<\/strong><\/p>\n<\/li>\n<li data-section-id=\"ax7c2a\" data-start=\"1775\" data-end=\"1803\">\n<p data-start=\"1777\" data-end=\"1803\">1 \u00d7 C\u00e2ble d\u2019alimentation<\/p>\n<\/li>\n<li data-section-id=\"euolri\" data-start=\"1804\" data-end=\"1832\">\n<p data-start=\"1806\" data-end=\"1832\">1 \u00d7 Manuel d\u2019utilisation<\/p>\n<\/li>\n<\/ul>\n<hr data-start=\"1915\" data-end=\"1918\" \/>\n<p data-start=\"1920\" data-end=\"2082\">\ud83d\udd25 <strong data-start=\"1923\" data-end=\"2009\">Un ventilateur pratique et puissant pour rester au frais au bureau ou \u00e0 la maison.<\/strong><br data-start=\"2009\" data-end=\"2012\" \/><strong data-start=\"2012\" data-end=\"2078\">Commandez d\u00e8s maintenant votre Changli Crown Square Desk Fan !<\/strong><\/p>\n<\/div>\n<\/div>\n<\/div>\n<\/div>\n<\/div>\n<\/div>\n<\/article>\n<\/div>\n<\/div>\n<\/div>\n<\/div>\n<p><\/main><\/div>\n<\/div>\n<\/div>\n<\/div>\n<\/div>\n","protected":false},"excerpt":{"rendered":"<p>Profitez d\u2019un air frais et d\u2019une ventilation efficace avec le Changli Crown Square Desk Fan, un ventilateur compact con\u00e7u pour les bureaux, chambres et petits espaces. Son design carr\u00e9 moderne permet une circulation d\u2019air puissante tout en occupant peu d\u2019espace. Gr\u00e2ce \u00e0 ses plusieurs vitesses r\u00e9glables, vous pouvez ajuster facilement la puissance du ventilateur selon&hellip;<\/p>\n","protected":false},"featured_media":16317,"comment_status":"open","ping_status":"closed","template":"","meta":[],"product_cat":[100,126],"product_tag":[],"class_list":{"0":"post-16315","1":"product","2":"type-product","3":"status-publish","4":"has-post-thumbnail","6":"product_cat-electromenager","7":"product_cat-ventilateurs","9":"first","10":"instock","11":"sale","12":"shipping-taxable","13":"purchasable","14":"product-type-simple","15":"col-xs-6 col-sm-4","16":"col-md-3 col-lg-3","17":"un-4-cols"},"_links":{"self":[{"href":"https:\/\/www.vazy.market\/index.php\/wp-json\/wp\/v2\/product\/16315","targetHints":{"allow":["GET"]}}],"collection":[{"href":"https:\/\/www.vazy.market\/index.php\/wp-json\/wp\/v2\/product"}],"about":[{"href":"https:\/\/www.vazy.market\/index.php\/wp-json\/wp\/v2\/types\/product"}],"replies":[{"embeddable":true,"href":"https:\/\/www.vazy.market\/index.php\/wp-json\/wp\/v2\/comments?post=16315"}],"wp:featuredmedia":[{"embeddable":true,"href":"https:\/\/www.vazy.market\/index.php\/wp-json\/wp\/v2\/media\/16317"}],"wp:attachment":[{"href":"https:\/\/www.vazy.market\/index.php\/wp-json\/wp\/v2\/media?parent=16315"}],"wp:term":[{"taxonomy":"product_cat","embeddable":true,"href":"https:\/\/www.vazy.market\/index.php\/wp-json\/wp\/v2\/product_cat?post=16315"},{"taxonomy":"product_tag","embeddable":true,"href":"https:\/\/www.vazy.market\/index.php\/wp-json\/wp\/v2\/product_tag?post=16315"}],"curies":[{"name":"wp","href":"https:\/\/api.w.org\/{rel}","templated":true}]}}